{"id":2996,"date":"2025-09-16T08:55:53","date_gmt":"2025-09-16T08:55:53","guid":{"rendered":"https:\/\/chemsfine.com\/newsite\/?post_type=product&#038;p=2996"},"modified":"2025-09-25T07:26:18","modified_gmt":"2025-09-25T07:26:18","slug":"comprar-percocet-online","status":"publish","type":"product","link":"https:\/\/buy-prescriptionz.com\/pt_pt\/produto\/comprar-percocet-online\/","title":{"rendered":"Comprar Percocet Online"},"content":{"rendered":"<h2>COMPRAR PERCOCET ONLINE<\/h2>\n<p>O Percocet tamb\u00e9m conhecido como oxicodona e acetaminofeno \u00e9 um forte narc\u00f3tico analg\u00e9sico e supressor de tosse semelhante \u00e0 morfina, code\u00edna e hidrocodona. \u00c9 utilizado para tratar dores moderadas a severas, dores de cabe\u00e7a, enxaquecas, etc. \u00c9 um analg\u00e9sico que \u00e9 um peda\u00e7o de um grupo de medicamentos conhecidos como narc\u00f3ticos. Apesar de alguns serem determinados normalmente, por exemplo, hero\u00edna ou morfina, outros s\u00e3o combinados num laborat\u00f3rio, incluindo a hidrocodona e a oxicodona. \u00c9 a marca de um medicamento que mistura oxicodona e acetaminofen, o nome convencional para medicamentos, por exemplo, Tylenol.<br \/>\nPercocet pode colaborar com outros medicamentos opi\u00e1ceos tormentosos, narc\u00f3ticos, sedativos, p\u00edlulas para adormecer, relaxantes musculares, diferentes prescri\u00e7\u00f5es que podem deix\u00e1-lo let\u00e1rgico ou moderar a respira\u00e7\u00e3o, glicopirrolato, mepenzolato, atropina, benztropina, dimenidrinato, metescopolamina, escopolamina, medicamentos para a bexiga ou urin\u00e1ria, broncodilatadores ou medicamentos para fracturas internas. Estes opi\u00e1ceos t\u00eam a estrutura celular equivalente. Os narc\u00f3ticos, por exemplo, fixam o Percocet aos receptores narc\u00f3ticos no c\u00e9rebro. Eles podem fazer uma sensa\u00e7\u00e3o de \u00eaxtase e tormento entorpecido, mas tamb\u00e9m podem moderar o relaxamento.<\/p>\n<h3>Comprar Percocet Online<\/h3>\n<p>Percocet \u00e9 um medicamento sujeito a receita m\u00e9dica que combina dois ingredientes ativos: a oxicodona, um analg\u00e9sico opi\u00f3ide, e o paracetamol, um analg\u00e9sico n\u00e3o opi\u00f3ide. \u00c9 utilizado principalmente para tratar dores moderadas a intensas que n\u00e3o podem ser controladas por outros analg\u00e9sicos. Aqui est\u00e1 uma vis\u00e3o geral do Percocet e dos seus benef\u00edcios:<\/p>\n<ul>\n<li>Composi\u00e7\u00e3o: o melhor Percocet cont\u00e9m oxicodona, que altera a forma como o c\u00e9rebro perceciona a dor, e paracetamol, que aumenta os efeitos analg\u00e9sicos da oxicodona e pode reduzir a febre.<\/li>\n<li>Formas: Est\u00e1 dispon\u00edvel em comprimidos com diferentes dosagens de oxicodona e paracetamol.<\/li>\n<li>Utiliza\u00e7\u00e3o: Percocet \u00e9 prescrito para o al\u00edvio a curto prazo de dores agudas, tais como dor ap\u00f3s cirurgia, les\u00e3o ou dor muscular intensa. Normalmente, n\u00e3o est\u00e1 indicado para uso a longo prazo devido ao risco de depend\u00eancia e aos potenciais efeitos secund\u00e1rios.<\/li>\n<\/ul>\n<h3>Benef\u00edcios<\/h3>\n<ol>\n<li>Al\u00edvio eficaz da dor: a combina\u00e7\u00e3o de oxicodona e paracetamol torna o Percocet altamente eficaz no controlo da dor que outros medicamentos podem n\u00e3o controlar adequadamente.<\/li>\n<li>A\u00e7\u00e3o dupla: ao combinar um opi\u00f3ide com um analg\u00e9sico n\u00e3o opi\u00f3ide, o Percocet proporciona um mecanismo duplo para o al\u00edvio da dor, que pode ser mais eficaz do que a utiliza\u00e7\u00e3o de qualquer um dos componentes isoladamente.<\/li>\n<li>Melhoria da qualidade de vida: o controlo eficaz da dor com hidrocodona pode levar a melhorias significativas na qualidade de vida do doente, permitindo uma maior funcionalidade e conforto nas atividades di\u00e1rias.<\/li>\n<li>Utiliza\u00e7\u00e3o a curto prazo: Para epis\u00f3dios de dor aguda, Percocet \u00e9 uma op\u00e7\u00e3o valiosa que pode proporcionar um al\u00edvio r\u00e1pido, ajudando os doentes a recuperar mais confortavelmente durante per\u00edodos cr\u00edticos de dor.<\/li>\n<\/ol>\n<p>Percocet \u00e9 um medicamento potente para o tratamento da dor moderada a intensa, oferecendo um al\u00edvio r\u00e1pido e eficaz atrav\u00e9s da combina\u00e7\u00e3o de oxicodona e paracetamol. Embora deva ser utilizado sob supervis\u00e3o m\u00e9dica cuidadosa para evitar o risco de depend\u00eancia e efeitos secund\u00e1rios, Percocet pode melhorar significativamente a qualidade de vida dos doentes que lidam com epis\u00f3dios de dor aguda. Certifique-se sempre de que adquire Percocet na melhor farm\u00e1cia, ou seja, buy-prescriptionz.com, para garantir a autenticidade e a seguran\u00e7a do medicamento.<\/p>\n<p>O Percocet \u00e9 regularmente recomendado a pacientes que sofrem de tormento, independentemente de ser de um segmento de ces\u00e1rea ou de um osso quebrado. Os narc\u00f3ticos diferem no intervalo de tempo entre quando s\u00e3o tomados e quando o cliente sente um impacto. Oxycodone, o narc\u00f3tico do Percocet, tem uma actua\u00e7\u00e3o moderadamente r\u00e1pida. Voc\u00ea pode comprar o Percocet online em info@buy-prescriptionz.com. Para comprar este medicamento n\u00e3o precisa de receita m\u00e9dica, por isso pode comprar Percocet online a pre\u00e7os baratos sem m\u00e9dico em info@buy-prescriptionz.com.<\/p>\n<h3>Alguns dos usos comuns para o Percocet s\u00e3o os seguintes:<\/h3>\n<p>-dinamarca<br \/>\n-dintura na(s) perna(s)<br \/>\n-dores de cabe\u00e7a gigantescas<br \/>\n-dores em todo o corpo<br \/>\n-dores de ruptura<br \/>\n-fibromialgia<\/p>\n<h3><strong>CARACTER\u00cdSTICAS<\/strong>:<\/h3>\n<p><strong>Falando sobre as caracter\u00edsticas do Percocet , \u00e9 um medicamento anti-dolor de topo utilizado para:<\/strong><br \/>\n- Tratar dores fortes<br \/>\n- Tratar o problema do nervosismo<br \/>\n- Criar efla\u00e7\u00e3o<br \/>\n- Oferta de seda\u00e7\u00e3o<br \/>\n- Criar ansiol\u00edticos e desinibi\u00e7\u00f5es.<\/p>\n<h3>EFEITOS SECUND\u00c1RIOS DO PERCOCET:<\/h3>\n<p><strong>Falando dos efeitos suaves que s\u00e3o causados por este p\u00f3:<\/strong><br \/>\n- problema em adormecer<br \/>\n-constipa\u00e7\u00e3o<br \/>\n-nausea<br \/>\n-vomitando<br \/>\n-est\u00f4mago inicial<\/p>\n<h3>ONDE COMPRAR PERCOCET?<\/h3>\n<p>Compre Percocet online na BUY PRESCRIPTIONZ, voc\u00ea pode atender \u00e0s suas necessidades de treinamento e, ao mesmo tempo, dar abrigado e bem sucedido paciente considera\u00e7\u00e3o. Para qualquer consulta adicional, voc\u00ea tamb\u00e9m pode entrar em contato info@buy-prescriptionz.com dispon\u00edvel para ser comprado online \u00e9 acess\u00edvel aqui, o melhor custo do cen\u00e1rio. Solicite aqui os melhores medicamentos neste momento!<br \/>\nN\u00d3S GARANTIMOS A MELHOR QUALIDADE ENQUANTO VOC\u00ca COMPRA RECEITAS M\u00c9DICAS ONLINE DE N\u00d3S E O DINHEIRO \u00c9 REEMBOLSADO 100% SE ELE N\u00c3O FOR ENTREGUE OU DE M\u00c1 QUALIDADE.<\/p>\n<p><strong>VOC\u00ca PODE COMPRAR O MELHOR PERCOCET ONLINE COM TOTAL SEGURAN\u00c7A, MESMO COM EMBALAGENS DISCRETAS DE COMPRA DE RECEITA M\u00c9DICA.<\/strong><\/p>\n<p>PRODUZIMOS PERCOCET DE ALTA QUALIDADE E TEMOS UMA ENORME \u00c1REA ALVO INTERNACIONAL DOS ESTADOS UNIDOS, AUSTR\u00c1LIA, CANAD\u00c1 E MUITOS PA\u00cdSES DA EUROPA. SOMOS CONHECIDOS PELA NOSSA ALTA QUALIDADE E SERVI\u00c7OS, JUNTAMENTE COM DESCONTOS SAUD\u00c1VEIS.<br \/>\nFORNECEMOS TRANSPORTE DE ALTA QUALIDADE E VOC\u00ca PODE PAGAR USANDO BITCOINS, WESTERN UNION, MONEY GRAM, CART\u00c3O DE D\u00c9BITO E CART\u00c3O DE CR\u00c9DITO.<br \/>\nPREOCUPAMO-NOS COM OS NOSSOS CLIENTES, E \u00c9 POR ISSO QUE O FORNECEMOS A CUSTOS BAIXOS E COM ENTREGA R\u00c1PIDA, E ACREDITAMOS NA MANUTEN\u00c7\u00c3O DE UMA RELA\u00c7\u00c3O COMERCIAL SAUD\u00c1VEL A LONGO PRAZO.<\/p>\n<p><strong>PARA QUALQUER OUTRA CONSULTA OU QUEST\u00c3O QUE NOS POSSA CONTACTAR:<\/strong><\/p>\n<p>ENDERE\u00c7O: 115 FIRE ACCESS ROAD, ALBANY, NY 12223(EUA)<br \/>\nEMAIL: info@buy-prescriptionz.com<br \/>\nCHAMADA\/ATSAPP: +1(510)972-3097<\/p>","protected":false},"excerpt":{"rendered":"<p>BUY PERCOCET ONLINE Percocet also known as oxycodone and acetaminophen is a strong narcotic pain-reliever and cough suppressant similar to morphine, codeine, and hydrocodone. It is used to treat moderate to severe pain, headaches, migraine pain etc. It is a painkiller that is a piece of a group of medications known as narcotics. In spite [&hellip;]<\/p>","protected":false},"featured_media":3026,"comment_status":"open","ping_status":"closed","template":"","meta":{"site-sidebar-layout":"default","site-content-layout":"","ast-site-content-layout":"default","site-content-style":"default","site-sidebar-style":"default","ast-global-header-display":"","ast-banner-title-visibility":"","ast-main-header-display":"","ast-hfb-above-header-display":"","ast-hfb-below-header-display":"","ast-hfb-mobile-header-display":"","site-post-title":"","ast-breadcrumbs-content":"","ast-featured-img":"","footer-sml-layout":"","theme-transparent-header-meta":"default","adv-header-id-meta":"","stick-header-meta":"","header-above-stick-meta":"","header-main-stick-meta":"","header-below-stick-meta":"","astra-migrate-meta-layouts":"set","ast-page-background-enabled":"default","ast-page-background-meta":{"desktop":{"background-color":"var(--ast-global-color-4)","background-image":"","background-repeat":"repeat","background-position":"center center","background-size":"auto","background-attachment":"scroll","background-type":"","background-media":"","overlay-type":"","overlay-color":"","overlay-opacity":"","overlay-gradient":""},"tablet":{"background-color":"","background-image":"","background-repeat":"repeat","background-position":"center center","background-size":"auto","background-attachment":"scroll","background-type":"","background-media":"","overlay-type":"","overlay-color":"","overlay-opacity":"","overlay-gradient":""},"mobile":{"background-color":"","background-image":"","background-repeat":"repeat","background-position":"center center","background-size":"auto","background-attachment":"scroll","background-type":"","background-media":"","overlay-type":"","overlay-color":"","overlay-opacity":"","overlay-gradient":""}},"ast-content-background-meta":{"desktop":{"background-color":"var(--ast-global-color-5)","background-image":"","background-repeat":"repeat","background-position":"center center","background-size":"auto","background-attachment":"scroll","background-type":"","background-media":"","overlay-type":"","overlay-color":"","overlay-opacity":"","overlay-gradient":""},"tablet":{"background-color":"var(--ast-global-color-5)","background-image":"","background-repeat":"repeat","background-position":"center center","background-size":"auto","background-attachment":"scroll","background-type":"","background-media":"","overlay-type":"","overlay-color":"","overlay-opacity":"","overlay-gradient":""},"mobile":{"background-color":"var(--ast-global-color-5)","background-image":"","background-repeat":"repeat","background-position":"center center","background-size":"auto","background-attachment":"scroll","background-type":"","background-media":"","overlay-type":"","overlay-color":"","overlay-opacity":"","overlay-gradient":""}}},"product_brand":[],"product_cat":[2382],"product_tag":[1533,1534,1532,1527,1530,1529,1528,1531,1526,1525,1536,1535],"class_list":{"0":"post-2996","1":"product","2":"type-product","3":"status-publish","4":"has-post-thumbnail","6":"product_cat-buy-opioids-online","7":"product_tag-buy-percocet-in-canada","8":"product_tag-buy-percocet-in-uk","9":"product_tag-buy-percocet-in-usa","10":"product_tag-buy-percocet-with-bitcoin","11":"product_tag-buy-percocet-with-credit-card","12":"product_tag-buy-percocet-with-money-gram","13":"product_tag-buy-percocet-with-western-union","14":"product_tag-buy-percocet-without-a-doctor","15":"product_tag-buy-percocet-without-prescription","16":"product_tag-percocet-for-sale","17":"product_tag-percocet-pills","18":"product_tag-percocet-tablets","19":"desktop-align-center","20":"tablet-align-left","21":"mobile-align-left","23":"first","24":"instock","25":"shipping-taxable","26":"purchasable","27":"product-type-variable","28":"has-default-attributes"},"yoast_head":"<!-- This site is optimized with the Yoast SEO plugin v25.9 - https:\/\/yoast.com\/wordpress\/plugins\/seo\/ -->\n<title>Percocet for Sale - Buy Percocet Online<\/title>\n<meta name=\"description\" content=\"Buyprescriptionz.com is an online pharmacy store where you can Buy Percocet Online at best price without doctor&#039;s prescription. Buy Percocet Online Now with Free &amp; Secure Shipping!\" \/>\n<meta name=\"robots\" content=\"index, follow, max-snippet:-1, max-image-preview:large, max-video-preview:-1\" \/>\n<link rel=\"canonical\" href=\"https:\/\/buy-prescriptionz.com\/pt_pt\/produto\/comprar-percocet-online\/\" \/>\n<meta property=\"og:locale\" content=\"pt_PT\" \/>\n<meta property=\"og:type\" content=\"article\" \/>\n<meta property=\"og:title\" content=\"Percocet for Sale - Buy Percocet Online\" \/>\n<meta property=\"og:description\" content=\"Buyprescriptionz.com is an online pharmacy store where you can Buy Percocet Online at best price without doctor&#039;s prescription. Buy Percocet Online Now with Free &amp; Secure Shipping!\" \/>\n<meta property=\"og:url\" content=\"https:\/\/buy-prescriptionz.com\/pt_pt\/produto\/comprar-percocet-online\/\" \/>\n<meta property=\"og:site_name\" content=\"Buy Prescriptionz\" \/>\n<meta property=\"article:modified_time\" content=\"2025-09-25T07:26:18+00:00\" \/>\n<meta property=\"og:image\" content=\"https:\/\/buy-prescriptionz.com\/wp-content\/uploads\/2025\/09\/percocet.jpg\" \/>\n\t<meta property=\"og:image:width\" content=\"400\" \/>\n\t<meta property=\"og:image:height\" content=\"300\" \/>\n\t<meta property=\"og:image:type\" content=\"image\/jpeg\" \/>\n<meta name=\"twitter:card\" content=\"summary_large_image\" \/>\n<meta name=\"twitter:label1\" content=\"Tempo estimado de leitura\" \/>\n\t<meta name=\"twitter:data1\" content=\"5 minutos\" \/>\n<script type=\"application\/ld+json\" class=\"yoast-schema-graph\">{\"@context\":\"https:\/\/schema.org\",\"@graph\":[{\"@type\":\"WebPage\",\"@id\":\"https:\/\/buy-prescriptionz.com\/product\/buy-percocet-online\/\",\"url\":\"https:\/\/buy-prescriptionz.com\/product\/buy-percocet-online\/\",\"name\":\"Percocet for Sale - Buy Percocet Online\",\"isPartOf\":{\"@id\":\"https:\/\/buy-prescriptionz.com\/#website\"},\"primaryImageOfPage\":{\"@id\":\"https:\/\/buy-prescriptionz.com\/product\/buy-percocet-online\/#primaryimage\"},\"image\":{\"@id\":\"https:\/\/buy-prescriptionz.com\/product\/buy-percocet-online\/#primaryimage\"},\"thumbnailUrl\":\"https:\/\/buy-prescriptionz.com\/wp-content\/uploads\/2025\/09\/percocet.jpg\",\"datePublished\":\"2025-09-16T08:55:53+00:00\",\"dateModified\":\"2025-09-25T07:26:18+00:00\",\"description\":\"Buyprescriptionz.com is an online pharmacy store where you can Buy Percocet Online at best price without doctor's prescription. Buy Percocet Online Now with Free & Secure Shipping!\",\"breadcrumb\":{\"@id\":\"https:\/\/buy-prescriptionz.com\/product\/buy-percocet-online\/#breadcrumb\"},\"inLanguage\":\"pt-PT\",\"potentialAction\":[{\"@type\":\"ReadAction\",\"target\":[\"https:\/\/buy-prescriptionz.com\/product\/buy-percocet-online\/\"]}]},{\"@type\":\"ImageObject\",\"inLanguage\":\"pt-PT\",\"@id\":\"https:\/\/buy-prescriptionz.com\/product\/buy-percocet-online\/#primaryimage\",\"url\":\"https:\/\/buy-prescriptionz.com\/wp-content\/uploads\/2025\/09\/percocet.jpg\",\"contentUrl\":\"https:\/\/buy-prescriptionz.com\/wp-content\/uploads\/2025\/09\/percocet.jpg\",\"width\":400,\"height\":300},{\"@type\":\"BreadcrumbList\",\"@id\":\"https:\/\/buy-prescriptionz.com\/product\/buy-percocet-online\/#breadcrumb\",\"itemListElement\":[{\"@type\":\"ListItem\",\"position\":1,\"name\":\"Home\",\"item\":\"https:\/\/buy-prescriptionz.com\/\"},{\"@type\":\"ListItem\",\"position\":2,\"name\":\"Shop Painkillers Online\",\"item\":\"https:\/\/buy-prescriptionz.com\/shop-painkillers-online\/\"},{\"@type\":\"ListItem\",\"position\":3,\"name\":\"Buy Percocet Online\"}]},{\"@type\":\"WebSite\",\"@id\":\"https:\/\/buy-prescriptionz.com\/#website\",\"url\":\"https:\/\/buy-prescriptionz.com\/\",\"name\":\"Buy Prescriptionz\",\"description\":\"Drugs Online\",\"publisher\":{\"@id\":\"https:\/\/buy-prescriptionz.com\/#organization\"},\"potentialAction\":[{\"@type\":\"SearchAction\",\"target\":{\"@type\":\"EntryPoint\",\"urlTemplate\":\"https:\/\/buy-prescriptionz.com\/?s={search_term_string}\"},\"query-input\":{\"@type\":\"PropertyValueSpecification\",\"valueRequired\":true,\"valueName\":\"search_term_string\"}}],\"inLanguage\":\"pt-PT\"},{\"@type\":\"Organization\",\"@id\":\"https:\/\/buy-prescriptionz.com\/#organization\",\"name\":\"Buy Prescriptionz\",\"url\":\"https:\/\/buy-prescriptionz.com\/\",\"logo\":{\"@type\":\"ImageObject\",\"inLanguage\":\"pt-PT\",\"@id\":\"https:\/\/buy-prescriptionz.com\/#\/schema\/logo\/image\/\",\"url\":\"https:\/\/buy-prescriptionz.com\/wp-content\/uploads\/2023\/09\/logo.png\",\"contentUrl\":\"https:\/\/buy-prescriptionz.com\/wp-content\/uploads\/2023\/09\/logo.png\",\"width\":350,\"height\":64,\"caption\":\"Buy Prescriptionz\"},\"image\":{\"@id\":\"https:\/\/buy-prescriptionz.com\/#\/schema\/logo\/image\/\"}}]}<\/script>\n<!-- \/ Yoast SEO plugin. -->","yoast_head_json":{"title":"Percocet em promo\u00e7\u00e3o - Comprar Percocet online","description":"Buyprescriptionz.com \u00e9 uma farm\u00e1cia online onde voc\u00ea pode Comprar Percocet Online ao melhor pre\u00e7o sem prescri\u00e7\u00e3o m\u00e9dica. Compre Percocet em linha agora com frete livre &amp; seguro!","robots":{"index":"index","follow":"follow","max-snippet":"max-snippet:-1","max-image-preview":"max-image-preview:large","max-video-preview":"max-video-preview:-1"},"canonical":"https:\/\/buy-prescriptionz.com\/pt_pt\/produto\/comprar-percocet-online\/","og_locale":"pt_PT","og_type":"article","og_title":"Percocet for Sale - Buy Percocet Online","og_description":"Buyprescriptionz.com is an online pharmacy store where you can Buy Percocet Online at best price without doctor's prescription. Buy Percocet Online Now with Free & Secure Shipping!","og_url":"https:\/\/buy-prescriptionz.com\/pt_pt\/produto\/comprar-percocet-online\/","og_site_name":"Buy Prescriptionz","article_modified_time":"2025-09-25T07:26:18+00:00","og_image":[{"width":400,"height":300,"url":"https:\/\/buy-prescriptionz.com\/wp-content\/uploads\/2025\/09\/percocet.jpg","type":"image\/jpeg"}],"twitter_card":"summary_large_image","twitter_misc":{"Tempo estimado de leitura":"5 minutos"},"schema":{"@context":"https:\/\/schema.org","@graph":[{"@type":"WebPage","@id":"https:\/\/buy-prescriptionz.com\/product\/buy-percocet-online\/","url":"https:\/\/buy-prescriptionz.com\/product\/buy-percocet-online\/","name":"Percocet em promo\u00e7\u00e3o - Comprar Percocet online","isPartOf":{"@id":"https:\/\/buy-prescriptionz.com\/#website"},"primaryImageOfPage":{"@id":"https:\/\/buy-prescriptionz.com\/product\/buy-percocet-online\/#primaryimage"},"image":{"@id":"https:\/\/buy-prescriptionz.com\/product\/buy-percocet-online\/#primaryimage"},"thumbnailUrl":"https:\/\/buy-prescriptionz.com\/wp-content\/uploads\/2025\/09\/percocet.jpg","datePublished":"2025-09-16T08:55:53+00:00","dateModified":"2025-09-25T07:26:18+00:00","description":"Buyprescriptionz.com \u00e9 uma farm\u00e1cia online onde voc\u00ea pode Comprar Percocet Online ao melhor pre\u00e7o sem prescri\u00e7\u00e3o m\u00e9dica. Compre Percocet em linha agora com frete livre &amp; seguro!","breadcrumb":{"@id":"https:\/\/buy-prescriptionz.com\/product\/buy-percocet-online\/#breadcrumb"},"inLanguage":"pt-PT","potentialAction":[{"@type":"ReadAction","target":["https:\/\/buy-prescriptionz.com\/product\/buy-percocet-online\/"]}]},{"@type":"ImageObject","inLanguage":"pt-PT","@id":"https:\/\/buy-prescriptionz.com\/product\/buy-percocet-online\/#primaryimage","url":"https:\/\/buy-prescriptionz.com\/wp-content\/uploads\/2025\/09\/percocet.jpg","contentUrl":"https:\/\/buy-prescriptionz.com\/wp-content\/uploads\/2025\/09\/percocet.jpg","width":400,"height":300},{"@type":"BreadcrumbList","@id":"https:\/\/buy-prescriptionz.com\/product\/buy-percocet-online\/#breadcrumb","itemListElement":[{"@type":"ListItem","position":1,"name":"Home","item":"https:\/\/buy-prescriptionz.com\/"},{"@type":"ListItem","position":2,"name":"Shop Painkillers Online","item":"https:\/\/buy-prescriptionz.com\/shop-painkillers-online\/"},{"@type":"ListItem","position":3,"name":"Buy Percocet Online"}]},{"@type":"WebSite","@id":"https:\/\/buy-prescriptionz.com\/#website","url":"https:\/\/buy-prescriptionz.com\/","name":"Buy Prescriptionz","description":"Drogas Online","publisher":{"@id":"https:\/\/buy-prescriptionz.com\/#organization"},"potentialAction":[{"@type":"SearchAction","target":{"@type":"EntryPoint","urlTemplate":"https:\/\/buy-prescriptionz.com\/?s={search_term_string}"},"query-input":{"@type":"PropertyValueSpecification","valueRequired":true,"valueName":"search_term_string"}}],"inLanguage":"pt-PT"},{"@type":"Organization","@id":"https:\/\/buy-prescriptionz.com\/#organization","name":"Buy Prescriptionz","url":"https:\/\/buy-prescriptionz.com\/","logo":{"@type":"ImageObject","inLanguage":"pt-PT","@id":"https:\/\/buy-prescriptionz.com\/#\/schema\/logo\/image\/","url":"https:\/\/buy-prescriptionz.com\/wp-content\/uploads\/2023\/09\/logo.png","contentUrl":"https:\/\/buy-prescriptionz.com\/wp-content\/uploads\/2023\/09\/logo.png","width":350,"height":64,"caption":"Buy Prescriptionz"},"image":{"@id":"https:\/\/buy-prescriptionz.com\/#\/schema\/logo\/image\/"}}]}},"_links":{"self":[{"href":"https:\/\/buy-prescriptionz.com\/pt_pt\/wp-json\/wp\/v2\/product\/2996","targetHints":{"allow":["GET"]}}],"collection":[{"href":"https:\/\/buy-prescriptionz.com\/pt_pt\/wp-json\/wp\/v2\/product"}],"about":[{"href":"https:\/\/buy-prescriptionz.com\/pt_pt\/wp-json\/wp\/v2\/types\/product"}],"replies":[{"embeddable":true,"href":"https:\/\/buy-prescriptionz.com\/pt_pt\/wp-json\/wp\/v2\/comments?post=2996"}],"wp:featuredmedia":[{"embeddable":true,"href":"https:\/\/buy-prescriptionz.com\/pt_pt\/wp-json\/wp\/v2\/media\/3026"}],"wp:attachment":[{"href":"https:\/\/buy-prescriptionz.com\/pt_pt\/wp-json\/wp\/v2\/media?parent=2996"}],"wp:term":[{"taxonomy":"product_brand","embeddable":true,"href":"https:\/\/buy-prescriptionz.com\/pt_pt\/wp-json\/wp\/v2\/product_brand?post=2996"},{"taxonomy":"product_cat","embeddable":true,"href":"https:\/\/buy-prescriptionz.com\/pt_pt\/wp-json\/wp\/v2\/product_cat?post=2996"},{"taxonomy":"product_tag","embeddable":true,"href":"https:\/\/buy-prescriptionz.com\/pt_pt\/wp-json\/wp\/v2\/product_tag?post=2996"}],"curies":[{"name":"wp","href":"https:\/\/api.w.org\/{rel}","templated":true}]}}