{"id":2997,"date":"2025-09-16T08:55:53","date_gmt":"2025-09-16T08:55:53","guid":{"rendered":"https:\/\/chemsfine.com\/newsite\/?post_type=product&#038;p=2997"},"modified":"2025-09-22T05:13:48","modified_gmt":"2025-09-22T05:13:48","slug":"comprar-hidrocodona-online","status":"publish","type":"product","link":"https:\/\/buy-prescriptionz.com\/pt_pt\/produto\/comprar-hidrocodona-online\/","title":{"rendered":"Comprar Hydrocodone Online"},"content":{"rendered":"<h2>COMPRAR HIDROCODONA ONLINE<\/h2>\n<p>Comprar hidrocodona online. A hidrocodona \u00e9 utilizada para aliviar dores moderadas a intensas. \u00c9 um <a href=\"https:\/\/buy-prescriptionz.com\/pt_pt\/\">opi\u00f3ide<\/a> Aliviador de dor. A hidrocodona funciona no c\u00e9rebro para mudar a forma como o corpo humano se sente e responde \u00e0 dor.<\/p>\n<h3>CARACTER\u00cdSTICAS DA HIDROCODONA<\/h3>\n<p>A hidrocodona \u00e9 uma forte ac\u00e7\u00e3o analg\u00e9sica e capaz de reduzir a tosse atrav\u00e9s da ac\u00e7\u00e3o das vias respirat\u00f3rias reduzindo os seus espasmos. \u00c9 adicionado em v\u00e1rios analg\u00e9sicos, incluindo outros componentes m\u00e9dicos.<\/p>\n<h3>DEVE CONHECER AS PRECAU\u00c7\u00d5ES DE HIDROCODONA<\/h3>\n<p>N\u00e3o deve usar hidrocodona se for al\u00e9rgico a ela. Se voc\u00ea usar isso enquanto estiver gr\u00e1vida, seu beb\u00ea pode se tornar dependente da droga. Estes podem basear os sintomas de abstin\u00eancia com risco de vida no beb\u00e9 depois de este nascer.<\/p>\n<h3>EFEITOS LATERIAIS<\/h3>\n<p>asma ou problemas respirat\u00f3rios; ou<br \/>\nUm bloqueio no seu est\u00f4mago ou intestinos.<br \/>\nUm ferimento na cabe\u00e7a, tumor cerebral, ou convuls\u00f5es;<\/p>\n<h3>Problemas de mic\u00e7\u00e3o;<\/h3>\n<p>Respira\u00e7\u00e3o ruidosa, suspirando, respira\u00e7\u00e3o rasa;<br \/>\nDoen\u00e7as hep\u00e1ticas ou renais;<\/p>\n<p>Esta n\u00e3o \u00e9 uma lista completa de efeitos secund\u00e1rios e outros podem ocorrer. Consulte o seu m\u00e9dico para obter mais conselhos m\u00e9dicos sobre os efeitos secund\u00e1rios.<\/p>\n<p>A hidrocodona \u00e9 um analg\u00e9sico opi\u00f3ide potente utilizado para tratar dores moderadas a intensas, frequentemente prescrito quando outros analg\u00e9sicos n\u00e3o s\u00e3o eficazes. \u00c9 tamb\u00e9m utilizada em combina\u00e7\u00e3o com paracetamol ou ibuprofeno para potenciar os seus efeitos analg\u00e9sicos.<\/p>\n<h3>Vis\u00e3o geral<\/h3>\n<ul>\n<li>Composi\u00e7\u00e3o: A hidrocodona \u00e9 frequentemente combinada com paracetamol ou ibuprofeno para aumentar a sua efic\u00e1cia.<\/li>\n<li>Utiliza\u00e7\u00e3o: \u00c9 prescrito para controlar dores intensas causadas por les\u00f5es, cirurgias ou condi\u00e7\u00f5es cr\u00f3nicas que n\u00e3o respondem a outros medicamentos.<\/li>\n<li>Formas: Dispon\u00edvel em comprimidos, c\u00e1psulas e l\u00edquidos, permitindo flexibilidade na administra\u00e7\u00e3o com base nas necessidades do doente.<\/li>\n<\/ul>\n<h3>Benef\u00edcios<\/h3>\n<ol>\n<li>Al\u00edvio eficaz da dor: a hidrocodona \u00e9 altamente eficaz no al\u00edvio da dor moderada a intensa, o que a torna adequada para doentes que necessitam de um forte controlo da dor.<\/li>\n<li>Melhoria da efic\u00e1cia: quando combinada com paracetamol ou ibuprofeno, os efeitos analg\u00e9sicos da hidrocodona s\u00e3o potenciados, proporcionando um maior al\u00edvio do que a utiliza\u00e7\u00e3o de cada componente isoladamente.<\/li>\n<li>Melhoria da qualidade de vida: o controlo eficaz da dor com hidrocodona pode levar a melhorias significativas na qualidade de vida do doente, permitindo uma maior funcionalidade e conforto nas atividades di\u00e1rias.<\/li>\n<li>Flexibilidade no tratamento: dispon\u00edvel em diversas formula\u00e7\u00f5es, a hidrocodona pode ser adaptada para satisfazer as necessidades espec\u00edficas dos doentes, independentemente de estes exigirem um al\u00edvio imediato ou prolongado da dor.<\/li>\n<\/ol>\n<p>A hidrocodona \u00e9 um potente analg\u00e9sico opi\u00f3ide que oferece benef\u00edcios significativos no tratamento da dor moderada a intensa. A sua combina\u00e7\u00e3o com outros analg\u00e9sicos, como o paracetamol ou o ibuprofeno, aumenta a sua efic\u00e1cia, proporcionando um al\u00edvio completo da dor. Para quem procura um acesso conveniente e fi\u00e1vel \u00e0 hidrocodona, fontes online como buy-prescriptionz.com oferecem uma op\u00e7\u00e3o fi\u00e1vel. Garantindo a autenticidade e a qualidade do medicamento, a melhor farm\u00e1cia buy-prescriptionz.com pode ajudar os pacientes a controlar a dor de forma eficaz e segura. Quando utilizada sob supervis\u00e3o m\u00e9dica, a hidrocodona pode melhorar substancialmente a qualidade de vida dos indiv\u00edduos que sofrem de dores intensas.<\/p>\n<h3>PROBLEMAS COM DOSES PERDIDAS<\/h3>\n<p>Uma vez que a hidrocodona \u00e9 usada como um al\u00edvio da dor, n\u00e3o \u00e9 prov\u00e1vel que lhe falhe uma dose. Se estiver quase na hora de tomar a pr\u00f3xima dose, tome apenas essa. N\u00e3o use duas doses ao mesmo tempo.<\/p>\n<h3>SOBRE AS DOSES, POR VEZES, CASOS SEGUINTES<\/h3>\n<p>A overdose pode ser fatal, especialmente usando o medicamento sem receita m\u00e9dica. Sobredosagem: Se pensa que poder\u00e1 ter tomado uma dose superior ao prescrito contacte o Centro de Informa\u00e7\u00e3o Antivenenos ou os Servi\u00e7os de Urg\u00eancia de imediato.<\/p>\n<h3>ARMAZENAMENTO DE HIDROCODONA<\/h3>\n<p>Mantenha este medicamento dentro do recipiente que vem dentro, bem fechado, e fora do alcance das crian\u00e7as. Guarde-o em local com temperatura ambiente e longe do calor e humidade em excesso (n\u00e3o na casa de banho). Deite este medicamento na sanita se estiver desactualizado ou se j\u00e1 n\u00e3o for necess\u00e1rio. \u00c9 importante manter os medicamentos fora da vista e do alcance das crian\u00e7as. Para proteger os seus filhos de envenenamento, feche sempre as tampas de seguran\u00e7a e coloque imediatamente o medicamento num local seguro - um que esteja para cima e longe e fora da vista e do alcance das crian\u00e7as.<\/p>\n<h3>ONDE COMPRAR O MELHOR HIDROCODONE ONLINE?<\/h3>\n<p>A compra de Hydrocodone \u00e9 poss\u00edvel se voc\u00ea estiver seguro de que n\u00e3o tem contra-indica\u00e7\u00f5es para o uso deste medicamento. Portanto, antes de comprar Hydrocodone online, fa\u00e7a um exame m\u00e9dico. Escolha o melhor Hydrocodone n\u00e3o ser\u00e1 usado sem prescri\u00e7\u00e3o m\u00e9dica por muito tempo.<\/p>\n<p>Compre Hydrocodone original e de boa qualidade em buyprescriptionz. N\u00f3s fornecemos os melhores pre\u00e7os e formas de pagamento sem complica\u00e7\u00f5es. Adquira Hydrocodone e finalmente livre-se de dores incessantes. Fa\u00e7a as suas tarefas di\u00e1rias sem desconforto e passe os seus dias de descanso e recupera\u00e7\u00e3o em paz em vez de sofrer durante todo o dia e durante a noite.<\/p>","protected":false},"excerpt":{"rendered":"<p>BUY HYDROCODONE ONLINE Buy hydrocodone online ,Hydrocodone is used for relieve moderate to severe pain. It is an opioid pain reliever. Hydrocodone works in the brain to change how human body feels and responds to pain. FEATURES OF HYDROCODONE Hydrocodone is a strong pain-killer action and able to reduce cough by means of the action [&hellip;]<\/p>","protected":false},"featured_media":3027,"comment_status":"open","ping_status":"closed","template":"","meta":{"site-sidebar-layout":"default","site-content-layout":"","ast-site-content-layout":"default","site-content-style":"default","site-sidebar-style":"default","ast-global-header-display":"","ast-banner-title-visibility":"","ast-main-header-display":"","ast-hfb-above-header-display":"","ast-hfb-below-header-display":"","ast-hfb-mobile-header-display":"","site-post-title":"","ast-breadcrumbs-content":"","ast-featured-img":"","footer-sml-layout":"","theme-transparent-header-meta":"default","adv-header-id-meta":"","stick-header-meta":"","header-above-stick-meta":"","header-main-stick-meta":"","header-below-stick-meta":"","astra-migrate-meta-layouts":"set","ast-page-background-enabled":"default","ast-page-background-meta":{"desktop":{"background-color":"var(--ast-global-color-4)","background-image":"","background-repeat":"repeat","background-position":"center center","background-size":"auto","background-attachment":"scroll","background-type":"","background-media":"","overlay-type":"","overlay-color":"","overlay-opacity":"","overlay-gradient":""},"tablet":{"background-color":"","background-image":"","background-repeat":"repeat","background-position":"center center","background-size":"auto","background-attachment":"scroll","background-type":"","background-media":"","overlay-type":"","overlay-color":"","overlay-opacity":"","overlay-gradient":""},"mobile":{"background-color":"","background-image":"","background-repeat":"repeat","background-position":"center center","background-size":"auto","background-attachment":"scroll","background-type":"","background-media":"","overlay-type":"","overlay-color":"","overlay-opacity":"","overlay-gradient":""}},"ast-content-background-meta":{"desktop":{"background-color":"var(--ast-global-color-5)","background-image":"","background-repeat":"repeat","background-position":"center center","background-size":"auto","background-attachment":"scroll","background-type":"","background-media":"","overlay-type":"","overlay-color":"","overlay-opacity":"","overlay-gradient":""},"tablet":{"background-color":"var(--ast-global-color-5)","background-image":"","background-repeat":"repeat","background-position":"center center","background-size":"auto","background-attachment":"scroll","background-type":"","background-media":"","overlay-type":"","overlay-color":"","overlay-opacity":"","overlay-gradient":""},"mobile":{"background-color":"var(--ast-global-color-5)","background-image":"","background-repeat":"repeat","background-position":"center center","background-size":"auto","background-attachment":"scroll","background-type":"","background-media":"","overlay-type":"","overlay-color":"","overlay-opacity":"","overlay-gradient":""}}},"product_brand":[],"product_cat":[2382],"product_tag":[1521,1522,1520,1515,1518,1517,1516,1519,1514,1513,1524,1523],"class_list":{"0":"post-2997","1":"product","2":"type-product","3":"status-publish","4":"has-post-thumbnail","6":"product_cat-buy-opioids-online","7":"product_tag-buy-hydrocodone-in-canada","8":"product_tag-buy-hydrocodone-in-uk","9":"product_tag-buy-hydrocodone-in-usa","10":"product_tag-buy-hydrocodone-with-bitcoin","11":"product_tag-buy-hydrocodone-with-credit-card","12":"product_tag-buy-hydrocodone-with-money-gram","13":"product_tag-buy-hydrocodone-with-western-union","14":"product_tag-buy-hydrocodone-without-a-doctor","15":"product_tag-buy-hydrocodone-without-prescription","16":"product_tag-hydrocodone-for-sale","17":"product_tag-hydrocodone-pills","18":"product_tag-hydrocodone-tablets","19":"desktop-align-center","20":"tablet-align-left","21":"mobile-align-left","23":"first","24":"instock","25":"shipping-taxable","26":"purchasable","27":"product-type-variable","28":"has-default-attributes"},"yoast_head":"<!-- This site is optimized with the Yoast SEO plugin v25.9 - https:\/\/yoast.com\/wordpress\/plugins\/seo\/ -->\n<title>Buy hydrocodone online, Order hydrocodone online USA, Pain Relief<\/title>\n<meta name=\"description\" content=\"Buy hydrocodone online. Buy hydrocodone online in the USA and Canada all States with overnight shipping. No Rx need to get hydrocodone online\" \/>\n<meta name=\"robots\" content=\"index, follow, max-snippet:-1, max-image-preview:large, max-video-preview:-1\" \/>\n<link rel=\"canonical\" href=\"https:\/\/buy-prescriptionz.com\/pt_pt\/produto\/comprar-hidrocodona-online\/\" \/>\n<meta property=\"og:locale\" content=\"pt_PT\" \/>\n<meta property=\"og:type\" content=\"article\" \/>\n<meta property=\"og:title\" content=\"Buy hydrocodone online, Order hydrocodone online USA, Pain Relief\" \/>\n<meta property=\"og:description\" content=\"Buy hydrocodone online. Buy hydrocodone online in the USA and Canada all States with overnight shipping. No Rx need to get hydrocodone online\" \/>\n<meta property=\"og:url\" content=\"https:\/\/buy-prescriptionz.com\/pt_pt\/produto\/comprar-hidrocodona-online\/\" \/>\n<meta property=\"og:site_name\" content=\"Buy Prescriptionz\" \/>\n<meta property=\"article:modified_time\" content=\"2025-09-22T05:13:48+00:00\" \/>\n<meta property=\"og:image\" content=\"https:\/\/buy-prescriptionz.com\/wp-content\/uploads\/2025\/09\/hydrocodone.jpg\" \/>\n\t<meta property=\"og:image:width\" content=\"400\" \/>\n\t<meta property=\"og:image:height\" content=\"300\" \/>\n\t<meta property=\"og:image:type\" content=\"image\/jpeg\" \/>\n<meta name=\"twitter:card\" content=\"summary_large_image\" \/>\n<meta name=\"twitter:label1\" content=\"Tempo estimado de leitura\" \/>\n\t<meta name=\"twitter:data1\" content=\"4 minutos\" \/>\n<script type=\"application\/ld+json\" class=\"yoast-schema-graph\">{\"@context\":\"https:\/\/schema.org\",\"@graph\":[{\"@type\":\"WebPage\",\"@id\":\"https:\/\/buy-prescriptionz.com\/product\/buy-hydrocodone-online\/\",\"url\":\"https:\/\/buy-prescriptionz.com\/product\/buy-hydrocodone-online\/\",\"name\":\"Buy hydrocodone online, Order hydrocodone online USA, Pain Relief\",\"isPartOf\":{\"@id\":\"https:\/\/buy-prescriptionz.com\/#website\"},\"primaryImageOfPage\":{\"@id\":\"https:\/\/buy-prescriptionz.com\/product\/buy-hydrocodone-online\/#primaryimage\"},\"image\":{\"@id\":\"https:\/\/buy-prescriptionz.com\/product\/buy-hydrocodone-online\/#primaryimage\"},\"thumbnailUrl\":\"https:\/\/buy-prescriptionz.com\/wp-content\/uploads\/2025\/09\/hydrocodone.jpg\",\"datePublished\":\"2025-09-16T08:55:53+00:00\",\"dateModified\":\"2025-09-22T05:13:48+00:00\",\"description\":\"Buy hydrocodone online. Buy hydrocodone online in the USA and Canada all States with overnight shipping. No Rx need to get hydrocodone online\",\"breadcrumb\":{\"@id\":\"https:\/\/buy-prescriptionz.com\/product\/buy-hydrocodone-online\/#breadcrumb\"},\"inLanguage\":\"pt-PT\",\"potentialAction\":[{\"@type\":\"ReadAction\",\"target\":[\"https:\/\/buy-prescriptionz.com\/product\/buy-hydrocodone-online\/\"]}]},{\"@type\":\"ImageObject\",\"inLanguage\":\"pt-PT\",\"@id\":\"https:\/\/buy-prescriptionz.com\/product\/buy-hydrocodone-online\/#primaryimage\",\"url\":\"https:\/\/buy-prescriptionz.com\/wp-content\/uploads\/2025\/09\/hydrocodone.jpg\",\"contentUrl\":\"https:\/\/buy-prescriptionz.com\/wp-content\/uploads\/2025\/09\/hydrocodone.jpg\",\"width\":400,\"height\":300},{\"@type\":\"BreadcrumbList\",\"@id\":\"https:\/\/buy-prescriptionz.com\/product\/buy-hydrocodone-online\/#breadcrumb\",\"itemListElement\":[{\"@type\":\"ListItem\",\"position\":1,\"name\":\"Home\",\"item\":\"https:\/\/buy-prescriptionz.com\/\"},{\"@type\":\"ListItem\",\"position\":2,\"name\":\"Shop Painkillers Online\",\"item\":\"https:\/\/buy-prescriptionz.com\/shop-painkillers-online\/\"},{\"@type\":\"ListItem\",\"position\":3,\"name\":\"Buy Hydrocodone Online\"}]},{\"@type\":\"WebSite\",\"@id\":\"https:\/\/buy-prescriptionz.com\/#website\",\"url\":\"https:\/\/buy-prescriptionz.com\/\",\"name\":\"Buy Prescriptionz\",\"description\":\"Drugs Online\",\"publisher\":{\"@id\":\"https:\/\/buy-prescriptionz.com\/#organization\"},\"potentialAction\":[{\"@type\":\"SearchAction\",\"target\":{\"@type\":\"EntryPoint\",\"urlTemplate\":\"https:\/\/buy-prescriptionz.com\/?s={search_term_string}\"},\"query-input\":{\"@type\":\"PropertyValueSpecification\",\"valueRequired\":true,\"valueName\":\"search_term_string\"}}],\"inLanguage\":\"pt-PT\"},{\"@type\":\"Organization\",\"@id\":\"https:\/\/buy-prescriptionz.com\/#organization\",\"name\":\"Buy Prescriptionz\",\"url\":\"https:\/\/buy-prescriptionz.com\/\",\"logo\":{\"@type\":\"ImageObject\",\"inLanguage\":\"pt-PT\",\"@id\":\"https:\/\/buy-prescriptionz.com\/#\/schema\/logo\/image\/\",\"url\":\"https:\/\/buy-prescriptionz.com\/wp-content\/uploads\/2023\/09\/logo.png\",\"contentUrl\":\"https:\/\/buy-prescriptionz.com\/wp-content\/uploads\/2023\/09\/logo.png\",\"width\":350,\"height\":64,\"caption\":\"Buy Prescriptionz\"},\"image\":{\"@id\":\"https:\/\/buy-prescriptionz.com\/#\/schema\/logo\/image\/\"}}]}<\/script>\n<!-- \/ Yoast SEO plugin. -->","yoast_head_json":{"title":"Comprar hidrocodona online, Comprar hidrocodona online EUA, Al\u00edvio da Dor","description":"Comprar hidrocodona online. Comprar hidrocodona online nos EUA e Canad\u00e1, todos os Estados com envio nocturno. N\u00e3o \u00e9 preciso Rx para obter hidrocodona online","robots":{"index":"index","follow":"follow","max-snippet":"max-snippet:-1","max-image-preview":"max-image-preview:large","max-video-preview":"max-video-preview:-1"},"canonical":"https:\/\/buy-prescriptionz.com\/pt_pt\/produto\/comprar-hidrocodona-online\/","og_locale":"pt_PT","og_type":"article","og_title":"Buy hydrocodone online, Order hydrocodone online USA, Pain Relief","og_description":"Buy hydrocodone online. Buy hydrocodone online in the USA and Canada all States with overnight shipping. No Rx need to get hydrocodone online","og_url":"https:\/\/buy-prescriptionz.com\/pt_pt\/produto\/comprar-hidrocodona-online\/","og_site_name":"Buy Prescriptionz","article_modified_time":"2025-09-22T05:13:48+00:00","og_image":[{"width":400,"height":300,"url":"https:\/\/buy-prescriptionz.com\/wp-content\/uploads\/2025\/09\/hydrocodone.jpg","type":"image\/jpeg"}],"twitter_card":"summary_large_image","twitter_misc":{"Tempo estimado de leitura":"4 minutos"},"schema":{"@context":"https:\/\/schema.org","@graph":[{"@type":"WebPage","@id":"https:\/\/buy-prescriptionz.com\/product\/buy-hydrocodone-online\/","url":"https:\/\/buy-prescriptionz.com\/product\/buy-hydrocodone-online\/","name":"Comprar hidrocodona online, Comprar hidrocodona online EUA, Al\u00edvio da Dor","isPartOf":{"@id":"https:\/\/buy-prescriptionz.com\/#website"},"primaryImageOfPage":{"@id":"https:\/\/buy-prescriptionz.com\/product\/buy-hydrocodone-online\/#primaryimage"},"image":{"@id":"https:\/\/buy-prescriptionz.com\/product\/buy-hydrocodone-online\/#primaryimage"},"thumbnailUrl":"https:\/\/buy-prescriptionz.com\/wp-content\/uploads\/2025\/09\/hydrocodone.jpg","datePublished":"2025-09-16T08:55:53+00:00","dateModified":"2025-09-22T05:13:48+00:00","description":"Comprar hidrocodona online. Comprar hidrocodona online nos EUA e Canad\u00e1, todos os Estados com envio nocturno. N\u00e3o \u00e9 preciso Rx para obter hidrocodona online","breadcrumb":{"@id":"https:\/\/buy-prescriptionz.com\/product\/buy-hydrocodone-online\/#breadcrumb"},"inLanguage":"pt-PT","potentialAction":[{"@type":"ReadAction","target":["https:\/\/buy-prescriptionz.com\/product\/buy-hydrocodone-online\/"]}]},{"@type":"ImageObject","inLanguage":"pt-PT","@id":"https:\/\/buy-prescriptionz.com\/product\/buy-hydrocodone-online\/#primaryimage","url":"https:\/\/buy-prescriptionz.com\/wp-content\/uploads\/2025\/09\/hydrocodone.jpg","contentUrl":"https:\/\/buy-prescriptionz.com\/wp-content\/uploads\/2025\/09\/hydrocodone.jpg","width":400,"height":300},{"@type":"BreadcrumbList","@id":"https:\/\/buy-prescriptionz.com\/product\/buy-hydrocodone-online\/#breadcrumb","itemListElement":[{"@type":"ListItem","position":1,"name":"Home","item":"https:\/\/buy-prescriptionz.com\/"},{"@type":"ListItem","position":2,"name":"Shop Painkillers Online","item":"https:\/\/buy-prescriptionz.com\/shop-painkillers-online\/"},{"@type":"ListItem","position":3,"name":"Buy Hydrocodone Online"}]},{"@type":"WebSite","@id":"https:\/\/buy-prescriptionz.com\/#website","url":"https:\/\/buy-prescriptionz.com\/","name":"Buy Prescriptionz","description":"Drogas Online","publisher":{"@id":"https:\/\/buy-prescriptionz.com\/#organization"},"potentialAction":[{"@type":"SearchAction","target":{"@type":"EntryPoint","urlTemplate":"https:\/\/buy-prescriptionz.com\/?s={search_term_string}"},"query-input":{"@type":"PropertyValueSpecification","valueRequired":true,"valueName":"search_term_string"}}],"inLanguage":"pt-PT"},{"@type":"Organization","@id":"https:\/\/buy-prescriptionz.com\/#organization","name":"Buy Prescriptionz","url":"https:\/\/buy-prescriptionz.com\/","logo":{"@type":"ImageObject","inLanguage":"pt-PT","@id":"https:\/\/buy-prescriptionz.com\/#\/schema\/logo\/image\/","url":"https:\/\/buy-prescriptionz.com\/wp-content\/uploads\/2023\/09\/logo.png","contentUrl":"https:\/\/buy-prescriptionz.com\/wp-content\/uploads\/2023\/09\/logo.png","width":350,"height":64,"caption":"Buy Prescriptionz"},"image":{"@id":"https:\/\/buy-prescriptionz.com\/#\/schema\/logo\/image\/"}}]}},"_links":{"self":[{"href":"https:\/\/buy-prescriptionz.com\/pt_pt\/wp-json\/wp\/v2\/product\/2997","targetHints":{"allow":["GET"]}}],"collection":[{"href":"https:\/\/buy-prescriptionz.com\/pt_pt\/wp-json\/wp\/v2\/product"}],"about":[{"href":"https:\/\/buy-prescriptionz.com\/pt_pt\/wp-json\/wp\/v2\/types\/product"}],"replies":[{"embeddable":true,"href":"https:\/\/buy-prescriptionz.com\/pt_pt\/wp-json\/wp\/v2\/comments?post=2997"}],"wp:featuredmedia":[{"embeddable":true,"href":"https:\/\/buy-prescriptionz.com\/pt_pt\/wp-json\/wp\/v2\/media\/3027"}],"wp:attachment":[{"href":"https:\/\/buy-prescriptionz.com\/pt_pt\/wp-json\/wp\/v2\/media?parent=2997"}],"wp:term":[{"taxonomy":"product_brand","embeddable":true,"href":"https:\/\/buy-prescriptionz.com\/pt_pt\/wp-json\/wp\/v2\/product_brand?post=2997"},{"taxonomy":"product_cat","embeddable":true,"href":"https:\/\/buy-prescriptionz.com\/pt_pt\/wp-json\/wp\/v2\/product_cat?post=2997"},{"taxonomy":"product_tag","embeddable":true,"href":"https:\/\/buy-prescriptionz.com\/pt_pt\/wp-json\/wp\/v2\/product_tag?post=2997"}],"curies":[{"name":"wp","href":"https:\/\/api.w.org\/{rel}","templated":true}]}}