{"id":2998,"date":"2025-09-16T08:55:53","date_gmt":"2025-09-16T08:55:53","guid":{"rendered":"https:\/\/chemsfine.com\/newsite\/?post_type=product&#038;p=2998"},"modified":"2025-09-23T06:49:43","modified_gmt":"2025-09-23T06:49:43","slug":"comprar-levacetilmetadol-online","status":"publish","type":"product","link":"https:\/\/buy-prescriptionz.com\/pt_pt\/produto\/comprar-levacetilmetadol-online\/","title":{"rendered":"Comprar Levacetilmetadol (Levacetylmethadol) Online"},"content":{"rendered":"<h2>COMPRAR LEVACETYLMETHADOL ONLINE<\/h2>\n<p>Comprar Levacetylmethadol Online ,Levacetymethadol \u00e9 um anest\u00e9sico opi\u00f3ide sint\u00e9tico com numerosos movimentos quantitativamente semelhantes aos da morfina, os mais proeminentes dos quais envolvem o sistema nervoso central e \u00f3rg\u00e3os compostos de m\u00fasculo liso. No entanto, \u00e9 mais activo e mais t\u00f3xico do que outros.<\/p>\n<h3>CARACTER\u00cdSTICAS DO LEVACETILMETADOL<\/h3>\n<p>\u00c9 um narc\u00f3tico que alivia a dor com um longo in\u00edcio e dura\u00e7\u00e3o de ac\u00e7\u00e3o. \u00c9 utilizado principalmente para o tratamento da depend\u00eancia narc\u00f3tica.<\/p>\n<h3>Vis\u00e3o geral e benef\u00edcios do Lev Acetilmetadol<\/h3>\n<p>O levacetilmetadol \u00e9 um opi\u00f3ide sint\u00e9tico utilizado principalmente para o controlo da dor e tratamento da depend\u00eancia de opi\u00f3ides. Conhecido pela sua a\u00e7\u00e3o mais duradoura em compara\u00e7\u00e3o com outros opi\u00f3ides, o melhor levacetilmetadol ajuda a reduzir a frequ\u00eancia da dosagem, o que \u00e9 ben\u00e9fico para os doentes que t\u00eam dificuldade em seguir um esquema medicamentoso rigoroso. Atua no sistema nervoso central para aliviar a dor e atenuar os sintomas de abstin\u00eancia em pessoas em tratamento para a depend\u00eancia de opi\u00f3ides.<\/p>\n<h3>Benef\u00edcios<\/h3>\n<ol>\n<li>Dura\u00e7\u00e3o de a\u00e7\u00e3o prolongada: os efeitos duradouros do levacetilmetadol significam que s\u00e3o necess\u00e1rias menos doses, simplificando as rotinas de medica\u00e7\u00e3o e melhorando a ades\u00e3o.<\/li>\n<li>Controlo eficaz da dor: proporciona um al\u00edvio substancial da dor cr\u00f3nica, o que a torna uma op\u00e7\u00e3o valiosa para doentes com condi\u00e7\u00f5es de dor persistente.<\/li>\n<li>Tratamento para a depend\u00eancia de opi\u00f3ides: \u00e9 eficaz na redu\u00e7\u00e3o dos sintomas de abstin\u00eancia e dos desejos, ajudando no processo de recupera\u00e7\u00e3o de indiv\u00edduos com depend\u00eancia de opi\u00f3ides.<\/li>\n<li>Risco reduzido de efeitos secund\u00e1rios: em compara\u00e7\u00e3o com outros opi\u00f3ides, o Levacetilmetadol tem um menor risco de causar depress\u00e3o respirat\u00f3ria e euforia, tornando-se mais seguro para uso a longo prazo.<\/li>\n<li>Melhor qualidade de vida: ao controlar a dor e apoiar a recupera\u00e7\u00e3o da depend\u00eancia, o Levacetilmetadol ajuda a melhorar o bem-estar geral e a funcionalidade na vida di\u00e1ria.<\/li>\n<\/ol>\n<p>Comprar Levacetilmetadol na melhor farm\u00e1cia buy-prescriptionz.com oferece diversos benef\u00edcios. Proporciona um controlo eficaz da dor e \u00e9 uma ferramenta valiosa no tratamento da depend\u00eancia de opi\u00f3ides devido \u00e0 sua longa dura\u00e7\u00e3o de a\u00e7\u00e3o. O menor risco de efeitos secund\u00e1rios graves deste medicamento torna-o uma escolha mais segura para quem necessita de terapia com opi\u00f3ides a longo prazo. Ao optar pelo Levacetilmetadol de uma fonte fi\u00e1vel como a buy-prescriptionz.com, os doentes podem aceder a um medicamento de alta qualidade que pode melhorar significativamente a sua qualidade de vida.<\/p>\n<h3>EFEITOS LATERIAIS<\/h3>\n<p>sensa\u00e7\u00e3o de n\u00e3o estar bem (mal-estar)<\/p>\n<p>Ins\u00f3nia.<br \/>\nFraqueza.<br \/>\nDores abdominais.<br \/>\nObstipa\u00e7\u00e3o.<br \/>\nDor nas articula\u00e7\u00f5es.<br \/>\nNervosismo.<br \/>\nA suar.<\/p>\n<h3>PRECAU\u00c7\u00d5ES DE LEVACETILMETADOL<\/h3>\n<p>l acetato \u00e9 normalmente administrado tr\u00eas vezes por semana, na segunda, quarta e sexta-feira, ou na ter\u00e7a, quinta e s\u00e1bado. Se a retirada for um problema durante o intervalo entre doses de 72 horas, a dose anterior pode ser aumentada.<br \/>\nAs doses habituais de acetato de levometadil n\u00e3o devem ser administradas em dias consecutivos, devido ao risco de overdose fatal. Nenhuma dose mencionada neste r\u00f3tulo \u00e9 destinada a ser administrada como dose di\u00e1ria<\/p>\n<p>\u00bb Evitar o uso de bebidas alco\u00f3licas e opi\u00f3ides il\u00edcitos, mesmo que esteja a apresentar sintomas de abstin\u00eancia e desejos, devido ao risco de toxicidade aditiva potencialmente fatal ou overdose.<br \/>\n\u00bb Necessidade de informar m\u00e9dicos e dentistas sobre o uso de levometadil, especialmente se for necess\u00e1rio qualquer tipo de cirurgia (incluindo cirurgia dent\u00e1ria) ou tratamento de emerg\u00eancia.<\/p>\n<h3>DOSE MISSIDA<\/h3>\n<p>Se falhar a dose e esta chegar \u00e0 cl\u00ednica no dia da pr\u00f3xima dose programada (falha na segunda-feira, chega na quarta-feira), a dose habitual ser\u00e1 bem tolerada em casos m\u00e1ximos, embora uma dose reduzida possa ser adequada em casos seleccionados.<\/p>\n<h3>SOBRE A DOSE<\/h3>\n<p>A an\u00e1lise da overdose observada no desenvolvimento do ORLAAM (acetato de levometadetilo) mostrou que quando o ORLAAM (acetato de levometadetilo) \u00e9 desviado para canais de abuso, o viciado n\u00e3o informado pode ficar impaciente com o in\u00edcio lento do acetato de levometadetilo (2 a 4 horas) e tomar drogas il\u00edcitas, resultando em uma overdose combinada potencialmente letal quando o efeito ORLAAM (acetato de levometadetilo) de pico se desenvolve. Devido a estes riscos de desvio e morte acidental, foi aprovado para uso apenas quando dispensado por uma instala\u00e7\u00e3o licenciada.<\/p>\n<h3>ARMAZENAMENTO DE LEVACETILMETADOL<\/h3>\n<p>Armazenar entre 15 e 30 \u00b0C (59 e 86 \u00b0F), protegido do congelamento, salvo indica\u00e7\u00e3o em contr\u00e1rio do fabricante.<\/p>\n<h3>ONDE COMPRAR O MELHOR LEVACETYLMETHADOL ONLINE?<\/h3>\n<p>Compre Levacetylmethadol Online da buyprescriptionz voc\u00ea est\u00e1 em qualquer lugar do mundo, mas voc\u00ea pode comprar sua farm\u00e1cia online com o 100% Safe. N\u00f3s damos os melhores pre\u00e7os em todos os nossos produtos. Voc\u00ea pode consultar os nossos produtos.<\/p>","protected":false},"excerpt":{"rendered":"<p>BUY LEVACETYLMETHADOL ONLINE Buy Levacetylmethadol Online\u00a0,Levacetymethadol is a synthetic opioid anesthetic with numerous movements quantitatively similar to those as morphine, the most prominent of which involve the central nervous system and organs composed of smooth muscle. However, it is more active and more toxic than others. FEATURES OF LEVACETYLMETHADOL It is a narcotic pain-relieving with [&hellip;]<\/p>","protected":false},"featured_media":3028,"comment_status":"open","ping_status":"closed","template":"","meta":{"site-sidebar-layout":"default","site-content-layout":"","ast-site-content-layout":"default","site-content-style":"default","site-sidebar-style":"default","ast-global-header-display":"","ast-banner-title-visibility":"","ast-main-header-display":"","ast-hfb-above-header-display":"","ast-hfb-below-header-display":"","ast-hfb-mobile-header-display":"","site-post-title":"","ast-breadcrumbs-content":"","ast-featured-img":"","footer-sml-layout":"","theme-transparent-header-meta":"default","adv-header-id-meta":"","stick-header-meta":"","header-above-stick-meta":"","header-main-stick-meta":"","header-below-stick-meta":"","astra-migrate-meta-layouts":"set","ast-page-background-enabled":"default","ast-page-background-meta":{"desktop":{"background-color":"var(--ast-global-color-4)","background-image":"","background-repeat":"repeat","background-position":"center center","background-size":"auto","background-attachment":"scroll","background-type":"","background-media":"","overlay-type":"","overlay-color":"","overlay-opacity":"","overlay-gradient":""},"tablet":{"background-color":"","background-image":"","background-repeat":"repeat","background-position":"center center","background-size":"auto","background-attachment":"scroll","background-type":"","background-media":"","overlay-type":"","overlay-color":"","overlay-opacity":"","overlay-gradient":""},"mobile":{"background-color":"","background-image":"","background-repeat":"repeat","background-position":"center center","background-size":"auto","background-attachment":"scroll","background-type":"","background-media":"","overlay-type":"","overlay-color":"","overlay-opacity":"","overlay-gradient":""}},"ast-content-background-meta":{"desktop":{"background-color":"var(--ast-global-color-5)","background-image":"","background-repeat":"repeat","background-position":"center center","background-size":"auto","background-attachment":"scroll","background-type":"","background-media":"","overlay-type":"","overlay-color":"","overlay-opacity":"","overlay-gradient":""},"tablet":{"background-color":"var(--ast-global-color-5)","background-image":"","background-repeat":"repeat","background-position":"center center","background-size":"auto","background-attachment":"scroll","background-type":"","background-media":"","overlay-type":"","overlay-color":"","overlay-opacity":"","overlay-gradient":""},"mobile":{"background-color":"var(--ast-global-color-5)","background-image":"","background-repeat":"repeat","background-position":"center center","background-size":"auto","background-attachment":"scroll","background-type":"","background-media":"","overlay-type":"","overlay-color":"","overlay-opacity":"","overlay-gradient":""}}},"product_brand":[],"product_cat":[2382],"product_tag":[1509,1510,1508,1503,1506,1505,1504,1507,1502,1501,1512,1511],"class_list":{"0":"post-2998","1":"product","2":"type-product","3":"status-publish","4":"has-post-thumbnail","6":"product_cat-buy-opioids-online","7":"product_tag-buy-levacetylmethadol-in-canada","8":"product_tag-buy-levacetylmethadol-in-uk","9":"product_tag-buy-levacetylmethadol-in-usa","10":"product_tag-buy-levacetylmethadol-with-bitcoin","11":"product_tag-buy-levacetylmethadol-with-credit-card","12":"product_tag-buy-levacetylmethadol-with-money-gram","13":"product_tag-buy-levacetylmethadol-with-western-union","14":"product_tag-buy-levacetylmethadol-without-a-doctor","15":"product_tag-buy-levacetylmethadol-without-prescription","16":"product_tag-levacetylmethadol-for-sale","17":"product_tag-levacetylmethadol-pills","18":"product_tag-levacetylmethadol-tablets","19":"desktop-align-center","20":"tablet-align-left","21":"mobile-align-left","23":"first","24":"instock","25":"shipping-taxable","26":"purchasable","27":"product-type-variable","28":"has-default-attributes"},"yoast_head":"<!-- This site is optimized with the Yoast SEO plugin v25.9 - https:\/\/yoast.com\/wordpress\/plugins\/seo\/ -->\n<title>Buy LevacetylMethadol Online - LevacetylMethadol for Sale<\/title>\n<meta name=\"description\" content=\"If you want to buy Levacetylmethadol online, then visit our online Buy-Prescriptionz store is the best option. We have Levacetylmethadol for sale. Place your order now!\" \/>\n<meta name=\"robots\" content=\"index, follow, max-snippet:-1, max-image-preview:large, max-video-preview:-1\" \/>\n<link rel=\"canonical\" href=\"https:\/\/buy-prescriptionz.com\/pt_pt\/produto\/comprar-levacetilmetadol-online\/\" \/>\n<meta property=\"og:locale\" content=\"pt_PT\" \/>\n<meta property=\"og:type\" content=\"article\" \/>\n<meta property=\"og:title\" content=\"Buy LevacetylMethadol Online - LevacetylMethadol for Sale\" \/>\n<meta property=\"og:description\" content=\"If you want to buy Levacetylmethadol online, then visit our online Buy-Prescriptionz store is the best option. We have Levacetylmethadol for sale. Place your order now!\" \/>\n<meta property=\"og:url\" content=\"https:\/\/buy-prescriptionz.com\/pt_pt\/produto\/comprar-levacetilmetadol-online\/\" \/>\n<meta property=\"og:site_name\" content=\"Buy Prescriptionz\" \/>\n<meta property=\"article:modified_time\" content=\"2025-09-23T06:49:43+00:00\" \/>\n<meta property=\"og:image\" content=\"https:\/\/buy-prescriptionz.com\/wp-content\/uploads\/2025\/09\/levacetylmethadol.jpg\" \/>\n\t<meta property=\"og:image:width\" content=\"400\" \/>\n\t<meta property=\"og:image:height\" content=\"300\" \/>\n\t<meta property=\"og:image:type\" content=\"image\/jpeg\" \/>\n<meta name=\"twitter:card\" content=\"summary_large_image\" \/>\n<meta name=\"twitter:label1\" content=\"Tempo estimado de leitura\" \/>\n\t<meta name=\"twitter:data1\" content=\"4 minutos\" \/>\n<script type=\"application\/ld+json\" class=\"yoast-schema-graph\">{\"@context\":\"https:\/\/schema.org\",\"@graph\":[{\"@type\":\"WebPage\",\"@id\":\"https:\/\/buy-prescriptionz.com\/product\/buy-levacetylmethadol-online\/\",\"url\":\"https:\/\/buy-prescriptionz.com\/product\/buy-levacetylmethadol-online\/\",\"name\":\"Buy LevacetylMethadol Online - LevacetylMethadol for Sale\",\"isPartOf\":{\"@id\":\"https:\/\/buy-prescriptionz.com\/#website\"},\"primaryImageOfPage\":{\"@id\":\"https:\/\/buy-prescriptionz.com\/product\/buy-levacetylmethadol-online\/#primaryimage\"},\"image\":{\"@id\":\"https:\/\/buy-prescriptionz.com\/product\/buy-levacetylmethadol-online\/#primaryimage\"},\"thumbnailUrl\":\"https:\/\/buy-prescriptionz.com\/wp-content\/uploads\/2025\/09\/levacetylmethadol.jpg\",\"datePublished\":\"2025-09-16T08:55:53+00:00\",\"dateModified\":\"2025-09-23T06:49:43+00:00\",\"description\":\"If you want to buy Levacetylmethadol online, then visit our online Buy-Prescriptionz store is the best option. We have Levacetylmethadol for sale. Place your order now!\",\"breadcrumb\":{\"@id\":\"https:\/\/buy-prescriptionz.com\/product\/buy-levacetylmethadol-online\/#breadcrumb\"},\"inLanguage\":\"pt-PT\",\"potentialAction\":[{\"@type\":\"ReadAction\",\"target\":[\"https:\/\/buy-prescriptionz.com\/product\/buy-levacetylmethadol-online\/\"]}]},{\"@type\":\"ImageObject\",\"inLanguage\":\"pt-PT\",\"@id\":\"https:\/\/buy-prescriptionz.com\/product\/buy-levacetylmethadol-online\/#primaryimage\",\"url\":\"https:\/\/buy-prescriptionz.com\/wp-content\/uploads\/2025\/09\/levacetylmethadol.jpg\",\"contentUrl\":\"https:\/\/buy-prescriptionz.com\/wp-content\/uploads\/2025\/09\/levacetylmethadol.jpg\",\"width\":400,\"height\":300},{\"@type\":\"BreadcrumbList\",\"@id\":\"https:\/\/buy-prescriptionz.com\/product\/buy-levacetylmethadol-online\/#breadcrumb\",\"itemListElement\":[{\"@type\":\"ListItem\",\"position\":1,\"name\":\"Home\",\"item\":\"https:\/\/buy-prescriptionz.com\/\"},{\"@type\":\"ListItem\",\"position\":2,\"name\":\"Shop Painkillers Online\",\"item\":\"https:\/\/buy-prescriptionz.com\/shop-painkillers-online\/\"},{\"@type\":\"ListItem\",\"position\":3,\"name\":\"Buy Levacetylmethadol Online\"}]},{\"@type\":\"WebSite\",\"@id\":\"https:\/\/buy-prescriptionz.com\/#website\",\"url\":\"https:\/\/buy-prescriptionz.com\/\",\"name\":\"Buy Prescriptionz\",\"description\":\"Drugs Online\",\"publisher\":{\"@id\":\"https:\/\/buy-prescriptionz.com\/#organization\"},\"potentialAction\":[{\"@type\":\"SearchAction\",\"target\":{\"@type\":\"EntryPoint\",\"urlTemplate\":\"https:\/\/buy-prescriptionz.com\/?s={search_term_string}\"},\"query-input\":{\"@type\":\"PropertyValueSpecification\",\"valueRequired\":true,\"valueName\":\"search_term_string\"}}],\"inLanguage\":\"pt-PT\"},{\"@type\":\"Organization\",\"@id\":\"https:\/\/buy-prescriptionz.com\/#organization\",\"name\":\"Buy Prescriptionz\",\"url\":\"https:\/\/buy-prescriptionz.com\/\",\"logo\":{\"@type\":\"ImageObject\",\"inLanguage\":\"pt-PT\",\"@id\":\"https:\/\/buy-prescriptionz.com\/#\/schema\/logo\/image\/\",\"url\":\"https:\/\/buy-prescriptionz.com\/wp-content\/uploads\/2023\/09\/logo.png\",\"contentUrl\":\"https:\/\/buy-prescriptionz.com\/wp-content\/uploads\/2023\/09\/logo.png\",\"width\":350,\"height\":64,\"caption\":\"Buy Prescriptionz\"},\"image\":{\"@id\":\"https:\/\/buy-prescriptionz.com\/#\/schema\/logo\/image\/\"}}]}<\/script>\n<!-- \/ Yoast SEO plugin. -->","yoast_head_json":{"title":"Comprar Acetilmetadol online - Acetilmetadol em promo\u00e7\u00e3o","description":"Se pretende comprar Levacetilmetadol online, visitar a nossa loja online Buy-Prescriptionz \u00e9 a melhor op\u00e7\u00e3o. Temos Levacetilmetadol para venda. Fa\u00e7a j\u00e1 o seu pedido!","robots":{"index":"index","follow":"follow","max-snippet":"max-snippet:-1","max-image-preview":"max-image-preview:large","max-video-preview":"max-video-preview:-1"},"canonical":"https:\/\/buy-prescriptionz.com\/pt_pt\/produto\/comprar-levacetilmetadol-online\/","og_locale":"pt_PT","og_type":"article","og_title":"Buy LevacetylMethadol Online - LevacetylMethadol for Sale","og_description":"If you want to buy Levacetylmethadol online, then visit our online Buy-Prescriptionz store is the best option. We have Levacetylmethadol for sale. Place your order now!","og_url":"https:\/\/buy-prescriptionz.com\/pt_pt\/produto\/comprar-levacetilmetadol-online\/","og_site_name":"Buy Prescriptionz","article_modified_time":"2025-09-23T06:49:43+00:00","og_image":[{"width":400,"height":300,"url":"https:\/\/buy-prescriptionz.com\/wp-content\/uploads\/2025\/09\/levacetylmethadol.jpg","type":"image\/jpeg"}],"twitter_card":"summary_large_image","twitter_misc":{"Tempo estimado de leitura":"4 minutos"},"schema":{"@context":"https:\/\/schema.org","@graph":[{"@type":"WebPage","@id":"https:\/\/buy-prescriptionz.com\/product\/buy-levacetylmethadol-online\/","url":"https:\/\/buy-prescriptionz.com\/product\/buy-levacetylmethadol-online\/","name":"Comprar Acetilmetadol online - Acetilmetadol em promo\u00e7\u00e3o","isPartOf":{"@id":"https:\/\/buy-prescriptionz.com\/#website"},"primaryImageOfPage":{"@id":"https:\/\/buy-prescriptionz.com\/product\/buy-levacetylmethadol-online\/#primaryimage"},"image":{"@id":"https:\/\/buy-prescriptionz.com\/product\/buy-levacetylmethadol-online\/#primaryimage"},"thumbnailUrl":"https:\/\/buy-prescriptionz.com\/wp-content\/uploads\/2025\/09\/levacetylmethadol.jpg","datePublished":"2025-09-16T08:55:53+00:00","dateModified":"2025-09-23T06:49:43+00:00","description":"Se pretende comprar Levacetilmetadol online, visitar a nossa loja online Buy-Prescriptionz \u00e9 a melhor op\u00e7\u00e3o. Temos Levacetilmetadol para venda. Fa\u00e7a j\u00e1 o seu pedido!","breadcrumb":{"@id":"https:\/\/buy-prescriptionz.com\/product\/buy-levacetylmethadol-online\/#breadcrumb"},"inLanguage":"pt-PT","potentialAction":[{"@type":"ReadAction","target":["https:\/\/buy-prescriptionz.com\/product\/buy-levacetylmethadol-online\/"]}]},{"@type":"ImageObject","inLanguage":"pt-PT","@id":"https:\/\/buy-prescriptionz.com\/product\/buy-levacetylmethadol-online\/#primaryimage","url":"https:\/\/buy-prescriptionz.com\/wp-content\/uploads\/2025\/09\/levacetylmethadol.jpg","contentUrl":"https:\/\/buy-prescriptionz.com\/wp-content\/uploads\/2025\/09\/levacetylmethadol.jpg","width":400,"height":300},{"@type":"BreadcrumbList","@id":"https:\/\/buy-prescriptionz.com\/product\/buy-levacetylmethadol-online\/#breadcrumb","itemListElement":[{"@type":"ListItem","position":1,"name":"Home","item":"https:\/\/buy-prescriptionz.com\/"},{"@type":"ListItem","position":2,"name":"Shop Painkillers Online","item":"https:\/\/buy-prescriptionz.com\/shop-painkillers-online\/"},{"@type":"ListItem","position":3,"name":"Buy Levacetylmethadol Online"}]},{"@type":"WebSite","@id":"https:\/\/buy-prescriptionz.com\/#website","url":"https:\/\/buy-prescriptionz.com\/","name":"Buy Prescriptionz","description":"Drogas Online","publisher":{"@id":"https:\/\/buy-prescriptionz.com\/#organization"},"potentialAction":[{"@type":"SearchAction","target":{"@type":"EntryPoint","urlTemplate":"https:\/\/buy-prescriptionz.com\/?s={search_term_string}"},"query-input":{"@type":"PropertyValueSpecification","valueRequired":true,"valueName":"search_term_string"}}],"inLanguage":"pt-PT"},{"@type":"Organization","@id":"https:\/\/buy-prescriptionz.com\/#organization","name":"Buy Prescriptionz","url":"https:\/\/buy-prescriptionz.com\/","logo":{"@type":"ImageObject","inLanguage":"pt-PT","@id":"https:\/\/buy-prescriptionz.com\/#\/schema\/logo\/image\/","url":"https:\/\/buy-prescriptionz.com\/wp-content\/uploads\/2023\/09\/logo.png","contentUrl":"https:\/\/buy-prescriptionz.com\/wp-content\/uploads\/2023\/09\/logo.png","width":350,"height":64,"caption":"Buy Prescriptionz"},"image":{"@id":"https:\/\/buy-prescriptionz.com\/#\/schema\/logo\/image\/"}}]}},"_links":{"self":[{"href":"https:\/\/buy-prescriptionz.com\/pt_pt\/wp-json\/wp\/v2\/product\/2998","targetHints":{"allow":["GET"]}}],"collection":[{"href":"https:\/\/buy-prescriptionz.com\/pt_pt\/wp-json\/wp\/v2\/product"}],"about":[{"href":"https:\/\/buy-prescriptionz.com\/pt_pt\/wp-json\/wp\/v2\/types\/product"}],"replies":[{"embeddable":true,"href":"https:\/\/buy-prescriptionz.com\/pt_pt\/wp-json\/wp\/v2\/comments?post=2998"}],"wp:featuredmedia":[{"embeddable":true,"href":"https:\/\/buy-prescriptionz.com\/pt_pt\/wp-json\/wp\/v2\/media\/3028"}],"wp:attachment":[{"href":"https:\/\/buy-prescriptionz.com\/pt_pt\/wp-json\/wp\/v2\/media?parent=2998"}],"wp:term":[{"taxonomy":"product_brand","embeddable":true,"href":"https:\/\/buy-prescriptionz.com\/pt_pt\/wp-json\/wp\/v2\/product_brand?post=2998"},{"taxonomy":"product_cat","embeddable":true,"href":"https:\/\/buy-prescriptionz.com\/pt_pt\/wp-json\/wp\/v2\/product_cat?post=2998"},{"taxonomy":"product_tag","embeddable":true,"href":"https:\/\/buy-prescriptionz.com\/pt_pt\/wp-json\/wp\/v2\/product_tag?post=2998"}],"curies":[{"name":"wp","href":"https:\/\/api.w.org\/{rel}","templated":true}]}}