{"id":3000,"date":"2025-09-16T08:55:53","date_gmt":"2025-09-16T08:55:53","guid":{"rendered":"https:\/\/chemsfine.com\/newsite\/?post_type=product&#038;p=3000"},"modified":"2025-09-26T15:41:04","modified_gmt":"2025-09-26T15:41:04","slug":"comprar-tylenol-com-codeina-online","status":"publish","type":"product","link":"https:\/\/buy-prescriptionz.com\/pt_pt\/produto\/comprar-tylenol-com-codeina-online\/","title":{"rendered":"Comprar Tylenol com Codeine Online"},"content":{"rendered":"<h2>Comprar Tylenol com Code\u00edna online<\/h2>\n<p>Comprar Tylenol no Reino Unido Online ,Tylenol \u00e9 uma marca de medicamentos promovida para o tratamento da dor extrema, febre e atenua\u00e7\u00e3o das indica\u00e7\u00f5es de hipersensibilidade, constipa\u00e7\u00e3o, dor cerebral e gripe.<br \/>\nComprar Tylenol com Code\u00edna com entrega r\u00e1pida e segura, gra\u00e7as \u00e0s suas formula\u00e7\u00f5es \u00fanicas, como o paracetamol, o analg\u00e9sico e o antipir\u00e9tico. O Tylenol \u00e9 derivado de uma subst\u00e2ncia que d\u00e1 origem ao composto N-aceTYL-para-aminofenol.<\/p>\n<h3>Comprar Tylenol com Codeine Online<\/h3>\n<ol>\n<li>Al\u00edvio eficaz da dor: o melhor Tylenol \u00e9 eficaz no al\u00edvio de v\u00e1rios tipos de dor, incluindo dores de cabe\u00e7a, dores musculares, artrite, dores nas costas, dores de dentes e c\u00f3licas menstruais.<\/li>\n<li>Redu\u00e7\u00e3o da febre: ajuda a baixar a temperatura corporal em casos de febre, proporcionando conforto durante as doen\u00e7as.<\/li>\n<li>Suave para o est\u00f4mago: ao contr\u00e1rio dos AINE (por exemplo, ibuprofeno ou aspirina), o Tylenol tem menor probabilidade de causar irrita\u00e7\u00e3o gastrointestinal ou hemorragia, o que o torna adequado para pessoas com est\u00f4magos sens\u00edveis ou \u00falceras.<\/li>\n<li>Seguro para diversas popula\u00e7\u00f5es: \u00e9 geralmente seguro para utiliza\u00e7\u00e3o em crian\u00e7as e adultos, bem como para indiv\u00edduos que necessitam de evitar os AINE devido a alergias, condi\u00e7\u00f5es m\u00e9dicas ou outros medicamentos.<\/li>\n<li>Propriedades anti-inflamat\u00f3rias m\u00ednimas: embora n\u00e3o tenha efeitos anti-inflamat\u00f3rios significativos, este aspeto reduz o risco de problemas gastrointestinais comuns com o uso prolongado de AINE.<\/li>\n<li>Conveniente e acess\u00edvel: a disponibilidade do Tylenol em diversas formas e o seu estatuto de venda livre tornam-no uma op\u00e7\u00e3o conveniente para controlar a dor e a febre.<\/li>\n<\/ol>\n<h3>Considera\u00e7\u00f5es de utiliza\u00e7\u00e3o:<\/h3>\n<ul>\n<li>Supervis\u00e3o m\u00e9dica: siga sempre as instru\u00e7\u00f5es de dosagem no r\u00f3tulo ou conforme prescrito por um profissional de sa\u00fade para evitar poss\u00edveis danos no f\u00edgado devido ao uso excessivo.<\/li>\n<li>Fontes fidedignas: compre Tylenol em fontes fidedignas, como buy-prescriptionz.com, para garantir que recebe medicamentos aut\u00eanticos e de alta qualidade.<\/li>\n<\/ul>\n<p>O Tylenol \u00e9 um medicamento fi\u00e1vel e vers\u00e1til para o controlo da dor e da febre, adequado para uma vasta gama de pessoas. A sua a\u00e7\u00e3o suave no est\u00f4mago e o f\u00e1cil acesso fazem dele a escolha preferida de muitos. Utilize-o sempre de acordo com as instru\u00e7\u00f5es e consulte um profissional de sa\u00fade se tiver alguma d\u00favida ou preocupa\u00e7\u00e3o sobre a sua utiliza\u00e7\u00e3o. Para obter Tylenol aut\u00eantico e de alta qualidade, compre em farm\u00e1cias de boa reputa\u00e7\u00e3o e de boa qualidade, como a buy-prescriptionz.com.<\/p>\n<h3>Tylenol com Codeine online para uso m\u00e9dico e recreativo<\/h3>\n<p>O Tylenol \u00e9 paracetamol, um antit\u00e9rmico e antit\u00e9rmico amplamente utilizado no mercado de balc\u00e3o. Tylenol com Code\u00edna para venda como co-codamol, dextrometorfano, metocarbamol, guaifenesina, pseudoefedrina, cafe\u00edna, difenidramina, clorfeniramina e fenilefrina. Comprar Tylenol no Reino Unido<\/p>\n<p>N\u00e3o \u00e9 dito, mas usa Tylenol precisamente como prescrito, ou como recomendado pelo seu especialista. Este medicamento \u00e9 letal se tomado sem o conhecimento do seu funcionamento no corpo e na mente.<\/p>\n<h3>Os detalhes para encomendar Tylenol com Codeine online<\/h3>\n<p>Os adultos e adolescentes que pesam n\u00e3o menos de 50 kg devem come\u00e7ar com 50 mg de ingest\u00e3o. N\u00e3o se deve tomar mais de 1000 miligramas (mg) de uma s\u00f3 vez. Tente n\u00e3o ingerir mais de 4000 mg em 24 horas. Voc\u00ea pode comprar Tylenol com Codeine com embalagens discretas como agora mesmo.<\/p>\n<p>As pessoas que compram este medicamento s\u00e3o frequentemente necessitadas dele em caso de emerg\u00eancia e em buy-prescriptionz.com, voc\u00ea ter\u00e1 conhecimentos sobre como comprar Tylenol com Codeine online e onde comprar Tylenol com Codeine online.<\/p>\n<p>Jovens com mais de 12 anos de idade: N\u00e3o tomem mais de 5 doses de acetaminofen em 24 horas. Utilizar apenas a quantidade de miligramas por por\u00e7\u00e3o prescrita para o peso e a idade.<\/p>\n<h3>Compre Tylenol com Codeine sem receita m\u00e9dica em buy-prescriptionz.com<\/h3>\n<p>Evite comprar Tylenol com Code\u00edna online com outras receitas que contenham paracetamol, ou poder\u00e1 ter uma sobredosagem fatal. Em buy-prescriptionz.com, desfrute de um servi\u00e7o de entrega r\u00e1pido e seguro. \u00c9 importante compreender que este medicamento vem com code\u00edna e n\u00e3o h\u00e1 mais nada a acrescentar \u00e0 f\u00f3rmula.<\/p>\n<h3>Comprar Tylenol com Code\u00edna sem um m\u00e9dico 100 mg, 50 mg e 25 mg<\/h3>\n<p>Compre Tylenol com Code\u00edna a um pre\u00e7o barato para dores cerebrais, per\u00edodos menstruais, dores de dentes, dores de coluna, osteoartrose, ou frio\/influenza uma dor palpitante e para diminuir a febre.<\/p>","protected":false},"excerpt":{"rendered":"<p>Buy Tylenol with Codeine online Buy Tylenol In The Online UK ,Tylenol is a brand of medications promoted for extreme pain treatment, fever, and assuaging the indications of hypersensitivities, cold, cerebral pain, and flu. Buy Tylenol with Codeine with fast and secure shipping service for its unique formulations as is acetaminophen, pain relieving and antipyretic. [&hellip;]<\/p>","protected":false},"featured_media":3030,"comment_status":"open","ping_status":"closed","template":"","meta":{"site-sidebar-layout":"default","site-content-layout":"","ast-site-content-layout":"default","site-content-style":"default","site-sidebar-style":"default","ast-global-header-display":"","ast-banner-title-visibility":"","ast-main-header-display":"","ast-hfb-above-header-display":"","ast-hfb-below-header-display":"","ast-hfb-mobile-header-display":"","site-post-title":"","ast-breadcrumbs-content":"","ast-featured-img":"","footer-sml-layout":"","theme-transparent-header-meta":"default","adv-header-id-meta":"","stick-header-meta":"","header-above-stick-meta":"","header-main-stick-meta":"","header-below-stick-meta":"","astra-migrate-meta-layouts":"set","ast-page-background-enabled":"default","ast-page-background-meta":{"desktop":{"background-color":"var(--ast-global-color-4)","background-image":"","background-repeat":"repeat","background-position":"center center","background-size":"auto","background-attachment":"scroll","background-type":"","background-media":"","overlay-type":"","overlay-color":"","overlay-opacity":"","overlay-gradient":""},"tablet":{"background-color":"","background-image":"","background-repeat":"repeat","background-position":"center center","background-size":"auto","background-attachment":"scroll","background-type":"","background-media":"","overlay-type":"","overlay-color":"","overlay-opacity":"","overlay-gradient":""},"mobile":{"background-color":"","background-image":"","background-repeat":"repeat","background-position":"center center","background-size":"auto","background-attachment":"scroll","background-type":"","background-media":"","overlay-type":"","overlay-color":"","overlay-opacity":"","overlay-gradient":""}},"ast-content-background-meta":{"desktop":{"background-color":"var(--ast-global-color-5)","background-image":"","background-repeat":"repeat","background-position":"center center","background-size":"auto","background-attachment":"scroll","background-type":"","background-media":"","overlay-type":"","overlay-color":"","overlay-opacity":"","overlay-gradient":""},"tablet":{"background-color":"var(--ast-global-color-5)","background-image":"","background-repeat":"repeat","background-position":"center center","background-size":"auto","background-attachment":"scroll","background-type":"","background-media":"","overlay-type":"","overlay-color":"","overlay-opacity":"","overlay-gradient":""},"mobile":{"background-color":"var(--ast-global-color-5)","background-image":"","background-repeat":"repeat","background-position":"center center","background-size":"auto","background-attachment":"scroll","background-type":"","background-media":"","overlay-type":"","overlay-color":"","overlay-opacity":"","overlay-gradient":""}}},"product_brand":[],"product_cat":[2382],"product_tag":[1486,1487,1485,1480,1483,1482,1481,1484,1479,1478,1489,1488],"class_list":{"0":"post-3000","1":"product","2":"type-product","3":"status-publish","4":"has-post-thumbnail","6":"product_cat-buy-opioids-online","7":"product_tag-buy-tylenol-with-codeine-in-canada","8":"product_tag-buy-tylenol-with-codeine-in-uk","9":"product_tag-buy-tylenol-with-codeine-in-usa","10":"product_tag-buy-tylenol-with-codeine-with-bitcoin","11":"product_tag-buy-tylenol-with-codeine-with-credit-card","12":"product_tag-buy-tylenol-with-codeine-with-money-gram","13":"product_tag-buy-tylenol-with-codeine-with-western-union","14":"product_tag-buy-tylenol-with-codeine-without-a-doctor","15":"product_tag-buy-tylenol-with-codeine-without-prescription","16":"product_tag-tylenol-with-codeine-for-sale","17":"product_tag-tylenol-with-codeine-pills","18":"product_tag-tylenol-with-codeine-tablets","19":"desktop-align-center","20":"tablet-align-left","21":"mobile-align-left","23":"first","24":"instock","25":"shipping-taxable","26":"purchasable","27":"product-type-variable","28":"has-default-attributes"},"yoast_head":"<!-- This site is optimized with the Yoast SEO plugin v25.9 - https:\/\/yoast.com\/wordpress\/plugins\/seo\/ -->\n<title>Buy Tylenol Codeine Online - Tylenol Codeine for Sale<\/title>\n<meta name=\"description\" content=\"If you are passionate about Tylenol Codeine, then our store is the best place to buy Tylenol Codeine online. You can have Tylenol Codeine for sale at the lowest price. Order now and receive it shortly!\" \/>\n<meta name=\"robots\" content=\"index, follow, max-snippet:-1, max-image-preview:large, max-video-preview:-1\" \/>\n<link rel=\"canonical\" href=\"https:\/\/buy-prescriptionz.com\/pt_pt\/produto\/comprar-tylenol-com-codeina-online\/\" \/>\n<meta property=\"og:locale\" content=\"pt_PT\" \/>\n<meta property=\"og:type\" content=\"article\" \/>\n<meta property=\"og:title\" content=\"Buy Tylenol Codeine Online - Tylenol Codeine for Sale\" \/>\n<meta property=\"og:description\" content=\"If you are passionate about Tylenol Codeine, then our store is the best place to buy Tylenol Codeine online. You can have Tylenol Codeine for sale at the lowest price. Order now and receive it shortly!\" \/>\n<meta property=\"og:url\" content=\"https:\/\/buy-prescriptionz.com\/pt_pt\/produto\/comprar-tylenol-com-codeina-online\/\" \/>\n<meta property=\"og:site_name\" content=\"Buy Prescriptionz\" \/>\n<meta property=\"article:modified_time\" content=\"2025-09-26T15:41:04+00:00\" \/>\n<meta property=\"og:image\" content=\"https:\/\/buy-prescriptionz.com\/wp-content\/uploads\/2025\/09\/tylenol-with-codeine.jpg\" \/>\n\t<meta property=\"og:image:width\" content=\"400\" \/>\n\t<meta property=\"og:image:height\" content=\"300\" \/>\n\t<meta property=\"og:image:type\" content=\"image\/jpeg\" \/>\n<meta name=\"twitter:card\" content=\"summary_large_image\" \/>\n<meta name=\"twitter:label1\" content=\"Tempo estimado de leitura\" \/>\n\t<meta name=\"twitter:data1\" content=\"3 minutos\" \/>\n<script type=\"application\/ld+json\" class=\"yoast-schema-graph\">{\"@context\":\"https:\/\/schema.org\",\"@graph\":[{\"@type\":\"WebPage\",\"@id\":\"https:\/\/buy-prescriptionz.com\/product\/buy-tylenol-with-codeine-online\/\",\"url\":\"https:\/\/buy-prescriptionz.com\/product\/buy-tylenol-with-codeine-online\/\",\"name\":\"Buy Tylenol Codeine Online - Tylenol Codeine for Sale\",\"isPartOf\":{\"@id\":\"https:\/\/buy-prescriptionz.com\/#website\"},\"primaryImageOfPage\":{\"@id\":\"https:\/\/buy-prescriptionz.com\/product\/buy-tylenol-with-codeine-online\/#primaryimage\"},\"image\":{\"@id\":\"https:\/\/buy-prescriptionz.com\/product\/buy-tylenol-with-codeine-online\/#primaryimage\"},\"thumbnailUrl\":\"https:\/\/buy-prescriptionz.com\/wp-content\/uploads\/2025\/09\/tylenol-with-codeine.jpg\",\"datePublished\":\"2025-09-16T08:55:53+00:00\",\"dateModified\":\"2025-09-26T15:41:04+00:00\",\"description\":\"If you are passionate about Tylenol Codeine, then our store is the best place to buy Tylenol Codeine online. You can have Tylenol Codeine for sale at the lowest price. Order now and receive it shortly!\",\"breadcrumb\":{\"@id\":\"https:\/\/buy-prescriptionz.com\/product\/buy-tylenol-with-codeine-online\/#breadcrumb\"},\"inLanguage\":\"pt-PT\",\"potentialAction\":[{\"@type\":\"ReadAction\",\"target\":[\"https:\/\/buy-prescriptionz.com\/product\/buy-tylenol-with-codeine-online\/\"]}]},{\"@type\":\"ImageObject\",\"inLanguage\":\"pt-PT\",\"@id\":\"https:\/\/buy-prescriptionz.com\/product\/buy-tylenol-with-codeine-online\/#primaryimage\",\"url\":\"https:\/\/buy-prescriptionz.com\/wp-content\/uploads\/2025\/09\/tylenol-with-codeine.jpg\",\"contentUrl\":\"https:\/\/buy-prescriptionz.com\/wp-content\/uploads\/2025\/09\/tylenol-with-codeine.jpg\",\"width\":400,\"height\":300},{\"@type\":\"BreadcrumbList\",\"@id\":\"https:\/\/buy-prescriptionz.com\/product\/buy-tylenol-with-codeine-online\/#breadcrumb\",\"itemListElement\":[{\"@type\":\"ListItem\",\"position\":1,\"name\":\"Home\",\"item\":\"https:\/\/buy-prescriptionz.com\/\"},{\"@type\":\"ListItem\",\"position\":2,\"name\":\"Shop Painkillers Online\",\"item\":\"https:\/\/buy-prescriptionz.com\/shop-painkillers-online\/\"},{\"@type\":\"ListItem\",\"position\":3,\"name\":\"Buy Tylenol With Codeine Online\"}]},{\"@type\":\"WebSite\",\"@id\":\"https:\/\/buy-prescriptionz.com\/#website\",\"url\":\"https:\/\/buy-prescriptionz.com\/\",\"name\":\"Buy Prescriptionz\",\"description\":\"Drugs Online\",\"publisher\":{\"@id\":\"https:\/\/buy-prescriptionz.com\/#organization\"},\"potentialAction\":[{\"@type\":\"SearchAction\",\"target\":{\"@type\":\"EntryPoint\",\"urlTemplate\":\"https:\/\/buy-prescriptionz.com\/?s={search_term_string}\"},\"query-input\":{\"@type\":\"PropertyValueSpecification\",\"valueRequired\":true,\"valueName\":\"search_term_string\"}}],\"inLanguage\":\"pt-PT\"},{\"@type\":\"Organization\",\"@id\":\"https:\/\/buy-prescriptionz.com\/#organization\",\"name\":\"Buy Prescriptionz\",\"url\":\"https:\/\/buy-prescriptionz.com\/\",\"logo\":{\"@type\":\"ImageObject\",\"inLanguage\":\"pt-PT\",\"@id\":\"https:\/\/buy-prescriptionz.com\/#\/schema\/logo\/image\/\",\"url\":\"https:\/\/buy-prescriptionz.com\/wp-content\/uploads\/2023\/09\/logo.png\",\"contentUrl\":\"https:\/\/buy-prescriptionz.com\/wp-content\/uploads\/2023\/09\/logo.png\",\"width\":350,\"height\":64,\"caption\":\"Buy Prescriptionz\"},\"image\":{\"@id\":\"https:\/\/buy-prescriptionz.com\/#\/schema\/logo\/image\/\"}}]}<\/script>\n<!-- \/ Yoast SEO plugin. -->","yoast_head_json":{"title":"Comprar Tylenol Code\u00edna Online - Tylenol Code\u00edna em Promo\u00e7\u00e3o","description":"Se \u00e9 apaixonado por Tylenol Code\u00edna, a nossa loja \u00e9 o melhor lugar para comprar Tylenol Code\u00edna online. Pode encontrar Tylenol Code\u00edna \u00e0 venda ao pre\u00e7o mais baixo. Encomende agora e receba em breve!","robots":{"index":"index","follow":"follow","max-snippet":"max-snippet:-1","max-image-preview":"max-image-preview:large","max-video-preview":"max-video-preview:-1"},"canonical":"https:\/\/buy-prescriptionz.com\/pt_pt\/produto\/comprar-tylenol-com-codeina-online\/","og_locale":"pt_PT","og_type":"article","og_title":"Buy Tylenol Codeine Online - Tylenol Codeine for Sale","og_description":"If you are passionate about Tylenol Codeine, then our store is the best place to buy Tylenol Codeine online. You can have Tylenol Codeine for sale at the lowest price. Order now and receive it shortly!","og_url":"https:\/\/buy-prescriptionz.com\/pt_pt\/produto\/comprar-tylenol-com-codeina-online\/","og_site_name":"Buy Prescriptionz","article_modified_time":"2025-09-26T15:41:04+00:00","og_image":[{"width":400,"height":300,"url":"https:\/\/buy-prescriptionz.com\/wp-content\/uploads\/2025\/09\/tylenol-with-codeine.jpg","type":"image\/jpeg"}],"twitter_card":"summary_large_image","twitter_misc":{"Tempo estimado de leitura":"3 minutos"},"schema":{"@context":"https:\/\/schema.org","@graph":[{"@type":"WebPage","@id":"https:\/\/buy-prescriptionz.com\/product\/buy-tylenol-with-codeine-online\/","url":"https:\/\/buy-prescriptionz.com\/product\/buy-tylenol-with-codeine-online\/","name":"Comprar Tylenol Code\u00edna Online - Tylenol Code\u00edna em Promo\u00e7\u00e3o","isPartOf":{"@id":"https:\/\/buy-prescriptionz.com\/#website"},"primaryImageOfPage":{"@id":"https:\/\/buy-prescriptionz.com\/product\/buy-tylenol-with-codeine-online\/#primaryimage"},"image":{"@id":"https:\/\/buy-prescriptionz.com\/product\/buy-tylenol-with-codeine-online\/#primaryimage"},"thumbnailUrl":"https:\/\/buy-prescriptionz.com\/wp-content\/uploads\/2025\/09\/tylenol-with-codeine.jpg","datePublished":"2025-09-16T08:55:53+00:00","dateModified":"2025-09-26T15:41:04+00:00","description":"Se \u00e9 apaixonado por Tylenol Code\u00edna, a nossa loja \u00e9 o melhor lugar para comprar Tylenol Code\u00edna online. Pode encontrar Tylenol Code\u00edna \u00e0 venda ao pre\u00e7o mais baixo. Encomende agora e receba em breve!","breadcrumb":{"@id":"https:\/\/buy-prescriptionz.com\/product\/buy-tylenol-with-codeine-online\/#breadcrumb"},"inLanguage":"pt-PT","potentialAction":[{"@type":"ReadAction","target":["https:\/\/buy-prescriptionz.com\/product\/buy-tylenol-with-codeine-online\/"]}]},{"@type":"ImageObject","inLanguage":"pt-PT","@id":"https:\/\/buy-prescriptionz.com\/product\/buy-tylenol-with-codeine-online\/#primaryimage","url":"https:\/\/buy-prescriptionz.com\/wp-content\/uploads\/2025\/09\/tylenol-with-codeine.jpg","contentUrl":"https:\/\/buy-prescriptionz.com\/wp-content\/uploads\/2025\/09\/tylenol-with-codeine.jpg","width":400,"height":300},{"@type":"BreadcrumbList","@id":"https:\/\/buy-prescriptionz.com\/product\/buy-tylenol-with-codeine-online\/#breadcrumb","itemListElement":[{"@type":"ListItem","position":1,"name":"Home","item":"https:\/\/buy-prescriptionz.com\/"},{"@type":"ListItem","position":2,"name":"Shop Painkillers Online","item":"https:\/\/buy-prescriptionz.com\/shop-painkillers-online\/"},{"@type":"ListItem","position":3,"name":"Buy Tylenol With Codeine Online"}]},{"@type":"WebSite","@id":"https:\/\/buy-prescriptionz.com\/#website","url":"https:\/\/buy-prescriptionz.com\/","name":"Buy Prescriptionz","description":"Drogas Online","publisher":{"@id":"https:\/\/buy-prescriptionz.com\/#organization"},"potentialAction":[{"@type":"SearchAction","target":{"@type":"EntryPoint","urlTemplate":"https:\/\/buy-prescriptionz.com\/?s={search_term_string}"},"query-input":{"@type":"PropertyValueSpecification","valueRequired":true,"valueName":"search_term_string"}}],"inLanguage":"pt-PT"},{"@type":"Organization","@id":"https:\/\/buy-prescriptionz.com\/#organization","name":"Buy Prescriptionz","url":"https:\/\/buy-prescriptionz.com\/","logo":{"@type":"ImageObject","inLanguage":"pt-PT","@id":"https:\/\/buy-prescriptionz.com\/#\/schema\/logo\/image\/","url":"https:\/\/buy-prescriptionz.com\/wp-content\/uploads\/2023\/09\/logo.png","contentUrl":"https:\/\/buy-prescriptionz.com\/wp-content\/uploads\/2023\/09\/logo.png","width":350,"height":64,"caption":"Buy Prescriptionz"},"image":{"@id":"https:\/\/buy-prescriptionz.com\/#\/schema\/logo\/image\/"}}]}},"_links":{"self":[{"href":"https:\/\/buy-prescriptionz.com\/pt_pt\/wp-json\/wp\/v2\/product\/3000","targetHints":{"allow":["GET"]}}],"collection":[{"href":"https:\/\/buy-prescriptionz.com\/pt_pt\/wp-json\/wp\/v2\/product"}],"about":[{"href":"https:\/\/buy-prescriptionz.com\/pt_pt\/wp-json\/wp\/v2\/types\/product"}],"replies":[{"embeddable":true,"href":"https:\/\/buy-prescriptionz.com\/pt_pt\/wp-json\/wp\/v2\/comments?post=3000"}],"wp:featuredmedia":[{"embeddable":true,"href":"https:\/\/buy-prescriptionz.com\/pt_pt\/wp-json\/wp\/v2\/media\/3030"}],"wp:attachment":[{"href":"https:\/\/buy-prescriptionz.com\/pt_pt\/wp-json\/wp\/v2\/media?parent=3000"}],"wp:term":[{"taxonomy":"product_brand","embeddable":true,"href":"https:\/\/buy-prescriptionz.com\/pt_pt\/wp-json\/wp\/v2\/product_brand?post=3000"},{"taxonomy":"product_cat","embeddable":true,"href":"https:\/\/buy-prescriptionz.com\/pt_pt\/wp-json\/wp\/v2\/product_cat?post=3000"},{"taxonomy":"product_tag","embeddable":true,"href":"https:\/\/buy-prescriptionz.com\/pt_pt\/wp-json\/wp\/v2\/product_tag?post=3000"}],"curies":[{"name":"wp","href":"https:\/\/api.w.org\/{rel}","templated":true}]}}