{"id":3001,"date":"2025-09-16T08:55:53","date_gmt":"2025-09-16T08:55:53","guid":{"rendered":"https:\/\/chemsfine.com\/newsite\/?post_type=product&#038;p=3001"},"modified":"2025-09-19T13:33:38","modified_gmt":"2025-09-19T13:33:38","slug":"comprar-xarope-de-prometazina-actavis-online","status":"publish","type":"product","link":"https:\/\/buy-prescriptionz.com\/pt_pt\/produto\/comprar-xarope-de-prometazina-actavis-online\/","title":{"rendered":"Comprar Actavis Promethazine Syrup Online"},"content":{"rendered":"<h2 style=\"text-align: justify;\">COMPRAR XAROPE DE PROMETAZINA ACTAVIS ONLINE<\/h2>\n<p style=\"text-align: justify;\">Buy Actavis <a href=\"https:\/\/buy-prescriptionz.com\/pt_pt\/produto\/biphetamine\/\">Promethazine<\/a> Syrup Online, Actavis promethazine syrup is used to treat symptoms caused by the common cold, flu, allergies, and other breathing illnesses. It contains Promethazine hydrochloride 6.25 mg and codeine phosphate 10 mg in a flavored syrup base with a pH between 4.8 and 5.4, Alcohol 7%.<\/p>\n<h3 style=\"text-align: justify;\">CARACTER\u00cdSTICAS<\/h3>\n<p style=\"text-align: justify;\">It works by decreasing the effects of histamine, a compound the body releases in response to certain irritants. And also Phenergan is used as a sedative and sleep aid for all types of patients and prevent or control nausea and vomiting, treat motion sickness. You can use it with the other medicines, for pain after surgery also.<\/p>\n<h3 style=\"text-align: justify;\">PRECAU\u00c7\u00d5ES<\/h3>\n<p style=\"text-align: justify;\">Contact doctor immediately if you have experience of extreme sleepiness, confusion, or shallow breathing. Blood tests may be needed sometimes to check for unwanted effects.<\/p>\n<p style=\"text-align: justify;\"><strong>Do not give this medicine to:<\/strong><\/p>\n<p style=\"text-align: justify;\">\u2022 Children younger than 12 years of age.<br \/>\n\u2022 Children younger than 18 years age had surgery removal of tonsils or adenoids.<br \/>\n\u2022 Children\u2019s of age in between 12 to 18 years who have a high risk for breathing problems (eg, <a href=\"https:\/\/de.wikipedia.org\/w\/index.php?sort=relevance&amp;search=Promethazine&amp;title=Spezial%3ASuche&amp;profile=advanced&amp;fulltext=1&amp;advancedSearch-current=%7B%7D&amp;ns0=1\">obstructive<\/a> sleep apnea, obesity, lung disease).<\/p>\n<h3 style=\"text-align: justify;\">EFEITOS LATERIAIS<\/h3>\n<p style=\"text-align: justify;\">This medicine may be habit-forming. If you feel that it is not working as well, do not use more than your prescribed dose. Call your doctor for instructions.<\/p>\n<p style=\"text-align: justify;\">Promethazine may increase your risk for convulsions (seizures). It may also cause dystonia (movement disorder). This is more likely sick children with diarrhea.<\/p>\n<p>It makes your skin more sensitive to sunlight. Use sunscreen when you are outdoors. Avoid sunlamps and tanning beds.<\/p>\n<p style=\"text-align: justify;\">Do not take other medicines unless they have been discussed with doctor. It includes prescription or nonprescription OTC (over-the-counter) medicines and herbal or vitamin supplements.<\/p>\n<p style=\"text-align: justify;\">Contact immediately your doctor if you have any concerns.<\/p>\n<h3>Compreender o xarope de prometazina Actavis: uma vis\u00e3o geral<\/h3>\n<p>O xarope de prometazina Actavis \u00e9 um medicamento de prescri\u00e7\u00e3o utilizado para tratar sintomas de alergias, constipa\u00e7\u00f5es e tosse. Cont\u00e9m uma combina\u00e7\u00e3o de prometazina (um anti-histam\u00ednico) e code\u00edna (um supressor da tosse narc\u00f3tico), que atuam em conjunto para aliviar a tosse, espirros, corrimento nasal e outros sintomas associados a doen\u00e7as respirat\u00f3rias.<\/p>\n<h3>Como funciona o xarope de prometazina Actavis<\/h3>\n<p>A prometazina atua bloqueando os efeitos da histamina, uma subst\u00e2ncia natural do organismo libertada durante as rea\u00e7\u00f5es al\u00e9rgicas. Ao bloquear a histamina, a prometazina ajuda a reduzir sintomas como comich\u00e3o, espirros e olhos lacrimejantes. A code\u00edna atua no c\u00e9rebro para suprimir o reflexo da tosse, facilitando a respira\u00e7\u00e3o e reduzindo a vontade de tossir.<\/p>\n<h3>Benef\u00edcios do xarope de prometazina Actavis<\/h3>\n<ol>\n<li><strong>Al\u00edvio eficaz dos sintomas<\/strong>: O melhor xarope de prometazina Actavis proporciona um al\u00edvio r\u00e1pido e eficaz de sintomas como tosse, espirros e congest\u00e3o, permitindo que os utilizadores se sintam mais confort\u00e1veis \u200b\u200be respirem mais facilmente.<\/li>\n<li><strong>Combina\u00e7\u00e3o de medicamentos<\/strong>:A combina\u00e7\u00e3o de prometazina e code\u00edna no xarope de prometazina Actavis oferece uma abordagem abrangente para tratar os sintomas respirat\u00f3rios, atuando tanto na causa subjacente das alergias e constipa\u00e7\u00f5es como na tosse associada.<\/li>\n<li><strong>For\u00e7a da prescri\u00e7\u00e3o<\/strong>: O xarope de prometazina Actavis \u00e9 um medicamento de prescri\u00e7\u00e3o, o que significa que \u00e9 formulado com concentra\u00e7\u00f5es mais elevadas de ingredientes ativos, proporcionando um al\u00edvio mais potente dos sintomas em compara\u00e7\u00e3o com os medicamentos de venda livre.<\/li>\n<li><strong>Tratamento Vers\u00e1til<\/strong>: Al\u00e9m das alergias e constipa\u00e7\u00f5es, o xarope de prometazina Actavis tamb\u00e9m pode ser utilizado para tratar outras condi\u00e7\u00f5es, como bronquite, sinusite e outras infe\u00e7\u00f5es respirat\u00f3rias.<\/li>\n<li><strong>Dosagem personaliz\u00e1vel<\/strong>: O xarope de prometazina Actavis apresenta-se em diferentes dosagens, permitindo aos profissionais de sa\u00fade adaptar a dosagem \u00e0s necessidades espec\u00edficas de cada indiv\u00edduo para um al\u00edvio ideal dos sintomas.<\/li>\n<\/ol>\n<h3>O xarope de prometazina Actavis \u00e9 adequado para si?<\/h3>\n<p>Antes de iniciar o tratamento com Actavis Xarope de Prometazina, \u00e9 importante consultar um profissional de sa\u00fade para determinar se esta \u00e9 a op\u00e7\u00e3o de tratamento adequada para a sua condi\u00e7\u00e3o. O seu profissional de sa\u00fade ter\u00e1 em conta fatores como o seu historial cl\u00ednico, a medica\u00e7\u00e3o atual e a gravidade dos seus sintomas para determinar se o Actavis Xarope de Prometazina \u00e9 adequado para si.<\/p>\n<h3>Onde comprar xarope de prometazina Actavis<\/h3>\n<p>Se recebeu uma receita de xarope de prometazina Actavis e se pergunta onde compr\u00e1-lo, pode comprar medicamentos sujeitos a receita m\u00e9dica online na melhor farm\u00e1cia, como buy-prescriptionz.com. Comprar medicamentos sujeitos a receita m\u00e9dica online \u00e9 pr\u00e1tico e confidencial, permitindo-lhe obter o tratamento necess\u00e1rio sem ter de se deslocar a uma farm\u00e1cia f\u00edsica.<\/p>\n<h3 style=\"text-align: justify;\">DOSE MISSIDA<\/h3>\n<p style=\"text-align: justify;\">If you miss a dose of the medicine, take it as soon as possible. However, if it is almost time for next dose, skip the missed dose and just go back to your regular dosing schedule. Do not double doses.<\/p>\n<h3 style=\"text-align: justify;\">SOBRE A DOSE<\/h3>\n<p style=\"text-align: justify;\">Symptoms of Phenergan overdose may include:<\/p>\n<p style=\"text-align: justify;\">This medicine may cause some people to become dizzy, drowsy, large pupils, flushing, nausea, vomiting, shallow breathing, and fainting. If you experience one of them contact your doctor immediately.<\/p>\n<h3 style=\"text-align: justify;\">ARMAZENAR<\/h3>\n<p style=\"text-align: justify;\">Store it at room temperature in a closed container, away from heat, moisture, and direct light. Keep it from freezing. Also keep out of the reach of kids.<\/p>\n<h3 style=\"text-align: justify;\">WHERE TO BUY ACTAVIS PROMETHAZINE SYRUP ONLINE?<\/h3>\n<p style=\"text-align: justify;\">Compre o xarope de prometazina Actavis online connosco (buy-prescriptionz.com) \u00e0 sua porta ao melhor pre\u00e7o. Mantenha-se sempre saud\u00e1vel. Pe\u00e7a j\u00e1!<\/p>","protected":false},"excerpt":{"rendered":"<p>BUY ACTAVIS PROMETHAZINE SYRUP ONLINE Buy Actavis Promethazine Syrup Online, Actavis promethazine syrup is used to treat symptoms caused by the common cold, flu, allergies, and other breathing illnesses. It contains Promethazine hydrochloride 6.25 mg and codeine phosphate 10 mg in a flavored syrup base with a pH between 4.8 and 5.4, Alcohol 7%. FEATURES [&hellip;]<\/p>","protected":false},"featured_media":3031,"comment_status":"open","ping_status":"closed","template":"","meta":{"site-sidebar-layout":"default","site-content-layout":"","ast-site-content-layout":"default","site-content-style":"default","site-sidebar-style":"default","ast-global-header-display":"","ast-banner-title-visibility":"","ast-main-header-display":"","ast-hfb-above-header-display":"","ast-hfb-below-header-display":"","ast-hfb-mobile-header-display":"","site-post-title":"","ast-breadcrumbs-content":"","ast-featured-img":"","footer-sml-layout":"","theme-transparent-header-meta":"default","adv-header-id-meta":"","stick-header-meta":"","header-above-stick-meta":"","header-main-stick-meta":"","header-below-stick-meta":"","astra-migrate-meta-layouts":"set","ast-page-background-enabled":"default","ast-page-background-meta":{"desktop":{"background-color":"var(--ast-global-color-4)","background-image":"","background-repeat":"repeat","background-position":"center center","background-size":"auto","background-attachment":"scroll","background-type":"","background-media":"","overlay-type":"","overlay-color":"","overlay-opacity":"","overlay-gradient":""},"tablet":{"background-color":"","background-image":"","background-repeat":"repeat","background-position":"center center","background-size":"auto","background-attachment":"scroll","background-type":"","background-media":"","overlay-type":"","overlay-color":"","overlay-opacity":"","overlay-gradient":""},"mobile":{"background-color":"","background-image":"","background-repeat":"repeat","background-position":"center center","background-size":"auto","background-attachment":"scroll","background-type":"","background-media":"","overlay-type":"","overlay-color":"","overlay-opacity":"","overlay-gradient":""}},"ast-content-background-meta":{"desktop":{"background-color":"var(--ast-global-color-5)","background-image":"","background-repeat":"repeat","background-position":"center center","background-size":"auto","background-attachment":"scroll","background-type":"","background-media":"","overlay-type":"","overlay-color":"","overlay-opacity":"","overlay-gradient":""},"tablet":{"background-color":"var(--ast-global-color-5)","background-image":"","background-repeat":"repeat","background-position":"center center","background-size":"auto","background-attachment":"scroll","background-type":"","background-media":"","overlay-type":"","overlay-color":"","overlay-opacity":"","overlay-gradient":""},"mobile":{"background-color":"var(--ast-global-color-5)","background-image":"","background-repeat":"repeat","background-position":"center center","background-size":"auto","background-attachment":"scroll","background-type":"","background-media":"","overlay-type":"","overlay-color":"","overlay-opacity":"","overlay-gradient":""}}},"product_brand":[],"product_cat":[2382],"product_tag":[],"class_list":{"0":"post-3001","1":"product","2":"type-product","3":"status-publish","4":"has-post-thumbnail","6":"product_cat-buy-opioids-online","7":"desktop-align-center","8":"tablet-align-left","9":"mobile-align-left","11":"first","12":"instock","13":"shipping-taxable","14":"purchasable","15":"product-type-variable","16":"has-default-attributes"},"yoast_head":"<!-- This site is optimized with the Yoast SEO plugin v25.9 - https:\/\/yoast.com\/wordpress\/plugins\/seo\/ -->\n<title>Actavis Promethazine Syrup for Sale - Buy Actavis Promethazine Syrup Online<\/title>\n<meta name=\"description\" content=\"You can now get Actavis Promethazine Syrup for sale from our top Chems store. Our staff will assist you to buy Actavis Promethazine Syrup online at the best prices. Order Actavis Promethazine Syrup online today with worldwide shipping!\" \/>\n<meta name=\"robots\" content=\"index, follow, max-snippet:-1, max-image-preview:large, max-video-preview:-1\" \/>\n<link rel=\"canonical\" href=\"https:\/\/buy-prescriptionz.com\/pt_pt\/produto\/comprar-xarope-de-prometazina-actavis-online\/\" \/>\n<meta property=\"og:locale\" content=\"pt_PT\" \/>\n<meta property=\"og:type\" content=\"article\" \/>\n<meta property=\"og:title\" content=\"Actavis Promethazine Syrup for Sale - Buy Actavis Promethazine Syrup Online\" \/>\n<meta property=\"og:description\" content=\"You can now get Actavis Promethazine Syrup for sale from our top Chems store. Our staff will assist you to buy Actavis Promethazine Syrup online at the best prices. Order Actavis Promethazine Syrup online today with worldwide shipping!\" \/>\n<meta property=\"og:url\" content=\"https:\/\/buy-prescriptionz.com\/pt_pt\/produto\/comprar-xarope-de-prometazina-actavis-online\/\" \/>\n<meta property=\"og:site_name\" content=\"Buy Prescriptionz\" \/>\n<meta property=\"article:modified_time\" content=\"2025-09-19T13:33:38+00:00\" \/>\n<meta property=\"og:image\" content=\"https:\/\/buy-prescriptionz.com\/wp-content\/uploads\/2025\/09\/actavis-promathazine-syrup.jpg\" \/>\n\t<meta property=\"og:image:width\" content=\"400\" \/>\n\t<meta property=\"og:image:height\" content=\"300\" \/>\n\t<meta property=\"og:image:type\" content=\"image\/jpeg\" \/>\n<meta name=\"twitter:card\" content=\"summary_large_image\" \/>\n<meta name=\"twitter:label1\" content=\"Tempo estimado de leitura\" \/>\n\t<meta name=\"twitter:data1\" content=\"4 minutos\" \/>\n<script type=\"application\/ld+json\" class=\"yoast-schema-graph\">{\"@context\":\"https:\/\/schema.org\",\"@graph\":[{\"@type\":\"WebPage\",\"@id\":\"https:\/\/buy-prescriptionz.com\/cs\/produkt\/koupit-actavis-promethazin-sirup-online\/\",\"url\":\"https:\/\/buy-prescriptionz.com\/cs\/produkt\/koupit-actavis-promethazin-sirup-online\/\",\"name\":\"Actavis Promethazine Syrup for Sale - Buy Actavis Promethazine Syrup Online\",\"isPartOf\":{\"@id\":\"https:\/\/buy-prescriptionz.com\/#website\"},\"primaryImageOfPage\":{\"@id\":\"https:\/\/buy-prescriptionz.com\/cs\/produkt\/koupit-actavis-promethazin-sirup-online\/#primaryimage\"},\"image\":{\"@id\":\"https:\/\/buy-prescriptionz.com\/cs\/produkt\/koupit-actavis-promethazin-sirup-online\/#primaryimage\"},\"thumbnailUrl\":\"https:\/\/buy-prescriptionz.com\/wp-content\/uploads\/2025\/09\/actavis-promathazine-syrup.jpg\",\"datePublished\":\"2025-09-16T08:55:53+00:00\",\"dateModified\":\"2025-09-19T13:33:38+00:00\",\"description\":\"You can now get Actavis Promethazine Syrup for sale from our top Chems store. Our staff will assist you to buy Actavis Promethazine Syrup online at the best prices. Order Actavis Promethazine Syrup online today with worldwide shipping!\",\"breadcrumb\":{\"@id\":\"https:\/\/buy-prescriptionz.com\/cs\/produkt\/koupit-actavis-promethazin-sirup-online\/#breadcrumb\"},\"inLanguage\":\"pt-PT\",\"potentialAction\":[{\"@type\":\"ReadAction\",\"target\":[\"https:\/\/buy-prescriptionz.com\/cs\/produkt\/koupit-actavis-promethazin-sirup-online\/\"]}]},{\"@type\":\"ImageObject\",\"inLanguage\":\"pt-PT\",\"@id\":\"https:\/\/buy-prescriptionz.com\/cs\/produkt\/koupit-actavis-promethazin-sirup-online\/#primaryimage\",\"url\":\"https:\/\/buy-prescriptionz.com\/wp-content\/uploads\/2025\/09\/actavis-promathazine-syrup.jpg\",\"contentUrl\":\"https:\/\/buy-prescriptionz.com\/wp-content\/uploads\/2025\/09\/actavis-promathazine-syrup.jpg\",\"width\":400,\"height\":300},{\"@type\":\"BreadcrumbList\",\"@id\":\"https:\/\/buy-prescriptionz.com\/cs\/produkt\/koupit-actavis-promethazin-sirup-online\/#breadcrumb\",\"itemListElement\":[{\"@type\":\"ListItem\",\"position\":1,\"name\":\"Home\",\"item\":\"https:\/\/buy-prescriptionz.com\/\"},{\"@type\":\"ListItem\",\"position\":2,\"name\":\"Shop Painkillers Online\",\"item\":\"https:\/\/buy-prescriptionz.com\/shop-painkillers-online\/\"},{\"@type\":\"ListItem\",\"position\":3,\"name\":\"Buy Actavis Promethazine Syrup Online\"}]},{\"@type\":\"WebSite\",\"@id\":\"https:\/\/buy-prescriptionz.com\/#website\",\"url\":\"https:\/\/buy-prescriptionz.com\/\",\"name\":\"Buy Prescriptionz\",\"description\":\"Drugs Online\",\"publisher\":{\"@id\":\"https:\/\/buy-prescriptionz.com\/#organization\"},\"potentialAction\":[{\"@type\":\"SearchAction\",\"target\":{\"@type\":\"EntryPoint\",\"urlTemplate\":\"https:\/\/buy-prescriptionz.com\/?s={search_term_string}\"},\"query-input\":{\"@type\":\"PropertyValueSpecification\",\"valueRequired\":true,\"valueName\":\"search_term_string\"}}],\"inLanguage\":\"pt-PT\"},{\"@type\":\"Organization\",\"@id\":\"https:\/\/buy-prescriptionz.com\/#organization\",\"name\":\"Buy Prescriptionz\",\"url\":\"https:\/\/buy-prescriptionz.com\/\",\"logo\":{\"@type\":\"ImageObject\",\"inLanguage\":\"pt-PT\",\"@id\":\"https:\/\/buy-prescriptionz.com\/#\/schema\/logo\/image\/\",\"url\":\"https:\/\/buy-prescriptionz.com\/wp-content\/uploads\/2023\/09\/logo.png\",\"contentUrl\":\"https:\/\/buy-prescriptionz.com\/wp-content\/uploads\/2023\/09\/logo.png\",\"width\":350,\"height\":64,\"caption\":\"Buy Prescriptionz\"},\"image\":{\"@id\":\"https:\/\/buy-prescriptionz.com\/#\/schema\/logo\/image\/\"}}]}<\/script>\n<!-- \/ Yoast SEO plugin. -->","yoast_head_json":{"title":"Xarope de prometazina Actavis em promo\u00e7\u00e3o - Comprar xarope de prometazina Actavis online","description":"Agora pode comprar o xarope de prometazina Actavis \u00e0 venda na nossa loja Chems. A nossa equipa ir\u00e1 ajud\u00e1-lo a comprar xarope de prometazina Actavis online aos melhores pre\u00e7os. Encomende hoje mesmo o xarope de prometazina Actavis online com entrega em todo o mundo!","robots":{"index":"index","follow":"follow","max-snippet":"max-snippet:-1","max-image-preview":"max-image-preview:large","max-video-preview":"max-video-preview:-1"},"canonical":"https:\/\/buy-prescriptionz.com\/pt_pt\/produto\/comprar-xarope-de-prometazina-actavis-online\/","og_locale":"pt_PT","og_type":"article","og_title":"Actavis Promethazine Syrup for Sale - Buy Actavis Promethazine Syrup Online","og_description":"You can now get Actavis Promethazine Syrup for sale from our top Chems store. Our staff will assist you to buy Actavis Promethazine Syrup online at the best prices. Order Actavis Promethazine Syrup online today with worldwide shipping!","og_url":"https:\/\/buy-prescriptionz.com\/pt_pt\/produto\/comprar-xarope-de-prometazina-actavis-online\/","og_site_name":"Buy Prescriptionz","article_modified_time":"2025-09-19T13:33:38+00:00","og_image":[{"width":400,"height":300,"url":"https:\/\/buy-prescriptionz.com\/wp-content\/uploads\/2025\/09\/actavis-promathazine-syrup.jpg","type":"image\/jpeg"}],"twitter_card":"summary_large_image","twitter_misc":{"Tempo estimado de leitura":"4 minutos"},"schema":{"@context":"https:\/\/schema.org","@graph":[{"@type":"WebPage","@id":"https:\/\/buy-prescriptionz.com\/cs\/produkt\/koupit-actavis-promethazin-sirup-online\/","url":"https:\/\/buy-prescriptionz.com\/cs\/produkt\/koupit-actavis-promethazin-sirup-online\/","name":"Xarope de prometazina Actavis em promo\u00e7\u00e3o - Comprar xarope de prometazina Actavis online","isPartOf":{"@id":"https:\/\/buy-prescriptionz.com\/#website"},"primaryImageOfPage":{"@id":"https:\/\/buy-prescriptionz.com\/cs\/produkt\/koupit-actavis-promethazin-sirup-online\/#primaryimage"},"image":{"@id":"https:\/\/buy-prescriptionz.com\/cs\/produkt\/koupit-actavis-promethazin-sirup-online\/#primaryimage"},"thumbnailUrl":"https:\/\/buy-prescriptionz.com\/wp-content\/uploads\/2025\/09\/actavis-promathazine-syrup.jpg","datePublished":"2025-09-16T08:55:53+00:00","dateModified":"2025-09-19T13:33:38+00:00","description":"Agora pode comprar o xarope de prometazina Actavis \u00e0 venda na nossa loja Chems. A nossa equipa ir\u00e1 ajud\u00e1-lo a comprar xarope de prometazina Actavis online aos melhores pre\u00e7os. Encomende hoje mesmo o xarope de prometazina Actavis online com entrega em todo o mundo!","breadcrumb":{"@id":"https:\/\/buy-prescriptionz.com\/cs\/produkt\/koupit-actavis-promethazin-sirup-online\/#breadcrumb"},"inLanguage":"pt-PT","potentialAction":[{"@type":"ReadAction","target":["https:\/\/buy-prescriptionz.com\/cs\/produkt\/koupit-actavis-promethazin-sirup-online\/"]}]},{"@type":"ImageObject","inLanguage":"pt-PT","@id":"https:\/\/buy-prescriptionz.com\/cs\/produkt\/koupit-actavis-promethazin-sirup-online\/#primaryimage","url":"https:\/\/buy-prescriptionz.com\/wp-content\/uploads\/2025\/09\/actavis-promathazine-syrup.jpg","contentUrl":"https:\/\/buy-prescriptionz.com\/wp-content\/uploads\/2025\/09\/actavis-promathazine-syrup.jpg","width":400,"height":300},{"@type":"BreadcrumbList","@id":"https:\/\/buy-prescriptionz.com\/cs\/produkt\/koupit-actavis-promethazin-sirup-online\/#breadcrumb","itemListElement":[{"@type":"ListItem","position":1,"name":"Home","item":"https:\/\/buy-prescriptionz.com\/"},{"@type":"ListItem","position":2,"name":"Shop Painkillers Online","item":"https:\/\/buy-prescriptionz.com\/shop-painkillers-online\/"},{"@type":"ListItem","position":3,"name":"Buy Actavis Promethazine Syrup Online"}]},{"@type":"WebSite","@id":"https:\/\/buy-prescriptionz.com\/#website","url":"https:\/\/buy-prescriptionz.com\/","name":"Buy Prescriptionz","description":"Drogas Online","publisher":{"@id":"https:\/\/buy-prescriptionz.com\/#organization"},"potentialAction":[{"@type":"SearchAction","target":{"@type":"EntryPoint","urlTemplate":"https:\/\/buy-prescriptionz.com\/?s={search_term_string}"},"query-input":{"@type":"PropertyValueSpecification","valueRequired":true,"valueName":"search_term_string"}}],"inLanguage":"pt-PT"},{"@type":"Organization","@id":"https:\/\/buy-prescriptionz.com\/#organization","name":"Buy Prescriptionz","url":"https:\/\/buy-prescriptionz.com\/","logo":{"@type":"ImageObject","inLanguage":"pt-PT","@id":"https:\/\/buy-prescriptionz.com\/#\/schema\/logo\/image\/","url":"https:\/\/buy-prescriptionz.com\/wp-content\/uploads\/2023\/09\/logo.png","contentUrl":"https:\/\/buy-prescriptionz.com\/wp-content\/uploads\/2023\/09\/logo.png","width":350,"height":64,"caption":"Buy Prescriptionz"},"image":{"@id":"https:\/\/buy-prescriptionz.com\/#\/schema\/logo\/image\/"}}]}},"_links":{"self":[{"href":"https:\/\/buy-prescriptionz.com\/pt_pt\/wp-json\/wp\/v2\/product\/3001","targetHints":{"allow":["GET"]}}],"collection":[{"href":"https:\/\/buy-prescriptionz.com\/pt_pt\/wp-json\/wp\/v2\/product"}],"about":[{"href":"https:\/\/buy-prescriptionz.com\/pt_pt\/wp-json\/wp\/v2\/types\/product"}],"replies":[{"embeddable":true,"href":"https:\/\/buy-prescriptionz.com\/pt_pt\/wp-json\/wp\/v2\/comments?post=3001"}],"wp:featuredmedia":[{"embeddable":true,"href":"https:\/\/buy-prescriptionz.com\/pt_pt\/wp-json\/wp\/v2\/media\/3031"}],"wp:attachment":[{"href":"https:\/\/buy-prescriptionz.com\/pt_pt\/wp-json\/wp\/v2\/media?parent=3001"}],"wp:term":[{"taxonomy":"product_brand","embeddable":true,"href":"https:\/\/buy-prescriptionz.com\/pt_pt\/wp-json\/wp\/v2\/product_brand?post=3001"},{"taxonomy":"product_cat","embeddable":true,"href":"https:\/\/buy-prescriptionz.com\/pt_pt\/wp-json\/wp\/v2\/product_cat?post=3001"},{"taxonomy":"product_tag","embeddable":true,"href":"https:\/\/buy-prescriptionz.com\/pt_pt\/wp-json\/wp\/v2\/product_tag?post=3001"}],"curies":[{"name":"wp","href":"https:\/\/api.w.org\/{rel}","templated":true}]}}