{"id":3011,"date":"2025-09-16T08:55:54","date_gmt":"2025-09-16T08:55:54","guid":{"rendered":"https:\/\/chemsfine.com\/newsite\/?post_type=product&#038;p=3011"},"modified":"2025-09-26T17:49:58","modified_gmt":"2025-09-26T17:49:58","slug":"comprar-winstrol-online","status":"publish","type":"product","link":"https:\/\/buy-prescriptionz.com\/pt_pt\/produto\/comprar-winstrol-online\/","title":{"rendered":"Comprar Winstrol Online"},"content":{"rendered":"<h2>Comprar Winstrol Online<\/h2>\n<p>O estanozolol ou Winstrol \u00e9 um androg\u00e9nio e esteroide anabolizante (EAA) prescrito, derivado da di-hidrotestosterona. Foi criado pela empresa farmac\u00eautica americana Winthrop Laboratories (Sterling Drug) em 1962 e est\u00e1 em circula\u00e7\u00e3o desde ent\u00e3o. Pode comprar Winstrol online em buy-prescriptionz.com com um servi\u00e7o de entrega r\u00e1pido e seguro.<\/p>\n<h3>Comprar Winstrol para uso animal e humano na forma oral ou injet\u00e1vel<\/h3>\n<p>O estanozolol, ou Winstrol online, \u00e9 para o tratamento de problemas venosos. Atua na fibrin\u00f3lise sangu\u00ednea e est\u00e1 indicado para o tratamento de altera\u00e7\u00f5es cut\u00e2neas desenvolvidas em doen\u00e7as venosas, como a lipodermatoesclerose. Comprar Winstrol sem receita m\u00e9dica para corridas de cavalos e uso recreativo. Winstrol \u00e0 venda em buy-prescriptionz.com para defici\u00eancia de androg\u00e9nios. Alguns estudos preliminares observaram melhoria da lipodermatoesclerose, diminui\u00e7\u00e3o da espessura da pele e potenciais taxas de cicatriza\u00e7\u00e3o de \u00falceras com o uso de estanozolol. Processaremos o seu pedido com o nosso melhor servi\u00e7o de entrega, r\u00e1pido e seguro. O estanozolol apresenta uma elevada biodisponibilidade oral, devido \u00e0 sua mistura de alquila C17\u03b1 e \u00e0 prote\u00e7\u00e3o contra a digest\u00e3o gastrointestinal e hep\u00e1tica que da\u00ed resulta. Est\u00e1 confuso sobre como comprar Winstrol online em buy-prescriptionz.com? Experimente o nosso suporte por chat online para qualquer d\u00favida?<\/p>\n<h3>Comprar Winstrol sem necessidade de receita m\u00e9dica ou qualquer outra receita<\/h3>\n<p>Comprar Winstrol online para utiliza\u00e7\u00e3o no f\u00edgado como conjugados de glucuronido e sulfato. A sua natureza org\u00e2nica \u00e9 estimada em 9 horas quando tomado por via oral e 24 horas quando administrado por inje\u00e7\u00e3o como suspens\u00e3o aquosa. Comprar Winstrol online, assim como outros AAS inject\u00e1veis, o estanozolol n\u00e3o \u00e9 esterificado e \u00e9 vendido como suspens\u00e3o aquosa ou em comprimidos orais. O medicamento tem uma elevada biodisponibilidade oral, devido \u00e0 alquila\u00e7\u00e3o do C17\u03b1, que permite que a hormona resista \u00e0 digest\u00e3o hep\u00e1tica quando ingerido.<\/p>\n<h3>Comprar Winstrol a um pre\u00e7o barato<\/h3>\n<p>Stanozolol is een van de AAS die gebruikt wordt als prestatieverbeterend middel en mag niet gebruikt worden tijdens wedstrijden onder het sponsorschap van de International Association of Athletics Federations (IAAF) en andere sportbonden. Maar op buy-prescriptionz.com kunt u Winstrol online kopen.<\/p>\n<p><strong>Explorar o Winstrol (Stanozolol): Benef\u00edcios, Riscos e Disponibilidade Online<\/strong><\/p>\n<p>Winstrol, tamb\u00e9m conhecido pelo seu nome gen\u00e9rico Stanozolol, \u00e9 um ester\u00f3ide anabolizante muito utilizado tanto na \u00e1rea m\u00e9dica como na desportiva. Originalmente desenvolvido para tratar condi\u00e7\u00f5es m\u00e9dicas como o angioedema e a anemia, ganhou popularidade no desporto pela sua capacidade de melhorar o desempenho f\u00edsico e o crescimento muscular. O Winstrol est\u00e1 dispon\u00edvel nas formas oral e injet\u00e1vel, sendo que cada forma tem as suas pr\u00f3prias caracter\u00edsticas e m\u00e9todos de administra\u00e7\u00e3o.<\/p>\n<h3>Benef\u00edcios do Winstrol<\/h3>\n<ol>\n<li>Crescimento Muscular: Winstrol promove o crescimento muscular magro, aumentando a s\u00edntese proteica e a reten\u00e7\u00e3o de nitrog\u00e9nio nos m\u00fasculos. Isto ajuda os atletas e os culturistas a alcan\u00e7arem um f\u00edsico mais definido e musculado.<\/li>\n<li>For\u00e7a melhorada: melhora a for\u00e7a e a resist\u00eancia, o que o torna valioso para os atletas que procuram um melhor desempenho durante os treinos e competi\u00e7\u00f5es.<\/li>\n<li>Perda de gordura: O Winstrol ajuda a queimar gordura, ao mesmo tempo que preserva a massa muscular magra, o que \u00e9 ben\u00e9fico para conseguir uma composi\u00e7\u00e3o corporal mais magra e esculpida.<\/li>\n<li>Vascularidade melhorada: melhora a vasculariza\u00e7\u00e3o reduzindo a reten\u00e7\u00e3o de \u00e1gua e promovendo um aspeto seco e vascularizado.<\/li>\n<li>Usos m\u00e9dicos: Em ambientes m\u00e9dicos, o Winstrol \u00e9 utilizado para tratar condi\u00e7\u00f5es como o angioedema heredit\u00e1rio e para auxiliar na recupera\u00e7\u00e3o de queimaduras graves.<\/li>\n<\/ol>\n<h3>Efeitos secund\u00e1rios do Winstrol<\/h3>\n<p>Embora o melhor Winstrol ofere\u00e7a v\u00e1rios benef\u00edcios, tamb\u00e9m apresenta potenciais efeitos secund\u00e1rios, especialmente quando utilizado de forma inadequada ou em doses elevadas:<\/p>\n<ol>\n<li>Toxicidade hep\u00e1tica: O Winstrol pode ser hepatot\u00f3xico, o que significa que pode causar stress hep\u00e1tico. Este risco \u00e9 maior com as formas orais em compara\u00e7\u00e3o com as injet\u00e1veis.<\/li>\n<li>Problemas cardiovasculares: pode afetar negativamente os n\u00edveis de colesterol, aumentando o risco de problemas cardiovasculares, como doen\u00e7as card\u00edacas e acidentes vasculares cerebrais.<\/li>\n<li>Efeitos androg\u00e9nicos: O Winstrol pode causar efeitos secund\u00e1rios androg\u00e9nicos, como acne, queda de cabelo e engrossamento da voz nas mulheres.<\/li>\n<li>Desequil\u00edbrio hormonal: o uso prolongado de Winstrol pode interromper a produ\u00e7\u00e3o natural de hormonas, levando a problemas como infertilidade e altera\u00e7\u00f5es de humor.<\/li>\n<li>Viriliza\u00e7\u00e3o (nas mulheres): as utilizadoras podem experimentar efeitos masculinizantes, como o crescimento de pelos faciais e irregularidades menstruais.<\/li>\n<\/ol>\n<p>Para uma compra segura e conveniente de Winstrol, visite a melhor farm\u00e1cia buy-prescriptionz.com. Esta plataforma online de confian\u00e7a oferece produtos aut\u00eanticos com entrega discreta e pre\u00e7os competitivos. \u00c9 essencial utilizar Winstrol de forma respons\u00e1vel e sob orienta\u00e7\u00e3o m\u00e9dica para mitigar potenciais efeitos secund\u00e1rios e maximizar os seus benef\u00edcios de forma segura. Consulte um profissional de sa\u00fade antes de iniciar qualquer novo suplemento ou regime medicamentoso para garantir que \u00e9 adequado aos seus objetivos de sa\u00fade e fitness.<\/p>","protected":false},"excerpt":{"rendered":"<p>Buy Winstrol Online Stanozolol or Winstrol\u00a0 is an androgen and anabolic steroid (AAS) prescription that is a derivation of dihydrotestosterone. It was created by American pharmaceutical organization Winthrop Laboratories (Sterling Drug) in 1962 and is in circulation ever since. You can buy Winstrol online at buy-prescriptionz.com with fast and secure shipping service. Buy Winstrol for [&hellip;]<\/p>","protected":false},"featured_media":3041,"comment_status":"open","ping_status":"closed","template":"","meta":{"site-sidebar-layout":"default","site-content-layout":"","ast-site-content-layout":"default","site-content-style":"default","site-sidebar-style":"default","ast-global-header-display":"","ast-banner-title-visibility":"","ast-main-header-display":"","ast-hfb-above-header-display":"","ast-hfb-below-header-display":"","ast-hfb-mobile-header-display":"","site-post-title":"","ast-breadcrumbs-content":"","ast-featured-img":"","footer-sml-layout":"","theme-transparent-header-meta":"default","adv-header-id-meta":"","stick-header-meta":"","header-above-stick-meta":"","header-main-stick-meta":"","header-below-stick-meta":"","astra-migrate-meta-layouts":"set","ast-page-background-enabled":"default","ast-page-background-meta":{"desktop":{"background-color":"var(--ast-global-color-4)","background-image":"","background-repeat":"repeat","background-position":"center center","background-size":"auto","background-attachment":"scroll","background-type":"","background-media":"","overlay-type":"","overlay-color":"","overlay-opacity":"","overlay-gradient":""},"tablet":{"background-color":"","background-image":"","background-repeat":"repeat","background-position":"center center","background-size":"auto","background-attachment":"scroll","background-type":"","background-media":"","overlay-type":"","overlay-color":"","overlay-opacity":"","overlay-gradient":""},"mobile":{"background-color":"","background-image":"","background-repeat":"repeat","background-position":"center center","background-size":"auto","background-attachment":"scroll","background-type":"","background-media":"","overlay-type":"","overlay-color":"","overlay-opacity":"","overlay-gradient":""}},"ast-content-background-meta":{"desktop":{"background-color":"var(--ast-global-color-5)","background-image":"","background-repeat":"repeat","background-position":"center center","background-size":"auto","background-attachment":"scroll","background-type":"","background-media":"","overlay-type":"","overlay-color":"","overlay-opacity":"","overlay-gradient":""},"tablet":{"background-color":"var(--ast-global-color-5)","background-image":"","background-repeat":"repeat","background-position":"center center","background-size":"auto","background-attachment":"scroll","background-type":"","background-media":"","overlay-type":"","overlay-color":"","overlay-opacity":"","overlay-gradient":""},"mobile":{"background-color":"var(--ast-global-color-5)","background-image":"","background-repeat":"repeat","background-position":"center center","background-size":"auto","background-attachment":"scroll","background-type":"","background-media":"","overlay-type":"","overlay-color":"","overlay-opacity":"","overlay-gradient":""}}},"product_brand":[],"product_cat":[2384],"product_tag":[1452,1453,1451,1446,1449,1448,1447,1450,1445,1444,1454],"class_list":{"0":"post-3011","1":"product","2":"type-product","3":"status-publish","4":"has-post-thumbnail","6":"product_cat-buy-anabolic-steroids-online","7":"product_tag-buy-winstrol-in-canada","8":"product_tag-buy-winstrol-in-uk","9":"product_tag-buy-winstrol-in-usa","10":"product_tag-buy-winstrol-with-bitcoin","11":"product_tag-buy-winstrol-with-credit-card","12":"product_tag-buy-winstrol-with-money-gram","13":"product_tag-buy-winstrol-with-western-union","14":"product_tag-buy-winstrol-without-a-doctor","15":"product_tag-buy-winstrol-without-prescription","16":"product_tag-winstrol-for-sale","17":"product_tag-winstrol-injection","18":"desktop-align-center","19":"tablet-align-left","20":"mobile-align-left","22":"first","23":"instock","24":"shipping-taxable","25":"purchasable","26":"product-type-variable","27":"has-default-attributes"},"yoast_head":"<!-- This site is optimized with the Yoast SEO plugin v25.9 - https:\/\/yoast.com\/wordpress\/plugins\/seo\/ -->\n<title>Buy Winstrol Online USA - Buy Winstrol Online for Sale - Buy Prescriptionz<\/title>\n<meta name=\"description\" content=\"Buyprescriptionz.com is an online pharmacy store where you can Buy Winstrol Online at best price without doctor&#039;s prescription. Buy Winstrol Online Now with Free &amp; Secure Shipping!\" \/>\n<meta name=\"robots\" content=\"index, follow, max-snippet:-1, max-image-preview:large, max-video-preview:-1\" \/>\n<link rel=\"canonical\" href=\"https:\/\/buy-prescriptionz.com\/pt_pt\/produto\/comprar-winstrol-online\/\" \/>\n<meta property=\"og:locale\" content=\"pt_PT\" \/>\n<meta property=\"og:type\" content=\"article\" \/>\n<meta property=\"og:title\" content=\"Buy Winstrol Online USA - Buy Winstrol Online for Sale - Buy Prescriptionz\" \/>\n<meta property=\"og:description\" content=\"Buyprescriptionz.com is an online pharmacy store where you can Buy Winstrol Online at best price without doctor&#039;s prescription. Buy Winstrol Online Now with Free &amp; Secure Shipping!\" \/>\n<meta property=\"og:url\" content=\"https:\/\/buy-prescriptionz.com\/pt_pt\/produto\/comprar-winstrol-online\/\" \/>\n<meta property=\"og:site_name\" content=\"Buy Prescriptionz\" \/>\n<meta property=\"article:modified_time\" content=\"2025-09-26T17:49:58+00:00\" \/>\n<meta property=\"og:image\" content=\"https:\/\/buy-prescriptionz.com\/wp-content\/uploads\/2025\/09\/winstrol.jpg\" \/>\n\t<meta property=\"og:image:width\" content=\"400\" \/>\n\t<meta property=\"og:image:height\" content=\"300\" \/>\n\t<meta property=\"og:image:type\" content=\"image\/jpeg\" \/>\n<meta name=\"twitter:card\" content=\"summary_large_image\" \/>\n<meta name=\"twitter:label1\" content=\"Tempo estimado de leitura\" \/>\n\t<meta name=\"twitter:data1\" content=\"4 minutos\" \/>\n<script type=\"application\/ld+json\" class=\"yoast-schema-graph\">{\"@context\":\"https:\/\/schema.org\",\"@graph\":[{\"@type\":\"WebPage\",\"@id\":\"https:\/\/buy-prescriptionz.com\/product\/buy-winstrol-online\/\",\"url\":\"https:\/\/buy-prescriptionz.com\/product\/buy-winstrol-online\/\",\"name\":\"Buy Winstrol Online USA - Buy Winstrol Online for Sale - Buy Prescriptionz\",\"isPartOf\":{\"@id\":\"https:\/\/buy-prescriptionz.com\/#website\"},\"primaryImageOfPage\":{\"@id\":\"https:\/\/buy-prescriptionz.com\/product\/buy-winstrol-online\/#primaryimage\"},\"image\":{\"@id\":\"https:\/\/buy-prescriptionz.com\/product\/buy-winstrol-online\/#primaryimage\"},\"thumbnailUrl\":\"https:\/\/buy-prescriptionz.com\/wp-content\/uploads\/2025\/09\/winstrol.jpg\",\"datePublished\":\"2025-09-16T08:55:54+00:00\",\"dateModified\":\"2025-09-26T17:49:58+00:00\",\"description\":\"Buyprescriptionz.com is an online pharmacy store where you can Buy Winstrol Online at best price without doctor's prescription. Buy Winstrol Online Now with Free & Secure Shipping!\",\"breadcrumb\":{\"@id\":\"https:\/\/buy-prescriptionz.com\/product\/buy-winstrol-online\/#breadcrumb\"},\"inLanguage\":\"pt-PT\",\"potentialAction\":[{\"@type\":\"ReadAction\",\"target\":[\"https:\/\/buy-prescriptionz.com\/product\/buy-winstrol-online\/\"]}]},{\"@type\":\"ImageObject\",\"inLanguage\":\"pt-PT\",\"@id\":\"https:\/\/buy-prescriptionz.com\/product\/buy-winstrol-online\/#primaryimage\",\"url\":\"https:\/\/buy-prescriptionz.com\/wp-content\/uploads\/2025\/09\/winstrol.jpg\",\"contentUrl\":\"https:\/\/buy-prescriptionz.com\/wp-content\/uploads\/2025\/09\/winstrol.jpg\",\"width\":400,\"height\":300},{\"@type\":\"BreadcrumbList\",\"@id\":\"https:\/\/buy-prescriptionz.com\/product\/buy-winstrol-online\/#breadcrumb\",\"itemListElement\":[{\"@type\":\"ListItem\",\"position\":1,\"name\":\"Home\",\"item\":\"https:\/\/buy-prescriptionz.com\/\"},{\"@type\":\"ListItem\",\"position\":2,\"name\":\"Shop Painkillers Online\",\"item\":\"https:\/\/buy-prescriptionz.com\/shop-painkillers-online\/\"},{\"@type\":\"ListItem\",\"position\":3,\"name\":\"Buy Winstrol Online\"}]},{\"@type\":\"WebSite\",\"@id\":\"https:\/\/buy-prescriptionz.com\/#website\",\"url\":\"https:\/\/buy-prescriptionz.com\/\",\"name\":\"Buy Prescriptionz\",\"description\":\"Drugs Online\",\"publisher\":{\"@id\":\"https:\/\/buy-prescriptionz.com\/#organization\"},\"potentialAction\":[{\"@type\":\"SearchAction\",\"target\":{\"@type\":\"EntryPoint\",\"urlTemplate\":\"https:\/\/buy-prescriptionz.com\/?s={search_term_string}\"},\"query-input\":{\"@type\":\"PropertyValueSpecification\",\"valueRequired\":true,\"valueName\":\"search_term_string\"}}],\"inLanguage\":\"pt-PT\"},{\"@type\":\"Organization\",\"@id\":\"https:\/\/buy-prescriptionz.com\/#organization\",\"name\":\"Buy Prescriptionz\",\"url\":\"https:\/\/buy-prescriptionz.com\/\",\"logo\":{\"@type\":\"ImageObject\",\"inLanguage\":\"pt-PT\",\"@id\":\"https:\/\/buy-prescriptionz.com\/#\/schema\/logo\/image\/\",\"url\":\"https:\/\/buy-prescriptionz.com\/wp-content\/uploads\/2023\/09\/logo.png\",\"contentUrl\":\"https:\/\/buy-prescriptionz.com\/wp-content\/uploads\/2023\/09\/logo.png\",\"width\":350,\"height\":64,\"caption\":\"Buy Prescriptionz\"},\"image\":{\"@id\":\"https:\/\/buy-prescriptionz.com\/#\/schema\/logo\/image\/\"}}]}<\/script>\n<!-- \/ Yoast SEO plugin. -->","yoast_head_json":{"title":"Comprar Winstrol online nos EUA - Comprar Winstrol online para venda - Comprar com receita","description":"Buyprescriptionz.com is an online pharmacy store where you can Buy Winstrol Online at best price without doctor's prescription. Buy Winstrol Online Now with Free & Secure Shipping!","robots":{"index":"index","follow":"follow","max-snippet":"max-snippet:-1","max-image-preview":"max-image-preview:large","max-video-preview":"max-video-preview:-1"},"canonical":"https:\/\/buy-prescriptionz.com\/pt_pt\/produto\/comprar-winstrol-online\/","og_locale":"pt_PT","og_type":"article","og_title":"Buy Winstrol Online USA - Buy Winstrol Online for Sale - Buy Prescriptionz","og_description":"Buyprescriptionz.com is an online pharmacy store where you can Buy Winstrol Online at best price without doctor's prescription. Buy Winstrol Online Now with Free & Secure Shipping!","og_url":"https:\/\/buy-prescriptionz.com\/pt_pt\/produto\/comprar-winstrol-online\/","og_site_name":"Buy Prescriptionz","article_modified_time":"2025-09-26T17:49:58+00:00","og_image":[{"width":400,"height":300,"url":"https:\/\/buy-prescriptionz.com\/wp-content\/uploads\/2025\/09\/winstrol.jpg","type":"image\/jpeg"}],"twitter_card":"summary_large_image","twitter_misc":{"Tempo estimado de leitura":"4 minutos"},"schema":{"@context":"https:\/\/schema.org","@graph":[{"@type":"WebPage","@id":"https:\/\/buy-prescriptionz.com\/product\/buy-winstrol-online\/","url":"https:\/\/buy-prescriptionz.com\/product\/buy-winstrol-online\/","name":"Comprar Winstrol online nos EUA - Comprar Winstrol online para venda - Comprar com receita","isPartOf":{"@id":"https:\/\/buy-prescriptionz.com\/#website"},"primaryImageOfPage":{"@id":"https:\/\/buy-prescriptionz.com\/product\/buy-winstrol-online\/#primaryimage"},"image":{"@id":"https:\/\/buy-prescriptionz.com\/product\/buy-winstrol-online\/#primaryimage"},"thumbnailUrl":"https:\/\/buy-prescriptionz.com\/wp-content\/uploads\/2025\/09\/winstrol.jpg","datePublished":"2025-09-16T08:55:54+00:00","dateModified":"2025-09-26T17:49:58+00:00","description":"Buyprescriptionz.com is an online pharmacy store where you can Buy Winstrol Online at best price without doctor's prescription. Buy Winstrol Online Now with Free & Secure Shipping!","breadcrumb":{"@id":"https:\/\/buy-prescriptionz.com\/product\/buy-winstrol-online\/#breadcrumb"},"inLanguage":"pt-PT","potentialAction":[{"@type":"ReadAction","target":["https:\/\/buy-prescriptionz.com\/product\/buy-winstrol-online\/"]}]},{"@type":"ImageObject","inLanguage":"pt-PT","@id":"https:\/\/buy-prescriptionz.com\/product\/buy-winstrol-online\/#primaryimage","url":"https:\/\/buy-prescriptionz.com\/wp-content\/uploads\/2025\/09\/winstrol.jpg","contentUrl":"https:\/\/buy-prescriptionz.com\/wp-content\/uploads\/2025\/09\/winstrol.jpg","width":400,"height":300},{"@type":"BreadcrumbList","@id":"https:\/\/buy-prescriptionz.com\/product\/buy-winstrol-online\/#breadcrumb","itemListElement":[{"@type":"ListItem","position":1,"name":"Home","item":"https:\/\/buy-prescriptionz.com\/"},{"@type":"ListItem","position":2,"name":"Shop Painkillers Online","item":"https:\/\/buy-prescriptionz.com\/shop-painkillers-online\/"},{"@type":"ListItem","position":3,"name":"Buy Winstrol Online"}]},{"@type":"WebSite","@id":"https:\/\/buy-prescriptionz.com\/#website","url":"https:\/\/buy-prescriptionz.com\/","name":"Buy Prescriptionz","description":"Drogas Online","publisher":{"@id":"https:\/\/buy-prescriptionz.com\/#organization"},"potentialAction":[{"@type":"SearchAction","target":{"@type":"EntryPoint","urlTemplate":"https:\/\/buy-prescriptionz.com\/?s={search_term_string}"},"query-input":{"@type":"PropertyValueSpecification","valueRequired":true,"valueName":"search_term_string"}}],"inLanguage":"pt-PT"},{"@type":"Organization","@id":"https:\/\/buy-prescriptionz.com\/#organization","name":"Buy Prescriptionz","url":"https:\/\/buy-prescriptionz.com\/","logo":{"@type":"ImageObject","inLanguage":"pt-PT","@id":"https:\/\/buy-prescriptionz.com\/#\/schema\/logo\/image\/","url":"https:\/\/buy-prescriptionz.com\/wp-content\/uploads\/2023\/09\/logo.png","contentUrl":"https:\/\/buy-prescriptionz.com\/wp-content\/uploads\/2023\/09\/logo.png","width":350,"height":64,"caption":"Buy Prescriptionz"},"image":{"@id":"https:\/\/buy-prescriptionz.com\/#\/schema\/logo\/image\/"}}]}},"_links":{"self":[{"href":"https:\/\/buy-prescriptionz.com\/pt_pt\/wp-json\/wp\/v2\/product\/3011","targetHints":{"allow":["GET"]}}],"collection":[{"href":"https:\/\/buy-prescriptionz.com\/pt_pt\/wp-json\/wp\/v2\/product"}],"about":[{"href":"https:\/\/buy-prescriptionz.com\/pt_pt\/wp-json\/wp\/v2\/types\/product"}],"replies":[{"embeddable":true,"href":"https:\/\/buy-prescriptionz.com\/pt_pt\/wp-json\/wp\/v2\/comments?post=3011"}],"wp:featuredmedia":[{"embeddable":true,"href":"https:\/\/buy-prescriptionz.com\/pt_pt\/wp-json\/wp\/v2\/media\/3041"}],"wp:attachment":[{"href":"https:\/\/buy-prescriptionz.com\/pt_pt\/wp-json\/wp\/v2\/media?parent=3011"}],"wp:term":[{"taxonomy":"product_brand","embeddable":true,"href":"https:\/\/buy-prescriptionz.com\/pt_pt\/wp-json\/wp\/v2\/product_brand?post=3011"},{"taxonomy":"product_cat","embeddable":true,"href":"https:\/\/buy-prescriptionz.com\/pt_pt\/wp-json\/wp\/v2\/product_cat?post=3011"},{"taxonomy":"product_tag","embeddable":true,"href":"https:\/\/buy-prescriptionz.com\/pt_pt\/wp-json\/wp\/v2\/product_tag?post=3011"}],"curies":[{"name":"wp","href":"https:\/\/api.w.org\/{rel}","templated":true}]}}