{"id":3043,"date":"2025-09-16T08:56:08","date_gmt":"2025-09-16T08:56:08","guid":{"rendered":"https:\/\/chemsfine.com\/newsite\/?post_type=product&#038;p=3043"},"modified":"2025-09-27T11:46:54","modified_gmt":"2025-09-27T11:46:54","slug":"comprar-propionato-online","status":"publish","type":"product","link":"https:\/\/buy-prescriptionz.com\/pt_pt\/produto\/comprar-propionato-online\/","title":{"rendered":"Comprar Propionato Online"},"content":{"rendered":"<h2>Comprar Propionato Online<\/h2>\n<p>Comprar Propionato Online. O Propionato de Testosterona ou Propionato \u00e9 um androg\u00e9nio e esteroide anabolizante prescrito para o tratamento de baixos n\u00edveis de testosterona nos homens. Compre Propionato 100 mg para tratar o crescimento do cancro da mama nas mulheres em buy-prescriptionz.com.<\/p>\n<h3>Propionato 100 mg online para aumentar a testosterona no corpo<\/h3>\n<p>Propionato 100 mg \u00e0 venda como \u00e9ster de testosterona de a\u00e7\u00e3o prolongada, como o enantato de testosterona, o cipionato de testosterona e o undecanoato de testosterona, a partir da d\u00e9cada de 1950, surgiu o propionato de testosterona, este medicamento. Est\u00e1 \u00e0 procura de saber como comprar Propionato 100 mg online e ainda n\u00e3o encontrou o buy-prescriptionz.com? Bem, agora j\u00e1 sabe onde comprar Propionato 100 mg online. Organize a sua vida e armazene o seu medicamento em qualquer parte dos Estados Unidos.<\/p>\n<h3>Comprar Propionato 100 mg sem receita m\u00e9dica<\/h3>\n<p>O medicamento \u00e9 um esteroide androg\u00e9nico e anab\u00f3lico fabricado em laborat\u00f3rio e \u00e9 um agonista do recetor de androg\u00e9nio, a natureza org\u00e2nica dos androg\u00e9nios como a testosterona e a di-hidrotestosterona. Em buy-prescriptionz.com, pode comprar Propionato 100 mg sem receita m\u00e9dica, com entrega r\u00e1pida e segura. O propionato de testosterona est\u00e1 indicado para o tratamento de reposi\u00e7\u00e3o androg\u00e9nica. Est\u00e1 indicado para o tratamento do hipogonadismo no homem, crescimento de cancro da mama, baixa libido, puberdade tardia em homens jovens e sintomas da menopausa em mulheres. Comprar Propionato 100 mg a um pre\u00e7o acess\u00edvel para mulheres e homens.<\/p>\n<h3>Comprar Propionato Online: Vis\u00e3o Geral, Benef\u00edcios e Efeitos Colaterais<\/h3>\n<p>O propionato \u00e9 uma forma de testosterona utilizada na terapia de reposi\u00e7\u00e3o hormonal (TRH) para homens com baixos n\u00edveis de testosterona. \u00c9 tamb\u00e9m utilizado por culturistas e atletas para aumentar a massa muscular e o desempenho devido \u00e0 sua natureza de a\u00e7\u00e3o r\u00e1pida.<\/p>\n<h4>Benef\u00edcios do Propionato<\/h4>\n<ol>\n<li>Reposi\u00e7\u00e3o de testosterona: O melhor propionato ajuda a restaurar os n\u00edveis de testosterona em homens com hipogonadismo ou outras condi\u00e7\u00f5es de defici\u00eancia de testosterona, melhorando a libido, os n\u00edveis de energia e o bem-estar geral.<\/li>\n<li>Crescimento muscular: promove o crescimento e o desenvolvimento muscular ao aumentar a s\u00edntese proteica e a reten\u00e7\u00e3o de nitrog\u00e9nio nos m\u00fasculos, facilitando uma recupera\u00e7\u00e3o mais r\u00e1pida e a repara\u00e7\u00e3o muscular ap\u00f3s os treinos.<\/li>\n<li>Aumento de for\u00e7a: os utilizadores sentem frequentemente um aumento de for\u00e7a e resist\u00eancia, permitindo sess\u00f5es de treino mais intensas e produtivas.<\/li>\n<li>Melhoria da densidade \u00f3ssea: a testosterona, incluindo o propionato, ajuda a manter a densidade \u00f3ssea, reduzindo o risco de osteoporose e fraturas.<\/li>\n<\/ol>\n<h4>Efeitos secund\u00e1rios do propionato<\/h4>\n<ol>\n<li>Efeitos androg\u00e9nicos: o propionato pode causar efeitos secund\u00e1rios androg\u00e9nicos, como acne, pele oleosa e aumento do crescimento de pelos faciais\/corporais.<\/li>\n<li>Problemas cardiovasculares: pode afetar negativamente os n\u00edveis de colesterol, aumentando o risco de problemas cardiovasculares, como doen\u00e7as card\u00edacas e acidentes vasculares cerebrais.<\/li>\n<li>Supress\u00e3o da testosterona natural: o uso prolongado de propionato pode suprimir a produ\u00e7\u00e3o natural de testosterona do organismo, levando \u00e0 depend\u00eancia da testosterona externa.<\/li>\n<li>Altera\u00e7\u00f5es de humor: alguns utilizadores podem apresentar altera\u00e7\u00f5es de humor, irritabilidade ou agressividade.<\/li>\n<li>Potencial de abuso: como todos os derivados da testosterona, o propionato tem potencial para abuso e uso indevido, levando a consequ\u00eancias graves para a sa\u00fade.<\/li>\n<\/ol>\n<p>O propionato deve ser utilizado sob vigil\u00e2ncia m\u00e9dica, com dosagens adaptadas \u00e0s necessidades e condi\u00e7\u00f5es individuais. \u00c9 essencial monitorizar regularmente os n\u00edveis de testosterona, hemat\u00f3crito e perfil lip\u00eddico durante o tratamento. Para fontes aut\u00eanticas e fi\u00e1veis \u200b\u200bde propionato, visite uma das melhores farm\u00e1cias buy-prescriptionz.com. Garantem a qualidade e a entrega segura dos medicamentos.<\/p>\n<h3>Comprar Propionato 100 mg com embalagem discreta<\/h3>\n<p>Encomende Propionato de 100 mg online devido aos seus efeitos androg\u00e9nicos e anab\u00f3licos moderados, o que o torna valioso para promover a masculiniza\u00e7\u00e3o e adequado para a terapia de substitui\u00e7\u00e3o androg\u00e9nica. O propionato de testosterona \u00e9 um \u00e9ster de testosterona e um pr\u00f3-f\u00e1rmaco de curta a\u00e7\u00e3o da testosterona no organismo. Comprar Propionato de 100 mg online em qualquer quantidade que necessite para o seu tratamento ou aumento da libido. Este medicamento ir\u00e1 tratar os seus problemas sexuais, problemas de ere\u00e7\u00e3o e processo sexual psicol\u00f3gico. O propionato de testosterona est\u00e1 dispon\u00edvel com entrega r\u00e1pida e segura em buy-prescriptionz.com, conforme indicado, em \u00f3leo por inje\u00e7\u00e3o intramuscular. Tem um tempo de a\u00e7\u00e3o moderadamente curto de 0,8 dias e 1,5 dias no organismo. Tem um curto per\u00edodo de atividade e deve ser regulado algumas vezes por semana.<\/p>","protected":false},"excerpt":{"rendered":"<p>Buy Propionate Online Buy Propionate Online,Testosterone Propionate or Propionate is an androgen and anabolic steroid prescription for the treatment of low testosterone levels in men. Buy Propionate 100 mg to treat breast cancer growth in women at buy-prescriptionz.com. Propionate 100 mg online to increase testosterone in the body Propionate 100 mg for sale as a [&hellip;]<\/p>","protected":false},"featured_media":3073,"comment_status":"open","ping_status":"closed","template":"","meta":{"site-sidebar-layout":"default","site-content-layout":"","ast-site-content-layout":"default","site-content-style":"default","site-sidebar-style":"default","ast-global-header-display":"","ast-banner-title-visibility":"","ast-main-header-display":"","ast-hfb-above-header-display":"","ast-hfb-below-header-display":"","ast-hfb-mobile-header-display":"","site-post-title":"","ast-breadcrumbs-content":"","ast-featured-img":"","footer-sml-layout":"","theme-transparent-header-meta":"default","adv-header-id-meta":"","stick-header-meta":"","header-above-stick-meta":"","header-main-stick-meta":"","header-below-stick-meta":"","astra-migrate-meta-layouts":"set","ast-page-background-enabled":"default","ast-page-background-meta":{"desktop":{"background-color":"var(--ast-global-color-4)","background-image":"","background-repeat":"repeat","background-position":"center center","background-size":"auto","background-attachment":"scroll","background-type":"","background-media":"","overlay-type":"","overlay-color":"","overlay-opacity":"","overlay-gradient":""},"tablet":{"background-color":"","background-image":"","background-repeat":"repeat","background-position":"center center","background-size":"auto","background-attachment":"scroll","background-type":"","background-media":"","overlay-type":"","overlay-color":"","overlay-opacity":"","overlay-gradient":""},"mobile":{"background-color":"","background-image":"","background-repeat":"repeat","background-position":"center center","background-size":"auto","background-attachment":"scroll","background-type":"","background-media":"","overlay-type":"","overlay-color":"","overlay-opacity":"","overlay-gradient":""}},"ast-content-background-meta":{"desktop":{"background-color":"var(--ast-global-color-5)","background-image":"","background-repeat":"repeat","background-position":"center center","background-size":"auto","background-attachment":"scroll","background-type":"","background-media":"","overlay-type":"","overlay-color":"","overlay-opacity":"","overlay-gradient":""},"tablet":{"background-color":"var(--ast-global-color-5)","background-image":"","background-repeat":"repeat","background-position":"center center","background-size":"auto","background-attachment":"scroll","background-type":"","background-media":"","overlay-type":"","overlay-color":"","overlay-opacity":"","overlay-gradient":""},"mobile":{"background-color":"var(--ast-global-color-5)","background-image":"","background-repeat":"repeat","background-position":"center center","background-size":"auto","background-attachment":"scroll","background-type":"","background-media":"","overlay-type":"","overlay-color":"","overlay-opacity":"","overlay-gradient":""}}},"product_brand":[],"product_cat":[2384],"product_tag":[1313,1314,1312,1307,1310,1309,1308,1311,1306,1305,1315],"class_list":{"0":"post-3043","1":"product","2":"type-product","3":"status-publish","4":"has-post-thumbnail","6":"product_cat-buy-anabolic-steroids-online","7":"product_tag-buy-propionate-in-canada","8":"product_tag-buy-propionate-in-uk","9":"product_tag-buy-propionate-in-usa","10":"product_tag-buy-propionate-with-bitcoin","11":"product_tag-buy-propionate-with-credit-card","12":"product_tag-buy-propionate-with-money-gram","13":"product_tag-buy-propionate-with-western-union","14":"product_tag-buy-propionate-without-a-doctor","15":"product_tag-buy-propionate-without-prescription","16":"product_tag-propionate-for-sale","17":"product_tag-propionate-injection","18":"desktop-align-center","19":"tablet-align-left","20":"mobile-align-left","22":"first","23":"instock","24":"shipping-taxable","25":"purchasable","26":"product-type-variable","27":"has-default-attributes"},"yoast_head":"<!-- This site is optimized with the Yoast SEO plugin v25.9 - https:\/\/yoast.com\/wordpress\/plugins\/seo\/ -->\n<title>Buy Propionate Online - Propionate for Sale<\/title>\n<meta name=\"description\" content=\"Our store has the top quality Propionate for sale. You can never get over the quality of our products. If you need then, You can buy Propionate online right away. Order now!\" \/>\n<meta name=\"robots\" content=\"index, follow, max-snippet:-1, max-image-preview:large, max-video-preview:-1\" \/>\n<link rel=\"canonical\" href=\"https:\/\/buy-prescriptionz.com\/pt_pt\/produto\/comprar-propionato-online\/\" \/>\n<meta property=\"og:locale\" content=\"pt_PT\" \/>\n<meta property=\"og:type\" content=\"article\" \/>\n<meta property=\"og:title\" content=\"Buy Propionate Online - Propionate for Sale\" \/>\n<meta property=\"og:description\" content=\"Our store has the top quality Propionate for sale. You can never get over the quality of our products. If you need then, You can buy Propionate online right away. Order now!\" \/>\n<meta property=\"og:url\" content=\"https:\/\/buy-prescriptionz.com\/pt_pt\/produto\/comprar-propionato-online\/\" \/>\n<meta property=\"og:site_name\" content=\"Buy Prescriptionz\" \/>\n<meta property=\"article:modified_time\" content=\"2025-09-27T11:46:54+00:00\" \/>\n<meta property=\"og:image\" content=\"https:\/\/buy-prescriptionz.com\/wp-content\/uploads\/2025\/09\/propionate.jpg\" \/>\n\t<meta property=\"og:image:width\" content=\"400\" \/>\n\t<meta property=\"og:image:height\" content=\"300\" \/>\n\t<meta property=\"og:image:type\" content=\"image\/jpeg\" \/>\n<meta name=\"twitter:card\" content=\"summary_large_image\" \/>\n<meta name=\"twitter:label1\" content=\"Tempo estimado de leitura\" \/>\n\t<meta name=\"twitter:data1\" content=\"3 minutos\" \/>\n<script type=\"application\/ld+json\" class=\"yoast-schema-graph\">{\"@context\":\"https:\/\/schema.org\",\"@graph\":[{\"@type\":\"WebPage\",\"@id\":\"https:\/\/buy-prescriptionz.com\/product\/buy-propionate-online\/\",\"url\":\"https:\/\/buy-prescriptionz.com\/product\/buy-propionate-online\/\",\"name\":\"Buy Propionate Online - Propionate for Sale\",\"isPartOf\":{\"@id\":\"https:\/\/buy-prescriptionz.com\/#website\"},\"primaryImageOfPage\":{\"@id\":\"https:\/\/buy-prescriptionz.com\/product\/buy-propionate-online\/#primaryimage\"},\"image\":{\"@id\":\"https:\/\/buy-prescriptionz.com\/product\/buy-propionate-online\/#primaryimage\"},\"thumbnailUrl\":\"https:\/\/buy-prescriptionz.com\/wp-content\/uploads\/2025\/09\/propionate.jpg\",\"datePublished\":\"2025-09-16T08:56:08+00:00\",\"dateModified\":\"2025-09-27T11:46:54+00:00\",\"description\":\"Our store has the top quality Propionate for sale. You can never get over the quality of our products. If you need then, You can buy Propionate online right away. Order now!\",\"breadcrumb\":{\"@id\":\"https:\/\/buy-prescriptionz.com\/product\/buy-propionate-online\/#breadcrumb\"},\"inLanguage\":\"pt-PT\",\"potentialAction\":[{\"@type\":\"ReadAction\",\"target\":[\"https:\/\/buy-prescriptionz.com\/product\/buy-propionate-online\/\"]}]},{\"@type\":\"ImageObject\",\"inLanguage\":\"pt-PT\",\"@id\":\"https:\/\/buy-prescriptionz.com\/product\/buy-propionate-online\/#primaryimage\",\"url\":\"https:\/\/buy-prescriptionz.com\/wp-content\/uploads\/2025\/09\/propionate.jpg\",\"contentUrl\":\"https:\/\/buy-prescriptionz.com\/wp-content\/uploads\/2025\/09\/propionate.jpg\",\"width\":400,\"height\":300},{\"@type\":\"BreadcrumbList\",\"@id\":\"https:\/\/buy-prescriptionz.com\/product\/buy-propionate-online\/#breadcrumb\",\"itemListElement\":[{\"@type\":\"ListItem\",\"position\":1,\"name\":\"Home\",\"item\":\"https:\/\/buy-prescriptionz.com\/\"},{\"@type\":\"ListItem\",\"position\":2,\"name\":\"Shop Painkillers Online\",\"item\":\"https:\/\/buy-prescriptionz.com\/shop-painkillers-online\/\"},{\"@type\":\"ListItem\",\"position\":3,\"name\":\"Buy Propionate Online\"}]},{\"@type\":\"WebSite\",\"@id\":\"https:\/\/buy-prescriptionz.com\/#website\",\"url\":\"https:\/\/buy-prescriptionz.com\/\",\"name\":\"Buy Prescriptionz\",\"description\":\"Drugs Online\",\"publisher\":{\"@id\":\"https:\/\/buy-prescriptionz.com\/#organization\"},\"potentialAction\":[{\"@type\":\"SearchAction\",\"target\":{\"@type\":\"EntryPoint\",\"urlTemplate\":\"https:\/\/buy-prescriptionz.com\/?s={search_term_string}\"},\"query-input\":{\"@type\":\"PropertyValueSpecification\",\"valueRequired\":true,\"valueName\":\"search_term_string\"}}],\"inLanguage\":\"pt-PT\"},{\"@type\":\"Organization\",\"@id\":\"https:\/\/buy-prescriptionz.com\/#organization\",\"name\":\"Buy Prescriptionz\",\"url\":\"https:\/\/buy-prescriptionz.com\/\",\"logo\":{\"@type\":\"ImageObject\",\"inLanguage\":\"pt-PT\",\"@id\":\"https:\/\/buy-prescriptionz.com\/#\/schema\/logo\/image\/\",\"url\":\"https:\/\/buy-prescriptionz.com\/wp-content\/uploads\/2023\/09\/logo.png\",\"contentUrl\":\"https:\/\/buy-prescriptionz.com\/wp-content\/uploads\/2023\/09\/logo.png\",\"width\":350,\"height\":64,\"caption\":\"Buy Prescriptionz\"},\"image\":{\"@id\":\"https:\/\/buy-prescriptionz.com\/#\/schema\/logo\/image\/\"}}]}<\/script>\n<!-- \/ Yoast SEO plugin. -->","yoast_head_json":{"title":"Comprar Propionato Online - Propionato em Venda","description":"A nossa loja oferece Propionato da mais alta qualidade. A qualidade dos nossos produtos \u00e9 inquestion\u00e1vel. Se precisar, compre Propionato online agora mesmo. Pe\u00e7a j\u00e1!","robots":{"index":"index","follow":"follow","max-snippet":"max-snippet:-1","max-image-preview":"max-image-preview:large","max-video-preview":"max-video-preview:-1"},"canonical":"https:\/\/buy-prescriptionz.com\/pt_pt\/produto\/comprar-propionato-online\/","og_locale":"pt_PT","og_type":"article","og_title":"Buy Propionate Online - Propionate for Sale","og_description":"Our store has the top quality Propionate for sale. You can never get over the quality of our products. If you need then, You can buy Propionate online right away. Order now!","og_url":"https:\/\/buy-prescriptionz.com\/pt_pt\/produto\/comprar-propionato-online\/","og_site_name":"Buy Prescriptionz","article_modified_time":"2025-09-27T11:46:54+00:00","og_image":[{"width":400,"height":300,"url":"https:\/\/buy-prescriptionz.com\/wp-content\/uploads\/2025\/09\/propionate.jpg","type":"image\/jpeg"}],"twitter_card":"summary_large_image","twitter_misc":{"Tempo estimado de leitura":"3 minutos"},"schema":{"@context":"https:\/\/schema.org","@graph":[{"@type":"WebPage","@id":"https:\/\/buy-prescriptionz.com\/product\/buy-propionate-online\/","url":"https:\/\/buy-prescriptionz.com\/product\/buy-propionate-online\/","name":"Comprar Propionato Online - Propionato em Venda","isPartOf":{"@id":"https:\/\/buy-prescriptionz.com\/#website"},"primaryImageOfPage":{"@id":"https:\/\/buy-prescriptionz.com\/product\/buy-propionate-online\/#primaryimage"},"image":{"@id":"https:\/\/buy-prescriptionz.com\/product\/buy-propionate-online\/#primaryimage"},"thumbnailUrl":"https:\/\/buy-prescriptionz.com\/wp-content\/uploads\/2025\/09\/propionate.jpg","datePublished":"2025-09-16T08:56:08+00:00","dateModified":"2025-09-27T11:46:54+00:00","description":"A nossa loja oferece Propionato da mais alta qualidade. A qualidade dos nossos produtos \u00e9 inquestion\u00e1vel. Se precisar, compre Propionato online agora mesmo. Pe\u00e7a j\u00e1!","breadcrumb":{"@id":"https:\/\/buy-prescriptionz.com\/product\/buy-propionate-online\/#breadcrumb"},"inLanguage":"pt-PT","potentialAction":[{"@type":"ReadAction","target":["https:\/\/buy-prescriptionz.com\/product\/buy-propionate-online\/"]}]},{"@type":"ImageObject","inLanguage":"pt-PT","@id":"https:\/\/buy-prescriptionz.com\/product\/buy-propionate-online\/#primaryimage","url":"https:\/\/buy-prescriptionz.com\/wp-content\/uploads\/2025\/09\/propionate.jpg","contentUrl":"https:\/\/buy-prescriptionz.com\/wp-content\/uploads\/2025\/09\/propionate.jpg","width":400,"height":300},{"@type":"BreadcrumbList","@id":"https:\/\/buy-prescriptionz.com\/product\/buy-propionate-online\/#breadcrumb","itemListElement":[{"@type":"ListItem","position":1,"name":"Home","item":"https:\/\/buy-prescriptionz.com\/"},{"@type":"ListItem","position":2,"name":"Shop Painkillers Online","item":"https:\/\/buy-prescriptionz.com\/shop-painkillers-online\/"},{"@type":"ListItem","position":3,"name":"Buy Propionate Online"}]},{"@type":"WebSite","@id":"https:\/\/buy-prescriptionz.com\/#website","url":"https:\/\/buy-prescriptionz.com\/","name":"Buy Prescriptionz","description":"Drogas Online","publisher":{"@id":"https:\/\/buy-prescriptionz.com\/#organization"},"potentialAction":[{"@type":"SearchAction","target":{"@type":"EntryPoint","urlTemplate":"https:\/\/buy-prescriptionz.com\/?s={search_term_string}"},"query-input":{"@type":"PropertyValueSpecification","valueRequired":true,"valueName":"search_term_string"}}],"inLanguage":"pt-PT"},{"@type":"Organization","@id":"https:\/\/buy-prescriptionz.com\/#organization","name":"Buy Prescriptionz","url":"https:\/\/buy-prescriptionz.com\/","logo":{"@type":"ImageObject","inLanguage":"pt-PT","@id":"https:\/\/buy-prescriptionz.com\/#\/schema\/logo\/image\/","url":"https:\/\/buy-prescriptionz.com\/wp-content\/uploads\/2023\/09\/logo.png","contentUrl":"https:\/\/buy-prescriptionz.com\/wp-content\/uploads\/2023\/09\/logo.png","width":350,"height":64,"caption":"Buy Prescriptionz"},"image":{"@id":"https:\/\/buy-prescriptionz.com\/#\/schema\/logo\/image\/"}}]}},"_links":{"self":[{"href":"https:\/\/buy-prescriptionz.com\/pt_pt\/wp-json\/wp\/v2\/product\/3043","targetHints":{"allow":["GET"]}}],"collection":[{"href":"https:\/\/buy-prescriptionz.com\/pt_pt\/wp-json\/wp\/v2\/product"}],"about":[{"href":"https:\/\/buy-prescriptionz.com\/pt_pt\/wp-json\/wp\/v2\/types\/product"}],"replies":[{"embeddable":true,"href":"https:\/\/buy-prescriptionz.com\/pt_pt\/wp-json\/wp\/v2\/comments?post=3043"}],"wp:featuredmedia":[{"embeddable":true,"href":"https:\/\/buy-prescriptionz.com\/pt_pt\/wp-json\/wp\/v2\/media\/3073"}],"wp:attachment":[{"href":"https:\/\/buy-prescriptionz.com\/pt_pt\/wp-json\/wp\/v2\/media?parent=3043"}],"wp:term":[{"taxonomy":"product_brand","embeddable":true,"href":"https:\/\/buy-prescriptionz.com\/pt_pt\/wp-json\/wp\/v2\/product_brand?post=3043"},{"taxonomy":"product_cat","embeddable":true,"href":"https:\/\/buy-prescriptionz.com\/pt_pt\/wp-json\/wp\/v2\/product_cat?post=3043"},{"taxonomy":"product_tag","embeddable":true,"href":"https:\/\/buy-prescriptionz.com\/pt_pt\/wp-json\/wp\/v2\/product_tag?post=3043"}],"curies":[{"name":"wp","href":"https:\/\/api.w.org\/{rel}","templated":true}]}}