{"id":3045,"date":"2025-09-16T08:56:09","date_gmt":"2025-09-16T08:56:09","guid":{"rendered":"https:\/\/chemsfine.com\/newsite\/?post_type=product&#038;p=3045"},"modified":"2025-09-16T08:56:35","modified_gmt":"2025-09-16T08:56:35","slug":"comprar-cipionato-online","status":"publish","type":"product","link":"https:\/\/buy-prescriptionz.com\/pt_pt\/produto\/comprar-cipionato-online\/","title":{"rendered":"Comprar Cypionate Online"},"content":{"rendered":"<h2>Comprar Cypionate Online<\/h2>\n<h3>Testosterona Cypionate online em buy-prescriptionz.com<\/h3>\n<p>Comprar Cipionato de Testosterona Online, Cipionato de Testosterona ou Depo-Testosterona, \u00e9 um ester\u00f3ide androg\u00e9nico e anabolizante que aumenta os n\u00edveis de testosterona no corpo humano. Comprar Cipionato de Testosterona online para o tratamento de baixos n\u00edveis de testosterona em homens e mulheres.<\/p>\n<h3>Comprar Testosterona Cypionato de 100 mg e 200 mg Quantidade nos EUA<\/h3>\n<p>Cipionato de testosterona \u00e0 venda para administra\u00e7\u00e3o em mistura intramuscular ou no prazo de um m\u00eas, dependendo da indica\u00e7\u00e3o cl\u00ednica. Cada dosagem de utiliza\u00e7\u00e3o est\u00e1 dispon\u00edvel para inje\u00e7\u00f5es e administra\u00e7\u00e3o oral em buy-prescriptionz.com.<\/p>\n<p>As respostas do ciponato de testosterona unem sinais de masculiniza\u00e7\u00e3o como o agravamento da pele, aumento do cabelo, mudan\u00e7as de voz e desejo sexual prolongado.<br \/>\nComprar Testosterona Cypionato sem receita m\u00e9dica, um andr\u00f3geno projetado e esteroide anab\u00f3lico e \u00e9 um agonista do receptor andr\u00f3geno, os andr\u00f3genos como testosterona e dihidrotestosterona.<\/p>\n<p>Comprar Testosterona Cypionato a um pre\u00e7o barato pelos seus fortes efeitos androg\u00eanicos e efeitos anab\u00f3licos m\u00e9dios, que o tornam rent\u00e1vel para a masculiniza\u00e7\u00e3o e adequado para a terapia de substitui\u00e7\u00e3o de andr\u00f3genos.<\/p>\n<h3>Comprar Testosterona Cypionate com embalagem discreta nos EUA e Alemanha<\/h3>\n<p><strong>servi\u00e7o de entrega r\u00e1pido e seguro<\/strong><\/p>\n<p>Testosterona cypionate \u00e9 um \u00e9ster de testosterona e um pr\u00f3-f\u00e1rmaco duro de testosterona no corpo. Por causa disso, \u00e9 visto como uma marca registrada e um tipo bioid\u00eantico de testosterona. Em buy-prescriptionz.com, voc\u00ea pode encomendar e experimentar um servi\u00e7o de entrega r\u00e1pido e seguro.<\/p>\n<h3>Encomende o Testosterona Cypionate online: Farmacocin\u00e9tica<\/h3>\n<p>O cionato de testosterona \u00e9 o impulsionador intramuscular da imbui\u00e7\u00e3o, incluindo seu termo de a\u00e7\u00e3o de transfer\u00eancia, \u00e9 indistingu\u00edvel de e para este tempo em diante essencialmente proporcional aos do enantato de testosterona. Como comprar Testosterone Cypionate online \u00e9 tamb\u00e9m sobre como voc\u00ea precisa dele para entregar em seu lugar atrav\u00e9s de buy-prescriptionz.com.<\/p>\n<p>Comprar Testosterona Cypionato sem m\u00e9dico para todos os fins e prop\u00f3sitos t\u00e3o intercambi\u00e1veis como os medicamentos. Grandes mudan\u00e7as nos n\u00edveis de testosterona resultam com ele, com n\u00edveis no in\u00edcio sendo elevados e suprafisiol\u00f3gicos.<\/p>\n<p>Comprar Testosterona Cypionate online para tratamento de substitui\u00e7\u00e3o de andr\u00f3genos. \u00c9 aprovado pela FDA para o tratamento de hipogonadismo essencial ou hipogonadismo hipogonadotr\u00f3pico.<br \/>\n\u00c9 de marca para o crescimento do p\u00eanis, problemas penianos e adolesc\u00eancia adiada em homens jovens, oligospermia, tratamento de substitui\u00e7\u00e3o hormonal em homens transg\u00eaneros, e osteoporose. Saiba onde comprar Testosterone Cypionate online em buy-prescriptionz.com.<\/p>","protected":false},"excerpt":{"rendered":"<p>Buy Cypionate Online Testosterone Cypionate online on buy-prescriptionz.com Buy Cypionate Online,Testosterone Cypionate or Depo-Testosterone, it is an androgen and anabolic steroid to increase testosterone levels in the human body. Buy Testosterone Cypionate online for the treatment of low testosterone levels in men and women. Buy Testosterone Cypionate of 100 mg and 200 mg Quantity in [&hellip;]<\/p>","protected":false},"featured_media":3075,"comment_status":"open","ping_status":"closed","template":"","meta":{"site-sidebar-layout":"","site-content-layout":"","ast-site-content-layout":"","site-content-style":"","site-sidebar-style":"","ast-global-header-display":"","ast-banner-title-visibility":"","ast-main-header-display":"","ast-hfb-above-header-display":"","ast-hfb-below-header-display":"","ast-hfb-mobile-header-display":"","site-post-title":"","ast-breadcrumbs-content":"","ast-featured-img":"","footer-sml-layout":"","theme-transparent-header-meta":"","adv-header-id-meta":"","stick-header-meta":"","header-above-stick-meta":"","header-main-stick-meta":"","header-below-stick-meta":"","astra-migrate-meta-layouts":"","ast-page-background-enabled":"default","ast-page-background-meta":{"desktop":{"background-color":"var(--ast-global-color-4)","background-image":"","background-repeat":"repeat","background-position":"center center","background-size":"auto","background-attachment":"scroll","background-type":"","background-media":"","overlay-type":"","overlay-color":"","overlay-opacity":"","overlay-gradient":""},"tablet":{"background-color":"","background-image":"","background-repeat":"repeat","background-position":"center center","background-size":"auto","background-attachment":"scroll","background-type":"","background-media":"","overlay-type":"","overlay-color":"","overlay-opacity":"","overlay-gradient":""},"mobile":{"background-color":"","background-image":"","background-repeat":"repeat","background-position":"center center","background-size":"auto","background-attachment":"scroll","background-type":"","background-media":"","overlay-type":"","overlay-color":"","overlay-opacity":"","overlay-gradient":""}},"ast-content-background-meta":{"desktop":{"background-color":"var(--ast-global-color-5)","background-image":"","background-repeat":"repeat","background-position":"center center","background-size":"auto","background-attachment":"scroll","background-type":"","background-media":"","overlay-type":"","overlay-color":"","overlay-opacity":"","overlay-gradient":""},"tablet":{"background-color":"var(--ast-global-color-5)","background-image":"","background-repeat":"repeat","background-position":"center center","background-size":"auto","background-attachment":"scroll","background-type":"","background-media":"","overlay-type":"","overlay-color":"","overlay-opacity":"","overlay-gradient":""},"mobile":{"background-color":"var(--ast-global-color-5)","background-image":"","background-repeat":"repeat","background-position":"center center","background-size":"auto","background-attachment":"scroll","background-type":"","background-media":"","overlay-type":"","overlay-color":"","overlay-opacity":"","overlay-gradient":""}}},"product_brand":[],"product_cat":[2384],"product_tag":[1369,1370,1368,1363,1366,1365,1364,1367,1362,1361,1371],"class_list":{"0":"post-3045","1":"product","2":"type-product","3":"status-publish","4":"has-post-thumbnail","6":"product_cat-buy-anabolic-steroids-online","7":"product_tag-buy-cypionate-in-canada","8":"product_tag-buy-cypionate-in-uk","9":"product_tag-buy-cypionate-in-usa","10":"product_tag-buy-cypionate-with-bitcoin","11":"product_tag-buy-cypionate-with-credit-card","12":"product_tag-buy-cypionate-with-money-gram","13":"product_tag-buy-cypionate-with-western-union","14":"product_tag-buy-cypionate-without-a-doctor","15":"product_tag-buy-cypionate-without-prescription","16":"product_tag-cypionate-for-sale","17":"product_tag-cypionate-injection","18":"desktop-align-center","19":"tablet-align-left","20":"mobile-align-left","22":"first","23":"instock","24":"shipping-taxable","25":"purchasable","26":"product-type-variable","27":"has-default-attributes"},"yoast_head":"<!-- This site is optimized with the Yoast SEO plugin v25.9 - https:\/\/yoast.com\/wordpress\/plugins\/seo\/ -->\n<title>Buy Cypionate Online - Cypionate for Sale Online<\/title>\n<meta name=\"description\" content=\"Here is the chance to grab Cypionate for sale at cheap prices. Our online Buy-Prescriptionz store is selling worldwide. Order to buy Cypionate online soon.\" \/>\n<meta name=\"robots\" content=\"index, follow, max-snippet:-1, max-image-preview:large, max-video-preview:-1\" \/>\n<link rel=\"canonical\" href=\"https:\/\/buy-prescriptionz.com\/pt_pt\/produto\/comprar-cipionato-online\/\" \/>\n<meta property=\"og:locale\" content=\"pt_PT\" \/>\n<meta property=\"og:type\" content=\"article\" \/>\n<meta property=\"og:title\" content=\"Buy Cypionate Online - Cypionate for Sale Online\" \/>\n<meta property=\"og:description\" content=\"Here is the chance to grab Cypionate for sale at cheap prices. Our online Buy-Prescriptionz store is selling worldwide. Order to buy Cypionate online soon.\" \/>\n<meta property=\"og:url\" content=\"https:\/\/buy-prescriptionz.com\/pt_pt\/produto\/comprar-cipionato-online\/\" \/>\n<meta property=\"og:site_name\" content=\"Buy Prescriptionz\" \/>\n<meta property=\"article:modified_time\" content=\"2025-09-16T08:56:35+00:00\" \/>\n<meta property=\"og:image\" content=\"https:\/\/buy-prescriptionz.com\/wp-content\/uploads\/2025\/09\/cypionate.jpg\" \/>\n\t<meta property=\"og:image:width\" content=\"400\" \/>\n\t<meta property=\"og:image:height\" content=\"300\" \/>\n\t<meta property=\"og:image:type\" content=\"image\/jpeg\" \/>\n<meta name=\"twitter:card\" content=\"summary_large_image\" \/>\n<meta name=\"twitter:label1\" content=\"Tempo estimado de leitura\" \/>\n\t<meta name=\"twitter:data1\" content=\"2 minutos\" \/>\n<script type=\"application\/ld+json\" class=\"yoast-schema-graph\">{\"@context\":\"https:\/\/schema.org\",\"@graph\":[{\"@type\":\"WebPage\",\"@id\":\"https:\/\/buy-prescriptionz.com\/cs\/produkt\/koupit-cypionat-online\/\",\"url\":\"https:\/\/buy-prescriptionz.com\/cs\/produkt\/koupit-cypionat-online\/\",\"name\":\"Buy Cypionate Online - Cypionate for Sale Online\",\"isPartOf\":{\"@id\":\"https:\/\/buy-prescriptionz.com\/#website\"},\"primaryImageOfPage\":{\"@id\":\"https:\/\/buy-prescriptionz.com\/cs\/produkt\/koupit-cypionat-online\/#primaryimage\"},\"image\":{\"@id\":\"https:\/\/buy-prescriptionz.com\/cs\/produkt\/koupit-cypionat-online\/#primaryimage\"},\"thumbnailUrl\":\"https:\/\/buy-prescriptionz.com\/wp-content\/uploads\/2025\/09\/cypionate.jpg\",\"datePublished\":\"2025-09-16T08:56:09+00:00\",\"dateModified\":\"2025-09-16T08:56:35+00:00\",\"description\":\"Here is the chance to grab Cypionate for sale at cheap prices. Our online Buy-Prescriptionz store is selling worldwide. Order to buy Cypionate online soon.\",\"breadcrumb\":{\"@id\":\"https:\/\/buy-prescriptionz.com\/cs\/produkt\/koupit-cypionat-online\/#breadcrumb\"},\"inLanguage\":\"pt-PT\",\"potentialAction\":[{\"@type\":\"ReadAction\",\"target\":[\"https:\/\/buy-prescriptionz.com\/cs\/produkt\/koupit-cypionat-online\/\"]}]},{\"@type\":\"ImageObject\",\"inLanguage\":\"pt-PT\",\"@id\":\"https:\/\/buy-prescriptionz.com\/cs\/produkt\/koupit-cypionat-online\/#primaryimage\",\"url\":\"https:\/\/buy-prescriptionz.com\/wp-content\/uploads\/2025\/09\/cypionate.jpg\",\"contentUrl\":\"https:\/\/buy-prescriptionz.com\/wp-content\/uploads\/2025\/09\/cypionate.jpg\",\"width\":400,\"height\":300},{\"@type\":\"BreadcrumbList\",\"@id\":\"https:\/\/buy-prescriptionz.com\/cs\/produkt\/koupit-cypionat-online\/#breadcrumb\",\"itemListElement\":[{\"@type\":\"ListItem\",\"position\":1,\"name\":\"Home\",\"item\":\"https:\/\/buy-prescriptionz.com\/\"},{\"@type\":\"ListItem\",\"position\":2,\"name\":\"Shop Painkillers Online\",\"item\":\"https:\/\/buy-prescriptionz.com\/shop-painkillers-online\/\"},{\"@type\":\"ListItem\",\"position\":3,\"name\":\"Buy Cypionate Online\"}]},{\"@type\":\"WebSite\",\"@id\":\"https:\/\/buy-prescriptionz.com\/#website\",\"url\":\"https:\/\/buy-prescriptionz.com\/\",\"name\":\"Buy Prescriptionz\",\"description\":\"Drugs Online\",\"publisher\":{\"@id\":\"https:\/\/buy-prescriptionz.com\/#organization\"},\"potentialAction\":[{\"@type\":\"SearchAction\",\"target\":{\"@type\":\"EntryPoint\",\"urlTemplate\":\"https:\/\/buy-prescriptionz.com\/?s={search_term_string}\"},\"query-input\":{\"@type\":\"PropertyValueSpecification\",\"valueRequired\":true,\"valueName\":\"search_term_string\"}}],\"inLanguage\":\"pt-PT\"},{\"@type\":\"Organization\",\"@id\":\"https:\/\/buy-prescriptionz.com\/#organization\",\"name\":\"Buy Prescriptionz\",\"url\":\"https:\/\/buy-prescriptionz.com\/\",\"logo\":{\"@type\":\"ImageObject\",\"inLanguage\":\"pt-PT\",\"@id\":\"https:\/\/buy-prescriptionz.com\/#\/schema\/logo\/image\/\",\"url\":\"https:\/\/buy-prescriptionz.com\/wp-content\/uploads\/2023\/09\/logo.png\",\"contentUrl\":\"https:\/\/buy-prescriptionz.com\/wp-content\/uploads\/2023\/09\/logo.png\",\"width\":350,\"height\":64,\"caption\":\"Buy Prescriptionz\"},\"image\":{\"@id\":\"https:\/\/buy-prescriptionz.com\/#\/schema\/logo\/image\/\"}}]}<\/script>\n<!-- \/ Yoast SEO plugin. -->","yoast_head_json":{"title":"Comprar Cipionato Online - Cipionato em Venda Online","description":"Esta \u00e9 a sua oportunidade de comprar Cipionato a pre\u00e7os baixos. A nossa loja online Buy-Prescriptionz vende para todo o mundo. Compre Cipionato online em breve.","robots":{"index":"index","follow":"follow","max-snippet":"max-snippet:-1","max-image-preview":"max-image-preview:large","max-video-preview":"max-video-preview:-1"},"canonical":"https:\/\/buy-prescriptionz.com\/pt_pt\/produto\/comprar-cipionato-online\/","og_locale":"pt_PT","og_type":"article","og_title":"Buy Cypionate Online - Cypionate for Sale Online","og_description":"Here is the chance to grab Cypionate for sale at cheap prices. Our online Buy-Prescriptionz store is selling worldwide. Order to buy Cypionate online soon.","og_url":"https:\/\/buy-prescriptionz.com\/pt_pt\/produto\/comprar-cipionato-online\/","og_site_name":"Buy Prescriptionz","article_modified_time":"2025-09-16T08:56:35+00:00","og_image":[{"width":400,"height":300,"url":"https:\/\/buy-prescriptionz.com\/wp-content\/uploads\/2025\/09\/cypionate.jpg","type":"image\/jpeg"}],"twitter_card":"summary_large_image","twitter_misc":{"Tempo estimado de leitura":"2 minutos"},"schema":{"@context":"https:\/\/schema.org","@graph":[{"@type":"WebPage","@id":"https:\/\/buy-prescriptionz.com\/cs\/produkt\/koupit-cypionat-online\/","url":"https:\/\/buy-prescriptionz.com\/cs\/produkt\/koupit-cypionat-online\/","name":"Comprar Cipionato Online - Cipionato em Venda Online","isPartOf":{"@id":"https:\/\/buy-prescriptionz.com\/#website"},"primaryImageOfPage":{"@id":"https:\/\/buy-prescriptionz.com\/cs\/produkt\/koupit-cypionat-online\/#primaryimage"},"image":{"@id":"https:\/\/buy-prescriptionz.com\/cs\/produkt\/koupit-cypionat-online\/#primaryimage"},"thumbnailUrl":"https:\/\/buy-prescriptionz.com\/wp-content\/uploads\/2025\/09\/cypionate.jpg","datePublished":"2025-09-16T08:56:09+00:00","dateModified":"2025-09-16T08:56:35+00:00","description":"Esta \u00e9 a sua oportunidade de comprar Cipionato a pre\u00e7os baixos. A nossa loja online Buy-Prescriptionz vende para todo o mundo. Compre Cipionato online em breve.","breadcrumb":{"@id":"https:\/\/buy-prescriptionz.com\/cs\/produkt\/koupit-cypionat-online\/#breadcrumb"},"inLanguage":"pt-PT","potentialAction":[{"@type":"ReadAction","target":["https:\/\/buy-prescriptionz.com\/cs\/produkt\/koupit-cypionat-online\/"]}]},{"@type":"ImageObject","inLanguage":"pt-PT","@id":"https:\/\/buy-prescriptionz.com\/cs\/produkt\/koupit-cypionat-online\/#primaryimage","url":"https:\/\/buy-prescriptionz.com\/wp-content\/uploads\/2025\/09\/cypionate.jpg","contentUrl":"https:\/\/buy-prescriptionz.com\/wp-content\/uploads\/2025\/09\/cypionate.jpg","width":400,"height":300},{"@type":"BreadcrumbList","@id":"https:\/\/buy-prescriptionz.com\/cs\/produkt\/koupit-cypionat-online\/#breadcrumb","itemListElement":[{"@type":"ListItem","position":1,"name":"Home","item":"https:\/\/buy-prescriptionz.com\/"},{"@type":"ListItem","position":2,"name":"Shop Painkillers Online","item":"https:\/\/buy-prescriptionz.com\/shop-painkillers-online\/"},{"@type":"ListItem","position":3,"name":"Buy Cypionate Online"}]},{"@type":"WebSite","@id":"https:\/\/buy-prescriptionz.com\/#website","url":"https:\/\/buy-prescriptionz.com\/","name":"Buy Prescriptionz","description":"Drogas Online","publisher":{"@id":"https:\/\/buy-prescriptionz.com\/#organization"},"potentialAction":[{"@type":"SearchAction","target":{"@type":"EntryPoint","urlTemplate":"https:\/\/buy-prescriptionz.com\/?s={search_term_string}"},"query-input":{"@type":"PropertyValueSpecification","valueRequired":true,"valueName":"search_term_string"}}],"inLanguage":"pt-PT"},{"@type":"Organization","@id":"https:\/\/buy-prescriptionz.com\/#organization","name":"Buy Prescriptionz","url":"https:\/\/buy-prescriptionz.com\/","logo":{"@type":"ImageObject","inLanguage":"pt-PT","@id":"https:\/\/buy-prescriptionz.com\/#\/schema\/logo\/image\/","url":"https:\/\/buy-prescriptionz.com\/wp-content\/uploads\/2023\/09\/logo.png","contentUrl":"https:\/\/buy-prescriptionz.com\/wp-content\/uploads\/2023\/09\/logo.png","width":350,"height":64,"caption":"Buy Prescriptionz"},"image":{"@id":"https:\/\/buy-prescriptionz.com\/#\/schema\/logo\/image\/"}}]}},"_links":{"self":[{"href":"https:\/\/buy-prescriptionz.com\/pt_pt\/wp-json\/wp\/v2\/product\/3045","targetHints":{"allow":["GET"]}}],"collection":[{"href":"https:\/\/buy-prescriptionz.com\/pt_pt\/wp-json\/wp\/v2\/product"}],"about":[{"href":"https:\/\/buy-prescriptionz.com\/pt_pt\/wp-json\/wp\/v2\/types\/product"}],"replies":[{"embeddable":true,"href":"https:\/\/buy-prescriptionz.com\/pt_pt\/wp-json\/wp\/v2\/comments?post=3045"}],"wp:featuredmedia":[{"embeddable":true,"href":"https:\/\/buy-prescriptionz.com\/pt_pt\/wp-json\/wp\/v2\/media\/3075"}],"wp:attachment":[{"href":"https:\/\/buy-prescriptionz.com\/pt_pt\/wp-json\/wp\/v2\/media?parent=3045"}],"wp:term":[{"taxonomy":"product_brand","embeddable":true,"href":"https:\/\/buy-prescriptionz.com\/pt_pt\/wp-json\/wp\/v2\/product_brand?post=3045"},{"taxonomy":"product_cat","embeddable":true,"href":"https:\/\/buy-prescriptionz.com\/pt_pt\/wp-json\/wp\/v2\/product_cat?post=3045"},{"taxonomy":"product_tag","embeddable":true,"href":"https:\/\/buy-prescriptionz.com\/pt_pt\/wp-json\/wp\/v2\/product_tag?post=3045"}],"curies":[{"name":"wp","href":"https:\/\/api.w.org\/{rel}","templated":true}]}}