{"id":3046,"date":"2025-09-16T08:56:09","date_gmt":"2025-09-16T08:56:09","guid":{"rendered":"https:\/\/chemsfine.com\/newsite\/?post_type=product&#038;p=3046"},"modified":"2025-09-26T15:33:37","modified_gmt":"2025-09-26T15:33:37","slug":"comprar-sustanon-online","status":"publish","type":"product","link":"https:\/\/buy-prescriptionz.com\/pt_pt\/produto\/comprar-sustanon-online\/","title":{"rendered":"Comprar Sustanon Online"},"content":{"rendered":"<h2>Comprar Sustanon Online<\/h2>\n<h3>Comprar Sustanon 300 online em buy-prescriptionz.com para aumentar a contagem de espermatoz\u00f3ides<\/h3>\n<p>Compre <a href=\"https:\/\/buy-prescriptionz.com\/pt_pt\/\">Sustanon<\/a> 300 para um transexual feminino para um transexual masculino para a melhoria das qualidades sexuais masculinas. O seu especialista pode ter endossado Sustanon 300 online por outra raz\u00e3o. Pergunte se tem alguma d\u00favida sobre a raz\u00e3o pela qual Sustanon 300 \u00e9 recomendado para si. H\u00e1 outra quantidade padr\u00e3o dispon\u00edvel em buy-prescriptionz.com.<\/p>\n<h3><strong>Comprar Sustanon online por v\u00e1rios motivos<\/strong><\/h3>\n<p>O Sustanon \u00e9 um ester\u00f3ide anabolizante popular composto por uma mistura de quatro diferentes \u00e9steres de testosterona. \u00c9 comummente utilizado para terapia de reposi\u00e7\u00e3o de testosterona, muscula\u00e7\u00e3o e melhoria do desempenho atl\u00e9tico. Comprar Sustanon online oferece diversas vantagens, incluindo conveni\u00eancia, disponibilidade, pre\u00e7os competitivos e acesso a avalia\u00e7\u00f5es de clientes. As plataformas online tamb\u00e9m oferecem o benef\u00edcio adicional dos servi\u00e7os de prescri\u00e7\u00e3o atrav\u00e9s de consultas online, facilitando a obten\u00e7\u00e3o dos medicamentos necess\u00e1rios. Ao comprar o melhor Sustanon, \u00e9 crucial escolher tipos de letra fi\u00e1veis \u200b\u200bpara garantir a qualidade e a autenticidade do produto, garantindo assim a seguran\u00e7a e a efic\u00e1cia.<\/p>\n<ol>\n<li><strong>Conveni\u00eancia<\/strong><\/li>\n<\/ol>\n<ol>\n<li style=\"list-style-type: none;\">\n<ul>\n<li>F\u00e1cil acesso: compre o melhor Enantato no conforto da sua casa.<\/li>\n<li>Envio discreto: garante privacidade e comodidade.<\/li>\n<\/ul>\n<\/li>\n<\/ol>\n<ol start=\"2\">\n<li><strong>Variedade e disponibilidade:<\/strong><\/li>\n<\/ol>\n<ol>\n<li style=\"list-style-type: none;\">\n<ul>\n<li>Vasta variedade: acesso a diferentes marcas e dosagens.<\/li>\n<li>Disponibilidade de stock: Mais f\u00e1cil de encontrar em stock em compara\u00e7\u00e3o com as farm\u00e1cias locais.<\/li>\n<\/ul>\n<\/li>\n<\/ol>\n<ol start=\"3\">\n<li><strong>Custo-benef\u00edcio:<\/strong><\/li>\n<\/ol>\n<ol>\n<li style=\"list-style-type: none;\">\n<ul>\n<li>Pre\u00e7os competitivos: geralmente, pre\u00e7os mais baratos em compara\u00e7\u00e3o com as lojas f\u00edsicas.<\/li>\n<li>Descontos e ofertas: descontos regulares e ofertas promocionais dispon\u00edveis online.<\/li>\n<\/ul>\n<\/li>\n<\/ol>\n<ol start=\"4\">\n<li><strong>Avalia\u00e7\u00f5es e classifica\u00e7\u00f5es:<\/strong><\/li>\n<\/ol>\n<ol>\n<li style=\"list-style-type: none;\">\n<ul>\n<li>Feedback do cliente: ajuda a escolher vendedores e produtos de confian\u00e7a.<\/li>\n<\/ul>\n<\/li>\n<\/ol>\n<ol start=\"5\">\n<li><strong>Servi\u00e7os de prescri\u00e7\u00e3o:<\/strong><\/li>\n<\/ol>\n<ol>\n<li style=\"list-style-type: none;\">\n<ul>\n<li>Consultas online: alguns sites oferecem consultas m\u00e9dicas para obter uma receita.<\/li>\n<\/ul>\n<\/li>\n<\/ol>\n<p>Comprar Sustanon online oferece facilidade e poupan\u00e7a. Certifique-se sempre de que compra em fontes fi\u00e1veis, como buy-prescriptionz.com, para garantir qualidade e autenticidade. O seu servi\u00e7o garante que recebe produtos originais entregues discretamente em sua casa. Consulte um profissional de sa\u00fade para garantir a adequa\u00e7\u00e3o do Sustanon \u00e0s suas necessidades. Buy-prescriptionz.com \u00e9 o <strong>melhor farm\u00e1cia <\/strong>fornece uma plataforma fi\u00e1vel para comprar Sustanon com seguran\u00e7a e conveni\u00eancia.<\/p>\n<h3>Sustanon 300 para venda para os EUA e pa\u00edses asi\u00e1ticos e europeus<\/h3>\n<p class=\"translation-block\">Sustanon \u00e9 um medicamento anab\u00f3lico androg\u00e9nico para aumentar o volume e a qualidade do esqueleto. Este medicamento \u00e9 uma mistura de quatro filiais de testosterona esterizada propionato, fenilpropionato de testosterona, isocaproato de testosterona e decanoato de testosterona. Pode comprar Sustanon 300 sem um m\u00e9dico online em buy-prescriptionz.com.<\/p>\n<p>Encomendar Sustanon 300 online para expandir a massa do peitoral e a fibra no corpo. Devido \u00e0 longa meia exist\u00eancia de cerca de tr\u00eas semanas, \u00e9 perfeito para a constru\u00e7\u00e3o e expans\u00e3o da qualidade sem dosagem di\u00e1ria. \u00c9 anab\u00f3lico e androg\u00e9nico, pelo que produz resultados incr\u00edveis juntamente com apenas um par de sintomas.<\/p>\n<p class=\"translation-block\">N\u00e3o se preocupe mais sobre como comprar Sustanon 300 online porque sempre ou qualquer que seja o mg de que necessita, est\u00e1 dispon\u00edvel em buy-prescriptionz.com com servi\u00e7o de envio r\u00e1pido e seguro.\nCompre Sustanon 300 online para tratar o seu baixo desejo sexual e outros problemas de hormona de crescimento apenas em buy-prescriptionz.com.<\/p>\n<h3>Obtenha um servi\u00e7o de entrega r\u00e1pido e seguro em buy-prescriptionz.com<\/h3>\n<p>Pode comprar Sustanon 300 sem receita m\u00e9dica, embora haja homens que se agarram \u00e0 ingest\u00e3o oral por causa da viabilidade dos custos. Saber\u00e1 que 300 est\u00e1 dispon\u00edvel para ser comprado mais habitualmente, embora possa comprar Sustanon 300 a pre\u00e7o barato e Sustanon 270, 300, 350, e at\u00e9 500 em buy-prescriptionz.com.<\/p>\n<p>Geralmente, o Sustanon 250 inject\u00e1vel dispon\u00edvel para ser adquirido \u00e9 a decis\u00e3o mais eficaz, uma vez que pode baixar ou potencialmente aumentar a sua por\u00e7\u00e3o conforme necess\u00e1rio com uma estimativa cautelosa. H\u00e1 apenas um lugar onde comprar Sustanon 300 online, e que \u00e9 vender a melhor qualidade deste medicamento no mundo.<\/p>\n<p>Comprar Sustanon 300 com embalagens discretas, uma vez que os pacientes satisfeitos v\u00eaem um aumento da qualidade ap\u00f3s algumas dosagens e um aumento do tamanho dos m\u00fasculos em apenas duas semanas.<\/p>","protected":false},"excerpt":{"rendered":"<p>Buy Sustanon Online Buy Sustanon 300 online at buy-prescriptionz.com to increase sperm count Buy Sustanon 300 for a female to male transsexuals for improvement of masculine sexual qualities. Your specialist may have endorsed Sustanon 300 online for another reason. Inquire as to whether you have any inquiries about why Sustanon 300 is recommended for you. [&hellip;]<\/p>","protected":false},"featured_media":3076,"comment_status":"open","ping_status":"closed","template":"","meta":{"site-sidebar-layout":"default","site-content-layout":"","ast-site-content-layout":"default","site-content-style":"default","site-sidebar-style":"default","ast-global-header-display":"","ast-banner-title-visibility":"","ast-main-header-display":"","ast-hfb-above-header-display":"","ast-hfb-below-header-display":"","ast-hfb-mobile-header-display":"","site-post-title":"","ast-breadcrumbs-content":"","ast-featured-img":"","footer-sml-layout":"","theme-transparent-header-meta":"default","adv-header-id-meta":"","stick-header-meta":"","header-above-stick-meta":"","header-main-stick-meta":"","header-below-stick-meta":"","astra-migrate-meta-layouts":"set","ast-page-background-enabled":"default","ast-page-background-meta":{"desktop":{"background-color":"var(--ast-global-color-4)","background-image":"","background-repeat":"repeat","background-position":"center center","background-size":"auto","background-attachment":"scroll","background-type":"","background-media":"","overlay-type":"","overlay-color":"","overlay-opacity":"","overlay-gradient":""},"tablet":{"background-color":"","background-image":"","background-repeat":"repeat","background-position":"center center","background-size":"auto","background-attachment":"scroll","background-type":"","background-media":"","overlay-type":"","overlay-color":"","overlay-opacity":"","overlay-gradient":""},"mobile":{"background-color":"","background-image":"","background-repeat":"repeat","background-position":"center center","background-size":"auto","background-attachment":"scroll","background-type":"","background-media":"","overlay-type":"","overlay-color":"","overlay-opacity":"","overlay-gradient":""}},"ast-content-background-meta":{"desktop":{"background-color":"var(--ast-global-color-5)","background-image":"","background-repeat":"repeat","background-position":"center center","background-size":"auto","background-attachment":"scroll","background-type":"","background-media":"","overlay-type":"","overlay-color":"","overlay-opacity":"","overlay-gradient":""},"tablet":{"background-color":"var(--ast-global-color-5)","background-image":"","background-repeat":"repeat","background-position":"center center","background-size":"auto","background-attachment":"scroll","background-type":"","background-media":"","overlay-type":"","overlay-color":"","overlay-opacity":"","overlay-gradient":""},"mobile":{"background-color":"var(--ast-global-color-5)","background-image":"","background-repeat":"repeat","background-position":"center center","background-size":"auto","background-attachment":"scroll","background-type":"","background-media":"","overlay-type":"","overlay-color":"","overlay-opacity":"","overlay-gradient":""}}},"product_brand":[],"product_cat":[2384],"product_tag":[1358,1359,1357,1352,1355,1354,1353,1356,1351,1350,1360],"class_list":{"0":"post-3046","1":"product","2":"type-product","3":"status-publish","4":"has-post-thumbnail","6":"product_cat-buy-anabolic-steroids-online","7":"product_tag-buy-sustanon-in-canada","8":"product_tag-buy-sustanon-in-uk","9":"product_tag-buy-sustanon-in-usa","10":"product_tag-buy-sustanon-with-bitcoin","11":"product_tag-buy-sustanon-with-credit-card","12":"product_tag-buy-sustanon-with-money-gram","13":"product_tag-buy-sustanon-with-western-union","14":"product_tag-buy-sustanon-without-a-doctor","15":"product_tag-buy-sustanon-without-prescription","16":"product_tag-sustanon-for-sale","17":"product_tag-sustanon-injection","18":"desktop-align-center","19":"tablet-align-left","20":"mobile-align-left","22":"first","23":"instock","24":"shipping-taxable","25":"purchasable","26":"product-type-variable","27":"has-default-attributes"},"yoast_head":"<!-- This site is optimized with the Yoast SEO plugin v25.9 - https:\/\/yoast.com\/wordpress\/plugins\/seo\/ -->\n<title>Buy Sustanon Online -Sustanon testosterone injection | Buy sustanon AU<\/title>\n<meta name=\"description\" content=\"Buy Sustanon Online,Buy Sustanon 350! Online Sustanon 250 (Testosterone mix) for sale. Buy Sustanon 250 (Testosterone mix)\" \/>\n<meta name=\"robots\" content=\"index, follow, max-snippet:-1, max-image-preview:large, max-video-preview:-1\" \/>\n<link rel=\"canonical\" href=\"https:\/\/buy-prescriptionz.com\/pt_pt\/produto\/comprar-sustanon-online\/\" \/>\n<meta property=\"og:locale\" content=\"pt_PT\" \/>\n<meta property=\"og:type\" content=\"article\" \/>\n<meta property=\"og:title\" content=\"Buy Sustanon Online -Sustanon testosterone injection | Buy sustanon AU\" \/>\n<meta property=\"og:description\" content=\"Buy Sustanon Online,Buy Sustanon 350! Online Sustanon 250 (Testosterone mix) for sale. Buy Sustanon 250 (Testosterone mix)\" \/>\n<meta property=\"og:url\" content=\"https:\/\/buy-prescriptionz.com\/pt_pt\/produto\/comprar-sustanon-online\/\" \/>\n<meta property=\"og:site_name\" content=\"Buy Prescriptionz\" \/>\n<meta property=\"article:modified_time\" content=\"2025-09-26T15:33:37+00:00\" \/>\n<meta property=\"og:image\" content=\"https:\/\/buy-prescriptionz.com\/wp-content\/uploads\/2025\/09\/sustanon.jpg\" \/>\n\t<meta property=\"og:image:width\" content=\"400\" \/>\n\t<meta property=\"og:image:height\" content=\"300\" \/>\n\t<meta property=\"og:image:type\" content=\"image\/jpeg\" \/>\n<meta name=\"twitter:card\" content=\"summary_large_image\" \/>\n<meta name=\"twitter:label1\" content=\"Tempo estimado de leitura\" \/>\n\t<meta name=\"twitter:data1\" content=\"3 minutos\" \/>\n<script type=\"application\/ld+json\" class=\"yoast-schema-graph\">{\"@context\":\"https:\/\/schema.org\",\"@graph\":[{\"@type\":\"WebPage\",\"@id\":\"https:\/\/buy-prescriptionz.com\/product\/buy-sustanon-online\/\",\"url\":\"https:\/\/buy-prescriptionz.com\/product\/buy-sustanon-online\/\",\"name\":\"Buy Sustanon Online -Sustanon testosterone injection | Buy sustanon AU\",\"isPartOf\":{\"@id\":\"https:\/\/buy-prescriptionz.com\/#website\"},\"primaryImageOfPage\":{\"@id\":\"https:\/\/buy-prescriptionz.com\/product\/buy-sustanon-online\/#primaryimage\"},\"image\":{\"@id\":\"https:\/\/buy-prescriptionz.com\/product\/buy-sustanon-online\/#primaryimage\"},\"thumbnailUrl\":\"https:\/\/buy-prescriptionz.com\/wp-content\/uploads\/2025\/09\/sustanon.jpg\",\"datePublished\":\"2025-09-16T08:56:09+00:00\",\"dateModified\":\"2025-09-26T15:33:37+00:00\",\"description\":\"Buy Sustanon Online,Buy Sustanon 350! Online Sustanon 250 (Testosterone mix) for sale. Buy Sustanon 250 (Testosterone mix)\",\"breadcrumb\":{\"@id\":\"https:\/\/buy-prescriptionz.com\/product\/buy-sustanon-online\/#breadcrumb\"},\"inLanguage\":\"pt-PT\",\"potentialAction\":[{\"@type\":\"ReadAction\",\"target\":[\"https:\/\/buy-prescriptionz.com\/product\/buy-sustanon-online\/\"]}]},{\"@type\":\"ImageObject\",\"inLanguage\":\"pt-PT\",\"@id\":\"https:\/\/buy-prescriptionz.com\/product\/buy-sustanon-online\/#primaryimage\",\"url\":\"https:\/\/buy-prescriptionz.com\/wp-content\/uploads\/2025\/09\/sustanon.jpg\",\"contentUrl\":\"https:\/\/buy-prescriptionz.com\/wp-content\/uploads\/2025\/09\/sustanon.jpg\",\"width\":400,\"height\":300},{\"@type\":\"BreadcrumbList\",\"@id\":\"https:\/\/buy-prescriptionz.com\/product\/buy-sustanon-online\/#breadcrumb\",\"itemListElement\":[{\"@type\":\"ListItem\",\"position\":1,\"name\":\"Home\",\"item\":\"https:\/\/buy-prescriptionz.com\/\"},{\"@type\":\"ListItem\",\"position\":2,\"name\":\"Shop Painkillers Online\",\"item\":\"https:\/\/buy-prescriptionz.com\/shop-painkillers-online\/\"},{\"@type\":\"ListItem\",\"position\":3,\"name\":\"Buy Sustanon Online\"}]},{\"@type\":\"WebSite\",\"@id\":\"https:\/\/buy-prescriptionz.com\/#website\",\"url\":\"https:\/\/buy-prescriptionz.com\/\",\"name\":\"Buy Prescriptionz\",\"description\":\"Drugs Online\",\"publisher\":{\"@id\":\"https:\/\/buy-prescriptionz.com\/#organization\"},\"potentialAction\":[{\"@type\":\"SearchAction\",\"target\":{\"@type\":\"EntryPoint\",\"urlTemplate\":\"https:\/\/buy-prescriptionz.com\/?s={search_term_string}\"},\"query-input\":{\"@type\":\"PropertyValueSpecification\",\"valueRequired\":true,\"valueName\":\"search_term_string\"}}],\"inLanguage\":\"pt-PT\"},{\"@type\":\"Organization\",\"@id\":\"https:\/\/buy-prescriptionz.com\/#organization\",\"name\":\"Buy Prescriptionz\",\"url\":\"https:\/\/buy-prescriptionz.com\/\",\"logo\":{\"@type\":\"ImageObject\",\"inLanguage\":\"pt-PT\",\"@id\":\"https:\/\/buy-prescriptionz.com\/#\/schema\/logo\/image\/\",\"url\":\"https:\/\/buy-prescriptionz.com\/wp-content\/uploads\/2023\/09\/logo.png\",\"contentUrl\":\"https:\/\/buy-prescriptionz.com\/wp-content\/uploads\/2023\/09\/logo.png\",\"width\":350,\"height\":64,\"caption\":\"Buy Prescriptionz\"},\"image\":{\"@id\":\"https:\/\/buy-prescriptionz.com\/#\/schema\/logo\/image\/\"}}]}<\/script>\n<!-- \/ Yoast SEO plugin. -->","yoast_head_json":{"title":"Comprar Sustanon Online -Sustanon injec\u00e7\u00e3o de testosterona | Sustanon Para venda online","description":"Comprar Sustanon Online, Comprar Sustanon 350! Sustanon 250 online (mistura de testosterona) para venda. Comprar Sustanon 250 (mistura de Testosterona)","robots":{"index":"index","follow":"follow","max-snippet":"max-snippet:-1","max-image-preview":"max-image-preview:large","max-video-preview":"max-video-preview:-1"},"canonical":"https:\/\/buy-prescriptionz.com\/pt_pt\/produto\/comprar-sustanon-online\/","og_locale":"pt_PT","og_type":"article","og_title":"Buy Sustanon Online -Sustanon testosterone injection | Buy sustanon AU","og_description":"Buy Sustanon Online,Buy Sustanon 350! Online Sustanon 250 (Testosterone mix) for sale. Buy Sustanon 250 (Testosterone mix)","og_url":"https:\/\/buy-prescriptionz.com\/pt_pt\/produto\/comprar-sustanon-online\/","og_site_name":"Buy Prescriptionz","article_modified_time":"2025-09-26T15:33:37+00:00","og_image":[{"width":400,"height":300,"url":"https:\/\/buy-prescriptionz.com\/wp-content\/uploads\/2025\/09\/sustanon.jpg","type":"image\/jpeg"}],"twitter_card":"summary_large_image","twitter_misc":{"Tempo estimado de leitura":"3 minutos"},"schema":{"@context":"https:\/\/schema.org","@graph":[{"@type":"WebPage","@id":"https:\/\/buy-prescriptionz.com\/product\/buy-sustanon-online\/","url":"https:\/\/buy-prescriptionz.com\/product\/buy-sustanon-online\/","name":"Comprar Sustanon Online -Sustanon injec\u00e7\u00e3o de testosterona | Sustanon Para venda online","isPartOf":{"@id":"https:\/\/buy-prescriptionz.com\/#website"},"primaryImageOfPage":{"@id":"https:\/\/buy-prescriptionz.com\/product\/buy-sustanon-online\/#primaryimage"},"image":{"@id":"https:\/\/buy-prescriptionz.com\/product\/buy-sustanon-online\/#primaryimage"},"thumbnailUrl":"https:\/\/buy-prescriptionz.com\/wp-content\/uploads\/2025\/09\/sustanon.jpg","datePublished":"2025-09-16T08:56:09+00:00","dateModified":"2025-09-26T15:33:37+00:00","description":"Comprar Sustanon Online, Comprar Sustanon 350! Sustanon 250 online (mistura de testosterona) para venda. Comprar Sustanon 250 (mistura de Testosterona)","breadcrumb":{"@id":"https:\/\/buy-prescriptionz.com\/product\/buy-sustanon-online\/#breadcrumb"},"inLanguage":"pt-PT","potentialAction":[{"@type":"ReadAction","target":["https:\/\/buy-prescriptionz.com\/product\/buy-sustanon-online\/"]}]},{"@type":"ImageObject","inLanguage":"pt-PT","@id":"https:\/\/buy-prescriptionz.com\/product\/buy-sustanon-online\/#primaryimage","url":"https:\/\/buy-prescriptionz.com\/wp-content\/uploads\/2025\/09\/sustanon.jpg","contentUrl":"https:\/\/buy-prescriptionz.com\/wp-content\/uploads\/2025\/09\/sustanon.jpg","width":400,"height":300},{"@type":"BreadcrumbList","@id":"https:\/\/buy-prescriptionz.com\/product\/buy-sustanon-online\/#breadcrumb","itemListElement":[{"@type":"ListItem","position":1,"name":"Home","item":"https:\/\/buy-prescriptionz.com\/"},{"@type":"ListItem","position":2,"name":"Shop Painkillers Online","item":"https:\/\/buy-prescriptionz.com\/shop-painkillers-online\/"},{"@type":"ListItem","position":3,"name":"Buy Sustanon Online"}]},{"@type":"WebSite","@id":"https:\/\/buy-prescriptionz.com\/#website","url":"https:\/\/buy-prescriptionz.com\/","name":"Buy Prescriptionz","description":"Drogas Online","publisher":{"@id":"https:\/\/buy-prescriptionz.com\/#organization"},"potentialAction":[{"@type":"SearchAction","target":{"@type":"EntryPoint","urlTemplate":"https:\/\/buy-prescriptionz.com\/?s={search_term_string}"},"query-input":{"@type":"PropertyValueSpecification","valueRequired":true,"valueName":"search_term_string"}}],"inLanguage":"pt-PT"},{"@type":"Organization","@id":"https:\/\/buy-prescriptionz.com\/#organization","name":"Buy Prescriptionz","url":"https:\/\/buy-prescriptionz.com\/","logo":{"@type":"ImageObject","inLanguage":"pt-PT","@id":"https:\/\/buy-prescriptionz.com\/#\/schema\/logo\/image\/","url":"https:\/\/buy-prescriptionz.com\/wp-content\/uploads\/2023\/09\/logo.png","contentUrl":"https:\/\/buy-prescriptionz.com\/wp-content\/uploads\/2023\/09\/logo.png","width":350,"height":64,"caption":"Buy Prescriptionz"},"image":{"@id":"https:\/\/buy-prescriptionz.com\/#\/schema\/logo\/image\/"}}]}},"_links":{"self":[{"href":"https:\/\/buy-prescriptionz.com\/pt_pt\/wp-json\/wp\/v2\/product\/3046","targetHints":{"allow":["GET"]}}],"collection":[{"href":"https:\/\/buy-prescriptionz.com\/pt_pt\/wp-json\/wp\/v2\/product"}],"about":[{"href":"https:\/\/buy-prescriptionz.com\/pt_pt\/wp-json\/wp\/v2\/types\/product"}],"replies":[{"embeddable":true,"href":"https:\/\/buy-prescriptionz.com\/pt_pt\/wp-json\/wp\/v2\/comments?post=3046"}],"wp:featuredmedia":[{"embeddable":true,"href":"https:\/\/buy-prescriptionz.com\/pt_pt\/wp-json\/wp\/v2\/media\/3076"}],"wp:attachment":[{"href":"https:\/\/buy-prescriptionz.com\/pt_pt\/wp-json\/wp\/v2\/media?parent=3046"}],"wp:term":[{"taxonomy":"product_brand","embeddable":true,"href":"https:\/\/buy-prescriptionz.com\/pt_pt\/wp-json\/wp\/v2\/product_brand?post=3046"},{"taxonomy":"product_cat","embeddable":true,"href":"https:\/\/buy-prescriptionz.com\/pt_pt\/wp-json\/wp\/v2\/product_cat?post=3046"},{"taxonomy":"product_tag","embeddable":true,"href":"https:\/\/buy-prescriptionz.com\/pt_pt\/wp-json\/wp\/v2\/product_tag?post=3046"}],"curies":[{"name":"wp","href":"https:\/\/api.w.org\/{rel}","templated":true}]}}