{"id":3048,"date":"2025-09-16T08:56:09","date_gmt":"2025-09-16T08:56:09","guid":{"rendered":"https:\/\/chemsfine.com\/newsite\/?post_type=product&#038;p=3048"},"modified":"2025-09-24T11:10:48","modified_gmt":"2025-09-24T11:10:48","slug":"comprar-omnadren-online","status":"publish","type":"product","link":"https:\/\/buy-prescriptionz.com\/pt_pt\/produto\/comprar-omnadren-online\/","title":{"rendered":"Comprar Omnadren Online"},"content":{"rendered":"<h2>Comprar Omnadren Online<\/h2>\n<h3>Omnadren 250 (Sustanon) por Elfa | Mistura de testosterona<\/h3>\n<p>Omnadren 250 para venda. Omnadren aumenta a resist\u00eancia muscular e, depois de o comprar online, pode us\u00e1-lo e sentir a diferen\u00e7a. \u00c9 o ester\u00f3ide perfeito para todos os atletas, utilizado por eles em todo o mundo. Omnadren 250 \u00e9 um anabolizante injet\u00e1vel composto por 30 mg de propionato de testosterona, 60 mg de fenilpropionato de testosterona, 60 mg de isohexanoato de testosterona e 100 mg de hexanoato de testosterona. O composto tem elevados efeitos androg\u00e9nicos, produzindo um r\u00e1pido crescimento muscular e um aumento da for\u00e7a, bem como uma sensa\u00e7\u00e3o geral de bem-estar e um aumento da libido. O omnadren previne a ocorr\u00eancia de les\u00f5es, uma vez que lubrifica as articula\u00e7\u00f5es armazenando fluido nos tecidos conjuntivos e \u00e9 considerado um composto anticatab\u00f3lico eficaz. A sua vida \u00fatil \u00e9 de aproximadamente 18 dias.<\/p>\n<p>Omnadren 250 \u00e9 geralmente injectado pelo menos uma vez por semana com uma dosagem de 400-1200 mg por semana para os homens, enquanto as atletas do sexo feminino devem utilizar doses muito mais lentas ou evit\u00e1-lo completamente. Omnadren 250 pode ser combinado com Equipoise ou Deca Durabolin ou ester\u00f3ides orais como Anadrol ou Anabol para obter um efeito de volume. A utiliza\u00e7\u00e3o de Omnadren 250 diminui a produ\u00e7\u00e3o natural de testosterona do organismo, devendo ser utilizado no final do ciclo em combina\u00e7\u00e3o com Nolvadex, HCG e Clomid durante cerca de 3 semanas para uma restaura\u00e7\u00e3o eficaz do corpo humano. As mulheres podem apresentar efeitos t\u00edpicos de viriliza\u00e7\u00e3o durante o uso de Omnadren, enquanto os atletas do sexo masculino podem apresentar erec\u00e7\u00f5es penianas dolorosas, v\u00f3mitos, n\u00e1useas, aumento da press\u00e3o arterial, aumento do colesterol s\u00e9rico, altera\u00e7\u00f5es de humor e agressividade.<\/p>\n<p>Usos \u2013 Terapia de reposi\u00e7\u00e3o de testosterona (TRT)<\/p>\n<p>Efeitos secund\u00e1rios \u2013 Press\u00e3o card\u00edaca, pele oleosa, problemas de f\u00edgado, acne<\/p>\n<p>Compre Omnadren online sem receita m\u00e9dica e utilize-o para aumentar os n\u00edveis de testosterona, de modo a que atinjam a gama normal, como na TRT. Tamb\u00e9m pode comprar Omnadren para comprovar os benef\u00edcios terap\u00eauticos. Muitas vezes, pode encontrar Omnadren \u00e0 venda, o que torna a sua tarefa ainda mais f\u00e1cil.<\/p>\n<h3>Vis\u00e3o geral e benef\u00edcios de comprar Omnadren online<\/h3>\n<p>Omnadren \u00e9 uma mistura de quatro \u00e9steres de testosterona diferentes, proporcionando efeitos de a\u00e7\u00e3o r\u00e1pida e duradoura, sendo uma escolha preferencial para terapia de reposi\u00e7\u00e3o de testosterona e aumento de desempenho na muscula\u00e7\u00e3o. Este ester\u00f3ide anabolizante oferece diversos benef\u00edcios, incluindo n\u00edveis est\u00e1veis \u200b\u200bde testosterona, melhoria do humor e do bem-estar, crescimento e for\u00e7a muscular significativos, melhor desempenho atl\u00e9tico, tempos de recupera\u00e7\u00e3o mais r\u00e1pidos, aumento da taxa metab\u00f3lica para perda de gordura e melhoria da libido e da sa\u00fade sexual.<\/p>\n<p>A mistura garante n\u00edveis hormonais equilibrados, aumenta a s\u00edntese proteica muscular, ret\u00e9m o azoto nos m\u00fasculos, melhora a produ\u00e7\u00e3o de gl\u00f3bulos vermelhos e auxilia a recomposi\u00e7\u00e3o geral do organismo, promovendo o crescimento muscular e a perda de gordura simultaneamente.<\/p>\n<h3>Efeitos secund\u00e1rios do Omnadren<\/h3>\n<p>Embora o Omnadren ofere\u00e7a muitos benef\u00edcios, \u00e9 importante estar ciente dos potenciais efeitos secund\u00e1rios. Os efeitos secund\u00e1rios comuns incluem acne, queda de cabelo e aumento de pelos corporais devido \u00e0s suas propriedades androg\u00e9nicas. Alguns utilizadores podem apresentar reten\u00e7\u00e3o de l\u00edquidos e incha\u00e7o, o que pode levar \u00e0 hipertens\u00e3o. A ginecomastia, ou o desenvolvimento de tecido mam\u00e1rio nos homens, pode ocorrer devido ao aumento dos n\u00edveis de estrog\u00e9nio. Al\u00e9m disso, o Omnadren pode ter um impacto negativo nos n\u00edveis de colesterol, aumentando o risco de problemas cardiovasculares. O uso prolongado ou em doses elevadas pode suprimir a produ\u00e7\u00e3o natural de testosterona, levando \u00e0 atrofia testicular. A toxicidade hep\u00e1tica \u00e9 geralmente baixa com as formas injet\u00e1veis, mas \u00e9 aconselh\u00e1vel monitorizar a fun\u00e7\u00e3o hep\u00e1tica. Para mitigar estes riscos, \u00e9 essencial utilizar o Omnadren sob supervis\u00e3o m\u00e9dica, aderir \u00e0s dosagens recomendadas e realizar exames de sa\u00fade regulares.<\/p>\n<p>Pode comprar Nolvadex num site fi\u00e1vel e f\u00e1cil de usar, como a melhor farm\u00e1cia buy-prescriptionz.com. Esta plataforma \u00e9 conhecida pelos seus produtos originais, m\u00e9todos de envio discretos, pre\u00e7os competitivos e outros benef\u00edcios. Pode ver avalia\u00e7\u00f5es de clientes no site, bem como utilizar servi\u00e7os de prescri\u00e7\u00e3o para garantir a utiliza\u00e7\u00e3o correta do medicamento adquirido. Compre Nolvadex em buy-prescriptionz.com e sinta os seus bons efeitos, tudo isto com a comodidade e a seguran\u00e7a de comprar online.<\/p>","protected":false},"excerpt":{"rendered":"<p>Buy Omnadren Online Omnadren 250 (Sustanon) by Jelfa | Testosterone Blend Omnadren 250 for Sale, Omnadren increases muscular endurance and once you would have bought omnadren online, you can use it for yourself and experience the difference. It is the perfect steroid for all athletes, used by them all over the world.Omnadren 250 is an [&hellip;]<\/p>","protected":false},"featured_media":3078,"comment_status":"open","ping_status":"closed","template":"","meta":{"site-sidebar-layout":"default","site-content-layout":"","ast-site-content-layout":"default","site-content-style":"default","site-sidebar-style":"default","ast-global-header-display":"","ast-banner-title-visibility":"","ast-main-header-display":"","ast-hfb-above-header-display":"","ast-hfb-below-header-display":"","ast-hfb-mobile-header-display":"","site-post-title":"","ast-breadcrumbs-content":"","ast-featured-img":"","footer-sml-layout":"","theme-transparent-header-meta":"default","adv-header-id-meta":"","stick-header-meta":"","header-above-stick-meta":"","header-main-stick-meta":"","header-below-stick-meta":"","astra-migrate-meta-layouts":"set","ast-page-background-enabled":"default","ast-page-background-meta":{"desktop":{"background-color":"var(--ast-global-color-4)","background-image":"","background-repeat":"repeat","background-position":"center center","background-size":"auto","background-attachment":"scroll","background-type":"","background-media":"","overlay-type":"","overlay-color":"","overlay-opacity":"","overlay-gradient":""},"tablet":{"background-color":"","background-image":"","background-repeat":"repeat","background-position":"center center","background-size":"auto","background-attachment":"scroll","background-type":"","background-media":"","overlay-type":"","overlay-color":"","overlay-opacity":"","overlay-gradient":""},"mobile":{"background-color":"","background-image":"","background-repeat":"repeat","background-position":"center center","background-size":"auto","background-attachment":"scroll","background-type":"","background-media":"","overlay-type":"","overlay-color":"","overlay-opacity":"","overlay-gradient":""}},"ast-content-background-meta":{"desktop":{"background-color":"var(--ast-global-color-5)","background-image":"","background-repeat":"repeat","background-position":"center center","background-size":"auto","background-attachment":"scroll","background-type":"","background-media":"","overlay-type":"","overlay-color":"","overlay-opacity":"","overlay-gradient":""},"tablet":{"background-color":"var(--ast-global-color-5)","background-image":"","background-repeat":"repeat","background-position":"center center","background-size":"auto","background-attachment":"scroll","background-type":"","background-media":"","overlay-type":"","overlay-color":"","overlay-opacity":"","overlay-gradient":""},"mobile":{"background-color":"var(--ast-global-color-5)","background-image":"","background-repeat":"repeat","background-position":"center center","background-size":"auto","background-attachment":"scroll","background-type":"","background-media":"","overlay-type":"","overlay-color":"","overlay-opacity":"","overlay-gradient":""}}},"product_brand":[],"product_cat":[2384],"product_tag":[1335,1336,1334,1329,1332,1331,1330,1333,1328,1327,1338,1337],"class_list":{"0":"post-3048","1":"product","2":"type-product","3":"status-publish","4":"has-post-thumbnail","6":"product_cat-buy-anabolic-steroids-online","7":"product_tag-buy-omnadren-in-canada","8":"product_tag-buy-omnadren-in-uk","9":"product_tag-buy-omnadren-in-usa","10":"product_tag-buy-omnadren-with-bitcoin","11":"product_tag-buy-omnadren-with-credit-card","12":"product_tag-buy-omnadren-with-money-gram","13":"product_tag-buy-omnadren-with-western-union","14":"product_tag-buy-omnadren-without-a-doctor","15":"product_tag-buy-omnadren-without-prescription","16":"product_tag-omnadren-for-sale","17":"product_tag-omnadren-pills","18":"product_tag-omnadren-tablets","19":"desktop-align-center","20":"tablet-align-left","21":"mobile-align-left","23":"first","24":"instock","25":"shipping-taxable","26":"purchasable","27":"product-type-variable","28":"has-default-attributes"},"yoast_head":"<!-- This site is optimized with the Yoast SEO plugin v25.9 - https:\/\/yoast.com\/wordpress\/plugins\/seo\/ -->\n<title>Buy Omnadren 250 Online - Omnadren 250 for Sale<\/title>\n<meta name=\"description\" content=\"If you wish to buy Omnadren 250 online so our Buy-prescriptionz store can help. We have Omnadren 250 for sale at the best rates here. Place your order now!\" \/>\n<meta name=\"robots\" content=\"index, follow, max-snippet:-1, max-image-preview:large, max-video-preview:-1\" \/>\n<link rel=\"canonical\" href=\"https:\/\/buy-prescriptionz.com\/pt_pt\/produto\/comprar-omnadren-online\/\" \/>\n<meta property=\"og:locale\" content=\"pt_PT\" \/>\n<meta property=\"og:type\" content=\"article\" \/>\n<meta property=\"og:title\" content=\"Buy Omnadren 250 Online - Omnadren 250 for Sale\" \/>\n<meta property=\"og:description\" content=\"If you wish to buy Omnadren 250 online so our Buy-prescriptionz store can help. We have Omnadren 250 for sale at the best rates here. Place your order now!\" \/>\n<meta property=\"og:url\" content=\"https:\/\/buy-prescriptionz.com\/pt_pt\/produto\/comprar-omnadren-online\/\" \/>\n<meta property=\"og:site_name\" content=\"Buy Prescriptionz\" \/>\n<meta property=\"article:modified_time\" content=\"2025-09-24T11:10:48+00:00\" \/>\n<meta property=\"og:image\" content=\"https:\/\/buy-prescriptionz.com\/wp-content\/uploads\/2025\/09\/omnadren.jpg\" \/>\n\t<meta property=\"og:image:width\" content=\"400\" \/>\n\t<meta property=\"og:image:height\" content=\"300\" \/>\n\t<meta property=\"og:image:type\" content=\"image\/jpeg\" \/>\n<meta name=\"twitter:card\" content=\"summary_large_image\" \/>\n<meta name=\"twitter:label1\" content=\"Tempo estimado de leitura\" \/>\n\t<meta name=\"twitter:data1\" content=\"3 minutos\" \/>\n<script type=\"application\/ld+json\" class=\"yoast-schema-graph\">{\"@context\":\"https:\/\/schema.org\",\"@graph\":[{\"@type\":\"WebPage\",\"@id\":\"https:\/\/buy-prescriptionz.com\/product\/buy-omnadren-online\/\",\"url\":\"https:\/\/buy-prescriptionz.com\/product\/buy-omnadren-online\/\",\"name\":\"Buy Omnadren 250 Online - Omnadren 250 for Sale\",\"isPartOf\":{\"@id\":\"https:\/\/buy-prescriptionz.com\/#website\"},\"primaryImageOfPage\":{\"@id\":\"https:\/\/buy-prescriptionz.com\/product\/buy-omnadren-online\/#primaryimage\"},\"image\":{\"@id\":\"https:\/\/buy-prescriptionz.com\/product\/buy-omnadren-online\/#primaryimage\"},\"thumbnailUrl\":\"https:\/\/buy-prescriptionz.com\/wp-content\/uploads\/2025\/09\/omnadren.jpg\",\"datePublished\":\"2025-09-16T08:56:09+00:00\",\"dateModified\":\"2025-09-24T11:10:48+00:00\",\"description\":\"If you wish to buy Omnadren 250 online so our Buy-prescriptionz store can help. We have Omnadren 250 for sale at the best rates here. Place your order now!\",\"breadcrumb\":{\"@id\":\"https:\/\/buy-prescriptionz.com\/product\/buy-omnadren-online\/#breadcrumb\"},\"inLanguage\":\"pt-PT\",\"potentialAction\":[{\"@type\":\"ReadAction\",\"target\":[\"https:\/\/buy-prescriptionz.com\/product\/buy-omnadren-online\/\"]}]},{\"@type\":\"ImageObject\",\"inLanguage\":\"pt-PT\",\"@id\":\"https:\/\/buy-prescriptionz.com\/product\/buy-omnadren-online\/#primaryimage\",\"url\":\"https:\/\/buy-prescriptionz.com\/wp-content\/uploads\/2025\/09\/omnadren.jpg\",\"contentUrl\":\"https:\/\/buy-prescriptionz.com\/wp-content\/uploads\/2025\/09\/omnadren.jpg\",\"width\":400,\"height\":300},{\"@type\":\"BreadcrumbList\",\"@id\":\"https:\/\/buy-prescriptionz.com\/product\/buy-omnadren-online\/#breadcrumb\",\"itemListElement\":[{\"@type\":\"ListItem\",\"position\":1,\"name\":\"Home\",\"item\":\"https:\/\/buy-prescriptionz.com\/\"},{\"@type\":\"ListItem\",\"position\":2,\"name\":\"Shop Painkillers Online\",\"item\":\"https:\/\/buy-prescriptionz.com\/shop-painkillers-online\/\"},{\"@type\":\"ListItem\",\"position\":3,\"name\":\"Buy Omnadren Online\"}]},{\"@type\":\"WebSite\",\"@id\":\"https:\/\/buy-prescriptionz.com\/#website\",\"url\":\"https:\/\/buy-prescriptionz.com\/\",\"name\":\"Buy Prescriptionz\",\"description\":\"Drugs Online\",\"publisher\":{\"@id\":\"https:\/\/buy-prescriptionz.com\/#organization\"},\"potentialAction\":[{\"@type\":\"SearchAction\",\"target\":{\"@type\":\"EntryPoint\",\"urlTemplate\":\"https:\/\/buy-prescriptionz.com\/?s={search_term_string}\"},\"query-input\":{\"@type\":\"PropertyValueSpecification\",\"valueRequired\":true,\"valueName\":\"search_term_string\"}}],\"inLanguage\":\"pt-PT\"},{\"@type\":\"Organization\",\"@id\":\"https:\/\/buy-prescriptionz.com\/#organization\",\"name\":\"Buy Prescriptionz\",\"url\":\"https:\/\/buy-prescriptionz.com\/\",\"logo\":{\"@type\":\"ImageObject\",\"inLanguage\":\"pt-PT\",\"@id\":\"https:\/\/buy-prescriptionz.com\/#\/schema\/logo\/image\/\",\"url\":\"https:\/\/buy-prescriptionz.com\/wp-content\/uploads\/2023\/09\/logo.png\",\"contentUrl\":\"https:\/\/buy-prescriptionz.com\/wp-content\/uploads\/2023\/09\/logo.png\",\"width\":350,\"height\":64,\"caption\":\"Buy Prescriptionz\"},\"image\":{\"@id\":\"https:\/\/buy-prescriptionz.com\/#\/schema\/logo\/image\/\"}}]}<\/script>\n<!-- \/ Yoast SEO plugin. -->","yoast_head_json":{"title":"Comprar Omnadren 250 online - Omnadren 250 em promo\u00e7\u00e3o","description":"Se quiser comprar Omnadren 250 online, a nossa loja Buy-prescriptionz pode ajudar. Temos Omnadren 250 para venda aos melhores pre\u00e7os aqui. Fa\u00e7a j\u00e1 o seu pedido!","robots":{"index":"index","follow":"follow","max-snippet":"max-snippet:-1","max-image-preview":"max-image-preview:large","max-video-preview":"max-video-preview:-1"},"canonical":"https:\/\/buy-prescriptionz.com\/pt_pt\/produto\/comprar-omnadren-online\/","og_locale":"pt_PT","og_type":"article","og_title":"Buy Omnadren 250 Online - Omnadren 250 for Sale","og_description":"If you wish to buy Omnadren 250 online so our Buy-prescriptionz store can help. We have Omnadren 250 for sale at the best rates here. Place your order now!","og_url":"https:\/\/buy-prescriptionz.com\/pt_pt\/produto\/comprar-omnadren-online\/","og_site_name":"Buy Prescriptionz","article_modified_time":"2025-09-24T11:10:48+00:00","og_image":[{"width":400,"height":300,"url":"https:\/\/buy-prescriptionz.com\/wp-content\/uploads\/2025\/09\/omnadren.jpg","type":"image\/jpeg"}],"twitter_card":"summary_large_image","twitter_misc":{"Tempo estimado de leitura":"3 minutos"},"schema":{"@context":"https:\/\/schema.org","@graph":[{"@type":"WebPage","@id":"https:\/\/buy-prescriptionz.com\/product\/buy-omnadren-online\/","url":"https:\/\/buy-prescriptionz.com\/product\/buy-omnadren-online\/","name":"Comprar Omnadren 250 online - Omnadren 250 em promo\u00e7\u00e3o","isPartOf":{"@id":"https:\/\/buy-prescriptionz.com\/#website"},"primaryImageOfPage":{"@id":"https:\/\/buy-prescriptionz.com\/product\/buy-omnadren-online\/#primaryimage"},"image":{"@id":"https:\/\/buy-prescriptionz.com\/product\/buy-omnadren-online\/#primaryimage"},"thumbnailUrl":"https:\/\/buy-prescriptionz.com\/wp-content\/uploads\/2025\/09\/omnadren.jpg","datePublished":"2025-09-16T08:56:09+00:00","dateModified":"2025-09-24T11:10:48+00:00","description":"Se quiser comprar Omnadren 250 online, a nossa loja Buy-prescriptionz pode ajudar. Temos Omnadren 250 para venda aos melhores pre\u00e7os aqui. Fa\u00e7a j\u00e1 o seu pedido!","breadcrumb":{"@id":"https:\/\/buy-prescriptionz.com\/product\/buy-omnadren-online\/#breadcrumb"},"inLanguage":"pt-PT","potentialAction":[{"@type":"ReadAction","target":["https:\/\/buy-prescriptionz.com\/product\/buy-omnadren-online\/"]}]},{"@type":"ImageObject","inLanguage":"pt-PT","@id":"https:\/\/buy-prescriptionz.com\/product\/buy-omnadren-online\/#primaryimage","url":"https:\/\/buy-prescriptionz.com\/wp-content\/uploads\/2025\/09\/omnadren.jpg","contentUrl":"https:\/\/buy-prescriptionz.com\/wp-content\/uploads\/2025\/09\/omnadren.jpg","width":400,"height":300},{"@type":"BreadcrumbList","@id":"https:\/\/buy-prescriptionz.com\/product\/buy-omnadren-online\/#breadcrumb","itemListElement":[{"@type":"ListItem","position":1,"name":"Home","item":"https:\/\/buy-prescriptionz.com\/"},{"@type":"ListItem","position":2,"name":"Shop Painkillers Online","item":"https:\/\/buy-prescriptionz.com\/shop-painkillers-online\/"},{"@type":"ListItem","position":3,"name":"Buy Omnadren Online"}]},{"@type":"WebSite","@id":"https:\/\/buy-prescriptionz.com\/#website","url":"https:\/\/buy-prescriptionz.com\/","name":"Buy Prescriptionz","description":"Drogas Online","publisher":{"@id":"https:\/\/buy-prescriptionz.com\/#organization"},"potentialAction":[{"@type":"SearchAction","target":{"@type":"EntryPoint","urlTemplate":"https:\/\/buy-prescriptionz.com\/?s={search_term_string}"},"query-input":{"@type":"PropertyValueSpecification","valueRequired":true,"valueName":"search_term_string"}}],"inLanguage":"pt-PT"},{"@type":"Organization","@id":"https:\/\/buy-prescriptionz.com\/#organization","name":"Buy Prescriptionz","url":"https:\/\/buy-prescriptionz.com\/","logo":{"@type":"ImageObject","inLanguage":"pt-PT","@id":"https:\/\/buy-prescriptionz.com\/#\/schema\/logo\/image\/","url":"https:\/\/buy-prescriptionz.com\/wp-content\/uploads\/2023\/09\/logo.png","contentUrl":"https:\/\/buy-prescriptionz.com\/wp-content\/uploads\/2023\/09\/logo.png","width":350,"height":64,"caption":"Buy Prescriptionz"},"image":{"@id":"https:\/\/buy-prescriptionz.com\/#\/schema\/logo\/image\/"}}]}},"_links":{"self":[{"href":"https:\/\/buy-prescriptionz.com\/pt_pt\/wp-json\/wp\/v2\/product\/3048","targetHints":{"allow":["GET"]}}],"collection":[{"href":"https:\/\/buy-prescriptionz.com\/pt_pt\/wp-json\/wp\/v2\/product"}],"about":[{"href":"https:\/\/buy-prescriptionz.com\/pt_pt\/wp-json\/wp\/v2\/types\/product"}],"replies":[{"embeddable":true,"href":"https:\/\/buy-prescriptionz.com\/pt_pt\/wp-json\/wp\/v2\/comments?post=3048"}],"wp:featuredmedia":[{"embeddable":true,"href":"https:\/\/buy-prescriptionz.com\/pt_pt\/wp-json\/wp\/v2\/media\/3078"}],"wp:attachment":[{"href":"https:\/\/buy-prescriptionz.com\/pt_pt\/wp-json\/wp\/v2\/media?parent=3048"}],"wp:term":[{"taxonomy":"product_brand","embeddable":true,"href":"https:\/\/buy-prescriptionz.com\/pt_pt\/wp-json\/wp\/v2\/product_brand?post=3048"},{"taxonomy":"product_cat","embeddable":true,"href":"https:\/\/buy-prescriptionz.com\/pt_pt\/wp-json\/wp\/v2\/product_cat?post=3048"},{"taxonomy":"product_tag","embeddable":true,"href":"https:\/\/buy-prescriptionz.com\/pt_pt\/wp-json\/wp\/v2\/product_tag?post=3048"}],"curies":[{"name":"wp","href":"https:\/\/api.w.org\/{rel}","templated":true}]}}