{"id":3049,"date":"2025-09-16T08:56:09","date_gmt":"2025-09-16T08:56:09","guid":{"rendered":"https:\/\/chemsfine.com\/newsite\/?post_type=product&#038;p=3049"},"modified":"2025-09-24T09:46:53","modified_gmt":"2025-09-24T09:46:53","slug":"comprar-nolvadex-online","status":"publish","type":"product","link":"https:\/\/buy-prescriptionz.com\/pt_pt\/produto\/comprar-nolvadex-online\/","title":{"rendered":"Comprar Nolvadex (Nolvadex Online)"},"content":{"rendered":"<h2>Comprar Nolvadex (Nolvadex Online)<\/h2>\n<h3>Comprar Nolvadex 10 mg online com servi\u00e7o de entrega r\u00e1pida e segura<\/h3>\n<p>Tamoxifen ou Nolvadex \u00e9 um medicamento que \u00e9 utilizado para tratar c\u00e9lulas cancerosas da mama em mulheres e para tratar c\u00e9lulas cancerosas em homens. \u00c9 para a s\u00edndrome de Albright. Compre Nolvadex 10 mg em buy-prescriptionz.com para pacientes cr\u00f3nicos ou agudos.<\/p>\n<h3>Nolvadex 10 mg para venda<\/h3>\n<p>Nolvadex 10 mg online est\u00e1 dispon\u00edvel para o tratamento de c\u00e2ncer de mama em mulheres pr\u00e9 e p\u00f3s-menopausadas, tanto em mulheres com receptores de estrog\u00eanio identificados como n\u00e3o identificados (ER-positivos ou ER+). \u00c9 um tratamento hormonal para o cancro da mama em homens.<\/p>\n<p>Encomende Nolvadex 10 mg online como pr\u00f3-f\u00e1rmaco, tendo uma propens\u00e3o para a sua prote\u00edna objectivo, o receptor de estrog\u00e9nio. \u00c9 utilizado no f\u00edgado pelo citocromo P450 isoforma CYP2D6 e CYP3A4 em metabolitos activos, por exemplo, afimoxifeno (4-hidroxiamoxifeno; 4-OHT) e endoxifeno, N-desmetil-4-hidroxiamoxifeno.<\/p>\n<h3>Comprar Nolvadex 10 mg sem receita m\u00e9dica em buy-prescriptionz.com<\/h3>\n<p>Tamoxifen \u00e9 um medicamento para problemas de ovula\u00e7\u00e3o para tratar a procria\u00e7\u00e3o em mulheres com o problema da anovulac\u00e3o. \u00c9 administrado nos dias 3 a 7 do ciclo da mulher. Voc\u00ea pode comprar Nolvadex 10 mg online em buy-prescriptionz.com a qualquer momento.<\/p>\n<p>Comprar Nolvadex 10 mg a um pre\u00e7o barato para melhorar a fertilidade em homens com agentes fertilizantes como o hipot\u00e1lamo-pituit\u00e1rio-piv\u00f4 gonadal pelas ER e expandindo a descarga de horm\u00f4nio luteinizante e fol\u00edculo-animador e expandindo a produ\u00e7\u00e3o de testosterona testicular.<\/p>\n<p>Comprar Nolvadex 10 mg com embalagens discretas para combater ou tratar a ginecomastia. \u00c9 tomado como medida dissuasiva em pequenas dosagens ou utilizado no in\u00edcio de quaisquer efeitos secund\u00e1rios, por exemplo, dor de ar\u00e9ola ou afectividade.<\/p>\n<h3>Comprar Nolvadex Online: Vis\u00e3o Geral e Efeitos Colaterais<\/h3>\n<p>O Nolvadex, tamb\u00e9m conhecido pelo nome gen\u00e9rico Tamoxifeno, \u00e9 um modulador seletivo do recetor de estrog\u00e9nio (SERM) habitualmente utilizado no tratamento e preven\u00e7\u00e3o do cancro da mama. \u00c9 tamb\u00e9m popular entre os culturistas e atletas pela sua capacidade de contrariar os efeitos secund\u00e1rios estrog\u00e9nicos dos ester\u00f3ides anabolizantes, como a ginecomastia (desenvolvimento do tecido mam\u00e1rio nos homens). O Nolvadex atua ligando-se aos recetores de estrog\u00e9nio, bloqueando assim os efeitos do estrog\u00e9nio no tecido mam\u00e1rio. Isto torna-o eficaz tanto em contextos m\u00e9dicos como desportivos, oferecendo benef\u00edcios como a redu\u00e7\u00e3o do risco de recorr\u00eancia do cancro da mama e o controlo dos efeitos secund\u00e1rios hormonais durante os ciclos de ester\u00f3ides.<\/p>\n<h3>Efeitos secund\u00e1rios do Nolvadex<\/h3>\n<p>Embora o Nolvadex seja geralmente bem tolerado, pode causar efeitos secund\u00e1rios. Os efeitos secund\u00e1rios comuns incluem afrontamentos, n\u00e1useas, c\u00e3ibras nas pernas e dores de cabe\u00e7a. Algumas utilizadoras podem apresentar efeitos secund\u00e1rios mais graves, como problemas de vis\u00e3o, co\u00e1gulos sangu\u00edneos e AVC, embora sejam menos comuns. Al\u00e9m disso, o uso prolongado pode levar a altera\u00e7\u00f5es no revestimento do \u00fatero, que devem ser monitorizadas. \u00c9 essencial utilizar o Nolvadex sob supervis\u00e3o m\u00e9dica para controlar e mitigar os potenciais efeitos secund\u00e1rios de forma eficaz.<\/p>\n<p>Pode comprar Nolvadex num site fi\u00e1vel e f\u00e1cil de usar, como a melhor farm\u00e1cia buy-prescriptionz.com. Esta plataforma \u00e9 conhecida pelos seus produtos originais, m\u00e9todos de envio discretos, pre\u00e7os competitivos e outros benef\u00edcios. Pode ver avalia\u00e7\u00f5es de clientes no site, bem como utilizar servi\u00e7os de prescri\u00e7\u00e3o para garantir a utiliza\u00e7\u00e3o correta do medicamento adquirido. Compre Nolvadex em buy-prescriptionz.com e sinta os seus bons efeitos, tudo isto com a comodidade e a seguran\u00e7a de comprar online.<\/p>\n<h3>Nolvadex 10 mg sem m\u00e9dico dispon\u00edvel<\/h3>\n<p>Diferentes medicamentos s\u00e3o tomados para outros fins, por exemplo, clomifeno e os medicamentos contra a aromatase, que devem tentar manter-se afastados dos efeitos antag\u00f3nicos relacionados com as hormonas. Em buy-prescriptionz.com voc\u00ea pode saber como comprar Nolvadex 10 mg online em um servi\u00e7o de remessa r\u00e1pido e seguro.<\/p>\n<p>Se h\u00e1 chances de voc\u00ea estar tentando colocar as m\u00e3os onde comprar Nolvadex 10 mg online, ent\u00e3o compre Nolvadex 10 mg sem um m\u00e9dico online tanto para mulheres como para homens. Tamoxifen \u00e9 mesmo para o tratamento dos diferentes estados de fibrose retroperitoneal e mesenterite esclerosante idiop\u00e1tica.<\/p>","protected":false},"excerpt":{"rendered":"<p>Buy Nolvadex Online Buy Nolvadex 10 mg online with fast and secure delivery service Tamoxifen or Nolvadex is a drug that is utilized to treat breast cancer cells in women and treat cancer cells in men. It is for Albright syndrome. Buy Nolvadex 10 mg at buy-prescriptionz.com for chronic or acute patients. Nolvadex 10 mg [&hellip;]<\/p>","protected":false},"featured_media":3079,"comment_status":"open","ping_status":"closed","template":"","meta":{"site-sidebar-layout":"default","site-content-layout":"","ast-site-content-layout":"default","site-content-style":"default","site-sidebar-style":"default","ast-global-header-display":"","ast-banner-title-visibility":"","ast-main-header-display":"","ast-hfb-above-header-display":"","ast-hfb-below-header-display":"","ast-hfb-mobile-header-display":"","site-post-title":"","ast-breadcrumbs-content":"","ast-featured-img":"","footer-sml-layout":"","theme-transparent-header-meta":"default","adv-header-id-meta":"","stick-header-meta":"","header-above-stick-meta":"","header-main-stick-meta":"","header-below-stick-meta":"","astra-migrate-meta-layouts":"set","ast-page-background-enabled":"default","ast-page-background-meta":{"desktop":{"background-color":"var(--ast-global-color-4)","background-image":"","background-repeat":"repeat","background-position":"center center","background-size":"auto","background-attachment":"scroll","background-type":"","background-media":"","overlay-type":"","overlay-color":"","overlay-opacity":"","overlay-gradient":""},"tablet":{"background-color":"","background-image":"","background-repeat":"repeat","background-position":"center center","background-size":"auto","background-attachment":"scroll","background-type":"","background-media":"","overlay-type":"","overlay-color":"","overlay-opacity":"","overlay-gradient":""},"mobile":{"background-color":"","background-image":"","background-repeat":"repeat","background-position":"center center","background-size":"auto","background-attachment":"scroll","background-type":"","background-media":"","overlay-type":"","overlay-color":"","overlay-opacity":"","overlay-gradient":""}},"ast-content-background-meta":{"desktop":{"background-color":"var(--ast-global-color-5)","background-image":"","background-repeat":"repeat","background-position":"center center","background-size":"auto","background-attachment":"scroll","background-type":"","background-media":"","overlay-type":"","overlay-color":"","overlay-opacity":"","overlay-gradient":""},"tablet":{"background-color":"var(--ast-global-color-5)","background-image":"","background-repeat":"repeat","background-position":"center center","background-size":"auto","background-attachment":"scroll","background-type":"","background-media":"","overlay-type":"","overlay-color":"","overlay-opacity":"","overlay-gradient":""},"mobile":{"background-color":"var(--ast-global-color-5)","background-image":"","background-repeat":"repeat","background-position":"center center","background-size":"auto","background-attachment":"scroll","background-type":"","background-media":"","overlay-type":"","overlay-color":"","overlay-opacity":"","overlay-gradient":""}}},"product_brand":[],"product_cat":[2384],"product_tag":[1290,1291,1289,1284,1287,1286,1285,1288,1283,1282,1293,1292],"class_list":{"0":"post-3049","1":"product","2":"type-product","3":"status-publish","4":"has-post-thumbnail","6":"product_cat-buy-anabolic-steroids-online","7":"product_tag-buy-nolvadex-in-canada","8":"product_tag-buy-nolvadex-in-uk","9":"product_tag-buy-nolvadex-in-usa","10":"product_tag-buy-nolvadex-with-bitcoin","11":"product_tag-buy-nolvadex-with-credit-card","12":"product_tag-buy-nolvadex-with-money-gram","13":"product_tag-buy-nolvadex-with-western-union","14":"product_tag-buy-nolvadex-without-a-doctor","15":"product_tag-buy-nolvadex-without-prescription","16":"product_tag-nolvadex-for-sale","17":"product_tag-nolvadex-pills","18":"product_tag-nolvadex-tablets","19":"desktop-align-center","20":"tablet-align-left","21":"mobile-align-left","23":"first","24":"instock","25":"shipping-taxable","26":"purchasable","27":"product-type-variable","28":"has-default-attributes"},"yoast_head":"<!-- This site is optimized with the Yoast SEO plugin v25.9 - https:\/\/yoast.com\/wordpress\/plugins\/seo\/ -->\n<title>Buy Nolvadex Online - Nolvadex for Sale<\/title>\n<meta name=\"description\" content=\"Buyprescriptionz.com is an online pharmacy store where you can Buy Nolvadex Online at best price without doctor&#039;s prescription. Buy Nolvadex Online Now with Free &amp; Secure Shipping!\" \/>\n<meta name=\"robots\" content=\"index, follow, max-snippet:-1, max-image-preview:large, max-video-preview:-1\" \/>\n<link rel=\"canonical\" href=\"https:\/\/buy-prescriptionz.com\/pt_pt\/produto\/comprar-nolvadex-online\/\" \/>\n<meta property=\"og:locale\" content=\"pt_PT\" \/>\n<meta property=\"og:type\" content=\"article\" \/>\n<meta property=\"og:title\" content=\"Buy Nolvadex Online - Nolvadex for Sale\" \/>\n<meta property=\"og:description\" content=\"Buyprescriptionz.com is an online pharmacy store where you can Buy Nolvadex Online at best price without doctor&#039;s prescription. Buy Nolvadex Online Now with Free &amp; Secure Shipping!\" \/>\n<meta property=\"og:url\" content=\"https:\/\/buy-prescriptionz.com\/pt_pt\/produto\/comprar-nolvadex-online\/\" \/>\n<meta property=\"og:site_name\" content=\"Buy Prescriptionz\" \/>\n<meta property=\"article:modified_time\" content=\"2025-09-24T09:46:53+00:00\" \/>\n<meta property=\"og:image\" content=\"https:\/\/buy-prescriptionz.com\/wp-content\/uploads\/2025\/09\/nolvadex.jpg\" \/>\n\t<meta property=\"og:image:width\" content=\"400\" \/>\n\t<meta property=\"og:image:height\" content=\"300\" \/>\n\t<meta property=\"og:image:type\" content=\"image\/jpeg\" \/>\n<meta name=\"twitter:card\" content=\"summary_large_image\" \/>\n<meta name=\"twitter:label1\" content=\"Tempo estimado de leitura\" \/>\n\t<meta name=\"twitter:data1\" content=\"3 minutos\" \/>\n<script type=\"application\/ld+json\" class=\"yoast-schema-graph\">{\"@context\":\"https:\/\/schema.org\",\"@graph\":[{\"@type\":\"WebPage\",\"@id\":\"https:\/\/buy-prescriptionz.com\/product\/buy-nolvadex-online\/\",\"url\":\"https:\/\/buy-prescriptionz.com\/product\/buy-nolvadex-online\/\",\"name\":\"Buy Nolvadex Online - Nolvadex for Sale\",\"isPartOf\":{\"@id\":\"https:\/\/buy-prescriptionz.com\/#website\"},\"primaryImageOfPage\":{\"@id\":\"https:\/\/buy-prescriptionz.com\/product\/buy-nolvadex-online\/#primaryimage\"},\"image\":{\"@id\":\"https:\/\/buy-prescriptionz.com\/product\/buy-nolvadex-online\/#primaryimage\"},\"thumbnailUrl\":\"https:\/\/buy-prescriptionz.com\/wp-content\/uploads\/2025\/09\/nolvadex.jpg\",\"datePublished\":\"2025-09-16T08:56:09+00:00\",\"dateModified\":\"2025-09-24T09:46:53+00:00\",\"description\":\"Buyprescriptionz.com is an online pharmacy store where you can Buy Nolvadex Online at best price without doctor's prescription. Buy Nolvadex Online Now with Free & Secure Shipping!\",\"breadcrumb\":{\"@id\":\"https:\/\/buy-prescriptionz.com\/product\/buy-nolvadex-online\/#breadcrumb\"},\"inLanguage\":\"pt-PT\",\"potentialAction\":[{\"@type\":\"ReadAction\",\"target\":[\"https:\/\/buy-prescriptionz.com\/product\/buy-nolvadex-online\/\"]}]},{\"@type\":\"ImageObject\",\"inLanguage\":\"pt-PT\",\"@id\":\"https:\/\/buy-prescriptionz.com\/product\/buy-nolvadex-online\/#primaryimage\",\"url\":\"https:\/\/buy-prescriptionz.com\/wp-content\/uploads\/2025\/09\/nolvadex.jpg\",\"contentUrl\":\"https:\/\/buy-prescriptionz.com\/wp-content\/uploads\/2025\/09\/nolvadex.jpg\",\"width\":400,\"height\":300},{\"@type\":\"BreadcrumbList\",\"@id\":\"https:\/\/buy-prescriptionz.com\/product\/buy-nolvadex-online\/#breadcrumb\",\"itemListElement\":[{\"@type\":\"ListItem\",\"position\":1,\"name\":\"Home\",\"item\":\"https:\/\/buy-prescriptionz.com\/\"},{\"@type\":\"ListItem\",\"position\":2,\"name\":\"Shop Painkillers Online\",\"item\":\"https:\/\/buy-prescriptionz.com\/shop-painkillers-online\/\"},{\"@type\":\"ListItem\",\"position\":3,\"name\":\"Buy Nolvadex Online\"}]},{\"@type\":\"WebSite\",\"@id\":\"https:\/\/buy-prescriptionz.com\/#website\",\"url\":\"https:\/\/buy-prescriptionz.com\/\",\"name\":\"Buy Prescriptionz\",\"description\":\"Drugs Online\",\"publisher\":{\"@id\":\"https:\/\/buy-prescriptionz.com\/#organization\"},\"potentialAction\":[{\"@type\":\"SearchAction\",\"target\":{\"@type\":\"EntryPoint\",\"urlTemplate\":\"https:\/\/buy-prescriptionz.com\/?s={search_term_string}\"},\"query-input\":{\"@type\":\"PropertyValueSpecification\",\"valueRequired\":true,\"valueName\":\"search_term_string\"}}],\"inLanguage\":\"pt-PT\"},{\"@type\":\"Organization\",\"@id\":\"https:\/\/buy-prescriptionz.com\/#organization\",\"name\":\"Buy Prescriptionz\",\"url\":\"https:\/\/buy-prescriptionz.com\/\",\"logo\":{\"@type\":\"ImageObject\",\"inLanguage\":\"pt-PT\",\"@id\":\"https:\/\/buy-prescriptionz.com\/#\/schema\/logo\/image\/\",\"url\":\"https:\/\/buy-prescriptionz.com\/wp-content\/uploads\/2023\/09\/logo.png\",\"contentUrl\":\"https:\/\/buy-prescriptionz.com\/wp-content\/uploads\/2023\/09\/logo.png\",\"width\":350,\"height\":64,\"caption\":\"Buy Prescriptionz\"},\"image\":{\"@id\":\"https:\/\/buy-prescriptionz.com\/#\/schema\/logo\/image\/\"}}]}<\/script>\n<!-- \/ Yoast SEO plugin. -->","yoast_head_json":{"title":"Comprar Nolvadex Online - Nolvadex em Venda","description":"Buyprescriptionz.com \u00e9 uma farm\u00e1cia online onde voc\u00ea pode Comprar Nolvadex Online ao melhor pre\u00e7o sem receita m\u00e9dica. Compre Nolvadex em linha agora com frete gr\u00e1tis &amp; seguro!","robots":{"index":"index","follow":"follow","max-snippet":"max-snippet:-1","max-image-preview":"max-image-preview:large","max-video-preview":"max-video-preview:-1"},"canonical":"https:\/\/buy-prescriptionz.com\/pt_pt\/produto\/comprar-nolvadex-online\/","og_locale":"pt_PT","og_type":"article","og_title":"Buy Nolvadex Online - Nolvadex for Sale","og_description":"Buyprescriptionz.com is an online pharmacy store where you can Buy Nolvadex Online at best price without doctor's prescription. Buy Nolvadex Online Now with Free & Secure Shipping!","og_url":"https:\/\/buy-prescriptionz.com\/pt_pt\/produto\/comprar-nolvadex-online\/","og_site_name":"Buy Prescriptionz","article_modified_time":"2025-09-24T09:46:53+00:00","og_image":[{"width":400,"height":300,"url":"https:\/\/buy-prescriptionz.com\/wp-content\/uploads\/2025\/09\/nolvadex.jpg","type":"image\/jpeg"}],"twitter_card":"summary_large_image","twitter_misc":{"Tempo estimado de leitura":"3 minutos"},"schema":{"@context":"https:\/\/schema.org","@graph":[{"@type":"WebPage","@id":"https:\/\/buy-prescriptionz.com\/product\/buy-nolvadex-online\/","url":"https:\/\/buy-prescriptionz.com\/product\/buy-nolvadex-online\/","name":"Comprar Nolvadex Online - Nolvadex em Venda","isPartOf":{"@id":"https:\/\/buy-prescriptionz.com\/#website"},"primaryImageOfPage":{"@id":"https:\/\/buy-prescriptionz.com\/product\/buy-nolvadex-online\/#primaryimage"},"image":{"@id":"https:\/\/buy-prescriptionz.com\/product\/buy-nolvadex-online\/#primaryimage"},"thumbnailUrl":"https:\/\/buy-prescriptionz.com\/wp-content\/uploads\/2025\/09\/nolvadex.jpg","datePublished":"2025-09-16T08:56:09+00:00","dateModified":"2025-09-24T09:46:53+00:00","description":"Buyprescriptionz.com \u00e9 uma farm\u00e1cia online onde voc\u00ea pode Comprar Nolvadex Online ao melhor pre\u00e7o sem receita m\u00e9dica. Compre Nolvadex em linha agora com frete gr\u00e1tis &amp; seguro!","breadcrumb":{"@id":"https:\/\/buy-prescriptionz.com\/product\/buy-nolvadex-online\/#breadcrumb"},"inLanguage":"pt-PT","potentialAction":[{"@type":"ReadAction","target":["https:\/\/buy-prescriptionz.com\/product\/buy-nolvadex-online\/"]}]},{"@type":"ImageObject","inLanguage":"pt-PT","@id":"https:\/\/buy-prescriptionz.com\/product\/buy-nolvadex-online\/#primaryimage","url":"https:\/\/buy-prescriptionz.com\/wp-content\/uploads\/2025\/09\/nolvadex.jpg","contentUrl":"https:\/\/buy-prescriptionz.com\/wp-content\/uploads\/2025\/09\/nolvadex.jpg","width":400,"height":300},{"@type":"BreadcrumbList","@id":"https:\/\/buy-prescriptionz.com\/product\/buy-nolvadex-online\/#breadcrumb","itemListElement":[{"@type":"ListItem","position":1,"name":"Home","item":"https:\/\/buy-prescriptionz.com\/"},{"@type":"ListItem","position":2,"name":"Shop Painkillers Online","item":"https:\/\/buy-prescriptionz.com\/shop-painkillers-online\/"},{"@type":"ListItem","position":3,"name":"Buy Nolvadex Online"}]},{"@type":"WebSite","@id":"https:\/\/buy-prescriptionz.com\/#website","url":"https:\/\/buy-prescriptionz.com\/","name":"Buy Prescriptionz","description":"Drogas Online","publisher":{"@id":"https:\/\/buy-prescriptionz.com\/#organization"},"potentialAction":[{"@type":"SearchAction","target":{"@type":"EntryPoint","urlTemplate":"https:\/\/buy-prescriptionz.com\/?s={search_term_string}"},"query-input":{"@type":"PropertyValueSpecification","valueRequired":true,"valueName":"search_term_string"}}],"inLanguage":"pt-PT"},{"@type":"Organization","@id":"https:\/\/buy-prescriptionz.com\/#organization","name":"Buy Prescriptionz","url":"https:\/\/buy-prescriptionz.com\/","logo":{"@type":"ImageObject","inLanguage":"pt-PT","@id":"https:\/\/buy-prescriptionz.com\/#\/schema\/logo\/image\/","url":"https:\/\/buy-prescriptionz.com\/wp-content\/uploads\/2023\/09\/logo.png","contentUrl":"https:\/\/buy-prescriptionz.com\/wp-content\/uploads\/2023\/09\/logo.png","width":350,"height":64,"caption":"Buy Prescriptionz"},"image":{"@id":"https:\/\/buy-prescriptionz.com\/#\/schema\/logo\/image\/"}}]}},"_links":{"self":[{"href":"https:\/\/buy-prescriptionz.com\/pt_pt\/wp-json\/wp\/v2\/product\/3049","targetHints":{"allow":["GET"]}}],"collection":[{"href":"https:\/\/buy-prescriptionz.com\/pt_pt\/wp-json\/wp\/v2\/product"}],"about":[{"href":"https:\/\/buy-prescriptionz.com\/pt_pt\/wp-json\/wp\/v2\/types\/product"}],"replies":[{"embeddable":true,"href":"https:\/\/buy-prescriptionz.com\/pt_pt\/wp-json\/wp\/v2\/comments?post=3049"}],"wp:featuredmedia":[{"embeddable":true,"href":"https:\/\/buy-prescriptionz.com\/pt_pt\/wp-json\/wp\/v2\/media\/3079"}],"wp:attachment":[{"href":"https:\/\/buy-prescriptionz.com\/pt_pt\/wp-json\/wp\/v2\/media?parent=3049"}],"wp:term":[{"taxonomy":"product_brand","embeddable":true,"href":"https:\/\/buy-prescriptionz.com\/pt_pt\/wp-json\/wp\/v2\/product_brand?post=3049"},{"taxonomy":"product_cat","embeddable":true,"href":"https:\/\/buy-prescriptionz.com\/pt_pt\/wp-json\/wp\/v2\/product_cat?post=3049"},{"taxonomy":"product_tag","embeddable":true,"href":"https:\/\/buy-prescriptionz.com\/pt_pt\/wp-json\/wp\/v2\/product_tag?post=3049"}],"curies":[{"name":"wp","href":"https:\/\/api.w.org\/{rel}","templated":true}]}}