{"id":3051,"date":"2025-09-16T08:56:09","date_gmt":"2025-09-16T08:56:09","guid":{"rendered":"https:\/\/chemsfine.com\/newsite\/?post_type=product&#038;p=3051"},"modified":"2025-09-22T05:26:12","modified_gmt":"2025-09-22T05:26:12","slug":"comprar-lasix-online","status":"publish","type":"product","link":"https:\/\/buy-prescriptionz.com\/pt_pt\/produto\/comprar-lasix-online\/","title":{"rendered":"Comprar Lasix (Lasix Online)"},"content":{"rendered":"<h2>Comprar Lasix (Lasix Online)<\/h2>\n<h3>Compre Lasix 40 mg online em buy-prescriptionz.com para hipertens\u00e3o<\/h3>\n<p>Comprar Lasix 40 mg online em buy-prescriptionz.com para hipertens\u00e3o Comprar Lasix Online,Furosemide ou Lasix \u00e9 um medicamento para tratar a excre\u00e7\u00e3o de l\u00edquidos devido a n\u00e1useas, problemas hep\u00e1ticos, ou doen\u00e7as renais. Compre Lasix 40 mg para o tratamento da tens\u00e3o arterial elevada tamb\u00e9m. Lasix 40 mg online est\u00e1 dispon\u00edvel para perfus\u00e3o numa veia ou por via oral. \u2026<\/p>\n<h3>Comprar Lasix Online: Benef\u00edcios, Efeitos Colaterais e Vis\u00e3o Geral<\/h3>\n<p>Lasix, tamb\u00e9m conhecido como Furosemida, \u00e9 um diur\u00e9tico potente utilizado principalmente para tratar a reten\u00e7\u00e3o de l\u00edquidos (edema) associada a insufici\u00eancia card\u00edaca congestiva, doen\u00e7a hep\u00e1tica e dist\u00farbios renais. Tamb\u00e9m \u00e9 utilizado para controlar a press\u00e3o arterial elevada (hipertens\u00e3o). Lasix atua impedindo que o organismo absorva demasiado sal, o que permite que o sal seja eliminado pela urina.<\/p>\n<h4>Benef\u00edcios do Lasix<\/h4>\n<ol>\n<li>Reduz a reten\u00e7\u00e3o de l\u00edquidos: Lasix reduz eficazmente o incha\u00e7o e a acumula\u00e7\u00e3o de l\u00edquidos no corpo, facilitando a respira\u00e7\u00e3o e a movimenta\u00e7\u00e3o confort\u00e1vel de doentes com problemas card\u00edacos, hep\u00e1ticos ou renais.<\/li>\n<li>Controla a hipertens\u00e3o: ao promover a elimina\u00e7\u00e3o do excesso de l\u00edquidos, o Lasix ajuda a diminuir a hipertens\u00e3o arterial, reduzindo o risco de AVC e ataque card\u00edaco.<\/li>\n<li>Previne complica\u00e7\u00f5es: Ao reduzir o edema, o Lasix ajuda a prevenir complica\u00e7\u00f5es associadas \u00e0 reten\u00e7\u00e3o grave de l\u00edquidos, como o edema pulmonar (l\u00edquido nos pulm\u00f5es) e a hipertens\u00e3o arterial grave.<\/li>\n<li>A\u00e7\u00e3o r\u00e1pida: o Lasix atua rapidamente, proporcionando um al\u00edvio r\u00e1pido dos sintomas de reten\u00e7\u00e3o de l\u00edquidos e hipertens\u00e3o, o que pode ser crucial para doentes com sofrimento agudo.<\/li>\n<\/ol>\n<h4>Efeitos secund\u00e1rios do Lasix<\/h4>\n<ol>\n<li>Desequil\u00edbrio eletrol\u00edtico: os efeitos secund\u00e1rios comuns incluem baixos n\u00edveis de pot\u00e1ssio, s\u00f3dio e magn\u00e9sio no sangue, o que pode causar sintomas como c\u00e3ibras musculares, fraqueza e batimentos card\u00edacos irregulares.<\/li>\n<li>Desidrata\u00e7\u00e3o: A perda excessiva de l\u00edquidos pode levar \u00e0 desidrata\u00e7\u00e3o, provocando tonturas, secura da boca e diminui\u00e7\u00e3o da produ\u00e7\u00e3o de urina.<\/li>\n<li>Hipotens\u00e3o: Lasix pode causar uma queda significativa da press\u00e3o arterial, levando a tonturas ou desmaios, especialmente quando se levanta rapidamente.<\/li>\n<li>Problemas de audi\u00e7\u00e3o: doses elevadas ou administra\u00e7\u00e3o intravenosa r\u00e1pida de Lasix podem levar a perda de audi\u00e7\u00e3o tempor\u00e1ria ou permanente.<\/li>\n<li>Rea\u00e7\u00f5es al\u00e9rgicas: alguns doentes podem apresentar rea\u00e7\u00f5es al\u00e9rgicas, incluindo erup\u00e7\u00e3o cut\u00e2nea, comich\u00e3o ou dificuldade respirat\u00f3ria.<\/li>\n<\/ol>\n<p>\u00c9 prefer\u00edvel tomar o melhor Lasix sob supervis\u00e3o m\u00e9dica devido aos seus efeitos potentes e poss\u00edveis efeitos adversos. Seguir a dose recomendada e agendar exames de rotina \u00e9 crucial para monitorizar a fun\u00e7\u00e3o renal e os n\u00edveis de eletr\u00f3litos. Para comprar Lasix e obter mais detalhes, aceda a buy-prescriptionz.com, a melhor farm\u00e1cia.<\/p>\n<h3>Lasix 40 mg \u00e0 venda a pre\u00e7os inacredit\u00e1veis<\/h3>\n<p>N\u00e3o se preocupe em como comprar Lasix 40 mg online para o tratamento do edema e da hipertens\u00e3o. Comprar Lasix 40 mg online tamb\u00e9m para cirrose hep\u00e1tica, imped\u00e2ncia renal, dist\u00farbios nefr\u00f3ticos, no tratamento de incha\u00e7o das veias ou pulm\u00f5es onde \u00e9 necess\u00e1ria uma diurese r\u00e1pida e no tratamento de hipercalcemia grave.<\/p>\n<p>O Lasix \u00e9 excretado por emiss\u00e3o cil\u00edndrica nos rins. S\u00e3o prescritas doses mais baixas em doentes mais avan\u00e7ados para limitar os sintomas, sendo necess\u00e1rias dosagens mais elevadas em casos de insufici\u00eancia renal. Pode causar danos nos rins se tomado em excesso.<\/p>\n<h3>Onde comprar Lasix 40 mg online para pacientes nos EUA<\/h3>\n<p>Comprar Lasix 40 mg sem receita m\u00e9dica, que atua em 1 hora ap\u00f3s a administra\u00e7\u00e3o oral e, ap\u00f3s infus\u00e3o intravenosa, o efeito ocorre em cerca de 30 minutos. Encomende agora em buy-prescriptionz.com para um servi\u00e7o de entrega r\u00e1pido e seguro. A diurese \u00e9 sentida durante 6 a 8 horas ap\u00f3s a inje\u00e7\u00e3o oral para necessidades de emerg\u00eancia. A furosemida \u00e9 um bloqueador espec\u00edfico de subtipo n\u00e3o competitivo dos recetores GABA-A. A furosemida foi atribu\u00edda a fluxos revers\u00edveis evocados por GABA dos recetores \u03b16\u03b22\u03b32 a uma concentra\u00e7\u00e3o de \u00b5M, embora n\u00e3o dos recetores \u03b11\u03b22\u03b32. Compre Lasix 40 mg a pre\u00e7o baixo para encomendas de grandes quantidades em buy-prescriptionz.com.<\/p>\n<h3>Comprar Lasix 40 mg online<\/h3>\n<p>A atividade nos t\u00fabulos distais \u00e9 independente de qualquer impacto inibit\u00f3rio na anidrase carb\u00f3nica ou na aldosterona; anula o processo osm\u00f3tico corticomedular e liberta \u00e1gua livre, tanto negativa como positivamente. Compre Lasix 40 mg sem receita m\u00e9dica agora mesmo, com entrega r\u00e1pida e segura em buy-prescriptionz.com.<\/p>\n<p>Comprar Lasix 40 mg com embalagem discreta, como outros diur\u00e9ticos, atua restringindo o cotransportador luminal Na-K-Cl no ap\u00eandice atrav\u00e9s de autoriza\u00e7\u00e3o no canal de cloreto, causando perda de s\u00f3dio, cloreto e pot\u00e1ssio na urina.<\/p>","protected":false},"excerpt":{"rendered":"<p>Buy Lasix Online Buy Lasix 40 mg online at buy-prescriptionz.com for Hypertension Buy Lasix Online,Furosemide or Lasix is a drug for treating liquid excretion because of nausea, liver issues, or kidney disease. Buy Lasix 40 mg for the treatment of high blood pressure also. Lasix 40 mg online is available for infusion into a vein [&hellip;]<\/p>","protected":false},"featured_media":3081,"comment_status":"open","ping_status":"closed","template":"","meta":{"site-sidebar-layout":"default","site-content-layout":"","ast-site-content-layout":"default","site-content-style":"default","site-sidebar-style":"default","ast-global-header-display":"","ast-banner-title-visibility":"","ast-main-header-display":"","ast-hfb-above-header-display":"","ast-hfb-below-header-display":"","ast-hfb-mobile-header-display":"","site-post-title":"","ast-breadcrumbs-content":"","ast-featured-img":"","footer-sml-layout":"","theme-transparent-header-meta":"default","adv-header-id-meta":"","stick-header-meta":"","header-above-stick-meta":"","header-main-stick-meta":"","header-below-stick-meta":"","astra-migrate-meta-layouts":"set","ast-page-background-enabled":"default","ast-page-background-meta":{"desktop":{"background-color":"var(--ast-global-color-4)","background-image":"","background-repeat":"repeat","background-position":"center center","background-size":"auto","background-attachment":"scroll","background-type":"","background-media":"","overlay-type":"","overlay-color":"","overlay-opacity":"","overlay-gradient":""},"tablet":{"background-color":"","background-image":"","background-repeat":"repeat","background-position":"center center","background-size":"auto","background-attachment":"scroll","background-type":"","background-media":"","overlay-type":"","overlay-color":"","overlay-opacity":"","overlay-gradient":""},"mobile":{"background-color":"","background-image":"","background-repeat":"repeat","background-position":"center center","background-size":"auto","background-attachment":"scroll","background-type":"","background-media":"","overlay-type":"","overlay-color":"","overlay-opacity":"","overlay-gradient":""}},"ast-content-background-meta":{"desktop":{"background-color":"var(--ast-global-color-5)","background-image":"","background-repeat":"repeat","background-position":"center center","background-size":"auto","background-attachment":"scroll","background-type":"","background-media":"","overlay-type":"","overlay-color":"","overlay-opacity":"","overlay-gradient":""},"tablet":{"background-color":"var(--ast-global-color-5)","background-image":"","background-repeat":"repeat","background-position":"center center","background-size":"auto","background-attachment":"scroll","background-type":"","background-media":"","overlay-type":"","overlay-color":"","overlay-opacity":"","overlay-gradient":""},"mobile":{"background-color":"var(--ast-global-color-5)","background-image":"","background-repeat":"repeat","background-position":"center center","background-size":"auto","background-attachment":"scroll","background-type":"","background-media":"","overlay-type":"","overlay-color":"","overlay-opacity":"","overlay-gradient":""}}},"product_brand":[],"product_cat":[2384],"product_tag":[1278,1279,1277,1272,1275,1274,1273,1276,1271,1270,1281,1280],"class_list":{"0":"post-3051","1":"product","2":"type-product","3":"status-publish","4":"has-post-thumbnail","6":"product_cat-buy-anabolic-steroids-online","7":"product_tag-buy-lasix-in-canada","8":"product_tag-buy-lasix-in-uk","9":"product_tag-buy-lasix-in-usa","10":"product_tag-buy-lasix-with-bitcoin","11":"product_tag-buy-lasix-with-credit-card","12":"product_tag-buy-lasix-with-money-gram","13":"product_tag-buy-lasix-with-western-union","14":"product_tag-buy-lasix-without-a-doctor","15":"product_tag-buy-lasix-without-prescription","16":"product_tag-lasix-for-sale","17":"product_tag-lasix-pills","18":"product_tag-lasix-tablets","19":"desktop-align-center","20":"tablet-align-left","21":"mobile-align-left","23":"first","24":"instock","25":"shipping-taxable","26":"purchasable","27":"product-type-variable","28":"has-default-attributes"},"yoast_head":"<!-- This site is optimized with the Yoast SEO plugin v25.9 - https:\/\/yoast.com\/wordpress\/plugins\/seo\/ -->\n<title>Buy Lasix Online - Lasix for Sale | Buy-Prescriptionz<\/title>\n<meta name=\"description\" content=\"Get Lasix for sale at pocket-friendly prices from our Buy-Prescriptionz store. We will help you buy lasix online. Accept your order and deliver it to you soon!\" \/>\n<meta name=\"robots\" content=\"index, follow, max-snippet:-1, max-image-preview:large, max-video-preview:-1\" \/>\n<link rel=\"canonical\" href=\"https:\/\/buy-prescriptionz.com\/pt_pt\/produto\/comprar-lasix-online\/\" \/>\n<meta property=\"og:locale\" content=\"pt_PT\" \/>\n<meta property=\"og:type\" content=\"article\" \/>\n<meta property=\"og:title\" content=\"Buy Lasix Online - Lasix for Sale | Buy-Prescriptionz\" \/>\n<meta property=\"og:description\" content=\"Get Lasix for sale at pocket-friendly prices from our Buy-Prescriptionz store. We will help you buy lasix online. Accept your order and deliver it to you soon!\" \/>\n<meta property=\"og:url\" content=\"https:\/\/buy-prescriptionz.com\/pt_pt\/produto\/comprar-lasix-online\/\" \/>\n<meta property=\"og:site_name\" content=\"Buy Prescriptionz\" \/>\n<meta property=\"article:modified_time\" content=\"2025-09-22T05:26:12+00:00\" \/>\n<meta property=\"og:image\" content=\"https:\/\/buy-prescriptionz.com\/wp-content\/uploads\/2025\/09\/lasix.jpg\" \/>\n\t<meta property=\"og:image:width\" content=\"400\" \/>\n\t<meta property=\"og:image:height\" content=\"300\" \/>\n\t<meta property=\"og:image:type\" content=\"image\/jpeg\" \/>\n<meta name=\"twitter:card\" content=\"summary_large_image\" \/>\n<meta name=\"twitter:label1\" content=\"Tempo estimado de leitura\" \/>\n\t<meta name=\"twitter:data1\" content=\"4 minutos\" \/>\n<script type=\"application\/ld+json\" class=\"yoast-schema-graph\">{\"@context\":\"https:\/\/schema.org\",\"@graph\":[{\"@type\":\"WebPage\",\"@id\":\"https:\/\/buy-prescriptionz.com\/product\/buy-lasix-online\/\",\"url\":\"https:\/\/buy-prescriptionz.com\/product\/buy-lasix-online\/\",\"name\":\"Buy Lasix Online - Lasix for Sale | Buy-Prescriptionz\",\"isPartOf\":{\"@id\":\"https:\/\/buy-prescriptionz.com\/#website\"},\"primaryImageOfPage\":{\"@id\":\"https:\/\/buy-prescriptionz.com\/product\/buy-lasix-online\/#primaryimage\"},\"image\":{\"@id\":\"https:\/\/buy-prescriptionz.com\/product\/buy-lasix-online\/#primaryimage\"},\"thumbnailUrl\":\"https:\/\/buy-prescriptionz.com\/wp-content\/uploads\/2025\/09\/lasix.jpg\",\"datePublished\":\"2025-09-16T08:56:09+00:00\",\"dateModified\":\"2025-09-22T05:26:12+00:00\",\"description\":\"Get Lasix for sale at pocket-friendly prices from our Buy-Prescriptionz store. We will help you buy lasix online. Accept your order and deliver it to you soon!\",\"breadcrumb\":{\"@id\":\"https:\/\/buy-prescriptionz.com\/product\/buy-lasix-online\/#breadcrumb\"},\"inLanguage\":\"pt-PT\",\"potentialAction\":[{\"@type\":\"ReadAction\",\"target\":[\"https:\/\/buy-prescriptionz.com\/product\/buy-lasix-online\/\"]}]},{\"@type\":\"ImageObject\",\"inLanguage\":\"pt-PT\",\"@id\":\"https:\/\/buy-prescriptionz.com\/product\/buy-lasix-online\/#primaryimage\",\"url\":\"https:\/\/buy-prescriptionz.com\/wp-content\/uploads\/2025\/09\/lasix.jpg\",\"contentUrl\":\"https:\/\/buy-prescriptionz.com\/wp-content\/uploads\/2025\/09\/lasix.jpg\",\"width\":400,\"height\":300},{\"@type\":\"BreadcrumbList\",\"@id\":\"https:\/\/buy-prescriptionz.com\/product\/buy-lasix-online\/#breadcrumb\",\"itemListElement\":[{\"@type\":\"ListItem\",\"position\":1,\"name\":\"Home\",\"item\":\"https:\/\/buy-prescriptionz.com\/\"},{\"@type\":\"ListItem\",\"position\":2,\"name\":\"Shop Painkillers Online\",\"item\":\"https:\/\/buy-prescriptionz.com\/shop-painkillers-online\/\"},{\"@type\":\"ListItem\",\"position\":3,\"name\":\"Buy Lasix Online\"}]},{\"@type\":\"WebSite\",\"@id\":\"https:\/\/buy-prescriptionz.com\/#website\",\"url\":\"https:\/\/buy-prescriptionz.com\/\",\"name\":\"Buy Prescriptionz\",\"description\":\"Drugs Online\",\"publisher\":{\"@id\":\"https:\/\/buy-prescriptionz.com\/#organization\"},\"potentialAction\":[{\"@type\":\"SearchAction\",\"target\":{\"@type\":\"EntryPoint\",\"urlTemplate\":\"https:\/\/buy-prescriptionz.com\/?s={search_term_string}\"},\"query-input\":{\"@type\":\"PropertyValueSpecification\",\"valueRequired\":true,\"valueName\":\"search_term_string\"}}],\"inLanguage\":\"pt-PT\"},{\"@type\":\"Organization\",\"@id\":\"https:\/\/buy-prescriptionz.com\/#organization\",\"name\":\"Buy Prescriptionz\",\"url\":\"https:\/\/buy-prescriptionz.com\/\",\"logo\":{\"@type\":\"ImageObject\",\"inLanguage\":\"pt-PT\",\"@id\":\"https:\/\/buy-prescriptionz.com\/#\/schema\/logo\/image\/\",\"url\":\"https:\/\/buy-prescriptionz.com\/wp-content\/uploads\/2023\/09\/logo.png\",\"contentUrl\":\"https:\/\/buy-prescriptionz.com\/wp-content\/uploads\/2023\/09\/logo.png\",\"width\":350,\"height\":64,\"caption\":\"Buy Prescriptionz\"},\"image\":{\"@id\":\"https:\/\/buy-prescriptionz.com\/#\/schema\/logo\/image\/\"}}]}<\/script>\n<!-- \/ Yoast SEO plugin. -->","yoast_head_json":{"title":"Comprar Lasix Online - Lasix em Promo\u00e7\u00e3o | Buy-Prescriptionz","description":"Compre Lasix a pre\u00e7os acess\u00edveis na nossa loja Buy-Prescriptionz. Ajudamos a comprar Lasix online. Aceite o seu pedido e receba-o em breve!","robots":{"index":"index","follow":"follow","max-snippet":"max-snippet:-1","max-image-preview":"max-image-preview:large","max-video-preview":"max-video-preview:-1"},"canonical":"https:\/\/buy-prescriptionz.com\/pt_pt\/produto\/comprar-lasix-online\/","og_locale":"pt_PT","og_type":"article","og_title":"Buy Lasix Online - Lasix for Sale | Buy-Prescriptionz","og_description":"Get Lasix for sale at pocket-friendly prices from our Buy-Prescriptionz store. We will help you buy lasix online. Accept your order and deliver it to you soon!","og_url":"https:\/\/buy-prescriptionz.com\/pt_pt\/produto\/comprar-lasix-online\/","og_site_name":"Buy Prescriptionz","article_modified_time":"2025-09-22T05:26:12+00:00","og_image":[{"width":400,"height":300,"url":"https:\/\/buy-prescriptionz.com\/wp-content\/uploads\/2025\/09\/lasix.jpg","type":"image\/jpeg"}],"twitter_card":"summary_large_image","twitter_misc":{"Tempo estimado de leitura":"4 minutos"},"schema":{"@context":"https:\/\/schema.org","@graph":[{"@type":"WebPage","@id":"https:\/\/buy-prescriptionz.com\/product\/buy-lasix-online\/","url":"https:\/\/buy-prescriptionz.com\/product\/buy-lasix-online\/","name":"Comprar Lasix Online - Lasix em Promo\u00e7\u00e3o | Buy-Prescriptionz","isPartOf":{"@id":"https:\/\/buy-prescriptionz.com\/#website"},"primaryImageOfPage":{"@id":"https:\/\/buy-prescriptionz.com\/product\/buy-lasix-online\/#primaryimage"},"image":{"@id":"https:\/\/buy-prescriptionz.com\/product\/buy-lasix-online\/#primaryimage"},"thumbnailUrl":"https:\/\/buy-prescriptionz.com\/wp-content\/uploads\/2025\/09\/lasix.jpg","datePublished":"2025-09-16T08:56:09+00:00","dateModified":"2025-09-22T05:26:12+00:00","description":"Compre Lasix a pre\u00e7os acess\u00edveis na nossa loja Buy-Prescriptionz. Ajudamos a comprar Lasix online. Aceite o seu pedido e receba-o em breve!","breadcrumb":{"@id":"https:\/\/buy-prescriptionz.com\/product\/buy-lasix-online\/#breadcrumb"},"inLanguage":"pt-PT","potentialAction":[{"@type":"ReadAction","target":["https:\/\/buy-prescriptionz.com\/product\/buy-lasix-online\/"]}]},{"@type":"ImageObject","inLanguage":"pt-PT","@id":"https:\/\/buy-prescriptionz.com\/product\/buy-lasix-online\/#primaryimage","url":"https:\/\/buy-prescriptionz.com\/wp-content\/uploads\/2025\/09\/lasix.jpg","contentUrl":"https:\/\/buy-prescriptionz.com\/wp-content\/uploads\/2025\/09\/lasix.jpg","width":400,"height":300},{"@type":"BreadcrumbList","@id":"https:\/\/buy-prescriptionz.com\/product\/buy-lasix-online\/#breadcrumb","itemListElement":[{"@type":"ListItem","position":1,"name":"Home","item":"https:\/\/buy-prescriptionz.com\/"},{"@type":"ListItem","position":2,"name":"Shop Painkillers Online","item":"https:\/\/buy-prescriptionz.com\/shop-painkillers-online\/"},{"@type":"ListItem","position":3,"name":"Buy Lasix Online"}]},{"@type":"WebSite","@id":"https:\/\/buy-prescriptionz.com\/#website","url":"https:\/\/buy-prescriptionz.com\/","name":"Buy Prescriptionz","description":"Drogas Online","publisher":{"@id":"https:\/\/buy-prescriptionz.com\/#organization"},"potentialAction":[{"@type":"SearchAction","target":{"@type":"EntryPoint","urlTemplate":"https:\/\/buy-prescriptionz.com\/?s={search_term_string}"},"query-input":{"@type":"PropertyValueSpecification","valueRequired":true,"valueName":"search_term_string"}}],"inLanguage":"pt-PT"},{"@type":"Organization","@id":"https:\/\/buy-prescriptionz.com\/#organization","name":"Buy Prescriptionz","url":"https:\/\/buy-prescriptionz.com\/","logo":{"@type":"ImageObject","inLanguage":"pt-PT","@id":"https:\/\/buy-prescriptionz.com\/#\/schema\/logo\/image\/","url":"https:\/\/buy-prescriptionz.com\/wp-content\/uploads\/2023\/09\/logo.png","contentUrl":"https:\/\/buy-prescriptionz.com\/wp-content\/uploads\/2023\/09\/logo.png","width":350,"height":64,"caption":"Buy Prescriptionz"},"image":{"@id":"https:\/\/buy-prescriptionz.com\/#\/schema\/logo\/image\/"}}]}},"_links":{"self":[{"href":"https:\/\/buy-prescriptionz.com\/pt_pt\/wp-json\/wp\/v2\/product\/3051","targetHints":{"allow":["GET"]}}],"collection":[{"href":"https:\/\/buy-prescriptionz.com\/pt_pt\/wp-json\/wp\/v2\/product"}],"about":[{"href":"https:\/\/buy-prescriptionz.com\/pt_pt\/wp-json\/wp\/v2\/types\/product"}],"replies":[{"embeddable":true,"href":"https:\/\/buy-prescriptionz.com\/pt_pt\/wp-json\/wp\/v2\/comments?post=3051"}],"wp:featuredmedia":[{"embeddable":true,"href":"https:\/\/buy-prescriptionz.com\/pt_pt\/wp-json\/wp\/v2\/media\/3081"}],"wp:attachment":[{"href":"https:\/\/buy-prescriptionz.com\/pt_pt\/wp-json\/wp\/v2\/media?parent=3051"}],"wp:term":[{"taxonomy":"product_brand","embeddable":true,"href":"https:\/\/buy-prescriptionz.com\/pt_pt\/wp-json\/wp\/v2\/product_brand?post=3051"},{"taxonomy":"product_cat","embeddable":true,"href":"https:\/\/buy-prescriptionz.com\/pt_pt\/wp-json\/wp\/v2\/product_cat?post=3051"},{"taxonomy":"product_tag","embeddable":true,"href":"https:\/\/buy-prescriptionz.com\/pt_pt\/wp-json\/wp\/v2\/product_tag?post=3051"}],"curies":[{"name":"wp","href":"https:\/\/api.w.org\/{rel}","templated":true}]}}