{"id":3052,"date":"2025-09-16T08:56:09","date_gmt":"2025-09-16T08:56:09","guid":{"rendered":"https:\/\/chemsfine.com\/newsite\/?post_type=product&#038;p=3052"},"modified":"2025-09-22T11:15:45","modified_gmt":"2025-09-22T11:15:45","slug":"comprar-insulina-online","status":"publish","type":"product","link":"https:\/\/buy-prescriptionz.com\/pt_pt\/produto\/comprar-insulina-online\/","title":{"rendered":"Comprar insulina online"},"content":{"rendered":"<h1>Comprar insulina online de 100 mg, 150 mg e 50 mg<\/h1>\n<p>Compre<a href=\"https:\/\/en.wikipedia.org\/wiki\/Insulin\"> Insulin<\/a> A insulina online \u00e9 uma hormona pept\u00eddica produzida pelas c\u00e9lulas beta das ilhotas pancre\u00e1ticas; \u00e9 a hormona anab\u00f3lica fundamental do corpo. Onde comprar insulina online em buy-prescriptionz.com, que direciona a digest\u00e3o de amidos, gorduras e prote\u00ednas, ajudando na absor\u00e7\u00e3o de a\u00e7\u00facares e glicose do sangue para o f\u00edgado, gordura e c\u00e9lulas musculares esquel\u00e9ticas.<\/p>\n<p>A insulina \u00e9 uma hormona vital para a regula\u00e7\u00e3o dos n\u00edveis de a\u00e7\u00facar no sangue, essencial para o controlo da diabetes. Ajuda o organismo a utilizar a glicose de forma eficaz, prevenindo complica\u00e7\u00f5es decorrentes de n\u00edveis elevados ou baixos de a\u00e7\u00facar no sangue. Para uma forma conveniente e fi\u00e1vel de comprar insulina, visite a melhor farm\u00e1cia: Buy-prescriptionz.com. Oferecem uma vasta sele\u00e7\u00e3o de op\u00e7\u00f5es de insulina, garantindo que recebe o medicamento de que necessita de forma r\u00e1pida e segura.<\/p>\n<h2>Compre insulina online em buy-prescriptionz.com para os EUA e pa\u00edses europeus.<\/h2>\n<p>A glicose assimilada \u00e9 convertida em glicog\u00e9nio pela glicog\u00e9nese ou em gorduras (triglic\u00e9ridos) pela lipog\u00e9nese ou, no f\u00edgado, em ambas. A glicose circulante (insulina) influencia a amalgama\u00e7\u00e3o das prote\u00ednas nos diferentes tecidos.<\/p>\n<p><a href=\"https:\/\/buy-prescriptionz.com\/pt_pt\/produto\/dormicum\/\">Insulin<\/a> \u00c0 venda em buy-prescriptionz.com para doentes diab\u00e9ticos, uma vez que \u00e9 uma hormona anab\u00f3lica que auxilia na liberta\u00e7\u00e3o e na transforma\u00e7\u00e3o de part\u00edculas no sangue. Os baixos n\u00edveis de insulina no sangue t\u00eam o efeito contr\u00e1rio, promovendo um catabolismo de longo alcance, particularmente da rela\u00e7\u00e3o m\u00fasculo-gordura. N\u00e3o \u00e9 dif\u00edcil saber onde comprar insulina online, pois em prescriptionz.com pode comprar a qualidade desejada a qualquer hora e em qualquer lugar. Dormicum Online<\/p>\n<h3>Benef\u00edcios<\/h3>\n<ul>\n<li>Conveni\u00eancia: Pode facilmente encomendar a melhor insulina no conforto da sua casa, sem ter de se deslocar \u00e0 farm\u00e1cia. Isto \u00e9 especialmente ben\u00e9fico para quem tem problemas de mobilidade ou agendas preenchidas.<\/li>\n<li>Economia de custos: As farm\u00e1cias online costumam oferecer pre\u00e7os mais competitivos em compara\u00e7\u00e3o com as farm\u00e1cias locais. Tamb\u00e9m pode encontrar descontos e op\u00e7\u00f5es de compra em grandes quantidades.<\/li>\n<li>Privacidade: Comprar insulina online permite um processo discreto, o que pode ser importante para aqueles que preferem manter as suas condi\u00e7\u00f5es m\u00e9dicas privadas.<\/li>\n<\/ul>\n<h3>Uses<\/h3>\n<ul>\n<li>Regular o a\u00e7\u00facar no sangue: a insulina \u00e9 essencial para controlar a diabetes tipo 1 e tipo 2, ajudando a manter os n\u00edveis normais de glicose no sangue.<\/li>\n<li>Controlar a hiperglicemia: ao reduzir os n\u00edveis de a\u00e7\u00facar no sangue, a insulina previne as complica\u00e7\u00f5es associadas ao n\u00edvel elevado de a\u00e7\u00facar no sangue, como danos nos nervos e problemas cardiovasculares.<\/li>\n<li>Auxilia o metabolismo: a insulina ajuda o corpo a utilizar a glicose de forma eficaz, o que \u00e9 crucial para a produ\u00e7\u00e3o de energia e para a fun\u00e7\u00e3o metab\u00f3lica geral.<\/li>\n<\/ul>\n<h3>Efeitos colaterais<\/h3>\n<ul>\n<li>Hipoglicemia: O baixo n\u00edvel de a\u00e7\u00facar no sangue \u00e9 um efeito secund\u00e1rio comum da insulina, caracterizado por sintomas como tonturas, suores e confus\u00e3o.<\/li>\n<li>Aumento de peso: O uso prolongado de insulina pode levar ao aumento de peso, uma vez que promove o armazenamento de glicose como gordura.<\/li>\n<li>Rea\u00e7\u00f5es al\u00e9rgicas: alguns doentes podem apresentar rea\u00e7\u00f5es al\u00e9rgicas, incluindo erup\u00e7\u00e3o cut\u00e2nea, comich\u00e3o ou dificuldade respirat\u00f3ria.<\/li>\n<li>Problemas no local da inje\u00e7\u00e3o: inje\u00e7\u00f5es repetidas de insulina podem causar problemas localizados, como vermelhid\u00e3o, incha\u00e7o ou lipodistrofia (distribui\u00e7\u00e3o anormal de gordura).<\/li>\n<\/ul>\n<h3>\u00a0Insulina sem receita m\u00e9dica e servi\u00e7o de entrega r\u00e1pido e seguro<\/h3>\n<p>Saiba como comprar insulina online em prescriptionz.com, uma vez que as c\u00e9lulas beta s\u00e3o sens\u00edveis \u00e0 produ\u00e7\u00e3o de glicose, denominada n\u00edveis de glicose. Se o n\u00edvel de glicose for elevado, as c\u00e9lulas beta libertam insulina para o sangue; quando os n\u00edveis de glicose s\u00e3o baixos, a liberta\u00e7\u00e3o de insulina \u00e9 inibida. O glucagon, atrav\u00e9s do f\u00edgado, liberta glicose por glicogen\u00f3lise e gliconeog\u00e9nese, e tem o efeito contr\u00e1rio da insulina. Pode comprar insulina online e tamb\u00e9m comprar insulina a um pre\u00e7o acess\u00edvel.<\/p>\n<p>Obtenha insulina sem receita m\u00e9dica, assim como as insulinas de a\u00e7\u00e3o r\u00e1pida que dispensam a infus\u00e3o interina, prescritas para a insulina humana e insulinas animais. A insulina de a\u00e7\u00e3o prolongada; a primeira delas foi a Lantus (insulina glargina). Encomende este produto que tem um efeito consistente durante um per\u00edodo de 18 a 24 horas. Outra insulina de liberta\u00e7\u00e3o prolongada \u00e9 a Levemir, que depende de uma abordagem de acila\u00e7\u00e3o de gordura insaturada. Al\u00e9m disso, compre insulina com embalagem discreta em buy-prescriptionz.com, com um servi\u00e7o de entrega r\u00e1pido e seguro nos Estados Unidos e em alguns estados europeus.<\/p>","protected":false},"excerpt":{"rendered":"<p>Buy Insulin Online of 100 mg, 150 mg, and 50 mg Buy Insulin Online is a peptide hormone produced by beta cells of the pancreatic islets; it is the fundamental anabolic hormone of the body. Where to Buy Insulin online at buy-prescriptionz.com that directs the digestion of starches, fats, and protein by helping the ingestion [&hellip;]<\/p>","protected":false},"featured_media":3082,"comment_status":"open","ping_status":"closed","template":"","meta":{"site-sidebar-layout":"default","site-content-layout":"","ast-site-content-layout":"default","site-content-style":"default","site-sidebar-style":"default","ast-global-header-display":"","ast-banner-title-visibility":"","ast-main-header-display":"","ast-hfb-above-header-display":"","ast-hfb-below-header-display":"","ast-hfb-mobile-header-display":"","site-post-title":"","ast-breadcrumbs-content":"","ast-featured-img":"","footer-sml-layout":"","theme-transparent-header-meta":"default","adv-header-id-meta":"","stick-header-meta":"","header-above-stick-meta":"","header-main-stick-meta":"","header-below-stick-meta":"","astra-migrate-meta-layouts":"set","ast-page-background-enabled":"default","ast-page-background-meta":{"desktop":{"background-color":"var(--ast-global-color-4)","background-image":"","background-repeat":"repeat","background-position":"center center","background-size":"auto","background-attachment":"scroll","background-type":"","background-media":"","overlay-type":"","overlay-color":"","overlay-opacity":"","overlay-gradient":""},"tablet":{"background-color":"","background-image":"","background-repeat":"repeat","background-position":"center center","background-size":"auto","background-attachment":"scroll","background-type":"","background-media":"","overlay-type":"","overlay-color":"","overlay-opacity":"","overlay-gradient":""},"mobile":{"background-color":"","background-image":"","background-repeat":"repeat","background-position":"center center","background-size":"auto","background-attachment":"scroll","background-type":"","background-media":"","overlay-type":"","overlay-color":"","overlay-opacity":"","overlay-gradient":""}},"ast-content-background-meta":{"desktop":{"background-color":"var(--ast-global-color-5)","background-image":"","background-repeat":"repeat","background-position":"center center","background-size":"auto","background-attachment":"scroll","background-type":"","background-media":"","overlay-type":"","overlay-color":"","overlay-opacity":"","overlay-gradient":""},"tablet":{"background-color":"var(--ast-global-color-5)","background-image":"","background-repeat":"repeat","background-position":"center center","background-size":"auto","background-attachment":"scroll","background-type":"","background-media":"","overlay-type":"","overlay-color":"","overlay-opacity":"","overlay-gradient":""},"mobile":{"background-color":"var(--ast-global-color-5)","background-image":"","background-repeat":"repeat","background-position":"center center","background-size":"auto","background-attachment":"scroll","background-type":"","background-media":"","overlay-type":"","overlay-color":"","overlay-opacity":"","overlay-gradient":""}}},"product_brand":[],"product_cat":[2384],"product_tag":[],"class_list":{"0":"post-3052","1":"product","2":"type-product","3":"status-publish","4":"has-post-thumbnail","6":"product_cat-buy-anabolic-steroids-online","7":"desktop-align-center","8":"tablet-align-left","9":"mobile-align-left","11":"first","12":"instock","13":"shipping-taxable","14":"purchasable","15":"product-type-variable","16":"has-default-attributes"},"yoast_head":"<!-- This site is optimized with the Yoast SEO plugin v25.9 - https:\/\/yoast.com\/wordpress\/plugins\/seo\/ -->\n<title>Buy Insulin Online - buy insulin online from walmart,insulin for sale online<\/title>\n<meta name=\"description\" content=\"Buy Insulin Online.where to buy insulin cheap,Buy Lantus insulin online works by controlling blood over the counter insulin walmart\" \/>\n<meta name=\"robots\" content=\"index, follow, max-snippet:-1, max-image-preview:large, max-video-preview:-1\" \/>\n<link rel=\"canonical\" href=\"https:\/\/buy-prescriptionz.com\/pt_pt\/produto\/comprar-insulina-online\/\" \/>\n<meta property=\"og:locale\" content=\"pt_PT\" \/>\n<meta property=\"og:type\" content=\"article\" \/>\n<meta property=\"og:title\" content=\"Buy Insulin Online - buy insulin online from walmart,insulin for sale online\" \/>\n<meta property=\"og:description\" content=\"Buy Insulin Online.where to buy insulin cheap,Buy Lantus insulin online works by controlling blood over the counter insulin walmart\" \/>\n<meta property=\"og:url\" content=\"https:\/\/buy-prescriptionz.com\/pt_pt\/produto\/comprar-insulina-online\/\" \/>\n<meta property=\"og:site_name\" content=\"Buy Prescriptionz\" \/>\n<meta property=\"article:modified_time\" content=\"2025-09-22T11:15:45+00:00\" \/>\n<meta property=\"og:image\" content=\"https:\/\/buy-prescriptionz.com\/wp-content\/uploads\/2025\/09\/insulin.jpg\" \/>\n\t<meta property=\"og:image:width\" content=\"400\" \/>\n\t<meta property=\"og:image:height\" content=\"300\" \/>\n\t<meta property=\"og:image:type\" content=\"image\/jpeg\" \/>\n<meta name=\"twitter:card\" content=\"summary_large_image\" \/>\n<meta name=\"twitter:label1\" content=\"Tempo estimado de leitura\" \/>\n\t<meta name=\"twitter:data1\" content=\"4 minutos\" \/>\n<script type=\"application\/ld+json\" class=\"yoast-schema-graph\">{\"@context\":\"https:\/\/schema.org\",\"@graph\":[{\"@type\":\"WebPage\",\"@id\":\"https:\/\/buy-prescriptionz.com\/product\/buy-insulin-online\/\",\"url\":\"https:\/\/buy-prescriptionz.com\/product\/buy-insulin-online\/\",\"name\":\"Buy Insulin Online - buy insulin online from walmart,insulin for sale online\",\"isPartOf\":{\"@id\":\"https:\/\/buy-prescriptionz.com\/#website\"},\"primaryImageOfPage\":{\"@id\":\"https:\/\/buy-prescriptionz.com\/product\/buy-insulin-online\/#primaryimage\"},\"image\":{\"@id\":\"https:\/\/buy-prescriptionz.com\/product\/buy-insulin-online\/#primaryimage\"},\"thumbnailUrl\":\"https:\/\/buy-prescriptionz.com\/wp-content\/uploads\/2025\/09\/insulin.jpg\",\"datePublished\":\"2025-09-16T08:56:09+00:00\",\"dateModified\":\"2025-09-22T11:15:45+00:00\",\"description\":\"Buy Insulin Online.where to buy insulin cheap,Buy Lantus insulin online works by controlling blood over the counter insulin walmart\",\"breadcrumb\":{\"@id\":\"https:\/\/buy-prescriptionz.com\/product\/buy-insulin-online\/#breadcrumb\"},\"inLanguage\":\"pt-PT\",\"potentialAction\":[{\"@type\":\"ReadAction\",\"target\":[\"https:\/\/buy-prescriptionz.com\/product\/buy-insulin-online\/\"]}]},{\"@type\":\"ImageObject\",\"inLanguage\":\"pt-PT\",\"@id\":\"https:\/\/buy-prescriptionz.com\/product\/buy-insulin-online\/#primaryimage\",\"url\":\"https:\/\/buy-prescriptionz.com\/wp-content\/uploads\/2025\/09\/insulin.jpg\",\"contentUrl\":\"https:\/\/buy-prescriptionz.com\/wp-content\/uploads\/2025\/09\/insulin.jpg\",\"width\":400,\"height\":300},{\"@type\":\"BreadcrumbList\",\"@id\":\"https:\/\/buy-prescriptionz.com\/product\/buy-insulin-online\/#breadcrumb\",\"itemListElement\":[{\"@type\":\"ListItem\",\"position\":1,\"name\":\"Home\",\"item\":\"https:\/\/buy-prescriptionz.com\/\"},{\"@type\":\"ListItem\",\"position\":2,\"name\":\"Shop Painkillers Online\",\"item\":\"https:\/\/buy-prescriptionz.com\/shop-painkillers-online\/\"},{\"@type\":\"ListItem\",\"position\":3,\"name\":\"Buy Insulin Online\"}]},{\"@type\":\"WebSite\",\"@id\":\"https:\/\/buy-prescriptionz.com\/#website\",\"url\":\"https:\/\/buy-prescriptionz.com\/\",\"name\":\"Buy Prescriptionz\",\"description\":\"Drugs Online\",\"publisher\":{\"@id\":\"https:\/\/buy-prescriptionz.com\/#organization\"},\"potentialAction\":[{\"@type\":\"SearchAction\",\"target\":{\"@type\":\"EntryPoint\",\"urlTemplate\":\"https:\/\/buy-prescriptionz.com\/?s={search_term_string}\"},\"query-input\":{\"@type\":\"PropertyValueSpecification\",\"valueRequired\":true,\"valueName\":\"search_term_string\"}}],\"inLanguage\":\"pt-PT\"},{\"@type\":\"Organization\",\"@id\":\"https:\/\/buy-prescriptionz.com\/#organization\",\"name\":\"Buy Prescriptionz\",\"url\":\"https:\/\/buy-prescriptionz.com\/\",\"logo\":{\"@type\":\"ImageObject\",\"inLanguage\":\"pt-PT\",\"@id\":\"https:\/\/buy-prescriptionz.com\/#\/schema\/logo\/image\/\",\"url\":\"https:\/\/buy-prescriptionz.com\/wp-content\/uploads\/2023\/09\/logo.png\",\"contentUrl\":\"https:\/\/buy-prescriptionz.com\/wp-content\/uploads\/2023\/09\/logo.png\",\"width\":350,\"height\":64,\"caption\":\"Buy Prescriptionz\"},\"image\":{\"@id\":\"https:\/\/buy-prescriptionz.com\/#\/schema\/logo\/image\/\"}}]}<\/script>\n<!-- \/ Yoast SEO plugin. -->","yoast_head_json":{"title":"Comprar insulina online - comprar insulina online no Walmart, insulina para venda online","description":"Comprar insulina online. Onde comprar insulina barata? Comprar insulina Lantus online, atua controlando o sangue. Insulina sem receita m\u00e9dica no Walmart.","robots":{"index":"index","follow":"follow","max-snippet":"max-snippet:-1","max-image-preview":"max-image-preview:large","max-video-preview":"max-video-preview:-1"},"canonical":"https:\/\/buy-prescriptionz.com\/pt_pt\/produto\/comprar-insulina-online\/","og_locale":"pt_PT","og_type":"article","og_title":"Buy Insulin Online - buy insulin online from walmart,insulin for sale online","og_description":"Buy Insulin Online.where to buy insulin cheap,Buy Lantus insulin online works by controlling blood over the counter insulin walmart","og_url":"https:\/\/buy-prescriptionz.com\/pt_pt\/produto\/comprar-insulina-online\/","og_site_name":"Buy Prescriptionz","article_modified_time":"2025-09-22T11:15:45+00:00","og_image":[{"width":400,"height":300,"url":"https:\/\/buy-prescriptionz.com\/wp-content\/uploads\/2025\/09\/insulin.jpg","type":"image\/jpeg"}],"twitter_card":"summary_large_image","twitter_misc":{"Tempo estimado de leitura":"4 minutos"},"schema":{"@context":"https:\/\/schema.org","@graph":[{"@type":"WebPage","@id":"https:\/\/buy-prescriptionz.com\/product\/buy-insulin-online\/","url":"https:\/\/buy-prescriptionz.com\/product\/buy-insulin-online\/","name":"Comprar insulina online - comprar insulina online no Walmart, insulina para venda online","isPartOf":{"@id":"https:\/\/buy-prescriptionz.com\/#website"},"primaryImageOfPage":{"@id":"https:\/\/buy-prescriptionz.com\/product\/buy-insulin-online\/#primaryimage"},"image":{"@id":"https:\/\/buy-prescriptionz.com\/product\/buy-insulin-online\/#primaryimage"},"thumbnailUrl":"https:\/\/buy-prescriptionz.com\/wp-content\/uploads\/2025\/09\/insulin.jpg","datePublished":"2025-09-16T08:56:09+00:00","dateModified":"2025-09-22T11:15:45+00:00","description":"Comprar insulina online. Onde comprar insulina barata? Comprar insulina Lantus online, atua controlando o sangue. Insulina sem receita m\u00e9dica no Walmart.","breadcrumb":{"@id":"https:\/\/buy-prescriptionz.com\/product\/buy-insulin-online\/#breadcrumb"},"inLanguage":"pt-PT","potentialAction":[{"@type":"ReadAction","target":["https:\/\/buy-prescriptionz.com\/product\/buy-insulin-online\/"]}]},{"@type":"ImageObject","inLanguage":"pt-PT","@id":"https:\/\/buy-prescriptionz.com\/product\/buy-insulin-online\/#primaryimage","url":"https:\/\/buy-prescriptionz.com\/wp-content\/uploads\/2025\/09\/insulin.jpg","contentUrl":"https:\/\/buy-prescriptionz.com\/wp-content\/uploads\/2025\/09\/insulin.jpg","width":400,"height":300},{"@type":"BreadcrumbList","@id":"https:\/\/buy-prescriptionz.com\/product\/buy-insulin-online\/#breadcrumb","itemListElement":[{"@type":"ListItem","position":1,"name":"Home","item":"https:\/\/buy-prescriptionz.com\/"},{"@type":"ListItem","position":2,"name":"Shop Painkillers Online","item":"https:\/\/buy-prescriptionz.com\/shop-painkillers-online\/"},{"@type":"ListItem","position":3,"name":"Buy Insulin Online"}]},{"@type":"WebSite","@id":"https:\/\/buy-prescriptionz.com\/#website","url":"https:\/\/buy-prescriptionz.com\/","name":"Buy Prescriptionz","description":"Drogas Online","publisher":{"@id":"https:\/\/buy-prescriptionz.com\/#organization"},"potentialAction":[{"@type":"SearchAction","target":{"@type":"EntryPoint","urlTemplate":"https:\/\/buy-prescriptionz.com\/?s={search_term_string}"},"query-input":{"@type":"PropertyValueSpecification","valueRequired":true,"valueName":"search_term_string"}}],"inLanguage":"pt-PT"},{"@type":"Organization","@id":"https:\/\/buy-prescriptionz.com\/#organization","name":"Buy Prescriptionz","url":"https:\/\/buy-prescriptionz.com\/","logo":{"@type":"ImageObject","inLanguage":"pt-PT","@id":"https:\/\/buy-prescriptionz.com\/#\/schema\/logo\/image\/","url":"https:\/\/buy-prescriptionz.com\/wp-content\/uploads\/2023\/09\/logo.png","contentUrl":"https:\/\/buy-prescriptionz.com\/wp-content\/uploads\/2023\/09\/logo.png","width":350,"height":64,"caption":"Buy Prescriptionz"},"image":{"@id":"https:\/\/buy-prescriptionz.com\/#\/schema\/logo\/image\/"}}]}},"_links":{"self":[{"href":"https:\/\/buy-prescriptionz.com\/pt_pt\/wp-json\/wp\/v2\/product\/3052","targetHints":{"allow":["GET"]}}],"collection":[{"href":"https:\/\/buy-prescriptionz.com\/pt_pt\/wp-json\/wp\/v2\/product"}],"about":[{"href":"https:\/\/buy-prescriptionz.com\/pt_pt\/wp-json\/wp\/v2\/types\/product"}],"replies":[{"embeddable":true,"href":"https:\/\/buy-prescriptionz.com\/pt_pt\/wp-json\/wp\/v2\/comments?post=3052"}],"wp:featuredmedia":[{"embeddable":true,"href":"https:\/\/buy-prescriptionz.com\/pt_pt\/wp-json\/wp\/v2\/media\/3082"}],"wp:attachment":[{"href":"https:\/\/buy-prescriptionz.com\/pt_pt\/wp-json\/wp\/v2\/media?parent=3052"}],"wp:term":[{"taxonomy":"product_brand","embeddable":true,"href":"https:\/\/buy-prescriptionz.com\/pt_pt\/wp-json\/wp\/v2\/product_brand?post=3052"},{"taxonomy":"product_cat","embeddable":true,"href":"https:\/\/buy-prescriptionz.com\/pt_pt\/wp-json\/wp\/v2\/product_cat?post=3052"},{"taxonomy":"product_tag","embeddable":true,"href":"https:\/\/buy-prescriptionz.com\/pt_pt\/wp-json\/wp\/v2\/product_tag?post=3052"}],"curies":[{"name":"wp","href":"https:\/\/api.w.org\/{rel}","templated":true}]}}