{"id":3054,"date":"2025-09-16T08:56:09","date_gmt":"2025-09-16T08:56:09","guid":{"rendered":"https:\/\/chemsfine.com\/newsite\/?post_type=product&#038;p=3054"},"modified":"2025-09-26T17:43:17","modified_gmt":"2025-09-26T17:43:17","slug":"comprar-vicodin-es-online","status":"publish","type":"product","link":"https:\/\/buy-prescriptionz.com\/pt_pt\/produto\/comprar-vicodin-es-online\/","title":{"rendered":"Comprar Vicodin ES Online"},"content":{"rendered":"<h2>Comprar Vicodin (Vicodin Online)<\/h2>\n<p>As dores moderadas a intensas s\u00e3o tratadas com este medicamento combinado. Cont\u00e9m dois tipos de analg\u00e9sicos: o paracetamol, um n\u00e3o opi\u00f3ide, e a hidrocodona, um opi\u00f3ide. A forma como o seu corpo perceciona e reage \u00e0 dor \u00e9 alterada pela a\u00e7\u00e3o da hidrocodona no c\u00e9rebro. A febre tamb\u00e9m pode ser reduzida com paracetamol.<\/p>\n<h3>Como devo tomar Vicodin?<\/h3>\n<p>Tome o melhor Vicodin conforme indicado por um m\u00e9dico. Observe as instru\u00e7\u00f5es da bula do seu medicamento. Nunca utilize este medicamento durante mais tempo do que o recomendado ou em doses mais elevadas. A sobredosagem pode resultar em fatalidades ou les\u00f5es hep\u00e1ticas. Informe o seu m\u00e9dico se o medicamento n\u00e3o lhe parecer t\u00e3o eficaz no al\u00edvio da sua dor. Mesmo em dosagens normais, a hidrocodona tem o potencial de causar depend\u00eancia. Vicodin nunca deve ser dado a ningu\u00e9m, especialmente se tiverem um historial de uso indevido ou depend\u00eancia de drogas. Especialmente nos casos em que a droga \u00e9 utilizada sem receita m\u00e9dica por crian\u00e7as ou outras pessoas, o uso indevido de medicamentos narc\u00f3ticos pode resultar em depend\u00eancia, overdose ou morte. \u00c9 ilegal vender ou fornecer Vicodin a qualquer pessoa.<\/p>\n<p>Informe previamente o m\u00e9dico se vai tomar este medicamento ou se necessita de cirurgia ou outros exames m\u00e9dicos. Pode precisar de fazer uma pequena pausa no uso do medicamento. Ap\u00f3s tomar Vicodin durante um longo per\u00edodo, n\u00e3o interrompa o uso do medicamento abruptamente, pois pode causar sintomas de abstin\u00eancia desagrad\u00e1veis. Consulte o seu m\u00e9dico sobre como parar de tomar Vicodin em seguran\u00e7a. Manter afastado do calor e da humidade, \u00e0 temperatura ambiente. Registe a quantidade de medicamento retirada de cada frasco novo. Como a hidrocodona \u00e9 uma droga de abuso, deve estar atento a qualquer utiliza\u00e7\u00e3o inapropriada ou sem receita m\u00e9dica do seu medicamento. Certifique-se de que obt\u00e9m os mesmos comprimidos \u2014 o tipo e a marca exatos \u2014 que o seu m\u00e9dico prescreveu, verificando sempre o frasco. Compre estes medicamentos apenas na farm\u00e1cia de confian\u00e7a e de melhor qualidade, chamada Buy-prescriptionz.com.<\/p>\n<h3>Comprar Vicodin ES<\/h3>\n<p>Comprar Vicodin ES online. A hidrocodona, ou di-hidrocodeinona, \u00e9 um narc\u00f3tico semi-fabricado obtido a partir de dois dos sedativos mais comuns: a code\u00edna e a teba\u00edna. A hidrocodona \u00e9 um analg\u00e9sico e antit\u00fassico opi\u00e1ceo de administra\u00e7\u00e3o oral. Est\u00e1 geralmente dispon\u00edvel em comprimidos, frascos e xaropes e \u00e9 frequentemente combinada com outros analg\u00e9sicos, como o paracetamol ou o ibuprofeno. \u00c9 comercializada, nas suas diferentes formas, sob diversas marcas registadas, incluindo Vicodin, Anexsia, Dicodid, Hycodan (ou convencionalmente Hydromet), Hycomine, Lorcet, Lortab, Norco, Novahistex, Hydroco, Tussionex, Gentex, Vicoprofen, Xodol, Bekadid, Calmodid, Codinovo, Dunedin, Kolikodol, Orthoxycol, Mercodinone, Synkonin, Norgan e Hydrokon. A hidrocodona foi incorporada pela primeira vez na Alemanha em 1920 e aprovada pela FDA a 23 de mar\u00e7o de 1943, estando dispon\u00edvel para compra nos Estados Unidos sob a marca Hycodan. (Comprar Vicodin)<\/p>\n<h3>(Comprar VICODIN) VIS\u00c3O GERAL DA HIDROCODONA<\/h3>\n<p>Como opi\u00e1ceo, a hidrocodona reduz a dor ao ativar os recetores narc\u00f3ticos no c\u00e9rebro e na medula espinal. Pode ser tomada com ou sem alimentos, conforme necess\u00e1rio. Quando tomada com \u00e1lcool, pode aumentar a fadiga. Pode interagir com os inibidores da monoaminoxidase, bem como com outros medicamentos que causam fadiga. Est\u00e1 na categoria B de gravidez da FDA: o seu impacto no desenvolvimento da vida ou no beb\u00e9 n\u00e3o \u00e9 totalmente conhecido e as mulheres gr\u00e1vidas devem consultar os seus m\u00e9dicos antes de a tomar. As rea\u00e7\u00f5es comuns incluem tonturas, vertigens, n\u00e1useas, pregui\u00e7a, obstipa\u00e7\u00e3o, regurgita\u00e7\u00e3o e \u00eaxtase. Alguns sintomas menos comuns s\u00e3o rea\u00e7\u00e3o al\u00e9rgica, hemorragia, altera\u00e7\u00f5es de humor, confus\u00e3o mental, ansiedade, dorm\u00eancia, dificuldade em urinar, obstru\u00e7\u00e3o do ureter, respira\u00e7\u00e3o irregular ou desanimada e erup\u00e7\u00e3o cut\u00e2nea. Comprar Vicodin ES online.<\/p>\n<p>Comprar Vicodin: \u00e9 um fator que influencia o comportamento e pode levar \u00e0 depend\u00eancia f\u00edsica e mental; no entanto, o potencial para mudan\u00e7as de h\u00e1bitos de pessoa para pessoa depende de diferen\u00e7as naturais excecionais. A venda e a produ\u00e7\u00e3o deste medicamento aumentaram significativamente nos \u00faltimos anos, assim como o desvio e o uso ilegal. Nos EUA, a hidrocodona pura e as formula\u00e7\u00f5es contendo mais de 15 mg por unidade de medida s\u00e3o consideradas medicamentos da Tabela II. Aqueles que cont\u00eam menos de 15 mg por unidade de medida ou equivalentes a 15 mg por unidade de medida em associa\u00e7\u00e3o com paracetamol ou outro medicamento n\u00e3o controlado s\u00e3o designados por misturas de hidrocodona e s\u00e3o considerados medicamentos da Tabela III. A hidrocodona \u00e9 comummente encontrada em combina\u00e7\u00e3o com outros medicamentos, como o paracetamol, o ibuprofeno e o metilbrometo de homatropina. A raz\u00e3o para os medicamentos n\u00e3o sujeitos a receita m\u00e9dica numa mistura \u00e9 geralmente dupla: 1) Proporcionar um maior al\u00edvio da dor com a a\u00e7\u00e3o cooperativa do medicamento. 2) Restringir a ingest\u00e3o de hidrocodona, causando sintomas desagrad\u00e1veis \u200b\u200be frequentemente perigosos em doses superiores \u00e0s recomendadas (ver abaixo). No Reino Unido, est\u00e1 registado como um medicamento de Classe A pela Lei de Abuso de Drogas de 1971. A hidrocodona n\u00e3o est\u00e1 dispon\u00edvel na sua forma pura nos Estados Unidos devido a uma diretriz diferente e \u00e9 frequentemente vendida com um AINE, paracetamol ou anti-histam\u00ednico. A solu\u00e7\u00e3o de venda livre Codiclear DH \u00e9 o produto de hidrocodona mais completo dos EUA, contendo guaifenesina e pequenas quantidades de etanol como ingredientes ativos. Na Alemanha e noutros pa\u00edses, a hidrocodona est\u00e1 dispon\u00edvel em comprimidos de um \u00fanico ingrediente ativo, como o Dicodid (em compara\u00e7\u00e3o com os outros produtos do fabricante original, Dilaudid e Dinarkon, entre outros), dispon\u00edvel em doses de 5 e 10 mg.<\/p>\n<p>comprar Vicodin, encomendar hidrocodona, hidrocodona batida, hidrocodona na web, hidrocodona, medicamentos, acess\u00edvel, contendo, impactos, langor, paracetamol, misturar, din\u00e2mico, normal, controlado, depend\u00eancia, individual, considerado, plano, expandido, dose, reunidos, incorporados, analg\u00e9sico, opi\u00e1ceo, narc\u00f3tico, misturas, ibuprofeno, Alemanha, hycodan, descodifica\u00e7\u00e3o, estruturas, estados, rea\u00e7\u00f5es, unidade de medidas, por dose, s\u00e3o considerados, pensados \u200b\u200bsobre cronograma, n\u00e3o controlado, misturar com, lado regular, EUA, o unificado, sob o, tomado com, diferentes medicamentos, com outros<\/p>","protected":false},"excerpt":{"rendered":"<p>Buy Vicodin Online Moderate to severe pain is treated with this combo medicine. It has two types of painkillers: acetaminophen, a non-opioid, and hydrocodone, an opioid. The way your body perceives and reacts to pain is altered by hydrocodone&#8217;s action on the brain. Fever may also be lowered with paracetamol. How do I take Vicodin? [&hellip;]<\/p>","protected":false},"featured_media":3084,"comment_status":"open","ping_status":"closed","template":"","meta":{"site-sidebar-layout":"default","site-content-layout":"","ast-site-content-layout":"default","site-content-style":"default","site-sidebar-style":"default","ast-global-header-display":"","ast-banner-title-visibility":"","ast-main-header-display":"","ast-hfb-above-header-display":"","ast-hfb-below-header-display":"","ast-hfb-mobile-header-display":"","site-post-title":"","ast-breadcrumbs-content":"","ast-featured-img":"","footer-sml-layout":"","theme-transparent-header-meta":"default","adv-header-id-meta":"","stick-header-meta":"","header-above-stick-meta":"","header-main-stick-meta":"","header-below-stick-meta":"","astra-migrate-meta-layouts":"set","ast-page-background-enabled":"default","ast-page-background-meta":{"desktop":{"background-color":"var(--ast-global-color-4)","background-image":"","background-repeat":"repeat","background-position":"center center","background-size":"auto","background-attachment":"scroll","background-type":"","background-media":"","overlay-type":"","overlay-color":"","overlay-opacity":"","overlay-gradient":""},"tablet":{"background-color":"","background-image":"","background-repeat":"repeat","background-position":"center center","background-size":"auto","background-attachment":"scroll","background-type":"","background-media":"","overlay-type":"","overlay-color":"","overlay-opacity":"","overlay-gradient":""},"mobile":{"background-color":"","background-image":"","background-repeat":"repeat","background-position":"center center","background-size":"auto","background-attachment":"scroll","background-type":"","background-media":"","overlay-type":"","overlay-color":"","overlay-opacity":"","overlay-gradient":""}},"ast-content-background-meta":{"desktop":{"background-color":"var(--ast-global-color-5)","background-image":"","background-repeat":"repeat","background-position":"center center","background-size":"auto","background-attachment":"scroll","background-type":"","background-media":"","overlay-type":"","overlay-color":"","overlay-opacity":"","overlay-gradient":""},"tablet":{"background-color":"var(--ast-global-color-5)","background-image":"","background-repeat":"repeat","background-position":"center center","background-size":"auto","background-attachment":"scroll","background-type":"","background-media":"","overlay-type":"","overlay-color":"","overlay-opacity":"","overlay-gradient":""},"mobile":{"background-color":"var(--ast-global-color-5)","background-image":"","background-repeat":"repeat","background-position":"center center","background-size":"auto","background-attachment":"scroll","background-type":"","background-media":"","overlay-type":"","overlay-color":"","overlay-opacity":"","overlay-gradient":""}}},"product_brand":[],"product_cat":[2385],"product_tag":[1266,1267,1265,1260,1263,1262,1261,1264,1259,1258,1269,1268],"class_list":{"0":"post-3054","1":"product","2":"type-product","3":"status-publish","4":"has-post-thumbnail","6":"product_cat-buy-pain-killer-pills-online","7":"product_tag-buy-vicodin-es-in-canada","8":"product_tag-buy-vicodin-es-in-uk","9":"product_tag-buy-vicodin-es-in-usa","10":"product_tag-buy-vicodin-es-with-bitcoin","11":"product_tag-buy-vicodin-es-with-credit-card","12":"product_tag-buy-vicodin-es-with-money-gram","13":"product_tag-buy-vicodin-es-with-western-union","14":"product_tag-buy-vicodin-es-without-a-doctor","15":"product_tag-buy-vicodin-es-without-prescription","16":"product_tag-vicodin-es-for-sale","17":"product_tag-vicodin-es-pills","18":"product_tag-vicodin-es-tablets","19":"desktop-align-center","20":"tablet-align-left","21":"mobile-align-left","23":"first","24":"instock","25":"shipping-taxable","26":"purchasable","27":"product-type-variable","28":"has-default-attributes"},"yoast_head":"<!-- This site is optimized with the Yoast SEO plugin v25.9 - https:\/\/yoast.com\/wordpress\/plugins\/seo\/ -->\n<title>Buy Vicodin-ES Online - Vicodin-ES for Sale - Order Vicodin-ES<\/title>\n<meta name=\"description\" content=\"You can get in touch with our online Buy-Prescriptionz store and buy Vicodin-ES online. You can get Vicodin-ES for sale at cheap prices. Place order right away!\" \/>\n<meta name=\"robots\" content=\"index, follow, max-snippet:-1, max-image-preview:large, max-video-preview:-1\" \/>\n<link rel=\"canonical\" href=\"https:\/\/buy-prescriptionz.com\/pt_pt\/produto\/comprar-vicodin-es-online\/\" \/>\n<meta property=\"og:locale\" content=\"pt_PT\" \/>\n<meta property=\"og:type\" content=\"article\" \/>\n<meta property=\"og:title\" content=\"Buy Vicodin-ES Online - Vicodin-ES for Sale - Order Vicodin-ES\" \/>\n<meta property=\"og:description\" content=\"You can get in touch with our online Buy-Prescriptionz store and buy Vicodin-ES online. You can get Vicodin-ES for sale at cheap prices. Place order right away!\" \/>\n<meta property=\"og:url\" content=\"https:\/\/buy-prescriptionz.com\/pt_pt\/produto\/comprar-vicodin-es-online\/\" \/>\n<meta property=\"og:site_name\" content=\"Buy Prescriptionz\" \/>\n<meta property=\"article:modified_time\" content=\"2025-09-26T17:43:17+00:00\" \/>\n<meta property=\"og:image\" content=\"https:\/\/buy-prescriptionz.com\/wp-content\/uploads\/2025\/09\/vicodin-es.jpg\" \/>\n\t<meta property=\"og:image:width\" content=\"400\" \/>\n\t<meta property=\"og:image:height\" content=\"300\" \/>\n\t<meta property=\"og:image:type\" content=\"image\/jpeg\" \/>\n<meta name=\"twitter:card\" content=\"summary_large_image\" \/>\n<meta name=\"twitter:label1\" content=\"Tempo estimado de leitura\" \/>\n\t<meta name=\"twitter:data1\" content=\"5 minutos\" \/>\n<script type=\"application\/ld+json\" class=\"yoast-schema-graph\">{\"@context\":\"https:\/\/schema.org\",\"@graph\":[{\"@type\":\"WebPage\",\"@id\":\"https:\/\/buy-prescriptionz.com\/product\/buy-vicodin-es-online\/\",\"url\":\"https:\/\/buy-prescriptionz.com\/product\/buy-vicodin-es-online\/\",\"name\":\"Buy Vicodin-ES Online - Vicodin-ES for Sale - Order Vicodin-ES\",\"isPartOf\":{\"@id\":\"https:\/\/buy-prescriptionz.com\/#website\"},\"primaryImageOfPage\":{\"@id\":\"https:\/\/buy-prescriptionz.com\/product\/buy-vicodin-es-online\/#primaryimage\"},\"image\":{\"@id\":\"https:\/\/buy-prescriptionz.com\/product\/buy-vicodin-es-online\/#primaryimage\"},\"thumbnailUrl\":\"https:\/\/buy-prescriptionz.com\/wp-content\/uploads\/2025\/09\/vicodin-es.jpg\",\"datePublished\":\"2025-09-16T08:56:09+00:00\",\"dateModified\":\"2025-09-26T17:43:17+00:00\",\"description\":\"You can get in touch with our online Buy-Prescriptionz store and buy Vicodin-ES online. You can get Vicodin-ES for sale at cheap prices. Place order right away!\",\"breadcrumb\":{\"@id\":\"https:\/\/buy-prescriptionz.com\/product\/buy-vicodin-es-online\/#breadcrumb\"},\"inLanguage\":\"pt-PT\",\"potentialAction\":[{\"@type\":\"ReadAction\",\"target\":[\"https:\/\/buy-prescriptionz.com\/product\/buy-vicodin-es-online\/\"]}]},{\"@type\":\"ImageObject\",\"inLanguage\":\"pt-PT\",\"@id\":\"https:\/\/buy-prescriptionz.com\/product\/buy-vicodin-es-online\/#primaryimage\",\"url\":\"https:\/\/buy-prescriptionz.com\/wp-content\/uploads\/2025\/09\/vicodin-es.jpg\",\"contentUrl\":\"https:\/\/buy-prescriptionz.com\/wp-content\/uploads\/2025\/09\/vicodin-es.jpg\",\"width\":400,\"height\":300},{\"@type\":\"BreadcrumbList\",\"@id\":\"https:\/\/buy-prescriptionz.com\/product\/buy-vicodin-es-online\/#breadcrumb\",\"itemListElement\":[{\"@type\":\"ListItem\",\"position\":1,\"name\":\"Home\",\"item\":\"https:\/\/buy-prescriptionz.com\/\"},{\"@type\":\"ListItem\",\"position\":2,\"name\":\"Shop Painkillers Online\",\"item\":\"https:\/\/buy-prescriptionz.com\/shop-painkillers-online\/\"},{\"@type\":\"ListItem\",\"position\":3,\"name\":\"Buy Vicodin ES Online\"}]},{\"@type\":\"WebSite\",\"@id\":\"https:\/\/buy-prescriptionz.com\/#website\",\"url\":\"https:\/\/buy-prescriptionz.com\/\",\"name\":\"Buy Prescriptionz\",\"description\":\"Drugs Online\",\"publisher\":{\"@id\":\"https:\/\/buy-prescriptionz.com\/#organization\"},\"potentialAction\":[{\"@type\":\"SearchAction\",\"target\":{\"@type\":\"EntryPoint\",\"urlTemplate\":\"https:\/\/buy-prescriptionz.com\/?s={search_term_string}\"},\"query-input\":{\"@type\":\"PropertyValueSpecification\",\"valueRequired\":true,\"valueName\":\"search_term_string\"}}],\"inLanguage\":\"pt-PT\"},{\"@type\":\"Organization\",\"@id\":\"https:\/\/buy-prescriptionz.com\/#organization\",\"name\":\"Buy Prescriptionz\",\"url\":\"https:\/\/buy-prescriptionz.com\/\",\"logo\":{\"@type\":\"ImageObject\",\"inLanguage\":\"pt-PT\",\"@id\":\"https:\/\/buy-prescriptionz.com\/#\/schema\/logo\/image\/\",\"url\":\"https:\/\/buy-prescriptionz.com\/wp-content\/uploads\/2023\/09\/logo.png\",\"contentUrl\":\"https:\/\/buy-prescriptionz.com\/wp-content\/uploads\/2023\/09\/logo.png\",\"width\":350,\"height\":64,\"caption\":\"Buy Prescriptionz\"},\"image\":{\"@id\":\"https:\/\/buy-prescriptionz.com\/#\/schema\/logo\/image\/\"}}]}<\/script>\n<!-- \/ Yoast SEO plugin. -->","yoast_head_json":{"title":"Comprar Vicodin-ES online - Vicodin-ES para venda - Encomendar Vicodin-ES","description":"Entre em contacto com a nossa loja online Buy-Prescriptionz e compre Vicodin-ES online. Pode encontrar Vicodin-ES \u00e0 venda a pre\u00e7os baixos. Fa\u00e7a o seu pedido agora mesmo!","robots":{"index":"index","follow":"follow","max-snippet":"max-snippet:-1","max-image-preview":"max-image-preview:large","max-video-preview":"max-video-preview:-1"},"canonical":"https:\/\/buy-prescriptionz.com\/pt_pt\/produto\/comprar-vicodin-es-online\/","og_locale":"pt_PT","og_type":"article","og_title":"Buy Vicodin-ES Online - Vicodin-ES for Sale - Order Vicodin-ES","og_description":"You can get in touch with our online Buy-Prescriptionz store and buy Vicodin-ES online. You can get Vicodin-ES for sale at cheap prices. Place order right away!","og_url":"https:\/\/buy-prescriptionz.com\/pt_pt\/produto\/comprar-vicodin-es-online\/","og_site_name":"Buy Prescriptionz","article_modified_time":"2025-09-26T17:43:17+00:00","og_image":[{"width":400,"height":300,"url":"https:\/\/buy-prescriptionz.com\/wp-content\/uploads\/2025\/09\/vicodin-es.jpg","type":"image\/jpeg"}],"twitter_card":"summary_large_image","twitter_misc":{"Tempo estimado de leitura":"5 minutos"},"schema":{"@context":"https:\/\/schema.org","@graph":[{"@type":"WebPage","@id":"https:\/\/buy-prescriptionz.com\/product\/buy-vicodin-es-online\/","url":"https:\/\/buy-prescriptionz.com\/product\/buy-vicodin-es-online\/","name":"Comprar Vicodin-ES online - Vicodin-ES para venda - Encomendar Vicodin-ES","isPartOf":{"@id":"https:\/\/buy-prescriptionz.com\/#website"},"primaryImageOfPage":{"@id":"https:\/\/buy-prescriptionz.com\/product\/buy-vicodin-es-online\/#primaryimage"},"image":{"@id":"https:\/\/buy-prescriptionz.com\/product\/buy-vicodin-es-online\/#primaryimage"},"thumbnailUrl":"https:\/\/buy-prescriptionz.com\/wp-content\/uploads\/2025\/09\/vicodin-es.jpg","datePublished":"2025-09-16T08:56:09+00:00","dateModified":"2025-09-26T17:43:17+00:00","description":"Entre em contacto com a nossa loja online Buy-Prescriptionz e compre Vicodin-ES online. Pode encontrar Vicodin-ES \u00e0 venda a pre\u00e7os baixos. Fa\u00e7a o seu pedido agora mesmo!","breadcrumb":{"@id":"https:\/\/buy-prescriptionz.com\/product\/buy-vicodin-es-online\/#breadcrumb"},"inLanguage":"pt-PT","potentialAction":[{"@type":"ReadAction","target":["https:\/\/buy-prescriptionz.com\/product\/buy-vicodin-es-online\/"]}]},{"@type":"ImageObject","inLanguage":"pt-PT","@id":"https:\/\/buy-prescriptionz.com\/product\/buy-vicodin-es-online\/#primaryimage","url":"https:\/\/buy-prescriptionz.com\/wp-content\/uploads\/2025\/09\/vicodin-es.jpg","contentUrl":"https:\/\/buy-prescriptionz.com\/wp-content\/uploads\/2025\/09\/vicodin-es.jpg","width":400,"height":300},{"@type":"BreadcrumbList","@id":"https:\/\/buy-prescriptionz.com\/product\/buy-vicodin-es-online\/#breadcrumb","itemListElement":[{"@type":"ListItem","position":1,"name":"Home","item":"https:\/\/buy-prescriptionz.com\/"},{"@type":"ListItem","position":2,"name":"Shop Painkillers Online","item":"https:\/\/buy-prescriptionz.com\/shop-painkillers-online\/"},{"@type":"ListItem","position":3,"name":"Buy Vicodin ES Online"}]},{"@type":"WebSite","@id":"https:\/\/buy-prescriptionz.com\/#website","url":"https:\/\/buy-prescriptionz.com\/","name":"Buy Prescriptionz","description":"Drogas Online","publisher":{"@id":"https:\/\/buy-prescriptionz.com\/#organization"},"potentialAction":[{"@type":"SearchAction","target":{"@type":"EntryPoint","urlTemplate":"https:\/\/buy-prescriptionz.com\/?s={search_term_string}"},"query-input":{"@type":"PropertyValueSpecification","valueRequired":true,"valueName":"search_term_string"}}],"inLanguage":"pt-PT"},{"@type":"Organization","@id":"https:\/\/buy-prescriptionz.com\/#organization","name":"Buy Prescriptionz","url":"https:\/\/buy-prescriptionz.com\/","logo":{"@type":"ImageObject","inLanguage":"pt-PT","@id":"https:\/\/buy-prescriptionz.com\/#\/schema\/logo\/image\/","url":"https:\/\/buy-prescriptionz.com\/wp-content\/uploads\/2023\/09\/logo.png","contentUrl":"https:\/\/buy-prescriptionz.com\/wp-content\/uploads\/2023\/09\/logo.png","width":350,"height":64,"caption":"Buy Prescriptionz"},"image":{"@id":"https:\/\/buy-prescriptionz.com\/#\/schema\/logo\/image\/"}}]}},"_links":{"self":[{"href":"https:\/\/buy-prescriptionz.com\/pt_pt\/wp-json\/wp\/v2\/product\/3054","targetHints":{"allow":["GET"]}}],"collection":[{"href":"https:\/\/buy-prescriptionz.com\/pt_pt\/wp-json\/wp\/v2\/product"}],"about":[{"href":"https:\/\/buy-prescriptionz.com\/pt_pt\/wp-json\/wp\/v2\/types\/product"}],"replies":[{"embeddable":true,"href":"https:\/\/buy-prescriptionz.com\/pt_pt\/wp-json\/wp\/v2\/comments?post=3054"}],"wp:featuredmedia":[{"embeddable":true,"href":"https:\/\/buy-prescriptionz.com\/pt_pt\/wp-json\/wp\/v2\/media\/3084"}],"wp:attachment":[{"href":"https:\/\/buy-prescriptionz.com\/pt_pt\/wp-json\/wp\/v2\/media?parent=3054"}],"wp:term":[{"taxonomy":"product_brand","embeddable":true,"href":"https:\/\/buy-prescriptionz.com\/pt_pt\/wp-json\/wp\/v2\/product_brand?post=3054"},{"taxonomy":"product_cat","embeddable":true,"href":"https:\/\/buy-prescriptionz.com\/pt_pt\/wp-json\/wp\/v2\/product_cat?post=3054"},{"taxonomy":"product_tag","embeddable":true,"href":"https:\/\/buy-prescriptionz.com\/pt_pt\/wp-json\/wp\/v2\/product_tag?post=3054"}],"curies":[{"name":"wp","href":"https:\/\/api.w.org\/{rel}","templated":true}]}}