{"id":3055,"date":"2025-09-16T08:56:09","date_gmt":"2025-09-16T08:56:09","guid":{"rendered":"https:\/\/chemsfine.com\/newsite\/?post_type=product&#038;p=3055"},"modified":"2025-09-27T09:36:07","modified_gmt":"2025-09-27T09:36:07","slug":"soma-generico","status":"publish","type":"product","link":"https:\/\/buy-prescriptionz.com\/pt_pt\/produto\/soma-generico\/","title":{"rendered":"Soma Gen\u00e9rico"},"content":{"rendered":"<h2>Comprar Soma Gen\u00e9rico Online<\/h2>\n<p>Comprar Soma online. O Soma \u00e9 um medicamento analg\u00e9sico utilizado no tratamento cont\u00ednuo de dores ou les\u00f5es no m\u00fasculo esquel\u00e9tico. Os doentes necessitam de utilizar este medicamento como relaxante muscular, juntamente com repouso completo e fisioterapia, para o tratamento de condi\u00e7\u00f5es de dor nos m\u00fasculos. Este medicamento atua inibindo as sensa\u00e7\u00f5es de dor no c\u00e9rebro e nos nervos. O abuso deste medicamento pode levar a problemas de depend\u00eancia e sobredosagem; portanto, \u00e9 necess\u00e1rio que as pessoas o informem antes de comprarem Soma online para utiliza\u00e7\u00e3o. O Soma \u00e9 um relaxante muscular que impede o c\u00e9rebro de receber sinais de dor dos nervos. O Soma \u00e9 utilizado para tratar dist\u00farbios do m\u00fasculo esquel\u00e9tico, incluindo dor ou les\u00e3o, em conjunto com repouso e fisioterapia. Como a maioria das les\u00f5es do m\u00fasculo esquel\u00e9tico s\u00e3o de curta dura\u00e7\u00e3o, o Soma deve ser administrado apenas durante curtos per\u00edodos de tempo \u2014 at\u00e9 duas ou tr\u00eas semanas \u2014 uma vez que existem poucas evid\u00eancias da sua efic\u00e1cia quando utilizado durante um longo per\u00edodo.<\/p>\n<h3>Detalhes da dosagem<\/h3>\n<p>250\u2013350 mg tomados tr\u00eas vezes ao dia, incluindo antes de deitar. A terapia pode durar at\u00e9 duas ou tr\u00eas semanas.<\/p>\n<p>Notas: - Este medicamento deve ser tomado apenas por per\u00edodos curtos (at\u00e9 2 ou 3 semanas), uma vez que as evid\u00eancias para o uso prolongado s\u00e3o insuficientes e as perturba\u00e7\u00f5es musculoesquel\u00e9ticas agudas e dolorosas geralmente resolvem-se rapidamente.<\/p>\n<p>Utiliza\u00e7\u00e3o: Para aliviar a dor e o sofrimento causados \u200b\u200bpor dist\u00farbios musculoesquel\u00e9ticos graves e excruciantes<br \/>\n<strong><br \/>\nEfeitos secund\u00e1rios do soma<\/strong><\/p>\n<p>Se apresentar algum dos seguintes sintomas de alergia ao Soma: urtic\u00e1ria; dificuldade em respirar; incha\u00e7o no rosto, l\u00e1bios, l\u00edngua ou garganta, procure imediatamente assist\u00eancia m\u00e9dica. Se apresentar algum dos seguintes sintomas, pare de tomar este medicamento e contacte imediatamente o seu m\u00e9dico:<\/p>\n<p>convuls\u00f5es durante uma crise epil\u00e9ptica; ou n\u00edveis elevados de serotonina no organismo podem causar agita\u00e7\u00e3o, del\u00edrios, febre, suores, tremores, espasmos, rigidez nos m\u00fasculos, falta de coordena\u00e7\u00e3o, n\u00e1useas, v\u00f3mitos e diarreia.<\/p>\n<p>tonturas; ou dor de cabe\u00e7a. Soma Gen\u00e9rico \u00e9 uma solu\u00e7\u00e3o fi\u00e1vel para o al\u00edvio das dores musculares. Para uma forma conveniente e fi\u00e1vel de comprar Soma Gen\u00e9rico, visite hoje mesmo a melhor farm\u00e1cia, Buy-prescriptionz.com.<\/p>\n<h3>Subtilezas da Prescri\u00e7\u00e3o:<\/h3>\n<p>Indiv\u00edduos que j\u00e1 apresentam condi\u00e7\u00f5es como porfiria, doen\u00e7as hep\u00e1ticas e renais, problemas respirat\u00f3rios como asma, DPOC, epilepsia, convuls\u00f5es, abertura ou rutura no est\u00f4mago, obstru\u00e7\u00e3o dos \u00f3rg\u00e3os digestivos, hipersensibilidade ao ibuprofeno, etc. Este medicamento nunca deve ser utilizado por gr\u00e1vidas e lactantes, bem como por crian\u00e7as com menos de 16 anos, uma vez que pode causar depend\u00eancia grave ou sintomas de abstin\u00eancia nas crian\u00e7as durante os anos de desenvolvimento. Este medicamento pode causar uma s\u00e9rie de efeitos secund\u00e1rios desagrad\u00e1veis \u200b\u200bcom o consumo de \u00e1lcool, causando sonol\u00eancia prolongada e ataques card\u00edacos fatais devido a intera\u00e7\u00f5es medicamentosas inadequadas. Este medicamento pode causar sonol\u00eancia ligeira por si s\u00f3, e \u00e9 por isso que as pessoas que o utilizam s\u00e3o aconselhadas a n\u00e3o realizar atividades que exijam concentra\u00e7\u00e3o, como conduzir um ve\u00edculo ou utilizar m\u00e1quinas.<\/p>\n<h3>Impactos e Precau\u00e7\u00f5es:<\/h3>\n<p>Quando as pessoas compram Soma online e come\u00e7am a utiliz\u00e1-lo, podem sentir alguns dos sintomas comuns sentidos pela maioria dos utilizadores, como tonturas, dor de cabe\u00e7a, pregui\u00e7a, n\u00e1useas, v\u00f3mitos, dor abdominal, perda de apetite, rubor ou vermelhid\u00e3o da pele e dificuldade em dormir. Os efeitos secund\u00e1rios comuns da utiliza\u00e7\u00e3o deste medicamento incluem rea\u00e7\u00f5es de hipersensibilidade com manifesta\u00e7\u00f5es de urtic\u00e1ria, dificuldade respirat\u00f3ria e incha\u00e7o da face, l\u00e1bios, garganta ou l\u00edngua; dist\u00farbios da serotonina causados \u200b\u200bpelo uso de outros opi\u00e1ceos, narc\u00f3ticos ou sedativos em conjunto com este medicamento, o que provoca uma combina\u00e7\u00e3o variada de medicamentos, provocando efeitos secund\u00e1rios como inquieta\u00e7\u00e3o, devaneios, confus\u00e3o, perda de coordena\u00e7\u00e3o, febre, suores, arrepios e palpita\u00e7\u00f5es. Deve interromper o uso e consultar um m\u00e9dico se ocorrer algum dos sintomas comuns acima referidos. Este medicamento deve ser colocado num local privado, acess\u00edvel apenas ao indiv\u00edduo que o utiliza e longe do alcance de crian\u00e7as, animais de estima\u00e7\u00e3o e pessoas com problemas cr\u00f3nicos de consumo de drogas ou depend\u00eancia de \u00e1lcool.<\/p>\n<h3>Informa\u00e7\u00f5es de dosagem:<\/h3>\n<p>Comprar Soma online. O Soma \u00e9 um medicamento analg\u00e9sico utilizado no tratamento cont\u00ednuo de dores ou les\u00f5es no m\u00fasculo esquel\u00e9tico. Os doentes necessitam de utilizar este medicamento como relaxante muscular, juntamente com repouso completo e fisioterapia, para o tratamento de condi\u00e7\u00f5es de dor nos m\u00fasculos. Este medicamento atua inibindo as sensa\u00e7\u00f5es de dor no c\u00e9rebro e nos nervos. O abuso deste medicamento pode levar a problemas de depend\u00eancia e sobredosagem; portanto, \u00e9 necess\u00e1rio que as pessoas o informem antes de comprarem Soma online para utiliza\u00e7\u00e3o. O Soma \u00e9 um relaxante muscular que impede o c\u00e9rebro de receber sinais de dor dos nervos. O Soma \u00e9 utilizado para tratar dist\u00farbios do m\u00fasculo esquel\u00e9tico, incluindo dor ou les\u00e3o, em conjunto com repouso e fisioterapia. Como a maioria das les\u00f5es do m\u00fasculo esquel\u00e9tico s\u00e3o de curta dura\u00e7\u00e3o, o Soma deve ser administrado apenas durante curtos per\u00edodos de tempo \u2014 at\u00e9 duas ou tr\u00eas semanas \u2014 uma vez que existem poucas evid\u00eancias da sua efic\u00e1cia quando utilizado durante um longo per\u00edodo.<\/p>\n<h3>Sinais de soma<\/h3>\n<p>J\u00e1 abord\u00e1mos anteriormente o Soma, nome pelo qual o medicamento Carisoprodol \u00e9 amplamente conhecido, e \u00e9, na sua maioria, recomendado como relaxante muscular. Seja como for, o que mais pode surpreend\u00ea-lo sobre o medicamento \u00e9 que \u00e9 classificado como uma subst\u00e2ncia controlada da Tabela IV, de acordo com a Lei de Subst\u00e2ncias Controladas de 1970. Isto significa que o medicamento \u00e9 menos propenso ao uso indevido e abuso, desde que encomende Soma online e tenha a prova de que o medicamento \u00e9 tomado para aliviar a dor de condi\u00e7\u00f5es musculoesquel\u00e9ticas, juntamente com uma boa dose de descanso e exerc\u00edcio f\u00edsico. Seja como for, o medicamento \u00e9 recomendado para o tratamento tempor\u00e1rio da dor causada por condi\u00e7\u00f5es m\u00fasculo-esquel\u00e9ticas e deve ser tomado para um tratamento a longo prazo.<\/p>\n<h3>Associa\u00e7\u00f5es de soma<\/h3>\n<p>Caso esteja a imaginar que se encomendar Soma na internet e come\u00e7ar a tom\u00e1-lo com qualquer medicamento que necessite, conjetura que est\u00e1 enganado, pois a colabora\u00e7\u00e3o do medicamento com algum outro medicamento aumenta o risco do desenvolvimento de sintomas genu\u00ednos.<\/p>\n<p><strong>Algumas das intera\u00e7\u00f5es medicamentosas que podem ser prejudiciais para o indiv\u00edduo que toma o medicamento s\u00e3o:<\/strong><\/p>\n<p>Licor<\/p>\n<p>Difenidramina<\/p>\n<p>Alprazolam<\/p>\n<p>Codeine<\/p>\n<p>Medicamento que trata a hipersensibilidade ou constipa\u00e7\u00e3o e tosse<\/p>\n<p>Para simplificar, antes de comprar o medicamento ou mesmo antes de come\u00e7ar a tom\u00e1-lo, certifique-se de que consulta um especialista de sa\u00fade sobre as comunica\u00e7\u00f5es que foram gravadas para que possa saber se o medicamento ser\u00e1 \u00fatil quando tomado com as prescri\u00e7\u00f5es mencionadas anteriormente.<\/p>\n<h3>Impactos desfavor\u00e1veis<\/h3>\n<p>Geralmente, ao comprar um medicamento, \u00e9 informado antecipadamente sobre a finalidade do medicamento e como pode ser prejudicial se tomado para al\u00e9m do limite permitido. No entanto, algumas pessoas fazem-no, basicamente para sentir os efeitos do medicamento repetidamente. Assim, ficam dependentes do medicamento e come\u00e7am a sentir que n\u00e3o conseguem viver sem ele durante muito tempo. O mesmo acontece quando as pessoas compram Soma Gen\u00e9rico online para tratar problemas m\u00fasculo-esquel\u00e9ticos e come\u00e7am a tomar o medicamento para sempre. Desta forma, n\u00e3o s\u00f3 aumentam o risco de efeitos adversos, como tamb\u00e9m se tornam profundamente vulner\u00e1veis \u200b\u200baos efeitos do medicamento. Alguns dos efeitos adversos que podem prejudicar a pessoa que toma o medicamento s\u00e3o:<\/p>\n<p>Sonol\u00eancia<\/p>\n<p>aturdimiento,<\/p>\n<p>Vis\u00e3o turva<\/p>\n<p>.dor cerebral<\/p>\n<p>Perda de equil\u00edbrio ou coordena\u00e7\u00e3o<\/p>\n<p>Seizures<\/p>\n<h3>Como o Soma influencia a sua estrutura<\/h3>\n<p>As pessoas encomendam o Soma online porque geralmente atua como um relaxante muscular e tamb\u00e9m ajuda a controlar a dor. Al\u00e9m disso, o medicamento est\u00e1 dispon\u00edvel em comprimidos e tamb\u00e9m em combina\u00e7\u00f5es que incluem ibuprofeno ou code\u00edna e analg\u00e9sicos. Recomenda-se tom\u00e1-lo v\u00e1rias vezes ao dia. O medicamento atua influenciando a comunica\u00e7\u00e3o entre os nervos no sistema nervoso central (SNC) e promove o relaxamento muscular, aliviando a dor. O medicamento \u00e9 geralmente excretado pela urina e pode ser administrado durante alguns dias ap\u00f3s a ingest\u00e3o. Comprar Soma online.<\/p>\n<h3>Salvaguardas com Soma<\/h3>\n<p>Antes de encomendar Soma online nos EUA, deve saber quase tudo o que pode sobre o medicamento. Para evitar sintomas e complica\u00e7\u00f5es, fale com o seu profissional de sa\u00fade sobre a variedade de medicamentos que est\u00e1 a tomar ou que pretende tomar. A sua absor\u00e7\u00e3o de Soma pode ser afetada se j\u00e1 teve doen\u00e7a hep\u00e1tica ou renal. Se est\u00e1 gr\u00e1vida, a amamentar o seu filho ou deseja ser m\u00e3e, compre Soma online e fale com o seu profissional de sa\u00fade sobre os efeitos de tomar o medicamento nas condi\u00e7\u00f5es acima mencionadas. O medicamento pode causar fadiga, pelo que \u00e9 essencial evitar riscos ao conduzir ou utilizar m\u00e1quinas. As rea\u00e7\u00f5es ao medicamento incluem dor de cabe\u00e7a, taquicardia, apatia, confus\u00e3o, dificuldade em pensar, dor de est\u00f4mago, erup\u00e7\u00e3o cut\u00e2nea e movimentos lentos.<\/p>\n<p><strong>Mantenha dist\u00e2ncia estrat\u00e9gica dos sintomas extremos com Soma<\/strong><\/p>\n<p>Ao comprar Soma online, deve tom\u00e1-lo exatamente como indicado. Para evitar o aparecimento de sintomas, n\u00e3o tome mais do que o recomendado ou com mais frequ\u00eancia do que a indicada na solu\u00e7\u00e3o que lhe foi fornecida. Alguns dos sintomas graves do medicamento incluem:<\/p>\n<p>Se comprar Soma Gen\u00e9rico online e interromper repentinamente o uso de Soma ap\u00f3s tom\u00e1-lo durante um longo per\u00edodo, poder\u00e1 sentir ligeiros efeitos secund\u00e1rios de abstin\u00eancia, que podem persistir por mais 12 a 48 horas. No entanto, se estiver a tomar um produto combinado que contenha code\u00edna, o medicamento ser\u00e1 diferenciado. Certifique-se de que informa o laborat\u00f3rio onde est\u00e1 a ser testado sobre os medicamentos que est\u00e1 a tomar, para verificar a presen\u00e7a do medicamento no seu organismo, para que possam decifrar os resultados do teste com maior probabilidade. Comprar Soma online<\/p>","protected":false},"excerpt":{"rendered":"<p>Buy Soma Generic Online Buy Soma online, Soma is a painkiller medication utilized in the nonstop treatment of agony or damage in skeletal muscle. Patients need to utilize this medication as a muscle relaxant alongside complete rest and physiotherapy for treatment of torment conditions in the muscles. This medication works by hindering the torment sensations [&hellip;]<\/p>","protected":false},"featured_media":3085,"comment_status":"open","ping_status":"closed","template":"","meta":{"site-sidebar-layout":"default","site-content-layout":"","ast-site-content-layout":"default","site-content-style":"default","site-sidebar-style":"default","ast-global-header-display":"","ast-banner-title-visibility":"","ast-main-header-display":"","ast-hfb-above-header-display":"","ast-hfb-below-header-display":"","ast-hfb-mobile-header-display":"","site-post-title":"","ast-breadcrumbs-content":"","ast-featured-img":"","footer-sml-layout":"","theme-transparent-header-meta":"default","adv-header-id-meta":"","stick-header-meta":"","header-above-stick-meta":"","header-main-stick-meta":"","header-below-stick-meta":"","astra-migrate-meta-layouts":"set","ast-page-background-enabled":"default","ast-page-background-meta":{"desktop":{"background-color":"var(--ast-global-color-4)","background-image":"","background-repeat":"repeat","background-position":"center center","background-size":"auto","background-attachment":"scroll","background-type":"","background-media":"","overlay-type":"","overlay-color":"","overlay-opacity":"","overlay-gradient":""},"tablet":{"background-color":"","background-image":"","background-repeat":"repeat","background-position":"center center","background-size":"auto","background-attachment":"scroll","background-type":"","background-media":"","overlay-type":"","overlay-color":"","overlay-opacity":"","overlay-gradient":""},"mobile":{"background-color":"","background-image":"","background-repeat":"repeat","background-position":"center center","background-size":"auto","background-attachment":"scroll","background-type":"","background-media":"","overlay-type":"","overlay-color":"","overlay-opacity":"","overlay-gradient":""}},"ast-content-background-meta":{"desktop":{"background-color":"var(--ast-global-color-5)","background-image":"","background-repeat":"repeat","background-position":"center center","background-size":"auto","background-attachment":"scroll","background-type":"","background-media":"","overlay-type":"","overlay-color":"","overlay-opacity":"","overlay-gradient":""},"tablet":{"background-color":"var(--ast-global-color-5)","background-image":"","background-repeat":"repeat","background-position":"center center","background-size":"auto","background-attachment":"scroll","background-type":"","background-media":"","overlay-type":"","overlay-color":"","overlay-opacity":"","overlay-gradient":""},"mobile":{"background-color":"var(--ast-global-color-5)","background-image":"","background-repeat":"repeat","background-position":"center center","background-size":"auto","background-attachment":"scroll","background-type":"","background-media":"","overlay-type":"","overlay-color":"","overlay-opacity":"","overlay-gradient":""}}},"product_brand":[],"product_cat":[2385],"product_tag":[1254,1255,1253,1248,1251,1250,1249,1252,1247,1246,1257,1256],"class_list":{"0":"post-3055","1":"product","2":"type-product","3":"status-publish","4":"has-post-thumbnail","6":"product_cat-buy-pain-killer-pills-online","7":"product_tag-buy-soma-generic-in-canada","8":"product_tag-buy-soma-generic-in-uk","9":"product_tag-buy-soma-generic-in-usa","10":"product_tag-buy-soma-generic-with-bitcoin","11":"product_tag-buy-soma-generic-with-credit-card","12":"product_tag-buy-soma-generic-with-money-gram","13":"product_tag-buy-soma-generic-with-western-union","14":"product_tag-buy-soma-generic-without-a-doctor","15":"product_tag-buy-soma-generic-without-prescription","16":"product_tag-soma-generic-for-sale","17":"product_tag-soma-generic-pills","18":"product_tag-soma-generic-tablets","19":"desktop-align-center","20":"tablet-align-left","21":"mobile-align-left","23":"first","24":"instock","25":"shipping-taxable","26":"purchasable","27":"product-type-variable","28":"has-default-attributes"},"yoast_head":"<!-- This site is optimized with the Yoast SEO plugin v25.9 - https:\/\/yoast.com\/wordpress\/plugins\/seo\/ -->\n<title>Buy Soma online - Cheapest generic soma 350mg - Carisoprodol Online<\/title>\n<meta name=\"description\" content=\"Buy Soma online,- Buy Soma, Online P h a r m a c y Information on Soma. Click here to buy Soma online! Buy Soma online Buy Cheap Soma\" \/>\n<meta name=\"robots\" content=\"index, follow, max-snippet:-1, max-image-preview:large, max-video-preview:-1\" \/>\n<link rel=\"canonical\" href=\"https:\/\/buy-prescriptionz.com\/pt_pt\/produto\/soma-generico\/\" \/>\n<meta property=\"og:locale\" content=\"pt_PT\" \/>\n<meta property=\"og:type\" content=\"article\" \/>\n<meta property=\"og:title\" content=\"Buy Soma online - Cheapest generic soma 350mg - Carisoprodol Online\" \/>\n<meta property=\"og:description\" content=\"Buy Soma online,- Buy Soma, Online P h a r m a c y Information on Soma. Click here to buy Soma online! Buy Soma online Buy Cheap Soma\" \/>\n<meta property=\"og:url\" content=\"https:\/\/buy-prescriptionz.com\/pt_pt\/produto\/soma-generico\/\" \/>\n<meta property=\"og:site_name\" content=\"Buy Prescriptionz\" \/>\n<meta property=\"article:modified_time\" content=\"2025-09-27T09:36:07+00:00\" \/>\n<meta property=\"og:image\" content=\"https:\/\/buy-prescriptionz.com\/wp-content\/uploads\/2025\/09\/soma-generic.jpg\" \/>\n\t<meta property=\"og:image:width\" content=\"400\" \/>\n\t<meta property=\"og:image:height\" content=\"300\" \/>\n\t<meta property=\"og:image:type\" content=\"image\/jpeg\" \/>\n<meta name=\"twitter:card\" content=\"summary_large_image\" \/>\n<meta name=\"twitter:label1\" content=\"Tempo estimado de leitura\" \/>\n\t<meta name=\"twitter:data1\" content=\"8 minutos\" \/>\n<script type=\"application\/ld+json\" class=\"yoast-schema-graph\">{\"@context\":\"https:\/\/schema.org\",\"@graph\":[{\"@type\":\"WebPage\",\"@id\":\"https:\/\/buy-prescriptionz.com\/product\/soma-generic\/\",\"url\":\"https:\/\/buy-prescriptionz.com\/product\/soma-generic\/\",\"name\":\"Buy Soma online - Cheapest generic soma 350mg - Carisoprodol Online\",\"isPartOf\":{\"@id\":\"https:\/\/buy-prescriptionz.com\/#website\"},\"primaryImageOfPage\":{\"@id\":\"https:\/\/buy-prescriptionz.com\/product\/soma-generic\/#primaryimage\"},\"image\":{\"@id\":\"https:\/\/buy-prescriptionz.com\/product\/soma-generic\/#primaryimage\"},\"thumbnailUrl\":\"https:\/\/buy-prescriptionz.com\/wp-content\/uploads\/2025\/09\/soma-generic.jpg\",\"datePublished\":\"2025-09-16T08:56:09+00:00\",\"dateModified\":\"2025-09-27T09:36:07+00:00\",\"description\":\"Buy Soma online,- Buy Soma, Online P h a r m a c y Information on Soma. Click here to buy Soma online! Buy Soma online Buy Cheap Soma\",\"breadcrumb\":{\"@id\":\"https:\/\/buy-prescriptionz.com\/product\/soma-generic\/#breadcrumb\"},\"inLanguage\":\"pt-PT\",\"potentialAction\":[{\"@type\":\"ReadAction\",\"target\":[\"https:\/\/buy-prescriptionz.com\/product\/soma-generic\/\"]}]},{\"@type\":\"ImageObject\",\"inLanguage\":\"pt-PT\",\"@id\":\"https:\/\/buy-prescriptionz.com\/product\/soma-generic\/#primaryimage\",\"url\":\"https:\/\/buy-prescriptionz.com\/wp-content\/uploads\/2025\/09\/soma-generic.jpg\",\"contentUrl\":\"https:\/\/buy-prescriptionz.com\/wp-content\/uploads\/2025\/09\/soma-generic.jpg\",\"width\":400,\"height\":300},{\"@type\":\"BreadcrumbList\",\"@id\":\"https:\/\/buy-prescriptionz.com\/product\/soma-generic\/#breadcrumb\",\"itemListElement\":[{\"@type\":\"ListItem\",\"position\":1,\"name\":\"Home\",\"item\":\"https:\/\/buy-prescriptionz.com\/\"},{\"@type\":\"ListItem\",\"position\":2,\"name\":\"Shop Painkillers Online\",\"item\":\"https:\/\/buy-prescriptionz.com\/shop-painkillers-online\/\"},{\"@type\":\"ListItem\",\"position\":3,\"name\":\"Soma Generic\"}]},{\"@type\":\"WebSite\",\"@id\":\"https:\/\/buy-prescriptionz.com\/#website\",\"url\":\"https:\/\/buy-prescriptionz.com\/\",\"name\":\"Buy Prescriptionz\",\"description\":\"Drugs Online\",\"publisher\":{\"@id\":\"https:\/\/buy-prescriptionz.com\/#organization\"},\"potentialAction\":[{\"@type\":\"SearchAction\",\"target\":{\"@type\":\"EntryPoint\",\"urlTemplate\":\"https:\/\/buy-prescriptionz.com\/?s={search_term_string}\"},\"query-input\":{\"@type\":\"PropertyValueSpecification\",\"valueRequired\":true,\"valueName\":\"search_term_string\"}}],\"inLanguage\":\"pt-PT\"},{\"@type\":\"Organization\",\"@id\":\"https:\/\/buy-prescriptionz.com\/#organization\",\"name\":\"Buy Prescriptionz\",\"url\":\"https:\/\/buy-prescriptionz.com\/\",\"logo\":{\"@type\":\"ImageObject\",\"inLanguage\":\"pt-PT\",\"@id\":\"https:\/\/buy-prescriptionz.com\/#\/schema\/logo\/image\/\",\"url\":\"https:\/\/buy-prescriptionz.com\/wp-content\/uploads\/2023\/09\/logo.png\",\"contentUrl\":\"https:\/\/buy-prescriptionz.com\/wp-content\/uploads\/2023\/09\/logo.png\",\"width\":350,\"height\":64,\"caption\":\"Buy Prescriptionz\"},\"image\":{\"@id\":\"https:\/\/buy-prescriptionz.com\/#\/schema\/logo\/image\/\"}}]}<\/script>\n<!-- \/ Yoast SEO plugin. -->","yoast_head_json":{"title":"Comprar Soma online - Soma gen\u00e9rico 350mg mais barato - Carisoprodol online","description":"Comprar Soma online, - Comprar Soma, Informa\u00e7\u00e3o sobre Soma em farm\u00e1cias online. Clique aqui para comprar Soma online! Comprar Soma online. Compre Soma barato.","robots":{"index":"index","follow":"follow","max-snippet":"max-snippet:-1","max-image-preview":"max-image-preview:large","max-video-preview":"max-video-preview:-1"},"canonical":"https:\/\/buy-prescriptionz.com\/pt_pt\/produto\/soma-generico\/","og_locale":"pt_PT","og_type":"article","og_title":"Buy Soma online - Cheapest generic soma 350mg - Carisoprodol Online","og_description":"Buy Soma online,- Buy Soma, Online P h a r m a c y Information on Soma. Click here to buy Soma online! Buy Soma online Buy Cheap Soma","og_url":"https:\/\/buy-prescriptionz.com\/pt_pt\/produto\/soma-generico\/","og_site_name":"Buy Prescriptionz","article_modified_time":"2025-09-27T09:36:07+00:00","og_image":[{"width":400,"height":300,"url":"https:\/\/buy-prescriptionz.com\/wp-content\/uploads\/2025\/09\/soma-generic.jpg","type":"image\/jpeg"}],"twitter_card":"summary_large_image","twitter_misc":{"Tempo estimado de leitura":"8 minutos"},"schema":{"@context":"https:\/\/schema.org","@graph":[{"@type":"WebPage","@id":"https:\/\/buy-prescriptionz.com\/product\/soma-generic\/","url":"https:\/\/buy-prescriptionz.com\/product\/soma-generic\/","name":"Comprar Soma online - Soma gen\u00e9rico 350mg mais barato - Carisoprodol online","isPartOf":{"@id":"https:\/\/buy-prescriptionz.com\/#website"},"primaryImageOfPage":{"@id":"https:\/\/buy-prescriptionz.com\/product\/soma-generic\/#primaryimage"},"image":{"@id":"https:\/\/buy-prescriptionz.com\/product\/soma-generic\/#primaryimage"},"thumbnailUrl":"https:\/\/buy-prescriptionz.com\/wp-content\/uploads\/2025\/09\/soma-generic.jpg","datePublished":"2025-09-16T08:56:09+00:00","dateModified":"2025-09-27T09:36:07+00:00","description":"Comprar Soma online, - Comprar Soma, Informa\u00e7\u00e3o sobre Soma em farm\u00e1cias online. Clique aqui para comprar Soma online! Comprar Soma online. Compre Soma barato.","breadcrumb":{"@id":"https:\/\/buy-prescriptionz.com\/product\/soma-generic\/#breadcrumb"},"inLanguage":"pt-PT","potentialAction":[{"@type":"ReadAction","target":["https:\/\/buy-prescriptionz.com\/product\/soma-generic\/"]}]},{"@type":"ImageObject","inLanguage":"pt-PT","@id":"https:\/\/buy-prescriptionz.com\/product\/soma-generic\/#primaryimage","url":"https:\/\/buy-prescriptionz.com\/wp-content\/uploads\/2025\/09\/soma-generic.jpg","contentUrl":"https:\/\/buy-prescriptionz.com\/wp-content\/uploads\/2025\/09\/soma-generic.jpg","width":400,"height":300},{"@type":"BreadcrumbList","@id":"https:\/\/buy-prescriptionz.com\/product\/soma-generic\/#breadcrumb","itemListElement":[{"@type":"ListItem","position":1,"name":"Home","item":"https:\/\/buy-prescriptionz.com\/"},{"@type":"ListItem","position":2,"name":"Shop Painkillers Online","item":"https:\/\/buy-prescriptionz.com\/shop-painkillers-online\/"},{"@type":"ListItem","position":3,"name":"Soma Generic"}]},{"@type":"WebSite","@id":"https:\/\/buy-prescriptionz.com\/#website","url":"https:\/\/buy-prescriptionz.com\/","name":"Buy Prescriptionz","description":"Drogas Online","publisher":{"@id":"https:\/\/buy-prescriptionz.com\/#organization"},"potentialAction":[{"@type":"SearchAction","target":{"@type":"EntryPoint","urlTemplate":"https:\/\/buy-prescriptionz.com\/?s={search_term_string}"},"query-input":{"@type":"PropertyValueSpecification","valueRequired":true,"valueName":"search_term_string"}}],"inLanguage":"pt-PT"},{"@type":"Organization","@id":"https:\/\/buy-prescriptionz.com\/#organization","name":"Buy Prescriptionz","url":"https:\/\/buy-prescriptionz.com\/","logo":{"@type":"ImageObject","inLanguage":"pt-PT","@id":"https:\/\/buy-prescriptionz.com\/#\/schema\/logo\/image\/","url":"https:\/\/buy-prescriptionz.com\/wp-content\/uploads\/2023\/09\/logo.png","contentUrl":"https:\/\/buy-prescriptionz.com\/wp-content\/uploads\/2023\/09\/logo.png","width":350,"height":64,"caption":"Buy Prescriptionz"},"image":{"@id":"https:\/\/buy-prescriptionz.com\/#\/schema\/logo\/image\/"}}]}},"_links":{"self":[{"href":"https:\/\/buy-prescriptionz.com\/pt_pt\/wp-json\/wp\/v2\/product\/3055","targetHints":{"allow":["GET"]}}],"collection":[{"href":"https:\/\/buy-prescriptionz.com\/pt_pt\/wp-json\/wp\/v2\/product"}],"about":[{"href":"https:\/\/buy-prescriptionz.com\/pt_pt\/wp-json\/wp\/v2\/types\/product"}],"replies":[{"embeddable":true,"href":"https:\/\/buy-prescriptionz.com\/pt_pt\/wp-json\/wp\/v2\/comments?post=3055"}],"wp:featuredmedia":[{"embeddable":true,"href":"https:\/\/buy-prescriptionz.com\/pt_pt\/wp-json\/wp\/v2\/media\/3085"}],"wp:attachment":[{"href":"https:\/\/buy-prescriptionz.com\/pt_pt\/wp-json\/wp\/v2\/media?parent=3055"}],"wp:term":[{"taxonomy":"product_brand","embeddable":true,"href":"https:\/\/buy-prescriptionz.com\/pt_pt\/wp-json\/wp\/v2\/product_brand?post=3055"},{"taxonomy":"product_cat","embeddable":true,"href":"https:\/\/buy-prescriptionz.com\/pt_pt\/wp-json\/wp\/v2\/product_cat?post=3055"},{"taxonomy":"product_tag","embeddable":true,"href":"https:\/\/buy-prescriptionz.com\/pt_pt\/wp-json\/wp\/v2\/product_tag?post=3055"}],"curies":[{"name":"wp","href":"https:\/\/api.w.org\/{rel}","templated":true}]}}