{"id":3057,"date":"2025-09-16T08:56:10","date_gmt":"2025-09-16T08:56:10","guid":{"rendered":"https:\/\/chemsfine.com\/newsite\/?post_type=product&#038;p=3057"},"modified":"2025-09-30T05:34:03","modified_gmt":"2025-09-30T05:34:03","slug":"comprar-roxicodona-online","status":"publish","type":"product","link":"https:\/\/buy-prescriptionz.com\/pt_pt\/produto\/comprar-roxicodona-online\/","title":{"rendered":"Comprar Roxicodone Online"},"content":{"rendered":"<h2>Comprar Roxicodone Online<\/h2>\n<p>Comprar Roxicodone Online Comprar Roxicodone Online.Roxicodone \u00e9 uma receita usada para direcionar a tormento extremo. \u00c9 uma marca de oxicodona de descarga planeada que funciona por at\u00e9 12 horas. Roxicodona cont\u00e9m a oxicodona de fixa\u00e7\u00e3o din\u00e2mica, que tem um lugar com um conjunto de medicamentos chamados analg\u00e9sicos s\u00f3lidos ou \"analg\u00e9sicos analg\u00e9sicos\". Por conseguinte, \u00e9 um ...<\/p>\n<h3>Vis\u00e3o geral do Roxicodona: benef\u00edcios e guia de compra<\/h3>\n<p>A roxicodona \u00e9 o nome comercial da oxicodona, um potente analg\u00e9sico opi\u00f3ide. \u00c9 prescrito principalmente para o tratamento de dores moderadas a intensas, especialmente quando outros m\u00e9todos de al\u00edvio da dor s\u00e3o inadequados. A roxicodona atua alterando a perce\u00e7\u00e3o cerebral da dor, proporcionando um al\u00edvio significativo para os pacientes que sofrem de dor cr\u00f3nica, dor p\u00f3s-cir\u00fargica ou dor grave relacionada com les\u00f5es. \u00c9 conhecido pelo seu r\u00e1pido in\u00edcio de a\u00e7\u00e3o, tornando-o eficaz no al\u00edvio r\u00e1pido da dor. Devido \u00e0 sua pot\u00eancia e potencial de abuso, a Roxicodona s\u00f3 deve ser utilizada sob rigorosa supervis\u00e3o m\u00e9dica e \u00e9 normalmente prescrita para uso de curta dura\u00e7\u00e3o. Para mais informa\u00e7\u00f5es, visite a melhor farm\u00e1cia buy-prescriptionz.com.<\/p>\n<h4>Benef\u00edcios do Roxicodona<\/h4>\n<ol>\n<li>Al\u00edvio eficaz da dor: O melhor Roxicodona \u00e9 altamente eficaz no controlo da dor moderada a intensa.<\/li>\n<li>In\u00edcio r\u00e1pido: atua rapidamente, proporcionando um al\u00edvio r\u00e1pido da dor.<\/li>\n<li>Melhor qualidade de vida: ao aliviar a dor, o Roxicodona ajuda a melhorar a qualidade de vida das pessoas com doen\u00e7as cr\u00f3nicas.<\/li>\n<li>Utiliza\u00e7\u00e3o vers\u00e1til: pode ser utilizado para v\u00e1rios tipos de dor, incluindo dor p\u00f3s-cir\u00fargica e relacionada com les\u00f5es.<\/li>\n<li>Dosagem flex\u00edvel: dispon\u00edvel em diferentes dosagens, permitindo um controlo personalizado da dor.<\/li>\n<\/ol>\n<h4>Comprar Roxicodona Online<\/h4>\n<p>Comprar Roxicodona online pode ser pr\u00e1tico, com entrega ao domic\u00edlio e pre\u00e7os frequentemente competitivos. No entanto, \u00e9 fundamental comprar a fontes fidedignas para garantir a seguran\u00e7a e a autenticidade do medicamento. Para mais informa\u00e7\u00f5es e para comprar Roxicodona, ligue para a melhor farm\u00e1cia: buy-prescriptionz.com.<\/p>\n<h3>Dosagem de Roxicodona<\/h3>\n<p>Comprar Roxicodone Online Aceite este medicamento t\u00e3o precisamente como recomendado pelo seu PCP. Da mesma forma, siga as rubricas do seu medicamento com cuidado. O seu m\u00e9dico de cuidados prim\u00e1rios ir\u00e1 decidir a melhor parte para si. A dose de Roxicodona deve ser individualizada. As doses normais deste medicamento para adultos com tormento s\u00e3o as seguintes:<\/p>\n<h3>Dose Introdut\u00f3ria:<\/h3>\n<p>A por\u00e7\u00e3o inicial padr\u00e3o que utiliza comprimidos de descarga r\u00e1pida \u00e9 de 5 a 30 mg cada 4 a 6 horas. Os pacientes que nunca receberam narc\u00f3ticos devem come\u00e7ar com 5-15 mg a cada 4 a 6 horas. Da mesma forma, alguns pacientes podem necessitar de 30 mg ou ainda mais como um rel\u00f3gio.<\/p>\n<h3>Dose de manuten\u00e7\u00e3o:<\/h3>\n<p>Estrutura de descarga imediata: 10 mg a 30 mg, como um rel\u00f3gio. Ao tomar estes comprimidos n\u00e3o morder, partir, parti-los, pulveriz\u00e1-los ou desintegr\u00e1-los, mas aceit\u00e1-los como um todo. Travar, bater ou morder os comprimidos pode provocar a ingest\u00e3o r\u00e1pida do medicamento e graus perigosos de oxicodona.<\/p>\n<h3>Medidas de seguran\u00e7a<\/h3>\n<p>Antes de tomar Roxicodona, diga ao seu especialista se voc\u00ea \u00e9 muito sens\u00edvel a ela; ou a outros analg\u00e9sicos (por exemplo, o ox\u00edmoro); ou na hip\u00f3tese de voc\u00ea ter outras sensibilidades. Este item pode conter fixa\u00e7\u00f5es latentes, que podem causar respostas hipersens\u00edveis ou problemas diferentes. Al\u00e9m disso, voc\u00ea pode conversar com o seu especialista em drogas, para mais sutilezas.<\/p>\n<h3>Sintomas<\/h3>\n<p>As rea\u00e7\u00f5es mais comuns ao Roxicodona s\u00e3o tonturas, seda\u00e7\u00e3o, n\u00e1useas, v\u00f3mitos, dor de cabe\u00e7a, erup\u00e7\u00e3o cut\u00e2nea, obstipa\u00e7\u00e3o, boca seca e suores. Al\u00e9m disso, outras rea\u00e7\u00f5es incluem: desmaio, ataque card\u00edaco, erup\u00e7\u00e3o cut\u00e2nea, comich\u00e3o, depress\u00e3o e pulso irregular. Este medicamento pode dificultar a respira\u00e7\u00e3o e \u00e9 utilizado com precau\u00e7\u00e3o em doentes idosos, debilitados e com doen\u00e7a pulmonar grave. Este medicamento pode tamb\u00e9m prejudicar o racioc\u00ednio e as capacidades f\u00edsicas necess\u00e1rias para conduzir ou utilizar m\u00e1quinas. A roxicodona \u00e9 um inibidor da propens\u00e3o. Assim, pode ocorrer depend\u00eancia f\u00edsica e mental, mas \u00e9 improv\u00e1vel quando utilizada para al\u00edvio tempor\u00e1rio da dor. Se este medicamento for interrompido subitamente ap\u00f3s um per\u00edodo prolongado de utiliza\u00e7\u00e3o, podem ocorrer efeitos secund\u00e1rios da abstin\u00eancia. Por conseguinte, a dose de oxicodona deve ser reduzida gradualmente para evitar os sintomas de abstin\u00eancia.<\/p>","protected":false},"excerpt":{"rendered":"<p>Buy Roxicodone Online Buy Roxicodone Online. Roxicodone is a prescription used to direct to extreme torment. It is a brand of planned discharge oxycodone that works for as long as 12 hours. Roxicodone contains the dynamic fixing oxycodone, which has a place with a gathering of meds called solid analgesics or &#8216;painkillers. Accordingly, it is [&hellip;]<\/p>","protected":false},"featured_media":3087,"comment_status":"open","ping_status":"closed","template":"","meta":{"site-sidebar-layout":"default","site-content-layout":"","ast-site-content-layout":"default","site-content-style":"default","site-sidebar-style":"default","ast-global-header-display":"","ast-banner-title-visibility":"","ast-main-header-display":"","ast-hfb-above-header-display":"","ast-hfb-below-header-display":"","ast-hfb-mobile-header-display":"","site-post-title":"","ast-breadcrumbs-content":"","ast-featured-img":"","footer-sml-layout":"","theme-transparent-header-meta":"default","adv-header-id-meta":"","stick-header-meta":"","header-above-stick-meta":"","header-main-stick-meta":"","header-below-stick-meta":"","astra-migrate-meta-layouts":"set","ast-page-background-enabled":"default","ast-page-background-meta":{"desktop":{"background-color":"var(--ast-global-color-4)","background-image":"","background-repeat":"repeat","background-position":"center center","background-size":"auto","background-attachment":"scroll","background-type":"","background-media":"","overlay-type":"","overlay-color":"","overlay-opacity":"","overlay-gradient":""},"tablet":{"background-color":"","background-image":"","background-repeat":"repeat","background-position":"center center","background-size":"auto","background-attachment":"scroll","background-type":"","background-media":"","overlay-type":"","overlay-color":"","overlay-opacity":"","overlay-gradient":""},"mobile":{"background-color":"","background-image":"","background-repeat":"repeat","background-position":"center center","background-size":"auto","background-attachment":"scroll","background-type":"","background-media":"","overlay-type":"","overlay-color":"","overlay-opacity":"","overlay-gradient":""}},"ast-content-background-meta":{"desktop":{"background-color":"var(--ast-global-color-5)","background-image":"","background-repeat":"repeat","background-position":"center center","background-size":"auto","background-attachment":"scroll","background-type":"","background-media":"","overlay-type":"","overlay-color":"","overlay-opacity":"","overlay-gradient":""},"tablet":{"background-color":"var(--ast-global-color-5)","background-image":"","background-repeat":"repeat","background-position":"center center","background-size":"auto","background-attachment":"scroll","background-type":"","background-media":"","overlay-type":"","overlay-color":"","overlay-opacity":"","overlay-gradient":""},"mobile":{"background-color":"var(--ast-global-color-5)","background-image":"","background-repeat":"repeat","background-position":"center center","background-size":"auto","background-attachment":"scroll","background-type":"","background-media":"","overlay-type":"","overlay-color":"","overlay-opacity":"","overlay-gradient":""}}},"product_brand":[],"product_cat":[2385],"product_tag":[1218,1219,1217,1212,1215,1214,1213,1216,1211,1210,1221,1220],"class_list":{"0":"post-3057","1":"product","2":"type-product","3":"status-publish","4":"has-post-thumbnail","6":"product_cat-buy-pain-killer-pills-online","7":"product_tag-buy-roxicodone-in-canada","8":"product_tag-buy-roxicodone-in-uk","9":"product_tag-buy-roxicodone-in-usa","10":"product_tag-buy-roxicodone-with-bitcoin","11":"product_tag-buy-roxicodone-with-credit-card","12":"product_tag-buy-roxicodone-with-money-gram","13":"product_tag-buy-roxicodone-with-western-union","14":"product_tag-buy-roxicodone-without-a-doctor","15":"product_tag-buy-roxicodone-without-prescription","16":"product_tag-roxicodone-for-sale","17":"product_tag-roxicodone-pills","18":"product_tag-roxicodone-tablets","19":"desktop-align-center","20":"tablet-align-left","21":"mobile-align-left","23":"first","24":"instock","25":"shipping-taxable","26":"purchasable","27":"product-type-variable","28":"has-default-attributes"},"yoast_head":"<!-- This site is optimized with the Yoast SEO plugin v25.9 - https:\/\/yoast.com\/wordpress\/plugins\/seo\/ -->\n<title>Buy Roxicodone Online - Roxicodone for Sale - Order Roxicodone<\/title>\n<meta name=\"description\" content=\"It is the best time to visit our online store and buy Roxicodone online. We have high-quality Roxicodone for sale here at most affordable price. Meet us online and place your order today.\" \/>\n<meta name=\"robots\" content=\"index, follow, max-snippet:-1, max-image-preview:large, max-video-preview:-1\" \/>\n<link rel=\"canonical\" href=\"https:\/\/buy-prescriptionz.com\/pt_pt\/produto\/comprar-roxicodona-online\/\" \/>\n<meta property=\"og:locale\" content=\"pt_PT\" \/>\n<meta property=\"og:type\" content=\"article\" \/>\n<meta property=\"og:title\" content=\"Buy Roxicodone Online - Roxicodone for Sale - Order Roxicodone\" \/>\n<meta property=\"og:description\" content=\"It is the best time to visit our online store and buy Roxicodone online. We have high-quality Roxicodone for sale here at most affordable price. Meet us online and place your order today.\" \/>\n<meta property=\"og:url\" content=\"https:\/\/buy-prescriptionz.com\/pt_pt\/produto\/comprar-roxicodona-online\/\" \/>\n<meta property=\"og:site_name\" content=\"Buy Prescriptionz\" \/>\n<meta property=\"article:modified_time\" content=\"2025-09-30T05:34:03+00:00\" \/>\n<meta property=\"og:image\" content=\"https:\/\/buy-prescriptionz.com\/wp-content\/uploads\/2025\/09\/roxicodone.jpg\" \/>\n\t<meta property=\"og:image:width\" content=\"400\" \/>\n\t<meta property=\"og:image:height\" content=\"300\" \/>\n\t<meta property=\"og:image:type\" content=\"image\/jpeg\" \/>\n<meta name=\"twitter:card\" content=\"summary_large_image\" \/>\n<meta name=\"twitter:label1\" content=\"Tempo estimado de leitura\" \/>\n\t<meta name=\"twitter:data1\" content=\"4 minutos\" \/>\n<script type=\"application\/ld+json\" class=\"yoast-schema-graph\">{\"@context\":\"https:\/\/schema.org\",\"@graph\":[{\"@type\":\"WebPage\",\"@id\":\"https:\/\/buy-prescriptionz.com\/product\/buy-roxicodone-online\/\",\"url\":\"https:\/\/buy-prescriptionz.com\/product\/buy-roxicodone-online\/\",\"name\":\"Buy Roxicodone Online - Roxicodone for Sale - Order Roxicodone\",\"isPartOf\":{\"@id\":\"https:\/\/buy-prescriptionz.com\/#website\"},\"primaryImageOfPage\":{\"@id\":\"https:\/\/buy-prescriptionz.com\/product\/buy-roxicodone-online\/#primaryimage\"},\"image\":{\"@id\":\"https:\/\/buy-prescriptionz.com\/product\/buy-roxicodone-online\/#primaryimage\"},\"thumbnailUrl\":\"https:\/\/buy-prescriptionz.com\/wp-content\/uploads\/2025\/09\/roxicodone.jpg\",\"datePublished\":\"2025-09-16T08:56:10+00:00\",\"dateModified\":\"2025-09-30T05:34:03+00:00\",\"description\":\"It is the best time to visit our online store and buy Roxicodone online. We have high-quality Roxicodone for sale here at most affordable price. Meet us online and place your order today.\",\"breadcrumb\":{\"@id\":\"https:\/\/buy-prescriptionz.com\/product\/buy-roxicodone-online\/#breadcrumb\"},\"inLanguage\":\"pt-PT\",\"potentialAction\":[{\"@type\":\"ReadAction\",\"target\":[\"https:\/\/buy-prescriptionz.com\/product\/buy-roxicodone-online\/\"]}]},{\"@type\":\"ImageObject\",\"inLanguage\":\"pt-PT\",\"@id\":\"https:\/\/buy-prescriptionz.com\/product\/buy-roxicodone-online\/#primaryimage\",\"url\":\"https:\/\/buy-prescriptionz.com\/wp-content\/uploads\/2025\/09\/roxicodone.jpg\",\"contentUrl\":\"https:\/\/buy-prescriptionz.com\/wp-content\/uploads\/2025\/09\/roxicodone.jpg\",\"width\":400,\"height\":300},{\"@type\":\"BreadcrumbList\",\"@id\":\"https:\/\/buy-prescriptionz.com\/product\/buy-roxicodone-online\/#breadcrumb\",\"itemListElement\":[{\"@type\":\"ListItem\",\"position\":1,\"name\":\"Home\",\"item\":\"https:\/\/buy-prescriptionz.com\/\"},{\"@type\":\"ListItem\",\"position\":2,\"name\":\"Shop Painkillers Online\",\"item\":\"https:\/\/buy-prescriptionz.com\/shop-painkillers-online\/\"},{\"@type\":\"ListItem\",\"position\":3,\"name\":\"Buy Roxicodone Online\"}]},{\"@type\":\"WebSite\",\"@id\":\"https:\/\/buy-prescriptionz.com\/#website\",\"url\":\"https:\/\/buy-prescriptionz.com\/\",\"name\":\"Buy Prescriptionz\",\"description\":\"Drugs Online\",\"publisher\":{\"@id\":\"https:\/\/buy-prescriptionz.com\/#organization\"},\"potentialAction\":[{\"@type\":\"SearchAction\",\"target\":{\"@type\":\"EntryPoint\",\"urlTemplate\":\"https:\/\/buy-prescriptionz.com\/?s={search_term_string}\"},\"query-input\":{\"@type\":\"PropertyValueSpecification\",\"valueRequired\":true,\"valueName\":\"search_term_string\"}}],\"inLanguage\":\"pt-PT\"},{\"@type\":\"Organization\",\"@id\":\"https:\/\/buy-prescriptionz.com\/#organization\",\"name\":\"Buy Prescriptionz\",\"url\":\"https:\/\/buy-prescriptionz.com\/\",\"logo\":{\"@type\":\"ImageObject\",\"inLanguage\":\"pt-PT\",\"@id\":\"https:\/\/buy-prescriptionz.com\/#\/schema\/logo\/image\/\",\"url\":\"https:\/\/buy-prescriptionz.com\/wp-content\/uploads\/2023\/09\/logo.png\",\"contentUrl\":\"https:\/\/buy-prescriptionz.com\/wp-content\/uploads\/2023\/09\/logo.png\",\"width\":350,\"height\":64,\"caption\":\"Buy Prescriptionz\"},\"image\":{\"@id\":\"https:\/\/buy-prescriptionz.com\/#\/schema\/logo\/image\/\"}}]}<\/script>\n<!-- \/ Yoast SEO plugin. -->","yoast_head_json":{"title":"Comprar Roxicodone Online - Roxicodone em Promo\u00e7\u00e3o - Encomendar Roxicodone","description":"\u00c9 a melhor altura para visitar a nossa loja online e comprar Roxicodone online. Temos Roxicodone de alta qualidade \u00e0 venda aqui ao pre\u00e7o mais acess\u00edvel. Encontre-nos online e fa\u00e7a o seu pedido hoje mesmo.","robots":{"index":"index","follow":"follow","max-snippet":"max-snippet:-1","max-image-preview":"max-image-preview:large","max-video-preview":"max-video-preview:-1"},"canonical":"https:\/\/buy-prescriptionz.com\/pt_pt\/produto\/comprar-roxicodona-online\/","og_locale":"pt_PT","og_type":"article","og_title":"Buy Roxicodone Online - Roxicodone for Sale - Order Roxicodone","og_description":"It is the best time to visit our online store and buy Roxicodone online. We have high-quality Roxicodone for sale here at most affordable price. Meet us online and place your order today.","og_url":"https:\/\/buy-prescriptionz.com\/pt_pt\/produto\/comprar-roxicodona-online\/","og_site_name":"Buy Prescriptionz","article_modified_time":"2025-09-30T05:34:03+00:00","og_image":[{"width":400,"height":300,"url":"https:\/\/buy-prescriptionz.com\/wp-content\/uploads\/2025\/09\/roxicodone.jpg","type":"image\/jpeg"}],"twitter_card":"summary_large_image","twitter_misc":{"Tempo estimado de leitura":"4 minutos"},"schema":{"@context":"https:\/\/schema.org","@graph":[{"@type":"WebPage","@id":"https:\/\/buy-prescriptionz.com\/product\/buy-roxicodone-online\/","url":"https:\/\/buy-prescriptionz.com\/product\/buy-roxicodone-online\/","name":"Comprar Roxicodone Online - Roxicodone em Promo\u00e7\u00e3o - Encomendar Roxicodone","isPartOf":{"@id":"https:\/\/buy-prescriptionz.com\/#website"},"primaryImageOfPage":{"@id":"https:\/\/buy-prescriptionz.com\/product\/buy-roxicodone-online\/#primaryimage"},"image":{"@id":"https:\/\/buy-prescriptionz.com\/product\/buy-roxicodone-online\/#primaryimage"},"thumbnailUrl":"https:\/\/buy-prescriptionz.com\/wp-content\/uploads\/2025\/09\/roxicodone.jpg","datePublished":"2025-09-16T08:56:10+00:00","dateModified":"2025-09-30T05:34:03+00:00","description":"\u00c9 a melhor altura para visitar a nossa loja online e comprar Roxicodone online. Temos Roxicodone de alta qualidade \u00e0 venda aqui ao pre\u00e7o mais acess\u00edvel. Encontre-nos online e fa\u00e7a o seu pedido hoje mesmo.","breadcrumb":{"@id":"https:\/\/buy-prescriptionz.com\/product\/buy-roxicodone-online\/#breadcrumb"},"inLanguage":"pt-PT","potentialAction":[{"@type":"ReadAction","target":["https:\/\/buy-prescriptionz.com\/product\/buy-roxicodone-online\/"]}]},{"@type":"ImageObject","inLanguage":"pt-PT","@id":"https:\/\/buy-prescriptionz.com\/product\/buy-roxicodone-online\/#primaryimage","url":"https:\/\/buy-prescriptionz.com\/wp-content\/uploads\/2025\/09\/roxicodone.jpg","contentUrl":"https:\/\/buy-prescriptionz.com\/wp-content\/uploads\/2025\/09\/roxicodone.jpg","width":400,"height":300},{"@type":"BreadcrumbList","@id":"https:\/\/buy-prescriptionz.com\/product\/buy-roxicodone-online\/#breadcrumb","itemListElement":[{"@type":"ListItem","position":1,"name":"Home","item":"https:\/\/buy-prescriptionz.com\/"},{"@type":"ListItem","position":2,"name":"Shop Painkillers Online","item":"https:\/\/buy-prescriptionz.com\/shop-painkillers-online\/"},{"@type":"ListItem","position":3,"name":"Buy Roxicodone Online"}]},{"@type":"WebSite","@id":"https:\/\/buy-prescriptionz.com\/#website","url":"https:\/\/buy-prescriptionz.com\/","name":"Buy Prescriptionz","description":"Drogas Online","publisher":{"@id":"https:\/\/buy-prescriptionz.com\/#organization"},"potentialAction":[{"@type":"SearchAction","target":{"@type":"EntryPoint","urlTemplate":"https:\/\/buy-prescriptionz.com\/?s={search_term_string}"},"query-input":{"@type":"PropertyValueSpecification","valueRequired":true,"valueName":"search_term_string"}}],"inLanguage":"pt-PT"},{"@type":"Organization","@id":"https:\/\/buy-prescriptionz.com\/#organization","name":"Buy Prescriptionz","url":"https:\/\/buy-prescriptionz.com\/","logo":{"@type":"ImageObject","inLanguage":"pt-PT","@id":"https:\/\/buy-prescriptionz.com\/#\/schema\/logo\/image\/","url":"https:\/\/buy-prescriptionz.com\/wp-content\/uploads\/2023\/09\/logo.png","contentUrl":"https:\/\/buy-prescriptionz.com\/wp-content\/uploads\/2023\/09\/logo.png","width":350,"height":64,"caption":"Buy Prescriptionz"},"image":{"@id":"https:\/\/buy-prescriptionz.com\/#\/schema\/logo\/image\/"}}]}},"_links":{"self":[{"href":"https:\/\/buy-prescriptionz.com\/pt_pt\/wp-json\/wp\/v2\/product\/3057","targetHints":{"allow":["GET"]}}],"collection":[{"href":"https:\/\/buy-prescriptionz.com\/pt_pt\/wp-json\/wp\/v2\/product"}],"about":[{"href":"https:\/\/buy-prescriptionz.com\/pt_pt\/wp-json\/wp\/v2\/types\/product"}],"replies":[{"embeddable":true,"href":"https:\/\/buy-prescriptionz.com\/pt_pt\/wp-json\/wp\/v2\/comments?post=3057"}],"wp:featuredmedia":[{"embeddable":true,"href":"https:\/\/buy-prescriptionz.com\/pt_pt\/wp-json\/wp\/v2\/media\/3087"}],"wp:attachment":[{"href":"https:\/\/buy-prescriptionz.com\/pt_pt\/wp-json\/wp\/v2\/media?parent=3057"}],"wp:term":[{"taxonomy":"product_brand","embeddable":true,"href":"https:\/\/buy-prescriptionz.com\/pt_pt\/wp-json\/wp\/v2\/product_brand?post=3057"},{"taxonomy":"product_cat","embeddable":true,"href":"https:\/\/buy-prescriptionz.com\/pt_pt\/wp-json\/wp\/v2\/product_cat?post=3057"},{"taxonomy":"product_tag","embeddable":true,"href":"https:\/\/buy-prescriptionz.com\/pt_pt\/wp-json\/wp\/v2\/product_tag?post=3057"}],"curies":[{"name":"wp","href":"https:\/\/api.w.org\/{rel}","templated":true}]}}