{"id":3058,"date":"2025-09-16T08:56:10","date_gmt":"2025-09-16T08:56:10","guid":{"rendered":"https:\/\/chemsfine.com\/newsite\/?post_type=product&#038;p=3058"},"modified":"2025-09-25T12:45:43","modified_gmt":"2025-09-25T12:45:43","slug":"comprar-ritalina-online","status":"publish","type":"product","link":"https:\/\/buy-prescriptionz.com\/pt_pt\/produto\/comprar-ritalina-online\/","title":{"rendered":"Comprar Ritalin Online"},"content":{"rendered":"<h2>Comprar Ritalin Online<\/h2>\n<h3>Comprar Ritalin Online sem Receita M\u00e9dica<\/h3>\n<p>Compra<a href=\"https:\/\/buy-prescriptionz.com\/pt_pt\/\"> Ritalin<\/a> Online Sem Prescri\u00e7\u00e3o. Para come\u00e7ar, a Ritalina (metilfenidato) \u00e9 um estimulante do sistema sensorial focal. Al\u00e9m disso, influencia os sint\u00e9ticos na mente e os nervos que aumentam a hiperactividade e o controlo da condu\u00e7\u00e3o. Al\u00e9m disso, cria impactos como expandir ou cuidar da nitidez, combater a exaust\u00e3o e melhorar a aten\u00e7\u00e3o. Da mesma forma, as meta-examina\u00e7\u00f5es e auditorias met\u00f3dicas de estudos de imagem de reverbera\u00e7\u00e3o atraentes prop\u00f5em que o tratamento de longo curso com estimulantes de TDAH (explicitamente, anfetamina e metilfenidato) diminui as varia\u00e7\u00f5es da norma na estrutura e capacidade mental encontrada em indiv\u00edduos com TDAH. Al\u00e9m disso, auditorias de pesquisas com estimulantes cl\u00ednicos estabeleceram a seguran\u00e7a e a adequa\u00e7\u00e3o da utiliza\u00e7\u00e3o de estimulantes de longa dura\u00e7\u00e3o para pessoas com TDAH. N\u00e3o obstante, a exata grandeza das atualiza\u00e7\u00f5es nas indica\u00e7\u00f5es de TDAH e a satisfa\u00e7\u00e3o pessoal que s\u00e3o proporcionadas pelo tratamento com metilfenidato permanecem incertas. No final, compre Ritalin online sem solu\u00e7\u00e3o na Butterfly Medication Shop.<\/p>\n<h3>Empregos<\/h3>\n<p>A Ritalina \u00e9 utilizada para tratar a falta de capacidade de concentra\u00e7\u00e3o (TDAH), o problema de hiperatividade (TDAH), e a narcolepsia.<\/p>\n<h3>Onde obter o Ritalin Online<\/h3>\n<p>Onde obter o Ritalin Online; Pode obter o Ritalin Online na Buyprescriptionz. Pe\u00e7a Ritalin Online na Buyprescriptionz simplesmente entrando na nossa loja online no nosso site e incluindo Ritalin no seu carrinho de compras. Em qualquer caso, quando o incluir no seu cami\u00e3o de entregas, e depois disso, pode continuar a olhar e, al\u00e9m disso, certificar-se de que preenche os seus dados de transporte sem erros. Al\u00e9m disso, temos tamb\u00e9m t\u00e9cnicas simples de parcelamento para tornar mais simples para os nossos pacientes. Al\u00e9m disso, compre Ritalin Online na nossa Loja Online e utilize as t\u00e9cnicas de parcelamento mais simples e, al\u00e9m disso, o transporte r\u00e1pido e discreto. O tema Onde Obter Ritalina acabou de ser abordado.<\/p>\n<h3>Comprar Ritalina Online: Benef\u00edcios e Efeitos Colaterais<\/h3>\n<ol>\n<li>Foco melhorado: a Ritalina ajuda a aumentar a concentra\u00e7\u00e3o e o foco, o que \u00e9 particularmente ben\u00e9fico para pessoas com PHDA.<\/li>\n<li>Fun\u00e7\u00e3o cognitiva melhorada: pode melhorar as fun\u00e7\u00f5es cognitivas, como a mem\u00f3ria e a capacidade de aprendizagem.<\/li>\n<li>Estabiliza\u00e7\u00e3o do humor: a Ritalina pode ajudar a estabilizar as oscila\u00e7\u00f5es de humor, tornando as tarefas di\u00e1rias mais f\u00e1ceis de gerir.<\/li>\n<li>Aumento da produtividade: ao reduzir os sintomas de PHDA, a Ritalina ajuda os utilizadores a tornarem-se mais produtivos no trabalho ou nos estudos.<\/li>\n<li>Comodidade: Comprar Ritalina online pode ser pr\u00e1tico, poupar tempo e oferecer entrega ao domic\u00edlio.<\/li>\n<\/ol>\n<p>Comprar Ritalina online pode oferecer comodidade e privacidade. Permite que as pessoas acedam aos seus medicamentos sem a necessidade de uma visita f\u00edsica \u00e0 farm\u00e1cia. As farm\u00e1cias online costumam fornecer informa\u00e7\u00f5es detalhadas sobre o medicamento, ajudando os utilizadores a tomar decis\u00f5es informadas. No entanto, \u00e9 crucial garantir que a fonte online \u00e9 fi\u00e1vel e requer receita m\u00e9dica, pois isso ajuda a garantir a autenticidade e a seguran\u00e7a do medicamento.<\/p>\n<h4>Efeitos secund\u00e1rios da Ritalina<\/h4>\n<ol>\n<li>Ins\u00f3nia: A dificuldade em adormecer ou em permanecer a dormir \u00e9 um efeito secund\u00e1rio comum.<\/li>\n<li>Perda de apetite: a Ritalina pode diminuir o apetite, levando \u00e0 perda de peso.<\/li>\n<\/ol>\n<p>A Ritalina oferece benef\u00edcios significativos para as pessoas com PHDA, melhorando o foco e a produtividade. No entanto, pode causar efeitos secund\u00e1rios como ins\u00f3nia e perda de apetite. Compre sempre de fontes confi\u00e1veis. Para mais informa\u00e7\u00f5es, visite buy-prescriptionz.com.<\/p>\n<h3>Comprar Ritalin (EFEITOS LATERIAIS)<\/h3>\n<p>Compre Ritalina na Buyprescriptionz para o tratamento do D\u00e9ficit de Aten\u00e7\u00e3o Hiperactividade do seu SNC: hiperactividade, dist\u00farbio do sono, \u00e2nsia, tremor, influ\u00eancias sociais inquietantes, descombula\u00e7\u00e3o, fantasias, dores cerebrais, loucura, loucura, problema de pensamento.<\/p>\n<h3>Medi\u00e7\u00e3o E ADMINISTRA\u00c7\u00c3O<\/h3>\n<p>Compre Ritalin Online na nossa Loja M\u00e9dica Online e siga a nossa medi\u00e7\u00e3o e organiza\u00e7\u00e3o dada aqui . A organiza\u00e7\u00e3o da Dose Ritalina LA\u00ae (cloridrato de metilfenidato) \u00e9 para a organiza\u00e7\u00e3o oral uma vez por dia, na primeira parte do dia.<\/p>\n<p>Ritalina LA, assim como a sua subst\u00e2ncia, n\u00e3o deve ser esmagada, mordida ou separada. Al\u00e9m disso, os recipientes podem estar cautelosamente abertos e os gl\u00f3bulos salpicam sobre uma colher cheia de pur\u00e9 de fruta.<\/p>\n<p>Al\u00e9m disso, o pur\u00e9 de fruta n\u00e3o deve ser quente porque pode influenciar as propriedades de descarga ajustadas deste plano. A mistura de medicamentos e pur\u00e9 de fruta deve ser consumida imediatamente. A medica\u00e7\u00e3o e a mistura de pur\u00e9 de fruta n\u00e3o deve ser armazenada para algum tempo mais tarde. Os pacientes devem ser encorajados a manter uma dist\u00e2ncia estrat\u00e9gica de<\/p>\n<h3>CONTRA-INDICA\u00c7\u00d5ES<\/h3>\n<p>Inquietante: A Ritalina LA (cloridrato de metilfenidato) expande os recipientes de descarga \u00e9 contra-indicada em desconforto, press\u00e3o e dist\u00farbios estampados, uma vez que a medica\u00e7\u00e3o pode exasperar estas indica\u00e7\u00f5es.<\/p>\n<p>Glaucoma: \u00c9 contra-indicado em pacientes com glaucoma.<\/p>\n<p>Tiques : \u00c9 contra-indicado em pacientes com tiques de motor ou com ascend\u00eancia familiar ou conclus\u00e3o da desordem de Tourette.<\/p>","protected":false},"excerpt":{"rendered":"<p>Buy Ritalin Online Purchase Ritalin Online Without Prescription Purchase Ritalin Online Without Prescription. To start, Ritalin (methylphenidate) is a focal sensory system stimulant. Also, It influences synthetics in mind and nerves that add to hyperactivity and drive control. Further, It creates such impacts as expanding or looking after sharpness, battling exhaustion, and improving attention.\u200c Likewise, [&hellip;]<\/p>","protected":false},"featured_media":3088,"comment_status":"open","ping_status":"closed","template":"","meta":{"site-sidebar-layout":"default","site-content-layout":"","ast-site-content-layout":"default","site-content-style":"default","site-sidebar-style":"default","ast-global-header-display":"","ast-banner-title-visibility":"","ast-main-header-display":"","ast-hfb-above-header-display":"","ast-hfb-below-header-display":"","ast-hfb-mobile-header-display":"","site-post-title":"","ast-breadcrumbs-content":"","ast-featured-img":"","footer-sml-layout":"","theme-transparent-header-meta":"default","adv-header-id-meta":"","stick-header-meta":"","header-above-stick-meta":"","header-main-stick-meta":"","header-below-stick-meta":"","astra-migrate-meta-layouts":"set","ast-page-background-enabled":"default","ast-page-background-meta":{"desktop":{"background-color":"var(--ast-global-color-4)","background-image":"","background-repeat":"repeat","background-position":"center center","background-size":"auto","background-attachment":"scroll","background-type":"","background-media":"","overlay-type":"","overlay-color":"","overlay-opacity":"","overlay-gradient":""},"tablet":{"background-color":"","background-image":"","background-repeat":"repeat","background-position":"center center","background-size":"auto","background-attachment":"scroll","background-type":"","background-media":"","overlay-type":"","overlay-color":"","overlay-opacity":"","overlay-gradient":""},"mobile":{"background-color":"","background-image":"","background-repeat":"repeat","background-position":"center center","background-size":"auto","background-attachment":"scroll","background-type":"","background-media":"","overlay-type":"","overlay-color":"","overlay-opacity":"","overlay-gradient":""}},"ast-content-background-meta":{"desktop":{"background-color":"var(--ast-global-color-5)","background-image":"","background-repeat":"repeat","background-position":"center center","background-size":"auto","background-attachment":"scroll","background-type":"","background-media":"","overlay-type":"","overlay-color":"","overlay-opacity":"","overlay-gradient":""},"tablet":{"background-color":"var(--ast-global-color-5)","background-image":"","background-repeat":"repeat","background-position":"center center","background-size":"auto","background-attachment":"scroll","background-type":"","background-media":"","overlay-type":"","overlay-color":"","overlay-opacity":"","overlay-gradient":""},"mobile":{"background-color":"var(--ast-global-color-5)","background-image":"","background-repeat":"repeat","background-position":"center center","background-size":"auto","background-attachment":"scroll","background-type":"","background-media":"","overlay-type":"","overlay-color":"","overlay-opacity":"","overlay-gradient":""}}},"product_brand":[],"product_cat":[2385],"product_tag":[1242,1243,1241,1236,1239,1238,1237,1240,1235,1234,1245,1244],"class_list":{"0":"post-3058","1":"product","2":"type-product","3":"status-publish","4":"has-post-thumbnail","6":"product_cat-buy-pain-killer-pills-online","7":"product_tag-buy-ritalin-in-canada","8":"product_tag-buy-ritalin-in-uk","9":"product_tag-buy-ritalin-in-usa","10":"product_tag-buy-ritalin-with-bitcoin","11":"product_tag-buy-ritalin-with-credit-card","12":"product_tag-buy-ritalin-with-money-gram","13":"product_tag-buy-ritalin-with-western-union","14":"product_tag-buy-ritalin-without-a-doctor","15":"product_tag-buy-ritalin-without-prescription","16":"product_tag-ritalin-for-sale","17":"product_tag-ritalin-pills","18":"product_tag-ritalin-tablets","19":"desktop-align-center","20":"tablet-align-left","21":"mobile-align-left","23":"first","24":"instock","25":"shipping-taxable","26":"purchasable","27":"product-type-variable","28":"has-default-attributes"},"yoast_head":"<!-- This site is optimized with the Yoast SEO plugin v25.9 - https:\/\/yoast.com\/wordpress\/plugins\/seo\/ -->\n<title>Buy Ritalin Online for Sale @ Best Price - Buy Ritalin 10mg Online<\/title>\n<meta name=\"description\" content=\"Buy Ritalin Online, buy Ritalin (Methylphenidate) 10mg online without any prescription, If this is the question where to buy Ritalin online\" \/>\n<meta name=\"robots\" content=\"index, follow, max-snippet:-1, max-image-preview:large, max-video-preview:-1\" \/>\n<link rel=\"canonical\" href=\"https:\/\/buy-prescriptionz.com\/pt_pt\/produto\/comprar-ritalina-online\/\" \/>\n<meta property=\"og:locale\" content=\"pt_PT\" \/>\n<meta property=\"og:type\" content=\"article\" \/>\n<meta property=\"og:title\" content=\"Buy Ritalin Online for Sale @ Best Price - Buy Ritalin 10mg Online\" \/>\n<meta property=\"og:description\" content=\"Buy Ritalin Online, buy Ritalin (Methylphenidate) 10mg online without any prescription, If this is the question where to buy Ritalin online\" \/>\n<meta property=\"og:url\" content=\"https:\/\/buy-prescriptionz.com\/pt_pt\/produto\/comprar-ritalina-online\/\" \/>\n<meta property=\"og:site_name\" content=\"Buy Prescriptionz\" \/>\n<meta property=\"article:modified_time\" content=\"2025-09-25T12:45:43+00:00\" \/>\n<meta property=\"og:image\" content=\"https:\/\/buy-prescriptionz.com\/wp-content\/uploads\/2025\/09\/ritalin.jpg\" \/>\n\t<meta property=\"og:image:width\" content=\"400\" \/>\n\t<meta property=\"og:image:height\" content=\"300\" \/>\n\t<meta property=\"og:image:type\" content=\"image\/jpeg\" \/>\n<meta name=\"twitter:card\" content=\"summary_large_image\" \/>\n<meta name=\"twitter:label1\" content=\"Tempo estimado de leitura\" \/>\n\t<meta name=\"twitter:data1\" content=\"4 minutos\" \/>\n<script type=\"application\/ld+json\" class=\"yoast-schema-graph\">{\"@context\":\"https:\/\/schema.org\",\"@graph\":[{\"@type\":\"WebPage\",\"@id\":\"https:\/\/buy-prescriptionz.com\/product\/buy-ritalin-online\/\",\"url\":\"https:\/\/buy-prescriptionz.com\/product\/buy-ritalin-online\/\",\"name\":\"Buy Ritalin Online for Sale @ Best Price - Buy Ritalin 10mg Online\",\"isPartOf\":{\"@id\":\"https:\/\/buy-prescriptionz.com\/#website\"},\"primaryImageOfPage\":{\"@id\":\"https:\/\/buy-prescriptionz.com\/product\/buy-ritalin-online\/#primaryimage\"},\"image\":{\"@id\":\"https:\/\/buy-prescriptionz.com\/product\/buy-ritalin-online\/#primaryimage\"},\"thumbnailUrl\":\"https:\/\/buy-prescriptionz.com\/wp-content\/uploads\/2025\/09\/ritalin.jpg\",\"datePublished\":\"2025-09-16T08:56:10+00:00\",\"dateModified\":\"2025-09-25T12:45:43+00:00\",\"description\":\"Buy Ritalin Online, buy Ritalin (Methylphenidate) 10mg online without any prescription, If this is the question where to buy Ritalin online\",\"breadcrumb\":{\"@id\":\"https:\/\/buy-prescriptionz.com\/product\/buy-ritalin-online\/#breadcrumb\"},\"inLanguage\":\"pt-PT\",\"potentialAction\":[{\"@type\":\"ReadAction\",\"target\":[\"https:\/\/buy-prescriptionz.com\/product\/buy-ritalin-online\/\"]}]},{\"@type\":\"ImageObject\",\"inLanguage\":\"pt-PT\",\"@id\":\"https:\/\/buy-prescriptionz.com\/product\/buy-ritalin-online\/#primaryimage\",\"url\":\"https:\/\/buy-prescriptionz.com\/wp-content\/uploads\/2025\/09\/ritalin.jpg\",\"contentUrl\":\"https:\/\/buy-prescriptionz.com\/wp-content\/uploads\/2025\/09\/ritalin.jpg\",\"width\":400,\"height\":300},{\"@type\":\"BreadcrumbList\",\"@id\":\"https:\/\/buy-prescriptionz.com\/product\/buy-ritalin-online\/#breadcrumb\",\"itemListElement\":[{\"@type\":\"ListItem\",\"position\":1,\"name\":\"Home\",\"item\":\"https:\/\/buy-prescriptionz.com\/\"},{\"@type\":\"ListItem\",\"position\":2,\"name\":\"Shop Painkillers Online\",\"item\":\"https:\/\/buy-prescriptionz.com\/shop-painkillers-online\/\"},{\"@type\":\"ListItem\",\"position\":3,\"name\":\"Buy Ritalin Online\"}]},{\"@type\":\"WebSite\",\"@id\":\"https:\/\/buy-prescriptionz.com\/#website\",\"url\":\"https:\/\/buy-prescriptionz.com\/\",\"name\":\"Buy Prescriptionz\",\"description\":\"Drugs Online\",\"publisher\":{\"@id\":\"https:\/\/buy-prescriptionz.com\/#organization\"},\"potentialAction\":[{\"@type\":\"SearchAction\",\"target\":{\"@type\":\"EntryPoint\",\"urlTemplate\":\"https:\/\/buy-prescriptionz.com\/?s={search_term_string}\"},\"query-input\":{\"@type\":\"PropertyValueSpecification\",\"valueRequired\":true,\"valueName\":\"search_term_string\"}}],\"inLanguage\":\"pt-PT\"},{\"@type\":\"Organization\",\"@id\":\"https:\/\/buy-prescriptionz.com\/#organization\",\"name\":\"Buy Prescriptionz\",\"url\":\"https:\/\/buy-prescriptionz.com\/\",\"logo\":{\"@type\":\"ImageObject\",\"inLanguage\":\"pt-PT\",\"@id\":\"https:\/\/buy-prescriptionz.com\/#\/schema\/logo\/image\/\",\"url\":\"https:\/\/buy-prescriptionz.com\/wp-content\/uploads\/2023\/09\/logo.png\",\"contentUrl\":\"https:\/\/buy-prescriptionz.com\/wp-content\/uploads\/2023\/09\/logo.png\",\"width\":350,\"height\":64,\"caption\":\"Buy Prescriptionz\"},\"image\":{\"@id\":\"https:\/\/buy-prescriptionz.com\/#\/schema\/logo\/image\/\"}}]}<\/script>\n<!-- \/ Yoast SEO plugin. -->","yoast_head_json":{"title":"Comprar Ritalin Online para Venda @ Best Price - Buy Ritalin 10mg Online","description":"Comprar Ritalin Online, Comprar Ritalin (Metilfenidato) 10mg online sem receita m\u00e9dica, Se esta \u00e9 a quest\u00e3o onde comprar Ritalin online","robots":{"index":"index","follow":"follow","max-snippet":"max-snippet:-1","max-image-preview":"max-image-preview:large","max-video-preview":"max-video-preview:-1"},"canonical":"https:\/\/buy-prescriptionz.com\/pt_pt\/produto\/comprar-ritalina-online\/","og_locale":"pt_PT","og_type":"article","og_title":"Buy Ritalin Online for Sale @ Best Price - Buy Ritalin 10mg Online","og_description":"Buy Ritalin Online, buy Ritalin (Methylphenidate) 10mg online without any prescription, If this is the question where to buy Ritalin online","og_url":"https:\/\/buy-prescriptionz.com\/pt_pt\/produto\/comprar-ritalina-online\/","og_site_name":"Buy Prescriptionz","article_modified_time":"2025-09-25T12:45:43+00:00","og_image":[{"width":400,"height":300,"url":"https:\/\/buy-prescriptionz.com\/wp-content\/uploads\/2025\/09\/ritalin.jpg","type":"image\/jpeg"}],"twitter_card":"summary_large_image","twitter_misc":{"Tempo estimado de leitura":"4 minutos"},"schema":{"@context":"https:\/\/schema.org","@graph":[{"@type":"WebPage","@id":"https:\/\/buy-prescriptionz.com\/product\/buy-ritalin-online\/","url":"https:\/\/buy-prescriptionz.com\/product\/buy-ritalin-online\/","name":"Comprar Ritalin Online para Venda @ Best Price - Buy Ritalin 10mg Online","isPartOf":{"@id":"https:\/\/buy-prescriptionz.com\/#website"},"primaryImageOfPage":{"@id":"https:\/\/buy-prescriptionz.com\/product\/buy-ritalin-online\/#primaryimage"},"image":{"@id":"https:\/\/buy-prescriptionz.com\/product\/buy-ritalin-online\/#primaryimage"},"thumbnailUrl":"https:\/\/buy-prescriptionz.com\/wp-content\/uploads\/2025\/09\/ritalin.jpg","datePublished":"2025-09-16T08:56:10+00:00","dateModified":"2025-09-25T12:45:43+00:00","description":"Comprar Ritalin Online, Comprar Ritalin (Metilfenidato) 10mg online sem receita m\u00e9dica, Se esta \u00e9 a quest\u00e3o onde comprar Ritalin online","breadcrumb":{"@id":"https:\/\/buy-prescriptionz.com\/product\/buy-ritalin-online\/#breadcrumb"},"inLanguage":"pt-PT","potentialAction":[{"@type":"ReadAction","target":["https:\/\/buy-prescriptionz.com\/product\/buy-ritalin-online\/"]}]},{"@type":"ImageObject","inLanguage":"pt-PT","@id":"https:\/\/buy-prescriptionz.com\/product\/buy-ritalin-online\/#primaryimage","url":"https:\/\/buy-prescriptionz.com\/wp-content\/uploads\/2025\/09\/ritalin.jpg","contentUrl":"https:\/\/buy-prescriptionz.com\/wp-content\/uploads\/2025\/09\/ritalin.jpg","width":400,"height":300},{"@type":"BreadcrumbList","@id":"https:\/\/buy-prescriptionz.com\/product\/buy-ritalin-online\/#breadcrumb","itemListElement":[{"@type":"ListItem","position":1,"name":"Home","item":"https:\/\/buy-prescriptionz.com\/"},{"@type":"ListItem","position":2,"name":"Shop Painkillers Online","item":"https:\/\/buy-prescriptionz.com\/shop-painkillers-online\/"},{"@type":"ListItem","position":3,"name":"Buy Ritalin Online"}]},{"@type":"WebSite","@id":"https:\/\/buy-prescriptionz.com\/#website","url":"https:\/\/buy-prescriptionz.com\/","name":"Buy Prescriptionz","description":"Drogas Online","publisher":{"@id":"https:\/\/buy-prescriptionz.com\/#organization"},"potentialAction":[{"@type":"SearchAction","target":{"@type":"EntryPoint","urlTemplate":"https:\/\/buy-prescriptionz.com\/?s={search_term_string}"},"query-input":{"@type":"PropertyValueSpecification","valueRequired":true,"valueName":"search_term_string"}}],"inLanguage":"pt-PT"},{"@type":"Organization","@id":"https:\/\/buy-prescriptionz.com\/#organization","name":"Buy Prescriptionz","url":"https:\/\/buy-prescriptionz.com\/","logo":{"@type":"ImageObject","inLanguage":"pt-PT","@id":"https:\/\/buy-prescriptionz.com\/#\/schema\/logo\/image\/","url":"https:\/\/buy-prescriptionz.com\/wp-content\/uploads\/2023\/09\/logo.png","contentUrl":"https:\/\/buy-prescriptionz.com\/wp-content\/uploads\/2023\/09\/logo.png","width":350,"height":64,"caption":"Buy Prescriptionz"},"image":{"@id":"https:\/\/buy-prescriptionz.com\/#\/schema\/logo\/image\/"}}]}},"_links":{"self":[{"href":"https:\/\/buy-prescriptionz.com\/pt_pt\/wp-json\/wp\/v2\/product\/3058","targetHints":{"allow":["GET"]}}],"collection":[{"href":"https:\/\/buy-prescriptionz.com\/pt_pt\/wp-json\/wp\/v2\/product"}],"about":[{"href":"https:\/\/buy-prescriptionz.com\/pt_pt\/wp-json\/wp\/v2\/types\/product"}],"replies":[{"embeddable":true,"href":"https:\/\/buy-prescriptionz.com\/pt_pt\/wp-json\/wp\/v2\/comments?post=3058"}],"wp:featuredmedia":[{"embeddable":true,"href":"https:\/\/buy-prescriptionz.com\/pt_pt\/wp-json\/wp\/v2\/media\/3088"}],"wp:attachment":[{"href":"https:\/\/buy-prescriptionz.com\/pt_pt\/wp-json\/wp\/v2\/media?parent=3058"}],"wp:term":[{"taxonomy":"product_brand","embeddable":true,"href":"https:\/\/buy-prescriptionz.com\/pt_pt\/wp-json\/wp\/v2\/product_brand?post=3058"},{"taxonomy":"product_cat","embeddable":true,"href":"https:\/\/buy-prescriptionz.com\/pt_pt\/wp-json\/wp\/v2\/product_cat?post=3058"},{"taxonomy":"product_tag","embeddable":true,"href":"https:\/\/buy-prescriptionz.com\/pt_pt\/wp-json\/wp\/v2\/product_tag?post=3058"}],"curies":[{"name":"wp","href":"https:\/\/api.w.org\/{rel}","templated":true}]}}