{"id":3059,"date":"2025-09-16T08:56:10","date_gmt":"2025-09-16T08:56:10","guid":{"rendered":"https:\/\/chemsfine.com\/newsite\/?post_type=product&#038;p=3059"},"modified":"2025-09-26T14:10:43","modified_gmt":"2025-09-26T14:10:43","slug":"cianeto-de-potassio-1g","status":"publish","type":"product","link":"https:\/\/buy-prescriptionz.com\/pt_pt\/produto\/cianeto-de-potassio-1g\/","title":{"rendered":"Potassium Cyanide (1g)"},"content":{"rendered":"<h2>Comprar Cianeto de Pot\u00e1ssio (1g) Online<\/h2>\n<h3><span lang=\"EN-IN\" style=\"font-size: 11.0pt; line-height: 107%;\">O que \u00e9 o cianeto de pot\u00e1ssio?<\/span><\/h3>\n<p><span lang=\"EN-IN\" style=\"font-size: 11.0pt;\">Cianeto de pot\u00e1ssio<\/span><span lang=\"EN-IN\" style=\"font-size: 11.0pt;\"> \u00e9 um sal branco cristalino com um sabor amargo, por vezes comparado com o das am\u00eandoas. \u00c9 altamente sol\u00favel em \u00e1gua e liberta g\u00e1s cianeto de hidrog\u00e9nio quando em contacto com \u00e1cidos ou humidade. <\/span><span lang=\"EN-IN\" style=\"font-size: 11.0pt;\">O melhor O cianeto de pot\u00e1ssio (KCN) \u00e9 um composto altamente t\u00f3xico. Mesmo uma pequena quantidade, como 1 grama, pode ser letal. Eis algumas informa\u00e7\u00f5es importantes sobre o cianeto de pot\u00e1ssio:<\/span><\/p>\n<h3>Usos do cianeto de pot\u00e1ssio<\/h3>\n<ul>\n<li>Minera\u00e7\u00e3o de ouro: O cianeto de pot\u00e1ssio \u00e9 utilizado para extrair ouro e prata de min\u00e9rios na ind\u00fastria mineira.<\/li>\n<li>Galvanoplastia: \u00c9 utilizada nos processos de galvanoplastia para revestir metais com ouro ou prata.<\/li>\n<li>S\u00edntese Org\u00e2nica: \u00c9 utilizada em laborat\u00f3rios para diversas rea\u00e7\u00f5es qu\u00edmicas e processos de s\u00edntese.<\/li>\n<\/ul>\n<h3>Toxicidade e Seguran\u00e7a<\/h3>\n<ul>\n<li>Dose letal: A dose letal estimada para o ser humano \u00e9 de 200 a 300 miligramas. Um \u00fanico grama \u00e9 mais do que suficiente para ser fatal.<\/li>\n<li>Mecanismo de a\u00e7\u00e3o: Inibe a capacidade do organismo de utilizar o oxig\u00e9nio, levando \u00e0 morte celular e, por fim, \u00e0 fal\u00eancia de \u00f3rg\u00e3os.<\/li>\n<li>Sintomas de envenenamento: incluem dor de cabe\u00e7a, tonturas, falta de ar, n\u00e1useas e perda de consci\u00eancia. A exposi\u00e7\u00e3o imediata pode causar morte r\u00e1pida se n\u00e3o for tratada prontamente.<\/li>\n<\/ul>\n<p>Comprar cianeto de pot\u00e1ssio online, especialmente de fontes como buy-prescriptionz.com, \u00e9 extremamente perigoso e ilegal na maioria das jurisdi\u00e7\u00f5es devido \u00e0 sua elevada toxicidade e potencial de utiliza\u00e7\u00e3o indevida. O cianeto de pot\u00e1ssio \u00e9 uma subst\u00e2ncia controlada e a sua aquisi\u00e7\u00e3o sem a devida autoriza\u00e7\u00e3o \u00e9 proibida. Envolver-se em tais atividades pode resultar em graves consequ\u00eancias legais e representar riscos significativos para a sa\u00fade. Para qualquer necessidade leg\u00edtima, consulte os canais profissionais e legais para garantir a seguran\u00e7a e a conformidade com os regulamentos. D\u00ea prioridade \u00e0 seguran\u00e7a e \u00e0 legalidade em vez da conveni\u00eancia ou do acesso n\u00e3o autorizado a subst\u00e2ncias perigosas.<\/p>\n<h3>Cianeto de Pot\u00e1ssio (1g) Descri\u00e7\u00e3o Online<\/h3>\n<p>INFORMA\u00c7\u00d5ES DE CIANETO DE POT\u00c1SSIO (1G)<br \/>\nCianeto de pot\u00e1ssio (1 g) \u00e9 uma subst\u00e2ncia t\u00f3xica e perigosa. Pode haver outros usos para este medicamento n\u00e3o listados aqui.<\/p>\n<p>COMO USAR 1 G DE CIANETO DE POT\u00c1SSIO?<\/p>\n<p>Se o seu m\u00e9dico recomendar, voc\u00ea deve tomar cianeto de pot\u00e1ssio (1 g). Se estiver a tomar este medicamento, deve sempre consultar o seu m\u00e9dico. Leia tamb\u00e9m nossas recomenda\u00e7\u00f5es de medicamentos para pessoas infectadas.<\/p>\n<p>Pode contactar a nossa farm\u00e1cia online para comprar Cianeto de Pot\u00e1ssio (1g). Este medicamento est\u00e1 dispon\u00edvel aqui a um \u00f3timo pre\u00e7o. Fa\u00e7a sua compra agora mesmo!<\/p>\n<p>Se voc\u00ea est\u00e1 familiarizado com pl\u00e1sticos, provavelmente pensa em cianeto de pot\u00e1ssio. Se voc\u00ea j\u00e1 viu ou leu alguma coisa sobre a Segunda Guerra Mundial, provavelmente sabe que os oficiais de guerra usavam cianeto de pot\u00e1ssio para matar a si mesmos ou a outros. Os soldados do partido nazista e a M\u00e3o Negra s\u00e3o os mais famosos. Listei algumas das figuras not\u00e1veis \u200b\u200bque encontrei.<\/p>\n<h3>O que \u00e9 o qu\u00edmico cianeto de pot\u00e1ssio durante todo o dia?<\/h3>\n<p>Buyprescriptionz.com \u00e9 um site que vende medicamentos prescritos. Um item extremamente mortal funciona liberando g\u00e1s cianeto de hidrog\u00eanio, que tamb\u00e9m \u00e9 extremamente t\u00f3xico e limita a capacidade do corpo de usar oxig\u00eanio. \u00c9 perigoso se expor ao cianeto de pot\u00e1ssio. Seus efeitos s\u00e3o sentidos em todo o corpo, principalmente em \u00f3rg\u00e3os sens\u00edveis a baixos n\u00edveis de oxig\u00eanio, como o sistema cardiovascular (veias e cora\u00e7\u00e3o), o sistema sensorial focalizado, que inclui o intelecto, e o sistema de aspira\u00e7\u00e3o (pulm\u00f5es). extra\u00e7\u00e3o de prata e ouro de metais e galvanoplastia s\u00e3o alguns dos usos comerciais de cianeto de pot\u00e1ssio. O odor amendoado do g\u00e1s cian\u00eddrico \u00e9 \u00fanico. No entanto, como n\u00e3o pode ser detectado por muitas pessoas, n\u00e3o fornece um aviso adequado, tornando-se cada vez mais prejudicial.<\/p>\n<h3>Empregos<\/h3>\n<p>Se voc\u00ea j\u00e1 ouviu falar de cianeto de pot\u00e1ssio, uma das primeiras coisas que vem \u00e0 mente \u00e9 o suic\u00eddio. A raz\u00e3o \u00e9 que se tornou uma das estrat\u00e9gias mais aceitas para acabar com sua vida de forma gradual e cruel. Consumir uma grande quantidade de KCN tem um efeito letal que o matar\u00e1.<\/p>\n<p>Na ind\u00fastria de minera\u00e7\u00e3o, o pot\u00e1ssio auxilia na extra\u00e7\u00e3o de ouro e outros metais importantes. Em qualquer caso, o composto natural e o planejamento de uma variedade de importantes pl\u00e1sticos, sint\u00e9ticos e medicamentos s\u00e3o a principal aplica\u00e7\u00e3o. Algumas das aplica\u00e7\u00f5es incluem fumiga\u00e7\u00e3o, fotografia, galvanoplastia e pulveriza\u00e7\u00e3o de insetos.<\/p>\n<h3>Como atua o cianeto de pot\u00e1ssio?<\/h3>\n<p>Atua afetando o sistema respirat\u00f3rio, causando problemas respirat\u00f3rios. Quando o KCN entra no organismo, forma uma liga\u00e7\u00e3o insol\u00favel com a citocromo c oxidase, um aceptor de eletr\u00f5es que interfere com a cadeia de transporte de eletr\u00f5es da c\u00e9lula. Como resultado, as suas c\u00e9lulas n\u00e3o conseguem utilizar o oxig\u00e9nio do sangue, o que significa que n\u00e3o conseguem produzir a vitalidade de que o corpo necessita. A sonol\u00eancia \u00e9 um dos efeitos secund\u00e1rios de doses pequenas ou diretas de cianeto de pot\u00e1ssio. Desconforto e dor cerebral e dificuldade de relaxamento. Quando uma pessoa ferida \u00e9 exposta a grandes quantidades de alimentos, \u00e9 prov\u00e1vel que se torne insens\u00edvel quase imediatamente. Ap\u00f3s o estado de transe, a pessoa pode sofrer convuls\u00f5es antes de morrer. Tomar bastante glicose \u00e9 uma forma de contrariar os efeitos do cianeto de pot\u00e1ssio. A glicose liga-se rapidamente ao cianeto para que este possa interagir com as c\u00e9lulas. De qualquer forma, n\u00e3o h\u00e1 garantia de que a glicose atenue os efeitos do cianeto. No entanto, tem o potencial de reduzir os efeitos.<\/p>\n<h3>Quais os efeitos secund\u00e1rios da sobredosagem\/dose de KCN?<\/h3>\n<p>Se tiver bochechas avermelhadas ou rosadas, olhos inchados ou vermelhos e, em casos graves, uma ligeira colora\u00e7\u00e3o azulada da pele, h\u00e1 uma boa probabilidade de estar a sofrer de danos no KCN. A forma em comprimidos de cianeto de pot\u00e1ssio \u00e9 extremamente bem elaborada e uma sobredosagem pode resultar em morte. A extra\u00e7\u00e3o, a galvanoplastia, a fumiga\u00e7\u00e3o e a prepara\u00e7\u00e3o fotogr\u00e1fica s\u00e3o as utiliza\u00e7\u00f5es mais conhecidas do cianeto de pot\u00e1ssio.<\/p>\n<h3>Quais s\u00e3o os sintomas do cianeto de pot\u00e1ssio?<\/h3>\n<p>Como j\u00e1 foi referido anteriormente, o cianeto de pot\u00e1ssio, tal como o cianeto de s\u00f3dio, \u00e9 mortal e prejudicial. Se consumir KCN, \u00e9 um veneno de a\u00e7\u00e3o r\u00e1pida que pode ser utilizado em pequenas doses. A exposi\u00e7\u00e3o a elevadas quantidades de KCN \u00e9 tamb\u00e9m perigosa, uma vez que liberta o perigoso g\u00e1s HCN, que \u00e9 mortal quando inalado. Se expor a sua pele ao KCN, sentir\u00e1 uma sensa\u00e7\u00e3o de ardor, danos nos tecidos, ansiedade e perturba\u00e7\u00e3o. Al\u00e9m disso, o KCN, quando absorvido pela pele, pode ter um efeito t\u00f3xico em todo o organismo.<\/p>\n<p><strong>Ao abrir o olho para o KCN, sentir\u00e1 tormento, vermelhid\u00e3o, queimaduras graves e danos no tecido do olho.<\/strong><\/p>\n<p>Se consumir KCN, ter\u00e1 dores de est\u00f4mago, arrotos, n\u00e1useas e indigest\u00e3o ou distens\u00e3o g\u00e1strica. A inala\u00e7\u00e3o de KCN tem o seu pr\u00f3prio conjunto de propriedades. Nervosismo, perplexidade, fraqueza, dor cerebral, sonol\u00eancia e inconsci\u00eancia, palpita\u00e7\u00f5es, falta de ar e falta de ar s\u00e3o os efeitos ligeiros a diretos, alterou a velocidade com que bebi, cuspi e me senti mal. Convuls\u00f5es, estados de transe, abd\u00f3men aumentado, ritmos card\u00edacos confusos, estupor, pulso gravemente baixo, insufici\u00eancia card\u00edaca, respira\u00e7\u00f5es anormalmente r\u00e1pidas e extremamente moderadas, edema de aspira\u00e7\u00e3o, pupilas dilatadas, dist\u00farbios visuais transit\u00f3rios, insufici\u00eancia respirat\u00f3ria e fluido nos pulm\u00f5es s\u00e3o apenas algumas das consequ\u00eancias mais graves. Finalmente, o seu sistema sensorial prim\u00e1rio \u00e9 mais suscet\u00edvel ao envenenamento por cianeto. O sistema cardiovascular \u00e9 mais sens\u00edvel e requer concentra\u00e7\u00f5es mais elevadas de cianeto para produzir os mesmos efeitos que o SNC. A sua pele ficar\u00e1 h\u00famida, fria e suada se tiver sofrido um envenenamento grave. A utiliza\u00e7\u00e3o de 100 GRAMAS de cianeto de pot\u00e1ssio como ponto de partida resultar\u00e1 numa passagem r\u00e1pida e indolor, Cianeto de Pot\u00e1ssio (1g) Online.<\/p>\n<h3>Onde poderia comprar cianeto de pot\u00e1ssio?<\/h3>\n<p>O cianeto de pot\u00e1ssio em dosagem moderada pode ser adquirido online em diversas formas farmac\u00eauticas, sendo a mais comum em comprimidos. De qualquer forma, os consumidores devem ter extremo cuidado ao comprar KCN na internet. Certifique-se sempre de que est\u00e1 a lidar com um comprador genu\u00edno. Uma forma de o fazer \u00e9 responder a quantas pesquisas achar necess\u00e1rio. Quando um grande n\u00famero de pessoas chega ao mesmo tempo,<\/p>\n<h3>Porqu\u00ea comprar conosco<\/h3>\n<p>Somos uma loja CIANETO fi\u00e1vel e confi\u00e1vel perto de si. Acreditamos que KCN de qualidade e pre\u00e7o acess\u00edvel devem estar dispon\u00edveis para si. Vendemos apenas o cianeto da mais alta qualidade que pode encontrar no mercado. Comprar connosco \u00e9 colocar-se \u00e0 frente dos outros. A sua satisfa\u00e7\u00e3o \u00e9 a nossa satisfa\u00e7\u00e3o, por isso oferecemos servi\u00e7os r\u00e1pidos e agrad\u00e1veis \u200b\u200bao cliente para garantir a sua satisfa\u00e7\u00e3o, quer seja um comprador recorrente ou novo. Garantimos sempre os nossos pre\u00e7os baixos e a qualidade dos comprimidos \u00e9 a melhor. Temos em stock cianeto de pot\u00e1ssio de alta qualidade que at\u00e9 n\u00f3s ter\u00edamos o prazer de oferecer. <a href=\"https:\/\/en.wikipedia.org\/wiki\/Potassium_cyanide\">comprar<\/a>.<\/p>\n<p>Como obter cianeto online em Bangalore<br \/>\n\u00c9 poss\u00edvel vender cianeto de pot\u00e1ssio online?<br \/>\nOnde posso encontrar cianeto de pot\u00e1ssio nos EUA?<br \/>\nOnde posso encontrar cianeto? Porque \u00e9 que a sua compra \u00e9 restrita?<\/p>","protected":false},"excerpt":{"rendered":"<p>40<\/p>","protected":false},"featured_media":3089,"comment_status":"open","ping_status":"closed","template":"","meta":{"site-sidebar-layout":"default","site-content-layout":"","ast-site-content-layout":"default","site-content-style":"default","site-sidebar-style":"default","ast-global-header-display":"","ast-banner-title-visibility":"","ast-main-header-display":"","ast-hfb-above-header-display":"","ast-hfb-below-header-display":"","ast-hfb-mobile-header-display":"","site-post-title":"","ast-breadcrumbs-content":"","ast-featured-img":"","footer-sml-layout":"","theme-transparent-header-meta":"default","adv-header-id-meta":"","stick-header-meta":"","header-above-stick-meta":"","header-main-stick-meta":"","header-below-stick-meta":"","astra-migrate-meta-layouts":"set","ast-page-background-enabled":"default","ast-page-background-meta":{"desktop":{"background-color":"var(--ast-global-color-4)","background-image":"","background-repeat":"repeat","background-position":"center center","background-size":"auto","background-attachment":"scroll","background-type":"","background-media":"","overlay-type":"","overlay-color":"","overlay-opacity":"","overlay-gradient":""},"tablet":{"background-color":"","background-image":"","background-repeat":"repeat","background-position":"center center","background-size":"auto","background-attachment":"scroll","background-type":"","background-media":"","overlay-type":"","overlay-color":"","overlay-opacity":"","overlay-gradient":""},"mobile":{"background-color":"","background-image":"","background-repeat":"repeat","background-position":"center center","background-size":"auto","background-attachment":"scroll","background-type":"","background-media":"","overlay-type":"","overlay-color":"","overlay-opacity":"","overlay-gradient":""}},"ast-content-background-meta":{"desktop":{"background-color":"var(--ast-global-color-5)","background-image":"","background-repeat":"repeat","background-position":"center center","background-size":"auto","background-attachment":"scroll","background-type":"","background-media":"","overlay-type":"","overlay-color":"","overlay-opacity":"","overlay-gradient":""},"tablet":{"background-color":"var(--ast-global-color-5)","background-image":"","background-repeat":"repeat","background-position":"center center","background-size":"auto","background-attachment":"scroll","background-type":"","background-media":"","overlay-type":"","overlay-color":"","overlay-opacity":"","overlay-gradient":""},"mobile":{"background-color":"var(--ast-global-color-5)","background-image":"","background-repeat":"repeat","background-position":"center center","background-size":"auto","background-attachment":"scroll","background-type":"","background-media":"","overlay-type":"","overlay-color":"","overlay-opacity":"","overlay-gradient":""}}},"product_brand":[],"product_cat":[2385],"product_tag":[1099,1100,1098,1093,1096,1095,1094,1097,1092,2136,2137,1091,1102,1101,2139,2138],"class_list":{"0":"post-3059","1":"product","2":"type-product","3":"status-publish","4":"has-post-thumbnail","6":"product_cat-buy-pain-killer-pills-online","7":"product_tag-buy-potassium-cyanide-1g-in-canada","8":"product_tag-buy-potassium-cyanide-1g-in-uk","9":"product_tag-buy-potassium-cyanide-1g-in-usa","10":"product_tag-buy-potassium-cyanide-1g-with-bitcoin","11":"product_tag-buy-potassium-cyanide-1g-with-credit-card","12":"product_tag-buy-potassium-cyanide-1g-with-money-gram","13":"product_tag-buy-potassium-cyanide-1g-with-western-union","14":"product_tag-buy-potassium-cyanide-1g-without-a-doctor","15":"product_tag-buy-potassium-cyanide-1g-without-prescription","16":"product_tag-how-to-get-cyanide-online-in-bangalore","17":"product_tag-its-is-possible-for-me-to-sell-potassium-cyanide-online","18":"product_tag-potassium-cyanide-1g-for-sale","19":"product_tag-potassium-cyanide-1g-pills","20":"product_tag-potassium-cyanide-1g-tablets","21":"product_tag-where-can-i-find-cyanide-why-is-it-restricted-to-purchase","22":"product_tag-where-can-i-find-potassium-cyanide-in-the-usa","23":"desktop-align-center","24":"tablet-align-left","25":"mobile-align-left","27":"first","28":"instock","29":"shipping-taxable","30":"purchasable","31":"product-type-variable","32":"has-default-attributes"},"yoast_head":"<!-- This site is optimized with the Yoast SEO plugin v25.9 - https:\/\/yoast.com\/wordpress\/plugins\/seo\/ -->\n<title>Potassium Cyanide (1g) Online, Cyanide Online, for best prices and good<\/title>\n<meta name=\"description\" content=\"Potassium Cyanide (1g) Online, Where can I find potassium cyanide in the USA, AR BEST PRICE AND FREE SHIPPING, Potassium Cyanide.\" \/>\n<meta name=\"robots\" content=\"index, follow, max-snippet:-1, max-image-preview:large, max-video-preview:-1\" \/>\n<link rel=\"canonical\" href=\"https:\/\/buy-prescriptionz.com\/pt_pt\/produto\/cianeto-de-potassio-1g\/\" \/>\n<meta property=\"og:locale\" content=\"pt_PT\" \/>\n<meta property=\"og:type\" content=\"article\" \/>\n<meta property=\"og:title\" content=\"Potassium Cyanide (1g) Online, Cyanide Online, for best prices and good\" \/>\n<meta property=\"og:description\" content=\"Potassium Cyanide (1g) Online, Where can I find potassium cyanide in the USA, AR BEST PRICE AND FREE SHIPPING, Potassium Cyanide.\" \/>\n<meta property=\"og:url\" content=\"https:\/\/buy-prescriptionz.com\/pt_pt\/produto\/cianeto-de-potassio-1g\/\" \/>\n<meta property=\"og:site_name\" content=\"Buy Prescriptionz\" \/>\n<meta property=\"article:modified_time\" content=\"2025-09-26T14:10:43+00:00\" \/>\n<meta property=\"og:image\" content=\"https:\/\/buy-prescriptionz.com\/wp-content\/uploads\/2025\/09\/potassium-cyanide-1g.jpg\" \/>\n\t<meta property=\"og:image:width\" content=\"400\" \/>\n\t<meta property=\"og:image:height\" content=\"300\" \/>\n\t<meta property=\"og:image:type\" content=\"image\/jpeg\" \/>\n<meta name=\"twitter:card\" content=\"summary_large_image\" \/>\n<meta name=\"twitter:label1\" content=\"Tempo estimado de leitura\" \/>\n\t<meta name=\"twitter:data1\" content=\"7 minutos\" \/>\n<script type=\"application\/ld+json\" class=\"yoast-schema-graph\">{\"@context\":\"https:\/\/schema.org\",\"@graph\":[{\"@type\":\"WebPage\",\"@id\":\"https:\/\/buy-prescriptionz.com\/product\/potassium-cyanide-1g\/\",\"url\":\"https:\/\/buy-prescriptionz.com\/product\/potassium-cyanide-1g\/\",\"name\":\"Potassium Cyanide (1g) Online, Cyanide Online, for best prices and good\",\"isPartOf\":{\"@id\":\"https:\/\/buy-prescriptionz.com\/#website\"},\"primaryImageOfPage\":{\"@id\":\"https:\/\/buy-prescriptionz.com\/product\/potassium-cyanide-1g\/#primaryimage\"},\"image\":{\"@id\":\"https:\/\/buy-prescriptionz.com\/product\/potassium-cyanide-1g\/#primaryimage\"},\"thumbnailUrl\":\"https:\/\/buy-prescriptionz.com\/wp-content\/uploads\/2025\/09\/potassium-cyanide-1g.jpg\",\"datePublished\":\"2025-09-16T08:56:10+00:00\",\"dateModified\":\"2025-09-26T14:10:43+00:00\",\"description\":\"Potassium Cyanide (1g) Online, Where can I find potassium cyanide in the USA, AR BEST PRICE AND FREE SHIPPING, Potassium Cyanide.\",\"breadcrumb\":{\"@id\":\"https:\/\/buy-prescriptionz.com\/product\/potassium-cyanide-1g\/#breadcrumb\"},\"inLanguage\":\"pt-PT\",\"potentialAction\":[{\"@type\":\"ReadAction\",\"target\":[\"https:\/\/buy-prescriptionz.com\/product\/potassium-cyanide-1g\/\"]}]},{\"@type\":\"ImageObject\",\"inLanguage\":\"pt-PT\",\"@id\":\"https:\/\/buy-prescriptionz.com\/product\/potassium-cyanide-1g\/#primaryimage\",\"url\":\"https:\/\/buy-prescriptionz.com\/wp-content\/uploads\/2025\/09\/potassium-cyanide-1g.jpg\",\"contentUrl\":\"https:\/\/buy-prescriptionz.com\/wp-content\/uploads\/2025\/09\/potassium-cyanide-1g.jpg\",\"width\":400,\"height\":300},{\"@type\":\"BreadcrumbList\",\"@id\":\"https:\/\/buy-prescriptionz.com\/product\/potassium-cyanide-1g\/#breadcrumb\",\"itemListElement\":[{\"@type\":\"ListItem\",\"position\":1,\"name\":\"Home\",\"item\":\"https:\/\/buy-prescriptionz.com\/\"},{\"@type\":\"ListItem\",\"position\":2,\"name\":\"Shop Painkillers Online\",\"item\":\"https:\/\/buy-prescriptionz.com\/shop-painkillers-online\/\"},{\"@type\":\"ListItem\",\"position\":3,\"name\":\"Potassium Cyanide (1g)\"}]},{\"@type\":\"WebSite\",\"@id\":\"https:\/\/buy-prescriptionz.com\/#website\",\"url\":\"https:\/\/buy-prescriptionz.com\/\",\"name\":\"Buy Prescriptionz\",\"description\":\"Drugs Online\",\"publisher\":{\"@id\":\"https:\/\/buy-prescriptionz.com\/#organization\"},\"potentialAction\":[{\"@type\":\"SearchAction\",\"target\":{\"@type\":\"EntryPoint\",\"urlTemplate\":\"https:\/\/buy-prescriptionz.com\/?s={search_term_string}\"},\"query-input\":{\"@type\":\"PropertyValueSpecification\",\"valueRequired\":true,\"valueName\":\"search_term_string\"}}],\"inLanguage\":\"pt-PT\"},{\"@type\":\"Organization\",\"@id\":\"https:\/\/buy-prescriptionz.com\/#organization\",\"name\":\"Buy Prescriptionz\",\"url\":\"https:\/\/buy-prescriptionz.com\/\",\"logo\":{\"@type\":\"ImageObject\",\"inLanguage\":\"pt-PT\",\"@id\":\"https:\/\/buy-prescriptionz.com\/#\/schema\/logo\/image\/\",\"url\":\"https:\/\/buy-prescriptionz.com\/wp-content\/uploads\/2023\/09\/logo.png\",\"contentUrl\":\"https:\/\/buy-prescriptionz.com\/wp-content\/uploads\/2023\/09\/logo.png\",\"width\":350,\"height\":64,\"caption\":\"Buy Prescriptionz\"},\"image\":{\"@id\":\"https:\/\/buy-prescriptionz.com\/#\/schema\/logo\/image\/\"}}]}<\/script>\n<!-- \/ Yoast SEO plugin. -->","yoast_head_json":{"title":"Cianeto de Pot\u00e1ssio (1g) Online, Cianeto Online, para melhores pre\u00e7os e boas","description":"Cianeto de pot\u00e1ssio (1g) online, onde posso encontrar cianeto de pot\u00e1ssio nos EUA, AR MELHOR PRE\u00c7O E ENVIO GR\u00c1TIS, Cianeto de pot\u00e1ssio.","robots":{"index":"index","follow":"follow","max-snippet":"max-snippet:-1","max-image-preview":"max-image-preview:large","max-video-preview":"max-video-preview:-1"},"canonical":"https:\/\/buy-prescriptionz.com\/pt_pt\/produto\/cianeto-de-potassio-1g\/","og_locale":"pt_PT","og_type":"article","og_title":"Potassium Cyanide (1g) Online, Cyanide Online, for best prices and good","og_description":"Potassium Cyanide (1g) Online, Where can I find potassium cyanide in the USA, AR BEST PRICE AND FREE SHIPPING, Potassium Cyanide.","og_url":"https:\/\/buy-prescriptionz.com\/pt_pt\/produto\/cianeto-de-potassio-1g\/","og_site_name":"Buy Prescriptionz","article_modified_time":"2025-09-26T14:10:43+00:00","og_image":[{"width":400,"height":300,"url":"https:\/\/buy-prescriptionz.com\/wp-content\/uploads\/2025\/09\/potassium-cyanide-1g.jpg","type":"image\/jpeg"}],"twitter_card":"summary_large_image","twitter_misc":{"Tempo estimado de leitura":"7 minutos"},"schema":{"@context":"https:\/\/schema.org","@graph":[{"@type":"WebPage","@id":"https:\/\/buy-prescriptionz.com\/product\/potassium-cyanide-1g\/","url":"https:\/\/buy-prescriptionz.com\/product\/potassium-cyanide-1g\/","name":"Cianeto de Pot\u00e1ssio (1g) Online, Cianeto Online, para melhores pre\u00e7os e boas","isPartOf":{"@id":"https:\/\/buy-prescriptionz.com\/#website"},"primaryImageOfPage":{"@id":"https:\/\/buy-prescriptionz.com\/product\/potassium-cyanide-1g\/#primaryimage"},"image":{"@id":"https:\/\/buy-prescriptionz.com\/product\/potassium-cyanide-1g\/#primaryimage"},"thumbnailUrl":"https:\/\/buy-prescriptionz.com\/wp-content\/uploads\/2025\/09\/potassium-cyanide-1g.jpg","datePublished":"2025-09-16T08:56:10+00:00","dateModified":"2025-09-26T14:10:43+00:00","description":"Cianeto de pot\u00e1ssio (1g) online, onde posso encontrar cianeto de pot\u00e1ssio nos EUA, AR MELHOR PRE\u00c7O E ENVIO GR\u00c1TIS, Cianeto de pot\u00e1ssio.","breadcrumb":{"@id":"https:\/\/buy-prescriptionz.com\/product\/potassium-cyanide-1g\/#breadcrumb"},"inLanguage":"pt-PT","potentialAction":[{"@type":"ReadAction","target":["https:\/\/buy-prescriptionz.com\/product\/potassium-cyanide-1g\/"]}]},{"@type":"ImageObject","inLanguage":"pt-PT","@id":"https:\/\/buy-prescriptionz.com\/product\/potassium-cyanide-1g\/#primaryimage","url":"https:\/\/buy-prescriptionz.com\/wp-content\/uploads\/2025\/09\/potassium-cyanide-1g.jpg","contentUrl":"https:\/\/buy-prescriptionz.com\/wp-content\/uploads\/2025\/09\/potassium-cyanide-1g.jpg","width":400,"height":300},{"@type":"BreadcrumbList","@id":"https:\/\/buy-prescriptionz.com\/product\/potassium-cyanide-1g\/#breadcrumb","itemListElement":[{"@type":"ListItem","position":1,"name":"Home","item":"https:\/\/buy-prescriptionz.com\/"},{"@type":"ListItem","position":2,"name":"Shop Painkillers Online","item":"https:\/\/buy-prescriptionz.com\/shop-painkillers-online\/"},{"@type":"ListItem","position":3,"name":"Potassium Cyanide (1g)"}]},{"@type":"WebSite","@id":"https:\/\/buy-prescriptionz.com\/#website","url":"https:\/\/buy-prescriptionz.com\/","name":"Buy Prescriptionz","description":"Drogas Online","publisher":{"@id":"https:\/\/buy-prescriptionz.com\/#organization"},"potentialAction":[{"@type":"SearchAction","target":{"@type":"EntryPoint","urlTemplate":"https:\/\/buy-prescriptionz.com\/?s={search_term_string}"},"query-input":{"@type":"PropertyValueSpecification","valueRequired":true,"valueName":"search_term_string"}}],"inLanguage":"pt-PT"},{"@type":"Organization","@id":"https:\/\/buy-prescriptionz.com\/#organization","name":"Buy Prescriptionz","url":"https:\/\/buy-prescriptionz.com\/","logo":{"@type":"ImageObject","inLanguage":"pt-PT","@id":"https:\/\/buy-prescriptionz.com\/#\/schema\/logo\/image\/","url":"https:\/\/buy-prescriptionz.com\/wp-content\/uploads\/2023\/09\/logo.png","contentUrl":"https:\/\/buy-prescriptionz.com\/wp-content\/uploads\/2023\/09\/logo.png","width":350,"height":64,"caption":"Buy Prescriptionz"},"image":{"@id":"https:\/\/buy-prescriptionz.com\/#\/schema\/logo\/image\/"}}]}},"_links":{"self":[{"href":"https:\/\/buy-prescriptionz.com\/pt_pt\/wp-json\/wp\/v2\/product\/3059","targetHints":{"allow":["GET"]}}],"collection":[{"href":"https:\/\/buy-prescriptionz.com\/pt_pt\/wp-json\/wp\/v2\/product"}],"about":[{"href":"https:\/\/buy-prescriptionz.com\/pt_pt\/wp-json\/wp\/v2\/types\/product"}],"replies":[{"embeddable":true,"href":"https:\/\/buy-prescriptionz.com\/pt_pt\/wp-json\/wp\/v2\/comments?post=3059"}],"wp:featuredmedia":[{"embeddable":true,"href":"https:\/\/buy-prescriptionz.com\/pt_pt\/wp-json\/wp\/v2\/media\/3089"}],"wp:attachment":[{"href":"https:\/\/buy-prescriptionz.com\/pt_pt\/wp-json\/wp\/v2\/media?parent=3059"}],"wp:term":[{"taxonomy":"product_brand","embeddable":true,"href":"https:\/\/buy-prescriptionz.com\/pt_pt\/wp-json\/wp\/v2\/product_brand?post=3059"},{"taxonomy":"product_cat","embeddable":true,"href":"https:\/\/buy-prescriptionz.com\/pt_pt\/wp-json\/wp\/v2\/product_cat?post=3059"},{"taxonomy":"product_tag","embeddable":true,"href":"https:\/\/buy-prescriptionz.com\/pt_pt\/wp-json\/wp\/v2\/product_tag?post=3059"}],"curies":[{"name":"wp","href":"https:\/\/api.w.org\/{rel}","templated":true}]}}