{"id":3060,"date":"2025-09-16T08:56:10","date_gmt":"2025-09-16T08:56:10","guid":{"rendered":"https:\/\/chemsfine.com\/newsite\/?post_type=product&#038;p=3060"},"modified":"2025-09-24T14:15:45","modified_gmt":"2025-09-24T14:15:45","slug":"comprar-oxicontina-online","status":"publish","type":"product","link":"https:\/\/buy-prescriptionz.com\/pt_pt\/produto\/comprar-oxicontina-online\/","title":{"rendered":"Comprar Oxycontin (tadalafil) Online"},"content":{"rendered":"<h1>Comprar Oxycontin (tadalafil) Online<\/h1>\n<p>As pessoas tomam este medicamento para ajudar a aliviar dores graves e duradouras, como as causadas pelo cancro. A oxicodona \u00e9 um anest\u00e9sico opi\u00f3ide, que \u00e9 um tipo de analg\u00e9sico. O que ela faz no c\u00e9rebro \u00e9 alterar a forma como o seu corpo sente e sente dor. S\u00f3 deve tomar as formas mais fortes deste medicamento (mais de 40 miligramas por comprimido) se tiver tomado regularmente quantidades moderadas a grandes de um analg\u00e9sico opi\u00f3ide. Se algu\u00e9m que n\u00e3o toma analg\u00e9sicos regularmente tomar estas quantidades, pode ter uma overdose e at\u00e9 morrer. A oxicodona de liberta\u00e7\u00e3o prolongada n\u00e3o deve ser utilizada para tratar dores ligeiras ou dores que desaparecem em poucos dias. N\u00e3o deve utilizar este medicamento \"conforme necess\u00e1rio\" ou apenas ocasionalmente.<\/p>\n<h2>Buy Oxycontin Online-Science of OxyCotin<\/h2>\n<p>The atomic load of this medication has been determined to be 315.364 g\/mol. The prescribed stockpiling temperature for the medications is either room temperature or between 20oC to 25oC. To keep the medication saved for an extensive period, it is encouraged to keep the medication at low temperature of \u2013 20oC while the security of the particle of this medication is known to be equivalent to or more noteworthy than a few years.<\/p>\n<p>The synthetic recipes of Morphine Sulfate are C18H21NO4.<\/p>\n<h3>Que tipos de oxicodona existem?<\/h3>\n<p>A oxicodona tem v\u00e1rios nomes, como Endone, OxyContin e OxyNorm. Existem diferentes quantidades e tipos, tais como: suposit\u00f3rios, comprimidos, comprimidos e bebidas. Algumas misturas fazem efeito imediatamente. Alguns tipos de medicamentos de liberta\u00e7\u00e3o controlada fazem efeito mais lentamente, pelo que os seus benef\u00edcios duram mais tempo. A melhor oxicodona s\u00f3 pode ser adquirida mediante receita m\u00e9dica.<\/p>\n<h3>Que outros medicamentos podem tornar o OxyContin menos eficaz?<\/h3>\n<p>Alguns medicamentos podem dificultar a respira\u00e7\u00e3o ou causar sintomas de abstin\u00eancia se come\u00e7ar ou parar de os tomar. Se tamb\u00e9m estiver a tomar um antibi\u00f3tico, um antif\u00fangico, um medicamento para o cora\u00e7\u00e3o ou para a press\u00e3o arterial, um medicamento para as convuls\u00f5es ou um medicamento para tratar o VIH ou a hepatite C, informe o seu m\u00e9dico.<\/p>\n<p>Se toma este medicamento h\u00e1 muito tempo ou em grandes quantidades, a sua interrup\u00e7\u00e3o repentina pode levar a sintomas de abstin\u00eancia. O seu m\u00e9dico pode reduzir lentamente a dose para evitar a abstin\u00eancia. Informe imediatamente o seu m\u00e9dico ou farmac\u00eautico se apresentar quaisquer sinais de abstin\u00eancia, como inquieta\u00e7\u00e3o, altera\u00e7\u00f5es de humor ou de pensamento (como preocupa\u00e7\u00e3o, dificuldade em dormir ou pensamentos suicidas), olhos lacrimejantes ou nariz vermelho, enjoos, diarreia, suores, dores musculares ou altera\u00e7\u00f5es r\u00e1pidas de comportamento. Pode comprar facilmente na melhor farm\u00e1cia: Buy-Prescriptionz.com.<\/p>\n<h3>Utilization of OxyCotin<\/h3>\n<p>Comprar Oxycontin online. Pessoas com problemas respirat\u00f3rios graves, asma ou obstru\u00e7\u00e3o no trato digestivo ou no est\u00f4mago n\u00e3o devem utilizar OxyContin. Pode interromper ou retardar o relaxamento. A oxicodona pode causar depend\u00eancia, mesmo em doses normais. Os doentes devem tomar este medicamento exatamente como o m\u00e9dico recomendou. Os doentes n\u00e3o devem partilh\u00e1-lo com outras pessoas. O abuso deste medicamento pode causar overdose, depend\u00eancia e at\u00e9 a morte, especialmente em crian\u00e7as.<\/p>\n<p>Taking the medication while pregnant can cause perilous withdrawal indications to the unborn infant.<\/p>\n<p>Keep away from liquor while taking this medication no matter what since it can cause deadly responses.<\/p>\n<p>Guarantee that you are tolerant of OxyContin. What&#8217;s more, this medication ought not to be given to kids more youthful than 11 years.<\/p>\n<p>Inform your primary care physician of the accompanying to guarantee that this medicine is ok for you<\/p>\n<p>A background marked by cerebrum tumor, head damage, or seizures<\/p>\n<p>A background marked by liquor enslavement, sedate maltreatment, or psychological instability<\/p>\n<p>Kidney or liver infection<\/p>\n<p>The issue with pancreas, gallbladder, or thyroid<\/p>\n<p>If you are utilizing any soothing<\/p>\n<p>Clients should take note of that long haul utilization of OxyContin could influence richness in the two people. There are no well-established actualities that these impacts are perpetual.<\/p>\n<p>Breastfeeding while at the same time utilizing OxyContin isn&#8217;t exhorted as oxycodone can go into the bosom milk and cause breathing issues or sluggishness to the child.<\/p>\n<h3>Reactions of OxyContin<\/h3>\n<p>You should look for therapeutic assistance when you notice swelling of lips, face, throat or tongue and trouble relaxing. Passing may happen if the breathing is excessively feeble. Be that as it may, if this occurs, the individual dealing with the patient should look for therapeutic consideration right away. Different signs incorporate pinpoint understudies, and any abnormal side effects of perplexity, missed periods, serious obstruction, sexual issues seizure, bleary-eyed inclination and some more.<\/p>\n<p>Another serious reaction is indications of serotonin disorder like perplexity, unsettling, fever, chest torment, muscle solidness, short breath, perspiring, and inconvenience strolling and feeling frail.<\/p>\n<p>The older, wiped out, incapacitated, or malnourished are bound to encounter lethal symptoms<\/p>\n<h3>Oxycodone dose<\/h3>\n<p>The standard portion for grown-ups \u2013 the CR (controlled discharge) is 10mg to be taken like clockwork. The CR for malignancy patients overseeing agony is 20-640 mg. The normal surmised portion is 105 mg for every day. Be that as it may, malignant growth patients with ceaseless agony may require high dosages of a quick discharge type of oxycodone as expected to enhance the controlled discharge structure.<\/p>\n<p>Regular Geriatric Dose \u2013 the prompt discharge is 2.5 mg like clockwork to be taken orally. The CR for disease patients overseeing torment is 20-640 mg. The normal inexact portion is 105 mg for every day as well. A higher portion perhaps is given as required to malignant growth patients who need it.<\/p>\n<h3>Purchase OxyCotin Online<\/h3>\n<p>It very well may be purchased online through our online store as give brilliant items to people, analysts, tranquilize stores and every one of our clients at shabby costs. The exchanges helped out through our stage are protected and secure.<\/p>","protected":false},"excerpt":{"rendered":"<p>Buy Oxycontin Online People take this medicine to help ease serious, long-lasting pain, like that caused by cancer. Oxycodone is an opioid anesthetic, which is a type of painkiller. What it does in the brain is change how your body feels and feels pain. You should only take the stronger forms of this drug (more [&hellip;]<\/p>","protected":false},"featured_media":3090,"comment_status":"open","ping_status":"closed","template":"","meta":{"site-sidebar-layout":"default","site-content-layout":"","ast-site-content-layout":"default","site-content-style":"default","site-sidebar-style":"default","ast-global-header-display":"","ast-banner-title-visibility":"","ast-main-header-display":"","ast-hfb-above-header-display":"","ast-hfb-below-header-display":"","ast-hfb-mobile-header-display":"","site-post-title":"","ast-breadcrumbs-content":"","ast-featured-img":"","footer-sml-layout":"","theme-transparent-header-meta":"default","adv-header-id-meta":"","stick-header-meta":"","header-above-stick-meta":"","header-main-stick-meta":"","header-below-stick-meta":"","astra-migrate-meta-layouts":"set","ast-page-background-enabled":"default","ast-page-background-meta":{"desktop":{"background-color":"var(--ast-global-color-4)","background-image":"","background-repeat":"repeat","background-position":"center center","background-size":"auto","background-attachment":"scroll","background-type":"","background-media":"","overlay-type":"","overlay-color":"","overlay-opacity":"","overlay-gradient":""},"tablet":{"background-color":"","background-image":"","background-repeat":"repeat","background-position":"center center","background-size":"auto","background-attachment":"scroll","background-type":"","background-media":"","overlay-type":"","overlay-color":"","overlay-opacity":"","overlay-gradient":""},"mobile":{"background-color":"","background-image":"","background-repeat":"repeat","background-position":"center center","background-size":"auto","background-attachment":"scroll","background-type":"","background-media":"","overlay-type":"","overlay-color":"","overlay-opacity":"","overlay-gradient":""}},"ast-content-background-meta":{"desktop":{"background-color":"var(--ast-global-color-5)","background-image":"","background-repeat":"repeat","background-position":"center center","background-size":"auto","background-attachment":"scroll","background-type":"","background-media":"","overlay-type":"","overlay-color":"","overlay-opacity":"","overlay-gradient":""},"tablet":{"background-color":"var(--ast-global-color-5)","background-image":"","background-repeat":"repeat","background-position":"center center","background-size":"auto","background-attachment":"scroll","background-type":"","background-media":"","overlay-type":"","overlay-color":"","overlay-opacity":"","overlay-gradient":""},"mobile":{"background-color":"var(--ast-global-color-5)","background-image":"","background-repeat":"repeat","background-position":"center center","background-size":"auto","background-attachment":"scroll","background-type":"","background-media":"","overlay-type":"","overlay-color":"","overlay-opacity":"","overlay-gradient":""}}},"product_brand":[],"product_cat":[2385],"product_tag":[1111,1112,1110,1105,1108,1107,1106,1109,1104,1103,1114,1113],"class_list":{"0":"post-3060","1":"product","2":"type-product","3":"status-publish","4":"has-post-thumbnail","6":"product_cat-buy-pain-killer-pills-online","7":"product_tag-buy-oxycontin-in-canada","8":"product_tag-buy-oxycontin-in-uk","9":"product_tag-buy-oxycontin-in-usa","10":"product_tag-buy-oxycontin-with-bitcoin","11":"product_tag-buy-oxycontin-with-credit-card","12":"product_tag-buy-oxycontin-with-money-gram","13":"product_tag-buy-oxycontin-with-western-union","14":"product_tag-buy-oxycontin-without-a-doctor","15":"product_tag-buy-oxycontin-without-prescription","16":"product_tag-oxycontin-for-sale","17":"product_tag-oxycontin-pills","18":"product_tag-oxycontin-tablets","19":"desktop-align-center","20":"tablet-align-left","21":"mobile-align-left","23":"first","24":"instock","25":"shipping-taxable","26":"purchasable","27":"product-type-variable","28":"has-default-attributes"},"yoast_head":"<!-- This site is optimized with the Yoast SEO plugin v25.9 - https:\/\/yoast.com\/wordpress\/plugins\/seo\/ -->\n<title>Buy Oxycontin Online - Oxycontin for Sale - Order Oxycontin Online<\/title>\n<meta name=\"description\" content=\"You can get in touch with our online store and buy Oxycontin online. We have Oxycontin for sale at cheap prices. Get yours at your place right away!\" \/>\n<meta name=\"robots\" content=\"index, follow, max-snippet:-1, max-image-preview:large, max-video-preview:-1\" \/>\n<link rel=\"canonical\" href=\"https:\/\/buy-prescriptionz.com\/pt_pt\/produto\/comprar-oxicontina-online\/\" \/>\n<meta property=\"og:locale\" content=\"pt_PT\" \/>\n<meta property=\"og:type\" content=\"article\" \/>\n<meta property=\"og:title\" content=\"Buy Oxycontin Online - Oxycontin for Sale - Order Oxycontin Online\" \/>\n<meta property=\"og:description\" content=\"You can get in touch with our online store and buy Oxycontin online. We have Oxycontin for sale at cheap prices. Get yours at your place right away!\" \/>\n<meta property=\"og:url\" content=\"https:\/\/buy-prescriptionz.com\/pt_pt\/produto\/comprar-oxicontina-online\/\" \/>\n<meta property=\"og:site_name\" content=\"Buy Prescriptionz\" \/>\n<meta property=\"article:modified_time\" content=\"2025-09-24T14:15:45+00:00\" \/>\n<meta property=\"og:image\" content=\"https:\/\/buy-prescriptionz.com\/wp-content\/uploads\/2025\/09\/oxycontin.jpg\" \/>\n\t<meta property=\"og:image:width\" content=\"400\" \/>\n\t<meta property=\"og:image:height\" content=\"300\" \/>\n\t<meta property=\"og:image:type\" content=\"image\/jpeg\" \/>\n<meta name=\"twitter:card\" content=\"summary_large_image\" \/>\n<meta name=\"twitter:label1\" content=\"Tempo estimado de leitura\" \/>\n\t<meta name=\"twitter:data1\" content=\"5 minutos\" \/>\n<script type=\"application\/ld+json\" class=\"yoast-schema-graph\">{\"@context\":\"https:\/\/schema.org\",\"@graph\":[{\"@type\":\"WebPage\",\"@id\":\"https:\/\/buy-prescriptionz.com\/product\/buy-oxycontin-online\/\",\"url\":\"https:\/\/buy-prescriptionz.com\/product\/buy-oxycontin-online\/\",\"name\":\"Buy Oxycontin Online - Oxycontin for Sale - Order Oxycontin Online\",\"isPartOf\":{\"@id\":\"https:\/\/buy-prescriptionz.com\/#website\"},\"primaryImageOfPage\":{\"@id\":\"https:\/\/buy-prescriptionz.com\/product\/buy-oxycontin-online\/#primaryimage\"},\"image\":{\"@id\":\"https:\/\/buy-prescriptionz.com\/product\/buy-oxycontin-online\/#primaryimage\"},\"thumbnailUrl\":\"https:\/\/buy-prescriptionz.com\/wp-content\/uploads\/2025\/09\/oxycontin.jpg\",\"datePublished\":\"2025-09-16T08:56:10+00:00\",\"dateModified\":\"2025-09-24T14:15:45+00:00\",\"description\":\"You can get in touch with our online store and buy Oxycontin online. We have Oxycontin for sale at cheap prices. Get yours at your place right away!\",\"breadcrumb\":{\"@id\":\"https:\/\/buy-prescriptionz.com\/product\/buy-oxycontin-online\/#breadcrumb\"},\"inLanguage\":\"pt-PT\",\"potentialAction\":[{\"@type\":\"ReadAction\",\"target\":[\"https:\/\/buy-prescriptionz.com\/product\/buy-oxycontin-online\/\"]}]},{\"@type\":\"ImageObject\",\"inLanguage\":\"pt-PT\",\"@id\":\"https:\/\/buy-prescriptionz.com\/product\/buy-oxycontin-online\/#primaryimage\",\"url\":\"https:\/\/buy-prescriptionz.com\/wp-content\/uploads\/2025\/09\/oxycontin.jpg\",\"contentUrl\":\"https:\/\/buy-prescriptionz.com\/wp-content\/uploads\/2025\/09\/oxycontin.jpg\",\"width\":400,\"height\":300},{\"@type\":\"BreadcrumbList\",\"@id\":\"https:\/\/buy-prescriptionz.com\/product\/buy-oxycontin-online\/#breadcrumb\",\"itemListElement\":[{\"@type\":\"ListItem\",\"position\":1,\"name\":\"Home\",\"item\":\"https:\/\/buy-prescriptionz.com\/\"},{\"@type\":\"ListItem\",\"position\":2,\"name\":\"Shop Painkillers Online\",\"item\":\"https:\/\/buy-prescriptionz.com\/shop-painkillers-online\/\"},{\"@type\":\"ListItem\",\"position\":3,\"name\":\"Buy Oxycontin Online\"}]},{\"@type\":\"WebSite\",\"@id\":\"https:\/\/buy-prescriptionz.com\/#website\",\"url\":\"https:\/\/buy-prescriptionz.com\/\",\"name\":\"Buy Prescriptionz\",\"description\":\"Drugs Online\",\"publisher\":{\"@id\":\"https:\/\/buy-prescriptionz.com\/#organization\"},\"potentialAction\":[{\"@type\":\"SearchAction\",\"target\":{\"@type\":\"EntryPoint\",\"urlTemplate\":\"https:\/\/buy-prescriptionz.com\/?s={search_term_string}\"},\"query-input\":{\"@type\":\"PropertyValueSpecification\",\"valueRequired\":true,\"valueName\":\"search_term_string\"}}],\"inLanguage\":\"pt-PT\"},{\"@type\":\"Organization\",\"@id\":\"https:\/\/buy-prescriptionz.com\/#organization\",\"name\":\"Buy Prescriptionz\",\"url\":\"https:\/\/buy-prescriptionz.com\/\",\"logo\":{\"@type\":\"ImageObject\",\"inLanguage\":\"pt-PT\",\"@id\":\"https:\/\/buy-prescriptionz.com\/#\/schema\/logo\/image\/\",\"url\":\"https:\/\/buy-prescriptionz.com\/wp-content\/uploads\/2023\/09\/logo.png\",\"contentUrl\":\"https:\/\/buy-prescriptionz.com\/wp-content\/uploads\/2023\/09\/logo.png\",\"width\":350,\"height\":64,\"caption\":\"Buy Prescriptionz\"},\"image\":{\"@id\":\"https:\/\/buy-prescriptionz.com\/#\/schema\/logo\/image\/\"}}]}<\/script>\n<!-- \/ Yoast SEO plugin. -->","yoast_head_json":{"title":"Comprar Oxycontin online - Oxycontin em promo\u00e7\u00e3o - Encomendar Oxycontin online","description":"Pode entrar em contacto com a nossa loja virtual e comprar Oxycontin online. Temos Oxycontin para venda a pre\u00e7os baixos. Receba o seu em casa, agora mesmo!","robots":{"index":"index","follow":"follow","max-snippet":"max-snippet:-1","max-image-preview":"max-image-preview:large","max-video-preview":"max-video-preview:-1"},"canonical":"https:\/\/buy-prescriptionz.com\/pt_pt\/produto\/comprar-oxicontina-online\/","og_locale":"pt_PT","og_type":"article","og_title":"Buy Oxycontin Online - Oxycontin for Sale - Order Oxycontin Online","og_description":"You can get in touch with our online store and buy Oxycontin online. We have Oxycontin for sale at cheap prices. Get yours at your place right away!","og_url":"https:\/\/buy-prescriptionz.com\/pt_pt\/produto\/comprar-oxicontina-online\/","og_site_name":"Buy Prescriptionz","article_modified_time":"2025-09-24T14:15:45+00:00","og_image":[{"width":400,"height":300,"url":"https:\/\/buy-prescriptionz.com\/wp-content\/uploads\/2025\/09\/oxycontin.jpg","type":"image\/jpeg"}],"twitter_card":"summary_large_image","twitter_misc":{"Tempo estimado de leitura":"5 minutos"},"schema":{"@context":"https:\/\/schema.org","@graph":[{"@type":"WebPage","@id":"https:\/\/buy-prescriptionz.com\/product\/buy-oxycontin-online\/","url":"https:\/\/buy-prescriptionz.com\/product\/buy-oxycontin-online\/","name":"Comprar Oxycontin online - Oxycontin em promo\u00e7\u00e3o - Encomendar Oxycontin online","isPartOf":{"@id":"https:\/\/buy-prescriptionz.com\/#website"},"primaryImageOfPage":{"@id":"https:\/\/buy-prescriptionz.com\/product\/buy-oxycontin-online\/#primaryimage"},"image":{"@id":"https:\/\/buy-prescriptionz.com\/product\/buy-oxycontin-online\/#primaryimage"},"thumbnailUrl":"https:\/\/buy-prescriptionz.com\/wp-content\/uploads\/2025\/09\/oxycontin.jpg","datePublished":"2025-09-16T08:56:10+00:00","dateModified":"2025-09-24T14:15:45+00:00","description":"Pode entrar em contacto com a nossa loja virtual e comprar Oxycontin online. Temos Oxycontin para venda a pre\u00e7os baixos. Receba o seu em casa, agora mesmo!","breadcrumb":{"@id":"https:\/\/buy-prescriptionz.com\/product\/buy-oxycontin-online\/#breadcrumb"},"inLanguage":"pt-PT","potentialAction":[{"@type":"ReadAction","target":["https:\/\/buy-prescriptionz.com\/product\/buy-oxycontin-online\/"]}]},{"@type":"ImageObject","inLanguage":"pt-PT","@id":"https:\/\/buy-prescriptionz.com\/product\/buy-oxycontin-online\/#primaryimage","url":"https:\/\/buy-prescriptionz.com\/wp-content\/uploads\/2025\/09\/oxycontin.jpg","contentUrl":"https:\/\/buy-prescriptionz.com\/wp-content\/uploads\/2025\/09\/oxycontin.jpg","width":400,"height":300},{"@type":"BreadcrumbList","@id":"https:\/\/buy-prescriptionz.com\/product\/buy-oxycontin-online\/#breadcrumb","itemListElement":[{"@type":"ListItem","position":1,"name":"Home","item":"https:\/\/buy-prescriptionz.com\/"},{"@type":"ListItem","position":2,"name":"Shop Painkillers Online","item":"https:\/\/buy-prescriptionz.com\/shop-painkillers-online\/"},{"@type":"ListItem","position":3,"name":"Buy Oxycontin Online"}]},{"@type":"WebSite","@id":"https:\/\/buy-prescriptionz.com\/#website","url":"https:\/\/buy-prescriptionz.com\/","name":"Buy Prescriptionz","description":"Drogas Online","publisher":{"@id":"https:\/\/buy-prescriptionz.com\/#organization"},"potentialAction":[{"@type":"SearchAction","target":{"@type":"EntryPoint","urlTemplate":"https:\/\/buy-prescriptionz.com\/?s={search_term_string}"},"query-input":{"@type":"PropertyValueSpecification","valueRequired":true,"valueName":"search_term_string"}}],"inLanguage":"pt-PT"},{"@type":"Organization","@id":"https:\/\/buy-prescriptionz.com\/#organization","name":"Buy Prescriptionz","url":"https:\/\/buy-prescriptionz.com\/","logo":{"@type":"ImageObject","inLanguage":"pt-PT","@id":"https:\/\/buy-prescriptionz.com\/#\/schema\/logo\/image\/","url":"https:\/\/buy-prescriptionz.com\/wp-content\/uploads\/2023\/09\/logo.png","contentUrl":"https:\/\/buy-prescriptionz.com\/wp-content\/uploads\/2023\/09\/logo.png","width":350,"height":64,"caption":"Buy Prescriptionz"},"image":{"@id":"https:\/\/buy-prescriptionz.com\/#\/schema\/logo\/image\/"}}]}},"_links":{"self":[{"href":"https:\/\/buy-prescriptionz.com\/pt_pt\/wp-json\/wp\/v2\/product\/3060","targetHints":{"allow":["GET"]}}],"collection":[{"href":"https:\/\/buy-prescriptionz.com\/pt_pt\/wp-json\/wp\/v2\/product"}],"about":[{"href":"https:\/\/buy-prescriptionz.com\/pt_pt\/wp-json\/wp\/v2\/types\/product"}],"replies":[{"embeddable":true,"href":"https:\/\/buy-prescriptionz.com\/pt_pt\/wp-json\/wp\/v2\/comments?post=3060"}],"wp:featuredmedia":[{"embeddable":true,"href":"https:\/\/buy-prescriptionz.com\/pt_pt\/wp-json\/wp\/v2\/media\/3090"}],"wp:attachment":[{"href":"https:\/\/buy-prescriptionz.com\/pt_pt\/wp-json\/wp\/v2\/media?parent=3060"}],"wp:term":[{"taxonomy":"product_brand","embeddable":true,"href":"https:\/\/buy-prescriptionz.com\/pt_pt\/wp-json\/wp\/v2\/product_brand?post=3060"},{"taxonomy":"product_cat","embeddable":true,"href":"https:\/\/buy-prescriptionz.com\/pt_pt\/wp-json\/wp\/v2\/product_cat?post=3060"},{"taxonomy":"product_tag","embeddable":true,"href":"https:\/\/buy-prescriptionz.com\/pt_pt\/wp-json\/wp\/v2\/product_tag?post=3060"}],"curies":[{"name":"wp","href":"https:\/\/api.w.org\/{rel}","templated":true}]}}