{"id":3061,"date":"2025-09-16T08:56:10","date_gmt":"2025-09-16T08:56:10","guid":{"rendered":"https:\/\/chemsfine.com\/newsite\/?post_type=product&#038;p=3061"},"modified":"2025-09-24T14:12:05","modified_gmt":"2025-09-24T14:12:05","slug":"comprar-oxicodona-apap-wattson-labs-online","status":"publish","type":"product","link":"https:\/\/buy-prescriptionz.com\/pt_pt\/produto\/comprar-oxicodona-apap-wattson-labs-online\/","title":{"rendered":"Comprar Oxycodone - Apap (Wattson Labs) Online"},"content":{"rendered":"<h2>Comprar Oxycodone - Apap (Wattson Labs) Online<\/h2>\n<h3>Comprar Oxycodone Online-Buy Oxycodone - Apap (Wattson Labs) Online<\/h3>\n<p>Comprar Oxicodona \u2013 Apap (Wattson Labs) Online, Comprar Oxicodona Online AQUI na Melhor Farm\u00e1cia Online. A Farm\u00e1cia Altru\u00edsmo \u00e9 a melhor farm\u00e1cia online para encomendar Oxicodona online. A oxicodona \u00e9 um narc\u00f3tico semi-sint\u00e9tico feito a partir da teba\u00edna, um alcal\u00f3ide narc\u00f3tico encontrado na papoila-da-P\u00e9rsia e um dos muitos alcal\u00f3ides encontrados na papoila-do-\u00f3pio. \u00c9 um analg\u00e9sico narc\u00f3tico relativamente potente (geralmente 1,5 vezes mais potente que a morfina por via oral), com efic\u00e1cia comprovada no al\u00edvio da dor moderada a intensa. A oxicodona \u00e9 um narc\u00f3tico agonista puro cuja principal atividade terap\u00eautica \u00e9 a aus\u00eancia de dor. Outros medicamentos da classe conhecida como agonistas narc\u00f3ticos incluem subst\u00e2ncias como a morfina, a hidromorfona, o fentanil, a code\u00edna e a hidrocodona. Os efeitos farmacol\u00f3gicos dos agonistas narc\u00f3ticos incluem ansiedade, arrebatamento, sensa\u00e7\u00e3o de relaxamento, dificuldade em respirar, obstru\u00e7\u00e3o, miose e disfarce, bem como aus\u00eancia de dor. Como todos os analg\u00e9sicos agonistas narc\u00f3ticos puros, com doses crescentes, h\u00e1 um aumento. Comprar Oxicodona \u2013 Apap (Wattson Labs) Online. Aus\u00eancia de dor, ao contr\u00e1rio dos agonistas\/rivais combinados ou dos analg\u00e9sicos n\u00e3o narc\u00f3ticos, em que existe um ponto de rutura no efeito analg\u00e9sico com doses crescentes \u2014 comprar Oxicodona Online para o al\u00edvio da sua dor moderada ou grave.<\/p>\n<h3>Comprando Oxycodone Online Legalmente<\/h3>\n<p>Comprar Oxicodona \u2013 Apap (Wattson Labs) Online. Comprar Oxicodona Online Legalmente \u00e9 poss\u00edvel aqui na Loja Online Buy-prescriptionz. Comprar Oxicodona Online na Buy-prescriptionz e a sua dosagem deve ser ponderada pela gravidade da dor e pela resposta do paciente. Por vezes, pode ser necess\u00e1rio exceder a dose padr\u00e3o prescrita abaixo.<\/p>\n<h3>Como tomar oxicodona:<\/h3>\n<p>Sempre que renovar o medicamento ou come\u00e7ar a tomar oxicodona\/paracetamol, leia o Guia do Medicamento fornecido pela sua farm\u00e1cia. Consulte o seu m\u00e9dico ou farmac\u00eautico se tiver alguma d\u00favida.<\/p>\n<p>Tome este medicamento por via oral, de acordo com a prescri\u00e7\u00e3o do seu m\u00e9dico. Este medicamento pode ser utilizado com ou sem refei\u00e7\u00f5es. Tomar este medicamento \u00e0s refei\u00e7\u00f5es pode ajudar se sentir n\u00e1useas. Descubra mais sobre estrat\u00e9gias adicionais para reduzir as n\u00e1useas com o seu m\u00e9dico ou farmac\u00eautico (por exemplo, deitar-se, pois n\u00e3o h\u00e1 problema em comer ou beber sumo de toranja enquanto estiver a tomar este medicamento e, em seguida, evitar faz\u00ea-lo. O potencial de efeitos adversos deste medicamento pode ser aumentado pela toranja. Durante mais uma a duas horas, com o m\u00ednimo de movimento da cabe\u00e7a poss\u00edvel). Se o seu m\u00e9dico ou farmac\u00eautico achar que a informa\u00e7\u00e3o \u00e9 importante, fale com ele.<\/p>\n<p>Se estiver a tomar oxicodona na forma l\u00edquida, me\u00e7a a dosagem recomendada com precis\u00e3o utilizando um medidor farmac\u00eautico. Uma colher de uso dom\u00e9stico pode n\u00e3o fornecer a dosagem correta, por isso evite utiliz\u00e1-la. A sua condi\u00e7\u00e3o m\u00e9dica e a rea\u00e7\u00e3o ao tratamento determinar\u00e3o a dose. Nunca tome mais medicamento do que o recomendado, nunca o tome com maior frequ\u00eancia e nunca o tome durante mais tempo do que o recomendado. Quando instru\u00eddo, interrompa a utiliza\u00e7\u00e3o do medicamento conforme as instru\u00e7\u00f5es.<\/p>\n<h3>(Medi\u00e7\u00e3o E ADMINISTRA\u00c7\u00c3O)<\/h3>\n<p>Em casos de tormento progressivamente grave ou naqueles pacientes que se revelaram tolerantes ao impacto do narc\u00f3tico no al\u00edvio da dor. Na hip\u00f3tese de que a agonia seja constante, o al\u00edvio da dor narc\u00f3tico deve ser dado nos intervalos habituais em um calend\u00e1rio ininterrupto.<\/p>\n<h3>Comprar Oxycodone Pills Online (POSSIBLE SIDE EFFECTS)<\/h3>\n<p>Purchase Oxycodone Pills Online from Buy-prescriptionz Online store. This is the Best spot you can Buy Oxycodone Pills Online and have it conveyed to you in a couple of hours. Purchase Oxycodone Online from Our Pharmacy and furthermore know that it accompanies some symptoms, for example, ;<\/p>\n<p>Calafrios<\/p>\n<p>suores frios<\/p>\n<p>perplexidade<\/p>\n<p>problem\u00e1tico ou relaxado<\/p>\n<p>tontura, fraqueza ou descompress\u00e3o ao levantar-se de repente de uma posi\u00e7\u00e3o deitada ou sentada<\/p>\n<p>febre<\/p>\n<p>comodidade no peito<\/p>\n<p>sacudidela<\/p>\n<h3>Efeitos secund\u00e1rios da oxicodona<\/h3>\n<p>Podem ocorrer sintomas relacionados com o uso de oxicodona, incluindo tonturas, vertigens, obstipa\u00e7\u00e3o, n\u00e1useas ou sonol\u00eancia. Ap\u00f3s a utiliza\u00e7\u00e3o deste medicamento durante um per\u00edodo, alguns destes efeitos adversos podem desaparecer. Notifique imediatamente o seu farmac\u00eautico ou m\u00e9dico se algum destes efeitos secund\u00e1rios persistir ou se agravar. Consuma fibras alimentares, beba muita \u00e1gua e pratique exerc\u00edcio f\u00edsico para evitar a obstipa\u00e7\u00e3o. Al\u00e9m disso, pode precisar de tomar um laxante. Descubra qual o tipo de laxante mais indicado para si, perguntando ao seu farmac\u00eautico.<\/p>\n<p>Quando sair da posi\u00e7\u00e3o sentada ou deitada, fa\u00e7a-o com cuidado para diminuir a hip\u00f3tese de sentir tonturas e vertigens. Lembre-se que o seu m\u00e9dico recomendou este medicamento porque acredita que o ajudar\u00e1 mais do que causar\u00e1 efeitos secund\u00e1rios negativos. Muitos utilizadores deste medicamento n\u00e3o referem efeitos adversos significativos.<\/p>\n<p>Pode obter a melhor Oxicodona \u2013 APAP online em buy-prescriptionz.com. Este medicamento potencia os efeitos da oxicodona, um analg\u00e9sico potente, com paracetamol (APAP). Devido ao seu potencial de depend\u00eancia e consequ\u00eancias adversas, \u00e9 fundamental que este medicamento seja utilizado sob supervis\u00e3o m\u00e9dica. Comprar na melhor farm\u00e1cia garante a autenticidade do produto. Procure sempre aconselhamento m\u00e9dico para ter a certeza de que este medicamento \u00e9 adequado para si, bem como para saber a dose correta e os poss\u00edveis riscos.<\/p>\n<h3>CONTRA-INDICA\u00c7\u00d5ES<\/h3>\n<p>Comprar Oxycodone Online, no entanto, prosseguir com as contra-indica\u00e7\u00f5es que o acompanham. Os comprimidos n\u00e3o devem ser dirigidos a pacientes com uma sensibilidade extrema conhecida \u00e0 oxicodona, acetaminofeno ou algum outro segmento deste item. A oxicodona est\u00e1 contra-indicada em qualquer circunst\u00e2ncia onde os narc\u00f3ticos s\u00e3o contraindicados incorporando pacientes com not\u00e1vel des\u00e2nimo respirat\u00f3rio (em ambientes n\u00e3o monitorados ou na n\u00e3o assiduidade de aparelhos ressuscitadores) e pacientes com asma br\u00f4nquica intensa ou extrema ou hipercarbia. A oxicodona est\u00e1 contra-indicada no cen\u00e1rio de \u00edleo suspeito ou reconhecidamente incapacitado.  Comprar Oxycodone - Apap (Wattson Labs) Online<\/p>","protected":false},"excerpt":{"rendered":"<p>Buy Oxycodone &#8211; Apap (Wattson Labs) Online Purchase Oxycodone Online-Buy Oxycodone &#8211; Apap (Wattson Labs) Online Buy Oxycodone &#8211; Apap (Wattson Labs) Online, Purchase Oxycodone Online HERE from the Best Online Pharmacy. Altruism Pharmacy is the Best Online Pharmacy to Order Oxycodone Online. Oxycodone is a semisynthetic narcotic blended from thebaine, a narcotic alkaloid found [&hellip;]<\/p>","protected":false},"featured_media":3091,"comment_status":"open","ping_status":"closed","template":"","meta":{"site-sidebar-layout":"default","site-content-layout":"","ast-site-content-layout":"default","site-content-style":"default","site-sidebar-style":"default","ast-global-header-display":"","ast-banner-title-visibility":"","ast-main-header-display":"","ast-hfb-above-header-display":"","ast-hfb-below-header-display":"","ast-hfb-mobile-header-display":"","site-post-title":"","ast-breadcrumbs-content":"","ast-featured-img":"","footer-sml-layout":"","theme-transparent-header-meta":"default","adv-header-id-meta":"","stick-header-meta":"","header-above-stick-meta":"","header-main-stick-meta":"","header-below-stick-meta":"","astra-migrate-meta-layouts":"set","ast-page-background-enabled":"default","ast-page-background-meta":{"desktop":{"background-color":"var(--ast-global-color-4)","background-image":"","background-repeat":"repeat","background-position":"center center","background-size":"auto","background-attachment":"scroll","background-type":"","background-media":"","overlay-type":"","overlay-color":"","overlay-opacity":"","overlay-gradient":""},"tablet":{"background-color":"","background-image":"","background-repeat":"repeat","background-position":"center center","background-size":"auto","background-attachment":"scroll","background-type":"","background-media":"","overlay-type":"","overlay-color":"","overlay-opacity":"","overlay-gradient":""},"mobile":{"background-color":"","background-image":"","background-repeat":"repeat","background-position":"center center","background-size":"auto","background-attachment":"scroll","background-type":"","background-media":"","overlay-type":"","overlay-color":"","overlay-opacity":"","overlay-gradient":""}},"ast-content-background-meta":{"desktop":{"background-color":"var(--ast-global-color-5)","background-image":"","background-repeat":"repeat","background-position":"center center","background-size":"auto","background-attachment":"scroll","background-type":"","background-media":"","overlay-type":"","overlay-color":"","overlay-opacity":"","overlay-gradient":""},"tablet":{"background-color":"var(--ast-global-color-5)","background-image":"","background-repeat":"repeat","background-position":"center center","background-size":"auto","background-attachment":"scroll","background-type":"","background-media":"","overlay-type":"","overlay-color":"","overlay-opacity":"","overlay-gradient":""},"mobile":{"background-color":"var(--ast-global-color-5)","background-image":"","background-repeat":"repeat","background-position":"center center","background-size":"auto","background-attachment":"scroll","background-type":"","background-media":"","overlay-type":"","overlay-color":"","overlay-opacity":"","overlay-gradient":""}}},"product_brand":[],"product_cat":[2385],"product_tag":[1123,1124,1122,1117,1120,1119,1118,1121,1116,1115,1126,1125],"class_list":{"0":"post-3061","1":"product","2":"type-product","3":"status-publish","4":"has-post-thumbnail","6":"product_cat-buy-pain-killer-pills-online","7":"product_tag-buy-oxycodone-apap-wattson-labs-in-canada","8":"product_tag-buy-oxycodone-apap-wattson-labs-in-uk","9":"product_tag-buy-oxycodone-apap-wattson-labs-in-usa","10":"product_tag-buy-oxycodone-apap-wattson-labs-with-bitcoin","11":"product_tag-buy-oxycodone-apap-wattson-labs-with-credit-card","12":"product_tag-buy-oxycodone-apap-wattson-labs-with-money-gram","13":"product_tag-buy-oxycodone-apap-wattson-labs-with-western-union","14":"product_tag-buy-oxycodone-apap-wattson-labs-without-a-doctor","15":"product_tag-buy-oxycodone-apap-wattson-labs-without-prescription","16":"product_tag-oxycodone-apap-wattson-labs-for-sale","17":"product_tag-oxycodone-apap-wattson-labs-pills","18":"product_tag-oxycodone-apap-wattson-labs-tablets","19":"desktop-align-center","20":"tablet-align-left","21":"mobile-align-left","23":"first","24":"instock","25":"shipping-taxable","26":"purchasable","27":"product-type-variable","28":"has-default-attributes"},"yoast_head":"<!-- This site is optimized with the Yoast SEO plugin v25.9 - https:\/\/yoast.com\/wordpress\/plugins\/seo\/ -->\n<title>Buy Oxycodone Apap (Physicians Tc.) Online - Oxycodone Apap (Physicians Tc.) for Sale<\/title>\n<meta name=\"description\" content=\"We are the leading store available with Oxycodone for sale. If you wish to buy Oxycodone Apap (Physicians Tc.), contact us right away and get the order delivered. Order Now!\" \/>\n<meta name=\"robots\" content=\"index, follow, max-snippet:-1, max-image-preview:large, max-video-preview:-1\" \/>\n<link rel=\"canonical\" href=\"https:\/\/buy-prescriptionz.com\/pt_pt\/produto\/comprar-oxicodona-apap-wattson-labs-online\/\" \/>\n<meta property=\"og:locale\" content=\"pt_PT\" \/>\n<meta property=\"og:type\" content=\"article\" \/>\n<meta property=\"og:title\" content=\"Buy Oxycodone Apap (Physicians Tc.) Online - Oxycodone Apap (Physicians Tc.) for Sale\" \/>\n<meta property=\"og:description\" content=\"We are the leading store available with Oxycodone for sale. If you wish to buy Oxycodone Apap (Physicians Tc.), contact us right away and get the order delivered. Order Now!\" \/>\n<meta property=\"og:url\" content=\"https:\/\/buy-prescriptionz.com\/pt_pt\/produto\/comprar-oxicodona-apap-wattson-labs-online\/\" \/>\n<meta property=\"og:site_name\" content=\"Buy Prescriptionz\" \/>\n<meta property=\"article:modified_time\" content=\"2025-09-24T14:12:05+00:00\" \/>\n<meta property=\"og:image\" content=\"https:\/\/buy-prescriptionz.com\/wp-content\/uploads\/2025\/09\/oxycodone-apap-wattson-labs.jpg\" \/>\n\t<meta property=\"og:image:width\" content=\"400\" \/>\n\t<meta property=\"og:image:height\" content=\"300\" \/>\n\t<meta property=\"og:image:type\" content=\"image\/jpeg\" \/>\n<meta name=\"twitter:card\" content=\"summary_large_image\" \/>\n<meta name=\"twitter:label1\" content=\"Tempo estimado de leitura\" \/>\n\t<meta name=\"twitter:data1\" content=\"5 minutos\" \/>\n<script type=\"application\/ld+json\" class=\"yoast-schema-graph\">{\"@context\":\"https:\/\/schema.org\",\"@graph\":[{\"@type\":\"WebPage\",\"@id\":\"https:\/\/buy-prescriptionz.com\/product\/buy-oxycodone-apap-wattson-labs-online\/\",\"url\":\"https:\/\/buy-prescriptionz.com\/product\/buy-oxycodone-apap-wattson-labs-online\/\",\"name\":\"Buy Oxycodone Apap (Physicians Tc.) Online - Oxycodone Apap (Physicians Tc.) for Sale\",\"isPartOf\":{\"@id\":\"https:\/\/buy-prescriptionz.com\/#website\"},\"primaryImageOfPage\":{\"@id\":\"https:\/\/buy-prescriptionz.com\/product\/buy-oxycodone-apap-wattson-labs-online\/#primaryimage\"},\"image\":{\"@id\":\"https:\/\/buy-prescriptionz.com\/product\/buy-oxycodone-apap-wattson-labs-online\/#primaryimage\"},\"thumbnailUrl\":\"https:\/\/buy-prescriptionz.com\/wp-content\/uploads\/2025\/09\/oxycodone-apap-wattson-labs.jpg\",\"datePublished\":\"2025-09-16T08:56:10+00:00\",\"dateModified\":\"2025-09-24T14:12:05+00:00\",\"description\":\"We are the leading store available with Oxycodone for sale. If you wish to buy Oxycodone Apap (Physicians Tc.), contact us right away and get the order delivered. Order Now!\",\"breadcrumb\":{\"@id\":\"https:\/\/buy-prescriptionz.com\/product\/buy-oxycodone-apap-wattson-labs-online\/#breadcrumb\"},\"inLanguage\":\"pt-PT\",\"potentialAction\":[{\"@type\":\"ReadAction\",\"target\":[\"https:\/\/buy-prescriptionz.com\/product\/buy-oxycodone-apap-wattson-labs-online\/\"]}]},{\"@type\":\"ImageObject\",\"inLanguage\":\"pt-PT\",\"@id\":\"https:\/\/buy-prescriptionz.com\/product\/buy-oxycodone-apap-wattson-labs-online\/#primaryimage\",\"url\":\"https:\/\/buy-prescriptionz.com\/wp-content\/uploads\/2025\/09\/oxycodone-apap-wattson-labs.jpg\",\"contentUrl\":\"https:\/\/buy-prescriptionz.com\/wp-content\/uploads\/2025\/09\/oxycodone-apap-wattson-labs.jpg\",\"width\":400,\"height\":300},{\"@type\":\"BreadcrumbList\",\"@id\":\"https:\/\/buy-prescriptionz.com\/product\/buy-oxycodone-apap-wattson-labs-online\/#breadcrumb\",\"itemListElement\":[{\"@type\":\"ListItem\",\"position\":1,\"name\":\"Home\",\"item\":\"https:\/\/buy-prescriptionz.com\/\"},{\"@type\":\"ListItem\",\"position\":2,\"name\":\"Shop Painkillers Online\",\"item\":\"https:\/\/buy-prescriptionz.com\/shop-painkillers-online\/\"},{\"@type\":\"ListItem\",\"position\":3,\"name\":\"Buy Oxycodone &#8211; Apap (Wattson Labs) Online\"}]},{\"@type\":\"WebSite\",\"@id\":\"https:\/\/buy-prescriptionz.com\/#website\",\"url\":\"https:\/\/buy-prescriptionz.com\/\",\"name\":\"Buy Prescriptionz\",\"description\":\"Drugs Online\",\"publisher\":{\"@id\":\"https:\/\/buy-prescriptionz.com\/#organization\"},\"potentialAction\":[{\"@type\":\"SearchAction\",\"target\":{\"@type\":\"EntryPoint\",\"urlTemplate\":\"https:\/\/buy-prescriptionz.com\/?s={search_term_string}\"},\"query-input\":{\"@type\":\"PropertyValueSpecification\",\"valueRequired\":true,\"valueName\":\"search_term_string\"}}],\"inLanguage\":\"pt-PT\"},{\"@type\":\"Organization\",\"@id\":\"https:\/\/buy-prescriptionz.com\/#organization\",\"name\":\"Buy Prescriptionz\",\"url\":\"https:\/\/buy-prescriptionz.com\/\",\"logo\":{\"@type\":\"ImageObject\",\"inLanguage\":\"pt-PT\",\"@id\":\"https:\/\/buy-prescriptionz.com\/#\/schema\/logo\/image\/\",\"url\":\"https:\/\/buy-prescriptionz.com\/wp-content\/uploads\/2023\/09\/logo.png\",\"contentUrl\":\"https:\/\/buy-prescriptionz.com\/wp-content\/uploads\/2023\/09\/logo.png\",\"width\":350,\"height\":64,\"caption\":\"Buy Prescriptionz\"},\"image\":{\"@id\":\"https:\/\/buy-prescriptionz.com\/#\/schema\/logo\/image\/\"}}]}<\/script>\n<!-- \/ Yoast SEO plugin. -->","yoast_head_json":{"title":"Comprar Oxycodone Apap (Physicians Tc.) online - Oxycodone Apap (Physicians Tc.) em promo\u00e7\u00e3o","description":"Somos a loja l\u00edder na venda de Oxicodona. Se deseja comprar Oxicodona Apap (Physicians Tc.), contacte-nos agora mesmo e receba a sua encomenda em casa. Encomende agora mesmo!","robots":{"index":"index","follow":"follow","max-snippet":"max-snippet:-1","max-image-preview":"max-image-preview:large","max-video-preview":"max-video-preview:-1"},"canonical":"https:\/\/buy-prescriptionz.com\/pt_pt\/produto\/comprar-oxicodona-apap-wattson-labs-online\/","og_locale":"pt_PT","og_type":"article","og_title":"Buy Oxycodone Apap (Physicians Tc.) Online - Oxycodone Apap (Physicians Tc.) for Sale","og_description":"We are the leading store available with Oxycodone for sale. If you wish to buy Oxycodone Apap (Physicians Tc.), contact us right away and get the order delivered. Order Now!","og_url":"https:\/\/buy-prescriptionz.com\/pt_pt\/produto\/comprar-oxicodona-apap-wattson-labs-online\/","og_site_name":"Buy Prescriptionz","article_modified_time":"2025-09-24T14:12:05+00:00","og_image":[{"width":400,"height":300,"url":"https:\/\/buy-prescriptionz.com\/wp-content\/uploads\/2025\/09\/oxycodone-apap-wattson-labs.jpg","type":"image\/jpeg"}],"twitter_card":"summary_large_image","twitter_misc":{"Tempo estimado de leitura":"5 minutos"},"schema":{"@context":"https:\/\/schema.org","@graph":[{"@type":"WebPage","@id":"https:\/\/buy-prescriptionz.com\/product\/buy-oxycodone-apap-wattson-labs-online\/","url":"https:\/\/buy-prescriptionz.com\/product\/buy-oxycodone-apap-wattson-labs-online\/","name":"Comprar Oxycodone Apap (Physicians Tc.) online - Oxycodone Apap (Physicians Tc.) em promo\u00e7\u00e3o","isPartOf":{"@id":"https:\/\/buy-prescriptionz.com\/#website"},"primaryImageOfPage":{"@id":"https:\/\/buy-prescriptionz.com\/product\/buy-oxycodone-apap-wattson-labs-online\/#primaryimage"},"image":{"@id":"https:\/\/buy-prescriptionz.com\/product\/buy-oxycodone-apap-wattson-labs-online\/#primaryimage"},"thumbnailUrl":"https:\/\/buy-prescriptionz.com\/wp-content\/uploads\/2025\/09\/oxycodone-apap-wattson-labs.jpg","datePublished":"2025-09-16T08:56:10+00:00","dateModified":"2025-09-24T14:12:05+00:00","description":"Somos a loja l\u00edder na venda de Oxicodona. Se deseja comprar Oxicodona Apap (Physicians Tc.), contacte-nos agora mesmo e receba a sua encomenda em casa. Encomende agora mesmo!","breadcrumb":{"@id":"https:\/\/buy-prescriptionz.com\/product\/buy-oxycodone-apap-wattson-labs-online\/#breadcrumb"},"inLanguage":"pt-PT","potentialAction":[{"@type":"ReadAction","target":["https:\/\/buy-prescriptionz.com\/product\/buy-oxycodone-apap-wattson-labs-online\/"]}]},{"@type":"ImageObject","inLanguage":"pt-PT","@id":"https:\/\/buy-prescriptionz.com\/product\/buy-oxycodone-apap-wattson-labs-online\/#primaryimage","url":"https:\/\/buy-prescriptionz.com\/wp-content\/uploads\/2025\/09\/oxycodone-apap-wattson-labs.jpg","contentUrl":"https:\/\/buy-prescriptionz.com\/wp-content\/uploads\/2025\/09\/oxycodone-apap-wattson-labs.jpg","width":400,"height":300},{"@type":"BreadcrumbList","@id":"https:\/\/buy-prescriptionz.com\/product\/buy-oxycodone-apap-wattson-labs-online\/#breadcrumb","itemListElement":[{"@type":"ListItem","position":1,"name":"Home","item":"https:\/\/buy-prescriptionz.com\/"},{"@type":"ListItem","position":2,"name":"Shop Painkillers Online","item":"https:\/\/buy-prescriptionz.com\/shop-painkillers-online\/"},{"@type":"ListItem","position":3,"name":"Buy Oxycodone &#8211; Apap (Wattson Labs) Online"}]},{"@type":"WebSite","@id":"https:\/\/buy-prescriptionz.com\/#website","url":"https:\/\/buy-prescriptionz.com\/","name":"Buy Prescriptionz","description":"Drogas Online","publisher":{"@id":"https:\/\/buy-prescriptionz.com\/#organization"},"potentialAction":[{"@type":"SearchAction","target":{"@type":"EntryPoint","urlTemplate":"https:\/\/buy-prescriptionz.com\/?s={search_term_string}"},"query-input":{"@type":"PropertyValueSpecification","valueRequired":true,"valueName":"search_term_string"}}],"inLanguage":"pt-PT"},{"@type":"Organization","@id":"https:\/\/buy-prescriptionz.com\/#organization","name":"Buy Prescriptionz","url":"https:\/\/buy-prescriptionz.com\/","logo":{"@type":"ImageObject","inLanguage":"pt-PT","@id":"https:\/\/buy-prescriptionz.com\/#\/schema\/logo\/image\/","url":"https:\/\/buy-prescriptionz.com\/wp-content\/uploads\/2023\/09\/logo.png","contentUrl":"https:\/\/buy-prescriptionz.com\/wp-content\/uploads\/2023\/09\/logo.png","width":350,"height":64,"caption":"Buy Prescriptionz"},"image":{"@id":"https:\/\/buy-prescriptionz.com\/#\/schema\/logo\/image\/"}}]}},"_links":{"self":[{"href":"https:\/\/buy-prescriptionz.com\/pt_pt\/wp-json\/wp\/v2\/product\/3061","targetHints":{"allow":["GET"]}}],"collection":[{"href":"https:\/\/buy-prescriptionz.com\/pt_pt\/wp-json\/wp\/v2\/product"}],"about":[{"href":"https:\/\/buy-prescriptionz.com\/pt_pt\/wp-json\/wp\/v2\/types\/product"}],"replies":[{"embeddable":true,"href":"https:\/\/buy-prescriptionz.com\/pt_pt\/wp-json\/wp\/v2\/comments?post=3061"}],"wp:featuredmedia":[{"embeddable":true,"href":"https:\/\/buy-prescriptionz.com\/pt_pt\/wp-json\/wp\/v2\/media\/3091"}],"wp:attachment":[{"href":"https:\/\/buy-prescriptionz.com\/pt_pt\/wp-json\/wp\/v2\/media?parent=3061"}],"wp:term":[{"taxonomy":"product_brand","embeddable":true,"href":"https:\/\/buy-prescriptionz.com\/pt_pt\/wp-json\/wp\/v2\/product_brand?post=3061"},{"taxonomy":"product_cat","embeddable":true,"href":"https:\/\/buy-prescriptionz.com\/pt_pt\/wp-json\/wp\/v2\/product_cat?post=3061"},{"taxonomy":"product_tag","embeddable":true,"href":"https:\/\/buy-prescriptionz.com\/pt_pt\/wp-json\/wp\/v2\/product_tag?post=3061"}],"curies":[{"name":"wp","href":"https:\/\/api.w.org\/{rel}","templated":true}]}}