{"id":3062,"date":"2025-09-16T08:56:10","date_gmt":"2025-09-16T08:56:10","guid":{"rendered":"https:\/\/chemsfine.com\/newsite\/?post_type=product&#038;p=3062"},"modified":"2025-09-24T14:09:34","modified_gmt":"2025-09-24T14:09:34","slug":"comprar-oxicodona-apap-medicos-tc-online","status":"publish","type":"product","link":"https:\/\/buy-prescriptionz.com\/pt_pt\/produto\/comprar-oxicodona-apap-medicos-tc-online\/","title":{"rendered":"Comprar Oxycodone - Apap (Physicians Tc.) Online"},"content":{"rendered":"<h2>Comprar Oxycodone - Apap (Physicians Tc.) Online<\/h2>\n<h3><strong>Comprar Oxycodone - Apap (Physicians Tc.) Online Oxycodone - medicamentos tormentosos transporte a m\u00e9dio prazo - comprar oxycodone na web<\/strong><\/h3>\n<p>Comprar Oxycodone - Apap (Physicians Tc.) Online,Oxycodone \u00e9 um narc\u00f3tico semisint\u00e9tico orquestrado a partir da tebaine, um alcal\u00f3ide narc\u00f3tico na papoila persa, e um dos numerosos alcal\u00f3ides encontrados na papoila opi\u00e1cea. Wikip\u00e9dia<\/p>\n<h3>Cloridrato de oxicodona.<\/h3>\n<p>Nomes das subst\u00e2ncias: Cloridrato de oxicodona;<\/p>\n<p>Oxycodone Hcl; 124-90-3; Oxycontin; CHEBI:7859;<\/p>\n<p>Cloridrato de diidrona.<\/p>\n<p>Comprar Oxycodone Online Legalmente \u00e9 conceb\u00edvel aqui na Buyprescriptionz Opioid Online Store. Adquira Oxycodone Online no Buyprescriptionz Opioid vendedor e suas medidas devem ser equilibradas pela seriedade da agonia e da rea\u00e7\u00e3o do paciente. Periodicamente pode ser importante ultrapassar a dose t\u00edpica prescrita por baixo.<\/p>\n<p>Comprar Oxicodona online na loja online Comprar-prescriptionz Opioid. Este \u00e9 o melhor lugar para comprar comprimidos de oxicodona online e receb\u00ea-los em poucas horas. Compre Oxicodona online na nossa farm\u00e1cia e saiba que traz alguns efeitos secund\u00e1rios, como, por exemplo, dores de cabe\u00e7a.<\/p>\n<h3>Benef\u00edcios e utiliza\u00e7\u00f5es da oxicodona \u2013 APAP (Physicians Tc.)<\/h3>\n<h3>Gest\u00e3o da dor<\/h3>\n<p>Oxicodona \u2013 APAP, tamb\u00e9m conhecida como Percocet, \u00e9 um medicamento combinado utilizado para aliviar dores moderadas a intensas. Cont\u00e9m dois ingredientes ativos: a oxicodona, um analg\u00e9sico opi\u00f3ide, e o paracetamol (APAP), um analg\u00e9sico n\u00e3o opi\u00f3ide. Juntos, proporcionam um al\u00edvio eficaz da dor em diversas condi\u00e7\u00f5es, incluindo dor p\u00f3s-operat\u00f3ria, les\u00f5es e condi\u00e7\u00f5es de dor cr\u00f3nica.<\/p>\n<h3>Al\u00edvio eficaz da dor<\/h3>\n<p>A combina\u00e7\u00e3o de oxicodona e paracetamol na formula\u00e7\u00e3o Oxycodone \u2013 APAP da Physicians Tc oferece um potente al\u00edvio da dor. A oxicodona atua ligando-se aos recetores opi\u00f3ides no c\u00e9rebro e na medula espinal, reduzindo a perce\u00e7\u00e3o da dor, enquanto o paracetamol potencia os efeitos analg\u00e9sicos e pode tamb\u00e9m ajudar a reduzir a febre.<\/p>\n<h3>Al\u00edvio de a\u00e7\u00e3o r\u00e1pida<\/h3>\n<p>A melhor oxicodona \u2013 APAP \u2013 \u00e9 conhecida pelo seu r\u00e1pido in\u00edcio de a\u00e7\u00e3o, proporcionando um al\u00edvio imediato da dor. Isto torna-a adequada para o tratamento de epis\u00f3dios de dor aguda ou dor irruptiva em doentes que j\u00e1 tomam medicamentos opi\u00f3ides de a\u00e7\u00e3o prolongada.<\/p>\n<h3>Versatilidade no tratamento da dor<\/h3>\n<p>Os m\u00e9dicos prescrevem frequentemente Oxicodona \u2013 APAP para uma vasta gama de condi\u00e7\u00f5es dolorosas, incluindo dor musculoesquel\u00e9tica, dor neurop\u00e1tica, dor oncol\u00f3gica e dor p\u00f3s-cir\u00fargica. A sua versatilidade torna-a uma op\u00e7\u00e3o valiosa para o tratamento de diferentes tipos de dor em diversas popula\u00e7\u00f5es de doentes.<\/p>\n<h3>Melhoria da qualidade de vida<\/h3>\n<p>Para os indiv\u00edduos que sofrem de dores intensas, a Oxicodona \u2013 APAP pode melhorar significativamente a qualidade de vida, aliviando o desconforto e permitindo-lhes realizar as atividades di\u00e1rias com maior facilidade. Ao proporcionar um al\u00edvio eficaz da dor, pode melhorar o bem-estar geral e a capacidade funcional.<\/p>\n<h3>Terapia Combinada<\/h3>\n<p>A combina\u00e7\u00e3o de oxicodona e paracetamol na formula\u00e7\u00e3o Physicians Tc oferece efeitos sin\u00e9rgicos, permitindo doses mais baixas de cada medicamento e, ao mesmo tempo, proporcionando um controlo ideal da dor. Isto minimiza o risco de efeitos secund\u00e1rios associados \u00e0 terap\u00eautica com opi\u00f3ides em doses elevadas, maximizando os benef\u00edcios terap\u00eauticos.<\/p>\n<h3>Dosagem Gerida<\/h3>\n<p>Oxicodona \u2013 APAP dispon\u00edvel em diversas dosagens, permitindo regimes posol\u00f3gicos personalizados para atender \u00e0s necessidades individuais do doente. Esta flexibilidade permite aos profissionais de sa\u00fade ajustar a posologia com base na intensidade da dor e na resposta do doente ao tratamento. Se procura a melhor farm\u00e1cia para comprar Oxicodona \u2013 APAP ou qualquer outro medicamento sujeito a receita m\u00e9dica, o buy-prescriptionz.com \u00e9 uma excelente escolha. Comprometida com a qualidade, autenticidade e satisfa\u00e7\u00e3o do cliente, a buy-prescriptionz.com oferece uma experi\u00eancia de compra pr\u00e1tica e pr\u00e1tica.<\/p>\n<p>se algum destes efeitos secund\u00e1rios, for grave ou n\u00e3o sair:<\/p>\n<p>.boca seca<\/p>\n<p>.tormento estomacal<\/p>\n<p>.morosidade<\/p>\n<p>.de autoclismo<\/p>\n<p>.dor cerebral<\/p>\n<p>.mudan\u00e7as de estado de esp\u00edrito<\/p>\n<p>Alguns sintomas podem, em alguns casos, ser excepcionalmente graves. Se voc\u00ea experimentar algum desses efeitos colaterais ou aqueles referenciados no IMPORTANTE<\/p>\n<p>.mudan\u00e7as no batimento card\u00edaco<\/p>\n<p>.inquietante, alucina\u00e7\u00f5es (ver diminuir ou ouvir voz que n\u00e3o existe), febre, transpira\u00e7\u00e3o, perplexidade, batimento card\u00edaco r\u00e1pido, tremores, m\u00fasculos graves ou sacudidelas, perda de coordena\u00e7\u00e3o, doen\u00e7a, v\u00f3mitos ou soltura do intestino.<\/p>\n<p>.n\u00e1useas, v\u00f3mitos, perda de apetite, falta de apetite, ou desequil\u00edbrio<\/p>\n<p>.impot\u00eancia para obter ou manter uma ere\u00e7\u00e3o<\/p>\n<p>.ciclo mensal espor\u00e1dico<\/p>\n<p>.diminui\u00e7\u00e3o da vontade sexual<\/p>\n<p>.tormento no peito<\/p>\n<p>.colm\u00e9ias<\/p>\n<p>.formigamento<\/p>\n<p>erup\u00e7\u00e3o cut\u00e2nea<\/p>\n<p>.incha\u00e7o do rosto, garganta, l\u00edngua, l\u00e1bios, olhos, m\u00e3os, p\u00e9s, pernas inferiores, ou pernas inferiores<\/p>\n<p>.aridez<\/p>\n<p>.problemas para respirar ou engolir<\/p>\n<p>.apreens\u00f5es<\/p>\n<p>.pregui\u00e7a escandalosa<\/p>\n<p>... leveza ao mudar de posi\u00e7\u00e3o<\/p>\n<p>Se voc\u00ea experimentar um sintoma genu\u00edno, voc\u00ea ou o seu m\u00e9dico de atendimento prim\u00e1rio muitos enviam um relat\u00f3rio para o programa de Relat\u00f3rio de Eventos de Vigil\u00e2ncia M\u00e9dica da organiza\u00e7\u00e3o de alimentos e medicamentos (FDA) por telefone (1-800-332-1088).<\/p>\n<p><strong>Comprar Oxycodone - Apap (Physicians Tc.) Online,Oxycodone pode causar reac\u00e7\u00f5es opostas. Ligue para o seu PCP se voc\u00ea tiver qualquer problema incomum enquanto estiver tomando este medicamento.<\/strong><\/p>\n<p>Os maus-tratos aos narc\u00f3ticos s\u00e3o uma importante preocupa\u00e7\u00e3o de seguran\u00e7a aberta. Adolescentes e jovens adultos geralmente obt\u00eam essas drogas de seus arm\u00e1rios de receitas m\u00e9dicas, onde outro parente as chupou.<\/p>\n<p>Todos os narc\u00f3ticos devem ser guardados em seus pacotes \u00fanicos dentro de um gabinete aparafusado, lockbox ou uma \u00e1rea onde outros s\u00f3 podem chegar at\u00e9 eles com esfor\u00e7o significativo.<\/p>\n<p><strong>Observe com cuidado quando e quanta droga voc\u00ea toma para monitorar a quantidade restante.<\/strong><\/p>\n<p>Se voc\u00ea imaginar que algu\u00e9m tomou sua medica\u00e7\u00e3o, contate a pol\u00edcia imediatamente para registrar um relat\u00f3rio, se for importante.<\/p>\n<p>Numerosos grupos de pessoas t\u00eam programas de recupera\u00e7\u00e3o de medicamentos. Consulte o especialista da sua fam\u00edlia para obter mais dados ou visite o U.S sedate Enforcement Administration's Office of Diversion Control para obter informa\u00e7\u00f5es adicionais. Voc\u00ea tamb\u00e9m pode ligar para a sua organiza\u00e7\u00e3o de gest\u00e3o de res\u00edduos pr\u00f3xima para saber se existe um programa de recupera\u00e7\u00e3o no seu local: oxicodona - receitas de tormento de transporte a m\u00e9dio prazo - compra de oxicodona na web.<\/p>\n<p><strong>A p\u00edlula oxicodona frequentemente acompanha as orienta\u00e7\u00f5es para a lavagem de medicamentos n\u00e3o utilizados para neutralizar o uso inesperado ou maus-tratos ilegais.<\/strong><\/p>\n<p>A FDA sugere que a lavagem seja continuamente utilizada, e uma agonia extra conserta a lata. De fato, mesmo os consertos utilizados ainda t\u00eam prescri\u00e7\u00f5es suficientes para serem perigosos ou destrutivos para animais de estima\u00e7\u00e3o, crian\u00e7as e outros com baixa resist\u00eancia a narc\u00f3ticos. Para descartar o reparo do tormento, sobreponha-o em partes iguais para que os lados pegajosos fiquem juntos, nesse ponto, enx\u00e1g\u00fce-o imediatamente. Oxycodone - droga atormentadora de transporte a m\u00e9dio prazo - adquira Oxycodone na teia.<\/p>\n<p>Na hip\u00f3tese de que o seu local de resid\u00eancia tenha cuidado com os medicamentos n\u00e3o utilizados na lata, fa\u00e7a os passos que acompanham<\/p>\n<p>Expulsar informa\u00e7\u00f5es individuais do r\u00f3tulo da solu\u00e7\u00e3o e manter a receita no seu suporte \u00fanico.<\/p>\n<p>Adicione \u00e1gua a p\u00edlulas fortes. Incluir tamb\u00e9m uma subst\u00e2ncia at\u00f3xica e n\u00e3o-palat\u00e1vel, por exemplo, gr\u00e3os de caf\u00e9 espresso ou gatinhos para o suporte.<\/p>\n<p>Vedar o suporte com fita adesiva e mancha dentro de um segundo compartimento liso, nesse ponto no lixo.<\/p>\n<p>Se voc\u00ea n\u00e3o sabe como descartar o medicamento, pergunte ao seu m\u00e9dico de cuidados prim\u00e1rios.<\/p>","protected":false},"excerpt":{"rendered":"<p>Buy Oxycodone &#8211; Apap (Physicians Tc.) Online Buy Oxycodone &#8211; Apap (Physicians Tc.) Online Oxycodone \u2013 torment drugs medium-term conveyance \u2013 purchase oxycodone on the web Buy Oxycodone &#8211; Apap (Physicians Tc.) Online, Oxycodone is a semisynthetic narcotic orchestrated from thebaine, a narcotic alkaloid in the Persian poppy, and one of the numerous alkaloids found [&hellip;]<\/p>","protected":false},"featured_media":3092,"comment_status":"open","ping_status":"closed","template":"","meta":{"site-sidebar-layout":"default","site-content-layout":"","ast-site-content-layout":"default","site-content-style":"default","site-sidebar-style":"default","ast-global-header-display":"","ast-banner-title-visibility":"","ast-main-header-display":"","ast-hfb-above-header-display":"","ast-hfb-below-header-display":"","ast-hfb-mobile-header-display":"","site-post-title":"","ast-breadcrumbs-content":"","ast-featured-img":"","footer-sml-layout":"","theme-transparent-header-meta":"default","adv-header-id-meta":"","stick-header-meta":"","header-above-stick-meta":"","header-main-stick-meta":"","header-below-stick-meta":"","astra-migrate-meta-layouts":"set","ast-page-background-enabled":"default","ast-page-background-meta":{"desktop":{"background-color":"var(--ast-global-color-4)","background-image":"","background-repeat":"repeat","background-position":"center center","background-size":"auto","background-attachment":"scroll","background-type":"","background-media":"","overlay-type":"","overlay-color":"","overlay-opacity":"","overlay-gradient":""},"tablet":{"background-color":"","background-image":"","background-repeat":"repeat","background-position":"center center","background-size":"auto","background-attachment":"scroll","background-type":"","background-media":"","overlay-type":"","overlay-color":"","overlay-opacity":"","overlay-gradient":""},"mobile":{"background-color":"","background-image":"","background-repeat":"repeat","background-position":"center center","background-size":"auto","background-attachment":"scroll","background-type":"","background-media":"","overlay-type":"","overlay-color":"","overlay-opacity":"","overlay-gradient":""}},"ast-content-background-meta":{"desktop":{"background-color":"var(--ast-global-color-5)","background-image":"","background-repeat":"repeat","background-position":"center center","background-size":"auto","background-attachment":"scroll","background-type":"","background-media":"","overlay-type":"","overlay-color":"","overlay-opacity":"","overlay-gradient":""},"tablet":{"background-color":"var(--ast-global-color-5)","background-image":"","background-repeat":"repeat","background-position":"center center","background-size":"auto","background-attachment":"scroll","background-type":"","background-media":"","overlay-type":"","overlay-color":"","overlay-opacity":"","overlay-gradient":""},"mobile":{"background-color":"var(--ast-global-color-5)","background-image":"","background-repeat":"repeat","background-position":"center center","background-size":"auto","background-attachment":"scroll","background-type":"","background-media":"","overlay-type":"","overlay-color":"","overlay-opacity":"","overlay-gradient":""}}},"product_brand":[],"product_cat":[2385],"product_tag":[1135,1136,1134,1129,1132,1131,1130,1133,1128,1127,1138,1137],"class_list":{"0":"post-3062","1":"product","2":"type-product","3":"status-publish","4":"has-post-thumbnail","6":"product_cat-buy-pain-killer-pills-online","7":"product_tag-buy-oxycodone-apap-physicians-tc-in-canada","8":"product_tag-buy-oxycodone-apap-physicians-tc-in-uk","9":"product_tag-buy-oxycodone-apap-physicians-tc-in-usa","10":"product_tag-buy-oxycodone-apap-physicians-tc-with-bitcoin","11":"product_tag-buy-oxycodone-apap-physicians-tc-with-credit-card","12":"product_tag-buy-oxycodone-apap-physicians-tc-with-money-gram","13":"product_tag-buy-oxycodone-apap-physicians-tc-with-western-union","14":"product_tag-buy-oxycodone-apap-physicians-tc-without-a-doctor","15":"product_tag-buy-oxycodone-apap-physicians-tc-without-prescription","16":"product_tag-oxycodone-apap-physicians-tc-for-sale","17":"product_tag-oxycodone-apap-physicians-tc-pills","18":"product_tag-oxycodone-apap-physicians-tc-tablets","19":"desktop-align-center","20":"tablet-align-left","21":"mobile-align-left","23":"first","24":"instock","25":"shipping-taxable","26":"purchasable","27":"product-type-variable","28":"has-default-attributes"},"yoast_head":"<!-- This site is optimized with the Yoast SEO plugin v25.9 - https:\/\/yoast.com\/wordpress\/plugins\/seo\/ -->\n<title>Buy Oxycodone Apap (Wattson Labs) Online - Oxycodone Apap (Wattson Labs) for Sale<\/title>\n<meta name=\"description\" content=\"If you wish to buy Oxycodone online, our online Buy-Prescriptionz store can help. We have Oxycodone for sale at the best rates here. Place your order and grab the latest deals today!\" \/>\n<meta name=\"robots\" content=\"index, follow, max-snippet:-1, max-image-preview:large, max-video-preview:-1\" \/>\n<link rel=\"canonical\" href=\"https:\/\/buy-prescriptionz.com\/pt_pt\/produto\/comprar-oxicodona-apap-medicos-tc-online\/\" \/>\n<meta property=\"og:locale\" content=\"pt_PT\" \/>\n<meta property=\"og:type\" content=\"article\" \/>\n<meta property=\"og:title\" content=\"Buy Oxycodone Apap (Wattson Labs) Online - Oxycodone Apap (Wattson Labs) for Sale\" \/>\n<meta property=\"og:description\" content=\"If you wish to buy Oxycodone online, our online Buy-Prescriptionz store can help. We have Oxycodone for sale at the best rates here. Place your order and grab the latest deals today!\" \/>\n<meta property=\"og:url\" content=\"https:\/\/buy-prescriptionz.com\/pt_pt\/produto\/comprar-oxicodona-apap-medicos-tc-online\/\" \/>\n<meta property=\"og:site_name\" content=\"Buy Prescriptionz\" \/>\n<meta property=\"article:modified_time\" content=\"2025-09-24T14:09:34+00:00\" \/>\n<meta property=\"og:image\" content=\"https:\/\/buy-prescriptionz.com\/wp-content\/uploads\/2025\/09\/oxycodone-apap-physicians-tc-.jpg\" \/>\n\t<meta property=\"og:image:width\" content=\"400\" \/>\n\t<meta property=\"og:image:height\" content=\"300\" \/>\n\t<meta property=\"og:image:type\" content=\"image\/jpeg\" \/>\n<meta name=\"twitter:card\" content=\"summary_large_image\" \/>\n<meta name=\"twitter:label1\" content=\"Tempo estimado de leitura\" \/>\n\t<meta name=\"twitter:data1\" content=\"5 minutos\" \/>\n<script type=\"application\/ld+json\" class=\"yoast-schema-graph\">{\"@context\":\"https:\/\/schema.org\",\"@graph\":[{\"@type\":\"WebPage\",\"@id\":\"https:\/\/buy-prescriptionz.com\/product\/buy-oxycodone-apap-physicians-tc-online\/\",\"url\":\"https:\/\/buy-prescriptionz.com\/product\/buy-oxycodone-apap-physicians-tc-online\/\",\"name\":\"Buy Oxycodone Apap (Wattson Labs) Online - Oxycodone Apap (Wattson Labs) for Sale\",\"isPartOf\":{\"@id\":\"https:\/\/buy-prescriptionz.com\/#website\"},\"primaryImageOfPage\":{\"@id\":\"https:\/\/buy-prescriptionz.com\/product\/buy-oxycodone-apap-physicians-tc-online\/#primaryimage\"},\"image\":{\"@id\":\"https:\/\/buy-prescriptionz.com\/product\/buy-oxycodone-apap-physicians-tc-online\/#primaryimage\"},\"thumbnailUrl\":\"https:\/\/buy-prescriptionz.com\/wp-content\/uploads\/2025\/09\/oxycodone-apap-physicians-tc-.jpg\",\"datePublished\":\"2025-09-16T08:56:10+00:00\",\"dateModified\":\"2025-09-24T14:09:34+00:00\",\"description\":\"If you wish to buy Oxycodone online, our online Buy-Prescriptionz store can help. We have Oxycodone for sale at the best rates here. Place your order and grab the latest deals today!\",\"breadcrumb\":{\"@id\":\"https:\/\/buy-prescriptionz.com\/product\/buy-oxycodone-apap-physicians-tc-online\/#breadcrumb\"},\"inLanguage\":\"pt-PT\",\"potentialAction\":[{\"@type\":\"ReadAction\",\"target\":[\"https:\/\/buy-prescriptionz.com\/product\/buy-oxycodone-apap-physicians-tc-online\/\"]}]},{\"@type\":\"ImageObject\",\"inLanguage\":\"pt-PT\",\"@id\":\"https:\/\/buy-prescriptionz.com\/product\/buy-oxycodone-apap-physicians-tc-online\/#primaryimage\",\"url\":\"https:\/\/buy-prescriptionz.com\/wp-content\/uploads\/2025\/09\/oxycodone-apap-physicians-tc-.jpg\",\"contentUrl\":\"https:\/\/buy-prescriptionz.com\/wp-content\/uploads\/2025\/09\/oxycodone-apap-physicians-tc-.jpg\",\"width\":400,\"height\":300},{\"@type\":\"BreadcrumbList\",\"@id\":\"https:\/\/buy-prescriptionz.com\/product\/buy-oxycodone-apap-physicians-tc-online\/#breadcrumb\",\"itemListElement\":[{\"@type\":\"ListItem\",\"position\":1,\"name\":\"Home\",\"item\":\"https:\/\/buy-prescriptionz.com\/\"},{\"@type\":\"ListItem\",\"position\":2,\"name\":\"Shop Painkillers Online\",\"item\":\"https:\/\/buy-prescriptionz.com\/shop-painkillers-online\/\"},{\"@type\":\"ListItem\",\"position\":3,\"name\":\"Buy Oxycodone &#8211; Apap (Physicians Tc.) Online\"}]},{\"@type\":\"WebSite\",\"@id\":\"https:\/\/buy-prescriptionz.com\/#website\",\"url\":\"https:\/\/buy-prescriptionz.com\/\",\"name\":\"Buy Prescriptionz\",\"description\":\"Drugs Online\",\"publisher\":{\"@id\":\"https:\/\/buy-prescriptionz.com\/#organization\"},\"potentialAction\":[{\"@type\":\"SearchAction\",\"target\":{\"@type\":\"EntryPoint\",\"urlTemplate\":\"https:\/\/buy-prescriptionz.com\/?s={search_term_string}\"},\"query-input\":{\"@type\":\"PropertyValueSpecification\",\"valueRequired\":true,\"valueName\":\"search_term_string\"}}],\"inLanguage\":\"pt-PT\"},{\"@type\":\"Organization\",\"@id\":\"https:\/\/buy-prescriptionz.com\/#organization\",\"name\":\"Buy Prescriptionz\",\"url\":\"https:\/\/buy-prescriptionz.com\/\",\"logo\":{\"@type\":\"ImageObject\",\"inLanguage\":\"pt-PT\",\"@id\":\"https:\/\/buy-prescriptionz.com\/#\/schema\/logo\/image\/\",\"url\":\"https:\/\/buy-prescriptionz.com\/wp-content\/uploads\/2023\/09\/logo.png\",\"contentUrl\":\"https:\/\/buy-prescriptionz.com\/wp-content\/uploads\/2023\/09\/logo.png\",\"width\":350,\"height\":64,\"caption\":\"Buy Prescriptionz\"},\"image\":{\"@id\":\"https:\/\/buy-prescriptionz.com\/#\/schema\/logo\/image\/\"}}]}<\/script>\n<!-- \/ Yoast SEO plugin. -->","yoast_head_json":{"title":"Comprar Oxycodone Apap (Wattson Labs) Online - Oxycodone Apap (Wattson Labs) em promo\u00e7\u00e3o","description":"Se quiser comprar Oxicodona online, a nossa loja online Buy-Prescriptionz pode ajudar. Temos Oxicodona para venda aos melhores pre\u00e7os aqui. Fa\u00e7a a sua encomenda e aproveite as \u00faltimas ofertas hoje mesmo!","robots":{"index":"index","follow":"follow","max-snippet":"max-snippet:-1","max-image-preview":"max-image-preview:large","max-video-preview":"max-video-preview:-1"},"canonical":"https:\/\/buy-prescriptionz.com\/pt_pt\/produto\/comprar-oxicodona-apap-medicos-tc-online\/","og_locale":"pt_PT","og_type":"article","og_title":"Buy Oxycodone Apap (Wattson Labs) Online - Oxycodone Apap (Wattson Labs) for Sale","og_description":"If you wish to buy Oxycodone online, our online Buy-Prescriptionz store can help. We have Oxycodone for sale at the best rates here. Place your order and grab the latest deals today!","og_url":"https:\/\/buy-prescriptionz.com\/pt_pt\/produto\/comprar-oxicodona-apap-medicos-tc-online\/","og_site_name":"Buy Prescriptionz","article_modified_time":"2025-09-24T14:09:34+00:00","og_image":[{"width":400,"height":300,"url":"https:\/\/buy-prescriptionz.com\/wp-content\/uploads\/2025\/09\/oxycodone-apap-physicians-tc-.jpg","type":"image\/jpeg"}],"twitter_card":"summary_large_image","twitter_misc":{"Tempo estimado de leitura":"5 minutos"},"schema":{"@context":"https:\/\/schema.org","@graph":[{"@type":"WebPage","@id":"https:\/\/buy-prescriptionz.com\/product\/buy-oxycodone-apap-physicians-tc-online\/","url":"https:\/\/buy-prescriptionz.com\/product\/buy-oxycodone-apap-physicians-tc-online\/","name":"Comprar Oxycodone Apap (Wattson Labs) Online - Oxycodone Apap (Wattson Labs) em promo\u00e7\u00e3o","isPartOf":{"@id":"https:\/\/buy-prescriptionz.com\/#website"},"primaryImageOfPage":{"@id":"https:\/\/buy-prescriptionz.com\/product\/buy-oxycodone-apap-physicians-tc-online\/#primaryimage"},"image":{"@id":"https:\/\/buy-prescriptionz.com\/product\/buy-oxycodone-apap-physicians-tc-online\/#primaryimage"},"thumbnailUrl":"https:\/\/buy-prescriptionz.com\/wp-content\/uploads\/2025\/09\/oxycodone-apap-physicians-tc-.jpg","datePublished":"2025-09-16T08:56:10+00:00","dateModified":"2025-09-24T14:09:34+00:00","description":"Se quiser comprar Oxicodona online, a nossa loja online Buy-Prescriptionz pode ajudar. Temos Oxicodona para venda aos melhores pre\u00e7os aqui. Fa\u00e7a a sua encomenda e aproveite as \u00faltimas ofertas hoje mesmo!","breadcrumb":{"@id":"https:\/\/buy-prescriptionz.com\/product\/buy-oxycodone-apap-physicians-tc-online\/#breadcrumb"},"inLanguage":"pt-PT","potentialAction":[{"@type":"ReadAction","target":["https:\/\/buy-prescriptionz.com\/product\/buy-oxycodone-apap-physicians-tc-online\/"]}]},{"@type":"ImageObject","inLanguage":"pt-PT","@id":"https:\/\/buy-prescriptionz.com\/product\/buy-oxycodone-apap-physicians-tc-online\/#primaryimage","url":"https:\/\/buy-prescriptionz.com\/wp-content\/uploads\/2025\/09\/oxycodone-apap-physicians-tc-.jpg","contentUrl":"https:\/\/buy-prescriptionz.com\/wp-content\/uploads\/2025\/09\/oxycodone-apap-physicians-tc-.jpg","width":400,"height":300},{"@type":"BreadcrumbList","@id":"https:\/\/buy-prescriptionz.com\/product\/buy-oxycodone-apap-physicians-tc-online\/#breadcrumb","itemListElement":[{"@type":"ListItem","position":1,"name":"Home","item":"https:\/\/buy-prescriptionz.com\/"},{"@type":"ListItem","position":2,"name":"Shop Painkillers Online","item":"https:\/\/buy-prescriptionz.com\/shop-painkillers-online\/"},{"@type":"ListItem","position":3,"name":"Buy Oxycodone &#8211; Apap (Physicians Tc.) Online"}]},{"@type":"WebSite","@id":"https:\/\/buy-prescriptionz.com\/#website","url":"https:\/\/buy-prescriptionz.com\/","name":"Buy Prescriptionz","description":"Drogas Online","publisher":{"@id":"https:\/\/buy-prescriptionz.com\/#organization"},"potentialAction":[{"@type":"SearchAction","target":{"@type":"EntryPoint","urlTemplate":"https:\/\/buy-prescriptionz.com\/?s={search_term_string}"},"query-input":{"@type":"PropertyValueSpecification","valueRequired":true,"valueName":"search_term_string"}}],"inLanguage":"pt-PT"},{"@type":"Organization","@id":"https:\/\/buy-prescriptionz.com\/#organization","name":"Buy Prescriptionz","url":"https:\/\/buy-prescriptionz.com\/","logo":{"@type":"ImageObject","inLanguage":"pt-PT","@id":"https:\/\/buy-prescriptionz.com\/#\/schema\/logo\/image\/","url":"https:\/\/buy-prescriptionz.com\/wp-content\/uploads\/2023\/09\/logo.png","contentUrl":"https:\/\/buy-prescriptionz.com\/wp-content\/uploads\/2023\/09\/logo.png","width":350,"height":64,"caption":"Buy Prescriptionz"},"image":{"@id":"https:\/\/buy-prescriptionz.com\/#\/schema\/logo\/image\/"}}]}},"_links":{"self":[{"href":"https:\/\/buy-prescriptionz.com\/pt_pt\/wp-json\/wp\/v2\/product\/3062","targetHints":{"allow":["GET"]}}],"collection":[{"href":"https:\/\/buy-prescriptionz.com\/pt_pt\/wp-json\/wp\/v2\/product"}],"about":[{"href":"https:\/\/buy-prescriptionz.com\/pt_pt\/wp-json\/wp\/v2\/types\/product"}],"replies":[{"embeddable":true,"href":"https:\/\/buy-prescriptionz.com\/pt_pt\/wp-json\/wp\/v2\/comments?post=3062"}],"wp:featuredmedia":[{"embeddable":true,"href":"https:\/\/buy-prescriptionz.com\/pt_pt\/wp-json\/wp\/v2\/media\/3092"}],"wp:attachment":[{"href":"https:\/\/buy-prescriptionz.com\/pt_pt\/wp-json\/wp\/v2\/media?parent=3062"}],"wp:term":[{"taxonomy":"product_brand","embeddable":true,"href":"https:\/\/buy-prescriptionz.com\/pt_pt\/wp-json\/wp\/v2\/product_brand?post=3062"},{"taxonomy":"product_cat","embeddable":true,"href":"https:\/\/buy-prescriptionz.com\/pt_pt\/wp-json\/wp\/v2\/product_cat?post=3062"},{"taxonomy":"product_tag","embeddable":true,"href":"https:\/\/buy-prescriptionz.com\/pt_pt\/wp-json\/wp\/v2\/product_tag?post=3062"}],"curies":[{"name":"wp","href":"https:\/\/api.w.org\/{rel}","templated":true}]}}