{"id":3063,"date":"2025-09-16T08:56:10","date_gmt":"2025-09-16T08:56:10","guid":{"rendered":"https:\/\/chemsfine.com\/newsite\/?post_type=product&#038;p=3063"},"modified":"2025-09-24T10:46:35","modified_gmt":"2025-09-24T10:46:35","slug":"comprar-cloridrato-de-nubaina-nalbufina-online","status":"publish","type":"product","link":"https:\/\/buy-prescriptionz.com\/pt_pt\/produto\/comprar-cloridrato-de-nubaina-nalbufina-online\/","title":{"rendered":"Comprar Nubain (Nalbuphine Hydrochloride) Online"},"content":{"rendered":"<h2>Comprar Nubain (Nalbuphine Hydrochloride) Online<\/h2>\n<h3>Comprar Nubain (Nalbuphine Hydrochloride) Online ,Nalbin Nalbuphine HCL 20mg Amp | Comprar Nalbin Nalbuphine<\/h3>\n<p>Comprar Nubain (Cloridrato de Nalbufina) Online, Injec\u00e7\u00e3o de Cloridrato de Nalbufina Nubain | Nalbin Nalbufina, uso de opi\u00e1ceos como droga para o atormentar. Al\u00e9m disso, possui todas as caracter\u00edsticas de ser um agonista dos recetores narc\u00f3ticos kappa e um agonista inimigo ou incompleto dos recetores narc\u00f3ticos mu. A nalbufina \u00e9 o principal analg\u00e9sico narc\u00f3tico que n\u00e3o \u00e9 certamente uma subst\u00e2ncia controlada nos Estados Unidos. | Infus\u00e3o de cloridrato de nalbufina | Infus\u00e3o de Nubian<\/p>\n<p>Palavras equivalentes<\/p>\n<p>N-Cyclobutylmethyl-4,5alfa-epoxy-3,6alfa,14-morphinantriol<\/p>\n<p>Nalbufina<\/p>\n<p>Nalbuphine<\/p>\n<p>Nalbuphine<\/p>\n<p>Nalbuphine<\/p>\n<p>infus\u00e3o de cloridrato de nalbuphine<\/p>\n<p>Farmacodin\u00e2mica da Inje\u00e7\u00e3o de Nubain nalbuphine HCL<\/p>\n<p>Comprar Nubain (Cloridrato de Nalbufina) Online. A nalbufina \u00e9 um analg\u00e9sico agonista-adren\u00e9rgico narc\u00f3tico concebido com base na formula\u00e7\u00e3o fenantreno. A pot\u00eancia analg\u00e9sica da nalbufina \u00e9 basicamente proporcional \u00e0 da morfina numa base de miligrama. Desta forma, a a\u00e7\u00e3o narc\u00f3tica rival da nalbufina \u00e9 um quarto da pot\u00eancia da nalorfina e v\u00e1rias vezes superior \u00e0 da pentazocina. No entanto, a nalbufina, sem interven\u00e7\u00e3o humana, tem uma forte a\u00e7\u00e3o antagonista narc\u00f3tica em dosagens iguais ou inferiores \u00e0 sua dose analg\u00e9sica. Quando administrada ap\u00f3s ou simultaneamente com analg\u00e9sicos narc\u00f3ticos agonistas mu (por exemplo, morfina, oximorfona, fentanil), a nalbufina pode reverter ou contrariar parcialmente a depress\u00e3o respirat\u00f3ria induzida por narc\u00f3ticos causada pelo analg\u00e9sico agonista mu. Al\u00e9m disso, a nalbufina pode acelerar a abstin\u00eancia em doentes submetidos a medicamentos narc\u00f3ticos. Utilize a nalbufina com precau\u00e7\u00e3o em doentes que estejam a tomar analg\u00e9sicos narc\u00f3ticos constantemente. Infus\u00e3o de Nubian.<\/p>\n<h3>Como funciona o Nubain?<\/h3>\n<p>Um agonista-antagonista opi\u00f3ide, o Nubain reduz a perce\u00e7\u00e3o da dor atuando sobre diversos recetores opi\u00f3ides no c\u00e9rebro. Liga-se aos recetores opi\u00f3ides kappa do c\u00e9rebro, o que ajuda a bloquear os sinais de dor. No entanto, tamb\u00e9m inibe os recetores opi\u00f3ides mu, o que pode diminuir a hip\u00f3tese de sentir alguns dos efeitos negativos de outros medicamentos opi\u00f3ides, como n\u00e1useas, respira\u00e7\u00e3o mais lenta e comich\u00e3o.<\/p>\n<h3>Como funciona o Nubain?<\/h3>\n<p>A sua idade, peso, n\u00edvel de dor e toler\u00e2ncia aos opi\u00f3ides afetar\u00e3o a dosagem. Uma inje\u00e7\u00e3o de nalbufina pode ser administrada por via subcut\u00e2nea, nas veias ou nos m\u00fasculos. Se necess\u00e1rio, o seu m\u00e9dico ir\u00e1 assegurar que recebe a dose recomendada e, quando chegar a altura de interromper a sua utiliza\u00e7\u00e3o, ir\u00e1 reduzi-la gradualmente.<\/p>\n<h3>Quais s\u00e3o os efeitos secund\u00e1rios do Nubain?<\/h3>\n<p>A sonol\u00eancia \u00e9 o efeito adverso mais frequente. Suor, n\u00e1useas, v\u00f3mitos, tonturas, boca seca e dor de cabe\u00e7a s\u00e3o outros potenciais efeitos adversos.<\/p>\n<p>Que alimentos e medicamentos devo evitar enquanto estiver a tomar Nubina (nalbufina)? Evite o consumo de \u00e1lcool. Morte ou efeitos secund\u00e1rios muito graves s\u00e3o poss\u00edveis. At\u00e9 saber como este medicamento o ir\u00e1 afetar, evite conduzir e outras atividades de risco. Quedas, colis\u00f5es ou ferimentos graves podem resultar de sonol\u00eancia ou tonturas.<\/p>\n<h3>Mais detalhes sobre Nubain<\/h3>\n<p>Um analg\u00e9sico opi\u00f3ide utilizado em hospitais \u00e9 o Nubain. Distingue-se de outros opi\u00f3ides por n\u00e3o ser uma subst\u00e2ncia regulamentada, mas o uso indevido e a depend\u00eancia ainda s\u00e3o poss\u00edveis efeitos secund\u00e1rios. Devido a estes riscos, este medicamento \u00e9 frequentemente reservado para situa\u00e7\u00f5es em que outros analg\u00e9sicos n\u00e3o s\u00e3o suficientemente eficazes. Compre os medicamentos Nubain originais apenas na melhor farm\u00e1cia Buy-prescriptionz.com<\/p>\n<p>O nubain \u00e9 infundido na veia, injetado sob a pele ou injetado no m\u00fasculo. A inje\u00e7\u00e3o ser\u00e1 administrada por um profissional m\u00e9dico. O Nubain mais indicado \u00e9 normalmente utilizado conforme necess\u00e1rio, a cada tr\u00eas a seis horas, para aliviar a dor. Informe o seu m\u00e9dico se o medicamento n\u00e3o lhe parecer t\u00e3o eficaz no al\u00edvio da dor. Ap\u00f3s tomar nalbufina durante um longo per\u00edodo, a interrup\u00e7\u00e3o abrupta do consumo pode causar sintomas de abstin\u00eancia desagrad\u00e1veis. Informe-se junto do seu m\u00e9dico sobre como interromper o uso deste medicamento em seguran\u00e7a.<\/p>\n<h2>Sistema de atividade | Inje\u00e7\u00e3o de Nubain nalbuphine HCL<\/h2>\n<p>O componente definido da actividade \u00e9 obscuro, mas aceite para cooperar com um local receptor de sedativos no SNC (provavelmente no ou relacionado com a estrutura l\u00edmbica). Seja como for, o impacto sedativo hostil pode resultar de uma restri\u00e7\u00e3o agressiva no receptor do sedativo, mas tamb\u00e9m pode ser uma consequ\u00eancia de diferentes componentes. Pensa-se que o nalbuphine \u00e9 basicamente um agonista kappa. Desta forma, \u00e9, al\u00e9m disso, um al\u00edvio incompleto da dor do oponente mu, com alguma autoridade sobre o receptor delta e um movimento agonista insignificante no receptor sigma. Comprar Nubain (Nalbuphine Hydrochloride) Online<\/p>\n<h3>Ingest\u00e3o | Inje\u00e7\u00e3o de Nubain nalbuphine HCL<\/h3>\n<p>A biodisponibilidade m\u00e9dia total foi de 81% e 83% para as por\u00e7\u00f5es intramusculares de 10 e 20 mg, separadamente, e 79% e 76% ap\u00f3s 10 e 20 mg de nalbuphine subcut\u00e2nea. Comprar Nubain (Nalbuphine Hydrochloride) Online<\/p>\n<p>Meia-vida<\/p>\n<p>A semi-exist\u00eancia plasm\u00e1tica de nalbuphine \u00e9 de 5 horas, e em investiga\u00e7\u00f5es cl\u00ednicas, o termo de movimento para aliviar a dor foi contabilizado para funcionar de 3 a 6 horas.<\/p>\n<p>Nocividade<\/p>\n<p>Oral, LD50 intenso \u00e9 1100 mg\/kg em um canino. Os efeitos secund\u00e1rios da overdose incorporam principalmente sonol\u00eancia e disforia suave.<\/p>\n<p>Nubain nalbuphine HCL Injection de<\/p>\n<p>nalbuphine infus\u00e3o de cloridrato de<\/p>\n<p>Comprar Nubain (Nalbuphine Hydrochloride) Online<\/p>","protected":false},"excerpt":{"rendered":"<p>Buy Nubain (Nalbuphine Hydrochloride) Online Buy Nubain (Nalbuphine Hydrochloride) Online ,Nalbin Nalbuphine HCL 20mg Amp | Buy Nalbin Nalbuphine Buy Nubain (Nalbuphine Hydrochloride) Online , Nubain nalbuphine HCL Injection | Nalbin Nalbuphine, opiate use as a tormented drug. Additionally, It has all the earmarks of being an agonist at kappa narcotic receptors and an enemy [&hellip;]<\/p>","protected":false},"featured_media":3093,"comment_status":"open","ping_status":"closed","template":"","meta":{"site-sidebar-layout":"default","site-content-layout":"","ast-site-content-layout":"default","site-content-style":"default","site-sidebar-style":"default","ast-global-header-display":"","ast-banner-title-visibility":"","ast-main-header-display":"","ast-hfb-above-header-display":"","ast-hfb-below-header-display":"","ast-hfb-mobile-header-display":"","site-post-title":"","ast-breadcrumbs-content":"","ast-featured-img":"","footer-sml-layout":"","theme-transparent-header-meta":"default","adv-header-id-meta":"","stick-header-meta":"","header-above-stick-meta":"","header-main-stick-meta":"","header-below-stick-meta":"","astra-migrate-meta-layouts":"set","ast-page-background-enabled":"default","ast-page-background-meta":{"desktop":{"background-color":"var(--ast-global-color-4)","background-image":"","background-repeat":"repeat","background-position":"center center","background-size":"auto","background-attachment":"scroll","background-type":"","background-media":"","overlay-type":"","overlay-color":"","overlay-opacity":"","overlay-gradient":""},"tablet":{"background-color":"","background-image":"","background-repeat":"repeat","background-position":"center center","background-size":"auto","background-attachment":"scroll","background-type":"","background-media":"","overlay-type":"","overlay-color":"","overlay-opacity":"","overlay-gradient":""},"mobile":{"background-color":"","background-image":"","background-repeat":"repeat","background-position":"center center","background-size":"auto","background-attachment":"scroll","background-type":"","background-media":"","overlay-type":"","overlay-color":"","overlay-opacity":"","overlay-gradient":""}},"ast-content-background-meta":{"desktop":{"background-color":"var(--ast-global-color-5)","background-image":"","background-repeat":"repeat","background-position":"center center","background-size":"auto","background-attachment":"scroll","background-type":"","background-media":"","overlay-type":"","overlay-color":"","overlay-opacity":"","overlay-gradient":""},"tablet":{"background-color":"var(--ast-global-color-5)","background-image":"","background-repeat":"repeat","background-position":"center center","background-size":"auto","background-attachment":"scroll","background-type":"","background-media":"","overlay-type":"","overlay-color":"","overlay-opacity":"","overlay-gradient":""},"mobile":{"background-color":"var(--ast-global-color-5)","background-image":"","background-repeat":"repeat","background-position":"center center","background-size":"auto","background-attachment":"scroll","background-type":"","background-media":"","overlay-type":"","overlay-color":"","overlay-opacity":"","overlay-gradient":""}}},"product_brand":[],"product_cat":[2385],"product_tag":[1147,1148,1146,1141,1144,1143,1142,1145,1140,1139,1150,1149],"class_list":{"0":"post-3063","1":"product","2":"type-product","3":"status-publish","4":"has-post-thumbnail","6":"product_cat-buy-pain-killer-pills-online","7":"product_tag-buy-nubain-nalbuphine-hydrochloride-in-canada","8":"product_tag-buy-nubain-nalbuphine-hydrochloride-in-uk","9":"product_tag-buy-nubain-nalbuphine-hydrochloride-in-usa","10":"product_tag-buy-nubain-nalbuphine-hydrochloride-with-bitcoin","11":"product_tag-buy-nubain-nalbuphine-hydrochloride-with-credit-card","12":"product_tag-buy-nubain-nalbuphine-hydrochloride-with-money-gram","13":"product_tag-buy-nubain-nalbuphine-hydrochloride-with-western-union","14":"product_tag-buy-nubain-nalbuphine-hydrochloride-without-a-doctor","15":"product_tag-buy-nubain-nalbuphine-hydrochloride-without-prescription","16":"product_tag-nubain-nalbuphine-hydrochloride-for-sale","17":"product_tag-nubain-nalbuphine-hydrochloride-pills","18":"product_tag-nubain-nalbuphine-hydrochloride-tablets","19":"desktop-align-center","20":"tablet-align-left","21":"mobile-align-left","23":"first","24":"instock","25":"shipping-taxable","26":"purchasable","27":"product-type-variable","28":"has-default-attributes"},"yoast_head":"<!-- This site is optimized with the Yoast SEO plugin v25.9 - https:\/\/yoast.com\/wordpress\/plugins\/seo\/ -->\n<title>Buy Nubain Online - Nubain for Sale - Order Nubain<\/title>\n<meta name=\"description\" content=\"You can get Nubain for sale at our online store and get it at your doorstep without any hassle. We help you buy Nubain online. Just place your order now!\" \/>\n<meta name=\"robots\" content=\"index, follow, max-snippet:-1, max-image-preview:large, max-video-preview:-1\" \/>\n<link rel=\"canonical\" href=\"https:\/\/buy-prescriptionz.com\/pt_pt\/produto\/comprar-cloridrato-de-nubaina-nalbufina-online\/\" \/>\n<meta property=\"og:locale\" content=\"pt_PT\" \/>\n<meta property=\"og:type\" content=\"article\" \/>\n<meta property=\"og:title\" content=\"Buy Nubain Online - Nubain for Sale - Order Nubain\" \/>\n<meta property=\"og:description\" content=\"You can get Nubain for sale at our online store and get it at your doorstep without any hassle. We help you buy Nubain online. Just place your order now!\" \/>\n<meta property=\"og:url\" content=\"https:\/\/buy-prescriptionz.com\/pt_pt\/produto\/comprar-cloridrato-de-nubaina-nalbufina-online\/\" \/>\n<meta property=\"og:site_name\" content=\"Buy Prescriptionz\" \/>\n<meta property=\"article:modified_time\" content=\"2025-09-24T10:46:35+00:00\" \/>\n<meta property=\"og:image\" content=\"https:\/\/buy-prescriptionz.com\/wp-content\/uploads\/2025\/09\/nubain-nalbuphine-hydrochloride.jpg\" \/>\n\t<meta property=\"og:image:width\" content=\"400\" \/>\n\t<meta property=\"og:image:height\" content=\"300\" \/>\n\t<meta property=\"og:image:type\" content=\"image\/jpeg\" \/>\n<meta name=\"twitter:card\" content=\"summary_large_image\" \/>\n<meta name=\"twitter:label1\" content=\"Tempo estimado de leitura\" \/>\n\t<meta name=\"twitter:data1\" content=\"4 minutos\" \/>\n<script type=\"application\/ld+json\" class=\"yoast-schema-graph\">{\"@context\":\"https:\/\/schema.org\",\"@graph\":[{\"@type\":\"WebPage\",\"@id\":\"https:\/\/buy-prescriptionz.com\/product\/buy-nubain-nalbuphine-hydrochloride-online\/\",\"url\":\"https:\/\/buy-prescriptionz.com\/product\/buy-nubain-nalbuphine-hydrochloride-online\/\",\"name\":\"Buy Nubain Online - Nubain for Sale - Order Nubain\",\"isPartOf\":{\"@id\":\"https:\/\/buy-prescriptionz.com\/#website\"},\"primaryImageOfPage\":{\"@id\":\"https:\/\/buy-prescriptionz.com\/product\/buy-nubain-nalbuphine-hydrochloride-online\/#primaryimage\"},\"image\":{\"@id\":\"https:\/\/buy-prescriptionz.com\/product\/buy-nubain-nalbuphine-hydrochloride-online\/#primaryimage\"},\"thumbnailUrl\":\"https:\/\/buy-prescriptionz.com\/wp-content\/uploads\/2025\/09\/nubain-nalbuphine-hydrochloride.jpg\",\"datePublished\":\"2025-09-16T08:56:10+00:00\",\"dateModified\":\"2025-09-24T10:46:35+00:00\",\"description\":\"You can get Nubain for sale at our online store and get it at your doorstep without any hassle. We help you buy Nubain online. Just place your order now!\",\"breadcrumb\":{\"@id\":\"https:\/\/buy-prescriptionz.com\/product\/buy-nubain-nalbuphine-hydrochloride-online\/#breadcrumb\"},\"inLanguage\":\"pt-PT\",\"potentialAction\":[{\"@type\":\"ReadAction\",\"target\":[\"https:\/\/buy-prescriptionz.com\/product\/buy-nubain-nalbuphine-hydrochloride-online\/\"]}]},{\"@type\":\"ImageObject\",\"inLanguage\":\"pt-PT\",\"@id\":\"https:\/\/buy-prescriptionz.com\/product\/buy-nubain-nalbuphine-hydrochloride-online\/#primaryimage\",\"url\":\"https:\/\/buy-prescriptionz.com\/wp-content\/uploads\/2025\/09\/nubain-nalbuphine-hydrochloride.jpg\",\"contentUrl\":\"https:\/\/buy-prescriptionz.com\/wp-content\/uploads\/2025\/09\/nubain-nalbuphine-hydrochloride.jpg\",\"width\":400,\"height\":300},{\"@type\":\"BreadcrumbList\",\"@id\":\"https:\/\/buy-prescriptionz.com\/product\/buy-nubain-nalbuphine-hydrochloride-online\/#breadcrumb\",\"itemListElement\":[{\"@type\":\"ListItem\",\"position\":1,\"name\":\"Home\",\"item\":\"https:\/\/buy-prescriptionz.com\/\"},{\"@type\":\"ListItem\",\"position\":2,\"name\":\"Shop Painkillers Online\",\"item\":\"https:\/\/buy-prescriptionz.com\/shop-painkillers-online\/\"},{\"@type\":\"ListItem\",\"position\":3,\"name\":\"Buy Nubain (Nalbuphine Hydrochloride) Online\"}]},{\"@type\":\"WebSite\",\"@id\":\"https:\/\/buy-prescriptionz.com\/#website\",\"url\":\"https:\/\/buy-prescriptionz.com\/\",\"name\":\"Buy Prescriptionz\",\"description\":\"Drugs Online\",\"publisher\":{\"@id\":\"https:\/\/buy-prescriptionz.com\/#organization\"},\"potentialAction\":[{\"@type\":\"SearchAction\",\"target\":{\"@type\":\"EntryPoint\",\"urlTemplate\":\"https:\/\/buy-prescriptionz.com\/?s={search_term_string}\"},\"query-input\":{\"@type\":\"PropertyValueSpecification\",\"valueRequired\":true,\"valueName\":\"search_term_string\"}}],\"inLanguage\":\"pt-PT\"},{\"@type\":\"Organization\",\"@id\":\"https:\/\/buy-prescriptionz.com\/#organization\",\"name\":\"Buy Prescriptionz\",\"url\":\"https:\/\/buy-prescriptionz.com\/\",\"logo\":{\"@type\":\"ImageObject\",\"inLanguage\":\"pt-PT\",\"@id\":\"https:\/\/buy-prescriptionz.com\/#\/schema\/logo\/image\/\",\"url\":\"https:\/\/buy-prescriptionz.com\/wp-content\/uploads\/2023\/09\/logo.png\",\"contentUrl\":\"https:\/\/buy-prescriptionz.com\/wp-content\/uploads\/2023\/09\/logo.png\",\"width\":350,\"height\":64,\"caption\":\"Buy Prescriptionz\"},\"image\":{\"@id\":\"https:\/\/buy-prescriptionz.com\/#\/schema\/logo\/image\/\"}}]}<\/script>\n<!-- \/ Yoast SEO plugin. -->","yoast_head_json":{"title":"Comprar Nubain Online - Nubain para venda - Encomendar Nubain","description":"Pode comprar Nubain na nossa loja online e receb\u00ea-lo em casa sem complica\u00e7\u00f5es. Ajudamos a comprar Nubain online. Fa\u00e7a o seu pedido agora mesmo!","robots":{"index":"index","follow":"follow","max-snippet":"max-snippet:-1","max-image-preview":"max-image-preview:large","max-video-preview":"max-video-preview:-1"},"canonical":"https:\/\/buy-prescriptionz.com\/pt_pt\/produto\/comprar-cloridrato-de-nubaina-nalbufina-online\/","og_locale":"pt_PT","og_type":"article","og_title":"Buy Nubain Online - Nubain for Sale - Order Nubain","og_description":"You can get Nubain for sale at our online store and get it at your doorstep without any hassle. We help you buy Nubain online. Just place your order now!","og_url":"https:\/\/buy-prescriptionz.com\/pt_pt\/produto\/comprar-cloridrato-de-nubaina-nalbufina-online\/","og_site_name":"Buy Prescriptionz","article_modified_time":"2025-09-24T10:46:35+00:00","og_image":[{"width":400,"height":300,"url":"https:\/\/buy-prescriptionz.com\/wp-content\/uploads\/2025\/09\/nubain-nalbuphine-hydrochloride.jpg","type":"image\/jpeg"}],"twitter_card":"summary_large_image","twitter_misc":{"Tempo estimado de leitura":"4 minutos"},"schema":{"@context":"https:\/\/schema.org","@graph":[{"@type":"WebPage","@id":"https:\/\/buy-prescriptionz.com\/product\/buy-nubain-nalbuphine-hydrochloride-online\/","url":"https:\/\/buy-prescriptionz.com\/product\/buy-nubain-nalbuphine-hydrochloride-online\/","name":"Comprar Nubain Online - Nubain para venda - Encomendar Nubain","isPartOf":{"@id":"https:\/\/buy-prescriptionz.com\/#website"},"primaryImageOfPage":{"@id":"https:\/\/buy-prescriptionz.com\/product\/buy-nubain-nalbuphine-hydrochloride-online\/#primaryimage"},"image":{"@id":"https:\/\/buy-prescriptionz.com\/product\/buy-nubain-nalbuphine-hydrochloride-online\/#primaryimage"},"thumbnailUrl":"https:\/\/buy-prescriptionz.com\/wp-content\/uploads\/2025\/09\/nubain-nalbuphine-hydrochloride.jpg","datePublished":"2025-09-16T08:56:10+00:00","dateModified":"2025-09-24T10:46:35+00:00","description":"Pode comprar Nubain na nossa loja online e receb\u00ea-lo em casa sem complica\u00e7\u00f5es. Ajudamos a comprar Nubain online. Fa\u00e7a o seu pedido agora mesmo!","breadcrumb":{"@id":"https:\/\/buy-prescriptionz.com\/product\/buy-nubain-nalbuphine-hydrochloride-online\/#breadcrumb"},"inLanguage":"pt-PT","potentialAction":[{"@type":"ReadAction","target":["https:\/\/buy-prescriptionz.com\/product\/buy-nubain-nalbuphine-hydrochloride-online\/"]}]},{"@type":"ImageObject","inLanguage":"pt-PT","@id":"https:\/\/buy-prescriptionz.com\/product\/buy-nubain-nalbuphine-hydrochloride-online\/#primaryimage","url":"https:\/\/buy-prescriptionz.com\/wp-content\/uploads\/2025\/09\/nubain-nalbuphine-hydrochloride.jpg","contentUrl":"https:\/\/buy-prescriptionz.com\/wp-content\/uploads\/2025\/09\/nubain-nalbuphine-hydrochloride.jpg","width":400,"height":300},{"@type":"BreadcrumbList","@id":"https:\/\/buy-prescriptionz.com\/product\/buy-nubain-nalbuphine-hydrochloride-online\/#breadcrumb","itemListElement":[{"@type":"ListItem","position":1,"name":"Home","item":"https:\/\/buy-prescriptionz.com\/"},{"@type":"ListItem","position":2,"name":"Shop Painkillers Online","item":"https:\/\/buy-prescriptionz.com\/shop-painkillers-online\/"},{"@type":"ListItem","position":3,"name":"Buy Nubain (Nalbuphine Hydrochloride) Online"}]},{"@type":"WebSite","@id":"https:\/\/buy-prescriptionz.com\/#website","url":"https:\/\/buy-prescriptionz.com\/","name":"Buy Prescriptionz","description":"Drogas Online","publisher":{"@id":"https:\/\/buy-prescriptionz.com\/#organization"},"potentialAction":[{"@type":"SearchAction","target":{"@type":"EntryPoint","urlTemplate":"https:\/\/buy-prescriptionz.com\/?s={search_term_string}"},"query-input":{"@type":"PropertyValueSpecification","valueRequired":true,"valueName":"search_term_string"}}],"inLanguage":"pt-PT"},{"@type":"Organization","@id":"https:\/\/buy-prescriptionz.com\/#organization","name":"Buy Prescriptionz","url":"https:\/\/buy-prescriptionz.com\/","logo":{"@type":"ImageObject","inLanguage":"pt-PT","@id":"https:\/\/buy-prescriptionz.com\/#\/schema\/logo\/image\/","url":"https:\/\/buy-prescriptionz.com\/wp-content\/uploads\/2023\/09\/logo.png","contentUrl":"https:\/\/buy-prescriptionz.com\/wp-content\/uploads\/2023\/09\/logo.png","width":350,"height":64,"caption":"Buy Prescriptionz"},"image":{"@id":"https:\/\/buy-prescriptionz.com\/#\/schema\/logo\/image\/"}}]}},"_links":{"self":[{"href":"https:\/\/buy-prescriptionz.com\/pt_pt\/wp-json\/wp\/v2\/product\/3063","targetHints":{"allow":["GET"]}}],"collection":[{"href":"https:\/\/buy-prescriptionz.com\/pt_pt\/wp-json\/wp\/v2\/product"}],"about":[{"href":"https:\/\/buy-prescriptionz.com\/pt_pt\/wp-json\/wp\/v2\/types\/product"}],"replies":[{"embeddable":true,"href":"https:\/\/buy-prescriptionz.com\/pt_pt\/wp-json\/wp\/v2\/comments?post=3063"}],"wp:featuredmedia":[{"embeddable":true,"href":"https:\/\/buy-prescriptionz.com\/pt_pt\/wp-json\/wp\/v2\/media\/3093"}],"wp:attachment":[{"href":"https:\/\/buy-prescriptionz.com\/pt_pt\/wp-json\/wp\/v2\/media?parent=3063"}],"wp:term":[{"taxonomy":"product_brand","embeddable":true,"href":"https:\/\/buy-prescriptionz.com\/pt_pt\/wp-json\/wp\/v2\/product_brand?post=3063"},{"taxonomy":"product_cat","embeddable":true,"href":"https:\/\/buy-prescriptionz.com\/pt_pt\/wp-json\/wp\/v2\/product_cat?post=3063"},{"taxonomy":"product_tag","embeddable":true,"href":"https:\/\/buy-prescriptionz.com\/pt_pt\/wp-json\/wp\/v2\/product_tag?post=3063"}],"curies":[{"name":"wp","href":"https:\/\/api.w.org\/{rel}","templated":true}]}}