{"id":3064,"date":"2025-09-16T08:56:10","date_gmt":"2025-09-16T08:56:10","guid":{"rendered":"https:\/\/chemsfine.com\/newsite\/?post_type=product&#038;p=3064"},"modified":"2025-09-24T10:04:29","modified_gmt":"2025-09-24T10:04:29","slug":"comprar-norco-tabs-online","status":"publish","type":"product","link":"https:\/\/buy-prescriptionz.com\/pt_pt\/produto\/comprar-norco-tabs-online\/","title":{"rendered":"Comprar Norco Tabs Online"},"content":{"rendered":"<h2>Comprar Norco Tabs Online<\/h2>\n<h3>O que \u00e9 o Norco?<\/h3>\n<p>Os comprimidos de Norco combinam paracetamol e hidrocodona. Um tipo de analg\u00e9sico opi\u00f3ide \u00e9 a hidrocodona. Narc\u00f3tico \u00e9 outro termo para opi\u00f3ide. O analg\u00e9sico menos eficaz, o paracetamol, intensifica os efeitos da hidrocodona.<\/p>\n<h3>Comprar NORCO (ABAS AMARELAS) ONLINE<\/h3>\n<p>Comprar NORCO (YELLOW TABS) ONLINE Comprar Norco Tabs Online, Norco (Yellow Tabs) \u00e9 uma mistura de acetaminofeno e hidrocodona, tendo um lugar com a recolha de analg\u00e9sicos narc\u00f3ticos (opi\u00e1ceos). Os comprimidos amarelos s\u00e3o fortes o suficiente para reduzir a agonia s\u00e9ria em curso nos pacientes devido ao crescimento maligno como Comprar Norco Tabs Online circunst\u00e2ncias e ...<\/p>\n<h3>Como devo consumir Norco?<\/h3>\n<p>Siga rigorosamente as instru\u00e7\u00f5es do Norco. Observe as instru\u00e7\u00f5es da bula do seu medicamento. Nunca utilize este medicamento durante mais tempo do que o recomendado ou em doses mais elevadas. A sobredosagem pode resultar em mortes ou danos no f\u00edgado. Informe o seu m\u00e9dico se o medicamento n\u00e3o lhe parecer t\u00e3o eficaz no al\u00edvio da sua dor. Mesmo em dosagens normais, a hidrocodona tem o potencial de causar depend\u00eancia. Nunca d\u00ea este medicamento a outra pessoa, especialmente se esta tiver um historial de depend\u00eancia ou uso indevido de drogas. Especialmente nos casos em que a droga \u00e9 utilizada sem receita m\u00e9dica por crian\u00e7as ou outras pessoas, o uso indevido de medicamentos narc\u00f3ticos pode resultar em depend\u00eancia, overdose ou morte. \u00c9 ilegal doar ou vender Norco.<\/p>\n<p>Informe previamente o m\u00e9dico se vai tomar este medicamento ou se necessita de cirurgia ou outros exames m\u00e9dicos. Pode precisar de fazer uma pequena pausa no uso do medicamento. Ap\u00f3s tomar este medicamento durante um longo per\u00edodo, n\u00e3o o interrompa abruptamente, pois pode causar sintomas de abstin\u00eancia desagrad\u00e1veis. Informe-se junto do seu m\u00e9dico sobre como interromper o uso de Norco em seguran\u00e7a.<\/p>\n<p>O melhor Norco deve ser mantido \u00e0 temperatura ambiente e longe do calor e da humidade. Registe a quantidade de medicamento retirada de cada frasco novo. Como a hidrocodona \u00e9 uma droga de abuso, deve estar atento a qualquer utiliza\u00e7\u00e3o inapropriada ou sem receita m\u00e9dica do seu medicamento. Certifique-se de que obt\u00e9m os mesmos comprimidos \u2014 do tipo e marca exatos \u2014 que o seu m\u00e9dico prescreveu, verificando sempre o frasco. Para uma fonte fi\u00e1vel e conveniente para comprar Norco online, escolha Buy-prescriptionz.com. Com uma vasta sele\u00e7\u00e3o de medicamentos genu\u00ednos, pre\u00e7os competitivos, transa\u00e7\u00f5es seguras e um excelente servi\u00e7o ao cliente, a Buy-prescriptionz.com, uma das melhores farm\u00e1cias, garante uma experi\u00eancia de compra tranquila. Visite Buy-prescriptionz.com hoje mesmo para satisfazer as suas necessidades de prescri\u00e7\u00e3o com confian\u00e7a.<\/p>\n<h3>Norco \u00e9 prescrito para indiv\u00edduos que est\u00e3o a passar por:<\/h3>\n<p>\u2022 Ajustes musculares<\/p>\n<p>\u2022 Tormentos de les\u00f5es.<\/p>\n<h3>Medidas de precau\u00e7\u00e3o<\/h3>\n<p>\u2022 Norco n\u00e3o est\u00e1 protegido durante a gravidez, pois pode provocar deforma\u00e7\u00e3o no feto.<\/p>\n<p>\u2022 O uso de \u00e1lcool ou Maryjane com este medicamento \u00e9 cuidadosamente debilitado.<\/p>\n<p>\u2022 Norco n\u00e3o \u00e9 para doentes com doen\u00e7as card\u00edacas e pulmonares.<\/p>\n<h3>Rea\u00e7\u00f5es<\/h3>\n<p>\u2022 Dizziness<\/p>\n<p>\u2022 Headache<\/p>\n<p>\u2022 Convuls\u00f5es<\/p>\n<p>\u2022 Incha\u00e7o.<\/p>\n<h3>Avisos<\/h3>\n<p>A hidrocodona pode atrasar ou interromper a respira\u00e7\u00e3o. Nunca utilize Norco durante mais tempo do que o recomendado ou em dosagens mais elevadas. Mesmo em dosagens normais, os analg\u00e9sicos opi\u00f3ides podem causar depend\u00eancia. Nunca d\u00ea Norco a outra pessoa, especialmente se esta tiver um historial de depend\u00eancia ou uso indevido de drogas. Mantenha o medicamento fora do alcance de outras pessoas. Especialmente nos casos em que o medicamento \u00e9 utilizado sem receita m\u00e9dica por crian\u00e7as ou outras pessoas, o uso indevido de medicamentos narc\u00f3ticos pode resultar em depend\u00eancia, overdose ou morte.<\/p>\n<p>Se um inibidor da MAO, como a isocarboxazida, linezolida, inje\u00e7\u00e3o de azul de metileno, fenelzina, rasagilina, selegilina ou tranilcipromina, tiver sido utilizado nos \u00faltimos 14 dias, evite utilizar Norco.<\/p>","protected":false},"excerpt":{"rendered":"<p>Buy Norco Tabs Online What is Norco? Acetaminophen and hydrocodone are combined in Norco tabs. One kind of opioid painkiller is hydrocodone. A narcotic is another term for an opioid. The less effective analgesic acetaminophen intensifies the effects of hydrocodone. Purchase NORCO (YELLOW TABS) ONLINE Buy Norco Tabs Online, Norco (Yellow Tabs) is a blend [&hellip;]<\/p>","protected":false},"featured_media":3094,"comment_status":"open","ping_status":"closed","template":"","meta":{"site-sidebar-layout":"default","site-content-layout":"","ast-site-content-layout":"default","site-content-style":"default","site-sidebar-style":"default","ast-global-header-display":"","ast-banner-title-visibility":"","ast-main-header-display":"","ast-hfb-above-header-display":"","ast-hfb-below-header-display":"","ast-hfb-mobile-header-display":"","site-post-title":"","ast-breadcrumbs-content":"","ast-featured-img":"","footer-sml-layout":"","theme-transparent-header-meta":"default","adv-header-id-meta":"","stick-header-meta":"","header-above-stick-meta":"","header-main-stick-meta":"","header-below-stick-meta":"","astra-migrate-meta-layouts":"set","ast-page-background-enabled":"default","ast-page-background-meta":{"desktop":{"background-color":"var(--ast-global-color-4)","background-image":"","background-repeat":"repeat","background-position":"center center","background-size":"auto","background-attachment":"scroll","background-type":"","background-media":"","overlay-type":"","overlay-color":"","overlay-opacity":"","overlay-gradient":""},"tablet":{"background-color":"","background-image":"","background-repeat":"repeat","background-position":"center center","background-size":"auto","background-attachment":"scroll","background-type":"","background-media":"","overlay-type":"","overlay-color":"","overlay-opacity":"","overlay-gradient":""},"mobile":{"background-color":"","background-image":"","background-repeat":"repeat","background-position":"center center","background-size":"auto","background-attachment":"scroll","background-type":"","background-media":"","overlay-type":"","overlay-color":"","overlay-opacity":"","overlay-gradient":""}},"ast-content-background-meta":{"desktop":{"background-color":"var(--ast-global-color-5)","background-image":"","background-repeat":"repeat","background-position":"center center","background-size":"auto","background-attachment":"scroll","background-type":"","background-media":"","overlay-type":"","overlay-color":"","overlay-opacity":"","overlay-gradient":""},"tablet":{"background-color":"var(--ast-global-color-5)","background-image":"","background-repeat":"repeat","background-position":"center center","background-size":"auto","background-attachment":"scroll","background-type":"","background-media":"","overlay-type":"","overlay-color":"","overlay-opacity":"","overlay-gradient":""},"mobile":{"background-color":"var(--ast-global-color-5)","background-image":"","background-repeat":"repeat","background-position":"center center","background-size":"auto","background-attachment":"scroll","background-type":"","background-media":"","overlay-type":"","overlay-color":"","overlay-opacity":"","overlay-gradient":""}}},"product_brand":[],"product_cat":[2385],"product_tag":[1159,1160,1158,1153,1156,1155,1154,1157,1152,1151,1162,1161],"class_list":{"0":"post-3064","1":"product","2":"type-product","3":"status-publish","4":"has-post-thumbnail","6":"product_cat-buy-pain-killer-pills-online","7":"product_tag-buy-norco-yellow-tabs-in-canada","8":"product_tag-buy-norco-yellow-tabs-in-uk","9":"product_tag-buy-norco-yellow-tabs-in-usa","10":"product_tag-buy-norco-yellow-tabs-with-bitcoin","11":"product_tag-buy-norco-yellow-tabs-with-credit-card","12":"product_tag-buy-norco-yellow-tabs-with-money-gram","13":"product_tag-buy-norco-yellow-tabs-with-western-union","14":"product_tag-buy-norco-yellow-tabs-without-a-doctor","15":"product_tag-buy-norco-yellow-tabs-without-prescription","16":"product_tag-norco-yellow-tabs-for-sale","17":"product_tag-norco-yellow-tabs-pills","18":"product_tag-norco-yellow-tabs-tablets","19":"desktop-align-center","20":"tablet-align-left","21":"mobile-align-left","23":"first","24":"instock","25":"shipping-taxable","26":"purchasable","27":"product-type-variable","28":"has-default-attributes"},"yoast_head":"<!-- This site is optimized with the Yoast SEO plugin v25.9 - https:\/\/yoast.com\/wordpress\/plugins\/seo\/ -->\n<title>Buy Norco Tabs Online - Norco Tabs for Sale - Order Norco Tabs<\/title>\n<meta name=\"description\" content=\"Your requirement to buy Norco Tabs online can be fulfilled at our online store as we have Norco Tabs for sale here. Place your order and get affordable deals every day. Order Now!\" \/>\n<meta name=\"robots\" content=\"index, follow, max-snippet:-1, max-image-preview:large, max-video-preview:-1\" \/>\n<link rel=\"canonical\" href=\"https:\/\/buy-prescriptionz.com\/pt_pt\/produto\/comprar-norco-tabs-online\/\" \/>\n<meta property=\"og:locale\" content=\"pt_PT\" \/>\n<meta property=\"og:type\" content=\"article\" \/>\n<meta property=\"og:title\" content=\"Buy Norco Tabs Online - Norco Tabs for Sale - Order Norco Tabs\" \/>\n<meta property=\"og:description\" content=\"Your requirement to buy Norco Tabs online can be fulfilled at our online store as we have Norco Tabs for sale here. Place your order and get affordable deals every day. Order Now!\" \/>\n<meta property=\"og:url\" content=\"https:\/\/buy-prescriptionz.com\/pt_pt\/produto\/comprar-norco-tabs-online\/\" \/>\n<meta property=\"og:site_name\" content=\"Buy Prescriptionz\" \/>\n<meta property=\"article:modified_time\" content=\"2025-09-24T10:04:29+00:00\" \/>\n<meta property=\"og:image\" content=\"https:\/\/buy-prescriptionz.com\/wp-content\/uploads\/2025\/09\/norco-yellow-tabs.jpg\" \/>\n\t<meta property=\"og:image:width\" content=\"400\" \/>\n\t<meta property=\"og:image:height\" content=\"300\" \/>\n\t<meta property=\"og:image:type\" content=\"image\/jpeg\" \/>\n<meta name=\"twitter:card\" content=\"summary_large_image\" \/>\n<meta name=\"twitter:label1\" content=\"Tempo estimado de leitura\" \/>\n\t<meta name=\"twitter:data1\" content=\"3 minutos\" \/>\n<script type=\"application\/ld+json\" class=\"yoast-schema-graph\">{\"@context\":\"https:\/\/schema.org\",\"@graph\":[{\"@type\":\"WebPage\",\"@id\":\"https:\/\/buy-prescriptionz.com\/product\/buy-norco-tabs-online\/\",\"url\":\"https:\/\/buy-prescriptionz.com\/product\/buy-norco-tabs-online\/\",\"name\":\"Buy Norco Tabs Online - Norco Tabs for Sale - Order Norco Tabs\",\"isPartOf\":{\"@id\":\"https:\/\/buy-prescriptionz.com\/#website\"},\"primaryImageOfPage\":{\"@id\":\"https:\/\/buy-prescriptionz.com\/product\/buy-norco-tabs-online\/#primaryimage\"},\"image\":{\"@id\":\"https:\/\/buy-prescriptionz.com\/product\/buy-norco-tabs-online\/#primaryimage\"},\"thumbnailUrl\":\"https:\/\/buy-prescriptionz.com\/wp-content\/uploads\/2025\/09\/norco-yellow-tabs.jpg\",\"datePublished\":\"2025-09-16T08:56:10+00:00\",\"dateModified\":\"2025-09-24T10:04:29+00:00\",\"description\":\"Your requirement to buy Norco Tabs online can be fulfilled at our online store as we have Norco Tabs for sale here. Place your order and get affordable deals every day. Order Now!\",\"breadcrumb\":{\"@id\":\"https:\/\/buy-prescriptionz.com\/product\/buy-norco-tabs-online\/#breadcrumb\"},\"inLanguage\":\"pt-PT\",\"potentialAction\":[{\"@type\":\"ReadAction\",\"target\":[\"https:\/\/buy-prescriptionz.com\/product\/buy-norco-tabs-online\/\"]}]},{\"@type\":\"ImageObject\",\"inLanguage\":\"pt-PT\",\"@id\":\"https:\/\/buy-prescriptionz.com\/product\/buy-norco-tabs-online\/#primaryimage\",\"url\":\"https:\/\/buy-prescriptionz.com\/wp-content\/uploads\/2025\/09\/norco-yellow-tabs.jpg\",\"contentUrl\":\"https:\/\/buy-prescriptionz.com\/wp-content\/uploads\/2025\/09\/norco-yellow-tabs.jpg\",\"width\":400,\"height\":300},{\"@type\":\"BreadcrumbList\",\"@id\":\"https:\/\/buy-prescriptionz.com\/product\/buy-norco-tabs-online\/#breadcrumb\",\"itemListElement\":[{\"@type\":\"ListItem\",\"position\":1,\"name\":\"Home\",\"item\":\"https:\/\/buy-prescriptionz.com\/\"},{\"@type\":\"ListItem\",\"position\":2,\"name\":\"Shop Painkillers Online\",\"item\":\"https:\/\/buy-prescriptionz.com\/shop-painkillers-online\/\"},{\"@type\":\"ListItem\",\"position\":3,\"name\":\"Buy Norco Tabs Online\"}]},{\"@type\":\"WebSite\",\"@id\":\"https:\/\/buy-prescriptionz.com\/#website\",\"url\":\"https:\/\/buy-prescriptionz.com\/\",\"name\":\"Buy Prescriptionz\",\"description\":\"Drugs Online\",\"publisher\":{\"@id\":\"https:\/\/buy-prescriptionz.com\/#organization\"},\"potentialAction\":[{\"@type\":\"SearchAction\",\"target\":{\"@type\":\"EntryPoint\",\"urlTemplate\":\"https:\/\/buy-prescriptionz.com\/?s={search_term_string}\"},\"query-input\":{\"@type\":\"PropertyValueSpecification\",\"valueRequired\":true,\"valueName\":\"search_term_string\"}}],\"inLanguage\":\"pt-PT\"},{\"@type\":\"Organization\",\"@id\":\"https:\/\/buy-prescriptionz.com\/#organization\",\"name\":\"Buy Prescriptionz\",\"url\":\"https:\/\/buy-prescriptionz.com\/\",\"logo\":{\"@type\":\"ImageObject\",\"inLanguage\":\"pt-PT\",\"@id\":\"https:\/\/buy-prescriptionz.com\/#\/schema\/logo\/image\/\",\"url\":\"https:\/\/buy-prescriptionz.com\/wp-content\/uploads\/2023\/09\/logo.png\",\"contentUrl\":\"https:\/\/buy-prescriptionz.com\/wp-content\/uploads\/2023\/09\/logo.png\",\"width\":350,\"height\":64,\"caption\":\"Buy Prescriptionz\"},\"image\":{\"@id\":\"https:\/\/buy-prescriptionz.com\/#\/schema\/logo\/image\/\"}}]}<\/script>\n<!-- \/ Yoast SEO plugin. -->","yoast_head_json":{"title":"Comprar Norco Tabs online - Norco Tabs em promo\u00e7\u00e3o - Encomendar Norco Tabs","description":"A sua necessidade de comprar Norco Tabs online pode ser satisfeita na nossa loja virtual, pois temos Norco Tabs \u00e0 venda aqui. Fa\u00e7a a sua encomenda e aproveite ofertas incr\u00edveis todos os dias. Pe\u00e7a j\u00e1!","robots":{"index":"index","follow":"follow","max-snippet":"max-snippet:-1","max-image-preview":"max-image-preview:large","max-video-preview":"max-video-preview:-1"},"canonical":"https:\/\/buy-prescriptionz.com\/pt_pt\/produto\/comprar-norco-tabs-online\/","og_locale":"pt_PT","og_type":"article","og_title":"Buy Norco Tabs Online - Norco Tabs for Sale - Order Norco Tabs","og_description":"Your requirement to buy Norco Tabs online can be fulfilled at our online store as we have Norco Tabs for sale here. Place your order and get affordable deals every day. Order Now!","og_url":"https:\/\/buy-prescriptionz.com\/pt_pt\/produto\/comprar-norco-tabs-online\/","og_site_name":"Buy Prescriptionz","article_modified_time":"2025-09-24T10:04:29+00:00","og_image":[{"width":400,"height":300,"url":"https:\/\/buy-prescriptionz.com\/wp-content\/uploads\/2025\/09\/norco-yellow-tabs.jpg","type":"image\/jpeg"}],"twitter_card":"summary_large_image","twitter_misc":{"Tempo estimado de leitura":"3 minutos"},"schema":{"@context":"https:\/\/schema.org","@graph":[{"@type":"WebPage","@id":"https:\/\/buy-prescriptionz.com\/product\/buy-norco-tabs-online\/","url":"https:\/\/buy-prescriptionz.com\/product\/buy-norco-tabs-online\/","name":"Comprar Norco Tabs online - Norco Tabs em promo\u00e7\u00e3o - Encomendar Norco Tabs","isPartOf":{"@id":"https:\/\/buy-prescriptionz.com\/#website"},"primaryImageOfPage":{"@id":"https:\/\/buy-prescriptionz.com\/product\/buy-norco-tabs-online\/#primaryimage"},"image":{"@id":"https:\/\/buy-prescriptionz.com\/product\/buy-norco-tabs-online\/#primaryimage"},"thumbnailUrl":"https:\/\/buy-prescriptionz.com\/wp-content\/uploads\/2025\/09\/norco-yellow-tabs.jpg","datePublished":"2025-09-16T08:56:10+00:00","dateModified":"2025-09-24T10:04:29+00:00","description":"A sua necessidade de comprar Norco Tabs online pode ser satisfeita na nossa loja virtual, pois temos Norco Tabs \u00e0 venda aqui. Fa\u00e7a a sua encomenda e aproveite ofertas incr\u00edveis todos os dias. Pe\u00e7a j\u00e1!","breadcrumb":{"@id":"https:\/\/buy-prescriptionz.com\/product\/buy-norco-tabs-online\/#breadcrumb"},"inLanguage":"pt-PT","potentialAction":[{"@type":"ReadAction","target":["https:\/\/buy-prescriptionz.com\/product\/buy-norco-tabs-online\/"]}]},{"@type":"ImageObject","inLanguage":"pt-PT","@id":"https:\/\/buy-prescriptionz.com\/product\/buy-norco-tabs-online\/#primaryimage","url":"https:\/\/buy-prescriptionz.com\/wp-content\/uploads\/2025\/09\/norco-yellow-tabs.jpg","contentUrl":"https:\/\/buy-prescriptionz.com\/wp-content\/uploads\/2025\/09\/norco-yellow-tabs.jpg","width":400,"height":300},{"@type":"BreadcrumbList","@id":"https:\/\/buy-prescriptionz.com\/product\/buy-norco-tabs-online\/#breadcrumb","itemListElement":[{"@type":"ListItem","position":1,"name":"Home","item":"https:\/\/buy-prescriptionz.com\/"},{"@type":"ListItem","position":2,"name":"Shop Painkillers Online","item":"https:\/\/buy-prescriptionz.com\/shop-painkillers-online\/"},{"@type":"ListItem","position":3,"name":"Buy Norco Tabs Online"}]},{"@type":"WebSite","@id":"https:\/\/buy-prescriptionz.com\/#website","url":"https:\/\/buy-prescriptionz.com\/","name":"Buy Prescriptionz","description":"Drogas Online","publisher":{"@id":"https:\/\/buy-prescriptionz.com\/#organization"},"potentialAction":[{"@type":"SearchAction","target":{"@type":"EntryPoint","urlTemplate":"https:\/\/buy-prescriptionz.com\/?s={search_term_string}"},"query-input":{"@type":"PropertyValueSpecification","valueRequired":true,"valueName":"search_term_string"}}],"inLanguage":"pt-PT"},{"@type":"Organization","@id":"https:\/\/buy-prescriptionz.com\/#organization","name":"Buy Prescriptionz","url":"https:\/\/buy-prescriptionz.com\/","logo":{"@type":"ImageObject","inLanguage":"pt-PT","@id":"https:\/\/buy-prescriptionz.com\/#\/schema\/logo\/image\/","url":"https:\/\/buy-prescriptionz.com\/wp-content\/uploads\/2023\/09\/logo.png","contentUrl":"https:\/\/buy-prescriptionz.com\/wp-content\/uploads\/2023\/09\/logo.png","width":350,"height":64,"caption":"Buy Prescriptionz"},"image":{"@id":"https:\/\/buy-prescriptionz.com\/#\/schema\/logo\/image\/"}}]}},"_links":{"self":[{"href":"https:\/\/buy-prescriptionz.com\/pt_pt\/wp-json\/wp\/v2\/product\/3064","targetHints":{"allow":["GET"]}}],"collection":[{"href":"https:\/\/buy-prescriptionz.com\/pt_pt\/wp-json\/wp\/v2\/product"}],"about":[{"href":"https:\/\/buy-prescriptionz.com\/pt_pt\/wp-json\/wp\/v2\/types\/product"}],"replies":[{"embeddable":true,"href":"https:\/\/buy-prescriptionz.com\/pt_pt\/wp-json\/wp\/v2\/comments?post=3064"}],"wp:featuredmedia":[{"embeddable":true,"href":"https:\/\/buy-prescriptionz.com\/pt_pt\/wp-json\/wp\/v2\/media\/3094"}],"wp:attachment":[{"href":"https:\/\/buy-prescriptionz.com\/pt_pt\/wp-json\/wp\/v2\/media?parent=3064"}],"wp:term":[{"taxonomy":"product_brand","embeddable":true,"href":"https:\/\/buy-prescriptionz.com\/pt_pt\/wp-json\/wp\/v2\/product_brand?post=3064"},{"taxonomy":"product_cat","embeddable":true,"href":"https:\/\/buy-prescriptionz.com\/pt_pt\/wp-json\/wp\/v2\/product_cat?post=3064"},{"taxonomy":"product_tag","embeddable":true,"href":"https:\/\/buy-prescriptionz.com\/pt_pt\/wp-json\/wp\/v2\/product_tag?post=3064"}],"curies":[{"name":"wp","href":"https:\/\/api.w.org\/{rel}","templated":true}]}}