{"id":3065,"date":"2025-09-16T08:56:10","date_gmt":"2025-09-16T08:56:10","guid":{"rendered":"https:\/\/chemsfine.com\/newsite\/?post_type=product&#038;p=3065"},"modified":"2025-09-24T06:50:48","modified_gmt":"2025-09-24T06:50:48","slug":"comprar-nitrazepam-nipam-online","status":"publish","type":"product","link":"https:\/\/buy-prescriptionz.com\/pt_pt\/produto\/comprar-nitrazepam-nipam-online\/","title":{"rendered":"Comprar Nitrazepam (Nipam) online"},"content":{"rendered":"<h2>Comprar Nitrazepam (Nipam) online<\/h2>\n<h3>Comprar Nitrazepam (Nipam) Online Informa\u00e7\u00f5es gerais:<\/h3>\n<p>comprar-nitrazepam-nipam-online, O nitrazepam \u00e9 um medicamento sedativo utilizado a curto prazo para ajudar as pessoas a dormir. Pertence a um grupo de medicamentos denominados benzodiazepinas. \u00c9 utilizado principalmente em casos graves, incapacitantes ou que causam extremo sofrimento.<\/p>\n<p>O custo do medicamento em Comprar Nitrazepam 5mg \u00e9 muito inferior ao pre\u00e7o de venda ao p\u00fablico. Solicite receitas m\u00e9dicas profissionais, que exijam pouco ou nenhum esfor\u00e7o, a profissionais legais e de confian\u00e7a nos EUA. O nitrazepam pode causar instabilidade, pregui\u00e7a ou altera\u00e7\u00f5es da vis\u00e3o. Estes efeitos podem ser mais graves se o tomar com \u00e1lcool ou com certos medicamentos. Utilize nitrazepam com precau\u00e7\u00e3o. Evite conduzir ou realizar outras tarefas potencialmente perigosas at\u00e9 saber como reage a ela. Continue a utilizar com precau\u00e7\u00e3o na manh\u00e3 seguinte \u00e0 ingest\u00e3o de nitrazepam. Evite ingerir bebidas alco\u00f3licas ou utilizar medicamentos que possam causar pregui\u00e7a (por exemplo, tranquilizantes, relaxantes musculares) enquanto estiver a utilizar nitrazepam; isso pode aumentar os seus efeitos secund\u00e1rios. Consulte o seu farmac\u00eautico se tiver d\u00favidas sobre quais os medicamentos que podem causar sonol\u00eancia. Sintomas comuns, como desorienta\u00e7\u00e3o, instabilidade, problemas de coordena\u00e7\u00e3o e problemas de mem\u00f3ria, ocorrem geralmente at\u00e9 1 hora ap\u00f3s a ingest\u00e3o de nitrazepam. Certifique-se de que toma Nitrazepam imediatamente antes de dormir ou depois de j\u00e1 estar na cama. Isso reduzir\u00e1 esses sintomas. O Nitrazepam pode causar queimaduras solares com maior facilidade. Mantenha-se afastado do sol, das l\u00e2mpadas solares ou das zonas de bronzeamento artificial at\u00e9 saber como reage ao Nitrazepam. Use protetor solar ou vestu\u00e1rio de prote\u00e7\u00e3o se precisar de estar ao ar livre por um per\u00edodo mais longo. Informe o seu m\u00e9dico ou dentista que toma Nitrazepam antes de receber qualquer tratamento m\u00e9dico ou dent\u00e1rio, assist\u00eancia de emerg\u00eancia ou procedimento m\u00e9dico. Este produto pode conter corante tartrazina. Isto pode causar uma rea\u00e7\u00e3o al\u00e9rgica em alguns doentes. Se j\u00e1 teve uma rea\u00e7\u00e3o de hipersensibilidade \u00e0 tartrazina, pergunte se o seu produto cont\u00e9m tartrazina. N\u00e3o tome mais do que a dose recomendada nem utilize durante mais tempo do que o recomendado sem consultar o seu m\u00e9dico. Poder\u00e1 sentir desconforto ao dormir a sesta durante 1 a 2 noites ap\u00f3s parar de tomar Nitrazepam. Caso este persista, contacte o seu m\u00e9dico.<\/p>\n<h3>Comprar Nitrazepam (Nipam) 5mg<\/h3>\n<p>Comprar Nitrazepam (Nipam) Online, Voc\u00ea pode comprar Nitrazepam na web (Nipam) 5mg solicita\u00e7\u00e3o aqui, temos excelente Nitrazepam (Mogadon) comprimidos de 5mg. comprar Nitrazepam (Nipam) 5mg online sem medicamento.<\/p>\n<p><strong>Comprar Nitrazepam (Nipam) 5mg Online pelo Best Online Sem Receitas.<\/strong><\/p>\n<p>Nitrazepam (Nipam) 5mg<\/p>\n<p>Nitrazepam (Nipam) 5mg Comprimidos de topo de gama<\/p>\n<p>Entrega global<\/p>\n<p>Embalagem Prudente<\/p>\n<p>Suporte ao Vivo<\/p>\n<p>100% Garantia de Satisfa\u00e7\u00e3o<\/p>\n<p><strong>Compre Nitrazepam na web (Nipam) 5mg pelo Best Online Without Prescription Site.<\/strong><\/p>\n<p>N\u00d3S OFERECEMOS SERVI\u00c7OS NO EXTERIOR COM TRANSPORTE SEGURO \u00c0 SUA PORTA!<\/p>\n<p>Voc\u00ea pode fazer o pagamento atrav\u00e9s de cart\u00e3o de cr\u00e9dito e d\u00e9bito.<\/p>\n<p>EMS\/USPS Express Discreto TrackAble Entrega em toda a gama.<\/p>\n<p>Nitrazepam (Nipam) 5mg \u00e9 utilizado para a administra\u00e7\u00e3o de problemas de tens\u00e3o, a ajuda transit\u00f3ria dos efeitos secund\u00e1rios do nervosismo ou mal-estar relacionado com a mis\u00e9ria.buy-nitrazepam-nipam-online<\/p>\n<h3>Sobre o comprimido de Nipam 5 MG<\/h3>\n<p>O comprimido de Nipam 5 mg \u00e9 um tipo de benzodiazepam hipn\u00f3tico utilizado para tratar espasmos infantis e ins\u00f3nias. \u00c9 altamente recomend\u00e1vel que as pessoas com DPOC, alergias, press\u00e3o ocular elevada ou danos hep\u00e1ticos graves n\u00e3o tomem o melhor comprimido de Nipam 5 mg. Este medicamento pode tamb\u00e9m ajudar com perturba\u00e7\u00f5es de humor, efeitos da abstin\u00eancia alco\u00f3lica, relaxantes musculares esquel\u00e9ticos e perturba\u00e7\u00f5es que causam convuls\u00f5es.<br \/>\n<strong><br \/>\n<\/strong>O comprimido de Nipam 5 mg \u00e9 ainda administrado a mulheres gr\u00e1vidas, embora exista o risco de causar danos ao feto se tomado durante a gravidez. Isto porque os poss\u00edveis benef\u00edcios superam claramente os riscos.<\/p>\n<h3><strong>Como deve ser retirado o valor?<\/strong><\/h3>\n<p>Caso se tenha esquecido de tomar o seu comprimido de Nipam 5 mg, fa\u00e7a-o assim que se lembrar. Se estiver quase na hora da dose seguinte, n\u00e3o tome a que se esqueceu. N\u00e3o tome duas doses de uma s\u00f3 vez para compensar a que se esqueceu.<\/p>\n<p><strong>H\u00e1 alguma indica\u00e7\u00e3o para uma overdose?<\/strong><\/p>\n<p>Se acha que algu\u00e9m teve uma overdose, procure assist\u00eancia m\u00e9dica de emerg\u00eancia ou ligue para o seu m\u00e9dico. As informa\u00e7\u00f5es aqui s\u00e3o baseadas na quantidade de sal presente no medicamento. O medicamento pode ser utilizado e ter resultados diferentes em pessoas diferentes. Antes de tomar este medicamento, deve consultar um psiquiatra.<\/p>\n<p><strong>Coisas importantes sobre o comprimido de Nipam 5 MG <\/strong><\/p>\n<p>Quanto tempo dura o efeito?<\/p>\n<p>Em geral, os efeitos deste medicamento duram entre 6 a 8 horas.<\/p>\n<p>Quando come\u00e7a a luta?<\/p>\n<p>Poder\u00e1 perceber que este medicamento est\u00e1 a fazer efeito em 30 a 60 minutos.<\/p>\n<p>H\u00e1 algum sinal de gravidez?<\/p>\n<p>As mulheres gr\u00e1vidas n\u00e3o devem tomar este medicamento. O comprimido de Nipam 5 mg atravessa a placenta. Foram relatadas fendas orais, mas dados mais recentes n\u00e3o suportam uma associa\u00e7\u00e3o entre o uso do medicamento e fendas orais. Outros defeitos cong\u00e9nitos relatados incluem h\u00e9rnias inguinais, defeitos card\u00edacos, espinha b\u00edfida, caracter\u00edsticas faciais dism\u00f3rficas, defeitos esquel\u00e9ticos e muitos outros. Hipotonia e sintomas de abstin\u00eancia tamb\u00e9m foram relatados ap\u00f3s o uso pr\u00f3ximo do parto.<\/p>\n<p>Isso torna-se um h\u00e1bito?<\/p>\n<p>Foi descrita uma tend\u00eancia para formar h\u00e1bitos.<\/p>\n<p>H\u00e1 alguma dica sobre a amamenta\u00e7\u00e3o?<\/p>\n<p>As mulheres a amamentar n\u00e3o devem tomar este medicamento. O comprimido de Nipam de 5 mg pode passar para o leite materno.<\/p>\n<p>\u00c9 seguro beber?<\/p>\n<p>As benzodiazepinas t\u00eam sido associadas \u00e0 tristeza aditiva do SNC; evite ou beba menos \u00e1lcool.<\/p>\n<p>Posso conduzir depois de tomar este medicamento?<\/p>\n<p>Este medicamento tem efeitos secund\u00e1rios que podem levar \u00e0 perda de consci\u00eancia. Por isso, o doente n\u00e3o deve conduzir se estiver a sentir-se mal, como sonol\u00eancia, tontura ou dificuldade em ver.<\/p>\n<p>Altera o funcionamento dos rins?<\/p>\n<p>N\u00e3o pode ser dialisado (0% a 5%); quantidade extra n\u00e3o \u00e9 necess\u00e1ria.<\/p>\n<p>Isso altera o funcionamento do f\u00edgado?<\/p>\n<p>N\u00e3o tome se tiver cirrose ou doen\u00e7a hep\u00e1tica grave ou aguda; reduza a quantidade para metade.<\/p>\n<p>Se acha que algu\u00e9m teve uma overdose, procure assist\u00eancia m\u00e9dica de emerg\u00eancia ou ligue para o seu m\u00e9dico. As informa\u00e7\u00f5es aqui s\u00e3o baseadas na quantidade de sal presente no medicamento. O medicamento pode ser utilizado e ter resultados diferentes em pessoas diferentes. Antes de tomar este medicamento, deve consultar um psiquiatra.<\/p>\n<h3>Como enviar\u00edamos pacotes?<\/h3>\n<p>Embalamos os fardos cautelosamente com pap\u00e9is de tungst\u00eanio e carbono para evitar atrav\u00e9s das tradicionais m\u00e1quinas de raios X nos terminais dos avi\u00f5es. Os fardos s\u00e3o impecavelmente recheados com pap\u00e9is de b\u00ean\u00e7\u00e3o do exterior.<\/p>\n<h3>Como pode funcionar?<\/h3>\n<p>Compre Nitrazepam (Nipam) Online, Nitrazepam tem um lugar com um encontro de drogas chamado benzodiazepinas. Ele acompanha os receptores no c\u00e9rebro (receptores GABA) causando a chegada de um composto chamado GABA (gama-amino but\u00edrico corrosivo). O GABA \u00e9 uma subst\u00e2ncia inibit\u00f3ria not\u00e1vel no c\u00e9rebro associada a provocar letargia e controlo do mal-estar e dos ataques.<\/p>\n<p>Nitrazepam atua ampliando o movimento do GABA, desta forma, diminuindo o funcionamento de zonas espec\u00edficas da mente. Este resultado na languidez, uma redu\u00e7\u00e3o da tens\u00e3o e desenrolar dos m\u00fasculos.<\/p>\n<p>Nitrazepam \u00e9 mais usado para tratar um dist\u00farbio do sono. Diminui o tempo necess\u00e1rio para adormecer e os excitamentos nocturnos, assim como a expans\u00e3o da soma total do tempo passado a descansar. Como o nitrazepam permanece din\u00e2mico no corpo por muito tempo, o cansa\u00e7o pode acontecer no dia seguinte. buy-nitrazepam-nipam-online<\/p>\n<h3>Porque \u00e9 que o comprimido de Nipam 5 mg \u00e9 utilizado para a ins\u00f3nia?<\/h3>\n<p>Se acha que algu\u00e9m teve uma overdose, procure assist\u00eancia m\u00e9dica de emerg\u00eancia ou ligue para o seu m\u00e9dico. As informa\u00e7\u00f5es aqui s\u00e3o baseadas na quantidade de sal presente no medicamento. O medicamento pode ser utilizado e ter resultados diferentes em pessoas diferentes. Antes de tomar este medicamento, deve consultar um psiquiatra.<\/p>","protected":false},"excerpt":{"rendered":"<p>Buy Nitrazepam (Nipam) Online Buy Nitrazepam (Nipam) Online\u00a0General Information: buy-nitrazepam-nipam-online, Nitrazepam is a sedative medication which is used in the short-term to help people sleep. It belongs to a group of drugs called benzodiazepines. It is mostly used in cases which are severe, disabling or causing extreme distress The medicine cost on Buy Nitrazepam 5mg [&hellip;]<\/p>","protected":false},"featured_media":3095,"comment_status":"open","ping_status":"closed","template":"","meta":{"site-sidebar-layout":"default","site-content-layout":"","ast-site-content-layout":"default","site-content-style":"default","site-sidebar-style":"default","ast-global-header-display":"","ast-banner-title-visibility":"","ast-main-header-display":"","ast-hfb-above-header-display":"","ast-hfb-below-header-display":"","ast-hfb-mobile-header-display":"","site-post-title":"","ast-breadcrumbs-content":"","ast-featured-img":"","footer-sml-layout":"","theme-transparent-header-meta":"default","adv-header-id-meta":"","stick-header-meta":"","header-above-stick-meta":"","header-main-stick-meta":"","header-below-stick-meta":"","astra-migrate-meta-layouts":"set","ast-page-background-enabled":"default","ast-page-background-meta":{"desktop":{"background-color":"var(--ast-global-color-4)","background-image":"","background-repeat":"repeat","background-position":"center center","background-size":"auto","background-attachment":"scroll","background-type":"","background-media":"","overlay-type":"","overlay-color":"","overlay-opacity":"","overlay-gradient":""},"tablet":{"background-color":"","background-image":"","background-repeat":"repeat","background-position":"center center","background-size":"auto","background-attachment":"scroll","background-type":"","background-media":"","overlay-type":"","overlay-color":"","overlay-opacity":"","overlay-gradient":""},"mobile":{"background-color":"","background-image":"","background-repeat":"repeat","background-position":"center center","background-size":"auto","background-attachment":"scroll","background-type":"","background-media":"","overlay-type":"","overlay-color":"","overlay-opacity":"","overlay-gradient":""}},"ast-content-background-meta":{"desktop":{"background-color":"var(--ast-global-color-5)","background-image":"","background-repeat":"repeat","background-position":"center center","background-size":"auto","background-attachment":"scroll","background-type":"","background-media":"","overlay-type":"","overlay-color":"","overlay-opacity":"","overlay-gradient":""},"tablet":{"background-color":"var(--ast-global-color-5)","background-image":"","background-repeat":"repeat","background-position":"center center","background-size":"auto","background-attachment":"scroll","background-type":"","background-media":"","overlay-type":"","overlay-color":"","overlay-opacity":"","overlay-gradient":""},"mobile":{"background-color":"var(--ast-global-color-5)","background-image":"","background-repeat":"repeat","background-position":"center center","background-size":"auto","background-attachment":"scroll","background-type":"","background-media":"","overlay-type":"","overlay-color":"","overlay-opacity":"","overlay-gradient":""}}},"product_brand":[],"product_cat":[2385],"product_tag":[1087,1088,1086,1081,1084,1083,1082,1085,1080,1079,1090,1089],"class_list":{"0":"post-3065","1":"product","2":"type-product","3":"status-publish","4":"has-post-thumbnail","6":"product_cat-buy-pain-killer-pills-online","7":"product_tag-buy-nitrazeoam-nipam-in-canada","8":"product_tag-buy-nitrazeoam-nipam-in-uk","9":"product_tag-buy-nitrazeoam-nipam-in-usa","10":"product_tag-buy-nitrazeoam-nipam-with-bitcoin","11":"product_tag-buy-nitrazeoam-nipam-with-credit-card","12":"product_tag-buy-nitrazeoam-nipam-with-money-gram","13":"product_tag-buy-nitrazeoam-nipam-with-western-union","14":"product_tag-buy-nitrazeoam-nipam-without-a-doctor","15":"product_tag-buy-nitrazeoam-nipam-without-prescription","16":"product_tag-nitrazeoam-nipam-for-sale","17":"product_tag-nitrazeoam-nipam-pills","18":"product_tag-nitrazeoam-nipam-tablets","19":"desktop-align-center","20":"tablet-align-left","21":"mobile-align-left","23":"first","24":"instock","25":"shipping-taxable","26":"purchasable","27":"product-type-variable","28":"has-default-attributes"},"yoast_head":"<!-- This site is optimized with the Yoast SEO plugin v25.9 - https:\/\/yoast.com\/wordpress\/plugins\/seo\/ -->\n<title>Buy Nitrazepam (Nipam) Online - Sleeping Pills Vendor<\/title>\n<meta name=\"description\" content=\"Buy Nitrazepam (Nipam) Online, Nitrazepam-5-MG and there variants. Check for ... Nitrazepam 5 MG This composition has 44 Products ... NIPAM 5MG TAB\" \/>\n<meta name=\"robots\" content=\"index, follow, max-snippet:-1, max-image-preview:large, max-video-preview:-1\" \/>\n<link rel=\"canonical\" href=\"https:\/\/buy-prescriptionz.com\/pt_pt\/produto\/comprar-nitrazepam-nipam-online\/\" \/>\n<meta property=\"og:locale\" content=\"pt_PT\" \/>\n<meta property=\"og:type\" content=\"article\" \/>\n<meta property=\"og:title\" content=\"Buy Nitrazepam (Nipam) Online - Sleeping Pills Vendor\" \/>\n<meta property=\"og:description\" content=\"Buy Nitrazepam (Nipam) Online, Nitrazepam-5-MG and there variants. Check for ... Nitrazepam 5 MG This composition has 44 Products ... NIPAM 5MG TAB\" \/>\n<meta property=\"og:url\" content=\"https:\/\/buy-prescriptionz.com\/pt_pt\/produto\/comprar-nitrazepam-nipam-online\/\" \/>\n<meta property=\"og:site_name\" content=\"Buy Prescriptionz\" \/>\n<meta property=\"article:modified_time\" content=\"2025-09-24T06:50:48+00:00\" \/>\n<meta property=\"og:image\" content=\"https:\/\/buy-prescriptionz.com\/wp-content\/uploads\/2025\/09\/nitrazeoam-nipam.jpg\" \/>\n\t<meta property=\"og:image:width\" content=\"400\" \/>\n\t<meta property=\"og:image:height\" content=\"300\" \/>\n\t<meta property=\"og:image:type\" content=\"image\/jpeg\" \/>\n<meta name=\"twitter:card\" content=\"summary_large_image\" \/>\n<meta name=\"twitter:label1\" content=\"Tempo estimado de leitura\" \/>\n\t<meta name=\"twitter:data1\" content=\"6 minutos\" \/>\n<script type=\"application\/ld+json\" class=\"yoast-schema-graph\">{\"@context\":\"https:\/\/schema.org\",\"@graph\":[{\"@type\":\"WebPage\",\"@id\":\"https:\/\/buy-prescriptionz.com\/product\/buy-nitrazepam-nipam-online\/\",\"url\":\"https:\/\/buy-prescriptionz.com\/product\/buy-nitrazepam-nipam-online\/\",\"name\":\"Buy Nitrazepam (Nipam) Online - Sleeping Pills Vendor\",\"isPartOf\":{\"@id\":\"https:\/\/buy-prescriptionz.com\/#website\"},\"primaryImageOfPage\":{\"@id\":\"https:\/\/buy-prescriptionz.com\/product\/buy-nitrazepam-nipam-online\/#primaryimage\"},\"image\":{\"@id\":\"https:\/\/buy-prescriptionz.com\/product\/buy-nitrazepam-nipam-online\/#primaryimage\"},\"thumbnailUrl\":\"https:\/\/buy-prescriptionz.com\/wp-content\/uploads\/2025\/09\/nitrazeoam-nipam.jpg\",\"datePublished\":\"2025-09-16T08:56:10+00:00\",\"dateModified\":\"2025-09-24T06:50:48+00:00\",\"description\":\"Buy Nitrazepam (Nipam) Online, Nitrazepam-5-MG and there variants. Check for ... Nitrazepam 5 MG This composition has 44 Products ... NIPAM 5MG TAB\",\"breadcrumb\":{\"@id\":\"https:\/\/buy-prescriptionz.com\/product\/buy-nitrazepam-nipam-online\/#breadcrumb\"},\"inLanguage\":\"pt-PT\",\"potentialAction\":[{\"@type\":\"ReadAction\",\"target\":[\"https:\/\/buy-prescriptionz.com\/product\/buy-nitrazepam-nipam-online\/\"]}]},{\"@type\":\"ImageObject\",\"inLanguage\":\"pt-PT\",\"@id\":\"https:\/\/buy-prescriptionz.com\/product\/buy-nitrazepam-nipam-online\/#primaryimage\",\"url\":\"https:\/\/buy-prescriptionz.com\/wp-content\/uploads\/2025\/09\/nitrazeoam-nipam.jpg\",\"contentUrl\":\"https:\/\/buy-prescriptionz.com\/wp-content\/uploads\/2025\/09\/nitrazeoam-nipam.jpg\",\"width\":400,\"height\":300},{\"@type\":\"BreadcrumbList\",\"@id\":\"https:\/\/buy-prescriptionz.com\/product\/buy-nitrazepam-nipam-online\/#breadcrumb\",\"itemListElement\":[{\"@type\":\"ListItem\",\"position\":1,\"name\":\"Home\",\"item\":\"https:\/\/buy-prescriptionz.com\/\"},{\"@type\":\"ListItem\",\"position\":2,\"name\":\"Shop Painkillers Online\",\"item\":\"https:\/\/buy-prescriptionz.com\/shop-painkillers-online\/\"},{\"@type\":\"ListItem\",\"position\":3,\"name\":\"Buy Nitrazepam (Nipam) Online\"}]},{\"@type\":\"WebSite\",\"@id\":\"https:\/\/buy-prescriptionz.com\/#website\",\"url\":\"https:\/\/buy-prescriptionz.com\/\",\"name\":\"Buy Prescriptionz\",\"description\":\"Drugs Online\",\"publisher\":{\"@id\":\"https:\/\/buy-prescriptionz.com\/#organization\"},\"potentialAction\":[{\"@type\":\"SearchAction\",\"target\":{\"@type\":\"EntryPoint\",\"urlTemplate\":\"https:\/\/buy-prescriptionz.com\/?s={search_term_string}\"},\"query-input\":{\"@type\":\"PropertyValueSpecification\",\"valueRequired\":true,\"valueName\":\"search_term_string\"}}],\"inLanguage\":\"pt-PT\"},{\"@type\":\"Organization\",\"@id\":\"https:\/\/buy-prescriptionz.com\/#organization\",\"name\":\"Buy Prescriptionz\",\"url\":\"https:\/\/buy-prescriptionz.com\/\",\"logo\":{\"@type\":\"ImageObject\",\"inLanguage\":\"pt-PT\",\"@id\":\"https:\/\/buy-prescriptionz.com\/#\/schema\/logo\/image\/\",\"url\":\"https:\/\/buy-prescriptionz.com\/wp-content\/uploads\/2023\/09\/logo.png\",\"contentUrl\":\"https:\/\/buy-prescriptionz.com\/wp-content\/uploads\/2023\/09\/logo.png\",\"width\":350,\"height\":64,\"caption\":\"Buy Prescriptionz\"},\"image\":{\"@id\":\"https:\/\/buy-prescriptionz.com\/#\/schema\/logo\/image\/\"}}]}<\/script>\n<!-- \/ Yoast SEO plugin. -->","yoast_head_json":{"title":"Comprar Nitrazepam (Nipam) Online - Vendedor de comprimidos para dormir","description":"Comprar Nitrazepam (Nipam) Online, Nitrazepam-5-MG e respectivas variantes. Verifique por ... Nitrazepam 5 MG Esta composi\u00e7\u00e3o tem 44 produtos ... NIPAM 5MG TAB","robots":{"index":"index","follow":"follow","max-snippet":"max-snippet:-1","max-image-preview":"max-image-preview:large","max-video-preview":"max-video-preview:-1"},"canonical":"https:\/\/buy-prescriptionz.com\/pt_pt\/produto\/comprar-nitrazepam-nipam-online\/","og_locale":"pt_PT","og_type":"article","og_title":"Buy Nitrazepam (Nipam) Online - Sleeping Pills Vendor","og_description":"Buy Nitrazepam (Nipam) Online, Nitrazepam-5-MG and there variants. Check for ... Nitrazepam 5 MG This composition has 44 Products ... NIPAM 5MG TAB","og_url":"https:\/\/buy-prescriptionz.com\/pt_pt\/produto\/comprar-nitrazepam-nipam-online\/","og_site_name":"Buy Prescriptionz","article_modified_time":"2025-09-24T06:50:48+00:00","og_image":[{"width":400,"height":300,"url":"https:\/\/buy-prescriptionz.com\/wp-content\/uploads\/2025\/09\/nitrazeoam-nipam.jpg","type":"image\/jpeg"}],"twitter_card":"summary_large_image","twitter_misc":{"Tempo estimado de leitura":"6 minutos"},"schema":{"@context":"https:\/\/schema.org","@graph":[{"@type":"WebPage","@id":"https:\/\/buy-prescriptionz.com\/product\/buy-nitrazepam-nipam-online\/","url":"https:\/\/buy-prescriptionz.com\/product\/buy-nitrazepam-nipam-online\/","name":"Comprar Nitrazepam (Nipam) Online - Vendedor de comprimidos para dormir","isPartOf":{"@id":"https:\/\/buy-prescriptionz.com\/#website"},"primaryImageOfPage":{"@id":"https:\/\/buy-prescriptionz.com\/product\/buy-nitrazepam-nipam-online\/#primaryimage"},"image":{"@id":"https:\/\/buy-prescriptionz.com\/product\/buy-nitrazepam-nipam-online\/#primaryimage"},"thumbnailUrl":"https:\/\/buy-prescriptionz.com\/wp-content\/uploads\/2025\/09\/nitrazeoam-nipam.jpg","datePublished":"2025-09-16T08:56:10+00:00","dateModified":"2025-09-24T06:50:48+00:00","description":"Comprar Nitrazepam (Nipam) Online, Nitrazepam-5-MG e respectivas variantes. Verifique por ... Nitrazepam 5 MG Esta composi\u00e7\u00e3o tem 44 produtos ... NIPAM 5MG TAB","breadcrumb":{"@id":"https:\/\/buy-prescriptionz.com\/product\/buy-nitrazepam-nipam-online\/#breadcrumb"},"inLanguage":"pt-PT","potentialAction":[{"@type":"ReadAction","target":["https:\/\/buy-prescriptionz.com\/product\/buy-nitrazepam-nipam-online\/"]}]},{"@type":"ImageObject","inLanguage":"pt-PT","@id":"https:\/\/buy-prescriptionz.com\/product\/buy-nitrazepam-nipam-online\/#primaryimage","url":"https:\/\/buy-prescriptionz.com\/wp-content\/uploads\/2025\/09\/nitrazeoam-nipam.jpg","contentUrl":"https:\/\/buy-prescriptionz.com\/wp-content\/uploads\/2025\/09\/nitrazeoam-nipam.jpg","width":400,"height":300},{"@type":"BreadcrumbList","@id":"https:\/\/buy-prescriptionz.com\/product\/buy-nitrazepam-nipam-online\/#breadcrumb","itemListElement":[{"@type":"ListItem","position":1,"name":"Home","item":"https:\/\/buy-prescriptionz.com\/"},{"@type":"ListItem","position":2,"name":"Shop Painkillers Online","item":"https:\/\/buy-prescriptionz.com\/shop-painkillers-online\/"},{"@type":"ListItem","position":3,"name":"Buy Nitrazepam (Nipam) Online"}]},{"@type":"WebSite","@id":"https:\/\/buy-prescriptionz.com\/#website","url":"https:\/\/buy-prescriptionz.com\/","name":"Buy Prescriptionz","description":"Drogas Online","publisher":{"@id":"https:\/\/buy-prescriptionz.com\/#organization"},"potentialAction":[{"@type":"SearchAction","target":{"@type":"EntryPoint","urlTemplate":"https:\/\/buy-prescriptionz.com\/?s={search_term_string}"},"query-input":{"@type":"PropertyValueSpecification","valueRequired":true,"valueName":"search_term_string"}}],"inLanguage":"pt-PT"},{"@type":"Organization","@id":"https:\/\/buy-prescriptionz.com\/#organization","name":"Buy Prescriptionz","url":"https:\/\/buy-prescriptionz.com\/","logo":{"@type":"ImageObject","inLanguage":"pt-PT","@id":"https:\/\/buy-prescriptionz.com\/#\/schema\/logo\/image\/","url":"https:\/\/buy-prescriptionz.com\/wp-content\/uploads\/2023\/09\/logo.png","contentUrl":"https:\/\/buy-prescriptionz.com\/wp-content\/uploads\/2023\/09\/logo.png","width":350,"height":64,"caption":"Buy Prescriptionz"},"image":{"@id":"https:\/\/buy-prescriptionz.com\/#\/schema\/logo\/image\/"}}]}},"_links":{"self":[{"href":"https:\/\/buy-prescriptionz.com\/pt_pt\/wp-json\/wp\/v2\/product\/3065","targetHints":{"allow":["GET"]}}],"collection":[{"href":"https:\/\/buy-prescriptionz.com\/pt_pt\/wp-json\/wp\/v2\/product"}],"about":[{"href":"https:\/\/buy-prescriptionz.com\/pt_pt\/wp-json\/wp\/v2\/types\/product"}],"replies":[{"embeddable":true,"href":"https:\/\/buy-prescriptionz.com\/pt_pt\/wp-json\/wp\/v2\/comments?post=3065"}],"wp:featuredmedia":[{"embeddable":true,"href":"https:\/\/buy-prescriptionz.com\/pt_pt\/wp-json\/wp\/v2\/media\/3095"}],"wp:attachment":[{"href":"https:\/\/buy-prescriptionz.com\/pt_pt\/wp-json\/wp\/v2\/media?parent=3065"}],"wp:term":[{"taxonomy":"product_brand","embeddable":true,"href":"https:\/\/buy-prescriptionz.com\/pt_pt\/wp-json\/wp\/v2\/product_brand?post=3065"},{"taxonomy":"product_cat","embeddable":true,"href":"https:\/\/buy-prescriptionz.com\/pt_pt\/wp-json\/wp\/v2\/product_cat?post=3065"},{"taxonomy":"product_tag","embeddable":true,"href":"https:\/\/buy-prescriptionz.com\/pt_pt\/wp-json\/wp\/v2\/product_tag?post=3065"}],"curies":[{"name":"wp","href":"https:\/\/api.w.org\/{rel}","templated":true}]}}