{"id":3066,"date":"2025-09-16T08:56:11","date_gmt":"2025-09-16T08:56:11","guid":{"rendered":"https:\/\/chemsfine.com\/newsite\/?post_type=product&#038;p=3066"},"modified":"2025-09-29T11:01:19","modified_gmt":"2025-09-29T11:01:19","slug":"comprar-mepron-quimico-online","status":"publish","type":"product","link":"https:\/\/buy-prescriptionz.com\/pt_pt\/produto\/comprar-mepron-quimico-online\/","title":{"rendered":"Comprar Mepron Qu\u00edmico Online"},"content":{"rendered":"<h2>Comprar Mepron Qu\u00edmico Online<\/h2>\n<h3>O que faz o mepron?<\/h3>\n<p>Embora algumas pessoas n\u00e3o possam tomar trimetoprim-sulfametoxazol (TMP-SMX), o mepron (atovaquona) \u00e9 um medicamento antiprotozo\u00e1rio utilizado para tratar a pneumonia ligeira a moderada por Pneumocystis carinii. Tamb\u00e9m \u00e9 utilizado para evitar esta infec\u00e7\u00e3o em pessoas que podem.<\/p>\n<h3>Como \u00e9 que o Mepron o faz sentir?<\/h3>\n<p>dor ou mal-estar g\u00e1strico, diarreia, obstipa\u00e7\u00e3o, dor de cabe\u00e7a, cansa\u00e7o, tonturas, dores musculares, erup\u00e7\u00e3o cut\u00e2nea, suores ou dificuldade em dormir e incapacidade de adormecer ou permanecer a dormir. Se tiver algum dos seguintes efeitos secund\u00e1rios perigosos, consulte imediatamente um m\u00e9dico ou ligue para o 192. Sinais de alerta nos olhos, como perda r\u00e1pida de vis\u00e3o, vis\u00e3o turva, vis\u00e3o em t\u00fanel, dor ou incha\u00e7o nos olhos ou ver an\u00e9is \u00e0 volta das luzes. Problemas card\u00edacos graves, como batimentos card\u00edacos r\u00e1pidos, irregulares ou acelerados, tremores no peito, falta de ar e sensa\u00e7\u00e3o r\u00e1pida de tonturas, vertigens ou desmaios. Ter uma forte dor de cabe\u00e7a, estar confuso, fala arrastada, bra\u00e7os ou pernas fracos, dificuldade em caminhar, perder o equil\u00edbrio, sentir-se tr\u00e9mulo, ter os m\u00fasculos muito r\u00edgidos, febre alta, suar muito ou tremer. Poder\u00e3o existir outros efeitos secund\u00e1rios que n\u00e3o estejam listados neste texto. Fale com o seu m\u00e9dico se quiser saber mais sobre os efeitos secund\u00e1rios.<\/p>\n<h3>Quanta quantidade de Mepron tomar?<\/h3>\n<p>Mepron (atovaquona) est\u00e1 dispon\u00edvel na dosagem de 750 mg de atovaquona por colher de ch\u00e1 (5 mL). A dose \u00e9 diferente para adultos e crian\u00e7as, sendo determinada pelo m\u00e9dico que a prescreve. Lembre-se que n\u00e3o administrar Mepron Suspens\u00e3o com alimentos pode dificultar a efic\u00e1cia do tratamento. As pessoas al\u00e9rgicas \u00e0 atovaquona n\u00e3o devem tomar este medicamento.<\/p>\n<p>Que outros medicamentos, subst\u00e2ncias ou suplementos funcionam com o Mepron? O Mepron pode n\u00e3o funcionar bem com alguns medicamentos, como a rifabutina, a rifampicina, os anticoagulantes ou os medicamentos utilizados para tratar as convuls\u00f5es.<\/p>\n<p>Mepron durante a gravidez ou amamenta\u00e7\u00e3o: N\u00e3o existem relatos suficientes sobre a utiliza\u00e7\u00e3o de Mepron por gr\u00e1vidas. O Mepron s\u00f3 deve ser utilizado durante a gravidez se o poss\u00edvel benef\u00edcio for superior ao poss\u00edvel risco para o feto. N\u00e3o sabemos se o Mepron passa para o leite materno. Consulte o seu m\u00e9dico antes de iniciar a amamenta\u00e7\u00e3o.<\/p>\n<p>Para uma op\u00e7\u00e3o fi\u00e1vel e conveniente para comprar Mepron, escolha a melhor farm\u00e1cia: Buy-prescriptionz.com. Oferecendo uma vasta sele\u00e7\u00e3o de medicamentos originais, pre\u00e7os competitivos, transa\u00e7\u00f5es seguras e um excelente servi\u00e7o ao cliente, a Buy-prescriptionz.com garante uma experi\u00eancia de compra tranquila e fi\u00e1vel. Visite hoje mesmo Buy-prescriptionz.com para satisfazer as suas necessidades de medicamentos com confian\u00e7a.<\/p>\n<h3>Informa\u00e7\u00f5es Essenciais sobre o Mepron<\/h3>\n<p>Comprar Mepron Chemical Online. A pneumonia por Pneumocystis jiroveci \u00e9 um tipo de pneumonia que afeta os pulm\u00f5es. O crescimento de Pneumocystis jiroveci causa infec\u00e7\u00e3o. O Mepron de marca ou convencional cont\u00e9m Atovaquona num estado dilu\u00eddo numa escala mais pequena. Isto promove uma melhor assimila\u00e7\u00e3o do medicamento quando comparado com outros comprimidos. \u00c9 utilizado para prevenir e tratar a pneumonia por Pneumocystis jiroveci. O Mepron de marca ou convencional atua inibindo o crescimento de Pneumocystis jiroveci em doentes com VIH. Pode ser recomendado para utiliza\u00e7\u00e3o por qualquer faixa et\u00e1ria com uma dose adequada. O medicamento \u00e9 tamb\u00e9m prescrito para prevenir a pneumonia por Pneumocystis carinii para pessoas que n\u00e3o conseguem suportar o tratamento com trimetoprim-sulfametoxazol.<\/p>\n<h3>Salvaguarda\/efeitos secund\u00e1rios para os homens<\/h3>\n<p>Tome Mepron\/Atovaquona de marca ou n\u00e3o, juntamente com alimentos. Melhora a biodisponibilidade, o que significa que a concentra\u00e7\u00e3o do medicamento no organismo \u00e9 maior quando tomado com alimentos. O seu m\u00e9dico ir\u00e1 considerar administrar o medicamento sob a forma de infus\u00e3o, caso n\u00e3o esteja pronto para o tomar juntamente com alimentos. Isto \u00e9 fundamental para aumentar a taxa de progress\u00e3o e a sobreviv\u00eancia. Quando est\u00e3o presentes outras infe\u00e7\u00f5es bacterianas ou virais, n\u00e3o \u00e9 aconselh\u00e1vel utilizar este medicamento em simult\u00e2neo. Consulte o seu m\u00e9dico se estiver gr\u00e1vida. \u00c9 necess\u00e1rio um ju\u00edzo profissional para avaliar os benef\u00edcios do tratamento com Mepron versus o risco de pneumonia por Pneumocystis jiroveci. Consulte o seu m\u00e9dico se o medicamento for tomado durante a gravidez. Informe o seu m\u00e9dico se tiver infe\u00e7\u00f5es no f\u00edgado, nos rins ou se estiver a tomar certos medicamentos, como rifabutina, rifampicina, medicamentos para as convuls\u00f5es e outros. As rea\u00e7\u00f5es que podem surgir durante o tratamento com Mepron\/Atovaquona de marca ou convencional s\u00e3o: Feridas graves, morte, n\u00e1useas, instabilidade, fraqueza estranha e dores brancas na garganta ou na boca. Mepron de marca ou n\u00e3o tamb\u00e9m pode causar rea\u00e7\u00f5es ligeiras, como congest\u00e3o, diarreia, falta de sono (priva\u00e7\u00e3o de sono), suores e erup\u00e7\u00f5es cut\u00e2neas ligeiras.<\/p>\n<h3>Dosagem de Mepron<\/h3>\n<p>A marca ou suspens\u00e3o convencional Mepron \u00e9 acess\u00edvel em jarras. Para uma ac\u00e7\u00e3o contraactiva, a medida sugerida \u00e9 de 10 ml uma vez por dia, ao lado de jantares. Para o tratamento, \u00e9 proposta uma suspens\u00e3o de 5 ml duas vezes por dia, durante 21 dias. As medidas s\u00e3o as mesmas para adultos ou jovens acima de 13 anos. Manter um intervalo de tempo equivalente entre as duas dosagens durante o dia para manter uma converg\u00eancia constante do medicamento no corpo. Evacuar a aba na abertura e no rasgo onde se v\u00ea um travess\u00e3o para abrir a bolsa. Agite o recipiente ternamente antes de usar. Tente n\u00e3o deixar de tomar a medica\u00e7\u00e3o no meio do intervalo endossado.<\/p>","protected":false},"excerpt":{"rendered":"<p>Buy Mepron Chemical Online What does mepron do? While some people can&#8217;t take trimethoprim-sulfamethoxazole (TMP-SMX), mepron (atovaquone) is an antiprotozoal drug that is used to treat mild to moderate Pneumocystis carinii pneumonia, it is also used to avoid this infection in people who can. How does Mepron make you feel? stomach pain or upset, diarrhoea, [&hellip;]<\/p>","protected":false},"featured_media":3096,"comment_status":"open","ping_status":"closed","template":"","meta":{"site-sidebar-layout":"default","site-content-layout":"","ast-site-content-layout":"default","site-content-style":"default","site-sidebar-style":"default","ast-global-header-display":"","ast-banner-title-visibility":"","ast-main-header-display":"","ast-hfb-above-header-display":"","ast-hfb-below-header-display":"","ast-hfb-mobile-header-display":"","site-post-title":"","ast-breadcrumbs-content":"","ast-featured-img":"","footer-sml-layout":"","theme-transparent-header-meta":"default","adv-header-id-meta":"","stick-header-meta":"","header-above-stick-meta":"","header-main-stick-meta":"","header-below-stick-meta":"","astra-migrate-meta-layouts":"set","ast-page-background-enabled":"default","ast-page-background-meta":{"desktop":{"background-color":"var(--ast-global-color-4)","background-image":"","background-repeat":"repeat","background-position":"center center","background-size":"auto","background-attachment":"scroll","background-type":"","background-media":"","overlay-type":"","overlay-color":"","overlay-opacity":"","overlay-gradient":""},"tablet":{"background-color":"","background-image":"","background-repeat":"repeat","background-position":"center center","background-size":"auto","background-attachment":"scroll","background-type":"","background-media":"","overlay-type":"","overlay-color":"","overlay-opacity":"","overlay-gradient":""},"mobile":{"background-color":"","background-image":"","background-repeat":"repeat","background-position":"center center","background-size":"auto","background-attachment":"scroll","background-type":"","background-media":"","overlay-type":"","overlay-color":"","overlay-opacity":"","overlay-gradient":""}},"ast-content-background-meta":{"desktop":{"background-color":"var(--ast-global-color-5)","background-image":"","background-repeat":"repeat","background-position":"center center","background-size":"auto","background-attachment":"scroll","background-type":"","background-media":"","overlay-type":"","overlay-color":"","overlay-opacity":"","overlay-gradient":""},"tablet":{"background-color":"var(--ast-global-color-5)","background-image":"","background-repeat":"repeat","background-position":"center center","background-size":"auto","background-attachment":"scroll","background-type":"","background-media":"","overlay-type":"","overlay-color":"","overlay-opacity":"","overlay-gradient":""},"mobile":{"background-color":"var(--ast-global-color-5)","background-image":"","background-repeat":"repeat","background-position":"center center","background-size":"auto","background-attachment":"scroll","background-type":"","background-media":"","overlay-type":"","overlay-color":"","overlay-opacity":"","overlay-gradient":""}}},"product_brand":[],"product_cat":[2385],"product_tag":[1170,1171,1165,1168,1167,1166,1169,1164,1163,1173,1172],"class_list":{"0":"post-3066","1":"product","2":"type-product","3":"status-publish","4":"has-post-thumbnail","6":"product_cat-buy-pain-killer-pills-online","7":"product_tag-buy-mepron-chemical-name-atovaquone-in-canada","8":"product_tag-buy-mepron-chemical-name-atovaquone-in-uk","9":"product_tag-buy-mepron-chemical-name-atovaquone-with-bitcoin","10":"product_tag-buy-mepron-chemical-name-atovaquone-with-credit-card","11":"product_tag-buy-mepron-chemical-name-atovaquone-with-money-gram","12":"product_tag-buy-mepron-chemical-name-atovaquone-with-western-union","13":"product_tag-buy-mepron-chemical-name-atovaquone-without-a-doctor","14":"product_tag-buy-mepron-chemical-name-atovaquone-without-prescription","15":"product_tag-mepron-chemical-name-atovaquone-for-sale","16":"product_tag-mepron-chemical-name-atovaquone-pills","17":"product_tag-mepron-chemical-name-atovaquone-tablets","18":"desktop-align-center","19":"tablet-align-left","20":"mobile-align-left","22":"first","23":"instock","24":"shipping-taxable","25":"purchasable","26":"product-type-variable","27":"has-default-attributes"},"yoast_head":"<!-- This site is optimized with the Yoast SEO plugin v25.9 - https:\/\/yoast.com\/wordpress\/plugins\/seo\/ -->\n<title>Buy Mepron Chemical Online Buy Mepron Chemical Online-<\/title>\n<meta name=\"description\" content=\"Buy Mepron Chemical Online where you can buy Buy Mepron Chemical Online Online name-atovaquone at best prices with free shipping and home delivery\" \/>\n<meta name=\"robots\" content=\"index, follow, max-snippet:-1, max-image-preview:large, max-video-preview:-1\" \/>\n<link rel=\"canonical\" href=\"https:\/\/buy-prescriptionz.com\/pt_pt\/produto\/comprar-mepron-quimico-online\/\" \/>\n<meta property=\"og:locale\" content=\"pt_PT\" \/>\n<meta property=\"og:type\" content=\"article\" \/>\n<meta property=\"og:title\" content=\"Buy Mepron Chemical Online Buy Mepron Chemical Online-\" \/>\n<meta property=\"og:description\" content=\"Buy Mepron Chemical Online where you can buy Buy Mepron Chemical Online Online name-atovaquone at best prices with free shipping and home delivery\" \/>\n<meta property=\"og:url\" content=\"https:\/\/buy-prescriptionz.com\/pt_pt\/produto\/comprar-mepron-quimico-online\/\" \/>\n<meta property=\"og:site_name\" content=\"Buy Prescriptionz\" \/>\n<meta property=\"article:modified_time\" content=\"2025-09-29T11:01:19+00:00\" \/>\n<meta property=\"og:image\" content=\"https:\/\/buy-prescriptionz.com\/wp-content\/uploads\/2025\/09\/mepron-chemical-name-atovaquone.jpg\" \/>\n\t<meta property=\"og:image:width\" content=\"400\" \/>\n\t<meta property=\"og:image:height\" content=\"300\" \/>\n\t<meta property=\"og:image:type\" content=\"image\/jpeg\" \/>\n<meta name=\"twitter:card\" content=\"summary_large_image\" \/>\n<meta name=\"twitter:label1\" content=\"Tempo estimado de leitura\" \/>\n\t<meta name=\"twitter:data1\" content=\"4 minutos\" \/>\n<script type=\"application\/ld+json\" class=\"yoast-schema-graph\">{\"@context\":\"https:\/\/schema.org\",\"@graph\":[{\"@type\":\"WebPage\",\"@id\":\"https:\/\/buy-prescriptionz.com\/product\/buy-mepron-chemical-online\/\",\"url\":\"https:\/\/buy-prescriptionz.com\/product\/buy-mepron-chemical-online\/\",\"name\":\"Buy Mepron Chemical Online Buy Mepron Chemical Online-\",\"isPartOf\":{\"@id\":\"https:\/\/buy-prescriptionz.com\/#website\"},\"primaryImageOfPage\":{\"@id\":\"https:\/\/buy-prescriptionz.com\/product\/buy-mepron-chemical-online\/#primaryimage\"},\"image\":{\"@id\":\"https:\/\/buy-prescriptionz.com\/product\/buy-mepron-chemical-online\/#primaryimage\"},\"thumbnailUrl\":\"https:\/\/buy-prescriptionz.com\/wp-content\/uploads\/2025\/09\/mepron-chemical-name-atovaquone.jpg\",\"datePublished\":\"2025-09-16T08:56:11+00:00\",\"dateModified\":\"2025-09-29T11:01:19+00:00\",\"description\":\"Buy Mepron Chemical Online where you can buy Buy Mepron Chemical Online Online name-atovaquone at best prices with free shipping and home delivery\",\"breadcrumb\":{\"@id\":\"https:\/\/buy-prescriptionz.com\/product\/buy-mepron-chemical-online\/#breadcrumb\"},\"inLanguage\":\"pt-PT\",\"potentialAction\":[{\"@type\":\"ReadAction\",\"target\":[\"https:\/\/buy-prescriptionz.com\/product\/buy-mepron-chemical-online\/\"]}]},{\"@type\":\"ImageObject\",\"inLanguage\":\"pt-PT\",\"@id\":\"https:\/\/buy-prescriptionz.com\/product\/buy-mepron-chemical-online\/#primaryimage\",\"url\":\"https:\/\/buy-prescriptionz.com\/wp-content\/uploads\/2025\/09\/mepron-chemical-name-atovaquone.jpg\",\"contentUrl\":\"https:\/\/buy-prescriptionz.com\/wp-content\/uploads\/2025\/09\/mepron-chemical-name-atovaquone.jpg\",\"width\":400,\"height\":300},{\"@type\":\"BreadcrumbList\",\"@id\":\"https:\/\/buy-prescriptionz.com\/product\/buy-mepron-chemical-online\/#breadcrumb\",\"itemListElement\":[{\"@type\":\"ListItem\",\"position\":1,\"name\":\"Home\",\"item\":\"https:\/\/buy-prescriptionz.com\/\"},{\"@type\":\"ListItem\",\"position\":2,\"name\":\"Shop Painkillers Online\",\"item\":\"https:\/\/buy-prescriptionz.com\/shop-painkillers-online\/\"},{\"@type\":\"ListItem\",\"position\":3,\"name\":\"Buy Mepron Chemical Online\"}]},{\"@type\":\"WebSite\",\"@id\":\"https:\/\/buy-prescriptionz.com\/#website\",\"url\":\"https:\/\/buy-prescriptionz.com\/\",\"name\":\"Buy Prescriptionz\",\"description\":\"Drugs Online\",\"publisher\":{\"@id\":\"https:\/\/buy-prescriptionz.com\/#organization\"},\"potentialAction\":[{\"@type\":\"SearchAction\",\"target\":{\"@type\":\"EntryPoint\",\"urlTemplate\":\"https:\/\/buy-prescriptionz.com\/?s={search_term_string}\"},\"query-input\":{\"@type\":\"PropertyValueSpecification\",\"valueRequired\":true,\"valueName\":\"search_term_string\"}}],\"inLanguage\":\"pt-PT\"},{\"@type\":\"Organization\",\"@id\":\"https:\/\/buy-prescriptionz.com\/#organization\",\"name\":\"Buy Prescriptionz\",\"url\":\"https:\/\/buy-prescriptionz.com\/\",\"logo\":{\"@type\":\"ImageObject\",\"inLanguage\":\"pt-PT\",\"@id\":\"https:\/\/buy-prescriptionz.com\/#\/schema\/logo\/image\/\",\"url\":\"https:\/\/buy-prescriptionz.com\/wp-content\/uploads\/2023\/09\/logo.png\",\"contentUrl\":\"https:\/\/buy-prescriptionz.com\/wp-content\/uploads\/2023\/09\/logo.png\",\"width\":350,\"height\":64,\"caption\":\"Buy Prescriptionz\"},\"image\":{\"@id\":\"https:\/\/buy-prescriptionz.com\/#\/schema\/logo\/image\/\"}}]}<\/script>\n<!-- \/ Yoast SEO plugin. -->","yoast_head_json":{"title":"Comprar Mepron Chemical Online Comprar Mepron Chemical Online-","description":"Comprar Mepron Chemical Online onde voc\u00ea pode comprar Mepron Chemical Online - Atovaquone - a melhores pre\u00e7os com frete e entrega ao domic\u00edlio gratuitos","robots":{"index":"index","follow":"follow","max-snippet":"max-snippet:-1","max-image-preview":"max-image-preview:large","max-video-preview":"max-video-preview:-1"},"canonical":"https:\/\/buy-prescriptionz.com\/pt_pt\/produto\/comprar-mepron-quimico-online\/","og_locale":"pt_PT","og_type":"article","og_title":"Buy Mepron Chemical Online Buy Mepron Chemical Online-","og_description":"Buy Mepron Chemical Online where you can buy Buy Mepron Chemical Online Online name-atovaquone at best prices with free shipping and home delivery","og_url":"https:\/\/buy-prescriptionz.com\/pt_pt\/produto\/comprar-mepron-quimico-online\/","og_site_name":"Buy Prescriptionz","article_modified_time":"2025-09-29T11:01:19+00:00","og_image":[{"width":400,"height":300,"url":"https:\/\/buy-prescriptionz.com\/wp-content\/uploads\/2025\/09\/mepron-chemical-name-atovaquone.jpg","type":"image\/jpeg"}],"twitter_card":"summary_large_image","twitter_misc":{"Tempo estimado de leitura":"4 minutos"},"schema":{"@context":"https:\/\/schema.org","@graph":[{"@type":"WebPage","@id":"https:\/\/buy-prescriptionz.com\/product\/buy-mepron-chemical-online\/","url":"https:\/\/buy-prescriptionz.com\/product\/buy-mepron-chemical-online\/","name":"Comprar Mepron Chemical Online Comprar Mepron Chemical Online-","isPartOf":{"@id":"https:\/\/buy-prescriptionz.com\/#website"},"primaryImageOfPage":{"@id":"https:\/\/buy-prescriptionz.com\/product\/buy-mepron-chemical-online\/#primaryimage"},"image":{"@id":"https:\/\/buy-prescriptionz.com\/product\/buy-mepron-chemical-online\/#primaryimage"},"thumbnailUrl":"https:\/\/buy-prescriptionz.com\/wp-content\/uploads\/2025\/09\/mepron-chemical-name-atovaquone.jpg","datePublished":"2025-09-16T08:56:11+00:00","dateModified":"2025-09-29T11:01:19+00:00","description":"Comprar Mepron Chemical Online onde voc\u00ea pode comprar Mepron Chemical Online - Atovaquone - a melhores pre\u00e7os com frete e entrega ao domic\u00edlio gratuitos","breadcrumb":{"@id":"https:\/\/buy-prescriptionz.com\/product\/buy-mepron-chemical-online\/#breadcrumb"},"inLanguage":"pt-PT","potentialAction":[{"@type":"ReadAction","target":["https:\/\/buy-prescriptionz.com\/product\/buy-mepron-chemical-online\/"]}]},{"@type":"ImageObject","inLanguage":"pt-PT","@id":"https:\/\/buy-prescriptionz.com\/product\/buy-mepron-chemical-online\/#primaryimage","url":"https:\/\/buy-prescriptionz.com\/wp-content\/uploads\/2025\/09\/mepron-chemical-name-atovaquone.jpg","contentUrl":"https:\/\/buy-prescriptionz.com\/wp-content\/uploads\/2025\/09\/mepron-chemical-name-atovaquone.jpg","width":400,"height":300},{"@type":"BreadcrumbList","@id":"https:\/\/buy-prescriptionz.com\/product\/buy-mepron-chemical-online\/#breadcrumb","itemListElement":[{"@type":"ListItem","position":1,"name":"Home","item":"https:\/\/buy-prescriptionz.com\/"},{"@type":"ListItem","position":2,"name":"Shop Painkillers Online","item":"https:\/\/buy-prescriptionz.com\/shop-painkillers-online\/"},{"@type":"ListItem","position":3,"name":"Buy Mepron Chemical Online"}]},{"@type":"WebSite","@id":"https:\/\/buy-prescriptionz.com\/#website","url":"https:\/\/buy-prescriptionz.com\/","name":"Buy Prescriptionz","description":"Drogas Online","publisher":{"@id":"https:\/\/buy-prescriptionz.com\/#organization"},"potentialAction":[{"@type":"SearchAction","target":{"@type":"EntryPoint","urlTemplate":"https:\/\/buy-prescriptionz.com\/?s={search_term_string}"},"query-input":{"@type":"PropertyValueSpecification","valueRequired":true,"valueName":"search_term_string"}}],"inLanguage":"pt-PT"},{"@type":"Organization","@id":"https:\/\/buy-prescriptionz.com\/#organization","name":"Buy Prescriptionz","url":"https:\/\/buy-prescriptionz.com\/","logo":{"@type":"ImageObject","inLanguage":"pt-PT","@id":"https:\/\/buy-prescriptionz.com\/#\/schema\/logo\/image\/","url":"https:\/\/buy-prescriptionz.com\/wp-content\/uploads\/2023\/09\/logo.png","contentUrl":"https:\/\/buy-prescriptionz.com\/wp-content\/uploads\/2023\/09\/logo.png","width":350,"height":64,"caption":"Buy Prescriptionz"},"image":{"@id":"https:\/\/buy-prescriptionz.com\/#\/schema\/logo\/image\/"}}]}},"_links":{"self":[{"href":"https:\/\/buy-prescriptionz.com\/pt_pt\/wp-json\/wp\/v2\/product\/3066","targetHints":{"allow":["GET"]}}],"collection":[{"href":"https:\/\/buy-prescriptionz.com\/pt_pt\/wp-json\/wp\/v2\/product"}],"about":[{"href":"https:\/\/buy-prescriptionz.com\/pt_pt\/wp-json\/wp\/v2\/types\/product"}],"replies":[{"embeddable":true,"href":"https:\/\/buy-prescriptionz.com\/pt_pt\/wp-json\/wp\/v2\/comments?post=3066"}],"wp:featuredmedia":[{"embeddable":true,"href":"https:\/\/buy-prescriptionz.com\/pt_pt\/wp-json\/wp\/v2\/media\/3096"}],"wp:attachment":[{"href":"https:\/\/buy-prescriptionz.com\/pt_pt\/wp-json\/wp\/v2\/media?parent=3066"}],"wp:term":[{"taxonomy":"product_brand","embeddable":true,"href":"https:\/\/buy-prescriptionz.com\/pt_pt\/wp-json\/wp\/v2\/product_brand?post=3066"},{"taxonomy":"product_cat","embeddable":true,"href":"https:\/\/buy-prescriptionz.com\/pt_pt\/wp-json\/wp\/v2\/product_cat?post=3066"},{"taxonomy":"product_tag","embeddable":true,"href":"https:\/\/buy-prescriptionz.com\/pt_pt\/wp-json\/wp\/v2\/product_tag?post=3066"}],"curies":[{"name":"wp","href":"https:\/\/api.w.org\/{rel}","templated":true}]}}