{"id":3067,"date":"2025-09-16T08:56:11","date_gmt":"2025-09-16T08:56:11","guid":{"rendered":"https:\/\/chemsfine.com\/newsite\/?post_type=product&#038;p=3067"},"modified":"2025-09-29T10:42:33","modified_gmt":"2025-09-29T10:42:33","slug":"comprar-lorazepam-ativan-online","status":"publish","type":"product","link":"https:\/\/buy-prescriptionz.com\/pt_pt\/produto\/comprar-lorazepam-ativan-online\/","title":{"rendered":"Comprar Lorazepam (Ativan) Online"},"content":{"rendered":"<h2>Comprar Lorazepam (Ativan) Online<\/h2>\n<p>O lorazepam pertence \u00e0 classe de medicamentos chamados benzodiazepinas. O lorazepam pode ser utilizado para al\u00edvio tempor\u00e1rio, ou seja, para os sintomas de alta tens\u00e3o. Interfere na comunica\u00e7\u00e3o entre os nervos do c\u00e9rebro. Algumas pessoas relataram uma melhoria gradual da inquieta\u00e7\u00e3o, que dura cerca de 30 minutos e ocorre ap\u00f3s a toma de Lorazepam. Para convuls\u00f5es tardias, o Lorazepam injet\u00e1vel pode ser administrado como tratamento inicial. Com o medicamento Lorazepam, a lentid\u00e3o, a inquieta\u00e7\u00e3o e as convuls\u00f5es podem ser tratadas rapidamente. Este medicamento est\u00e1 facilmente dispon\u00edvel para compra online. A rea\u00e7\u00e3o tamb\u00e9m ocorre logo ap\u00f3s a utiliza\u00e7\u00e3o, o que pode provocar relaxamento no estado de sa\u00fade.<\/p>\n<h3>QUE PRECAU\u00c7\u00d5ES SE DEVE TOMAR ENQUANTO SE TOMA LORAZEPAM?<\/h3>\n<p>Comprar Lorazepam (Ativan) online, comprar Lorazepam (Ativan) online, se tiver problemas respirat\u00f3rios, insufici\u00eancia pulmonar ou renal, doen\u00e7a coron\u00e1ria, sonol\u00eancia ou impot\u00eancia, o Lorazepam pode ser uma boa op\u00e7\u00e3o para estes problemas. As mulheres gr\u00e1vidas ou que desejam engravidar n\u00e3o devem tomar este comprimido, caso contr\u00e1rio devem consultar um profissional de sa\u00fade antes de tomar Lorazepam.<\/p>\n<p>O medicamento prescrito Lorazepam em comprimidos \u00e9 utilizado para tratar perturba\u00e7\u00f5es de ansiedade, incluindo ataques de p\u00e2nico, fobias sociais, perturba\u00e7\u00e3o obsessivo-compulsiva (POC) e perturba\u00e7\u00e3o de ansiedade generalizada (caracterizada por preocupa\u00e7\u00e3o ou inquieta\u00e7\u00e3o excessiva). Al\u00e9m disso, \u00e9 utilizado para aliviar temporariamente os sintomas de ansiedade.<\/p>\n<p>Os sintomas de ansiedade, como trepida\u00e7\u00e3o, respira\u00e7\u00e3o ofegante, frequ\u00eancia card\u00edaca elevada, transpira\u00e7\u00e3o intensa, tremores, fraqueza e perda de foco, s\u00e3o aliviados com a ingest\u00e3o de um miligrama do melhor Lorazepam. O consumo de alimentos pode ser feito juntamente com o medicamento ou n\u00e3o. Para ajudar o organismo a manter uma dose constante, tome-o \u00e0 mesma hora todos os dias. Uma vez que este medicamento tem um potencial significativo de causar depend\u00eancia, tome-o de acordo com a dosagem e dura\u00e7\u00e3o recomendadas pelo seu m\u00e9dico.<\/p>\n<h3>Considere a possibilidade de UMA sobredosagem OU DEIXE DE TOMAR LORAZEPAM.<\/h3>\n<p>Comprar Lorazepam (Ativan) Online. Caso se tenha esquecido de tomar Lorazepam, pode tomar o comprimido por volta dessa altura, mas n\u00e3o se deve tomar a dose dupla se houver necessidade de uma dose adicional. Comprar Lorazepam (Ativan) Online, pois pode ser administrado de forma inadequada e, por isso, existe uma grande possibilidade de sobredosagem. \u00c9 por isso que se deve procurar ajuda m\u00e9dica imediatamente.<\/p>\n<p><strong>BENEF\u00cdCIOS DO COMPRIMIDO ATIVAN NO TRATAMENTO A CURTO PRAZO<\/strong><\/p>\n<p>Os sentimentos de preocupa\u00e7\u00e3o e ansiedade excessiva que podem surgir durante situa\u00e7\u00f5es stressantes, como uma entrevista de emprego ou um exame, s\u00e3o atenuados com a utiliza\u00e7\u00e3o do melhor comprimido de Lorazepam. Al\u00e9m disso, ele pode reduzir a agita\u00e7\u00e3o, a fadiga, a dificuldade de concentra\u00e7\u00e3o e a inquieta\u00e7\u00e3o. Como resultado, poder\u00e1 realizar as suas atividades di\u00e1rias com mais facilidade e produtividade. Mesmo sentindo-se bem, continue a tomar este medicamento. Paragens repentinas podem resultar em problemas graves.<\/p>\n<p>Ao aumentar a quantidade da subst\u00e2ncia qu\u00edmica GABA no c\u00e9rebro, o comprimido de Lorazepam reduz os sintomas de v\u00e1rias perturba\u00e7\u00f5es de ansiedade, como a perturba\u00e7\u00e3o de ansiedade generalizada e a perturba\u00e7\u00e3o obsessivo-compulsiva. Isto interrompe sintomas anormais de ansiedade, como fadiga, irritabilidade, inquieta\u00e7\u00e3o, dificuldade de concentra\u00e7\u00e3o e problemas de sono. Acalma e melhora a capacidade de resolu\u00e7\u00e3o de problemas. Uma alimenta\u00e7\u00e3o equilibrada e exerc\u00edcio f\u00edsico podem ajudar a levantar o \u00e2nimo. Continue a tomar o medicamento at\u00e9 que o seu m\u00e9dico lhe d\u00ea alta.<\/p>\n<p><strong>EFEITOS COLATERAIS DO COMPRIMIDO DURANTE A UTILIZA\u00c7\u00c3O<\/strong><\/p>\n<p>A maioria dos efeitos adversos desaparece quando o organismo se habitua \u00e0 medica\u00e7\u00e3o e n\u00e3o requer tratamento m\u00e9dico. Consulte o seu m\u00e9dico se persistirem ou se tiver alguma preocupa\u00e7\u00e3o com eles.<\/p>\n<p><strong>Efeitos secund\u00e1rios comuns do Lorazepam<\/strong><\/p>\n<p>Tonturas\/Seda\u00e7\u00e3o<\/p>\n<p>Dor\/Cansa\u00e7o<\/p>\n<p>m\u00fasculos enfraquecidos\/sensa\u00e7\u00e3o de sonol\u00eancia<\/p>\n<p>O Lorazepam, vulgarmente conhecido como Ativan, \u00e9 um medicamento eficaz para o controlo da ansiedade e outras condi\u00e7\u00f5es relacionadas. Para quem precisa deste medicamento, pode comprar Lorazepam online na melhor farm\u00e1cia, Buy-prescriptionz.com. Esta plataforma fi\u00e1vel garante que recebe o medicamento de que necessita de forma r\u00e1pida e segura.<\/p>","protected":false},"excerpt":{"rendered":"<p>Buy Lorazepam (Ativan) Online Lorazepam is from the class of meds which is called as benzodiazepines. Lorazepam can be utilized for transient alleviation, which is for the indications of a great deal of tension. It hinders the correspondence between the nerves of the cerebrum. A few people have encountered accommodating measure of progress in the [&hellip;]<\/p>","protected":false},"featured_media":3097,"comment_status":"open","ping_status":"closed","template":"","meta":{"site-sidebar-layout":"default","site-content-layout":"","ast-site-content-layout":"default","site-content-style":"default","site-sidebar-style":"default","ast-global-header-display":"","ast-banner-title-visibility":"","ast-main-header-display":"","ast-hfb-above-header-display":"","ast-hfb-below-header-display":"","ast-hfb-mobile-header-display":"","site-post-title":"","ast-breadcrumbs-content":"","ast-featured-img":"","footer-sml-layout":"","theme-transparent-header-meta":"default","adv-header-id-meta":"","stick-header-meta":"","header-above-stick-meta":"","header-main-stick-meta":"","header-below-stick-meta":"","astra-migrate-meta-layouts":"set","ast-page-background-enabled":"default","ast-page-background-meta":{"desktop":{"background-color":"var(--ast-global-color-4)","background-image":"","background-repeat":"repeat","background-position":"center center","background-size":"auto","background-attachment":"scroll","background-type":"","background-media":"","overlay-type":"","overlay-color":"","overlay-opacity":"","overlay-gradient":""},"tablet":{"background-color":"","background-image":"","background-repeat":"repeat","background-position":"center center","background-size":"auto","background-attachment":"scroll","background-type":"","background-media":"","overlay-type":"","overlay-color":"","overlay-opacity":"","overlay-gradient":""},"mobile":{"background-color":"","background-image":"","background-repeat":"repeat","background-position":"center center","background-size":"auto","background-attachment":"scroll","background-type":"","background-media":"","overlay-type":"","overlay-color":"","overlay-opacity":"","overlay-gradient":""}},"ast-content-background-meta":{"desktop":{"background-color":"var(--ast-global-color-5)","background-image":"","background-repeat":"repeat","background-position":"center center","background-size":"auto","background-attachment":"scroll","background-type":"","background-media":"","overlay-type":"","overlay-color":"","overlay-opacity":"","overlay-gradient":""},"tablet":{"background-color":"var(--ast-global-color-5)","background-image":"","background-repeat":"repeat","background-position":"center center","background-size":"auto","background-attachment":"scroll","background-type":"","background-media":"","overlay-type":"","overlay-color":"","overlay-opacity":"","overlay-gradient":""},"mobile":{"background-color":"var(--ast-global-color-5)","background-image":"","background-repeat":"repeat","background-position":"center center","background-size":"auto","background-attachment":"scroll","background-type":"","background-media":"","overlay-type":"","overlay-color":"","overlay-opacity":"","overlay-gradient":""}}},"product_brand":[],"product_cat":[2385],"product_tag":[1182,1183,1181,1176,1179,1178,1177,1180,1175,1174,1185,1184],"class_list":{"0":"post-3067","1":"product","2":"type-product","3":"status-publish","4":"has-post-thumbnail","6":"product_cat-buy-pain-killer-pills-online","7":"product_tag-buy-lorazepam-ativan-in-canada","8":"product_tag-buy-lorazepam-ativan-in-uk","9":"product_tag-buy-lorazepam-ativan-in-usa","10":"product_tag-buy-lorazepam-ativan-with-bitcoin","11":"product_tag-buy-lorazepam-ativan-with-credit-card","12":"product_tag-buy-lorazepam-ativan-with-money-gram","13":"product_tag-buy-lorazepam-ativan-with-western-union","14":"product_tag-buy-lorazepam-ativan-without-a-doctor","15":"product_tag-buy-lorazepam-ativan-without-prescription","16":"product_tag-lorazepam-ativan-for-sale","17":"product_tag-lorazepam-ativan-pills","18":"product_tag-lorazepam-ativan-tablets","19":"desktop-align-center","20":"tablet-align-left","21":"mobile-align-left","23":"first","24":"instock","25":"shipping-taxable","26":"purchasable","27":"product-type-variable","28":"has-default-attributes"},"yoast_head":"<!-- This site is optimized with the Yoast SEO plugin v25.9 - https:\/\/yoast.com\/wordpress\/plugins\/seo\/ -->\n<title>Buy Lorazepam (Ativan) Online - Buy Prescriptionz<\/title>\n<meta name=\"description\" content=\"Buy Lorazepam (Ativan) OnlineBuy Lorazepam (Ativan) Online at best price without doctor&#039;s prescription. Buy Lorazepam (Ativan) Online lorazepam-ativan\" \/>\n<meta name=\"robots\" content=\"index, follow, max-snippet:-1, max-image-preview:large, max-video-preview:-1\" \/>\n<link rel=\"canonical\" href=\"https:\/\/buy-prescriptionz.com\/pt_pt\/produto\/comprar-lorazepam-ativan-online\/\" \/>\n<meta property=\"og:locale\" content=\"pt_PT\" \/>\n<meta property=\"og:type\" content=\"article\" \/>\n<meta property=\"og:title\" content=\"Buy Lorazepam (Ativan) Online - Buy Prescriptionz\" \/>\n<meta property=\"og:description\" content=\"Buy Lorazepam (Ativan) OnlineBuy Lorazepam (Ativan) Online at best price without doctor&#039;s prescription. Buy Lorazepam (Ativan) Online lorazepam-ativan\" \/>\n<meta property=\"og:url\" content=\"https:\/\/buy-prescriptionz.com\/pt_pt\/produto\/comprar-lorazepam-ativan-online\/\" \/>\n<meta property=\"og:site_name\" content=\"Buy Prescriptionz\" \/>\n<meta property=\"article:modified_time\" content=\"2025-09-29T10:42:33+00:00\" \/>\n<meta property=\"og:image\" content=\"https:\/\/buy-prescriptionz.com\/wp-content\/uploads\/2025\/09\/lorazepam-ativan.jpg\" \/>\n\t<meta property=\"og:image:width\" content=\"400\" \/>\n\t<meta property=\"og:image:height\" content=\"300\" \/>\n\t<meta property=\"og:image:type\" content=\"image\/jpeg\" \/>\n<meta name=\"twitter:card\" content=\"summary_large_image\" \/>\n<meta name=\"twitter:label1\" content=\"Tempo estimado de leitura\" \/>\n\t<meta name=\"twitter:data1\" content=\"3 minutos\" \/>\n<script type=\"application\/ld+json\" class=\"yoast-schema-graph\">{\"@context\":\"https:\/\/schema.org\",\"@graph\":[{\"@type\":\"WebPage\",\"@id\":\"https:\/\/buy-prescriptionz.com\/product\/buy-lorazepam-ativan-online\/\",\"url\":\"https:\/\/buy-prescriptionz.com\/product\/buy-lorazepam-ativan-online\/\",\"name\":\"Buy Lorazepam (Ativan) Online - Buy Prescriptionz\",\"isPartOf\":{\"@id\":\"https:\/\/buy-prescriptionz.com\/#website\"},\"primaryImageOfPage\":{\"@id\":\"https:\/\/buy-prescriptionz.com\/product\/buy-lorazepam-ativan-online\/#primaryimage\"},\"image\":{\"@id\":\"https:\/\/buy-prescriptionz.com\/product\/buy-lorazepam-ativan-online\/#primaryimage\"},\"thumbnailUrl\":\"https:\/\/buy-prescriptionz.com\/wp-content\/uploads\/2025\/09\/lorazepam-ativan.jpg\",\"datePublished\":\"2025-09-16T08:56:11+00:00\",\"dateModified\":\"2025-09-29T10:42:33+00:00\",\"description\":\"Buy Lorazepam (Ativan) OnlineBuy Lorazepam (Ativan) Online at best price without doctor's prescription. Buy Lorazepam (Ativan) Online lorazepam-ativan\",\"breadcrumb\":{\"@id\":\"https:\/\/buy-prescriptionz.com\/product\/buy-lorazepam-ativan-online\/#breadcrumb\"},\"inLanguage\":\"pt-PT\",\"potentialAction\":[{\"@type\":\"ReadAction\",\"target\":[\"https:\/\/buy-prescriptionz.com\/product\/buy-lorazepam-ativan-online\/\"]}]},{\"@type\":\"ImageObject\",\"inLanguage\":\"pt-PT\",\"@id\":\"https:\/\/buy-prescriptionz.com\/product\/buy-lorazepam-ativan-online\/#primaryimage\",\"url\":\"https:\/\/buy-prescriptionz.com\/wp-content\/uploads\/2025\/09\/lorazepam-ativan.jpg\",\"contentUrl\":\"https:\/\/buy-prescriptionz.com\/wp-content\/uploads\/2025\/09\/lorazepam-ativan.jpg\",\"width\":400,\"height\":300},{\"@type\":\"BreadcrumbList\",\"@id\":\"https:\/\/buy-prescriptionz.com\/product\/buy-lorazepam-ativan-online\/#breadcrumb\",\"itemListElement\":[{\"@type\":\"ListItem\",\"position\":1,\"name\":\"Home\",\"item\":\"https:\/\/buy-prescriptionz.com\/\"},{\"@type\":\"ListItem\",\"position\":2,\"name\":\"Shop Painkillers Online\",\"item\":\"https:\/\/buy-prescriptionz.com\/shop-painkillers-online\/\"},{\"@type\":\"ListItem\",\"position\":3,\"name\":\"Buy Lorazepam (Ativan) Online\"}]},{\"@type\":\"WebSite\",\"@id\":\"https:\/\/buy-prescriptionz.com\/#website\",\"url\":\"https:\/\/buy-prescriptionz.com\/\",\"name\":\"Buy Prescriptionz\",\"description\":\"Drugs Online\",\"publisher\":{\"@id\":\"https:\/\/buy-prescriptionz.com\/#organization\"},\"potentialAction\":[{\"@type\":\"SearchAction\",\"target\":{\"@type\":\"EntryPoint\",\"urlTemplate\":\"https:\/\/buy-prescriptionz.com\/?s={search_term_string}\"},\"query-input\":{\"@type\":\"PropertyValueSpecification\",\"valueRequired\":true,\"valueName\":\"search_term_string\"}}],\"inLanguage\":\"pt-PT\"},{\"@type\":\"Organization\",\"@id\":\"https:\/\/buy-prescriptionz.com\/#organization\",\"name\":\"Buy Prescriptionz\",\"url\":\"https:\/\/buy-prescriptionz.com\/\",\"logo\":{\"@type\":\"ImageObject\",\"inLanguage\":\"pt-PT\",\"@id\":\"https:\/\/buy-prescriptionz.com\/#\/schema\/logo\/image\/\",\"url\":\"https:\/\/buy-prescriptionz.com\/wp-content\/uploads\/2023\/09\/logo.png\",\"contentUrl\":\"https:\/\/buy-prescriptionz.com\/wp-content\/uploads\/2023\/09\/logo.png\",\"width\":350,\"height\":64,\"caption\":\"Buy Prescriptionz\"},\"image\":{\"@id\":\"https:\/\/buy-prescriptionz.com\/#\/schema\/logo\/image\/\"}}]}<\/script>\n<!-- \/ Yoast SEO plugin. -->","yoast_head_json":{"title":"Comprar Lorazepam (Ativan) Online - Comprar Receitas","description":"Buy Lorazepam (Ativan) OnlineBuy Lorazepam (Ativan) Online at best price without doctor's prescription. Buy Lorazepam (Ativan) Online lorazepam-ativan","robots":{"index":"index","follow":"follow","max-snippet":"max-snippet:-1","max-image-preview":"max-image-preview:large","max-video-preview":"max-video-preview:-1"},"canonical":"https:\/\/buy-prescriptionz.com\/pt_pt\/produto\/comprar-lorazepam-ativan-online\/","og_locale":"pt_PT","og_type":"article","og_title":"Buy Lorazepam (Ativan) Online - Buy Prescriptionz","og_description":"Buy Lorazepam (Ativan) OnlineBuy Lorazepam (Ativan) Online at best price without doctor's prescription. Buy Lorazepam (Ativan) Online lorazepam-ativan","og_url":"https:\/\/buy-prescriptionz.com\/pt_pt\/produto\/comprar-lorazepam-ativan-online\/","og_site_name":"Buy Prescriptionz","article_modified_time":"2025-09-29T10:42:33+00:00","og_image":[{"width":400,"height":300,"url":"https:\/\/buy-prescriptionz.com\/wp-content\/uploads\/2025\/09\/lorazepam-ativan.jpg","type":"image\/jpeg"}],"twitter_card":"summary_large_image","twitter_misc":{"Tempo estimado de leitura":"3 minutos"},"schema":{"@context":"https:\/\/schema.org","@graph":[{"@type":"WebPage","@id":"https:\/\/buy-prescriptionz.com\/product\/buy-lorazepam-ativan-online\/","url":"https:\/\/buy-prescriptionz.com\/product\/buy-lorazepam-ativan-online\/","name":"Comprar Lorazepam (Ativan) Online - Comprar Receitas","isPartOf":{"@id":"https:\/\/buy-prescriptionz.com\/#website"},"primaryImageOfPage":{"@id":"https:\/\/buy-prescriptionz.com\/product\/buy-lorazepam-ativan-online\/#primaryimage"},"image":{"@id":"https:\/\/buy-prescriptionz.com\/product\/buy-lorazepam-ativan-online\/#primaryimage"},"thumbnailUrl":"https:\/\/buy-prescriptionz.com\/wp-content\/uploads\/2025\/09\/lorazepam-ativan.jpg","datePublished":"2025-09-16T08:56:11+00:00","dateModified":"2025-09-29T10:42:33+00:00","description":"Buy Lorazepam (Ativan) OnlineBuy Lorazepam (Ativan) Online at best price without doctor's prescription. Buy Lorazepam (Ativan) Online lorazepam-ativan","breadcrumb":{"@id":"https:\/\/buy-prescriptionz.com\/product\/buy-lorazepam-ativan-online\/#breadcrumb"},"inLanguage":"pt-PT","potentialAction":[{"@type":"ReadAction","target":["https:\/\/buy-prescriptionz.com\/product\/buy-lorazepam-ativan-online\/"]}]},{"@type":"ImageObject","inLanguage":"pt-PT","@id":"https:\/\/buy-prescriptionz.com\/product\/buy-lorazepam-ativan-online\/#primaryimage","url":"https:\/\/buy-prescriptionz.com\/wp-content\/uploads\/2025\/09\/lorazepam-ativan.jpg","contentUrl":"https:\/\/buy-prescriptionz.com\/wp-content\/uploads\/2025\/09\/lorazepam-ativan.jpg","width":400,"height":300},{"@type":"BreadcrumbList","@id":"https:\/\/buy-prescriptionz.com\/product\/buy-lorazepam-ativan-online\/#breadcrumb","itemListElement":[{"@type":"ListItem","position":1,"name":"Home","item":"https:\/\/buy-prescriptionz.com\/"},{"@type":"ListItem","position":2,"name":"Shop Painkillers Online","item":"https:\/\/buy-prescriptionz.com\/shop-painkillers-online\/"},{"@type":"ListItem","position":3,"name":"Buy Lorazepam (Ativan) Online"}]},{"@type":"WebSite","@id":"https:\/\/buy-prescriptionz.com\/#website","url":"https:\/\/buy-prescriptionz.com\/","name":"Buy Prescriptionz","description":"Drogas Online","publisher":{"@id":"https:\/\/buy-prescriptionz.com\/#organization"},"potentialAction":[{"@type":"SearchAction","target":{"@type":"EntryPoint","urlTemplate":"https:\/\/buy-prescriptionz.com\/?s={search_term_string}"},"query-input":{"@type":"PropertyValueSpecification","valueRequired":true,"valueName":"search_term_string"}}],"inLanguage":"pt-PT"},{"@type":"Organization","@id":"https:\/\/buy-prescriptionz.com\/#organization","name":"Buy Prescriptionz","url":"https:\/\/buy-prescriptionz.com\/","logo":{"@type":"ImageObject","inLanguage":"pt-PT","@id":"https:\/\/buy-prescriptionz.com\/#\/schema\/logo\/image\/","url":"https:\/\/buy-prescriptionz.com\/wp-content\/uploads\/2023\/09\/logo.png","contentUrl":"https:\/\/buy-prescriptionz.com\/wp-content\/uploads\/2023\/09\/logo.png","width":350,"height":64,"caption":"Buy Prescriptionz"},"image":{"@id":"https:\/\/buy-prescriptionz.com\/#\/schema\/logo\/image\/"}}]}},"_links":{"self":[{"href":"https:\/\/buy-prescriptionz.com\/pt_pt\/wp-json\/wp\/v2\/product\/3067","targetHints":{"allow":["GET"]}}],"collection":[{"href":"https:\/\/buy-prescriptionz.com\/pt_pt\/wp-json\/wp\/v2\/product"}],"about":[{"href":"https:\/\/buy-prescriptionz.com\/pt_pt\/wp-json\/wp\/v2\/types\/product"}],"replies":[{"embeddable":true,"href":"https:\/\/buy-prescriptionz.com\/pt_pt\/wp-json\/wp\/v2\/comments?post=3067"}],"wp:featuredmedia":[{"embeddable":true,"href":"https:\/\/buy-prescriptionz.com\/pt_pt\/wp-json\/wp\/v2\/media\/3097"}],"wp:attachment":[{"href":"https:\/\/buy-prescriptionz.com\/pt_pt\/wp-json\/wp\/v2\/media?parent=3067"}],"wp:term":[{"taxonomy":"product_brand","embeddable":true,"href":"https:\/\/buy-prescriptionz.com\/pt_pt\/wp-json\/wp\/v2\/product_brand?post=3067"},{"taxonomy":"product_cat","embeddable":true,"href":"https:\/\/buy-prescriptionz.com\/pt_pt\/wp-json\/wp\/v2\/product_cat?post=3067"},{"taxonomy":"product_tag","embeddable":true,"href":"https:\/\/buy-prescriptionz.com\/pt_pt\/wp-json\/wp\/v2\/product_tag?post=3067"}],"curies":[{"name":"wp","href":"https:\/\/api.w.org\/{rel}","templated":true}]}}