{"id":3068,"date":"2025-09-16T08:56:11","date_gmt":"2025-09-16T08:56:11","guid":{"rendered":"https:\/\/chemsfine.com\/newsite\/?post_type=product&#038;p=3068"},"modified":"2025-09-22T05:24:47","modified_gmt":"2025-09-22T05:24:47","slug":"comprar-ketaset-online","status":"publish","type":"product","link":"https:\/\/buy-prescriptionz.com\/pt_pt\/produto\/comprar-ketaset-online\/","title":{"rendered":"Comprar Ketaset Online"},"content":{"rendered":"<h2>Comprar Ketaset Online<\/h2>\n<p>Comprar Ketaset online. Ketaset \u00e9 um medicamento extraordin\u00e1rio para induzir anestesia. Este produto \u00e9 utilizado antes de qualquer m\u00e9todo terap\u00eautico ou procedimento m\u00e9dico. Tamb\u00e9m pode haver outros usos deste produto que n\u00e3o s\u00e3o discutidos aqui.<\/p>\n<h3>Como usar o Ketaset?<\/h3>\n<p>O Ketaset \u00e9 um item inject\u00e1vel, por isso traga-o para os seus m\u00fasculos atrav\u00e9s de uma injec\u00e7\u00e3o. Isto \u00e9 normalmente utilizado pelos especialistas em tornar os pacientes let\u00e1rgicos para n\u00e3o os fazer sentir dor durante um procedimento m\u00e9dico.<\/p>\n<p>Adquira o Ketaset aos melhores pre\u00e7os acess\u00edveis na nossa farm\u00e1cia online de hoje. A sua encomenda chegar-lhe-\u00e1 dentro de um curto espa\u00e7o de tempo. Ofere\u00e7a j\u00e1 as suas necessidades!<\/p>\n<h3>Comprar Ketaset Online<\/h3>\n<p>O Ketaset \u00e9 uma subst\u00e2ncia controlada em todo o mundo devido ao qual n\u00e3o \u00e9 poss\u00edvel compr\u00e1-lo abertamente sem uma prescri\u00e7\u00e3o m\u00e9dica adequada, por isso \u00e9 melhor comprar o ketaset online atrav\u00e9s de lojas online padr\u00e3o em vez de compr\u00e1-lo nas ruas, pois \u00e9 mais seguro e todas as encomendas feitas s\u00e3o discretas e protegidas sob fortes medidas de privacidade.<br \/>\nPode usufruir da op\u00e7\u00e3o de compra nas nossas lojas online, uma vez que as encomendas Ketaset s\u00e3o geridas discretamente pela nossa loja e o sigilo destas encomendas nunca \u00e9 comprometido em nenhuma circunst\u00e2ncia.<\/p>\n<h3>O que \u00e9 o Ketaset?<\/h3>\n<p>O Ketaset \u00e9 uma das muitas marcas de medicamentos para cetamina que \u00e9 um anest\u00e9sico e est\u00e1 classificado em v\u00e1rias categorias, como antagonistas dos receptores NDMA, antidepressivos, anest\u00e9sicos e alucin\u00f3genos. A ampla lista de categorias do Ketaset mostra que ele \u00e9 amplamente utilizado para diversos fins, embora seja usado principalmente para a indu\u00e7\u00e3o anest\u00e9sica.<br \/>\nQu\u00edmica do Ketaset<br \/>\nO nome IUPAC do medicamento \u00e9 \"(RS)-2-(2-Clorofenil)-2-(metilamino) ciclohexanona\" enquanto o n\u00famero CAS do medicamento \u00e9 6740-88-1. A f\u00f3rmula molecular do f\u00e1rmaco \u00e9 C13H16ClNO enquanto o peso molecular do ketaset \u00e9 237,725 g\/mol.<br \/>\nA responsabilidade do v\u00edcio da droga \u00e9 moderada.<\/p>\n<h3>Usos do Ketaset<\/h3>\n<p>Os usos do ketaset s\u00e3o amplos, pois \u00e9 usado tanto para o tratamento de seres humanos como para o tratamento de animais. Em seres humanos o Ketaset \u00e9 usado para v\u00e1rios fins, tais como para induzir anestesia, anti-depressivo e como analg\u00e9sico. Na administra\u00e7\u00e3o, o ketaset causa seda\u00e7\u00e3o e a anestesia \u00e9 induzida nos pacientes se uma quantidade substancial de droga tiver sido administrada.<br \/>\nO Ketaset tem propriedades anti-depressivas e \u00e9 usado para causar efeitos anti-ansiedade e relaxamento muscular nos pacientes mantidos em unidades de terapia intensiva. O efeito do medicamento \u00e9 tal que, n\u00e3o afecta o funcionamento do c\u00e9rebro e do cora\u00e7\u00e3o na administra\u00e7\u00e3o.<br \/>\nEste medicamento tamb\u00e9m \u00e9 conhecido por ser usado para a redu\u00e7\u00e3o do stress e para a desloca\u00e7\u00e3o da mem\u00f3ria. O Ketaset tamb\u00e9m \u00e9 conhecido por ser usado por pessoas para fins recreativos, pois pode produzir efeitos como infla\u00e7\u00e3o do ego, supress\u00e3o emocional e sensa\u00e7\u00e3o de sobriedade.<br \/>\nClique aqui para comprar cetamina online<\/p>\n<h3>Efeitos do Ketaset<\/h3>\n<p>Os efeitos do ketaset v\u00e3o desde os f\u00edsicos, psicol\u00f3gicos e subjectivos. O cet\u00e1ceo causa agita\u00e7\u00e3o e alucina\u00e7\u00f5es quando a medica\u00e7\u00e3o se desgasta. A tens\u00e3o arterial elevada tamb\u00e9m tem sido associada ao uso do cet\u00e1ceo.<br \/>\nAlguns dos outros efeitos causados pelo cet\u00e1ceo s\u00e3o de natureza cardiovascular, gastrointestinal e respirat\u00f3ria. Os efeitos cardiovasculares incluem altera\u00e7\u00f5es no sistema nervoso. Os efeitos gastrointestinais incluem v\u00f3mitos e n\u00e1useas e estes efeitos s\u00e3o normalmente observados em aproximadamente 25% dos pacientes aos quais foi administrado o cet\u00e1ceo para fins anest\u00e9sicos. Os efeitos respirat\u00f3rios incluem broncodilatador em que a via respirat\u00f3ria perde a fric\u00e7\u00e3o e a resist\u00eancia ao fluxo de ar atrav\u00e9s da via a\u00e9rea \u00e9 diminu\u00edda. Isto resulta num aumento do fluxo de ar para os pulm\u00f5es que pode ser prejudicial em causas graves.<br \/>\nO uso da droga para fins recreativos tamb\u00e9m tem sido desencorajado, uma vez que t\u00eam sido registradas mortes de pessoas que usam o ketaset sem o devido aconselhamento de todo o mundo.<\/p>\n<h3>Inje\u00e7\u00e3o de Ketaset<\/h3>\n<p>A cetamina ou a injec\u00e7\u00e3o de ketaset pode ser usada para induzir anestesia nos pacientes. O benef\u00edcio da inje\u00e7\u00e3o de cetamina \u00e9 que ela tem maior margem de seguran\u00e7a e efeito de a\u00e7\u00e3o r\u00e1pida.<br \/>\nClique aqui para comprar o Focalin XR<\/p>\n<h3><strong>KETASET brief<\/strong><\/h3>\n<p>Nos gatos, o KETASET pode ser utilizado para os manter im\u00f3veis ou como \u00fanico anest\u00e9sico para cirurgias curtas, explorat\u00f3rias ou pequenas que n\u00e3o necessitem de relaxamento muscular. Em macacos sub-humanos, pode ser utilizado para os manter imobilizados.<\/p>\n<h3>Ketaset para venda<\/h3>\n<p>A nossa loja online \u00e9 uma das principais fontes de medicamentos para a cetamina e enviamo-los para todo o mundo atrav\u00e9s do nosso servi\u00e7o de expedi\u00e7\u00e3o standard. Todas as formas de cetamina pura, como o Ketaset, ketalar, p\u00f3, etc. est\u00e3o dispon\u00edveis na nossa loja online.<\/p>\n<h3><strong>Dosagem e administra\u00e7\u00e3o<\/strong><\/h3>\n<p>Quando injetado no m\u00fasculo, o KETASET \u00e9 bem aceite por gatos e animais n\u00e3o humanos. Antes de iniciar a seda\u00e7\u00e3o ou restri\u00e7\u00e3o com KETASET, n\u00e3o necessita de estar em jejum. No entanto, se se estiver a preparar para uma cirurgia opcional, evite comer durante pelo menos seis horas antes de administrar KETASET.<\/p>\n<p>A anestesia pode n\u00e3o durar tanto tempo em gatos que ainda n\u00e3o est\u00e3o completamente desenvolvidos. Para os macacos rec\u00e9m-nascidos sub-humanos (com menos de 24 horas de vida), \u00e9 dif\u00edcil mant\u00ea-los. Tal como outros anest\u00e9sicos, o KETASET tem um efeito algo vari\u00e1vel em cada pessoa, dependendo da quantidade, do estado geral de sa\u00fade e da idade. Por este motivo, n\u00e3o \u00e9 poss\u00edvel fornecer uma dosagem exata.<\/p>\n<p><strong>Detalhes da dosagem<\/strong><\/p>\n<p>Para os gatos, sugere-se uma quantidade de 11 mg\/kg (5 mg\/lb) para os manter contidos.<\/p>\n<p>Entre 22 e 33 mg\/kg (10 a 15 mg\/lb) \u00e9 um bom intervalo de dose para anestesia que funciona bem para cirurgias pequenas ou de diagn\u00f3stico que n\u00e3o necessitam de relaxar os m\u00fasculos.<\/p>","protected":false},"excerpt":{"rendered":"<p>Buy Ketaset Online Buy Ketaset Online ,Ketaset is an extraordinary medicine for inducing anaesthesia. This item is utilized just before any therapeutic methodology or medical procedure. There might likewise be different employments of this item that are not talked here. How To Use Ketaset? Ketaset is an injectable item, so bring this into your muscles [&hellip;]<\/p>","protected":false},"featured_media":3098,"comment_status":"open","ping_status":"closed","template":"","meta":{"site-sidebar-layout":"default","site-content-layout":"","ast-site-content-layout":"default","site-content-style":"default","site-sidebar-style":"default","ast-global-header-display":"","ast-banner-title-visibility":"","ast-main-header-display":"","ast-hfb-above-header-display":"","ast-hfb-below-header-display":"","ast-hfb-mobile-header-display":"","site-post-title":"","ast-breadcrumbs-content":"","ast-featured-img":"","footer-sml-layout":"","theme-transparent-header-meta":"default","adv-header-id-meta":"","stick-header-meta":"","header-above-stick-meta":"","header-main-stick-meta":"","header-below-stick-meta":"","astra-migrate-meta-layouts":"set","ast-page-background-enabled":"default","ast-page-background-meta":{"desktop":{"background-color":"var(--ast-global-color-4)","background-image":"","background-repeat":"repeat","background-position":"center center","background-size":"auto","background-attachment":"scroll","background-type":"","background-media":"","overlay-type":"","overlay-color":"","overlay-opacity":"","overlay-gradient":""},"tablet":{"background-color":"","background-image":"","background-repeat":"repeat","background-position":"center center","background-size":"auto","background-attachment":"scroll","background-type":"","background-media":"","overlay-type":"","overlay-color":"","overlay-opacity":"","overlay-gradient":""},"mobile":{"background-color":"","background-image":"","background-repeat":"repeat","background-position":"center center","background-size":"auto","background-attachment":"scroll","background-type":"","background-media":"","overlay-type":"","overlay-color":"","overlay-opacity":"","overlay-gradient":""}},"ast-content-background-meta":{"desktop":{"background-color":"var(--ast-global-color-5)","background-image":"","background-repeat":"repeat","background-position":"center center","background-size":"auto","background-attachment":"scroll","background-type":"","background-media":"","overlay-type":"","overlay-color":"","overlay-opacity":"","overlay-gradient":""},"tablet":{"background-color":"var(--ast-global-color-5)","background-image":"","background-repeat":"repeat","background-position":"center center","background-size":"auto","background-attachment":"scroll","background-type":"","background-media":"","overlay-type":"","overlay-color":"","overlay-opacity":"","overlay-gradient":""},"mobile":{"background-color":"var(--ast-global-color-5)","background-image":"","background-repeat":"repeat","background-position":"center center","background-size":"auto","background-attachment":"scroll","background-type":"","background-media":"","overlay-type":"","overlay-color":"","overlay-opacity":"","overlay-gradient":""}}},"product_brand":[],"product_cat":[2385],"product_tag":[1075,1076,1074,1069,1072,1071,1070,1073,1068,1067,1078,1077],"class_list":{"0":"post-3068","1":"product","2":"type-product","3":"status-publish","4":"has-post-thumbnail","6":"product_cat-buy-pain-killer-pills-online","7":"product_tag-buy-ketaset-in-canada","8":"product_tag-buy-ketaset-in-uk","9":"product_tag-buy-ketaset-in-usa","10":"product_tag-buy-ketaset-with-bitcoin","11":"product_tag-buy-ketaset-with-credit-card","12":"product_tag-buy-ketaset-with-money-gram","13":"product_tag-buy-ketaset-with-western-union","14":"product_tag-buy-ketaset-without-a-doctor","15":"product_tag-buy-ketaset-without-prescription","16":"product_tag-ketaset-for-sale","17":"product_tag-ketaset-pills","18":"product_tag-ketaset-tablets","19":"desktop-align-center","20":"tablet-align-left","21":"mobile-align-left","23":"first","24":"instock","25":"featured","26":"shipping-taxable","27":"purchasable","28":"product-type-variable","29":"has-default-attributes"},"yoast_head":"<!-- This site is optimized with the Yoast SEO plugin v25.9 - https:\/\/yoast.com\/wordpress\/plugins\/seo\/ -->\n<title>Buy Ketaset Online - Ketaset for Sale | Buy-Prescriptionz<\/title>\n<meta name=\"description\" content=\"Looking to buy Ketaset online at a reasonable price? Visit our reputable online chemical store and get Ketaset for sale today. Place an order now and get the best rate in our store.\" \/>\n<meta name=\"robots\" content=\"index, follow, max-snippet:-1, max-image-preview:large, max-video-preview:-1\" \/>\n<link rel=\"canonical\" href=\"https:\/\/buy-prescriptionz.com\/pt_pt\/produto\/comprar-ketaset-online\/\" \/>\n<meta property=\"og:locale\" content=\"pt_PT\" \/>\n<meta property=\"og:type\" content=\"article\" \/>\n<meta property=\"og:title\" content=\"Buy Ketaset Online - Ketaset for Sale | Buy-Prescriptionz\" \/>\n<meta property=\"og:description\" content=\"Looking to buy Ketaset online at a reasonable price? Visit our reputable online chemical store and get Ketaset for sale today. Place an order now and get the best rate in our store.\" \/>\n<meta property=\"og:url\" content=\"https:\/\/buy-prescriptionz.com\/pt_pt\/produto\/comprar-ketaset-online\/\" \/>\n<meta property=\"og:site_name\" content=\"Buy Prescriptionz\" \/>\n<meta property=\"article:modified_time\" content=\"2025-09-22T05:24:47+00:00\" \/>\n<meta property=\"og:image\" content=\"https:\/\/buy-prescriptionz.com\/wp-content\/uploads\/2025\/09\/ketaset.jpeg\" \/>\n\t<meta property=\"og:image:width\" content=\"400\" \/>\n\t<meta property=\"og:image:height\" content=\"300\" \/>\n\t<meta property=\"og:image:type\" content=\"image\/jpeg\" \/>\n<meta name=\"twitter:card\" content=\"summary_large_image\" \/>\n<meta name=\"twitter:label1\" content=\"Tempo estimado de leitura\" \/>\n\t<meta name=\"twitter:data1\" content=\"5 minutos\" \/>\n<script type=\"application\/ld+json\" class=\"yoast-schema-graph\">{\"@context\":\"https:\/\/schema.org\",\"@graph\":[{\"@type\":\"WebPage\",\"@id\":\"https:\/\/buy-prescriptionz.com\/product\/buy-ketaset-online\/\",\"url\":\"https:\/\/buy-prescriptionz.com\/product\/buy-ketaset-online\/\",\"name\":\"Buy Ketaset Online - Ketaset for Sale | Buy-Prescriptionz\",\"isPartOf\":{\"@id\":\"https:\/\/buy-prescriptionz.com\/#website\"},\"primaryImageOfPage\":{\"@id\":\"https:\/\/buy-prescriptionz.com\/product\/buy-ketaset-online\/#primaryimage\"},\"image\":{\"@id\":\"https:\/\/buy-prescriptionz.com\/product\/buy-ketaset-online\/#primaryimage\"},\"thumbnailUrl\":\"https:\/\/buy-prescriptionz.com\/wp-content\/uploads\/2025\/09\/ketaset.jpeg\",\"datePublished\":\"2025-09-16T08:56:11+00:00\",\"dateModified\":\"2025-09-22T05:24:47+00:00\",\"description\":\"Looking to buy Ketaset online at a reasonable price? Visit our reputable online chemical store and get Ketaset for sale today. Place an order now and get the best rate in our store.\",\"breadcrumb\":{\"@id\":\"https:\/\/buy-prescriptionz.com\/product\/buy-ketaset-online\/#breadcrumb\"},\"inLanguage\":\"pt-PT\",\"potentialAction\":[{\"@type\":\"ReadAction\",\"target\":[\"https:\/\/buy-prescriptionz.com\/product\/buy-ketaset-online\/\"]}]},{\"@type\":\"ImageObject\",\"inLanguage\":\"pt-PT\",\"@id\":\"https:\/\/buy-prescriptionz.com\/product\/buy-ketaset-online\/#primaryimage\",\"url\":\"https:\/\/buy-prescriptionz.com\/wp-content\/uploads\/2025\/09\/ketaset.jpeg\",\"contentUrl\":\"https:\/\/buy-prescriptionz.com\/wp-content\/uploads\/2025\/09\/ketaset.jpeg\",\"width\":400,\"height\":300},{\"@type\":\"BreadcrumbList\",\"@id\":\"https:\/\/buy-prescriptionz.com\/product\/buy-ketaset-online\/#breadcrumb\",\"itemListElement\":[{\"@type\":\"ListItem\",\"position\":1,\"name\":\"Home\",\"item\":\"https:\/\/buy-prescriptionz.com\/\"},{\"@type\":\"ListItem\",\"position\":2,\"name\":\"Shop Painkillers Online\",\"item\":\"https:\/\/buy-prescriptionz.com\/shop-painkillers-online\/\"},{\"@type\":\"ListItem\",\"position\":3,\"name\":\"Buy Ketaset Online\"}]},{\"@type\":\"WebSite\",\"@id\":\"https:\/\/buy-prescriptionz.com\/#website\",\"url\":\"https:\/\/buy-prescriptionz.com\/\",\"name\":\"Buy Prescriptionz\",\"description\":\"Drugs Online\",\"publisher\":{\"@id\":\"https:\/\/buy-prescriptionz.com\/#organization\"},\"potentialAction\":[{\"@type\":\"SearchAction\",\"target\":{\"@type\":\"EntryPoint\",\"urlTemplate\":\"https:\/\/buy-prescriptionz.com\/?s={search_term_string}\"},\"query-input\":{\"@type\":\"PropertyValueSpecification\",\"valueRequired\":true,\"valueName\":\"search_term_string\"}}],\"inLanguage\":\"pt-PT\"},{\"@type\":\"Organization\",\"@id\":\"https:\/\/buy-prescriptionz.com\/#organization\",\"name\":\"Buy Prescriptionz\",\"url\":\"https:\/\/buy-prescriptionz.com\/\",\"logo\":{\"@type\":\"ImageObject\",\"inLanguage\":\"pt-PT\",\"@id\":\"https:\/\/buy-prescriptionz.com\/#\/schema\/logo\/image\/\",\"url\":\"https:\/\/buy-prescriptionz.com\/wp-content\/uploads\/2023\/09\/logo.png\",\"contentUrl\":\"https:\/\/buy-prescriptionz.com\/wp-content\/uploads\/2023\/09\/logo.png\",\"width\":350,\"height\":64,\"caption\":\"Buy Prescriptionz\"},\"image\":{\"@id\":\"https:\/\/buy-prescriptionz.com\/#\/schema\/logo\/image\/\"}}]}<\/script>\n<!-- \/ Yoast SEO plugin. -->","yoast_head_json":{"title":"Comprar Ketaset Online - Ketaset em Promo\u00e7\u00e3o | Buy-Prescriptionz","description":"Procura comprar Ketaset online a um pre\u00e7o acess\u00edvel? Visite a nossa conceituada loja online de produtos qu\u00edmicos e adquira hoje mesmo a Ketaset. Fa\u00e7a agora mesmo a sua encomenda e garanta o melhor pre\u00e7o na nossa loja.","robots":{"index":"index","follow":"follow","max-snippet":"max-snippet:-1","max-image-preview":"max-image-preview:large","max-video-preview":"max-video-preview:-1"},"canonical":"https:\/\/buy-prescriptionz.com\/pt_pt\/produto\/comprar-ketaset-online\/","og_locale":"pt_PT","og_type":"article","og_title":"Buy Ketaset Online - Ketaset for Sale | Buy-Prescriptionz","og_description":"Looking to buy Ketaset online at a reasonable price? Visit our reputable online chemical store and get Ketaset for sale today. Place an order now and get the best rate in our store.","og_url":"https:\/\/buy-prescriptionz.com\/pt_pt\/produto\/comprar-ketaset-online\/","og_site_name":"Buy Prescriptionz","article_modified_time":"2025-09-22T05:24:47+00:00","og_image":[{"width":400,"height":300,"url":"https:\/\/buy-prescriptionz.com\/wp-content\/uploads\/2025\/09\/ketaset.jpeg","type":"image\/jpeg"}],"twitter_card":"summary_large_image","twitter_misc":{"Tempo estimado de leitura":"5 minutos"},"schema":{"@context":"https:\/\/schema.org","@graph":[{"@type":"WebPage","@id":"https:\/\/buy-prescriptionz.com\/product\/buy-ketaset-online\/","url":"https:\/\/buy-prescriptionz.com\/product\/buy-ketaset-online\/","name":"Comprar Ketaset Online - Ketaset em Promo\u00e7\u00e3o | Buy-Prescriptionz","isPartOf":{"@id":"https:\/\/buy-prescriptionz.com\/#website"},"primaryImageOfPage":{"@id":"https:\/\/buy-prescriptionz.com\/product\/buy-ketaset-online\/#primaryimage"},"image":{"@id":"https:\/\/buy-prescriptionz.com\/product\/buy-ketaset-online\/#primaryimage"},"thumbnailUrl":"https:\/\/buy-prescriptionz.com\/wp-content\/uploads\/2025\/09\/ketaset.jpeg","datePublished":"2025-09-16T08:56:11+00:00","dateModified":"2025-09-22T05:24:47+00:00","description":"Procura comprar Ketaset online a um pre\u00e7o acess\u00edvel? Visite a nossa conceituada loja online de produtos qu\u00edmicos e adquira hoje mesmo a Ketaset. Fa\u00e7a agora mesmo a sua encomenda e garanta o melhor pre\u00e7o na nossa loja.","breadcrumb":{"@id":"https:\/\/buy-prescriptionz.com\/product\/buy-ketaset-online\/#breadcrumb"},"inLanguage":"pt-PT","potentialAction":[{"@type":"ReadAction","target":["https:\/\/buy-prescriptionz.com\/product\/buy-ketaset-online\/"]}]},{"@type":"ImageObject","inLanguage":"pt-PT","@id":"https:\/\/buy-prescriptionz.com\/product\/buy-ketaset-online\/#primaryimage","url":"https:\/\/buy-prescriptionz.com\/wp-content\/uploads\/2025\/09\/ketaset.jpeg","contentUrl":"https:\/\/buy-prescriptionz.com\/wp-content\/uploads\/2025\/09\/ketaset.jpeg","width":400,"height":300},{"@type":"BreadcrumbList","@id":"https:\/\/buy-prescriptionz.com\/product\/buy-ketaset-online\/#breadcrumb","itemListElement":[{"@type":"ListItem","position":1,"name":"Home","item":"https:\/\/buy-prescriptionz.com\/"},{"@type":"ListItem","position":2,"name":"Shop Painkillers Online","item":"https:\/\/buy-prescriptionz.com\/shop-painkillers-online\/"},{"@type":"ListItem","position":3,"name":"Buy Ketaset Online"}]},{"@type":"WebSite","@id":"https:\/\/buy-prescriptionz.com\/#website","url":"https:\/\/buy-prescriptionz.com\/","name":"Buy Prescriptionz","description":"Drogas Online","publisher":{"@id":"https:\/\/buy-prescriptionz.com\/#organization"},"potentialAction":[{"@type":"SearchAction","target":{"@type":"EntryPoint","urlTemplate":"https:\/\/buy-prescriptionz.com\/?s={search_term_string}"},"query-input":{"@type":"PropertyValueSpecification","valueRequired":true,"valueName":"search_term_string"}}],"inLanguage":"pt-PT"},{"@type":"Organization","@id":"https:\/\/buy-prescriptionz.com\/#organization","name":"Buy Prescriptionz","url":"https:\/\/buy-prescriptionz.com\/","logo":{"@type":"ImageObject","inLanguage":"pt-PT","@id":"https:\/\/buy-prescriptionz.com\/#\/schema\/logo\/image\/","url":"https:\/\/buy-prescriptionz.com\/wp-content\/uploads\/2023\/09\/logo.png","contentUrl":"https:\/\/buy-prescriptionz.com\/wp-content\/uploads\/2023\/09\/logo.png","width":350,"height":64,"caption":"Buy Prescriptionz"},"image":{"@id":"https:\/\/buy-prescriptionz.com\/#\/schema\/logo\/image\/"}}]}},"_links":{"self":[{"href":"https:\/\/buy-prescriptionz.com\/pt_pt\/wp-json\/wp\/v2\/product\/3068","targetHints":{"allow":["GET"]}}],"collection":[{"href":"https:\/\/buy-prescriptionz.com\/pt_pt\/wp-json\/wp\/v2\/product"}],"about":[{"href":"https:\/\/buy-prescriptionz.com\/pt_pt\/wp-json\/wp\/v2\/types\/product"}],"replies":[{"embeddable":true,"href":"https:\/\/buy-prescriptionz.com\/pt_pt\/wp-json\/wp\/v2\/comments?post=3068"}],"wp:featuredmedia":[{"embeddable":true,"href":"https:\/\/buy-prescriptionz.com\/pt_pt\/wp-json\/wp\/v2\/media\/3098"}],"wp:attachment":[{"href":"https:\/\/buy-prescriptionz.com\/pt_pt\/wp-json\/wp\/v2\/media?parent=3068"}],"wp:term":[{"taxonomy":"product_brand","embeddable":true,"href":"https:\/\/buy-prescriptionz.com\/pt_pt\/wp-json\/wp\/v2\/product_brand?post=3068"},{"taxonomy":"product_cat","embeddable":true,"href":"https:\/\/buy-prescriptionz.com\/pt_pt\/wp-json\/wp\/v2\/product_cat?post=3068"},{"taxonomy":"product_tag","embeddable":true,"href":"https:\/\/buy-prescriptionz.com\/pt_pt\/wp-json\/wp\/v2\/product_tag?post=3068"}],"curies":[{"name":"wp","href":"https:\/\/api.w.org\/{rel}","templated":true}]}}