{"id":3069,"date":"2025-09-16T08:56:11","date_gmt":"2025-09-16T08:56:11","guid":{"rendered":"https:\/\/chemsfine.com\/newsite\/?post_type=product&#038;p=3069"},"modified":"2025-09-22T05:22:06","modified_gmt":"2025-09-22T05:22:06","slug":"comprar-injeccao-de-ketalar-online","status":"publish","type":"product","link":"https:\/\/buy-prescriptionz.com\/pt_pt\/produto\/comprar-injeccao-de-ketalar-online\/","title":{"rendered":"Comprar Ketalar Injection Online"},"content":{"rendered":"<h2>Comprar Ketalar Injection Online<\/h2>\n<p>Compre Ketalar Online Sem Receita na Buyprescriptionz.com. A Ketalar Injection produz uma alta abrupta que dura cerca de uma hora. Ela come\u00e7a cerca de 2 a 5 minutos ap\u00f3s a dose ter sido fumada ou engolida. Mas com a inje\u00e7\u00e3o, ela acontece cerca de 30 segundos ap\u00f3s a inje\u00e7\u00e3o ter ocorrido.<\/p>\n<p>A primeira sensa\u00e7\u00e3o de euforia que o utilizador sente \u00e9 uma sensa\u00e7\u00e3o avassaladora de relaxamento, por vezes descrita como um zumbido que percorre todo o corpo. Alguns utilizadores sentem como se estivessem a flutuar, enquanto outros at\u00e9 descrevem a sensa\u00e7\u00e3o como se estivessem fora do corpo. Muitos experimentam alucina\u00e7\u00f5es que podem durar mais tempo do que os efeitos anest\u00e9sicos. Comprar Ketalar online sem receita m\u00e9dica. Doses mais elevadas podem produzir efeitos mais intensos, com os utilizadores a reportarem um distanciamento completo e absoluto dos seus corpos. Os efeitos s\u00e3o semelhantes aos descritos por pessoas que tiveram experi\u00eancias de quase-morte, e s\u00e3o descritos como estando no \"buraco K\".<\/p>\n<h3>O QUE A INJE\u00c7\u00c3O KETALAR PODE FAZER POR SI<\/h3>\n<p>50 mg\/ml Ketalar. Um sedativo geral administrado por inje\u00e7\u00e3o. Este medicamento \u00e9 utilizado por um m\u00e9dico especialista chamado anestesista para fazer com que as pessoas percam temporariamente a consci\u00eancia e a sensibilidade durante grandes cirurgias em ambiente hospitalar. \u00c9 geralmente muito seguro, tem uma a\u00e7\u00e3o bastante r\u00e1pida e permite que o tratamento decorra sem causar dor ou stress.<\/p>\n<h3>COMO UTILIZAR A INJE\u00c7\u00c3O DE KETALAR<\/h3>\n<p>A melhor inje\u00e7\u00e3o de Ketalar ser\u00e1 administrada pelo seu m\u00e9dico ou enfermeiro. Por favor, n\u00e3o se preocupe.<\/p>\n<h3>COMO FUNCIONA A INJE\u00c7\u00c3O<\/h3>\n<p>50 mg\/ml Ketalar. Uma anestesia geral \u00e9 administrada por inje\u00e7\u00e3o. Atua fazendo com que perca a consci\u00eancia por um curto per\u00edodo. Isto permite que as cirurgias sejam realizadas sem dor ou stress.<\/p>\n<h3>EFEITOS SECUND\u00c1RIOS DA INJEC\u00c7\u00c3O DE CLORIDRATO DE CETAMINA<\/h3>\n<p>A droga tem, \u00e9 claro, efeitos colaterais, e estes podem ser bastante profundos. Os efeitos secund\u00e1rios a curto prazo incluem m\u00e1s alucina\u00e7\u00f5es. Como acontece com todas as drogas psicotr\u00f3picas, o prazer da alucina\u00e7\u00e3o depende do estado de esp\u00edrito do usu\u00e1rio, e se o usu\u00e1rio est\u00e1 procurando escapar da infelicidade, as alucina\u00e7\u00f5es provavelmente ser\u00e3o desagrad\u00e1veis. Compre Ketalar Online Sem Prescri\u00e7\u00e3o aqui na nossa drogaria online.<\/p>\n<p><strong>Naturalmente, os efeitos secund\u00e1rios da injec\u00e7\u00e3o de cloridrato de cetamina incluem:<\/strong><\/p>\n<p>Sonol\u00eancia.<br \/>\nAumento do ritmo card\u00edaco.<br \/>\nTens\u00e3o arterial elevada.<br \/>\nGrandes doses de cetamina podem resultar no que alguns descrevem como o \"buraco K\", o que pode incluir alucina\u00e7\u00f5es visuais e auditivas intensas e desagrad\u00e1veis aliadas a uma acentuada desrealiza\u00e7\u00e3o e a um assustador desprendimento da realidade.<\/p>\n<h3>Quanta quantidade de Ketalar devo tomar?<\/h3>\n<p>\u00c9 composto por uma solu\u00e7\u00e3o est\u00e9ril ligeiramente \u00e1cida (pH 3,5\u20135,5) que pode ser injetada por via intravenosa ou intramuscular. Est\u00e1 dispon\u00edvel em concentra\u00e7\u00f5es de 10, 50 ou 100 mg de base de cetamina por mililitro e, como conservante, n\u00e3o \u00e9 adicionado mais de 0,1 mg\/mL de fenerol (cloreto de benzet\u00f3nio). O cloreto de s\u00f3dio foi utilizado para tornar o fluido de 10 mg\/mL isot\u00f3nico. Os doentes precisam de ser monitorizados at\u00e9 que os efeitos secund\u00e1rios desapare\u00e7am. \u00c9 poss\u00edvel que o medicamento cause depend\u00eancia.<\/p>\n<h3>Que outros medicamentos, subst\u00e2ncias ou suplementos funcionam com Ketalar?<\/h3>\n<p>Ketalar pode n\u00e3o funcionar t\u00e3o bem com barbit\u00faricos ou medicamentos. Informe o seu m\u00e9dico sobre todos os medicamentos e vitaminas que toma. Ketalar durante a gravidez e a amamenta\u00e7\u00e3o n\u00e3o deve ser utilizado por mulheres gr\u00e1vidas ou em trabalho de parto e n\u00e3o foi testado em crian\u00e7as com menos de 16 anos. Para obter Ketalar Injet\u00e1vel aut\u00eantico, visite a melhor farm\u00e1cia, Buy-Prescriptionz.com. Fornecem medicamentos de alta qualidade com entrega r\u00e1pida e servi\u00e7o fi\u00e1vel. Confie na Buy-Prescriptionz.com para as suas necessidades m\u00e9dicas e garanta uma fonte segura e fi\u00e1vel de Ketalar Injet\u00e1vel.<\/p>","protected":false},"excerpt":{"rendered":"<p>Buy Ketalar Injection Online Buy Ketalar Online Without Prescription at buy-prescriptionz.com. Ketalar Injection produces an abrupt high that lasts for about an hour. It starts around 2 to 5 minutes after the dose has been smoked or swallowed. But with injection, it happens around 30 seconds after the injection has occurred. The first feeling of [&hellip;]<\/p>","protected":false},"featured_media":3099,"comment_status":"open","ping_status":"closed","template":"","meta":{"site-sidebar-layout":"default","site-content-layout":"","ast-site-content-layout":"default","site-content-style":"default","site-sidebar-style":"default","ast-global-header-display":"","ast-banner-title-visibility":"","ast-main-header-display":"","ast-hfb-above-header-display":"","ast-hfb-below-header-display":"","ast-hfb-mobile-header-display":"","site-post-title":"","ast-breadcrumbs-content":"","ast-featured-img":"","footer-sml-layout":"","theme-transparent-header-meta":"default","adv-header-id-meta":"","stick-header-meta":"","header-above-stick-meta":"","header-main-stick-meta":"","header-below-stick-meta":"","astra-migrate-meta-layouts":"set","ast-page-background-enabled":"default","ast-page-background-meta":{"desktop":{"background-color":"var(--ast-global-color-4)","background-image":"","background-repeat":"repeat","background-position":"center center","background-size":"auto","background-attachment":"scroll","background-type":"","background-media":"","overlay-type":"","overlay-color":"","overlay-opacity":"","overlay-gradient":""},"tablet":{"background-color":"","background-image":"","background-repeat":"repeat","background-position":"center center","background-size":"auto","background-attachment":"scroll","background-type":"","background-media":"","overlay-type":"","overlay-color":"","overlay-opacity":"","overlay-gradient":""},"mobile":{"background-color":"","background-image":"","background-repeat":"repeat","background-position":"center center","background-size":"auto","background-attachment":"scroll","background-type":"","background-media":"","overlay-type":"","overlay-color":"","overlay-opacity":"","overlay-gradient":""}},"ast-content-background-meta":{"desktop":{"background-color":"var(--ast-global-color-5)","background-image":"","background-repeat":"repeat","background-position":"center center","background-size":"auto","background-attachment":"scroll","background-type":"","background-media":"","overlay-type":"","overlay-color":"","overlay-opacity":"","overlay-gradient":""},"tablet":{"background-color":"var(--ast-global-color-5)","background-image":"","background-repeat":"repeat","background-position":"center center","background-size":"auto","background-attachment":"scroll","background-type":"","background-media":"","overlay-type":"","overlay-color":"","overlay-opacity":"","overlay-gradient":""},"mobile":{"background-color":"var(--ast-global-color-5)","background-image":"","background-repeat":"repeat","background-position":"center center","background-size":"auto","background-attachment":"scroll","background-type":"","background-media":"","overlay-type":"","overlay-color":"","overlay-opacity":"","overlay-gradient":""}}},"product_brand":[],"product_cat":[2385],"product_tag":[1063,1064,1062,1057,1060,1059,1058,1061,1056,1055,1066,1065],"class_list":{"0":"post-3069","1":"product","2":"type-product","3":"status-publish","4":"has-post-thumbnail","6":"product_cat-buy-pain-killer-pills-online","7":"product_tag-buy-ketalar-injection-in-canada","8":"product_tag-buy-ketalar-injection-in-uk","9":"product_tag-buy-ketalar-injection-in-usa","10":"product_tag-buy-ketalar-injection-with-bitcoin","11":"product_tag-buy-ketalar-injection-with-credit-card","12":"product_tag-buy-ketalar-injection-with-money-gram","13":"product_tag-buy-ketalar-injection-with-western-union","14":"product_tag-buy-ketalar-injection-without-a-doctor","15":"product_tag-buy-ketalar-injection-without-prescription","16":"product_tag-ketalar-injection-for-sale","17":"product_tag-ketalar-injection-pills","18":"product_tag-ketalar-injection-tablets","19":"desktop-align-center","20":"tablet-align-left","21":"mobile-align-left","23":"first","24":"instock","25":"shipping-taxable","26":"purchasable","27":"product-type-variable","28":"has-default-attributes"},"yoast_head":"<!-- This site is optimized with the Yoast SEO plugin v25.9 - https:\/\/yoast.com\/wordpress\/plugins\/seo\/ -->\n<title>Buy Ketalar Injection Online USA - Buy Ketalar Injection Online for Sale - Buy Prescriptionz<\/title>\n<meta name=\"description\" content=\"Buyprescriptionz.com is an online pharmacy store where you can Buy Ketalar Injection Online at best price without doctor&#039;s prescription. Buy Ketalar Injection Online Now with Free &amp; Secure Shipping!\" \/>\n<meta name=\"robots\" content=\"index, follow, max-snippet:-1, max-image-preview:large, max-video-preview:-1\" \/>\n<link rel=\"canonical\" href=\"https:\/\/buy-prescriptionz.com\/pt_pt\/produto\/comprar-injeccao-de-ketalar-online\/\" \/>\n<meta property=\"og:locale\" content=\"pt_PT\" \/>\n<meta property=\"og:type\" content=\"article\" \/>\n<meta property=\"og:title\" content=\"Buy Ketalar Injection Online USA - Buy Ketalar Injection Online for Sale - Buy Prescriptionz\" \/>\n<meta property=\"og:description\" content=\"Buyprescriptionz.com is an online pharmacy store where you can Buy Ketalar Injection Online at best price without doctor&#039;s prescription. Buy Ketalar Injection Online Now with Free &amp; Secure Shipping!\" \/>\n<meta property=\"og:url\" content=\"https:\/\/buy-prescriptionz.com\/pt_pt\/produto\/comprar-injeccao-de-ketalar-online\/\" \/>\n<meta property=\"og:site_name\" content=\"Buy Prescriptionz\" \/>\n<meta property=\"article:modified_time\" content=\"2025-09-22T05:22:06+00:00\" \/>\n<meta property=\"og:image\" content=\"https:\/\/buy-prescriptionz.com\/wp-content\/uploads\/2025\/09\/ketalar-injection.jpg\" \/>\n\t<meta property=\"og:image:width\" content=\"400\" \/>\n\t<meta property=\"og:image:height\" content=\"300\" \/>\n\t<meta property=\"og:image:type\" content=\"image\/jpeg\" \/>\n<meta name=\"twitter:card\" content=\"summary_large_image\" \/>\n<meta name=\"twitter:label1\" content=\"Tempo estimado de leitura\" \/>\n\t<meta name=\"twitter:data1\" content=\"3 minutos\" \/>\n<script type=\"application\/ld+json\" class=\"yoast-schema-graph\">{\"@context\":\"https:\/\/schema.org\",\"@graph\":[{\"@type\":\"WebPage\",\"@id\":\"https:\/\/buy-prescriptionz.com\/product\/buy-ketalar-injection-online\/\",\"url\":\"https:\/\/buy-prescriptionz.com\/product\/buy-ketalar-injection-online\/\",\"name\":\"Buy Ketalar Injection Online USA - Buy Ketalar Injection Online for Sale - Buy Prescriptionz\",\"isPartOf\":{\"@id\":\"https:\/\/buy-prescriptionz.com\/#website\"},\"primaryImageOfPage\":{\"@id\":\"https:\/\/buy-prescriptionz.com\/product\/buy-ketalar-injection-online\/#primaryimage\"},\"image\":{\"@id\":\"https:\/\/buy-prescriptionz.com\/product\/buy-ketalar-injection-online\/#primaryimage\"},\"thumbnailUrl\":\"https:\/\/buy-prescriptionz.com\/wp-content\/uploads\/2025\/09\/ketalar-injection.jpg\",\"datePublished\":\"2025-09-16T08:56:11+00:00\",\"dateModified\":\"2025-09-22T05:22:06+00:00\",\"description\":\"Buyprescriptionz.com is an online pharmacy store where you can Buy Ketalar Injection Online at best price without doctor's prescription. Buy Ketalar Injection Online Now with Free & Secure Shipping!\",\"breadcrumb\":{\"@id\":\"https:\/\/buy-prescriptionz.com\/product\/buy-ketalar-injection-online\/#breadcrumb\"},\"inLanguage\":\"pt-PT\",\"potentialAction\":[{\"@type\":\"ReadAction\",\"target\":[\"https:\/\/buy-prescriptionz.com\/product\/buy-ketalar-injection-online\/\"]}]},{\"@type\":\"ImageObject\",\"inLanguage\":\"pt-PT\",\"@id\":\"https:\/\/buy-prescriptionz.com\/product\/buy-ketalar-injection-online\/#primaryimage\",\"url\":\"https:\/\/buy-prescriptionz.com\/wp-content\/uploads\/2025\/09\/ketalar-injection.jpg\",\"contentUrl\":\"https:\/\/buy-prescriptionz.com\/wp-content\/uploads\/2025\/09\/ketalar-injection.jpg\",\"width\":400,\"height\":300},{\"@type\":\"BreadcrumbList\",\"@id\":\"https:\/\/buy-prescriptionz.com\/product\/buy-ketalar-injection-online\/#breadcrumb\",\"itemListElement\":[{\"@type\":\"ListItem\",\"position\":1,\"name\":\"Home\",\"item\":\"https:\/\/buy-prescriptionz.com\/\"},{\"@type\":\"ListItem\",\"position\":2,\"name\":\"Shop Painkillers Online\",\"item\":\"https:\/\/buy-prescriptionz.com\/shop-painkillers-online\/\"},{\"@type\":\"ListItem\",\"position\":3,\"name\":\"Buy Ketalar Injection Online\"}]},{\"@type\":\"WebSite\",\"@id\":\"https:\/\/buy-prescriptionz.com\/#website\",\"url\":\"https:\/\/buy-prescriptionz.com\/\",\"name\":\"Buy Prescriptionz\",\"description\":\"Drugs Online\",\"publisher\":{\"@id\":\"https:\/\/buy-prescriptionz.com\/#organization\"},\"potentialAction\":[{\"@type\":\"SearchAction\",\"target\":{\"@type\":\"EntryPoint\",\"urlTemplate\":\"https:\/\/buy-prescriptionz.com\/?s={search_term_string}\"},\"query-input\":{\"@type\":\"PropertyValueSpecification\",\"valueRequired\":true,\"valueName\":\"search_term_string\"}}],\"inLanguage\":\"pt-PT\"},{\"@type\":\"Organization\",\"@id\":\"https:\/\/buy-prescriptionz.com\/#organization\",\"name\":\"Buy Prescriptionz\",\"url\":\"https:\/\/buy-prescriptionz.com\/\",\"logo\":{\"@type\":\"ImageObject\",\"inLanguage\":\"pt-PT\",\"@id\":\"https:\/\/buy-prescriptionz.com\/#\/schema\/logo\/image\/\",\"url\":\"https:\/\/buy-prescriptionz.com\/wp-content\/uploads\/2023\/09\/logo.png\",\"contentUrl\":\"https:\/\/buy-prescriptionz.com\/wp-content\/uploads\/2023\/09\/logo.png\",\"width\":350,\"height\":64,\"caption\":\"Buy Prescriptionz\"},\"image\":{\"@id\":\"https:\/\/buy-prescriptionz.com\/#\/schema\/logo\/image\/\"}}]}<\/script>\n<!-- \/ Yoast SEO plugin. -->","yoast_head_json":{"title":"Comprar injec\u00e7\u00e3o de Ketalar online nos EUA - Comprar injec\u00e7\u00e3o de Ketalar online para venda - Comprar receitas","description":"Buyprescriptionz.com \u00e9 uma farm\u00e1cia online onde voc\u00ea pode Comprar Ketalar Injection Online ao melhor pre\u00e7o sem receita m\u00e9dica. Compre a inje\u00e7\u00e3o de Ketalar em linha agora com o transporte livre &amp; seguro!","robots":{"index":"index","follow":"follow","max-snippet":"max-snippet:-1","max-image-preview":"max-image-preview:large","max-video-preview":"max-video-preview:-1"},"canonical":"https:\/\/buy-prescriptionz.com\/pt_pt\/produto\/comprar-injeccao-de-ketalar-online\/","og_locale":"pt_PT","og_type":"article","og_title":"Buy Ketalar Injection Online USA - Buy Ketalar Injection Online for Sale - Buy Prescriptionz","og_description":"Buyprescriptionz.com is an online pharmacy store where you can Buy Ketalar Injection Online at best price without doctor's prescription. Buy Ketalar Injection Online Now with Free & Secure Shipping!","og_url":"https:\/\/buy-prescriptionz.com\/pt_pt\/produto\/comprar-injeccao-de-ketalar-online\/","og_site_name":"Buy Prescriptionz","article_modified_time":"2025-09-22T05:22:06+00:00","og_image":[{"width":400,"height":300,"url":"https:\/\/buy-prescriptionz.com\/wp-content\/uploads\/2025\/09\/ketalar-injection.jpg","type":"image\/jpeg"}],"twitter_card":"summary_large_image","twitter_misc":{"Tempo estimado de leitura":"3 minutos"},"schema":{"@context":"https:\/\/schema.org","@graph":[{"@type":"WebPage","@id":"https:\/\/buy-prescriptionz.com\/product\/buy-ketalar-injection-online\/","url":"https:\/\/buy-prescriptionz.com\/product\/buy-ketalar-injection-online\/","name":"Comprar injec\u00e7\u00e3o de Ketalar online nos EUA - Comprar injec\u00e7\u00e3o de Ketalar online para venda - Comprar receitas","isPartOf":{"@id":"https:\/\/buy-prescriptionz.com\/#website"},"primaryImageOfPage":{"@id":"https:\/\/buy-prescriptionz.com\/product\/buy-ketalar-injection-online\/#primaryimage"},"image":{"@id":"https:\/\/buy-prescriptionz.com\/product\/buy-ketalar-injection-online\/#primaryimage"},"thumbnailUrl":"https:\/\/buy-prescriptionz.com\/wp-content\/uploads\/2025\/09\/ketalar-injection.jpg","datePublished":"2025-09-16T08:56:11+00:00","dateModified":"2025-09-22T05:22:06+00:00","description":"Buyprescriptionz.com \u00e9 uma farm\u00e1cia online onde voc\u00ea pode Comprar Ketalar Injection Online ao melhor pre\u00e7o sem receita m\u00e9dica. Compre a inje\u00e7\u00e3o de Ketalar em linha agora com o transporte livre &amp; seguro!","breadcrumb":{"@id":"https:\/\/buy-prescriptionz.com\/product\/buy-ketalar-injection-online\/#breadcrumb"},"inLanguage":"pt-PT","potentialAction":[{"@type":"ReadAction","target":["https:\/\/buy-prescriptionz.com\/product\/buy-ketalar-injection-online\/"]}]},{"@type":"ImageObject","inLanguage":"pt-PT","@id":"https:\/\/buy-prescriptionz.com\/product\/buy-ketalar-injection-online\/#primaryimage","url":"https:\/\/buy-prescriptionz.com\/wp-content\/uploads\/2025\/09\/ketalar-injection.jpg","contentUrl":"https:\/\/buy-prescriptionz.com\/wp-content\/uploads\/2025\/09\/ketalar-injection.jpg","width":400,"height":300},{"@type":"BreadcrumbList","@id":"https:\/\/buy-prescriptionz.com\/product\/buy-ketalar-injection-online\/#breadcrumb","itemListElement":[{"@type":"ListItem","position":1,"name":"Home","item":"https:\/\/buy-prescriptionz.com\/"},{"@type":"ListItem","position":2,"name":"Shop Painkillers Online","item":"https:\/\/buy-prescriptionz.com\/shop-painkillers-online\/"},{"@type":"ListItem","position":3,"name":"Buy Ketalar Injection Online"}]},{"@type":"WebSite","@id":"https:\/\/buy-prescriptionz.com\/#website","url":"https:\/\/buy-prescriptionz.com\/","name":"Buy Prescriptionz","description":"Drogas Online","publisher":{"@id":"https:\/\/buy-prescriptionz.com\/#organization"},"potentialAction":[{"@type":"SearchAction","target":{"@type":"EntryPoint","urlTemplate":"https:\/\/buy-prescriptionz.com\/?s={search_term_string}"},"query-input":{"@type":"PropertyValueSpecification","valueRequired":true,"valueName":"search_term_string"}}],"inLanguage":"pt-PT"},{"@type":"Organization","@id":"https:\/\/buy-prescriptionz.com\/#organization","name":"Buy Prescriptionz","url":"https:\/\/buy-prescriptionz.com\/","logo":{"@type":"ImageObject","inLanguage":"pt-PT","@id":"https:\/\/buy-prescriptionz.com\/#\/schema\/logo\/image\/","url":"https:\/\/buy-prescriptionz.com\/wp-content\/uploads\/2023\/09\/logo.png","contentUrl":"https:\/\/buy-prescriptionz.com\/wp-content\/uploads\/2023\/09\/logo.png","width":350,"height":64,"caption":"Buy Prescriptionz"},"image":{"@id":"https:\/\/buy-prescriptionz.com\/#\/schema\/logo\/image\/"}}]}},"_links":{"self":[{"href":"https:\/\/buy-prescriptionz.com\/pt_pt\/wp-json\/wp\/v2\/product\/3069","targetHints":{"allow":["GET"]}}],"collection":[{"href":"https:\/\/buy-prescriptionz.com\/pt_pt\/wp-json\/wp\/v2\/product"}],"about":[{"href":"https:\/\/buy-prescriptionz.com\/pt_pt\/wp-json\/wp\/v2\/types\/product"}],"replies":[{"embeddable":true,"href":"https:\/\/buy-prescriptionz.com\/pt_pt\/wp-json\/wp\/v2\/comments?post=3069"}],"wp:featuredmedia":[{"embeddable":true,"href":"https:\/\/buy-prescriptionz.com\/pt_pt\/wp-json\/wp\/v2\/media\/3099"}],"wp:attachment":[{"href":"https:\/\/buy-prescriptionz.com\/pt_pt\/wp-json\/wp\/v2\/media?parent=3069"}],"wp:term":[{"taxonomy":"product_brand","embeddable":true,"href":"https:\/\/buy-prescriptionz.com\/pt_pt\/wp-json\/wp\/v2\/product_brand?post=3069"},{"taxonomy":"product_cat","embeddable":true,"href":"https:\/\/buy-prescriptionz.com\/pt_pt\/wp-json\/wp\/v2\/product_cat?post=3069"},{"taxonomy":"product_tag","embeddable":true,"href":"https:\/\/buy-prescriptionz.com\/pt_pt\/wp-json\/wp\/v2\/product_tag?post=3069"}],"curies":[{"name":"wp","href":"https:\/\/api.w.org\/{rel}","templated":true}]}}