{"id":3070,"date":"2025-09-16T08:56:11","date_gmt":"2025-09-16T08:56:11","guid":{"rendered":"https:\/\/chemsfine.com\/newsite\/?post_type=product&#038;p=3070"},"modified":"2025-09-22T08:46:34","modified_gmt":"2025-09-22T08:46:34","slug":"comprar-flexeril-online-ciclobenzaprina","status":"publish","type":"product","link":"https:\/\/buy-prescriptionz.com\/pt_pt\/produto\/comprar-flexeril-online-ciclobenzaprina\/","title":{"rendered":"Comprar Flexeril (Cyclobenzaprine) Online"},"content":{"rendered":"<h2>Comprar Flexeril (Cyclobenzaprine) Online<\/h2>\n<h3>O que \u00e9 o Flexeril? Por que raz\u00e3o \u00e9 utilizado?<\/h3>\n<p>O que \u00e9 o Flexeril? Por que ele \u00e9 usado? Comprar Flexeril (ciclobenzaprina) online, Flexeril \u00e9 um medicamento comummente conhecido pela sua marca Cyclobenzaprine. Este medicamento (Flexeril) \u00e9 um calmante muscular do SNC (sistema nervoso central), o que significa que ajuda a relaxar os m\u00fasculos. Flexiril usado para alguma fisioterapia, bem como prescrito pelo m\u00e9dico e ...<\/p>\n<p>Flexeril, conhecido genericamente como Ciclobenzaprina, \u00e9 um relaxante muscular frequentemente prescrito para tratar espasmos musculares. \u00c9 comummente utilizado em conjunto com repouso e fisioterapia para aliviar o desconforto causado por condi\u00e7\u00f5es musculoesquel\u00e9ticas agudas. Ao utilizar Flexeril como parte de um tratamento para relaxamento muscular, ir\u00e1 notar certas altera\u00e7\u00f5es no seu corpo. Os m\u00fasculos extremamente tensos ser\u00e3o relaxados, o que ajudar\u00e1 a acelerar o progresso da sua atividade f\u00edsica. Pode comprar Flexeril online no nosso site a pre\u00e7os acess\u00edveis.<\/p>\n<h3>O que mais n\u00e3o deve ser utilizado com Flexeril?<\/h3>\n<p>Comprar Flexeril online (ciclobenzaprina). Existem certos itens e medicamentos que n\u00e3o devem ser tomados juntamente com Flexeril. Isto porque certos depressores do SNC podem ter efeitos adversos se utilizados em conjunto com Flexeril. Se algu\u00e9m quiser comprar Flexeril online, deve estar ciente destes termos que podem causar problemas. Estes depressores s\u00e3o drogas como as benzodiazepinas, os barbit\u00faricos e o \u00e1lcool.<\/p>\n<p>J\u00e1 referimos que tomar Flexeril de acordo com a dosagem prescrita n\u00e3o lhe far\u00e1 mal. No entanto, tom\u00e1-lo em excesso e sem consultar um m\u00e9dico pode resultar em efeitos nocivos.<\/p>\n<h3>Como usar Flexeril<strong><br \/>\n<\/strong><\/h3>\n<p>Posologia: Siga rigorosamente a prescri\u00e7\u00e3o do seu m\u00e9dico. A dose inicial t\u00edpica \u00e9 de 5 mg, tr\u00eas vezes ao dia, podendo ser ajustada de acordo com a sua resposta e condi\u00e7\u00e3o m\u00e9dica.<\/p>\n<p>Administra\u00e7\u00e3o: Flexeril \u00e9 geralmente tomado por via oral, com ou sem alimentos. \u00c9 ben\u00e9fico tomar o medicamento sempre \u00e0s mesmas horas todos os dias.<\/p>\n<p>Dura\u00e7\u00e3o: Geralmente prescrito para uso de curta dura\u00e7\u00e3o, at\u00e9 2 a 3 semanas, a menos que seja instru\u00eddo de outra forma por um profissional de sa\u00fade.<\/p>\n<p>Flexeril (Ciclobenzaprina) \u00e9 um relaxante muscular eficaz utilizado para aliviar espasmos musculares e dores associadas. Ao considerar comprar Flexeril online, priorize a seguran\u00e7a, consultando um profissional de sa\u00fade, utilizando farm\u00e1cias online fi\u00e1veis \u200b\u200be verificadas, como buy-prescriptionz.com, e seguindo as orienta\u00e7\u00f5es prescritas. Esteja sempre ciente dos potenciais efeitos secund\u00e1rios e intera\u00e7\u00f5es medicamentosas e utilize o medicamento de forma respons\u00e1vel para al\u00edvio a curto prazo.<\/p>\n<h3>Usos do Flexeril<\/h3>\n<p>Espasmos musculares: Flexeril \u00e9 utilizado principalmente para tratar espasmos musculares resultantes de condi\u00e7\u00f5es musculoesquel\u00e9ticas agudas, como distens\u00f5es e entorses.<\/p>\n<p>Al\u00edvio da dor: \u00e9 geralmente utilizado em combina\u00e7\u00e3o com repouso e fisioterapia para aliviar as dores musculares e melhorar a mobilidade.<\/p>\n<p>Usos n\u00e3o indicados: embora n\u00e3o seja comum, por vezes pode ser utilizado n\u00e3o indicado para condi\u00e7\u00f5es como a fibromialgia ou s\u00edndromes de dor cr\u00f3nica, sob a supervis\u00e3o de um profissional de sa\u00fade.<\/p>\n<h3>Considera\u00e7\u00f5es importantes<\/h3>\n<p>Dosagem e utiliza\u00e7\u00e3o: Siga as instru\u00e7\u00f5es de dosagem fornecidas pelo seu m\u00e9dico. N\u00e3o se automedique nem ajuste a dosagem sem aconselhamento m\u00e9dico.<\/p>\n<p>Poss\u00edveis efeitos secund\u00e1rios: Esteja atento a poss\u00edveis efeitos secund\u00e1rios, como sonol\u00eancia, boca seca ou tonturas. Contacte o seu m\u00e9dico se apresentar alguma rea\u00e7\u00e3o adversa.<\/p>\n<p>Armazenamento: Armazene o melhor Flexeril \u00e0 temperatura ambiente, longe da humidade e do calor.<\/p>\n<h3>Efeitos secund\u00e1rios do Flexeril<\/h3>\n<p>Ao comprar Flexeril online, recebe um medicamento prescrito para o tratamento de curta dura\u00e7\u00e3o de casos cr\u00edticos de les\u00e3o muscular, com exerc\u00edcio f\u00edsico e repouso. No entanto, deve saber que, independentemente da dosagem prescrita, um medicamento prescrito nunca est\u00e1 isento de um dos seus aspetos: os efeitos secund\u00e1rios. Podem ocorrer ou n\u00e3o, dependendo da sua ingest\u00e3o, e podem ou n\u00e3o afet\u00e1-lo, dependendo da sua imunidade.<\/p>\n<p><strong>Por isso, \u00e9 melhor saber sobre os efeitos secund\u00e1rios do Flexeril antes de o comprar e come\u00e7ar a tom\u00e1-lo:<\/strong><\/p>\n<p>Aumento do ritmo card\u00edaco.<br \/>\nNausea<br \/>\nDizziness<br \/>\nMunnen b\u00f6rjar torka upprepade g\u00e5nger<br \/>\nHeadache<br \/>\nConfus\u00e3o<\/p>\n<p>Se tomar o medicamento enquanto continua a consumir \u00e1lcool ou outras drogas, mesmo comprando Flexeril online e come\u00e7ando a tom\u00e1-lo sem receita m\u00e9dica, tamb\u00e9m poder\u00e1 ser v\u00edtima de efeitos secund\u00e1rios graves, tais como:<\/p>","protected":false},"excerpt":{"rendered":"<p>Buy Flexeril (Cyclobenzaprine) Online What is Flexeril? Why is it used? Buy Flexeril Online(Cyclobenzaprine), Flexeril is a medication, commonly known by its brand name Cyclobenzaprine. This drug (Flexeril) is a CNS (central nervous system) muscle soothing which means that it helps to get relax your muscles. Flexiril used for some physiotherapy as well as prescribed [&hellip;]<\/p>","protected":false},"featured_media":3100,"comment_status":"open","ping_status":"closed","template":"","meta":{"site-sidebar-layout":"default","site-content-layout":"","ast-site-content-layout":"default","site-content-style":"default","site-sidebar-style":"default","ast-global-header-display":"","ast-banner-title-visibility":"","ast-main-header-display":"","ast-hfb-above-header-display":"","ast-hfb-below-header-display":"","ast-hfb-mobile-header-display":"","site-post-title":"","ast-breadcrumbs-content":"","ast-featured-img":"","footer-sml-layout":"","theme-transparent-header-meta":"default","adv-header-id-meta":"","stick-header-meta":"","header-above-stick-meta":"","header-main-stick-meta":"","header-below-stick-meta":"","astra-migrate-meta-layouts":"set","ast-page-background-enabled":"default","ast-page-background-meta":{"desktop":{"background-color":"var(--ast-global-color-4)","background-image":"","background-repeat":"repeat","background-position":"center center","background-size":"auto","background-attachment":"scroll","background-type":"","background-media":"","overlay-type":"","overlay-color":"","overlay-opacity":"","overlay-gradient":""},"tablet":{"background-color":"","background-image":"","background-repeat":"repeat","background-position":"center center","background-size":"auto","background-attachment":"scroll","background-type":"","background-media":"","overlay-type":"","overlay-color":"","overlay-opacity":"","overlay-gradient":""},"mobile":{"background-color":"","background-image":"","background-repeat":"repeat","background-position":"center center","background-size":"auto","background-attachment":"scroll","background-type":"","background-media":"","overlay-type":"","overlay-color":"","overlay-opacity":"","overlay-gradient":""}},"ast-content-background-meta":{"desktop":{"background-color":"var(--ast-global-color-5)","background-image":"","background-repeat":"repeat","background-position":"center center","background-size":"auto","background-attachment":"scroll","background-type":"","background-media":"","overlay-type":"","overlay-color":"","overlay-opacity":"","overlay-gradient":""},"tablet":{"background-color":"var(--ast-global-color-5)","background-image":"","background-repeat":"repeat","background-position":"center center","background-size":"auto","background-attachment":"scroll","background-type":"","background-media":"","overlay-type":"","overlay-color":"","overlay-opacity":"","overlay-gradient":""},"mobile":{"background-color":"var(--ast-global-color-5)","background-image":"","background-repeat":"repeat","background-position":"center center","background-size":"auto","background-attachment":"scroll","background-type":"","background-media":"","overlay-type":"","overlay-color":"","overlay-opacity":"","overlay-gradient":""}}},"product_brand":[],"product_cat":[2385],"product_tag":[1051,1052,1050,1045,1048,1047,1046,1049,1044,1043,1054,1053],"class_list":{"0":"post-3070","1":"product","2":"type-product","3":"status-publish","4":"has-post-thumbnail","6":"product_cat-buy-pain-killer-pills-online","7":"product_tag-buy-flexeril-cyclobenzaprine-in-canada","8":"product_tag-buy-flexeril-cyclobenzaprine-in-uk","9":"product_tag-buy-flexeril-cyclobenzaprine-in-usa","10":"product_tag-buy-flexeril-cyclobenzaprine-with-bitcoin","11":"product_tag-buy-flexeril-cyclobenzaprine-with-credit-card","12":"product_tag-buy-flexeril-cyclobenzaprine-with-money-gram","13":"product_tag-buy-flexeril-cyclobenzaprine-with-western-union","14":"product_tag-buy-flexeril-cyclobenzaprine-without-a-doctor","15":"product_tag-buy-flexeril-cyclobenzaprine-without-prescription","16":"product_tag-flexeril-cyclobenzaprine-for-sale","17":"product_tag-flexeril-cyclobenzaprine-pills","18":"product_tag-flexeril-cyclobenzaprine-tablets","19":"desktop-align-center","20":"tablet-align-left","21":"mobile-align-left","23":"first","24":"instock","25":"shipping-taxable","26":"purchasable","27":"product-type-variable","28":"has-default-attributes"},"yoast_head":"<!-- This site is optimized with the Yoast SEO plugin v25.9 - https:\/\/yoast.com\/wordpress\/plugins\/seo\/ -->\n<title>Buy Flexeril Online - Flexeril for Sale - Order Flexeril<\/title>\n<meta name=\"description\" content=\"Our online Buy-Prescriptionz store has the best quality Flexeril for sale. If you want to buy Flexeril online, then we can help you from all ends. Order today!\" \/>\n<meta name=\"robots\" content=\"index, follow, max-snippet:-1, max-image-preview:large, max-video-preview:-1\" \/>\n<link rel=\"canonical\" href=\"https:\/\/buy-prescriptionz.com\/pt_pt\/produto\/comprar-flexeril-online-ciclobenzaprina\/\" \/>\n<meta property=\"og:locale\" content=\"pt_PT\" \/>\n<meta property=\"og:type\" content=\"article\" \/>\n<meta property=\"og:title\" content=\"Buy Flexeril Online - Flexeril for Sale - Order Flexeril\" \/>\n<meta property=\"og:description\" content=\"Our online Buy-Prescriptionz store has the best quality Flexeril for sale. If you want to buy Flexeril online, then we can help you from all ends. Order today!\" \/>\n<meta property=\"og:url\" content=\"https:\/\/buy-prescriptionz.com\/pt_pt\/produto\/comprar-flexeril-online-ciclobenzaprina\/\" \/>\n<meta property=\"og:site_name\" content=\"Buy Prescriptionz\" \/>\n<meta property=\"article:modified_time\" content=\"2025-09-22T08:46:34+00:00\" \/>\n<meta property=\"og:image\" content=\"https:\/\/buy-prescriptionz.com\/wp-content\/uploads\/2025\/09\/flexeril-cyclobenzaprine.jpeg\" \/>\n\t<meta property=\"og:image:width\" content=\"400\" \/>\n\t<meta property=\"og:image:height\" content=\"300\" \/>\n\t<meta property=\"og:image:type\" content=\"image\/jpeg\" \/>\n<meta name=\"twitter:card\" content=\"summary_large_image\" \/>\n<meta name=\"twitter:label1\" content=\"Tempo estimado de leitura\" \/>\n\t<meta name=\"twitter:data1\" content=\"4 minutos\" \/>\n<script type=\"application\/ld+json\" class=\"yoast-schema-graph\">{\"@context\":\"https:\/\/schema.org\",\"@graph\":[{\"@type\":\"WebPage\",\"@id\":\"https:\/\/buy-prescriptionz.com\/product\/buy-flexeril-onlinecyclobenzaprine\/\",\"url\":\"https:\/\/buy-prescriptionz.com\/product\/buy-flexeril-onlinecyclobenzaprine\/\",\"name\":\"Buy Flexeril Online - Flexeril for Sale - Order Flexeril\",\"isPartOf\":{\"@id\":\"https:\/\/buy-prescriptionz.com\/#website\"},\"primaryImageOfPage\":{\"@id\":\"https:\/\/buy-prescriptionz.com\/product\/buy-flexeril-onlinecyclobenzaprine\/#primaryimage\"},\"image\":{\"@id\":\"https:\/\/buy-prescriptionz.com\/product\/buy-flexeril-onlinecyclobenzaprine\/#primaryimage\"},\"thumbnailUrl\":\"https:\/\/buy-prescriptionz.com\/wp-content\/uploads\/2025\/09\/flexeril-cyclobenzaprine.jpeg\",\"datePublished\":\"2025-09-16T08:56:11+00:00\",\"dateModified\":\"2025-09-22T08:46:34+00:00\",\"description\":\"Our online Buy-Prescriptionz store has the best quality Flexeril for sale. If you want to buy Flexeril online, then we can help you from all ends. Order today!\",\"breadcrumb\":{\"@id\":\"https:\/\/buy-prescriptionz.com\/product\/buy-flexeril-onlinecyclobenzaprine\/#breadcrumb\"},\"inLanguage\":\"pt-PT\",\"potentialAction\":[{\"@type\":\"ReadAction\",\"target\":[\"https:\/\/buy-prescriptionz.com\/product\/buy-flexeril-onlinecyclobenzaprine\/\"]}]},{\"@type\":\"ImageObject\",\"inLanguage\":\"pt-PT\",\"@id\":\"https:\/\/buy-prescriptionz.com\/product\/buy-flexeril-onlinecyclobenzaprine\/#primaryimage\",\"url\":\"https:\/\/buy-prescriptionz.com\/wp-content\/uploads\/2025\/09\/flexeril-cyclobenzaprine.jpeg\",\"contentUrl\":\"https:\/\/buy-prescriptionz.com\/wp-content\/uploads\/2025\/09\/flexeril-cyclobenzaprine.jpeg\",\"width\":400,\"height\":300},{\"@type\":\"BreadcrumbList\",\"@id\":\"https:\/\/buy-prescriptionz.com\/product\/buy-flexeril-onlinecyclobenzaprine\/#breadcrumb\",\"itemListElement\":[{\"@type\":\"ListItem\",\"position\":1,\"name\":\"Home\",\"item\":\"https:\/\/buy-prescriptionz.com\/\"},{\"@type\":\"ListItem\",\"position\":2,\"name\":\"Shop Painkillers Online\",\"item\":\"https:\/\/buy-prescriptionz.com\/shop-painkillers-online\/\"},{\"@type\":\"ListItem\",\"position\":3,\"name\":\"Buy Flexeril Online(Cyclobenzaprine)\"}]},{\"@type\":\"WebSite\",\"@id\":\"https:\/\/buy-prescriptionz.com\/#website\",\"url\":\"https:\/\/buy-prescriptionz.com\/\",\"name\":\"Buy Prescriptionz\",\"description\":\"Drugs Online\",\"publisher\":{\"@id\":\"https:\/\/buy-prescriptionz.com\/#organization\"},\"potentialAction\":[{\"@type\":\"SearchAction\",\"target\":{\"@type\":\"EntryPoint\",\"urlTemplate\":\"https:\/\/buy-prescriptionz.com\/?s={search_term_string}\"},\"query-input\":{\"@type\":\"PropertyValueSpecification\",\"valueRequired\":true,\"valueName\":\"search_term_string\"}}],\"inLanguage\":\"pt-PT\"},{\"@type\":\"Organization\",\"@id\":\"https:\/\/buy-prescriptionz.com\/#organization\",\"name\":\"Buy Prescriptionz\",\"url\":\"https:\/\/buy-prescriptionz.com\/\",\"logo\":{\"@type\":\"ImageObject\",\"inLanguage\":\"pt-PT\",\"@id\":\"https:\/\/buy-prescriptionz.com\/#\/schema\/logo\/image\/\",\"url\":\"https:\/\/buy-prescriptionz.com\/wp-content\/uploads\/2023\/09\/logo.png\",\"contentUrl\":\"https:\/\/buy-prescriptionz.com\/wp-content\/uploads\/2023\/09\/logo.png\",\"width\":350,\"height\":64,\"caption\":\"Buy Prescriptionz\"},\"image\":{\"@id\":\"https:\/\/buy-prescriptionz.com\/#\/schema\/logo\/image\/\"}}]}<\/script>\n<!-- \/ Yoast SEO plugin. -->","yoast_head_json":{"title":"Comprar Flexeril Online - Flexeril para venda - Encomendar Flexeril","description":"A nossa loja online Buy-Prescriptionz oferece o Flexeril da melhor qualidade. Se pretende comprar Flexeril online, podemos ajudar em todos os aspetos. Encomende hoje mesmo!","robots":{"index":"index","follow":"follow","max-snippet":"max-snippet:-1","max-image-preview":"max-image-preview:large","max-video-preview":"max-video-preview:-1"},"canonical":"https:\/\/buy-prescriptionz.com\/pt_pt\/produto\/comprar-flexeril-online-ciclobenzaprina\/","og_locale":"pt_PT","og_type":"article","og_title":"Buy Flexeril Online - Flexeril for Sale - Order Flexeril","og_description":"Our online Buy-Prescriptionz store has the best quality Flexeril for sale. If you want to buy Flexeril online, then we can help you from all ends. Order today!","og_url":"https:\/\/buy-prescriptionz.com\/pt_pt\/produto\/comprar-flexeril-online-ciclobenzaprina\/","og_site_name":"Buy Prescriptionz","article_modified_time":"2025-09-22T08:46:34+00:00","og_image":[{"width":400,"height":300,"url":"https:\/\/buy-prescriptionz.com\/wp-content\/uploads\/2025\/09\/flexeril-cyclobenzaprine.jpeg","type":"image\/jpeg"}],"twitter_card":"summary_large_image","twitter_misc":{"Tempo estimado de leitura":"4 minutos"},"schema":{"@context":"https:\/\/schema.org","@graph":[{"@type":"WebPage","@id":"https:\/\/buy-prescriptionz.com\/product\/buy-flexeril-onlinecyclobenzaprine\/","url":"https:\/\/buy-prescriptionz.com\/product\/buy-flexeril-onlinecyclobenzaprine\/","name":"Comprar Flexeril Online - Flexeril para venda - Encomendar Flexeril","isPartOf":{"@id":"https:\/\/buy-prescriptionz.com\/#website"},"primaryImageOfPage":{"@id":"https:\/\/buy-prescriptionz.com\/product\/buy-flexeril-onlinecyclobenzaprine\/#primaryimage"},"image":{"@id":"https:\/\/buy-prescriptionz.com\/product\/buy-flexeril-onlinecyclobenzaprine\/#primaryimage"},"thumbnailUrl":"https:\/\/buy-prescriptionz.com\/wp-content\/uploads\/2025\/09\/flexeril-cyclobenzaprine.jpeg","datePublished":"2025-09-16T08:56:11+00:00","dateModified":"2025-09-22T08:46:34+00:00","description":"A nossa loja online Buy-Prescriptionz oferece o Flexeril da melhor qualidade. Se pretende comprar Flexeril online, podemos ajudar em todos os aspetos. Encomende hoje mesmo!","breadcrumb":{"@id":"https:\/\/buy-prescriptionz.com\/product\/buy-flexeril-onlinecyclobenzaprine\/#breadcrumb"},"inLanguage":"pt-PT","potentialAction":[{"@type":"ReadAction","target":["https:\/\/buy-prescriptionz.com\/product\/buy-flexeril-onlinecyclobenzaprine\/"]}]},{"@type":"ImageObject","inLanguage":"pt-PT","@id":"https:\/\/buy-prescriptionz.com\/product\/buy-flexeril-onlinecyclobenzaprine\/#primaryimage","url":"https:\/\/buy-prescriptionz.com\/wp-content\/uploads\/2025\/09\/flexeril-cyclobenzaprine.jpeg","contentUrl":"https:\/\/buy-prescriptionz.com\/wp-content\/uploads\/2025\/09\/flexeril-cyclobenzaprine.jpeg","width":400,"height":300},{"@type":"BreadcrumbList","@id":"https:\/\/buy-prescriptionz.com\/product\/buy-flexeril-onlinecyclobenzaprine\/#breadcrumb","itemListElement":[{"@type":"ListItem","position":1,"name":"Home","item":"https:\/\/buy-prescriptionz.com\/"},{"@type":"ListItem","position":2,"name":"Shop Painkillers Online","item":"https:\/\/buy-prescriptionz.com\/shop-painkillers-online\/"},{"@type":"ListItem","position":3,"name":"Buy Flexeril Online(Cyclobenzaprine)"}]},{"@type":"WebSite","@id":"https:\/\/buy-prescriptionz.com\/#website","url":"https:\/\/buy-prescriptionz.com\/","name":"Buy Prescriptionz","description":"Drogas Online","publisher":{"@id":"https:\/\/buy-prescriptionz.com\/#organization"},"potentialAction":[{"@type":"SearchAction","target":{"@type":"EntryPoint","urlTemplate":"https:\/\/buy-prescriptionz.com\/?s={search_term_string}"},"query-input":{"@type":"PropertyValueSpecification","valueRequired":true,"valueName":"search_term_string"}}],"inLanguage":"pt-PT"},{"@type":"Organization","@id":"https:\/\/buy-prescriptionz.com\/#organization","name":"Buy Prescriptionz","url":"https:\/\/buy-prescriptionz.com\/","logo":{"@type":"ImageObject","inLanguage":"pt-PT","@id":"https:\/\/buy-prescriptionz.com\/#\/schema\/logo\/image\/","url":"https:\/\/buy-prescriptionz.com\/wp-content\/uploads\/2023\/09\/logo.png","contentUrl":"https:\/\/buy-prescriptionz.com\/wp-content\/uploads\/2023\/09\/logo.png","width":350,"height":64,"caption":"Buy Prescriptionz"},"image":{"@id":"https:\/\/buy-prescriptionz.com\/#\/schema\/logo\/image\/"}}]}},"_links":{"self":[{"href":"https:\/\/buy-prescriptionz.com\/pt_pt\/wp-json\/wp\/v2\/product\/3070","targetHints":{"allow":["GET"]}}],"collection":[{"href":"https:\/\/buy-prescriptionz.com\/pt_pt\/wp-json\/wp\/v2\/product"}],"about":[{"href":"https:\/\/buy-prescriptionz.com\/pt_pt\/wp-json\/wp\/v2\/types\/product"}],"replies":[{"embeddable":true,"href":"https:\/\/buy-prescriptionz.com\/pt_pt\/wp-json\/wp\/v2\/comments?post=3070"}],"wp:featuredmedia":[{"embeddable":true,"href":"https:\/\/buy-prescriptionz.com\/pt_pt\/wp-json\/wp\/v2\/media\/3100"}],"wp:attachment":[{"href":"https:\/\/buy-prescriptionz.com\/pt_pt\/wp-json\/wp\/v2\/media?parent=3070"}],"wp:term":[{"taxonomy":"product_brand","embeddable":true,"href":"https:\/\/buy-prescriptionz.com\/pt_pt\/wp-json\/wp\/v2\/product_brand?post=3070"},{"taxonomy":"product_cat","embeddable":true,"href":"https:\/\/buy-prescriptionz.com\/pt_pt\/wp-json\/wp\/v2\/product_cat?post=3070"},{"taxonomy":"product_tag","embeddable":true,"href":"https:\/\/buy-prescriptionz.com\/pt_pt\/wp-json\/wp\/v2\/product_tag?post=3070"}],"curies":[{"name":"wp","href":"https:\/\/api.w.org\/{rel}","templated":true}]}}