{"id":3071,"date":"2025-09-16T08:56:11","date_gmt":"2025-09-16T08:56:11","guid":{"rendered":"https:\/\/chemsfine.com\/newsite\/?post_type=product&#038;p=3071"},"modified":"2025-09-21T12:21:54","modified_gmt":"2025-09-21T12:21:54","slug":"comprar-fioricet-butalbitol-online","status":"publish","type":"product","link":"https:\/\/buy-prescriptionz.com\/pt_pt\/produto\/comprar-fioricet-butalbitol-online\/","title":{"rendered":"Comprar Fioricet (Butalbitol) Online"},"content":{"rendered":"<h2>Comprar Fioricet Online<\/h2>\n<p>Comprar Fioricet (Butalbitol) online. Os pacientes que precisam de receita m\u00e9dica para Fioricet t\u00eam agora a oportunidade de comprar Fioricet online com cart\u00e3o de cr\u00e9dito nos EUA. Comprar Fioricet online \u00e9 muito mais conveniente para o paciente. O paciente n\u00e3o precisa de receita m\u00e9dica pr\u00e9via para poder encomendar Fioricet online atrav\u00e9s da farm\u00e1cia online. A farm\u00e1cia online foi concebida para fornecer medicamentos de alta qualidade aos pacientes com desconto, sem o inc\u00f3modo de ir ao consult\u00f3rio m\u00e9dico. O fioricet \u00e9 apenas um dos muitos medicamentos que n\u00e3o requerem consulta m\u00e9dica para obter uma receita. Comprar Fioricet (Butalbitol) online. Isto significa que o doente nem precisa de sair de casa para obter o medicamento de que necessita.<\/p>\n<p>Fioricet \u00e9 um medicamento combinado que inclui cafe\u00edna, paracetamol e butalbital. \u00c9 utilizado por via oral, conforme necess\u00e1rio, para aliviar dores de cabe\u00e7a de tens\u00e3o, geralmente a cada 4 horas. No entanto, como pode causar depend\u00eancia e agravar as dores de cabe\u00e7a se for utilizado com muita frequ\u00eancia, n\u00e3o \u00e9 recomendado como primeira alternativa. O melhor Fioricet pode tamb\u00e9m ter efeitos adversos, incluindo tonturas e sonol\u00eancia. Existem medicamentos e um xarope oral dispon\u00edveis para este fim.<\/p>\n<p>O butalbital, a cafe\u00edna e o paracetamol est\u00e3o presentes nos comprimidos de Fioricet. O paracetamol \u00e9 um analg\u00e9sico e antipir\u00e9tico. Os barbit\u00faricos s\u00e3o uma classe de medicamentos que inclui o butalbital. Alivia os espasmos musculares que causam a cefaleia de tens\u00e3o. A cafe\u00edna \u00e9 um estimulante do sistema nervoso central. Para aumentar o fluxo sangu\u00edneo, alivia os espasmos musculares dos vasos sangu\u00edneos. Pessoas com dores de cabe\u00e7a de stress (causadas por m\u00fasculos tensos) tomam Fioricet.<\/p>\n<p>Para que um paciente possa adquirir Fioricet online, ter\u00e1 de preencher um question\u00e1rio. O question\u00e1rio far\u00e1 v\u00e1rias perguntas m\u00e9dicas e relacionadas com a sa\u00fade que devem ser respondidas. Ap\u00f3s o doente preencher o question\u00e1rio, poder\u00e1 envi\u00e1-lo para a farm\u00e1cia online. O question\u00e1rio ser\u00e1 enviado para um dos muitos m\u00e9dicos licenciados da farm\u00e1cia online. O m\u00e9dico licenciado analisar\u00e1 o question\u00e1rio e decidir\u00e1 se aprova ou n\u00e3o o pedido. Se o pedido for aprovado, o paciente poder\u00e1 comprar Fioricet barato online. O m\u00e9dico enviar\u00e1 o Fioricet RX online para os farmac\u00eauticos licenciados, que preencher\u00e3o ent\u00e3o o pedido e o enviar\u00e3o para o endere\u00e7o fornecido pelo paciente. Comprar Fioricet (Butalbitol) Online. Os pedidos de medicamentos s\u00e3o geralmente enviados atrav\u00e9s de servi\u00e7os de entrega no dia seguinte, para que o doente n\u00e3o tenha de esperar pelo medicamento de que necessita.<\/p>\n<h3><strong>Comprar Fioricet (Butalbitol) Online<\/strong><\/h3>\n<p>Fioricet \u00e9 um medicamento combinado que inclui cafe\u00edna, paracetamol e butalbital. \u00c9 utilizado por via oral, conforme necess\u00e1rio, para aliviar dores de cabe\u00e7a de tens\u00e3o, geralmente a cada 4 horas. No entanto, como pode causar depend\u00eancia e agravar as dores de cabe\u00e7a se for utilizado com muita frequ\u00eancia, n\u00e3o \u00e9 recomendado como primeira alternativa. O melhor Fioricet pode tamb\u00e9m ter efeitos adversos, incluindo tonturas e sonol\u00eancia. Existem medicamentos e um xarope oral dispon\u00edveis para este fim.<\/p>\n<p>O butalbital, a cafe\u00edna e o paracetamol est\u00e3o presentes nos comprimidos de Fioricet. O paracetamol \u00e9 um analg\u00e9sico e antipir\u00e9tico. Os barbit\u00faricos s\u00e3o uma classe de medicamentos que inclui o butalbital. Alivia os espasmos musculares que causam a cefaleia de tens\u00e3o. A cafe\u00edna \u00e9 um estimulante do sistema nervoso central. Para aumentar o fluxo sangu\u00edneo, alivia os espasmos musculares dos vasos sangu\u00edneos. Pessoas com dores de cabe\u00e7a de stress (causadas por m\u00fasculos tensos) tomam Fioricet.<\/p>\n<p>Avisos<\/p>\n<p>Se tem porfiria ou se utilizou recentemente \u00e1lcool, sedativos, tranquilizantes ou outras drogas narc\u00f3ticas, n\u00e3o deve utilizar Fioricet.<\/p>\n<p>Se tomou um inibidor da MAO nos \u00faltimos 14 dias, n\u00e3o utilize Fioricet. Pode haver uma intera\u00e7\u00e3o medicamentosa de risco. A isocarboxazida, a linezolida, a inje\u00e7\u00e3o de azul de metileno, a fenelzina e a tranilcipromina s\u00e3o exemplos de inibidores da MAO.<\/p>\n<p>N\u00e3o tome mais Fioricet do que o recomendado. As sobredosagens de paracetamol podem prejudicar o f\u00edgado ou mesmo levar \u00e0 morte. Se apresentar algum dos seguintes sintomas: urina escura, fezes cor de barro, n\u00e1useas, desconforto na parte superior do est\u00f4mago, comich\u00e3o, falta de apetite ou icter\u00edcia (amarelamento da pele ou dos olhos), contacte imediatamente o seu m\u00e9dico. Em casos raros, o paracetamol pode causar uma rea\u00e7\u00e3o cut\u00e2nea grave. Se a sua pele ficar vermelha ou se surgir uma erup\u00e7\u00e3o cut\u00e2nea que provoque ardor e descama\u00e7\u00e3o, pare de tomar Fioricet e contacte imediatamente o seu m\u00e9dico.<\/p>\n<p>Fioricet \u00e9 um medicamento eficaz para o al\u00edvio das dores de cabe\u00e7a de tens\u00e3o, combinando paracetamol, butalbital e cafe\u00edna para proporcionar um al\u00edvio completo da dor e relaxamento muscular. Devido aos seus potenciais efeitos secund\u00e1rios e \u00e0 necessidade de uma dosagem adequada, deve ser utilizado com responsabilidade e sob a supervis\u00e3o de um profissional de sa\u00fade. Para um acesso seguro e fi\u00e1vel ao Fioricet, considere comprar na melhor farm\u00e1cia. <a href=\"https:\/\/buy-prescriptionz.com\/pt_pt\/\">buy-prescriptionz.com<\/a>. Siga sempre as orienta\u00e7\u00f5es do seu profissional de sa\u00fade e consulte-o caso tenha alguma d\u00favida ou preocupa\u00e7\u00e3o relativamente \u00e0 sua utiliza\u00e7\u00e3o.<\/p>\n<h3>Avisos<\/h3>\n<p>Se tem porfiria ou se utilizou recentemente \u00e1lcool, sedativos, tranquilizantes ou outras drogas narc\u00f3ticas, n\u00e3o deve utilizar Fioricet.<\/p>\n<p>Se tomou um inibidor da MAO nos \u00faltimos 14 dias, n\u00e3o utilize Fioricet. Pode haver uma intera\u00e7\u00e3o medicamentosa de risco. A isocarboxazida, a linezolida, a inje\u00e7\u00e3o de azul de metileno, a fenelzina e a tranilcipromina s\u00e3o exemplos de inibidores da MAO.<\/p>\n<p>N\u00e3o tome mais Fioricet do que o recomendado. As sobredosagens de paracetamol podem prejudicar o f\u00edgado ou mesmo levar \u00e0 morte. Se apresentar algum dos seguintes sintomas: urina escura, fezes cor de barro, n\u00e1useas, desconforto na parte superior do est\u00f4mago, comich\u00e3o, falta de apetite ou icter\u00edcia (amarelamento da pele ou dos olhos), contacte imediatamente o seu m\u00e9dico. Em casos raros, o paracetamol pode causar uma rea\u00e7\u00e3o cut\u00e2nea grave. Se a sua pele ficar vermelha ou se surgir uma erup\u00e7\u00e3o cut\u00e2nea que provoque ardor e descama\u00e7\u00e3o, pare de tomar Fioricet e contacte imediatamente o seu m\u00e9dico.<\/p>\n<p>Fioricet \u00e9 um medicamento eficaz para o al\u00edvio das dores de cabe\u00e7a de tens\u00e3o, combinando paracetamol, butalbital e cafe\u00edna para proporcionar um al\u00edvio completo da dor e relaxamento muscular. Devido aos seus potenciais efeitos secund\u00e1rios e \u00e0 necessidade de uma dosagem adequada, deve ser utilizado com responsabilidade e sob a supervis\u00e3o de um profissional de sa\u00fade. Para um acesso seguro e fi\u00e1vel ao Fioricet, considere comprar na melhor farm\u00e1cia. <a href=\"https:\/\/buy-prescriptionz.com\/pt_pt\/\">Buy-Prescriptionz.com<\/a>. Siga sempre as orienta\u00e7\u00f5es do seu profissional de sa\u00fade e consulte-o caso tenha alguma d\u00favida ou preocupa\u00e7\u00e3o relativamente \u00e0 sua utiliza\u00e7\u00e3o.<\/p>","protected":false},"excerpt":{"rendered":"<p>Buy Fioricet Online Buy Fioricet (Butalbitol) Online, Patients who need a prescription for Fioricet now have the opportunity to buy fioricet online with credit card in USA. Being able to buy online Fioricet is much more convenient to the patient. The patient does not need a prior prescription for a physician to be able to [&hellip;]<\/p>","protected":false},"featured_media":3101,"comment_status":"open","ping_status":"closed","template":"","meta":{"site-sidebar-layout":"default","site-content-layout":"","ast-site-content-layout":"default","site-content-style":"default","site-sidebar-style":"default","ast-global-header-display":"","ast-banner-title-visibility":"","ast-main-header-display":"","ast-hfb-above-header-display":"","ast-hfb-below-header-display":"","ast-hfb-mobile-header-display":"","site-post-title":"","ast-breadcrumbs-content":"","ast-featured-img":"","footer-sml-layout":"","theme-transparent-header-meta":"default","adv-header-id-meta":"","stick-header-meta":"","header-above-stick-meta":"","header-main-stick-meta":"","header-below-stick-meta":"","astra-migrate-meta-layouts":"set","ast-page-background-enabled":"default","ast-page-background-meta":{"desktop":{"background-color":"var(--ast-global-color-4)","background-image":"","background-repeat":"repeat","background-position":"center center","background-size":"auto","background-attachment":"scroll","background-type":"","background-media":"","overlay-type":"","overlay-color":"","overlay-opacity":"","overlay-gradient":""},"tablet":{"background-color":"","background-image":"","background-repeat":"repeat","background-position":"center center","background-size":"auto","background-attachment":"scroll","background-type":"","background-media":"","overlay-type":"","overlay-color":"","overlay-opacity":"","overlay-gradient":""},"mobile":{"background-color":"","background-image":"","background-repeat":"repeat","background-position":"center center","background-size":"auto","background-attachment":"scroll","background-type":"","background-media":"","overlay-type":"","overlay-color":"","overlay-opacity":"","overlay-gradient":""}},"ast-content-background-meta":{"desktop":{"background-color":"var(--ast-global-color-5)","background-image":"","background-repeat":"repeat","background-position":"center center","background-size":"auto","background-attachment":"scroll","background-type":"","background-media":"","overlay-type":"","overlay-color":"","overlay-opacity":"","overlay-gradient":""},"tablet":{"background-color":"var(--ast-global-color-5)","background-image":"","background-repeat":"repeat","background-position":"center center","background-size":"auto","background-attachment":"scroll","background-type":"","background-media":"","overlay-type":"","overlay-color":"","overlay-opacity":"","overlay-gradient":""},"mobile":{"background-color":"var(--ast-global-color-5)","background-image":"","background-repeat":"repeat","background-position":"center center","background-size":"auto","background-attachment":"scroll","background-type":"","background-media":"","overlay-type":"","overlay-color":"","overlay-opacity":"","overlay-gradient":""}}},"product_brand":[],"product_cat":[2385],"product_tag":[1039,1040,1038,1033,1036,1035,1034,1037,1032,1031,1042,1041],"class_list":{"0":"post-3071","1":"product","2":"type-product","3":"status-publish","4":"has-post-thumbnail","6":"product_cat-buy-pain-killer-pills-online","7":"product_tag-buy-fioricet-butalbitol-in-canada","8":"product_tag-buy-fioricet-butalbitol-in-uk","9":"product_tag-buy-fioricet-butalbitol-in-usa","10":"product_tag-buy-fioricet-butalbitol-with-bitcoin","11":"product_tag-buy-fioricet-butalbitol-with-credit-card","12":"product_tag-buy-fioricet-butalbitol-with-money-gram","13":"product_tag-buy-fioricet-butalbitol-with-western-union","14":"product_tag-buy-fioricet-butalbitol-without-a-doctor","15":"product_tag-buy-fioricet-butalbitol-without-prescription","16":"product_tag-fioricet-butalbitol-for-sale","17":"product_tag-fioricet-butalbitol-pills","18":"product_tag-fioricet-butalbitol-tablets","19":"desktop-align-center","20":"tablet-align-left","21":"mobile-align-left","23":"first","24":"instock","25":"shipping-taxable","26":"purchasable","27":"product-type-variable","28":"has-default-attributes"},"yoast_head":"<!-- This site is optimized with the Yoast SEO plugin v25.9 - https:\/\/yoast.com\/wordpress\/plugins\/seo\/ -->\n<title>Buy Fioricet (Butalbitol) Online , Online USA - Fioricet for Sale<\/title>\n<meta name=\"description\" content=\"Buy Fioricet (Butalbitol) Online at best price without doctor&#039;s prescription. Buy Fioricet (Butalbitol) Online, buy-prescriptionz.com ,\" \/>\n<meta name=\"robots\" content=\"index, follow, max-snippet:-1, max-image-preview:large, max-video-preview:-1\" \/>\n<link rel=\"canonical\" href=\"https:\/\/buy-prescriptionz.com\/pt_pt\/produto\/comprar-fioricet-butalbitol-online\/\" \/>\n<meta property=\"og:locale\" content=\"pt_PT\" \/>\n<meta property=\"og:type\" content=\"article\" \/>\n<meta property=\"og:title\" content=\"Buy Fioricet (Butalbitol) Online , Online USA - Fioricet for Sale\" \/>\n<meta property=\"og:description\" content=\"Buy Fioricet (Butalbitol) Online at best price without doctor&#039;s prescription. Buy Fioricet (Butalbitol) Online, buy-prescriptionz.com ,\" \/>\n<meta property=\"og:url\" content=\"https:\/\/buy-prescriptionz.com\/pt_pt\/produto\/comprar-fioricet-butalbitol-online\/\" \/>\n<meta property=\"og:site_name\" content=\"Buy Prescriptionz\" \/>\n<meta property=\"article:modified_time\" content=\"2025-09-21T12:21:54+00:00\" \/>\n<meta property=\"og:image\" content=\"https:\/\/buy-prescriptionz.com\/wp-content\/uploads\/2025\/09\/fioricet-butalbitol.jpg\" \/>\n\t<meta property=\"og:image:width\" content=\"400\" \/>\n\t<meta property=\"og:image:height\" content=\"300\" \/>\n\t<meta property=\"og:image:type\" content=\"image\/jpeg\" \/>\n<meta name=\"twitter:card\" content=\"summary_large_image\" \/>\n<meta name=\"twitter:label1\" content=\"Tempo estimado de leitura\" \/>\n\t<meta name=\"twitter:data1\" content=\"5 minutos\" \/>\n<script type=\"application\/ld+json\" class=\"yoast-schema-graph\">{\"@context\":\"https:\/\/schema.org\",\"@graph\":[{\"@type\":\"WebPage\",\"@id\":\"https:\/\/buy-prescriptionz.com\/product\/buy-fioricet-butalbitol-online\/\",\"url\":\"https:\/\/buy-prescriptionz.com\/product\/buy-fioricet-butalbitol-online\/\",\"name\":\"Buy Fioricet (Butalbitol) Online , Online USA - Fioricet for Sale\",\"isPartOf\":{\"@id\":\"https:\/\/buy-prescriptionz.com\/#website\"},\"primaryImageOfPage\":{\"@id\":\"https:\/\/buy-prescriptionz.com\/product\/buy-fioricet-butalbitol-online\/#primaryimage\"},\"image\":{\"@id\":\"https:\/\/buy-prescriptionz.com\/product\/buy-fioricet-butalbitol-online\/#primaryimage\"},\"thumbnailUrl\":\"https:\/\/buy-prescriptionz.com\/wp-content\/uploads\/2025\/09\/fioricet-butalbitol.jpg\",\"datePublished\":\"2025-09-16T08:56:11+00:00\",\"dateModified\":\"2025-09-21T12:21:54+00:00\",\"description\":\"Buy Fioricet (Butalbitol) Online at best price without doctor's prescription. Buy Fioricet (Butalbitol) Online, buy-prescriptionz.com ,\",\"breadcrumb\":{\"@id\":\"https:\/\/buy-prescriptionz.com\/product\/buy-fioricet-butalbitol-online\/#breadcrumb\"},\"inLanguage\":\"pt-PT\",\"potentialAction\":[{\"@type\":\"ReadAction\",\"target\":[\"https:\/\/buy-prescriptionz.com\/product\/buy-fioricet-butalbitol-online\/\"]}]},{\"@type\":\"ImageObject\",\"inLanguage\":\"pt-PT\",\"@id\":\"https:\/\/buy-prescriptionz.com\/product\/buy-fioricet-butalbitol-online\/#primaryimage\",\"url\":\"https:\/\/buy-prescriptionz.com\/wp-content\/uploads\/2025\/09\/fioricet-butalbitol.jpg\",\"contentUrl\":\"https:\/\/buy-prescriptionz.com\/wp-content\/uploads\/2025\/09\/fioricet-butalbitol.jpg\",\"width\":400,\"height\":300},{\"@type\":\"BreadcrumbList\",\"@id\":\"https:\/\/buy-prescriptionz.com\/product\/buy-fioricet-butalbitol-online\/#breadcrumb\",\"itemListElement\":[{\"@type\":\"ListItem\",\"position\":1,\"name\":\"Home\",\"item\":\"https:\/\/buy-prescriptionz.com\/\"},{\"@type\":\"ListItem\",\"position\":2,\"name\":\"Shop Painkillers Online\",\"item\":\"https:\/\/buy-prescriptionz.com\/shop-painkillers-online\/\"},{\"@type\":\"ListItem\",\"position\":3,\"name\":\"Buy Fioricet (Butalbitol) Online\"}]},{\"@type\":\"WebSite\",\"@id\":\"https:\/\/buy-prescriptionz.com\/#website\",\"url\":\"https:\/\/buy-prescriptionz.com\/\",\"name\":\"Buy Prescriptionz\",\"description\":\"Drugs Online\",\"publisher\":{\"@id\":\"https:\/\/buy-prescriptionz.com\/#organization\"},\"potentialAction\":[{\"@type\":\"SearchAction\",\"target\":{\"@type\":\"EntryPoint\",\"urlTemplate\":\"https:\/\/buy-prescriptionz.com\/?s={search_term_string}\"},\"query-input\":{\"@type\":\"PropertyValueSpecification\",\"valueRequired\":true,\"valueName\":\"search_term_string\"}}],\"inLanguage\":\"pt-PT\"},{\"@type\":\"Organization\",\"@id\":\"https:\/\/buy-prescriptionz.com\/#organization\",\"name\":\"Buy Prescriptionz\",\"url\":\"https:\/\/buy-prescriptionz.com\/\",\"logo\":{\"@type\":\"ImageObject\",\"inLanguage\":\"pt-PT\",\"@id\":\"https:\/\/buy-prescriptionz.com\/#\/schema\/logo\/image\/\",\"url\":\"https:\/\/buy-prescriptionz.com\/wp-content\/uploads\/2023\/09\/logo.png\",\"contentUrl\":\"https:\/\/buy-prescriptionz.com\/wp-content\/uploads\/2023\/09\/logo.png\",\"width\":350,\"height\":64,\"caption\":\"Buy Prescriptionz\"},\"image\":{\"@id\":\"https:\/\/buy-prescriptionz.com\/#\/schema\/logo\/image\/\"}}]}<\/script>\n<!-- \/ Yoast SEO plugin. -->","yoast_head_json":{"title":"Comprar Fioricet (Butalbitol) online, online nos EUA - Fioricet em promo\u00e7\u00e3o","description":"Buy Fioricet (Butalbitol) Online at best price without doctor's prescription. Buy Fioricet (Butalbitol) Online, buy-prescriptionz.com ,","robots":{"index":"index","follow":"follow","max-snippet":"max-snippet:-1","max-image-preview":"max-image-preview:large","max-video-preview":"max-video-preview:-1"},"canonical":"https:\/\/buy-prescriptionz.com\/pt_pt\/produto\/comprar-fioricet-butalbitol-online\/","og_locale":"pt_PT","og_type":"article","og_title":"Buy Fioricet (Butalbitol) Online , Online USA - Fioricet for Sale","og_description":"Buy Fioricet (Butalbitol) Online at best price without doctor's prescription. Buy Fioricet (Butalbitol) Online, buy-prescriptionz.com ,","og_url":"https:\/\/buy-prescriptionz.com\/pt_pt\/produto\/comprar-fioricet-butalbitol-online\/","og_site_name":"Buy Prescriptionz","article_modified_time":"2025-09-21T12:21:54+00:00","og_image":[{"width":400,"height":300,"url":"https:\/\/buy-prescriptionz.com\/wp-content\/uploads\/2025\/09\/fioricet-butalbitol.jpg","type":"image\/jpeg"}],"twitter_card":"summary_large_image","twitter_misc":{"Tempo estimado de leitura":"5 minutos"},"schema":{"@context":"https:\/\/schema.org","@graph":[{"@type":"WebPage","@id":"https:\/\/buy-prescriptionz.com\/product\/buy-fioricet-butalbitol-online\/","url":"https:\/\/buy-prescriptionz.com\/product\/buy-fioricet-butalbitol-online\/","name":"Comprar Fioricet (Butalbitol) online, online nos EUA - Fioricet em promo\u00e7\u00e3o","isPartOf":{"@id":"https:\/\/buy-prescriptionz.com\/#website"},"primaryImageOfPage":{"@id":"https:\/\/buy-prescriptionz.com\/product\/buy-fioricet-butalbitol-online\/#primaryimage"},"image":{"@id":"https:\/\/buy-prescriptionz.com\/product\/buy-fioricet-butalbitol-online\/#primaryimage"},"thumbnailUrl":"https:\/\/buy-prescriptionz.com\/wp-content\/uploads\/2025\/09\/fioricet-butalbitol.jpg","datePublished":"2025-09-16T08:56:11+00:00","dateModified":"2025-09-21T12:21:54+00:00","description":"Buy Fioricet (Butalbitol) Online at best price without doctor's prescription. Buy Fioricet (Butalbitol) Online, buy-prescriptionz.com ,","breadcrumb":{"@id":"https:\/\/buy-prescriptionz.com\/product\/buy-fioricet-butalbitol-online\/#breadcrumb"},"inLanguage":"pt-PT","potentialAction":[{"@type":"ReadAction","target":["https:\/\/buy-prescriptionz.com\/product\/buy-fioricet-butalbitol-online\/"]}]},{"@type":"ImageObject","inLanguage":"pt-PT","@id":"https:\/\/buy-prescriptionz.com\/product\/buy-fioricet-butalbitol-online\/#primaryimage","url":"https:\/\/buy-prescriptionz.com\/wp-content\/uploads\/2025\/09\/fioricet-butalbitol.jpg","contentUrl":"https:\/\/buy-prescriptionz.com\/wp-content\/uploads\/2025\/09\/fioricet-butalbitol.jpg","width":400,"height":300},{"@type":"BreadcrumbList","@id":"https:\/\/buy-prescriptionz.com\/product\/buy-fioricet-butalbitol-online\/#breadcrumb","itemListElement":[{"@type":"ListItem","position":1,"name":"Home","item":"https:\/\/buy-prescriptionz.com\/"},{"@type":"ListItem","position":2,"name":"Shop Painkillers Online","item":"https:\/\/buy-prescriptionz.com\/shop-painkillers-online\/"},{"@type":"ListItem","position":3,"name":"Buy Fioricet (Butalbitol) Online"}]},{"@type":"WebSite","@id":"https:\/\/buy-prescriptionz.com\/#website","url":"https:\/\/buy-prescriptionz.com\/","name":"Buy Prescriptionz","description":"Drogas Online","publisher":{"@id":"https:\/\/buy-prescriptionz.com\/#organization"},"potentialAction":[{"@type":"SearchAction","target":{"@type":"EntryPoint","urlTemplate":"https:\/\/buy-prescriptionz.com\/?s={search_term_string}"},"query-input":{"@type":"PropertyValueSpecification","valueRequired":true,"valueName":"search_term_string"}}],"inLanguage":"pt-PT"},{"@type":"Organization","@id":"https:\/\/buy-prescriptionz.com\/#organization","name":"Buy Prescriptionz","url":"https:\/\/buy-prescriptionz.com\/","logo":{"@type":"ImageObject","inLanguage":"pt-PT","@id":"https:\/\/buy-prescriptionz.com\/#\/schema\/logo\/image\/","url":"https:\/\/buy-prescriptionz.com\/wp-content\/uploads\/2023\/09\/logo.png","contentUrl":"https:\/\/buy-prescriptionz.com\/wp-content\/uploads\/2023\/09\/logo.png","width":350,"height":64,"caption":"Buy Prescriptionz"},"image":{"@id":"https:\/\/buy-prescriptionz.com\/#\/schema\/logo\/image\/"}}]}},"_links":{"self":[{"href":"https:\/\/buy-prescriptionz.com\/pt_pt\/wp-json\/wp\/v2\/product\/3071","targetHints":{"allow":["GET"]}}],"collection":[{"href":"https:\/\/buy-prescriptionz.com\/pt_pt\/wp-json\/wp\/v2\/product"}],"about":[{"href":"https:\/\/buy-prescriptionz.com\/pt_pt\/wp-json\/wp\/v2\/types\/product"}],"replies":[{"embeddable":true,"href":"https:\/\/buy-prescriptionz.com\/pt_pt\/wp-json\/wp\/v2\/comments?post=3071"}],"wp:featuredmedia":[{"embeddable":true,"href":"https:\/\/buy-prescriptionz.com\/pt_pt\/wp-json\/wp\/v2\/media\/3101"}],"wp:attachment":[{"href":"https:\/\/buy-prescriptionz.com\/pt_pt\/wp-json\/wp\/v2\/media?parent=3071"}],"wp:term":[{"taxonomy":"product_brand","embeddable":true,"href":"https:\/\/buy-prescriptionz.com\/pt_pt\/wp-json\/wp\/v2\/product_brand?post=3071"},{"taxonomy":"product_cat","embeddable":true,"href":"https:\/\/buy-prescriptionz.com\/pt_pt\/wp-json\/wp\/v2\/product_cat?post=3071"},{"taxonomy":"product_tag","embeddable":true,"href":"https:\/\/buy-prescriptionz.com\/pt_pt\/wp-json\/wp\/v2\/product_tag?post=3071"}],"curies":[{"name":"wp","href":"https:\/\/api.w.org\/{rel}","templated":true}]}}