{"id":3102,"date":"2025-09-16T08:56:24","date_gmt":"2025-09-16T08:56:24","guid":{"rendered":"https:\/\/chemsfine.com\/newsite\/?post_type=product&#038;p=3102"},"modified":"2025-09-16T08:58:25","modified_gmt":"2025-09-16T08:58:25","slug":"comprar-dormicum-online","status":"publish","type":"product","link":"https:\/\/buy-prescriptionz.com\/pt_pt\/produto\/comprar-dormicum-online\/","title":{"rendered":"Comprar Dormicum Online"},"content":{"rendered":"<h2>Comprar arganazes online | arganaz para venda<\/h2>\n<p>Dormicum is a drug that contains the active ingredient midazolam. It&#8217;s one of a class of drugs known as benzodiazepines. It is used to treat insomnia and to help patients prepare for surgery. It&#8217;s a fast-acting hypnotic with a short biological half-life, and it comes in two dosages (Dormicum 15mg and Dormicum 7.5mg). The tablets successfully reduced sleep onset time in many controlled trials as well as in the sleep lab. It means that by taking the proper Dormicum dosage for sleep, you can extend your sleep time without compromising your REM sleep. As a result, sleep efficiency improves.<\/p>\n<p>You may fall asleep within 20 minutes after taking Dormicum, and the duration of your sleep will automatically adjust to match your age-related sleep patterns. Because Midazolam, the active ingredient in Dormicum, has anxiolytic, anticonvulsant, muscle relaxant, and sedative characteristics, you won&#8217;t notice any performance impairments when you wake up.<\/p>\n<h3>Dormicum Online<\/h3>\n<p>Buy dormicum online |dormicum on sale | dormicum , Midazolam is a sleep aid with a rapid start of action, a short half-life in the body, and effective, consistent, and simple administration. DORMICUM has also been found in clinical studies and laboratory tests to abbreviate sleep onset and prolong sleep duration without causing quantitative alterations in paradoxical sleep (REM). In typically, the time between taking Dormicum and falling asleep is less than 20 minutes, and the sleep returns to normal after that. The patient feels refreshed and rested when he or she wakes up.<br \/>\nSecond, you can order Midazolam (Dormicum) 15mg pills online from us; we have high-quality Midazolam (Dormicum) 15mg pills. Without a prescription, buy Midazolam (Dormicum) 15mg online.<br \/>\nBest Online Without Prescription Site sells Midazolam (Lorazepam) 15mg.<br \/>\n15mg Midazolam (Dormicum)<br \/>\nMidazolam (Dormicum) 15mg Pills of Superior Quality<br \/>\nDelivery to any country in the world<br \/>\nPackaging that is unobtrusive<br \/>\nSupport is available 24\/7.<br \/>\nGuaranteed 100% Customer Satisfaction<br \/>\nComprar Midazolam online (Dormicum) 15mg no melhor site online sem receita m\u00e9dica.<\/p>\n<div>\n<div class=\"b_factrow\">Propofol<\/div>\n<\/div>\n<div>\n<div class=\"b_factrow\">Lorazepam<\/div>\n<\/div>\n<div>\n<div class=\"b_factrow\">Fentanyl<\/div>\n<\/div>\n<div>\n<div class=\"b_factrow\">Diazepam<\/div>\n<\/div>\n<div>\n<div class=\"b_factrow\">Cetamina<\/div>\n<div>\n<h3>Vis\u00e3o geral<\/h3>\n<p>Dormicum 15 mg \u00e9 um medicamento eficaz para o tratamento de curta dura\u00e7\u00e3o de ins\u00f3nias e ansiedade graves antes de cirurgias. Deve ser utilizado sob supervis\u00e3o m\u00e9dica devido \u00e0 sua pot\u00eancia e potenciais efeitos secund\u00e1rios.<\/p>\n<p>O maleato de midazolam encontra-se em comprimidos de Dormicum, enquanto o cloridrato de midazolam se encontra em ampolas.<br \/>\nComo excipientes, cada ampola inclui tamb\u00e9m hidr\u00f3xido de s\u00f3dio, \u00e1cido clor\u00eddrico, cloreto de s\u00f3dio e \u00e1gua para inje\u00e7\u00e3o.<br \/>\nO midazolam \u00e9 8-cloro-6-(2-fluorofenil)-1-metil-4H-imidazo[1,5-a][1,4] benzodiazepina.<\/p>\n<h3><strong>Sinais e Usos <\/strong><\/h3>\n<p>Comprimido: Como ajuda tempor\u00e1ria para dormir. Apenas as perturba\u00e7\u00f5es graves que deixem uma pessoa incapacitada ou em grande sofrimento devem ser tratadas com benzodiazepinas. Antes de cirurgias ou tratamentos de diagn\u00f3stico, a seda\u00e7\u00e3o \u00e9 utilizada como pr\u00e9-medica\u00e7\u00e3o.<br \/>\nAmpoule: Inducing conscious sedation, either with or without local anesthetic (IV injection), prior to diagnostic or therapeutic treatments.<br \/>\nPremedication prior to anesthetic induction (intranasal or rectal in youngsters).<br \/>\nIndu\u00e7\u00e3o e manuten\u00e7\u00e3o da anestesia: como sedativo em anestesia mista, como anestesia intravenosa completa (inje\u00e7\u00e3o intravenosa, infus\u00e3o intravenosa) ou como medicamento de indu\u00e7\u00e3o em anestesia inalat\u00f3ria.<br \/>\nNos jovens, ataralgesia combinada com cetamina (administra\u00e7\u00e3o IM).<br \/>\ntratamento sedativo prolongado em unidades de cuidados intensivos (IV administrado como infus\u00e3o cont\u00ednua ou como inje\u00e7\u00e3o em b\u00f3lus).<\/p>\n<p>Para uma fonte fi\u00e1vel, considere comprar Dormicum 15 mg em Buy-Prescriptionz.com. Oferecem medicamentos genu\u00ednos com entrega r\u00e1pida e excelente servi\u00e7o ao cliente. Garanta um tratamento seguro e eficaz, escolhendo a melhor farm\u00e1cia, como a Buy-Prescriptionz.com.<\/p>\n<\/div>\n<\/div>\n<h2>Empregos<\/h2>\n<p>This medicine is utilized as a part of kids before a methodology or anesthesia to cause sleepiness, diminish tension, and reason distraction of the surgery or method. It ought to be utilized while the kid is under the consideration of a wellbeing proficient. It is not for home or long haul use. midazolam has a place with a class of drugs called benzodiazepines, which process a quieting impact on the cerebrum and nerves (focal sensory system). It is thought to work by expanding the impact of a certain regular concoction (GABA) in the brain. This pill might likewise be utilized fleeting for slumber issues (e.g., inconvenience resting, \u201cnight dread\u201d)<\/p>\n<p><strong>N\u00d3S OFERECEMOS SERVI\u00c7OS NO EXTERIOR COM TRANSPORTE SEGURO \u00c0 SUA PORTA!<\/strong><\/p>\n<p>Furthermore, You Can Make Payment Via Credit &amp; Debit Card.<br \/>\nEMS\/USPS Express Discreet Trackable Delivery worldwide Range.<br \/>\nHow do we send packages?<br \/>\nMoreover, We pack the packages carefully with tungsten and carbon papers to skip through customs x-ray machines at airports.<br \/>\nFinally, you can<\/p>\n<p>Buy Dormicum Online, you can purchase Dormicum 15mg online here without portrayal at shoddy rate. we are the best USA online solid pharmacy.<\/p>\n<p>can i buy midazolam<br \/>\ndormicum where to buy<\/p>\n<h3>To relax before operation, take 15mg of Domicum Midazolam.<\/h3>\n<p><strong>Introduction<\/strong>:<\/p>\n<p>Dormicum Midazolam 15mg \u00e9 um relaxante muscular e calmante utilizado em crian\u00e7as antes de um procedimento ou anestesia para promover a sonol\u00eancia, reduzir a ansiedade e tornar a cirurgia ou procedimento esquec\u00edvel. \u00c9 um narc\u00f3tico com caracter\u00edsticas amn\u00e9sicas. Este medicamento \u00e9 \u00fanico neste grupo porque os seus efeitos s\u00e3o breves e imediatos. Este medicamento \u00fanico pode ser utilizado numa variedade de cen\u00e1rios biom\u00e9dicos, incluindo procedimentos m\u00e9dicos cardiovasculares, dent\u00e1rios e sistemas endosc\u00f3picos. Deve ser utilizado enquanto a crian\u00e7a estiver sob a supervis\u00e3o de um m\u00e9dico. N\u00e3o se destina a ser utilizado em casa ou por um longo per\u00edodo de tempo. O midazolam pertence \u00e0 classe dos medicamentos benzodiazep\u00ednicos, que t\u00eam um efeito calmante no c\u00e9rebro e nos nervos, tamb\u00e9m conhecido como sistema nervoso central. Acredita-se que a sua fun\u00e7\u00e3o \u00e9 potenciar os efeitos de uma subst\u00e2ncia qu\u00edmica natural no c\u00e9rebro.<\/p>\n<p>&nbsp;<\/p>","protected":false},"excerpt":{"rendered":"<p><strong>Dormicum<\/strong>\u00a0(Midazolam) 7,5mg p\u00edlulas\/comprimidos:\u00a0<strong>Dormicum<\/strong>\u00a0(Midazolam) \u00c9 usado antes de uma cirurgia ou\u00a0<strong>m\u00e9dico<\/strong>\u00a0testes para te deixar sonolento, sonolento, ou relaxado. Pertence a uma classe de drogas chamada benzodiazepinas. PRE\u00c7O\/TABLETO.\u00a0<strong>Dormicum<\/strong>\u00a0(Midazolam) 15 mg de quantidade.<\/p>","protected":false},"featured_media":3132,"comment_status":"open","ping_status":"closed","template":"","meta":{"site-sidebar-layout":"default","site-content-layout":"","ast-site-content-layout":"default","site-content-style":"default","site-sidebar-style":"default","ast-global-header-display":"","ast-banner-title-visibility":"","ast-main-header-display":"","ast-hfb-above-header-display":"","ast-hfb-below-header-display":"","ast-hfb-mobile-header-display":"","site-post-title":"","ast-breadcrumbs-content":"","ast-featured-img":"","footer-sml-layout":"","theme-transparent-header-meta":"default","adv-header-id-meta":"","stick-header-meta":"","header-above-stick-meta":"","header-main-stick-meta":"","header-below-stick-meta":"","astra-migrate-meta-layouts":"","ast-page-background-enabled":"default","ast-page-background-meta":{"desktop":{"background-color":"var(--ast-global-color-4)","background-image":"","background-repeat":"repeat","background-position":"center center","background-size":"auto","background-attachment":"scroll","background-type":"","background-media":"","overlay-type":"","overlay-color":"","overlay-opacity":"","overlay-gradient":""},"tablet":{"background-color":"","background-image":"","background-repeat":"repeat","background-position":"center center","background-size":"auto","background-attachment":"scroll","background-type":"","background-media":"","overlay-type":"","overlay-color":"","overlay-opacity":"","overlay-gradient":""},"mobile":{"background-color":"","background-image":"","background-repeat":"repeat","background-position":"center center","background-size":"auto","background-attachment":"scroll","background-type":"","background-media":"","overlay-type":"","overlay-color":"","overlay-opacity":"","overlay-gradient":""}},"ast-content-background-meta":{"desktop":{"background-color":"var(--ast-global-color-5)","background-image":"","background-repeat":"repeat","background-position":"center center","background-size":"auto","background-attachment":"scroll","background-type":"","background-media":"","overlay-type":"","overlay-color":"","overlay-opacity":"","overlay-gradient":""},"tablet":{"background-color":"var(--ast-global-color-5)","background-image":"","background-repeat":"repeat","background-position":"center center","background-size":"auto","background-attachment":"scroll","background-type":"","background-media":"","overlay-type":"","overlay-color":"","overlay-opacity":"","overlay-gradient":""},"mobile":{"background-color":"var(--ast-global-color-5)","background-image":"","background-repeat":"repeat","background-position":"center center","background-size":"auto","background-attachment":"scroll","background-type":"","background-media":"","overlay-type":"","overlay-color":"","overlay-opacity":"","overlay-gradient":""}}},"product_brand":[],"product_cat":[2385],"product_tag":[2313,1015,1016,1014,1009,1012,1011,1010,1013,1008,2314,2312,1007,1018,1017],"class_list":{"0":"post-3102","1":"product","2":"type-product","3":"status-publish","4":"has-post-thumbnail","6":"product_cat-buy-pain-killer-pills-online","7":"product_tag-buy-dormicum","8":"product_tag-buy-dormicum-in-canada","9":"product_tag-buy-dormicum-in-uk","10":"product_tag-buy-dormicum-in-usa","11":"product_tag-buy-dormicum-with-bitcoin","12":"product_tag-buy-dormicum-with-credit-card","13":"product_tag-buy-dormicum-with-money-gram","14":"product_tag-buy-dormicum-with-western-union","15":"product_tag-buy-dormicum-without-a-doctor","16":"product_tag-buy-dormicum-without-prescription","17":"product_tag-dormicum-15mg-price","18":"product_tag-dormicum-15mg-sleeping-tablets","19":"product_tag-dormicum-for-sale","20":"product_tag-dormicum-pills","21":"product_tag-dormicum-tablets","22":"desktop-align-center","23":"tablet-align-left","24":"mobile-align-left","26":"first","27":"instock","28":"shipping-taxable","29":"purchasable","30":"product-type-variable","31":"has-default-attributes"},"yoast_head":"<!-- This site is optimized with the Yoast SEO plugin v25.9 - https:\/\/yoast.com\/wordpress\/plugins\/seo\/ -->\n<title>Buy Dormicum Online - Dormicum for Sale<\/title>\n<meta name=\"description\" content=\"If you want to buy Dormicum online, then visit our online store buy-prescriptionz. We have high-quality products like Dormicum for sale. Place your order now!\" \/>\n<meta name=\"robots\" content=\"index, follow, max-snippet:-1, max-image-preview:large, max-video-preview:-1\" \/>\n<link rel=\"canonical\" href=\"https:\/\/buy-prescriptionz.com\/pt_pt\/produto\/comprar-dormicum-online\/\" \/>\n<meta property=\"og:locale\" content=\"pt_PT\" \/>\n<meta property=\"og:type\" content=\"article\" \/>\n<meta property=\"og:title\" content=\"Buy Dormicum Online - Dormicum for Sale\" \/>\n<meta property=\"og:description\" content=\"If you want to buy Dormicum online, then visit our online store buy-prescriptionz. We have high-quality products like Dormicum for sale. Place your order now!\" \/>\n<meta property=\"og:url\" content=\"https:\/\/buy-prescriptionz.com\/pt_pt\/produto\/comprar-dormicum-online\/\" \/>\n<meta property=\"og:site_name\" content=\"Buy Prescriptionz\" \/>\n<meta property=\"article:modified_time\" content=\"2025-09-16T08:58:25+00:00\" \/>\n<meta property=\"og:image\" content=\"https:\/\/buy-prescriptionz.com\/wp-content\/uploads\/2025\/09\/dormicum.jpg\" \/>\n\t<meta property=\"og:image:width\" content=\"400\" \/>\n\t<meta property=\"og:image:height\" content=\"300\" \/>\n\t<meta property=\"og:image:type\" content=\"image\/jpeg\" \/>\n<meta name=\"twitter:card\" content=\"summary_large_image\" \/>\n<meta name=\"twitter:label1\" content=\"Tempo estimado de leitura\" \/>\n\t<meta name=\"twitter:data1\" content=\"5 minutos\" \/>\n<script type=\"application\/ld+json\" class=\"yoast-schema-graph\">{\"@context\":\"https:\/\/schema.org\",\"@graph\":[{\"@type\":\"WebPage\",\"@id\":\"https:\/\/buy-prescriptionz.com\/product\/buy-dormicum-online\/\",\"url\":\"https:\/\/buy-prescriptionz.com\/product\/buy-dormicum-online\/\",\"name\":\"Buy Dormicum Online - Dormicum for Sale\",\"isPartOf\":{\"@id\":\"https:\/\/buy-prescriptionz.com\/#website\"},\"primaryImageOfPage\":{\"@id\":\"https:\/\/buy-prescriptionz.com\/product\/buy-dormicum-online\/#primaryimage\"},\"image\":{\"@id\":\"https:\/\/buy-prescriptionz.com\/product\/buy-dormicum-online\/#primaryimage\"},\"thumbnailUrl\":\"https:\/\/buy-prescriptionz.com\/wp-content\/uploads\/2025\/09\/dormicum.jpg\",\"datePublished\":\"2025-09-16T08:56:24+00:00\",\"dateModified\":\"2025-09-16T08:58:25+00:00\",\"description\":\"If you want to buy Dormicum online, then visit our online store buy-prescriptionz. We have high-quality products like Dormicum for sale. Place your order now!\",\"breadcrumb\":{\"@id\":\"https:\/\/buy-prescriptionz.com\/product\/buy-dormicum-online\/#breadcrumb\"},\"inLanguage\":\"pt-PT\",\"potentialAction\":[{\"@type\":\"ReadAction\",\"target\":[\"https:\/\/buy-prescriptionz.com\/product\/buy-dormicum-online\/\"]}]},{\"@type\":\"ImageObject\",\"inLanguage\":\"pt-PT\",\"@id\":\"https:\/\/buy-prescriptionz.com\/product\/buy-dormicum-online\/#primaryimage\",\"url\":\"https:\/\/buy-prescriptionz.com\/wp-content\/uploads\/2025\/09\/dormicum.jpg\",\"contentUrl\":\"https:\/\/buy-prescriptionz.com\/wp-content\/uploads\/2025\/09\/dormicum.jpg\",\"width\":400,\"height\":300},{\"@type\":\"BreadcrumbList\",\"@id\":\"https:\/\/buy-prescriptionz.com\/product\/buy-dormicum-online\/#breadcrumb\",\"itemListElement\":[{\"@type\":\"ListItem\",\"position\":1,\"name\":\"Home\",\"item\":\"https:\/\/buy-prescriptionz.com\/\"},{\"@type\":\"ListItem\",\"position\":2,\"name\":\"Shop Painkillers Online\",\"item\":\"https:\/\/buy-prescriptionz.com\/shop-painkillers-online\/\"},{\"@type\":\"ListItem\",\"position\":3,\"name\":\"Buy Dormicum Online\"}]},{\"@type\":\"WebSite\",\"@id\":\"https:\/\/buy-prescriptionz.com\/#website\",\"url\":\"https:\/\/buy-prescriptionz.com\/\",\"name\":\"Buy Prescriptionz\",\"description\":\"Drugs Online\",\"publisher\":{\"@id\":\"https:\/\/buy-prescriptionz.com\/#organization\"},\"potentialAction\":[{\"@type\":\"SearchAction\",\"target\":{\"@type\":\"EntryPoint\",\"urlTemplate\":\"https:\/\/buy-prescriptionz.com\/?s={search_term_string}\"},\"query-input\":{\"@type\":\"PropertyValueSpecification\",\"valueRequired\":true,\"valueName\":\"search_term_string\"}}],\"inLanguage\":\"pt-PT\"},{\"@type\":\"Organization\",\"@id\":\"https:\/\/buy-prescriptionz.com\/#organization\",\"name\":\"Buy Prescriptionz\",\"url\":\"https:\/\/buy-prescriptionz.com\/\",\"logo\":{\"@type\":\"ImageObject\",\"inLanguage\":\"pt-PT\",\"@id\":\"https:\/\/buy-prescriptionz.com\/#\/schema\/logo\/image\/\",\"url\":\"https:\/\/buy-prescriptionz.com\/wp-content\/uploads\/2023\/09\/logo.png\",\"contentUrl\":\"https:\/\/buy-prescriptionz.com\/wp-content\/uploads\/2023\/09\/logo.png\",\"width\":350,\"height\":64,\"caption\":\"Buy Prescriptionz\"},\"image\":{\"@id\":\"https:\/\/buy-prescriptionz.com\/#\/schema\/logo\/image\/\"}}]}<\/script>\n<!-- \/ Yoast SEO plugin. -->","yoast_head_json":{"title":"Comprar Dormicum Online - Dormicum para venda","description":"Se pretende comprar Dormicum online, visite a nossa loja virtual buy-prescriptionz. Temos produtos de alta qualidade como Dormicum para venda. Fa\u00e7a j\u00e1 o seu pedido!","robots":{"index":"index","follow":"follow","max-snippet":"max-snippet:-1","max-image-preview":"max-image-preview:large","max-video-preview":"max-video-preview:-1"},"canonical":"https:\/\/buy-prescriptionz.com\/pt_pt\/produto\/comprar-dormicum-online\/","og_locale":"pt_PT","og_type":"article","og_title":"Buy Dormicum Online - Dormicum for Sale","og_description":"If you want to buy Dormicum online, then visit our online store buy-prescriptionz. We have high-quality products like Dormicum for sale. Place your order now!","og_url":"https:\/\/buy-prescriptionz.com\/pt_pt\/produto\/comprar-dormicum-online\/","og_site_name":"Buy Prescriptionz","article_modified_time":"2025-09-16T08:58:25+00:00","og_image":[{"width":400,"height":300,"url":"https:\/\/buy-prescriptionz.com\/wp-content\/uploads\/2025\/09\/dormicum.jpg","type":"image\/jpeg"}],"twitter_card":"summary_large_image","twitter_misc":{"Tempo estimado de leitura":"5 minutos"},"schema":{"@context":"https:\/\/schema.org","@graph":[{"@type":"WebPage","@id":"https:\/\/buy-prescriptionz.com\/product\/buy-dormicum-online\/","url":"https:\/\/buy-prescriptionz.com\/product\/buy-dormicum-online\/","name":"Comprar Dormicum Online - Dormicum para venda","isPartOf":{"@id":"https:\/\/buy-prescriptionz.com\/#website"},"primaryImageOfPage":{"@id":"https:\/\/buy-prescriptionz.com\/product\/buy-dormicum-online\/#primaryimage"},"image":{"@id":"https:\/\/buy-prescriptionz.com\/product\/buy-dormicum-online\/#primaryimage"},"thumbnailUrl":"https:\/\/buy-prescriptionz.com\/wp-content\/uploads\/2025\/09\/dormicum.jpg","datePublished":"2025-09-16T08:56:24+00:00","dateModified":"2025-09-16T08:58:25+00:00","description":"Se pretende comprar Dormicum online, visite a nossa loja virtual buy-prescriptionz. Temos produtos de alta qualidade como Dormicum para venda. Fa\u00e7a j\u00e1 o seu pedido!","breadcrumb":{"@id":"https:\/\/buy-prescriptionz.com\/product\/buy-dormicum-online\/#breadcrumb"},"inLanguage":"pt-PT","potentialAction":[{"@type":"ReadAction","target":["https:\/\/buy-prescriptionz.com\/product\/buy-dormicum-online\/"]}]},{"@type":"ImageObject","inLanguage":"pt-PT","@id":"https:\/\/buy-prescriptionz.com\/product\/buy-dormicum-online\/#primaryimage","url":"https:\/\/buy-prescriptionz.com\/wp-content\/uploads\/2025\/09\/dormicum.jpg","contentUrl":"https:\/\/buy-prescriptionz.com\/wp-content\/uploads\/2025\/09\/dormicum.jpg","width":400,"height":300},{"@type":"BreadcrumbList","@id":"https:\/\/buy-prescriptionz.com\/product\/buy-dormicum-online\/#breadcrumb","itemListElement":[{"@type":"ListItem","position":1,"name":"Home","item":"https:\/\/buy-prescriptionz.com\/"},{"@type":"ListItem","position":2,"name":"Shop Painkillers Online","item":"https:\/\/buy-prescriptionz.com\/shop-painkillers-online\/"},{"@type":"ListItem","position":3,"name":"Buy Dormicum Online"}]},{"@type":"WebSite","@id":"https:\/\/buy-prescriptionz.com\/#website","url":"https:\/\/buy-prescriptionz.com\/","name":"Buy Prescriptionz","description":"Drogas Online","publisher":{"@id":"https:\/\/buy-prescriptionz.com\/#organization"},"potentialAction":[{"@type":"SearchAction","target":{"@type":"EntryPoint","urlTemplate":"https:\/\/buy-prescriptionz.com\/?s={search_term_string}"},"query-input":{"@type":"PropertyValueSpecification","valueRequired":true,"valueName":"search_term_string"}}],"inLanguage":"pt-PT"},{"@type":"Organization","@id":"https:\/\/buy-prescriptionz.com\/#organization","name":"Buy Prescriptionz","url":"https:\/\/buy-prescriptionz.com\/","logo":{"@type":"ImageObject","inLanguage":"pt-PT","@id":"https:\/\/buy-prescriptionz.com\/#\/schema\/logo\/image\/","url":"https:\/\/buy-prescriptionz.com\/wp-content\/uploads\/2023\/09\/logo.png","contentUrl":"https:\/\/buy-prescriptionz.com\/wp-content\/uploads\/2023\/09\/logo.png","width":350,"height":64,"caption":"Buy Prescriptionz"},"image":{"@id":"https:\/\/buy-prescriptionz.com\/#\/schema\/logo\/image\/"}}]}},"_links":{"self":[{"href":"https:\/\/buy-prescriptionz.com\/pt_pt\/wp-json\/wp\/v2\/product\/3102","targetHints":{"allow":["GET"]}}],"collection":[{"href":"https:\/\/buy-prescriptionz.com\/pt_pt\/wp-json\/wp\/v2\/product"}],"about":[{"href":"https:\/\/buy-prescriptionz.com\/pt_pt\/wp-json\/wp\/v2\/types\/product"}],"replies":[{"embeddable":true,"href":"https:\/\/buy-prescriptionz.com\/pt_pt\/wp-json\/wp\/v2\/comments?post=3102"}],"wp:featuredmedia":[{"embeddable":true,"href":"https:\/\/buy-prescriptionz.com\/pt_pt\/wp-json\/wp\/v2\/media\/3132"}],"wp:attachment":[{"href":"https:\/\/buy-prescriptionz.com\/pt_pt\/wp-json\/wp\/v2\/media?parent=3102"}],"wp:term":[{"taxonomy":"product_brand","embeddable":true,"href":"https:\/\/buy-prescriptionz.com\/pt_pt\/wp-json\/wp\/v2\/product_brand?post=3102"},{"taxonomy":"product_cat","embeddable":true,"href":"https:\/\/buy-prescriptionz.com\/pt_pt\/wp-json\/wp\/v2\/product_cat?post=3102"},{"taxonomy":"product_tag","embeddable":true,"href":"https:\/\/buy-prescriptionz.com\/pt_pt\/wp-json\/wp\/v2\/product_tag?post=3102"}],"curies":[{"name":"wp","href":"https:\/\/api.w.org\/{rel}","templated":true}]}}