{"id":3108,"date":"2025-09-16T08:56:25","date_gmt":"2025-09-16T08:56:25","guid":{"rendered":"https:\/\/chemsfine.com\/newsite\/?post_type=product&#038;p=3108"},"modified":"2025-09-17T05:04:07","modified_gmt":"2025-09-17T05:04:07","slug":"comprar-dexarace-20-ml-para-venda","status":"publish","type":"product","link":"https:\/\/buy-prescriptionz.com\/pt_pt\/produto\/comprar-dexarace-20-ml-para-venda\/","title":{"rendered":"Comprar Dexarace 20 ml Para Venda"},"content":{"rendered":"<h2>Comprar Dexacortyl 20ml online<\/h2>\n<p>Experimente os benef\u00edcios do Dexarace Plus e a conveni\u00eancia do Buy-Prescriptionz.com hoje mesmo. Aumente o seu desempenho, melhore a sua recupera\u00e7\u00e3o e promova o seu bem-estar geral com o Dexarace Plus. N\u00e3o hesite em contactar-nos se precisar de mais informa\u00e7\u00f5es ou de um or\u00e7amento personalizado.<\/p>\n<h3>O que \u00e9 o Dexarace Plus?<\/h3>\n<p>Dexarace Plus \u00e9 um suplemento alimentar desenvolvido para melhorar o desempenho f\u00edsico, auxiliar no crescimento muscular, aumentar os n\u00edveis de energia e promover o bem-estar geral. \u00c9 frequentemente utilizado por atletas, entusiastas do fitness e indiv\u00edduos que procuram melhorar a sua resist\u00eancia e recupera\u00e7\u00e3o ap\u00f3s atividades f\u00edsicas intensas. Para al\u00e9m dos benef\u00edcios f\u00edsicos, o Dexarace Plus pode tamb\u00e9m ajudar na clareza mental e no foco, tornando-se um suplemento vers\u00e1til para o corpo e para a mente. Os seus ingredientes incluem, geralmente, uma mistura de vitaminas, minerais, amino\u00e1cidos e outros nutrientes que atuam em conjunto para promover diversos aspetos da sa\u00fade e do desempenho.<\/p>\n<h3><strong>Comprar Dexarace 20 ml Para Venda<\/strong><strong>\u00a0<\/strong><\/h3>\n<p>Experimente os benef\u00edcios do Dexarace Plus e a conveni\u00eancia do Buy-Prescriptionz.com hoje mesmo. Aumente o seu desempenho, melhore a sua recupera\u00e7\u00e3o e promova o seu bem-estar geral com o Dexarace Plus. N\u00e3o hesite em contactar-nos se precisar de mais informa\u00e7\u00f5es ou de um or\u00e7amento personalizado.<\/p>\n<h3><strong>O que \u00e9 o Dexarace Plus?<\/strong><\/h3>\n<p>Dexarace Plus \u00e9 um suplemento alimentar desenvolvido para melhorar o desempenho f\u00edsico, auxiliar no crescimento muscular, aumentar os n\u00edveis de energia e promover o bem-estar geral. \u00c9 frequentemente utilizado por atletas, entusiastas do fitness e indiv\u00edduos que procuram melhorar a sua resist\u00eancia e recupera\u00e7\u00e3o ap\u00f3s atividades f\u00edsicas intensas. Para al\u00e9m dos benef\u00edcios f\u00edsicos, o Dexarace Plus pode tamb\u00e9m ajudar na clareza mental e no foco, tornando-se um suplemento vers\u00e1til para o corpo e para a mente. Os seus ingredientes incluem, geralmente, uma mistura de vitaminas, minerais, amino\u00e1cidos e outros nutrientes que atuam em conjunto para promover diversos aspetos da sa\u00fade e do desempenho.<\/p>\n<p><strong>Porque deve comprar Dexarace Plus?<\/strong><br \/>\nHet bevat cyanocobalamine, wat werkt als een spierversterker en beter werkt in combinatie met dexa wanneer het in de zes uur voor de race wordt gebruikt. Het is een dexa die bedoeld is om v\u00f3\u00f3r een race te worden gebruikt en de farmacokinetiek zorgt ervoor dat het binnen zes uur via urine en bloed uit het lichaam kan worden verwijderd.<\/p>\n<p>Uma das melhores farm\u00e1cias, a Buy-Prescriptionz.com oferece pre\u00e7os muito baixos na compra online de Dexarace Plus 20ml. Somos um fornecedor leg\u00edtimo e eficaz de medicamentos para fitness e equita\u00e7\u00e3o. Temos os melhores pre\u00e7os do mercado e um grande desconto para quem compra em grandes quantidades. O envio e a embalagem s\u00e3o muito discretos e n\u00e3o s\u00e3o detetados pela alf\u00e2ndega ou pela pol\u00edcia. Entrega por correio a\u00e9reo normal e r\u00e1pido at\u00e9 dois a tr\u00eas dias \u00fateis ap\u00f3s o envio do pacote.<\/p>\n<p><strong>Comprar Dexarace 20 ml em promo\u00e7\u00e3o, comprar Dexacortyl 100ml <\/strong><strong>Informa\u00e7\u00e3o cl\u00ednica<\/strong><br \/>\nTarget species:<br \/>\nEquine, Camel, cattle, goats and pigs.<br \/>\nIndications for use, specifying the target species:<br \/>\nEm cavalos, bovinos, caprinos, porcos, c\u00e3es e gatos:<br \/>\n- Tratamento de condi\u00e7\u00f5es inflamat\u00f3rias, al\u00e9rgicas ou de choque.<br \/>\nEm gado bovino e caprino:<br \/>\n- Tratamento da cetose prim\u00e1ria (acetonemia, toxemia da gravidez).<br \/>\n- Indu\u00e7\u00e3o de pari\u00e7\u00e3o.<br \/>\n- Tratamento dos estados inflamat\u00f3rios osteoarticulares.<\/p>\n<p><strong>Cons-indica\u00e7\u00f5es<\/strong><\/p>\n<p>N\u00e3o usar em animais que sofrem de diabetes mellitus, hiperadrenocorticismo, insufici\u00eancia renal e insufici\u00eancia card\u00edaca ou que sofram de \u00falceras p\u00e9pticas.<br \/>\nN\u00e3o use em animais com doen\u00e7as infecciosas, a menos que uma terapia anti-infecciosa apropriada seja administrada ao mesmo tempo.<\/p>\n<p><strong>Advert\u00eancias especiais para cada esp\u00e9cie alvo<\/strong><\/p>\n<p>Nos cavalos e nos camelos, a dexametasona deve ser utilizada apenas no in\u00edcio da doen\u00e7a, durante a laminite. Consulte a sec\u00e7\u00e3o \u201cUtiliza\u00e7\u00e3o em caso de gesta\u00e7\u00e3o, lacta\u00e7\u00e3o ou postura\u201d.<\/p>\n<h3>Porque deve comprar Dexarace Plus?<\/h3>\n<p>Cont\u00e9m cianocobalamina, que atua como estimulante muscular e funciona melhor com o dexa quando utilizado nas seis horas que antecedem a corrida. \u00c9 um dexa indicado para uso antes da corrida, e a sua farmacocin\u00e9tica significa que pode ser eliminado do organismo em 6 horas atrav\u00e9s da urina e do sangue.<\/p>\n<p>Uma das melhores farm\u00e1cias, a Buy-Prescriptionz.com oferece pre\u00e7os muito baixos na compra online de Dexarace Plus 20ml. Somos um fornecedor leg\u00edtimo e eficaz de medicamentos para fitness e equita\u00e7\u00e3o. Temos os melhores pre\u00e7os do mercado e um grande desconto para quem compra em grandes quantidades. O envio e a embalagem s\u00e3o muito discretos e n\u00e3o s\u00e3o detetados pela alf\u00e2ndega ou pela pol\u00edcia. Entrega por correio a\u00e9reo normal e r\u00e1pido at\u00e9 dois a tr\u00eas dias \u00fateis ap\u00f3s o envio do pacote.<\/p>\n<h6><strong>Comprar Dexarace 20 ml Para Venda<\/strong><\/h6>\n<p>#Dexacortyl 100ml \/ #Vetacortyl 5ml \/ #Fluvet 50ml \/ #Synedem 25ml \/ #Edemax 30ml\/ #Dexametasona 10ml \/ #Abhayrab 0.5ml \/ #Equicistan 100ml \/ #Fructosa C 100ml \/ #Overxicam 50ml\/ #Fatrocortin 100ml \/ #Chromactiv 100ml \/ #ATP -2 50ml \/ #Atox Prix 50ml \/ #Niglumine 50ml<\/p>\n<h5>Comprar Dexarace 20 ml Para Venda<\/h5>\n<p>#Caliercortin 50ml \/ #Fructosa 50R 100ml \/ #Dexa 2 100ml \/ #Cortametasona 50ml \/ #Hepagen 100ml\/ #Ornitil 100ml \/ #Coromin 20ml \/ #Genixine 100ml \/ #ITPP 60ml \/ #Pentosan Platinum 18ml\/ #Pentosan Gold 50ml \/ #Pentosan 50ml \/ #Ozone 100ml \/ #Ketoprofen 50ml \/ #Jurosenic 100ml\/ #DMG 100ml \/ #Clenbuterol 50ml \/ #Adrenal Cortex 100ml \/ #Pentosan Platinum 18ml \/ #F.A.F 100ml\/ #Mitachondral 100ml \/ #Bronquial Dilator 60ml \/ #Enerselen 100ml \/ #Blast Off Red 10ml \/ #Blast Off Extreme 30ml \/ #Python 10ml \/ #Dexacare 50ml \/ #Super Shot 10ml \/ #Predef 2X 100ml \/ #C\u00f3rtex Adrenal 50ml<\/p>\n<p>&nbsp;<\/p>","protected":false},"excerpt":{"rendered":"<p>Buy Dexacortyl 20ml online The best place to buy Dexarace Plus online Experience the benefits of Dexarace Plus and the convenience of Buy-Prescriptionz.com today. Boost your performance, enhance your recovery, and promote your overall wellness with Dexarace Plus. Do not be afraid to get in touch with us if you need more information or a [&hellip;]<\/p>","protected":false},"featured_media":3138,"comment_status":"open","ping_status":"closed","template":"","meta":{"site-sidebar-layout":"default","site-content-layout":"","ast-site-content-layout":"default","site-content-style":"default","site-sidebar-style":"default","ast-global-header-display":"","ast-banner-title-visibility":"","ast-main-header-display":"","ast-hfb-above-header-display":"","ast-hfb-below-header-display":"","ast-hfb-mobile-header-display":"","site-post-title":"","ast-breadcrumbs-content":"","ast-featured-img":"","footer-sml-layout":"","theme-transparent-header-meta":"default","adv-header-id-meta":"","stick-header-meta":"","header-above-stick-meta":"","header-main-stick-meta":"","header-below-stick-meta":"","astra-migrate-meta-layouts":"set","ast-page-background-enabled":"default","ast-page-background-meta":{"desktop":{"background-color":"var(--ast-global-color-4)","background-image":"","background-repeat":"repeat","background-position":"center center","background-size":"auto","background-attachment":"scroll","background-type":"","background-media":"","overlay-type":"","overlay-color":"","overlay-opacity":"","overlay-gradient":""},"tablet":{"background-color":"","background-image":"","background-repeat":"repeat","background-position":"center center","background-size":"auto","background-attachment":"scroll","background-type":"","background-media":"","overlay-type":"","overlay-color":"","overlay-opacity":"","overlay-gradient":""},"mobile":{"background-color":"","background-image":"","background-repeat":"repeat","background-position":"center center","background-size":"auto","background-attachment":"scroll","background-type":"","background-media":"","overlay-type":"","overlay-color":"","overlay-opacity":"","overlay-gradient":""}},"ast-content-background-meta":{"desktop":{"background-color":"var(--ast-global-color-5)","background-image":"","background-repeat":"repeat","background-position":"center center","background-size":"auto","background-attachment":"scroll","background-type":"","background-media":"","overlay-type":"","overlay-color":"","overlay-opacity":"","overlay-gradient":""},"tablet":{"background-color":"var(--ast-global-color-5)","background-image":"","background-repeat":"repeat","background-position":"center center","background-size":"auto","background-attachment":"scroll","background-type":"","background-media":"","overlay-type":"","overlay-color":"","overlay-opacity":"","overlay-gradient":""},"mobile":{"background-color":"var(--ast-global-color-5)","background-image":"","background-repeat":"repeat","background-position":"center center","background-size":"auto","background-attachment":"scroll","background-type":"","background-media":"","overlay-type":"","overlay-color":"","overlay-opacity":"","overlay-gradient":""}}},"product_brand":[],"product_cat":[2146],"product_tag":[2168,2218,2228,2224,2223,2221,2217,2166,2209,2208,2225,2222,2220,2207,2167,2164,2210,2211,2216,2215,2165,2214,2213,2219,2212,2227,2226,2161,2160,2162,2155,2170,2206,2163,2169,2159,2158],"class_list":{"0":"post-3108","1":"product","2":"type-product","3":"status-publish","4":"has-post-thumbnail","6":"product_cat-buy-cortamethasone-50ml-online","7":"product_tag-dexacortyl-for-sale","8":"product_tag-adrenal-cortex-100ml","9":"product_tag-adrenal-cortex-50ml","10":"product_tag-blast-off-extreme-30ml-python-10ml","11":"product_tag-blast-off-red-10ml","12":"product_tag-bronchial-dilator-60ml","13":"product_tag-clenbuterol-50ml","14":"product_tag-coromin-20ml","15":"product_tag-cortamethasone-50ml","16":"product_tag-dexa-2-100ml","17":"product_tag-dexacare-50ml","18":"product_tag-enerselen-100ml","19":"product_tag-f-a-f-100ml-mitachondral-100ml","20":"product_tag-fructosa-50r-100ml","21":"product_tag-genixine-100ml","22":"product_tag-hepagen-100m","23":"product_tag-hepagen-100ml-ornitil-100ml","24":"product_tag-itpp-60ml","25":"product_tag-jurosenic-100ml-dmg-100ml","26":"product_tag-ketoprofen-50ml","27":"product_tag-ornitil-100ml","28":"product_tag-ozone-100ml","29":"product_tag-pentosan-50ml","30":"product_tag-pentosan-platinum-18ml","31":"product_tag-pentosan-platinum-18ml-pentosan-gold-50ml","32":"product_tag-predef-2x-100ml","33":"product_tag-super-shot-10ml","34":"product_tag-10-ml-for-sale","35":"product_tag-buy-12p15-nort-lab","36":"product_tag-buy-dexaphenylarthrite-online","37":"product_tag-buy-dexarace-20-ml-for-sale","38":"product_tag-buy-dexarace-plus","39":"product_tag-caliercortin-50ml","40":"product_tag-dexaphenylarthrite-for-sale","41":"product_tag-green-speed-for-sale","42":"product_tag-shop-to-buy-dexarace-20-ml-for-sale-online","43":"product_tag-where-to-buy-dexarace-20-ml-for-sale","44":"desktop-align-center","45":"tablet-align-left","46":"mobile-align-left","48":"first","49":"instock","50":"shipping-taxable","51":"purchasable","52":"product-type-variable","53":"has-default-attributes"},"yoast_head":"<!-- This site is optimized with the Yoast SEO plugin v25.9 - https:\/\/yoast.com\/wordpress\/plugins\/seo\/ -->\n<title>Buy Dexarace 20ml Online - Dexarace 20ml for Sale<\/title>\n<meta name=\"description\" content=\"Dexarace 20ml for sale is now easily available at our online store. You can connect directly with our chemicals store and buy Dexarace 20ml Online Dexarace 20ml online at the best prices.\" \/>\n<meta name=\"robots\" content=\"index, follow, max-snippet:-1, max-image-preview:large, max-video-preview:-1\" \/>\n<link rel=\"canonical\" href=\"https:\/\/buy-prescriptionz.com\/pt_pt\/produto\/comprar-dexarace-20-ml-para-venda\/\" \/>\n<meta property=\"og:locale\" content=\"pt_PT\" \/>\n<meta property=\"og:type\" content=\"article\" \/>\n<meta property=\"og:title\" content=\"Buy Dexarace 20ml Online - Dexarace 20ml for Sale\" \/>\n<meta property=\"og:description\" content=\"Dexarace 20ml for sale is now easily available at our online store. You can connect directly with our chemicals store and buy Dexarace 20ml Online Dexarace 20ml online at the best prices.\" \/>\n<meta property=\"og:url\" content=\"https:\/\/buy-prescriptionz.com\/pt_pt\/produto\/comprar-dexarace-20-ml-para-venda\/\" \/>\n<meta property=\"og:site_name\" content=\"Buy Prescriptionz\" \/>\n<meta property=\"article:modified_time\" content=\"2025-09-17T05:04:07+00:00\" \/>\n<meta property=\"og:image\" content=\"https:\/\/buy-prescriptionz.com\/wp-content\/uploads\/2025\/09\/dexa.jpg\" \/>\n\t<meta property=\"og:image:width\" content=\"225\" \/>\n\t<meta property=\"og:image:height\" content=\"225\" \/>\n\t<meta property=\"og:image:type\" content=\"image\/jpeg\" \/>\n<meta name=\"twitter:card\" content=\"summary_large_image\" \/>\n<meta name=\"twitter:label1\" content=\"Tempo estimado de leitura\" \/>\n\t<meta name=\"twitter:data1\" content=\"4 minutos\" \/>\n<script type=\"application\/ld+json\" class=\"yoast-schema-graph\">{\"@context\":\"https:\/\/schema.org\",\"@graph\":[{\"@type\":\"WebPage\",\"@id\":\"https:\/\/buy-prescriptionz.com\/product\/buy-dexarace-20-ml-for-sale\/\",\"url\":\"https:\/\/buy-prescriptionz.com\/product\/buy-dexarace-20-ml-for-sale\/\",\"name\":\"Buy Dexarace 20ml Online - Dexarace 20ml for Sale\",\"isPartOf\":{\"@id\":\"https:\/\/buy-prescriptionz.com\/#website\"},\"primaryImageOfPage\":{\"@id\":\"https:\/\/buy-prescriptionz.com\/product\/buy-dexarace-20-ml-for-sale\/#primaryimage\"},\"image\":{\"@id\":\"https:\/\/buy-prescriptionz.com\/product\/buy-dexarace-20-ml-for-sale\/#primaryimage\"},\"thumbnailUrl\":\"https:\/\/buy-prescriptionz.com\/wp-content\/uploads\/2025\/09\/dexa.jpg\",\"datePublished\":\"2025-09-16T08:56:25+00:00\",\"dateModified\":\"2025-09-17T05:04:07+00:00\",\"description\":\"Dexarace 20ml for sale is now easily available at our online store. You can connect directly with our chemicals store and buy Dexarace 20ml Online Dexarace 20ml online at the best prices.\",\"breadcrumb\":{\"@id\":\"https:\/\/buy-prescriptionz.com\/product\/buy-dexarace-20-ml-for-sale\/#breadcrumb\"},\"inLanguage\":\"pt-PT\",\"potentialAction\":[{\"@type\":\"ReadAction\",\"target\":[\"https:\/\/buy-prescriptionz.com\/product\/buy-dexarace-20-ml-for-sale\/\"]}]},{\"@type\":\"ImageObject\",\"inLanguage\":\"pt-PT\",\"@id\":\"https:\/\/buy-prescriptionz.com\/product\/buy-dexarace-20-ml-for-sale\/#primaryimage\",\"url\":\"https:\/\/buy-prescriptionz.com\/wp-content\/uploads\/2025\/09\/dexa.jpg\",\"contentUrl\":\"https:\/\/buy-prescriptionz.com\/wp-content\/uploads\/2025\/09\/dexa.jpg\",\"width\":225,\"height\":225},{\"@type\":\"BreadcrumbList\",\"@id\":\"https:\/\/buy-prescriptionz.com\/product\/buy-dexarace-20-ml-for-sale\/#breadcrumb\",\"itemListElement\":[{\"@type\":\"ListItem\",\"position\":1,\"name\":\"Home\",\"item\":\"https:\/\/buy-prescriptionz.com\/\"},{\"@type\":\"ListItem\",\"position\":2,\"name\":\"Shop Painkillers Online\",\"item\":\"https:\/\/buy-prescriptionz.com\/shop-painkillers-online\/\"},{\"@type\":\"ListItem\",\"position\":3,\"name\":\"Buy Dexarace 20 ml For Sale\"}]},{\"@type\":\"WebSite\",\"@id\":\"https:\/\/buy-prescriptionz.com\/#website\",\"url\":\"https:\/\/buy-prescriptionz.com\/\",\"name\":\"Buy Prescriptionz\",\"description\":\"Drugs Online\",\"publisher\":{\"@id\":\"https:\/\/buy-prescriptionz.com\/#organization\"},\"potentialAction\":[{\"@type\":\"SearchAction\",\"target\":{\"@type\":\"EntryPoint\",\"urlTemplate\":\"https:\/\/buy-prescriptionz.com\/?s={search_term_string}\"},\"query-input\":{\"@type\":\"PropertyValueSpecification\",\"valueRequired\":true,\"valueName\":\"search_term_string\"}}],\"inLanguage\":\"pt-PT\"},{\"@type\":\"Organization\",\"@id\":\"https:\/\/buy-prescriptionz.com\/#organization\",\"name\":\"Buy Prescriptionz\",\"url\":\"https:\/\/buy-prescriptionz.com\/\",\"logo\":{\"@type\":\"ImageObject\",\"inLanguage\":\"pt-PT\",\"@id\":\"https:\/\/buy-prescriptionz.com\/#\/schema\/logo\/image\/\",\"url\":\"https:\/\/buy-prescriptionz.com\/wp-content\/uploads\/2023\/09\/logo.png\",\"contentUrl\":\"https:\/\/buy-prescriptionz.com\/wp-content\/uploads\/2023\/09\/logo.png\",\"width\":350,\"height\":64,\"caption\":\"Buy Prescriptionz\"},\"image\":{\"@id\":\"https:\/\/buy-prescriptionz.com\/#\/schema\/logo\/image\/\"}}]}<\/script>\n<!-- \/ Yoast SEO plugin. -->","yoast_head_json":{"title":"Comprar Dexarace 20ml online - Dexarace 20ml em promo\u00e7\u00e3o","description":"Dexarace 20ml em promo\u00e7\u00e3o est\u00e1 agora facilmente dispon\u00edvel na nossa loja online. Pode contactar diretamente a nossa loja de produtos qu\u00edmicos e comprar Dexarace 20ml online aos melhores pre\u00e7os.","robots":{"index":"index","follow":"follow","max-snippet":"max-snippet:-1","max-image-preview":"max-image-preview:large","max-video-preview":"max-video-preview:-1"},"canonical":"https:\/\/buy-prescriptionz.com\/pt_pt\/produto\/comprar-dexarace-20-ml-para-venda\/","og_locale":"pt_PT","og_type":"article","og_title":"Buy Dexarace 20ml Online - Dexarace 20ml for Sale","og_description":"Dexarace 20ml for sale is now easily available at our online store. You can connect directly with our chemicals store and buy Dexarace 20ml Online Dexarace 20ml online at the best prices.","og_url":"https:\/\/buy-prescriptionz.com\/pt_pt\/produto\/comprar-dexarace-20-ml-para-venda\/","og_site_name":"Buy Prescriptionz","article_modified_time":"2025-09-17T05:04:07+00:00","og_image":[{"width":225,"height":225,"url":"https:\/\/buy-prescriptionz.com\/wp-content\/uploads\/2025\/09\/dexa.jpg","type":"image\/jpeg"}],"twitter_card":"summary_large_image","twitter_misc":{"Tempo estimado de leitura":"4 minutos"},"schema":{"@context":"https:\/\/schema.org","@graph":[{"@type":"WebPage","@id":"https:\/\/buy-prescriptionz.com\/product\/buy-dexarace-20-ml-for-sale\/","url":"https:\/\/buy-prescriptionz.com\/product\/buy-dexarace-20-ml-for-sale\/","name":"Comprar Dexarace 20ml online - Dexarace 20ml em promo\u00e7\u00e3o","isPartOf":{"@id":"https:\/\/buy-prescriptionz.com\/#website"},"primaryImageOfPage":{"@id":"https:\/\/buy-prescriptionz.com\/product\/buy-dexarace-20-ml-for-sale\/#primaryimage"},"image":{"@id":"https:\/\/buy-prescriptionz.com\/product\/buy-dexarace-20-ml-for-sale\/#primaryimage"},"thumbnailUrl":"https:\/\/buy-prescriptionz.com\/wp-content\/uploads\/2025\/09\/dexa.jpg","datePublished":"2025-09-16T08:56:25+00:00","dateModified":"2025-09-17T05:04:07+00:00","description":"Dexarace 20ml em promo\u00e7\u00e3o est\u00e1 agora facilmente dispon\u00edvel na nossa loja online. Pode contactar diretamente a nossa loja de produtos qu\u00edmicos e comprar Dexarace 20ml online aos melhores pre\u00e7os.","breadcrumb":{"@id":"https:\/\/buy-prescriptionz.com\/product\/buy-dexarace-20-ml-for-sale\/#breadcrumb"},"inLanguage":"pt-PT","potentialAction":[{"@type":"ReadAction","target":["https:\/\/buy-prescriptionz.com\/product\/buy-dexarace-20-ml-for-sale\/"]}]},{"@type":"ImageObject","inLanguage":"pt-PT","@id":"https:\/\/buy-prescriptionz.com\/product\/buy-dexarace-20-ml-for-sale\/#primaryimage","url":"https:\/\/buy-prescriptionz.com\/wp-content\/uploads\/2025\/09\/dexa.jpg","contentUrl":"https:\/\/buy-prescriptionz.com\/wp-content\/uploads\/2025\/09\/dexa.jpg","width":225,"height":225},{"@type":"BreadcrumbList","@id":"https:\/\/buy-prescriptionz.com\/product\/buy-dexarace-20-ml-for-sale\/#breadcrumb","itemListElement":[{"@type":"ListItem","position":1,"name":"Home","item":"https:\/\/buy-prescriptionz.com\/"},{"@type":"ListItem","position":2,"name":"Shop Painkillers Online","item":"https:\/\/buy-prescriptionz.com\/shop-painkillers-online\/"},{"@type":"ListItem","position":3,"name":"Buy Dexarace 20 ml For Sale"}]},{"@type":"WebSite","@id":"https:\/\/buy-prescriptionz.com\/#website","url":"https:\/\/buy-prescriptionz.com\/","name":"Buy Prescriptionz","description":"Drogas Online","publisher":{"@id":"https:\/\/buy-prescriptionz.com\/#organization"},"potentialAction":[{"@type":"SearchAction","target":{"@type":"EntryPoint","urlTemplate":"https:\/\/buy-prescriptionz.com\/?s={search_term_string}"},"query-input":{"@type":"PropertyValueSpecification","valueRequired":true,"valueName":"search_term_string"}}],"inLanguage":"pt-PT"},{"@type":"Organization","@id":"https:\/\/buy-prescriptionz.com\/#organization","name":"Buy Prescriptionz","url":"https:\/\/buy-prescriptionz.com\/","logo":{"@type":"ImageObject","inLanguage":"pt-PT","@id":"https:\/\/buy-prescriptionz.com\/#\/schema\/logo\/image\/","url":"https:\/\/buy-prescriptionz.com\/wp-content\/uploads\/2023\/09\/logo.png","contentUrl":"https:\/\/buy-prescriptionz.com\/wp-content\/uploads\/2023\/09\/logo.png","width":350,"height":64,"caption":"Buy Prescriptionz"},"image":{"@id":"https:\/\/buy-prescriptionz.com\/#\/schema\/logo\/image\/"}}]}},"_links":{"self":[{"href":"https:\/\/buy-prescriptionz.com\/pt_pt\/wp-json\/wp\/v2\/product\/3108","targetHints":{"allow":["GET"]}}],"collection":[{"href":"https:\/\/buy-prescriptionz.com\/pt_pt\/wp-json\/wp\/v2\/product"}],"about":[{"href":"https:\/\/buy-prescriptionz.com\/pt_pt\/wp-json\/wp\/v2\/types\/product"}],"replies":[{"embeddable":true,"href":"https:\/\/buy-prescriptionz.com\/pt_pt\/wp-json\/wp\/v2\/comments?post=3108"}],"wp:featuredmedia":[{"embeddable":true,"href":"https:\/\/buy-prescriptionz.com\/pt_pt\/wp-json\/wp\/v2\/media\/3138"}],"wp:attachment":[{"href":"https:\/\/buy-prescriptionz.com\/pt_pt\/wp-json\/wp\/v2\/media?parent=3108"}],"wp:term":[{"taxonomy":"product_brand","embeddable":true,"href":"https:\/\/buy-prescriptionz.com\/pt_pt\/wp-json\/wp\/v2\/product_brand?post=3108"},{"taxonomy":"product_cat","embeddable":true,"href":"https:\/\/buy-prescriptionz.com\/pt_pt\/wp-json\/wp\/v2\/product_cat?post=3108"},{"taxonomy":"product_tag","embeddable":true,"href":"https:\/\/buy-prescriptionz.com\/pt_pt\/wp-json\/wp\/v2\/product_tag?post=3108"}],"curies":[{"name":"wp","href":"https:\/\/api.w.org\/{rel}","templated":true}]}}