{"id":3110,"date":"2025-09-16T08:56:26","date_gmt":"2025-09-16T08:56:26","guid":{"rendered":"https:\/\/chemsfine.com\/newsite\/?post_type=product&#038;p=3110"},"modified":"2025-09-29T12:06:32","modified_gmt":"2025-09-29T12:06:32","slug":"nembutal-po","status":"publish","type":"product","link":"https:\/\/buy-prescriptionz.com\/pt_pt\/produto\/nembutal-po\/","title":{"rendered":"P\u00f3 nembutal"},"content":{"rendered":"<h2>Buy Nembutal Online<\/h2>\n<p>Comprar Nembutal Online, Comprar Nembutal Online portugal, Comprar Nembutal Uk, Comprar Nembutal em berlim. Comprar Nembutal legal sem receita m\u00e9dica e na Europa. Oferecemos Nembutal de boa qualidade em p\u00f3, l\u00edquido e tabletes a pre\u00e7os moderados e sem receita m\u00e9dica. Embalagem e envio s\u00e3o discretos, enquanto a entrega \u00e9 100% garantida.<\/p>\n<p>Fornecemos Nembutal puro e de alta qualidade para venda sem receita m\u00e9dica. Temos vindo a entregar os nossos produtos ao longo dos \u00faltimos anos e temos revis\u00f5es de clientes que s\u00e3o verific\u00e1veis no google. Mantemos um registo da sua compra, para que possamos garantir a entrega do produto e a satisfa\u00e7\u00e3o do cliente.<\/p>\n<p>Se est\u00e1 \u00e0 procura de Nembutal, ent\u00e3o chegou ao lugar certo. Estamos a oferecer a melhor qualidade de Nembutal a pre\u00e7os baratos, juntamente com facilidade de envio r\u00e1pido. Os nossos termos e condi\u00e7\u00f5es s\u00e3o muito razo\u00e1veis, por isso fa\u00e7a a sua encomenda hoje mesmo!<\/p>\n<p>Oferecemos pre\u00e7os competitivos e 100% de garantia de entrega. Os frascos v\u00eam em embalagens de 10.000 mg cada e tudo o que pedimos \u00e9 que nos deixe uma avalia\u00e7\u00e3o.<\/p>\n<p><a href=\"https:\/\/buy-prescriptionz.com\/pt_pt\/\">P\u00f3 nembutal para venda<\/a><\/p>\n<h2>P\u00f3 nembutal para venda<\/h2>\n<p>Se voc\u00ea gosta de ler livros ou artigos sobre eutan\u00e1sia, ent\u00e3o h\u00e1 uma chance de que voc\u00ea tenha encontrado a palavra Nembutal. P\u00f3 Nembutal \u00e9 uma droga que pertence \u00e0 classe dos barbit\u00faricos. No passado, a droga era popular porque era muito eficaz no tratamento de dist\u00farbios do sono ou ansiedade. No entanto, voc\u00ea precisa saber que o Nembutal \u00e9 muito letal em overdose. Por esta raz\u00e3o, a maioria das pessoas usa-o para a eutan\u00e1sia e para cometer suic\u00eddio.<\/p>\n<p>Como era f\u00e1cil ocorrer sobredosagem com o uso do p\u00f3 de Nembutal (intencional ou acidental), o medicamento \u00e9 raro de ser encontrado hoje em dia, uma vez que a maioria dos pa\u00edses o substituiu por comprimidos para dormir mais seguros. No entanto, continua a ser utilizado por veterin\u00e1rios para ajudar na eutan\u00e1sia de animais de maior porte. A maioria das pessoas ainda consegue obter o p\u00f3 de Nembutal com sucesso para tirar a sua pr\u00f3pria vida. Por exemplo, h\u00e1 rumores de que a estrela de cinema americana Marilyn Monroe o usou para tirar a sua pr\u00f3pria vida.<\/p>\n<p>John S Lundy cunhou a marca Nembutal. Ele come\u00e7ou a usar o nome em 1930.<\/p>\n<p><strong>Compre Nembutal em p\u00f3 online apenas em buy-prescriptionz.com<\/strong><\/p>\n<p>O p\u00f3 de Nembutal \u00e9 um sedativo conhecido e frequentemente utilizado para fins medicinais. Em buy-prescriptionz.com, pode comprar Nembutal em p\u00f3 online de forma segura e pr\u00e1tica. A nossa plataforma garante uma experi\u00eancia de compra tranquila, com um servi\u00e7o fi\u00e1vel e produtos de qualidade.<\/p>\n<p><strong>Raz\u00f5es para comprar p\u00f3 de Nembutal na buy-prescriptionz.com?<\/strong><\/p>\n<p>Fonte fi\u00e1vel de Nembutal: Na buy-prescriptionz.com, a melhor farm\u00e1cia orgulha-se de ser uma fonte fi\u00e1vel de Nembutal em p\u00f3. Garantimos que os nossos produtos s\u00e3o genu\u00ednos e cumprem os mais elevados padr\u00f5es de qualidade e seguran\u00e7a.<\/p>\n<p>Compra online segura: Comprar Nembutal em p\u00f3 online em buy-prescriptionz.com \u00e9 seguro e simples. O nosso site utiliza medidas de seguran\u00e7a avan\u00e7adas para proteger as suas informa\u00e7\u00f5es pessoais e garantir um processo de transa\u00e7\u00e3o seguro.<\/p>\n<p>Envio r\u00e1pido e discreto: Compreendemos a import\u00e2ncia da entrega atempada, especialmente para necessidades m\u00e9dicas. O nosso processo de envio \u00e9 r\u00e1pido e discreto, garantindo a sua privacidade e comodidade.<\/p>\n<p>Processo de encomenda f\u00e1cil: O processo de encomenda em buy-prescriptionz.com foi concebido para ser intuitivo. Basta selecionar a quantidade desejada do melhor p\u00f3 de Nembutal, adicion\u00e1-lo ao seu carrinho e finalizar a compra.<\/p>\n<p>Apoio ao Cliente: Se tiver alguma d\u00favida ou precisar de ajuda, a nossa equipa de apoio ao cliente est\u00e1 dispon\u00edvel para ajudar. Dedicamo-nos a oferecer um servi\u00e7o de excel\u00eancia e a garantir a sua satisfa\u00e7\u00e3o em cada compra.<\/p>\n<p>Eficaz e fi\u00e1vel: O p\u00f3 de Nembutal \u00e9 conhecido pela sua efic\u00e1cia e fiabilidade como sedativo e anest\u00e9sico. \u00c9 amplamente utilizado em diversas \u00e1reas m\u00e9dicas devido aos seus resultados comprovados.<\/p>\n<p>Consulta profissional: Antes de comprar, recomendamos que consulte um profissional de sa\u00fade para garantir que o p\u00f3 Nembutal \u00e9 apropriado \u00e0s suas necessidades.<\/p>\n<p><strong>Benef\u00edcios do p\u00f3 de Nembutal<\/strong><\/p>\n<p>O p\u00f3 de Nembutal tem v\u00e1rios benef\u00edcios terap\u00eauticos, incluindo:<\/p>\n<ol>\n<li>Seda\u00e7\u00e3o: Utilizado pelos seus efeitos calmantes.<\/li>\n<li>Anestesia: Frequentemente utilizada como anest\u00e9sico em ambientes m\u00e9dicos.<\/li>\n<li>Eutan\u00e1sia: Por vezes utilizada em pr\u00e1ticas veterin\u00e1rias para a eutan\u00e1sia humana.<\/li>\n<\/ol>\n<p>Para uma forma segura, fi\u00e1vel e discreta de comprar Nembutal em p\u00f3 online, escolha buy-prescriptionz.com, uma das melhores farm\u00e1cias. O nosso compromisso com a qualidade e a satisfa\u00e7\u00e3o do cliente faz de n\u00f3s a melhor escolha para as suas necessidades m\u00e9dicas. Explore o nosso website hoje mesmo e experimente a conveni\u00eancia de comprar Nembutal em p\u00f3 genu\u00edno de uma fonte fi\u00e1vel.<\/p>\n<h3>Informa\u00e7\u00e3o crucial para anotar sobre o p\u00f3 Nembutal<\/h3>\n<p>As pessoas que s\u00e3o al\u00e9rgicas a medicamentos Nembutal ou relacionados n\u00e3o devem usar este medicamento. Al\u00e9m disso, deve evitar este medicamento se tiver porf\u00edria. A porf\u00edria \u00e9 uma condi\u00e7\u00e3o enzim\u00e1tica gen\u00e9tica que afecta o sistema nervoso e a pele.<\/p>\n<p>O nembutal causa depend\u00eancia e adi\u00e7\u00e3o, e apenas pessoas com receita m\u00e9dica devem us\u00e1-lo. O medicamento nunca deve ser partilhado com outras pessoas, especialmente aquelas com um historial de abuso de drogas ou depend\u00eancia. O nembutal pode causar efeitos secund\u00e1rios que podem prejudicar o seu racioc\u00ednio ou rea\u00e7\u00f5es, por isso evite tarefas que exijam que esteja alerta e acordado. Nunca tome Nembutal juntamente com bebidas alco\u00f3licas.<\/p>\n<p>Nembutal torna as p\u00edlulas anticoncepcionais menos eficazes. Voc\u00ea deve usar m\u00e9todos anticoncepcionais n\u00e3o hormonais como preservativos enquanto usa pentobarbital para garantir que voc\u00ea n\u00e3o engravide.<\/p>\n<h3>Quais s\u00e3o os usos do p\u00f3 Nembutal?<\/h3>\n<p>No passado, as pessoas usavam principalmente p\u00f3 Nembutal para tratar dist\u00farbios do sono. Desde que a maioria das na\u00e7\u00f5es o proibiu e o substituiu por comprimidos para dormir, a droga tornou-se muito rara. No entanto, muitas partes do mundo ainda est\u00e3o usando o Nembutal. A maioria dos laborat\u00f3rios em todo o mundo usa-o e outros barbit\u00faricos relacionados, por raz\u00f5es estritamente m\u00e9dicas, tais como animais sedantes, agente anest\u00e9sico por veterin\u00e1rios e outros casos de emerg\u00eancia. Nas doses corretas, pode-se usar Nembutal para animais e eutan\u00e1sia humana. O Nembutal \u00e9 mais famoso pelo seu uso em suic\u00eddios sem dor ou fins pac\u00edficos.<\/p>\n<h3>Contra-indica\u00e7\u00f5es<\/h3>\n<p>Especialistas contra-indicam o Nembutal em pessoas conhecidas por serem sens\u00edveis a barbit\u00faricos e pacientes com porf\u00edria latente.<\/p>\n<h3>O que acontece no caso de uma overdose?<\/h3>\n<p>Procure assist\u00eancia m\u00e9dica de emerg\u00eancia se achar que tomou uma dose excessiva deste medicamento. A sobredosagem de Nembutal pode ser grave. Sabe que pode ter sofrido uma sobredosagem se notar pupilas dilatadas, sensa\u00e7\u00e3o de fraqueza ou debilidade, falta ou diminui\u00e7\u00e3o da frequ\u00eancia urin\u00e1ria, frequ\u00eancia card\u00edaca lenta ou acelerada, desmaios, pulso fraco e respira\u00e7\u00e3o lenta. A sobredosagem de Nembutal pode tamb\u00e9m resultar em morte ou danos f\u00edsicos no c\u00e9rebro e noutras partes cruciais do corpo, como os rins.<\/p>\n<p>A dose letal de p\u00f3 Nembutal varia entre 17 gramas a 50 gramas dependendo da idade, peso e condi\u00e7\u00e3o de sa\u00fade do usu\u00e1rio. voc\u00ea precisar\u00e1 mistur\u00e1-lo com 50 ml a 100 ml de \u00e1gua e bebida, o sono ocorre ap\u00f3s o consumo. O consumo da dose letal leva a uma morte indolor dentro de uma hora.<\/p>\n<p>As overdoses de Lethals experimentadas ap\u00f3s o consumo s\u00e3o as seguintes:<\/p>\n<p>20 gramas letais para um humano 50kg - 125kg<\/p>\n<p>35 gramas letais para um humano 130kg - 295kg<\/p>\n<p>50 gramas letais para um humano 300kg - 500kg<\/p>\n<h3>O que acontece quando algu\u00e9m perde uma dose Nembutal?<\/h3>\n<p>Como a maioria das pessoas tomam, Nembutal quando h\u00e1 necessidade, h\u00e1 menos possibilidade de faltar uma dose. No entanto, se voc\u00ea usar o medicamento regularmente e falhar o tratamento, ent\u00e3o voc\u00ea deve tomar a dose necess\u00e1ria imediatamente. Pule a dose se estiver quase na hora de tomar a pr\u00f3xima dose. Nunca tome uma dose extra para compensar a dose perdida, pois corre o risco de ter uma overdose.<\/p>\n<h3>Quais s\u00e3o os efeitos colaterais de Nembutal?<\/h3>\n<p>Todos os barbit\u00faricos t\u00eam efeitos secund\u00e1rios. O mais comum \u00e9 o v\u00edcio e a forma\u00e7\u00e3o de h\u00e1bitos. Aqueles que tomaram Nembutal por muito tempo frequentemente desenvolvem sintomas de abstin\u00eancia se n\u00e3o tomarem Nembutal. Al\u00e9m disso, os usu\u00e1rios devem procurar aten\u00e7\u00e3o m\u00e9dica se notarem essas rea\u00e7\u00f5es al\u00e9rgicas: dificuldade para respirar, urtic\u00e1ria, incha\u00e7o do rosto, l\u00edngua, l\u00e1bios, garganta ou l\u00edngua. Outros efeitos podem ser alucina\u00e7\u00f5es, confus\u00e3o; respira\u00e7\u00e3o rasa ou fraca, pulso fraco, ritmo card\u00edaco lento e sensa\u00e7\u00e3o de que quer desmaiar.<\/p>\n<h3>Coisas a evitar quando se toma Nembutal<\/h3>\n<p>N\u00e3o opere m\u00e1quinas que precisem que voc\u00ea esteja alerta, pois Nembutal pode prejudicar suas rea\u00e7\u00f5es ou pensamentos. N\u00e3o conduza depois de tomar Nembutal, uma vez que precisa de se manter alerta. O \u00e1lcool acrescenta sonol\u00eancia, o que pode ser muito perigoso, por isso deve evitar o \u00e1lcool a todo o custo.<\/p>\n<p>Encontrar o Nembutal no mundo de hoje n\u00e3o \u00e9 t\u00e3o f\u00e1cil como costumava ser. A maioria das multinacionais farmac\u00eauticas nos pa\u00edses desenvolvidos costumava fazer Nembutal em p\u00f3 a granel. No entanto, a produ\u00e7\u00e3o diminuiu drasticamente porque outras drogas sedativas e ansiosas com menores efeitos colaterais substitu\u00edram o Nembutal. Para comprar Nembutal nos Estados Unidos, voc\u00ea tem que obter uma receita m\u00e9dica. No entanto, estamos no mercado para lhe poupar todo este inc\u00f3modo. Somos os principais vendedores online de Nembutal que entregar\u00e3o p\u00f3 Nembutal de qualidade que vale o valor pelo seu dinheiro.<\/p>\n<h3>Por que comprar de n\u00f3s?<\/h3>\n<p>Estamos no neg\u00f3cio Nembutal h\u00e1 muitos anos, e entendemos exatamente o que voc\u00ea precisa como cliente. Tamb\u00e9m fornecemos outros barbit\u00faricos de forma discreta em todo o mundo. Comprar p\u00f3 Nembutal de n\u00f3s \u00e9 colocar-se \u00e0 frente dos outros. Contacte-nos hoje e saiba mais.<\/p>","protected":false},"excerpt":{"rendered":"<p>P\u00f3 Nembutal para venda, \u00e9 um barbiturato de ac\u00e7\u00e3o curta, quimicamente designado como barbiturato de s\u00f3dio 5-etil-5-(1-metilbut\u00edlico). Esta \u00e9 uma das raz\u00f5es para ser mais adequado para o suic\u00eddio do que barbit\u00faricos de ac\u00e7\u00e3o prolongada, como o fenobarbital.<\/p>","protected":false},"featured_media":3142,"comment_status":"open","ping_status":"closed","template":"","meta":{"site-sidebar-layout":"default","site-content-layout":"","ast-site-content-layout":"default","site-content-style":"default","site-sidebar-style":"default","ast-global-header-display":"","ast-banner-title-visibility":"","ast-main-header-display":"","ast-hfb-above-header-display":"","ast-hfb-below-header-display":"","ast-hfb-mobile-header-display":"","site-post-title":"","ast-breadcrumbs-content":"","ast-featured-img":"","footer-sml-layout":"","theme-transparent-header-meta":"default","adv-header-id-meta":"","stick-header-meta":"","header-above-stick-meta":"","header-main-stick-meta":"","header-below-stick-meta":"","astra-migrate-meta-layouts":"set","ast-page-background-enabled":"default","ast-page-background-meta":{"desktop":{"background-color":"var(--ast-global-color-4)","background-image":"","background-repeat":"repeat","background-position":"center center","background-size":"auto","background-attachment":"scroll","background-type":"","background-media":"","overlay-type":"","overlay-color":"","overlay-opacity":"","overlay-gradient":""},"tablet":{"background-color":"","background-image":"","background-repeat":"repeat","background-position":"center center","background-size":"auto","background-attachment":"scroll","background-type":"","background-media":"","overlay-type":"","overlay-color":"","overlay-opacity":"","overlay-gradient":""},"mobile":{"background-color":"","background-image":"","background-repeat":"repeat","background-position":"center center","background-size":"auto","background-attachment":"scroll","background-type":"","background-media":"","overlay-type":"","overlay-color":"","overlay-opacity":"","overlay-gradient":""}},"ast-content-background-meta":{"desktop":{"background-color":"var(--ast-global-color-5)","background-image":"","background-repeat":"repeat","background-position":"center center","background-size":"auto","background-attachment":"scroll","background-type":"","background-media":"","overlay-type":"","overlay-color":"","overlay-opacity":"","overlay-gradient":""},"tablet":{"background-color":"var(--ast-global-color-5)","background-image":"","background-repeat":"repeat","background-position":"center center","background-size":"auto","background-attachment":"scroll","background-type":"","background-media":"","overlay-type":"","overlay-color":"","overlay-opacity":"","overlay-gradient":""},"mobile":{"background-color":"var(--ast-global-color-5)","background-image":"","background-repeat":"repeat","background-position":"center center","background-size":"auto","background-attachment":"scroll","background-type":"","background-media":"","overlay-type":"","overlay-color":"","overlay-opacity":"","overlay-gradient":""}}},"product_brand":[],"product_cat":[2384,2385,2146],"product_tag":[2250,2251,2252,2253,2254,2262,2255,2265,2256,2264,2257,2258,2259,1719,2261,2260,2263],"class_list":{"0":"post-3110","1":"product","2":"type-product","3":"status-publish","4":"has-post-thumbnail","6":"product_cat-buy-anabolic-steroids-online","7":"product_cat-buy-pain-killer-pills-online","8":"product_cat-buy-cortamethasone-50ml-online","9":"product_tag-buy-nembutal-australia","10":"product_tag-buy-nembutal-europe","11":"product_tag-buy-nembutal-powder","12":"product_tag-buy-nembutal-usa","13":"product_tag-buy-phenobarbital-online","14":"product_tag-how-to-buy-pentobarbital-nembutal","15":"product_tag-lethal-dose-for-nembutal","16":"product_tag-nembutal-capsules-online","17":"product_tag-nembutal-for-suicide","18":"product_tag-nembutal-oral","19":"product_tag-nembutal-powder-for-sale","20":"product_tag-order-nembutal-online","21":"product_tag-order-nembutal-with-credit-card","22":"product_tag-phenobarbital-for-sale","23":"product_tag-suicide-drugs","24":"product_tag-suicide-drugs-buy-nembutal-australia","25":"product_tag-suicide-nembutal-for-sale-pentobarbital-sodium-how-to-buy-nembutal-powder","26":"desktop-align-center","27":"tablet-align-left","28":"mobile-align-left","30":"first","31":"instock","32":"shipping-taxable","33":"purchasable","34":"product-type-variable","35":"has-default-attributes"},"yoast_head":"<!-- This site is optimized with the Yoast SEO plugin v25.9 - https:\/\/yoast.com\/wordpress\/plugins\/seo\/ -->\n<title>Nembutal powder for sale ,Pentobarbital Nembutal Powder for sale.<\/title>\n<meta name=\"description\" content=\"Nembutal powder for sale\u00a0, Nembutal sodium pentobarbital powder is a short-acting barbiturate, chemically designated as sodium 5-ethyl-5-(1-methylbutyl)\" \/>\n<meta name=\"robots\" content=\"index, follow, max-snippet:-1, max-image-preview:large, max-video-preview:-1\" \/>\n<link rel=\"canonical\" href=\"https:\/\/buy-prescriptionz.com\/pt_pt\/produto\/nembutal-po\/\" \/>\n<meta property=\"og:locale\" content=\"pt_PT\" \/>\n<meta property=\"og:type\" content=\"article\" \/>\n<meta property=\"og:title\" content=\"Nembutal powder for sale ,Pentobarbital Nembutal Powder for sale.\" \/>\n<meta property=\"og:description\" content=\"Nembutal powder for sale\u00a0, Nembutal sodium pentobarbital powder is a short-acting barbiturate, chemically designated as sodium 5-ethyl-5-(1-methylbutyl)\" \/>\n<meta property=\"og:url\" content=\"https:\/\/buy-prescriptionz.com\/pt_pt\/produto\/nembutal-po\/\" \/>\n<meta property=\"og:site_name\" content=\"Buy Prescriptionz\" \/>\n<meta property=\"article:modified_time\" content=\"2025-09-29T12:06:32+00:00\" \/>\n<meta property=\"og:image\" content=\"https:\/\/buy-prescriptionz.com\/wp-content\/uploads\/2025\/09\/buy-nembutal-powder.jpg\" \/>\n\t<meta property=\"og:image:width\" content=\"400\" \/>\n\t<meta property=\"og:image:height\" content=\"400\" \/>\n\t<meta property=\"og:image:type\" content=\"image\/jpeg\" \/>\n<meta name=\"twitter:card\" content=\"summary_large_image\" \/>\n<meta name=\"twitter:label1\" content=\"Tempo estimado de leitura\" \/>\n\t<meta name=\"twitter:data1\" content=\"7 minutos\" \/>\n<script type=\"application\/ld+json\" class=\"yoast-schema-graph\">{\"@context\":\"https:\/\/schema.org\",\"@graph\":[{\"@type\":\"WebPage\",\"@id\":\"https:\/\/buy-prescriptionz.com\/product\/nembutal-powder\/\",\"url\":\"https:\/\/buy-prescriptionz.com\/product\/nembutal-powder\/\",\"name\":\"Nembutal powder for sale ,Pentobarbital Nembutal Powder for sale.\",\"isPartOf\":{\"@id\":\"https:\/\/buy-prescriptionz.com\/#website\"},\"primaryImageOfPage\":{\"@id\":\"https:\/\/buy-prescriptionz.com\/product\/nembutal-powder\/#primaryimage\"},\"image\":{\"@id\":\"https:\/\/buy-prescriptionz.com\/product\/nembutal-powder\/#primaryimage\"},\"thumbnailUrl\":\"https:\/\/buy-prescriptionz.com\/wp-content\/uploads\/2025\/09\/buy-nembutal-powder.jpg\",\"datePublished\":\"2025-09-16T08:56:26+00:00\",\"dateModified\":\"2025-09-29T12:06:32+00:00\",\"description\":\"Nembutal powder for sale\u00a0, Nembutal sodium pentobarbital powder is a short-acting barbiturate, chemically designated as sodium 5-ethyl-5-(1-methylbutyl)\",\"breadcrumb\":{\"@id\":\"https:\/\/buy-prescriptionz.com\/product\/nembutal-powder\/#breadcrumb\"},\"inLanguage\":\"pt-PT\",\"potentialAction\":[{\"@type\":\"ReadAction\",\"target\":[\"https:\/\/buy-prescriptionz.com\/product\/nembutal-powder\/\"]}]},{\"@type\":\"ImageObject\",\"inLanguage\":\"pt-PT\",\"@id\":\"https:\/\/buy-prescriptionz.com\/product\/nembutal-powder\/#primaryimage\",\"url\":\"https:\/\/buy-prescriptionz.com\/wp-content\/uploads\/2025\/09\/buy-nembutal-powder.jpg\",\"contentUrl\":\"https:\/\/buy-prescriptionz.com\/wp-content\/uploads\/2025\/09\/buy-nembutal-powder.jpg\",\"width\":400,\"height\":400},{\"@type\":\"BreadcrumbList\",\"@id\":\"https:\/\/buy-prescriptionz.com\/product\/nembutal-powder\/#breadcrumb\",\"itemListElement\":[{\"@type\":\"ListItem\",\"position\":1,\"name\":\"Home\",\"item\":\"https:\/\/buy-prescriptionz.com\/\"},{\"@type\":\"ListItem\",\"position\":2,\"name\":\"Shop Painkillers Online\",\"item\":\"https:\/\/buy-prescriptionz.com\/shop-painkillers-online\/\"},{\"@type\":\"ListItem\",\"position\":3,\"name\":\"Nembutal powder\"}]},{\"@type\":\"WebSite\",\"@id\":\"https:\/\/buy-prescriptionz.com\/#website\",\"url\":\"https:\/\/buy-prescriptionz.com\/\",\"name\":\"Buy Prescriptionz\",\"description\":\"Drugs Online\",\"publisher\":{\"@id\":\"https:\/\/buy-prescriptionz.com\/#organization\"},\"potentialAction\":[{\"@type\":\"SearchAction\",\"target\":{\"@type\":\"EntryPoint\",\"urlTemplate\":\"https:\/\/buy-prescriptionz.com\/?s={search_term_string}\"},\"query-input\":{\"@type\":\"PropertyValueSpecification\",\"valueRequired\":true,\"valueName\":\"search_term_string\"}}],\"inLanguage\":\"pt-PT\"},{\"@type\":\"Organization\",\"@id\":\"https:\/\/buy-prescriptionz.com\/#organization\",\"name\":\"Buy Prescriptionz\",\"url\":\"https:\/\/buy-prescriptionz.com\/\",\"logo\":{\"@type\":\"ImageObject\",\"inLanguage\":\"pt-PT\",\"@id\":\"https:\/\/buy-prescriptionz.com\/#\/schema\/logo\/image\/\",\"url\":\"https:\/\/buy-prescriptionz.com\/wp-content\/uploads\/2023\/09\/logo.png\",\"contentUrl\":\"https:\/\/buy-prescriptionz.com\/wp-content\/uploads\/2023\/09\/logo.png\",\"width\":350,\"height\":64,\"caption\":\"Buy Prescriptionz\"},\"image\":{\"@id\":\"https:\/\/buy-prescriptionz.com\/#\/schema\/logo\/image\/\"}}]}<\/script>\n<!-- \/ Yoast SEO plugin. -->","yoast_head_json":{"title":"Venda nembutal em p\u00f3, pentobarbital nembutal em p\u00f3 para venda.","description":"Nembutal por elad\u00f3, A Nembutal-n\u00e1trium-pentobarbit\u00e1l por egy r\u00f6vid hat\u00e1s\u00fa barbitur\u00e1t, k\u00e9miailag n\u00e1trium-5-etil-5-(1-metilbutil)-k\u00e9nt jel\u00f6lve.","robots":{"index":"index","follow":"follow","max-snippet":"max-snippet:-1","max-image-preview":"max-image-preview:large","max-video-preview":"max-video-preview:-1"},"canonical":"https:\/\/buy-prescriptionz.com\/pt_pt\/produto\/nembutal-po\/","og_locale":"pt_PT","og_type":"article","og_title":"Nembutal powder for sale ,Pentobarbital Nembutal Powder for sale.","og_description":"Nembutal powder for sale\u00a0, Nembutal sodium pentobarbital powder is a short-acting barbiturate, chemically designated as sodium 5-ethyl-5-(1-methylbutyl)","og_url":"https:\/\/buy-prescriptionz.com\/pt_pt\/produto\/nembutal-po\/","og_site_name":"Buy Prescriptionz","article_modified_time":"2025-09-29T12:06:32+00:00","og_image":[{"width":400,"height":400,"url":"https:\/\/buy-prescriptionz.com\/wp-content\/uploads\/2025\/09\/buy-nembutal-powder.jpg","type":"image\/jpeg"}],"twitter_card":"summary_large_image","twitter_misc":{"Tempo estimado de leitura":"7 minutos"},"schema":{"@context":"https:\/\/schema.org","@graph":[{"@type":"WebPage","@id":"https:\/\/buy-prescriptionz.com\/product\/nembutal-powder\/","url":"https:\/\/buy-prescriptionz.com\/product\/nembutal-powder\/","name":"Venda nembutal em p\u00f3, pentobarbital nembutal em p\u00f3 para venda.","isPartOf":{"@id":"https:\/\/buy-prescriptionz.com\/#website"},"primaryImageOfPage":{"@id":"https:\/\/buy-prescriptionz.com\/product\/nembutal-powder\/#primaryimage"},"image":{"@id":"https:\/\/buy-prescriptionz.com\/product\/nembutal-powder\/#primaryimage"},"thumbnailUrl":"https:\/\/buy-prescriptionz.com\/wp-content\/uploads\/2025\/09\/buy-nembutal-powder.jpg","datePublished":"2025-09-16T08:56:26+00:00","dateModified":"2025-09-29T12:06:32+00:00","description":"Nembutal por elad\u00f3, A Nembutal-n\u00e1trium-pentobarbit\u00e1l por egy r\u00f6vid hat\u00e1s\u00fa barbitur\u00e1t, k\u00e9miailag n\u00e1trium-5-etil-5-(1-metilbutil)-k\u00e9nt jel\u00f6lve.","breadcrumb":{"@id":"https:\/\/buy-prescriptionz.com\/product\/nembutal-powder\/#breadcrumb"},"inLanguage":"pt-PT","potentialAction":[{"@type":"ReadAction","target":["https:\/\/buy-prescriptionz.com\/product\/nembutal-powder\/"]}]},{"@type":"ImageObject","inLanguage":"pt-PT","@id":"https:\/\/buy-prescriptionz.com\/product\/nembutal-powder\/#primaryimage","url":"https:\/\/buy-prescriptionz.com\/wp-content\/uploads\/2025\/09\/buy-nembutal-powder.jpg","contentUrl":"https:\/\/buy-prescriptionz.com\/wp-content\/uploads\/2025\/09\/buy-nembutal-powder.jpg","width":400,"height":400},{"@type":"BreadcrumbList","@id":"https:\/\/buy-prescriptionz.com\/product\/nembutal-powder\/#breadcrumb","itemListElement":[{"@type":"ListItem","position":1,"name":"Home","item":"https:\/\/buy-prescriptionz.com\/"},{"@type":"ListItem","position":2,"name":"Shop Painkillers Online","item":"https:\/\/buy-prescriptionz.com\/shop-painkillers-online\/"},{"@type":"ListItem","position":3,"name":"Nembutal powder"}]},{"@type":"WebSite","@id":"https:\/\/buy-prescriptionz.com\/#website","url":"https:\/\/buy-prescriptionz.com\/","name":"Buy Prescriptionz","description":"Drogas Online","publisher":{"@id":"https:\/\/buy-prescriptionz.com\/#organization"},"potentialAction":[{"@type":"SearchAction","target":{"@type":"EntryPoint","urlTemplate":"https:\/\/buy-prescriptionz.com\/?s={search_term_string}"},"query-input":{"@type":"PropertyValueSpecification","valueRequired":true,"valueName":"search_term_string"}}],"inLanguage":"pt-PT"},{"@type":"Organization","@id":"https:\/\/buy-prescriptionz.com\/#organization","name":"Buy Prescriptionz","url":"https:\/\/buy-prescriptionz.com\/","logo":{"@type":"ImageObject","inLanguage":"pt-PT","@id":"https:\/\/buy-prescriptionz.com\/#\/schema\/logo\/image\/","url":"https:\/\/buy-prescriptionz.com\/wp-content\/uploads\/2023\/09\/logo.png","contentUrl":"https:\/\/buy-prescriptionz.com\/wp-content\/uploads\/2023\/09\/logo.png","width":350,"height":64,"caption":"Buy Prescriptionz"},"image":{"@id":"https:\/\/buy-prescriptionz.com\/#\/schema\/logo\/image\/"}}]}},"_links":{"self":[{"href":"https:\/\/buy-prescriptionz.com\/pt_pt\/wp-json\/wp\/v2\/product\/3110","targetHints":{"allow":["GET"]}}],"collection":[{"href":"https:\/\/buy-prescriptionz.com\/pt_pt\/wp-json\/wp\/v2\/product"}],"about":[{"href":"https:\/\/buy-prescriptionz.com\/pt_pt\/wp-json\/wp\/v2\/types\/product"}],"replies":[{"embeddable":true,"href":"https:\/\/buy-prescriptionz.com\/pt_pt\/wp-json\/wp\/v2\/comments?post=3110"}],"wp:featuredmedia":[{"embeddable":true,"href":"https:\/\/buy-prescriptionz.com\/pt_pt\/wp-json\/wp\/v2\/media\/3142"}],"wp:attachment":[{"href":"https:\/\/buy-prescriptionz.com\/pt_pt\/wp-json\/wp\/v2\/media?parent=3110"}],"wp:term":[{"taxonomy":"product_brand","embeddable":true,"href":"https:\/\/buy-prescriptionz.com\/pt_pt\/wp-json\/wp\/v2\/product_brand?post=3110"},{"taxonomy":"product_cat","embeddable":true,"href":"https:\/\/buy-prescriptionz.com\/pt_pt\/wp-json\/wp\/v2\/product_cat?post=3110"},{"taxonomy":"product_tag","embeddable":true,"href":"https:\/\/buy-prescriptionz.com\/pt_pt\/wp-json\/wp\/v2\/product_tag?post=3110"}],"curies":[{"name":"wp","href":"https:\/\/api.w.org\/{rel}","templated":true}]}}