{"id":980,"date":"2019-05-08T05:48:55","date_gmt":"2019-05-08T05:48:55","guid":{"rendered":"https:\/\/buyprescriptionz.com\/?page_id=980"},"modified":"2019-10-27T09:25:04","modified_gmt":"2019-10-27T09:25:04","slug":"nembutal-pentobarbital","status":"publish","type":"page","link":"https:\/\/buy-prescriptionz.com\/ro\/nembutal-pentobarbital\/","title":{"rendered":"Nembutal Pentobarbital"},"content":{"rendered":"<h3 style=\"text-align: justify;\">De ce s\u0103 cump\u0103ra\u021bi Nembutal Pentobarbital online?<\/h3>\n<p style=\"text-align: justify;\">Cump\u0103ra\u021bi Nembutal pentobarbital online, Pentobarbitalul sau pentobarbitona este un barbituric cu ac\u021biune scurt\u0103. \u00cen doze mari, pentobarbitalul provoac\u0103 r\u0103pire respiratorie. Abbott Pharmaceuticals \u00eel vinde sub numele de Nembutal care este disponibil \u00een 50 \u0219i 100 mg <a href=\"https:\/\/de.wikipedia.org\/w\/index.php?sort=relevance&amp;search=Nembutal&amp;title=Spezial%3ASuche&amp;profile=advanced&amp;fulltext=1&amp;advancedSearch-current=%7B%7D&amp;ns0=1\">packaging<\/a>. La Buyprescriptionz.com,\u00a0<strong>cump\u0103rare Nembutal Pentobarbital online\u00a0<\/strong>cu ajutorul asisten\u021bei noastre prin chat pentru mai multe detalii \u0219i asigurarea livr\u0103rii.<\/p>\n<h3 style=\"text-align: justify;\" class=\"translation-block\">Utiliz\u0103ri medicale \u0219i recrea\u021bionale ale Nembutal Pentobarbital online<\/h3>\n<p style=\"text-align: justify;\" class=\"translation-block\">Acest medicament este prescris pentru o tulburare de somn \u0219i este o alegere din grupul de medicamente benzodiazepine. Nembutal se mai vinde pe str\u0103zi \u0219i sub denumirea de halate galbene, din cauza aspectului lor galben. Pute\u021bi cump\u0103ra Nembutal Pentobarbital f\u0103r\u0103 medic la farmacia online numit\u0103 Buyprescriptionz.com<\/p>\n<p style=\"text-align: justify;\" class=\"translation-block\">Cump\u0103ra\u021bi Nembutal Pentobarbital pentru efectele comune ale pentobarbitalului sunt lini\u0219titoare, induc\u00e2nd somnul pentru un moment, preanestezic, o tulburare de somn \u0219i controlul convulsiilor \u00een situa\u021bii de urgen\u021b\u0103. Pentobarbitalul \u00een pastil\u0103 nu mai este fabricat, dar sub form\u0103 de injec\u021bie este disponibil, iar pastilele sunt \u00eenc\u0103 disponibile cu furnizori de \u00eencredere pe Buyprescriptionz.com. Deci, acum \u0219ti\u021bi unde s\u0103 cump\u0103ra\u021bi Nembutal Pentobarbital online.<\/p>\n<p style=\"text-align: justify;\" class=\"translation-block\">Utilizarea sa ca agent soporific veterinar de ani de zile. Dac\u0103 sunte\u021bi un pasionat de medicin\u0103 veterinar\u0103, pute\u021bi comanda Nembutal Pentobarbital f\u0103r\u0103 prescrip\u021bie medical\u0103 la Buyprescriptionz.com.<\/p>\n<p style=\"text-align: justify;\" class=\"translation-block\">Pentobarbitalul este utilizat \u00een reducerea greut\u0103\u021bii intracraniene \u00een tulburarea Reye, \u00een leziunile cerebrale \u0219i \u00een acceptarea st\u0103rii de trans\u0103 la pacien\u021bii cu ischemie cerebral\u0103. Starea de trans\u0103 ini\u021biat\u0103 de pentobarbital este \u00eempins\u0103 la pacien\u021bii cu leziuni hepatice grave la manitol. Nembutal Pentobarbitalul Nembutal de v\u00e2nzare este disponibil pentru comenzi \u00een vrac cu noi \u0219i cu un serviciu de livrare rapid\u0103 \u0219i sigur\u0103.<\/p>\n<h3 style=\"text-align: justify;\">Farmacologia pentobarbitalului nembutal \u0219i efectele<\/h3>\n<p style=\"text-align: justify;\" class=\"translation-block\">Pentobarbitalul se amestec\u0103 prin strategii nediferen\u021biate de cele ale amobarbitalului, principalul compus fiind faptul c\u0103 alchilarea esterului \u03b1-etilmalonic se face cu 2-bromopentan \u00een loc de 1-bromo-3-metilbutan pentru a ob\u021bine pentobarbitalul. \u00cencerca\u021bi s\u0103 comanda\u021bi Nembutal Pentobarbital pur online cu Buyprescriptionz.<\/p>\n<p style=\"text-align: justify;\" class=\"translation-block\">Cum s\u0103 cump\u0103ra\u021bi Nembutal Pentobarbital online la pre\u021b ieftin, cu ambalaj discret \u0219i cu servicii de transport rapid \u0219i sigur? Pute\u021bi comanda la Buyprescriptionz.com \u0219i ve\u021bi experimenta efectele cele mai tratabile ale medicamentului pentru pacientul dumneavoastr\u0103 \u00een nevoie.<\/p>\n<p style=\"text-align: justify;\">Cel mai recunoscut efect secundar este somnul netratabil al sistemului nervos. R\u0103spunsuri antagoniste ca agita\u021bie, perplexitate, hiperchinezie, ataxie, descurajare a SNC, co\u0219maruri, aprehensiuni, influen\u021b\u0103 mental\u0103 nelini\u0219titoare, fantezii, privare de somn, nelini\u0219te, tipsiness \u0219i neregularitate a g\u00e2ndirii.<\/p>","protected":false},"excerpt":{"rendered":"<p>Why\u00a0buy Nembutal Pentobarbital online? Buy Nembutal pentobarbital online, Pentobarbital or pentobarbitone is a short-acting barbiturate. In high dosages, pentobarbital causes respiratory rapture. Abbott Pharmaceuticals sells it as Nembutal that\u2019s available in 50 and 100 mg packaging. At Buyprescriptionz.com,\u00a0purchase Nembutal Pentobarbital online\u00a0with the help of our chat support on more details and delivery assurance. Medical and [&hellip;]<\/p>","protected":false},"author":1,"featured_media":0,"parent":0,"menu_order":0,"comment_status":"open","ping_status":"open","template":"","meta":{"site-sidebar-layout":"default","site-content-layout":"","ast-site-content-layout":"default","site-content-style":"default","site-sidebar-style":"default","ast-global-header-display":"","ast-banner-title-visibility":"","ast-main-header-display":"","ast-hfb-above-header-display":"","ast-hfb-below-header-display":"","ast-hfb-mobile-header-display":"","site-post-title":"","ast-breadcrumbs-content":"","ast-featured-img":"","footer-sml-layout":"","theme-transparent-header-meta":"","adv-header-id-meta":"","stick-header-meta":"","header-above-stick-meta":"","header-main-stick-meta":"","header-below-stick-meta":"","astra-migrate-meta-layouts":"default","ast-page-background-enabled":"default","ast-page-background-meta":{"desktop":{"background-color":"var(--ast-global-color-4)","background-image":"","background-repeat":"repeat","background-position":"center center","background-size":"auto","background-attachment":"scroll","background-type":"","background-media":"","overlay-type":"","overlay-color":"","overlay-opacity":"","overlay-gradient":""},"tablet":{"background-color":"","background-image":"","background-repeat":"repeat","background-position":"center center","background-size":"auto","background-attachment":"scroll","background-type":"","background-media":"","overlay-type":"","overlay-color":"","overlay-opacity":"","overlay-gradient":""},"mobile":{"background-color":"","background-image":"","background-repeat":"repeat","background-position":"center center","background-size":"auto","background-attachment":"scroll","background-type":"","background-media":"","overlay-type":"","overlay-color":"","overlay-opacity":"","overlay-gradient":""}},"ast-content-background-meta":{"desktop":{"background-color":"var(--ast-global-color-5)","background-image":"","background-repeat":"repeat","background-position":"center center","background-size":"auto","background-attachment":"scroll","background-type":"","background-media":"","overlay-type":"","overlay-color":"","overlay-opacity":"","overlay-gradient":""},"tablet":{"background-color":"var(--ast-global-color-5)","background-image":"","background-repeat":"repeat","background-position":"center center","background-size":"auto","background-attachment":"scroll","background-type":"","background-media":"","overlay-type":"","overlay-color":"","overlay-opacity":"","overlay-gradient":""},"mobile":{"background-color":"var(--ast-global-color-5)","background-image":"","background-repeat":"repeat","background-position":"center center","background-size":"auto","background-attachment":"scroll","background-type":"","background-media":"","overlay-type":"","overlay-color":"","overlay-opacity":"","overlay-gradient":""}},"footnotes":""},"class_list":["post-980","page","type-page","status-publish","hentry"],"yoast_head":"<!-- This site is optimized with the Yoast SEO plugin v25.9 - https:\/\/yoast.com\/wordpress\/plugins\/seo\/ -->\n<title>Buy Nembutal pentobarbital online | Pentobarbital for sale<\/title>\n<meta name=\"description\" content=\"Buy Real Nembutal pentobarbital online,Buy Nembutal online and have it shipped to your home, We supply Nembutal sodium solution, Nembutal pill\" \/>\n<meta name=\"robots\" content=\"index, follow, max-snippet:-1, max-image-preview:large, max-video-preview:-1\" \/>\n<link rel=\"canonical\" href=\"https:\/\/buy-prescriptionz.com\/ro\/nembutal-pentobarbital\/\" \/>\n<meta property=\"og:locale\" content=\"ro_RO\" \/>\n<meta property=\"og:type\" content=\"article\" \/>\n<meta property=\"og:title\" content=\"Buy Nembutal pentobarbital online | Pentobarbital for sale\" \/>\n<meta property=\"og:description\" content=\"Buy Real Nembutal pentobarbital online,Buy Nembutal online and have it shipped to your home, We supply Nembutal sodium solution, Nembutal pill\" \/>\n<meta property=\"og:url\" content=\"https:\/\/buy-prescriptionz.com\/ro\/nembutal-pentobarbital\/\" \/>\n<meta property=\"og:site_name\" content=\"Buy Prescriptionz\" \/>\n<meta property=\"article:modified_time\" content=\"2019-10-27T09:25:04+00:00\" \/>\n<meta name=\"twitter:card\" content=\"summary_large_image\" \/>\n<meta name=\"twitter:label1\" content=\"Timp estimat pentru citire\" \/>\n\t<meta name=\"twitter:data1\" content=\"2 minute\" \/>\n<script type=\"application\/ld+json\" class=\"yoast-schema-graph\">{\"@context\":\"https:\/\/schema.org\",\"@graph\":[{\"@type\":\"WebPage\",\"@id\":\"https:\/\/buy-prescriptionz.com\/nembutal-pentobarbital\/\",\"url\":\"https:\/\/buy-prescriptionz.com\/nembutal-pentobarbital\/\",\"name\":\"Buy Nembutal pentobarbital online | Pentobarbital for sale\",\"isPartOf\":{\"@id\":\"https:\/\/buy-prescriptionz.com\/#website\"},\"datePublished\":\"2019-05-08T05:48:55+00:00\",\"dateModified\":\"2019-10-27T09:25:04+00:00\",\"description\":\"Buy Real Nembutal pentobarbital online,Buy Nembutal online and have it shipped to your home, We supply Nembutal sodium solution, Nembutal pill\",\"breadcrumb\":{\"@id\":\"https:\/\/buy-prescriptionz.com\/nembutal-pentobarbital\/#breadcrumb\"},\"inLanguage\":\"ro-RO\",\"potentialAction\":[{\"@type\":\"ReadAction\",\"target\":[\"https:\/\/buy-prescriptionz.com\/nembutal-pentobarbital\/\"]}]},{\"@type\":\"BreadcrumbList\",\"@id\":\"https:\/\/buy-prescriptionz.com\/nembutal-pentobarbital\/#breadcrumb\",\"itemListElement\":[{\"@type\":\"ListItem\",\"position\":1,\"name\":\"Home\",\"item\":\"https:\/\/buy-prescriptionz.com\/\"},{\"@type\":\"ListItem\",\"position\":2,\"name\":\"Nembutal Pentobarbital\"}]},{\"@type\":\"WebSite\",\"@id\":\"https:\/\/buy-prescriptionz.com\/#website\",\"url\":\"https:\/\/buy-prescriptionz.com\/\",\"name\":\"Buy Prescriptionz\",\"description\":\"Drugs Online\",\"publisher\":{\"@id\":\"https:\/\/buy-prescriptionz.com\/#organization\"},\"potentialAction\":[{\"@type\":\"SearchAction\",\"target\":{\"@type\":\"EntryPoint\",\"urlTemplate\":\"https:\/\/buy-prescriptionz.com\/?s={search_term_string}\"},\"query-input\":{\"@type\":\"PropertyValueSpecification\",\"valueRequired\":true,\"valueName\":\"search_term_string\"}}],\"inLanguage\":\"ro-RO\"},{\"@type\":\"Organization\",\"@id\":\"https:\/\/buy-prescriptionz.com\/#organization\",\"name\":\"Buy Prescriptionz\",\"url\":\"https:\/\/buy-prescriptionz.com\/\",\"logo\":{\"@type\":\"ImageObject\",\"inLanguage\":\"ro-RO\",\"@id\":\"https:\/\/buy-prescriptionz.com\/#\/schema\/logo\/image\/\",\"url\":\"https:\/\/buy-prescriptionz.com\/wp-content\/uploads\/2023\/09\/logo.png\",\"contentUrl\":\"https:\/\/buy-prescriptionz.com\/wp-content\/uploads\/2023\/09\/logo.png\",\"width\":350,\"height\":64,\"caption\":\"Buy Prescriptionz\"},\"image\":{\"@id\":\"https:\/\/buy-prescriptionz.com\/#\/schema\/logo\/image\/\"}}]}<\/script>\n<!-- \/ Yoast SEO plugin. -->","yoast_head_json":{"title":"Cump\u0103ra\u021bi Nembutal pentobarbital online | Nembutal Pentobarbital de v\u00e2nzare","description":"Cump\u0103ra\u021bi Nembutal pentobarbital Real Nembutal online, Cump\u0103ra\u021bi Nembutal online \u0219i expedia\u021bi-l la domiciliu, Noi furniz\u0103m Nembutal solu\u021bie de sodiu, Nembutal pilula Nembutal","robots":{"index":"index","follow":"follow","max-snippet":"max-snippet:-1","max-image-preview":"max-image-preview:large","max-video-preview":"max-video-preview:-1"},"canonical":"https:\/\/buy-prescriptionz.com\/ro\/nembutal-pentobarbital\/","og_locale":"ro_RO","og_type":"article","og_title":"Buy Nembutal pentobarbital online | Pentobarbital for sale","og_description":"Buy Real Nembutal pentobarbital online,Buy Nembutal online and have it shipped to your home, We supply Nembutal sodium solution, Nembutal pill","og_url":"https:\/\/buy-prescriptionz.com\/ro\/nembutal-pentobarbital\/","og_site_name":"Buy Prescriptionz","article_modified_time":"2019-10-27T09:25:04+00:00","twitter_card":"summary_large_image","twitter_misc":{"Timp estimat pentru citire":"2 minute"},"schema":{"@context":"https:\/\/schema.org","@graph":[{"@type":"WebPage","@id":"https:\/\/buy-prescriptionz.com\/nembutal-pentobarbital\/","url":"https:\/\/buy-prescriptionz.com\/nembutal-pentobarbital\/","name":"Cump\u0103ra\u021bi Nembutal pentobarbital online | Nembutal Pentobarbital de v\u00e2nzare","isPartOf":{"@id":"https:\/\/buy-prescriptionz.com\/#website"},"datePublished":"2019-05-08T05:48:55+00:00","dateModified":"2019-10-27T09:25:04+00:00","description":"Cump\u0103ra\u021bi Nembutal pentobarbital Real Nembutal online, Cump\u0103ra\u021bi Nembutal online \u0219i expedia\u021bi-l la domiciliu, Noi furniz\u0103m Nembutal solu\u021bie de sodiu, Nembutal pilula Nembutal","breadcrumb":{"@id":"https:\/\/buy-prescriptionz.com\/nembutal-pentobarbital\/#breadcrumb"},"inLanguage":"ro-RO","potentialAction":[{"@type":"ReadAction","target":["https:\/\/buy-prescriptionz.com\/nembutal-pentobarbital\/"]}]},{"@type":"BreadcrumbList","@id":"https:\/\/buy-prescriptionz.com\/nembutal-pentobarbital\/#breadcrumb","itemListElement":[{"@type":"ListItem","position":1,"name":"Home","item":"https:\/\/buy-prescriptionz.com\/"},{"@type":"ListItem","position":2,"name":"Nembutal Pentobarbital"}]},{"@type":"WebSite","@id":"https:\/\/buy-prescriptionz.com\/#website","url":"https:\/\/buy-prescriptionz.com\/","name":"Buy Prescriptionz","description":"Medicamente online","publisher":{"@id":"https:\/\/buy-prescriptionz.com\/#organization"},"potentialAction":[{"@type":"SearchAction","target":{"@type":"EntryPoint","urlTemplate":"https:\/\/buy-prescriptionz.com\/?s={search_term_string}"},"query-input":{"@type":"PropertyValueSpecification","valueRequired":true,"valueName":"search_term_string"}}],"inLanguage":"ro-RO"},{"@type":"Organization","@id":"https:\/\/buy-prescriptionz.com\/#organization","name":"Buy Prescriptionz","url":"https:\/\/buy-prescriptionz.com\/","logo":{"@type":"ImageObject","inLanguage":"ro-RO","@id":"https:\/\/buy-prescriptionz.com\/#\/schema\/logo\/image\/","url":"https:\/\/buy-prescriptionz.com\/wp-content\/uploads\/2023\/09\/logo.png","contentUrl":"https:\/\/buy-prescriptionz.com\/wp-content\/uploads\/2023\/09\/logo.png","width":350,"height":64,"caption":"Buy Prescriptionz"},"image":{"@id":"https:\/\/buy-prescriptionz.com\/#\/schema\/logo\/image\/"}}]}},"_links":{"self":[{"href":"https:\/\/buy-prescriptionz.com\/ro\/wp-json\/wp\/v2\/pages\/980","targetHints":{"allow":["GET"]}}],"collection":[{"href":"https:\/\/buy-prescriptionz.com\/ro\/wp-json\/wp\/v2\/pages"}],"about":[{"href":"https:\/\/buy-prescriptionz.com\/ro\/wp-json\/wp\/v2\/types\/page"}],"author":[{"embeddable":true,"href":"https:\/\/buy-prescriptionz.com\/ro\/wp-json\/wp\/v2\/users\/1"}],"replies":[{"embeddable":true,"href":"https:\/\/buy-prescriptionz.com\/ro\/wp-json\/wp\/v2\/comments?post=980"}],"version-history":[{"count":0,"href":"https:\/\/buy-prescriptionz.com\/ro\/wp-json\/wp\/v2\/pages\/980\/revisions"}],"wp:attachment":[{"href":"https:\/\/buy-prescriptionz.com\/ro\/wp-json\/wp\/v2\/media?parent=980"}],"curies":[{"name":"wp","href":"https:\/\/api.w.org\/{rel}","templated":true}]}}