{"id":2943,"date":"2025-09-16T08:55:29","date_gmt":"2025-09-16T08:55:29","guid":{"rendered":"https:\/\/chemsfine.com\/newsite\/?post_type=product&#038;p=2943"},"modified":"2025-09-23T14:06:48","modified_gmt":"2025-09-23T14:06:48","slug":"cumparati-pastile-de-nembutal-online","status":"publish","type":"product","link":"https:\/\/buy-prescriptionz.com\/ro\/produs\/cumparati-pastile-de-nembutal-online\/","title":{"rendered":"Cump\u0103ra\u021bi Nembutal pastile online"},"content":{"rendered":"<h2>CUMP\u0102R\u0102 PASTILE NEMBUTAL<\/h2>\n<p>COMPRA\u021aI PILULE DE NEMBUTAL COMPRA\u021aI PILULE DE NEMBUTAL; Solu\u021bia de sodiu Nembutal (pentobarbital sodic injectabil) este o solu\u021bie steril\u0103 pentru injectare intravenoas\u0103 sau intramuscular\u0103. Fiecare ml con\u021bine pentobarbital sodic 50 mg, \u00eentr-un vehicul format din propilenglicol, 40%, alcool, 10% \u0219i ap\u0103 pentru preparate injectabile, la volum. pH-ul este ajustat la aproximativ 9,5 cu acid clorhidric \u0219i\/sau sodiu ...<\/p>\n<p>Sarea de sodiu se prezint\u0103 sub form\u0103 de pulbere alb\u0103, u\u0219or amar\u0103, liber solubil\u0103 \u00een ap\u0103 \u0219i alcool, dar practic insolubil\u0103 \u00een benzen \u0219i eter. Barbituricele sunt capabile s\u0103 produc\u0103 toate nivelurile de alterare a dispozi\u021biei la nivelul SNC, de la excita\u021bie la sedare u\u0219oar\u0103, hipnoz\u0103 \u0219i com\u0103 profund\u0103. Supradozajul poate produce moartea. \u00cen doze terapeutice suficient de mari, barbituricele induc anestezie. Barbituricele deprim\u0103 cortexul senzorial, scad activitatea motorie, altereaz\u0103 func\u021bia cerebeloas\u0103 \u0219i produc somnolen\u021b\u0103, sedare \u0219i hipnoz\u0103.<\/p>\n<p>Somnul indus de barbiturice difer\u0103 de somnul fiziologic. Studiile de laborator privind somnul au demonstrat c\u0103 barbituricele reduc timpul petrecut \u00een faza de mi\u0219c\u0103ri rapide ale ochilor (REM) a somnului sau \u00een stadiul de visare. De asemenea, somnul \u00een stadiile III \u0219i IV este redus. \u00cen urma \u00eentreruperii bru\u0219te a administr\u0103rii regulate de barbiturice, pacien\u021bii pot prezenta o cre\u0219tere semnificativ\u0103 a num\u0103rului de visare, co\u0219maruri \u0219i\/sau insomnie. Prin urmare, s-a recomandat retragerea unei singure doze terapeutice pe parcursul a 5 sau 6 zile pentru a reduce rebound-ul REM \u0219i tulbur\u0103rile de somn care contribuie la sindromul de sevraj (de exemplu, sc\u0103derea dozei de la 3 la 2 doze pe zi timp de 1 s\u0103pt\u0103m\u00e2n\u0103).<\/p>\n<p class=\"p1\"><span class=\"s1\">Cump\u0103ra\u021bi analgezice ieftine online, cump\u0103ra\u021bi Lortab online, comanda\u021bi analgezice online, comanda\u021bi analgezice online. Cump\u0103ra\u021bi analgezice online f\u0103r\u0103 prescrip\u021bie medical\u0103,\u00a0<\/span>Barbituricele sunt deprimante neselective ale sistemului nervos central, utilizate \u00een principal ca hipnotice sedative \u0219i, de asemenea, anticonvulsivante \u00een doze subhipnotice. Barbituricele \u0219i s\u0103rurile lor de sodiu sunt supuse controlului \u00een temeiul Legii federale privind substan\u021bele controlate (vezi sec\u021biunea \u201eAbuzul \u0219i dependen\u021ba de droguri\u201d). S\u0103rurile de sodiu ale amobarbitalului, pentobarbitalului, fenobarbitalului \u0219i secobarbitalului sunt disponibile sub form\u0103 de solu\u021bii parenterale sterile. Barbituricele sunt deriva\u021bi de pirimidin\u0103 substitui\u021bi, \u00een care structura de baz\u0103 comun\u0103 acestor medicamente este acidul barbituric, o substan\u021b\u0103 care nu are activitate asupra sistemului nervos central (SNC). Activitatea SNC se ob\u021bine prin substituirea grup\u0103rilor alchil, alchenil sau aril pe inelul pirimidinic.<\/p>\n<h3>Pastile de Nembutal<\/h3>\n<p>Nembutalul, cunoscut \u0219i sub numele de pentobarbital, este un medicament utilizat \u00een diverse scopuri, inclusiv sedare \u0219i tratamentul convulsiilor. Iat\u0103 o analiz\u0103 detaliat\u0103 a beneficiilor, utiliz\u0103rii \u0219i dozelor sale:<\/p>\n<h3>Beneficiile pastilelor de Nembutal<\/h3>\n<ul>\n<li>Propriet\u0103\u021bi sedative: Induce somnolen\u021b\u0103 \u0219i relaxare, fiind util pentru tratarea insomniei sau a anxiet\u0103\u021bii \u00eenainte de interven\u021biile chirurgicale.<\/li>\n<li>Efecte anticonvulsivante: Nembutalul ajut\u0103 la controlul convulsiilor \u00een afec\u021biuni precum epilepsia.<\/li>\n<li>Euthanasia: It&#8217;s sometimes used for humane euthanasia in veterinary medicine.<\/li>\n<\/ul>\n<h3>Utilizarea pastilelor de Nembutal<\/h3>\n<ul>\n<li>Insomnie \u0219i anxietate: Administrare oral\u0103 \u00eenainte de culcare pentru sedare.<\/li>\n<li>Controlul convulsiilor: Administrare intravenoas\u0103 pentru un debut rapid \u0219i o gestionare eficient\u0103 a convulsiilor.<\/li>\n<li>Eutanasie: Administrat\u0103 sub strict\u0103 supraveghere medical\u0103 pentru eutanasie uman\u0103.<\/li>\n<\/ul>\n<h3>Instruc\u021biuni de dozare<\/h3>\n<ul>\n<li>Insomnie: De obicei, 50-100 mg administrate oral la culcare.<\/li>\n<li>Convulsii: Dozele intravenoase variaz\u0103 \u00eentre 100 \u0219i 200 mg, ajustate \u00een func\u021bie de r\u0103spuns.<\/li>\n<li>Eutanasia: Administrat\u0103 \u00een doze mai mari sub strict\u0103 supraveghere medical\u0103.<\/li>\n<\/ul>\n<p>Pastilele de Nembutal sunt valoroase pentru propriet\u0103\u021bile lor sedative, anticonvulsivante \u0219i eutanasiante. Acestea ofer\u0103 ameliorarea insomniei, anxiet\u0103\u021bii, convulsiilor \u0219i ofer\u0103 o op\u021biune lini\u0219tit\u0103 pentru sf\u00e2r\u0219itul vie\u021bii animalelor de companie. Pentru acces fiabil la Nembutal \u0219i alte produse farmaceutice, conecta\u021bi-v\u0103 online la cea mai bun\u0103 farmacie. <a href=\"http:\/\/buy-prescriptionz.com\/ro\/\">buy-prescriptionz.com<\/a>.<\/p>\n<h3>UNDE S\u0102 SE DUCE:<\/h3>\n<ul class=\"tagchecklist\" role=\"list\">\n<li><button id=\"product_tag-check-num-0\" class=\"ntdelbutton\" type=\"button\"><span class=\"screen-reader-text\">Remove term: best quality Nembutal pills online<\/span><\/button>\u00a0Pastile Nembutal de cea mai bun\u0103 calitate online<\/li>\n<li><button id=\"product_tag-check-num-1\" class=\"ntdelbutton\" type=\"button\"><span class=\"screen-reader-text\">Remove term: Buy Nembutal pills online<\/span><\/button>\u00a0Cump\u0103ra\u021bi pastile de Nembutal online<\/li>\n<li><button id=\"product_tag-check-num-2\" class=\"ntdelbutton\" type=\"button\"><span class=\"screen-reader-text\">Remove term: cheap Nembutal pills online<\/span><\/button>\u00a0pastile Nembutal ieftine online<\/li>\n<li><button id=\"product_tag-check-num-3\" class=\"ntdelbutton\" type=\"button\"><span class=\"screen-reader-text\">Remove term: free shipping Nembutal pills online<\/span><\/button>\u00a0transport gratuit Nembutal pastile online<\/li>\n<li><button id=\"product_tag-check-num-4\" class=\"ntdelbutton\" type=\"button\"><span class=\"screen-reader-text\">Remove term: genuine supplies Nembutal pills online<\/span><\/button>\u00a0consumabile autentice Nembutal pastile online<\/li>\n<li><button id=\"product_tag-check-num-5\" class=\"ntdelbutton\" type=\"button\"><span class=\"screen-reader-text\">Remove term: how to buy Nembutal pills online<\/span><\/button>\u00a0Cum s\u0103 cumperi pastile de Nembutal online<\/li>\n<li><button id=\"product_tag-check-num-6\" class=\"ntdelbutton\" type=\"button\"><span class=\"screen-reader-text\">Remove term: purchase Nembutal pills online<\/span><\/button>\u00a0cump\u0103ra\u021bi pastile Nembutal online<\/li>\n<li><button id=\"product_tag-check-num-7\" class=\"ntdelbutton\" type=\"button\"><span class=\"screen-reader-text\">Remove term: reliable Nembutal pills online<\/span><\/button>\u00a0pastile Nembutal de \u00eencredere online<\/li>\n<li><button id=\"product_tag-check-num-8\" class=\"ntdelbutton\" type=\"button\"><span class=\"screen-reader-text\">Remove term: where to buy Nembutal pills online<\/span><\/button>\u00a0Unde se pot cump\u0103ra pastile de Nembutal online<\/li>\n<li><button id=\"product_tag-check-num-9\" class=\"ntdelbutton\" type=\"button\"><span class=\"screen-reader-text\">Remove term: wholesale price Nembutal pills online<\/span><\/button>\u00a0Pre\u021b cu ridicata Nembutal pastile online<\/li>\n<\/ul>","protected":false},"excerpt":{"rendered":"<p>BUY NEMBUTAL PILLS BUY NEMBUTAL PILLS; Nembutal Sodium Solution (pentobarbital sodium injection) is a sterile solution for intravenous or intramuscular injection. Each mL contains pentobarbital sodium 50 mg, in a vehicle of propylene glycol, 40%, alcohol, 10% and water for injection, to volume. The pH is adjusted to approximately 9.5 with hydrochloric acid and\/or sodium [&hellip;]<\/p>","protected":false},"featured_media":2973,"comment_status":"open","ping_status":"closed","template":"","meta":{"site-sidebar-layout":"default","site-content-layout":"","ast-site-content-layout":"default","site-content-style":"default","site-sidebar-style":"default","ast-global-header-display":"","ast-banner-title-visibility":"","ast-main-header-display":"","ast-hfb-above-header-display":"","ast-hfb-below-header-display":"","ast-hfb-mobile-header-display":"","site-post-title":"","ast-breadcrumbs-content":"","ast-featured-img":"","footer-sml-layout":"","theme-transparent-header-meta":"default","adv-header-id-meta":"","stick-header-meta":"","header-above-stick-meta":"","header-main-stick-meta":"","header-below-stick-meta":"","astra-migrate-meta-layouts":"set","ast-page-background-enabled":"default","ast-page-background-meta":{"desktop":{"background-color":"var(--ast-global-color-4)","background-image":"","background-repeat":"repeat","background-position":"center center","background-size":"auto","background-attachment":"scroll","background-type":"","background-media":"","overlay-type":"","overlay-color":"","overlay-opacity":"","overlay-gradient":""},"tablet":{"background-color":"","background-image":"","background-repeat":"repeat","background-position":"center center","background-size":"auto","background-attachment":"scroll","background-type":"","background-media":"","overlay-type":"","overlay-color":"","overlay-opacity":"","overlay-gradient":""},"mobile":{"background-color":"","background-image":"","background-repeat":"repeat","background-position":"center center","background-size":"auto","background-attachment":"scroll","background-type":"","background-media":"","overlay-type":"","overlay-color":"","overlay-opacity":"","overlay-gradient":""}},"ast-content-background-meta":{"desktop":{"background-color":"var(--ast-global-color-5)","background-image":"","background-repeat":"repeat","background-position":"center center","background-size":"auto","background-attachment":"scroll","background-type":"","background-media":"","overlay-type":"","overlay-color":"","overlay-opacity":"","overlay-gradient":""},"tablet":{"background-color":"var(--ast-global-color-5)","background-image":"","background-repeat":"repeat","background-position":"center center","background-size":"auto","background-attachment":"scroll","background-type":"","background-media":"","overlay-type":"","overlay-color":"","overlay-opacity":"","overlay-gradient":""},"mobile":{"background-color":"var(--ast-global-color-5)","background-image":"","background-repeat":"repeat","background-position":"center center","background-size":"auto","background-attachment":"scroll","background-type":"","background-media":"","overlay-type":"","overlay-color":"","overlay-opacity":"","overlay-gradient":""}}},"product_brand":[],"product_cat":[15],"product_tag":[1914,1915,1913,1908,1911,1910,1909,1912,1907,1916,1906],"class_list":{"0":"post-2943","1":"product","2":"type-product","3":"status-publish","4":"has-post-thumbnail","6":"product_cat-buy-prescription-drugs","7":"product_tag-buy-nembutal-pills-in-canada","8":"product_tag-buy-nembutal-pills-in-uk","9":"product_tag-buy-nembutal-pills-in-usa","10":"product_tag-buy-nembutal-pills-with-bitcoin","11":"product_tag-buy-nembutal-pills-with-credit-card","12":"product_tag-buy-nembutal-pills-with-money-gram","13":"product_tag-buy-nembutal-pills-with-western-union","14":"product_tag-buy-nembutal-pills-without-a-doctor","15":"product_tag-buy-nembutal-pills-without-prescription","16":"product_tag-nembutal-pills","17":"product_tag-nembutal-pills-for-sale","18":"desktop-align-center","19":"tablet-align-left","20":"mobile-align-left","22":"first","23":"instock","24":"shipping-taxable","25":"purchasable","26":"product-type-variable","27":"has-default-attributes"},"yoast_head":"<!-- This site is optimized with the Yoast SEO plugin v25.9 - https:\/\/yoast.com\/wordpress\/plugins\/seo\/ -->\n<title>Buy Nembutal Pills Online - BUY NEMBUTAL PILLS ONLINE NOW<\/title>\n<meta name=\"description\" content=\"Purchase Nembutal pills online from us. We provide Nembutal pills at wholesale price, and also we offer free shipping when you order Nembutal pills online.\" \/>\n<meta name=\"robots\" content=\"index, follow, max-snippet:-1, max-image-preview:large, max-video-preview:-1\" \/>\n<link rel=\"canonical\" href=\"https:\/\/buy-prescriptionz.com\/ro\/produs\/cumparati-pastile-de-nembutal-online\/\" \/>\n<meta property=\"og:locale\" content=\"ro_RO\" \/>\n<meta property=\"og:type\" content=\"article\" \/>\n<meta property=\"og:title\" content=\"Buy Nembutal Pills Online - BUY NEMBUTAL PILLS ONLINE NOW\" \/>\n<meta property=\"og:description\" content=\"Purchase Nembutal pills online from us. We provide Nembutal pills at wholesale price, and also we offer free shipping when you order Nembutal pills online.\" \/>\n<meta property=\"og:url\" content=\"https:\/\/buy-prescriptionz.com\/ro\/produs\/cumparati-pastile-de-nembutal-online\/\" \/>\n<meta property=\"og:site_name\" content=\"Buy Prescriptionz\" \/>\n<meta property=\"article:modified_time\" content=\"2025-09-23T14:06:48+00:00\" \/>\n<meta property=\"og:image\" content=\"https:\/\/buy-prescriptionz.com\/wp-content\/uploads\/2025\/09\/Buy-Nembutal-pills-online.jpeg\" \/>\n\t<meta property=\"og:image:width\" content=\"600\" \/>\n\t<meta property=\"og:image:height\" content=\"400\" \/>\n\t<meta property=\"og:image:type\" content=\"image\/jpeg\" \/>\n<meta name=\"twitter:card\" content=\"summary_large_image\" \/>\n<meta name=\"twitter:label1\" content=\"Timp estimat pentru citire\" \/>\n\t<meta name=\"twitter:data1\" content=\"4 minute\" \/>\n<script type=\"application\/ld+json\" class=\"yoast-schema-graph\">{\"@context\":\"https:\/\/schema.org\",\"@graph\":[{\"@type\":\"WebPage\",\"@id\":\"https:\/\/buy-prescriptionz.com\/product\/buy-nembutal-pills-online\/\",\"url\":\"https:\/\/buy-prescriptionz.com\/product\/buy-nembutal-pills-online\/\",\"name\":\"Buy Nembutal Pills Online - BUY NEMBUTAL PILLS ONLINE NOW\",\"isPartOf\":{\"@id\":\"https:\/\/buy-prescriptionz.com\/#website\"},\"primaryImageOfPage\":{\"@id\":\"https:\/\/buy-prescriptionz.com\/product\/buy-nembutal-pills-online\/#primaryimage\"},\"image\":{\"@id\":\"https:\/\/buy-prescriptionz.com\/product\/buy-nembutal-pills-online\/#primaryimage\"},\"thumbnailUrl\":\"https:\/\/buy-prescriptionz.com\/wp-content\/uploads\/2025\/09\/Buy-Nembutal-pills-online.jpeg\",\"datePublished\":\"2025-09-16T08:55:29+00:00\",\"dateModified\":\"2025-09-23T14:06:48+00:00\",\"description\":\"Purchase Nembutal pills online from us. We provide Nembutal pills at wholesale price, and also we offer free shipping when you order Nembutal pills online.\",\"breadcrumb\":{\"@id\":\"https:\/\/buy-prescriptionz.com\/product\/buy-nembutal-pills-online\/#breadcrumb\"},\"inLanguage\":\"ro-RO\",\"potentialAction\":[{\"@type\":\"ReadAction\",\"target\":[\"https:\/\/buy-prescriptionz.com\/product\/buy-nembutal-pills-online\/\"]}]},{\"@type\":\"ImageObject\",\"inLanguage\":\"ro-RO\",\"@id\":\"https:\/\/buy-prescriptionz.com\/product\/buy-nembutal-pills-online\/#primaryimage\",\"url\":\"https:\/\/buy-prescriptionz.com\/wp-content\/uploads\/2025\/09\/Buy-Nembutal-pills-online.jpeg\",\"contentUrl\":\"https:\/\/buy-prescriptionz.com\/wp-content\/uploads\/2025\/09\/Buy-Nembutal-pills-online.jpeg\",\"width\":600,\"height\":400},{\"@type\":\"BreadcrumbList\",\"@id\":\"https:\/\/buy-prescriptionz.com\/product\/buy-nembutal-pills-online\/#breadcrumb\",\"itemListElement\":[{\"@type\":\"ListItem\",\"position\":1,\"name\":\"Home\",\"item\":\"https:\/\/buy-prescriptionz.com\/\"},{\"@type\":\"ListItem\",\"position\":2,\"name\":\"Shop Painkillers Online\",\"item\":\"https:\/\/buy-prescriptionz.com\/shop-painkillers-online\/\"},{\"@type\":\"ListItem\",\"position\":3,\"name\":\"Buy Nembutal Pills Online\"}]},{\"@type\":\"WebSite\",\"@id\":\"https:\/\/buy-prescriptionz.com\/#website\",\"url\":\"https:\/\/buy-prescriptionz.com\/\",\"name\":\"Buy Prescriptionz\",\"description\":\"Drugs Online\",\"publisher\":{\"@id\":\"https:\/\/buy-prescriptionz.com\/#organization\"},\"potentialAction\":[{\"@type\":\"SearchAction\",\"target\":{\"@type\":\"EntryPoint\",\"urlTemplate\":\"https:\/\/buy-prescriptionz.com\/?s={search_term_string}\"},\"query-input\":{\"@type\":\"PropertyValueSpecification\",\"valueRequired\":true,\"valueName\":\"search_term_string\"}}],\"inLanguage\":\"ro-RO\"},{\"@type\":\"Organization\",\"@id\":\"https:\/\/buy-prescriptionz.com\/#organization\",\"name\":\"Buy Prescriptionz\",\"url\":\"https:\/\/buy-prescriptionz.com\/\",\"logo\":{\"@type\":\"ImageObject\",\"inLanguage\":\"ro-RO\",\"@id\":\"https:\/\/buy-prescriptionz.com\/#\/schema\/logo\/image\/\",\"url\":\"https:\/\/buy-prescriptionz.com\/wp-content\/uploads\/2023\/09\/logo.png\",\"contentUrl\":\"https:\/\/buy-prescriptionz.com\/wp-content\/uploads\/2023\/09\/logo.png\",\"width\":350,\"height\":64,\"caption\":\"Buy Prescriptionz\"},\"image\":{\"@id\":\"https:\/\/buy-prescriptionz.com\/#\/schema\/logo\/image\/\"}}]}<\/script>\n<!-- \/ Yoast SEO plugin. -->","yoast_head_json":{"title":"Cump\u0103ra\u021bi Pastile Nembutal Online - CUMP\u0102R\u0102 PASTILULE NEMBUTAL ONLINE ACUM","description":"Cump\u0103ra\u021bi pastile Nembutal online de la noi. Oferim pastile Nembutal la pre\u021b en-gros \u0219i oferim \u0219i livrare gratuit\u0103 atunci c\u00e2nd comanda\u021bi pastile Nembutal online.","robots":{"index":"index","follow":"follow","max-snippet":"max-snippet:-1","max-image-preview":"max-image-preview:large","max-video-preview":"max-video-preview:-1"},"canonical":"https:\/\/buy-prescriptionz.com\/ro\/produs\/cumparati-pastile-de-nembutal-online\/","og_locale":"ro_RO","og_type":"article","og_title":"Buy Nembutal Pills Online - BUY NEMBUTAL PILLS ONLINE NOW","og_description":"Purchase Nembutal pills online from us. We provide Nembutal pills at wholesale price, and also we offer free shipping when you order Nembutal pills online.","og_url":"https:\/\/buy-prescriptionz.com\/ro\/produs\/cumparati-pastile-de-nembutal-online\/","og_site_name":"Buy Prescriptionz","article_modified_time":"2025-09-23T14:06:48+00:00","og_image":[{"width":600,"height":400,"url":"https:\/\/buy-prescriptionz.com\/wp-content\/uploads\/2025\/09\/Buy-Nembutal-pills-online.jpeg","type":"image\/jpeg"}],"twitter_card":"summary_large_image","twitter_misc":{"Timp estimat pentru citire":"4 minute"},"schema":{"@context":"https:\/\/schema.org","@graph":[{"@type":"WebPage","@id":"https:\/\/buy-prescriptionz.com\/product\/buy-nembutal-pills-online\/","url":"https:\/\/buy-prescriptionz.com\/product\/buy-nembutal-pills-online\/","name":"Cump\u0103ra\u021bi Pastile Nembutal Online - CUMP\u0102R\u0102 PASTILULE NEMBUTAL ONLINE ACUM","isPartOf":{"@id":"https:\/\/buy-prescriptionz.com\/#website"},"primaryImageOfPage":{"@id":"https:\/\/buy-prescriptionz.com\/product\/buy-nembutal-pills-online\/#primaryimage"},"image":{"@id":"https:\/\/buy-prescriptionz.com\/product\/buy-nembutal-pills-online\/#primaryimage"},"thumbnailUrl":"https:\/\/buy-prescriptionz.com\/wp-content\/uploads\/2025\/09\/Buy-Nembutal-pills-online.jpeg","datePublished":"2025-09-16T08:55:29+00:00","dateModified":"2025-09-23T14:06:48+00:00","description":"Cump\u0103ra\u021bi pastile Nembutal online de la noi. Oferim pastile Nembutal la pre\u021b en-gros \u0219i oferim \u0219i livrare gratuit\u0103 atunci c\u00e2nd comanda\u021bi pastile Nembutal online.","breadcrumb":{"@id":"https:\/\/buy-prescriptionz.com\/product\/buy-nembutal-pills-online\/#breadcrumb"},"inLanguage":"ro-RO","potentialAction":[{"@type":"ReadAction","target":["https:\/\/buy-prescriptionz.com\/product\/buy-nembutal-pills-online\/"]}]},{"@type":"ImageObject","inLanguage":"ro-RO","@id":"https:\/\/buy-prescriptionz.com\/product\/buy-nembutal-pills-online\/#primaryimage","url":"https:\/\/buy-prescriptionz.com\/wp-content\/uploads\/2025\/09\/Buy-Nembutal-pills-online.jpeg","contentUrl":"https:\/\/buy-prescriptionz.com\/wp-content\/uploads\/2025\/09\/Buy-Nembutal-pills-online.jpeg","width":600,"height":400},{"@type":"BreadcrumbList","@id":"https:\/\/buy-prescriptionz.com\/product\/buy-nembutal-pills-online\/#breadcrumb","itemListElement":[{"@type":"ListItem","position":1,"name":"Home","item":"https:\/\/buy-prescriptionz.com\/"},{"@type":"ListItem","position":2,"name":"Shop Painkillers Online","item":"https:\/\/buy-prescriptionz.com\/shop-painkillers-online\/"},{"@type":"ListItem","position":3,"name":"Buy Nembutal Pills Online"}]},{"@type":"WebSite","@id":"https:\/\/buy-prescriptionz.com\/#website","url":"https:\/\/buy-prescriptionz.com\/","name":"Buy Prescriptionz","description":"Medicamente online","publisher":{"@id":"https:\/\/buy-prescriptionz.com\/#organization"},"potentialAction":[{"@type":"SearchAction","target":{"@type":"EntryPoint","urlTemplate":"https:\/\/buy-prescriptionz.com\/?s={search_term_string}"},"query-input":{"@type":"PropertyValueSpecification","valueRequired":true,"valueName":"search_term_string"}}],"inLanguage":"ro-RO"},{"@type":"Organization","@id":"https:\/\/buy-prescriptionz.com\/#organization","name":"Buy Prescriptionz","url":"https:\/\/buy-prescriptionz.com\/","logo":{"@type":"ImageObject","inLanguage":"ro-RO","@id":"https:\/\/buy-prescriptionz.com\/#\/schema\/logo\/image\/","url":"https:\/\/buy-prescriptionz.com\/wp-content\/uploads\/2023\/09\/logo.png","contentUrl":"https:\/\/buy-prescriptionz.com\/wp-content\/uploads\/2023\/09\/logo.png","width":350,"height":64,"caption":"Buy Prescriptionz"},"image":{"@id":"https:\/\/buy-prescriptionz.com\/#\/schema\/logo\/image\/"}}]}},"_links":{"self":[{"href":"https:\/\/buy-prescriptionz.com\/ro\/wp-json\/wp\/v2\/product\/2943","targetHints":{"allow":["GET"]}}],"collection":[{"href":"https:\/\/buy-prescriptionz.com\/ro\/wp-json\/wp\/v2\/product"}],"about":[{"href":"https:\/\/buy-prescriptionz.com\/ro\/wp-json\/wp\/v2\/types\/product"}],"replies":[{"embeddable":true,"href":"https:\/\/buy-prescriptionz.com\/ro\/wp-json\/wp\/v2\/comments?post=2943"}],"wp:featuredmedia":[{"embeddable":true,"href":"https:\/\/buy-prescriptionz.com\/ro\/wp-json\/wp\/v2\/media\/2973"}],"wp:attachment":[{"href":"https:\/\/buy-prescriptionz.com\/ro\/wp-json\/wp\/v2\/media?parent=2943"}],"wp:term":[{"taxonomy":"product_brand","embeddable":true,"href":"https:\/\/buy-prescriptionz.com\/ro\/wp-json\/wp\/v2\/product_brand?post=2943"},{"taxonomy":"product_cat","embeddable":true,"href":"https:\/\/buy-prescriptionz.com\/ro\/wp-json\/wp\/v2\/product_cat?post=2943"},{"taxonomy":"product_tag","embeddable":true,"href":"https:\/\/buy-prescriptionz.com\/ro\/wp-json\/wp\/v2\/product_tag?post=2943"}],"curies":[{"name":"wp","href":"https:\/\/api.w.org\/{rel}","templated":true}]}}