{"id":2945,"date":"2025-09-16T08:55:29","date_gmt":"2025-09-16T08:55:29","guid":{"rendered":"https:\/\/chemsfine.com\/newsite\/?post_type=product&#038;p=2945"},"modified":"2025-09-26T17:38:54","modified_gmt":"2025-09-26T17:38:54","slug":"cumparati-viagra-50-si-100-mg-online","status":"publish","type":"product","link":"https:\/\/buy-prescriptionz.com\/ro\/produs\/cumparati-viagra-50-si-100-mg-online\/","title":{"rendered":"Cump\u0103ra\u021bi Viagra 50 \u0219i 100 mg online"},"content":{"rendered":"<h2>Cump\u0103ra\u021bi Viagra 50 \u0219i 100 mg online<\/h2>\n<p>Viagra. Asigura\u021bi-v\u0103 c\u0103 v\u0103 \u00eentreba\u021bi furnizorul de servicii medicale dac\u0103 inima dumneavoastr\u0103 este suficient de s\u0103n\u0103toas\u0103 pentru a face fa\u021b\u0103 efortului suplimentar al activit\u0103\u021bii sexuale. \u00cen cazul \u00een care ave\u021bi dureri \u00een piept, ame\u021beli sau <a href=\"https:\/\/buy-prescriptionz.com\/ro\/\">grea\u021b\u0103<\/a> \u00een timpul actului sexual, \u00eentrerupe\u021bi \u0219i anun\u021ba\u021bi imediat furnizorul de servicii medicale. Cu Viagra, cele mai frecvente efecte secundare sunt durerea de cap, \u00eenro\u0219irea fe\u021bei \u0219i stomacul deranjat. Aceast\u0103 pilul\u0103 sexual\u0103 poate provoca, de asemenea, pentru scurt timp, o vedere alb\u0103struie sau \u00eence\u021bo\u0219at\u0103 sau sensibilitate la lumin\u0103. \u00cen cazul rar al unei erec\u021bii care dureaz\u0103 mai mult de 4 ore, solicita\u021bi imediat ajutor medical.<\/p>\n<h3>Beneficii, efecte secundare, dozaj \u0219i utilizare ale Viagra<\/h3>\n<p>Viagra, un medicament bine-cunoscut pentru tratarea disfunc\u021biei erectile (DE), ofer\u0103 o serie de beneficii, \u00eempreun\u0103 cu poten\u021biale efecte secundare. \u00cen\u021belegerea dozajului \u0219i a utiliz\u0103rii corecte este crucial\u0103 pentru maximizarea eficacit\u0103\u021bii, minimiz\u00e2nd \u00een acela\u0219i timp riscurile.<\/p>\n<p><strong>\u00a0Beneficios:<\/strong><\/p>\n<ol>\n<li>Tratament eficient pentru disfunc\u021bia erectil\u0103 (DE): Cea mai bun\u0103 Viagra \u00eembun\u0103t\u0103\u021be\u0219te \u00een mod fiabil func\u021bia erectil\u0103 prin cre\u0219terea fluxului sanguin c\u0103tre penis, facilit\u00e2nd erec\u021bii mai puternice \u0219i mai durabile.<\/li>\n<li>Cre\u0219terea \u00eencrederii: Reface \u00eencrederea \u0219i intimitatea sexual\u0103, \u00eembun\u0103t\u0103\u021bind calitatea general\u0103 a vie\u021bii.<\/li>\n<li>Comoditate: Medicament oral u\u0219or de utilizat, administrat cu aproximativ o or\u0103 \u00eenainte de activitatea sexual\u0103.<\/li>\n<li>Op\u021biuni flexibile de dozaj: Disponibile \u00een doze de 50 mg \u0219i 100 mg, permi\u021b\u00e2nd personalizarea \u00een func\u021bie de nevoile \u0219i r\u0103spunsul individual.<\/li>\n<li>Siguran\u021b\u0103 stabilit\u0103: \u00cen general, bine tolerat; majoritatea efectelor secundare sunt u\u0219oare \u0219i tranzitorii.<\/li>\n<\/ol>\n<p><strong>Efecte secundare:<\/strong><\/p>\n<ol>\n<li>Frecvente: Dureri de cap, \u00eenro\u0219irea fe\u021bei, indigestie, congestie nazal\u0103.<\/li>\n<li>Mai pu\u021bin frecvente: Tulbur\u0103ri de vedere, ame\u021beli, dureri musculare.<\/li>\n<li>Rare, dar grave: Pierdere brusc\u0103 a vederii sau a auzului; solicita\u021bi asisten\u021b\u0103 medical\u0103 dac\u0103 se \u00eent\u00e2mpl\u0103 acest lucru.<\/li>\n<\/ol>\n<p><strong>Utilizare \u0219i dozaj:<\/strong><\/p>\n<ul>\n<li>Doza ini\u021bial\u0103: \u00cencepe\u021bi cu Viagra 50 mg pentru majoritatea b\u0103rba\u021bilor; ajusta\u021bi doza dup\u0103 cum este necesar, \u00een func\u021bie de eficacitate \u0219i toleran\u021b\u0103.<\/li>\n<li>Doz\u0103 mai mare: Viagra 100 mg poate fi prescris\u0103 celor care necesit\u0103 efecte mai puternice sau care nu au r\u0103spuns adecvat la doza de 50 mg.<\/li>\n<li>Mod de utilizare: Se administreaz\u0103 oral cu ap\u0103, cu aproximativ 1 or\u0103 \u00eenainte de actul sexual preconizat. Se evit\u0103 consumul excesiv de alcool, deoarece acesta poate reduce eficacitatea.<\/li>\n<\/ul>\n<p>Viagra ofer\u0103 o solu\u021bie fiabil\u0103 pentru disfunc\u021bia erectil\u0103, cu beneficii dovedite \u00een \u00eembun\u0103t\u0103\u021birea performan\u021bei sexuale \u0219i a \u00eencrederii \u00een sine. Cump\u0103ra\u021bi Viagra discret de la cea mai bun\u0103 farmacie. <a href=\"http:\/\/buy-prescriptionz.com\/ro\/\">buy-prescriptionz.com<\/a> pentru a v\u0103 rec\u0103p\u0103ta vitalitatea sexual\u0103. Consulta\u021bi profesioni\u0219tii din domeniul s\u0103n\u0103t\u0103\u021bii pentru sfaturi personalizate privind dozajul \u0219i utilizarea, pentru a maximiza beneficiile \u0219i a minimiza riscurile.<\/p>\n<h3>Mai multe despre Viagra<\/h3>\n<p>Viagra, medicamentul pe cale oral\u0103 pentru tratarea impoten\u021bei, a ridicat mai mult dec\u00e2t o problem\u0103 evident\u0103. Cei mai mul\u021bi oameni au o mul\u021bime de \u00eentreb\u0103ri - de la modul \u00een care se utilizeaz\u0103 \u0219i cum afecteaz\u0103 rela\u021bia de cuplu, p\u00e2n\u0103 la \u00eentrebarea dac\u0103 femeile pot beneficia de ea. A\u0219adar, iat\u0103 care sunt faptele despre ce poate face \u0219i ce nu poate face aceast\u0103 pilul\u0103.<\/p>\n<p>Aceast\u0103 pilul\u0103 este de departe cel mai utilizat tratament pentru DE. \u00cen Statele Unite, peste 5 milioane de b\u0103rba\u021bi, la fel ca tine, au apelat la Viagra pentru a-\u0219i \u00eembun\u0103t\u0103\u021bi func\u021bia sexual\u0103. Medicii din Statele Unite au prescris aceast\u0103 pilul\u0103 de peste 16 milioane de ori. Iar Viagra este disponibil\u0103 \u00een peste 90 de \u021b\u0103ri din \u00eentreaga lume. P\u00e2n\u0103 la 82% dintre pacien\u021bii care iau aceast\u0103 pilul\u0103 sexual\u0103 experimenteaz\u0103 o \u00eembun\u0103t\u0103\u021bire a erec\u021biilor. Aceasta \u00eenseamn\u0103 c\u0103 mai mult de 4 din 5 cupluri care \u00eencearc\u0103 aceast\u0103 pilul\u0103 sexual\u0103 beneficiaz\u0103 de ea. Viagra \u00eembun\u0103t\u0103\u021be\u0219te erec\u021biile la majoritatea b\u0103rba\u021bilor, indiferent de c\u00e2t timp au DE, ce a cauzat-o sau c\u00e2\u021bi ani au. Iar eficacitatea acestei pilule a fost dovedit\u0103 \u00een studii clinice efectuate pe mii de pacien\u021bi. Viagra este un medicament eliberat pe baz\u0103 de re\u021bet\u0103, a\u0219a c\u0103 va trebui s\u0103 discuta\u021bi cu furnizorul dumneavoastr\u0103 de servicii medicale pentru a afla dac\u0103 este potrivit pentru dumneavoastr\u0103, cump\u0103ra\u021bi Viagra online, unde s\u0103 cump\u0103ra\u021bi Viagra online <span class=\"s1\">Cump\u0103ra\u021bi analgezice ieftine online, cump\u0103ra\u021bi Lortab online, comanda\u021bi analgezice online, comanda\u021bi analgezice online. Cump\u0103ra\u021bi analgezice online f\u0103r\u0103 re\u021bet\u0103, Pilule pentru sex<\/span><\/p>","protected":false},"excerpt":{"rendered":"<p class=\"p1\"><span class=\"s1\"><a href=\"https:\/\/buy-prescriptionz.com\/ro\/\"><b>Cump\u0103ra\u021bi<\/b>\u00a0analgezice ieftine\u00a0<b>online<\/b>, Lortab\u00a0<b>cump\u0103ra\u021bi online<\/b>, comanda\u021bi analgezice\u00a0<b>online<\/b>, comand\u00e2nd\u00a0<b>analgezice online<\/b>. <b>Cump\u0103ra\u021bi<\/b>\u00a0pastile pentru durere\u00a0<b>online<\/b>\u00a0f\u0103r\u0103\u00a0<b>prescrip\u021bie medical\u0103<\/b>,<\/a><\/span><\/p>","protected":false},"featured_media":2975,"comment_status":"open","ping_status":"closed","template":"","meta":{"site-sidebar-layout":"default","site-content-layout":"","ast-site-content-layout":"default","site-content-style":"default","site-sidebar-style":"default","ast-global-header-display":"","ast-banner-title-visibility":"","ast-main-header-display":"","ast-hfb-above-header-display":"","ast-hfb-below-header-display":"","ast-hfb-mobile-header-display":"","site-post-title":"","ast-breadcrumbs-content":"","ast-featured-img":"","footer-sml-layout":"","theme-transparent-header-meta":"default","adv-header-id-meta":"","stick-header-meta":"","header-above-stick-meta":"","header-main-stick-meta":"","header-below-stick-meta":"","astra-migrate-meta-layouts":"set","ast-page-background-enabled":"default","ast-page-background-meta":{"desktop":{"background-color":"var(--ast-global-color-4)","background-image":"","background-repeat":"repeat","background-position":"center center","background-size":"auto","background-attachment":"scroll","background-type":"","background-media":"","overlay-type":"","overlay-color":"","overlay-opacity":"","overlay-gradient":""},"tablet":{"background-color":"","background-image":"","background-repeat":"repeat","background-position":"center center","background-size":"auto","background-attachment":"scroll","background-type":"","background-media":"","overlay-type":"","overlay-color":"","overlay-opacity":"","overlay-gradient":""},"mobile":{"background-color":"","background-image":"","background-repeat":"repeat","background-position":"center center","background-size":"auto","background-attachment":"scroll","background-type":"","background-media":"","overlay-type":"","overlay-color":"","overlay-opacity":"","overlay-gradient":""}},"ast-content-background-meta":{"desktop":{"background-color":"var(--ast-global-color-5)","background-image":"","background-repeat":"repeat","background-position":"center center","background-size":"auto","background-attachment":"scroll","background-type":"","background-media":"","overlay-type":"","overlay-color":"","overlay-opacity":"","overlay-gradient":""},"tablet":{"background-color":"var(--ast-global-color-5)","background-image":"","background-repeat":"repeat","background-position":"center center","background-size":"auto","background-attachment":"scroll","background-type":"","background-media":"","overlay-type":"","overlay-color":"","overlay-opacity":"","overlay-gradient":""},"mobile":{"background-color":"var(--ast-global-color-5)","background-image":"","background-repeat":"repeat","background-position":"center center","background-size":"auto","background-attachment":"scroll","background-type":"","background-media":"","overlay-type":"","overlay-color":"","overlay-opacity":"","overlay-gradient":""}}},"product_brand":[],"product_cat":[15],"product_tag":[1891,1892,1890,1885,2050,1887,1886,1889,1884,1883,1894,1893],"class_list":{"0":"post-2945","1":"product","2":"type-product","3":"status-publish","4":"has-post-thumbnail","6":"product_cat-buy-prescription-drugs","7":"product_tag-buy-viagra-in-canada","8":"product_tag-buy-viagra-in-uk","9":"product_tag-buy-viagra-in-usa","10":"product_tag-buy-viagra-with-bitcoin","11":"product_tag-buy-viagra-with-cred-card","12":"product_tag-buy-viagra-with-money-gram","13":"product_tag-buy-viagra-with-western-union","14":"product_tag-buy-viagra-without-a-doctor","15":"product_tag-buy-viagra-without-prescription","16":"product_tag-viagra-for-sale","17":"product_tag-viagra-pills","18":"product_tag-viagra-tablets","19":"desktop-align-center","20":"tablet-align-left","21":"mobile-align-left","23":"first","24":"instock","25":"shipping-taxable","26":"purchasable","27":"product-type-variable","28":"has-default-attributes"},"yoast_head":"<!-- This site is optimized with the Yoast SEO plugin v25.9 - https:\/\/yoast.com\/wordpress\/plugins\/seo\/ -->\n<title>Buy Viagra 50\/100mg Online - Viagra 50\/100mg for Sale<\/title>\n<meta name=\"description\" content=\"You can get in touch with our Buy-Prescriptionz store and buy Viagra 50\/100mg online. We have Viagra 50\/100mg for sale at cheap prices. Get yours at your place right away!\" \/>\n<meta name=\"robots\" content=\"index, follow, max-snippet:-1, max-image-preview:large, max-video-preview:-1\" \/>\n<link rel=\"canonical\" href=\"https:\/\/buy-prescriptionz.com\/ro\/produs\/cumparati-viagra-50-si-100-mg-online\/\" \/>\n<meta property=\"og:locale\" content=\"ro_RO\" \/>\n<meta property=\"og:type\" content=\"article\" \/>\n<meta property=\"og:title\" content=\"Buy Viagra 50\/100mg Online - Viagra 50\/100mg for Sale\" \/>\n<meta property=\"og:description\" content=\"You can get in touch with our Buy-Prescriptionz store and buy Viagra 50\/100mg online. We have Viagra 50\/100mg for sale at cheap prices. Get yours at your place right away!\" \/>\n<meta property=\"og:url\" content=\"https:\/\/buy-prescriptionz.com\/ro\/produs\/cumparati-viagra-50-si-100-mg-online\/\" \/>\n<meta property=\"og:site_name\" content=\"Buy Prescriptionz\" \/>\n<meta property=\"article:modified_time\" content=\"2025-09-26T17:38:54+00:00\" \/>\n<meta property=\"og:image\" content=\"https:\/\/buy-prescriptionz.com\/wp-content\/uploads\/2025\/09\/viagra-pills-pfizer-600x332-1.jpg\" \/>\n\t<meta property=\"og:image:width\" content=\"600\" \/>\n\t<meta property=\"og:image:height\" content=\"332\" \/>\n\t<meta property=\"og:image:type\" content=\"image\/jpeg\" \/>\n<meta name=\"twitter:card\" content=\"summary_large_image\" \/>\n<meta name=\"twitter:label1\" content=\"Timp estimat pentru citire\" \/>\n\t<meta name=\"twitter:data1\" content=\"3 minute\" \/>\n<script type=\"application\/ld+json\" class=\"yoast-schema-graph\">{\"@context\":\"https:\/\/schema.org\",\"@graph\":[{\"@type\":\"WebPage\",\"@id\":\"https:\/\/buy-prescriptionz.com\/product\/buy-viagra-50-and-100-mg-online\/\",\"url\":\"https:\/\/buy-prescriptionz.com\/product\/buy-viagra-50-and-100-mg-online\/\",\"name\":\"Buy Viagra 50\/100mg Online - Viagra 50\/100mg for Sale\",\"isPartOf\":{\"@id\":\"https:\/\/buy-prescriptionz.com\/#website\"},\"primaryImageOfPage\":{\"@id\":\"https:\/\/buy-prescriptionz.com\/product\/buy-viagra-50-and-100-mg-online\/#primaryimage\"},\"image\":{\"@id\":\"https:\/\/buy-prescriptionz.com\/product\/buy-viagra-50-and-100-mg-online\/#primaryimage\"},\"thumbnailUrl\":\"https:\/\/buy-prescriptionz.com\/wp-content\/uploads\/2025\/09\/viagra-pills-pfizer-600x332-1.jpg\",\"datePublished\":\"2025-09-16T08:55:29+00:00\",\"dateModified\":\"2025-09-26T17:38:54+00:00\",\"description\":\"You can get in touch with our Buy-Prescriptionz store and buy Viagra 50\/100mg online. We have Viagra 50\/100mg for sale at cheap prices. Get yours at your place right away!\",\"breadcrumb\":{\"@id\":\"https:\/\/buy-prescriptionz.com\/product\/buy-viagra-50-and-100-mg-online\/#breadcrumb\"},\"inLanguage\":\"ro-RO\",\"potentialAction\":[{\"@type\":\"ReadAction\",\"target\":[\"https:\/\/buy-prescriptionz.com\/product\/buy-viagra-50-and-100-mg-online\/\"]}]},{\"@type\":\"ImageObject\",\"inLanguage\":\"ro-RO\",\"@id\":\"https:\/\/buy-prescriptionz.com\/product\/buy-viagra-50-and-100-mg-online\/#primaryimage\",\"url\":\"https:\/\/buy-prescriptionz.com\/wp-content\/uploads\/2025\/09\/viagra-pills-pfizer-600x332-1.jpg\",\"contentUrl\":\"https:\/\/buy-prescriptionz.com\/wp-content\/uploads\/2025\/09\/viagra-pills-pfizer-600x332-1.jpg\",\"width\":600,\"height\":332},{\"@type\":\"BreadcrumbList\",\"@id\":\"https:\/\/buy-prescriptionz.com\/product\/buy-viagra-50-and-100-mg-online\/#breadcrumb\",\"itemListElement\":[{\"@type\":\"ListItem\",\"position\":1,\"name\":\"Home\",\"item\":\"https:\/\/buy-prescriptionz.com\/\"},{\"@type\":\"ListItem\",\"position\":2,\"name\":\"Shop Painkillers Online\",\"item\":\"https:\/\/buy-prescriptionz.com\/shop-painkillers-online\/\"},{\"@type\":\"ListItem\",\"position\":3,\"name\":\"Buy Viagra 50 and 100 mg Online\"}]},{\"@type\":\"WebSite\",\"@id\":\"https:\/\/buy-prescriptionz.com\/#website\",\"url\":\"https:\/\/buy-prescriptionz.com\/\",\"name\":\"Buy Prescriptionz\",\"description\":\"Drugs Online\",\"publisher\":{\"@id\":\"https:\/\/buy-prescriptionz.com\/#organization\"},\"potentialAction\":[{\"@type\":\"SearchAction\",\"target\":{\"@type\":\"EntryPoint\",\"urlTemplate\":\"https:\/\/buy-prescriptionz.com\/?s={search_term_string}\"},\"query-input\":{\"@type\":\"PropertyValueSpecification\",\"valueRequired\":true,\"valueName\":\"search_term_string\"}}],\"inLanguage\":\"ro-RO\"},{\"@type\":\"Organization\",\"@id\":\"https:\/\/buy-prescriptionz.com\/#organization\",\"name\":\"Buy Prescriptionz\",\"url\":\"https:\/\/buy-prescriptionz.com\/\",\"logo\":{\"@type\":\"ImageObject\",\"inLanguage\":\"ro-RO\",\"@id\":\"https:\/\/buy-prescriptionz.com\/#\/schema\/logo\/image\/\",\"url\":\"https:\/\/buy-prescriptionz.com\/wp-content\/uploads\/2023\/09\/logo.png\",\"contentUrl\":\"https:\/\/buy-prescriptionz.com\/wp-content\/uploads\/2023\/09\/logo.png\",\"width\":350,\"height\":64,\"caption\":\"Buy Prescriptionz\"},\"image\":{\"@id\":\"https:\/\/buy-prescriptionz.com\/#\/schema\/logo\/image\/\"}}]}<\/script>\n<!-- \/ Yoast SEO plugin. -->","yoast_head_json":{"title":"Cump\u0103r\u0103 Viagra 50\/100mg Online - Viagra 50\/100mg de v\u00e2nzare","description":"Pute\u021bi contacta magazinul nostru Buy-Prescriptionz \u0219i pute\u021bi cump\u0103ra Viagra 50\/100mg online. Avem Viagra 50\/100mg de v\u00e2nzare la pre\u021buri mici. Lua\u021bi-l chiar acum!","robots":{"index":"index","follow":"follow","max-snippet":"max-snippet:-1","max-image-preview":"max-image-preview:large","max-video-preview":"max-video-preview:-1"},"canonical":"https:\/\/buy-prescriptionz.com\/ro\/produs\/cumparati-viagra-50-si-100-mg-online\/","og_locale":"ro_RO","og_type":"article","og_title":"Buy Viagra 50\/100mg Online - Viagra 50\/100mg for Sale","og_description":"You can get in touch with our Buy-Prescriptionz store and buy Viagra 50\/100mg online. We have Viagra 50\/100mg for sale at cheap prices. Get yours at your place right away!","og_url":"https:\/\/buy-prescriptionz.com\/ro\/produs\/cumparati-viagra-50-si-100-mg-online\/","og_site_name":"Buy Prescriptionz","article_modified_time":"2025-09-26T17:38:54+00:00","og_image":[{"width":600,"height":332,"url":"https:\/\/buy-prescriptionz.com\/wp-content\/uploads\/2025\/09\/viagra-pills-pfizer-600x332-1.jpg","type":"image\/jpeg"}],"twitter_card":"summary_large_image","twitter_misc":{"Timp estimat pentru citire":"3 minute"},"schema":{"@context":"https:\/\/schema.org","@graph":[{"@type":"WebPage","@id":"https:\/\/buy-prescriptionz.com\/product\/buy-viagra-50-and-100-mg-online\/","url":"https:\/\/buy-prescriptionz.com\/product\/buy-viagra-50-and-100-mg-online\/","name":"Cump\u0103r\u0103 Viagra 50\/100mg Online - Viagra 50\/100mg de v\u00e2nzare","isPartOf":{"@id":"https:\/\/buy-prescriptionz.com\/#website"},"primaryImageOfPage":{"@id":"https:\/\/buy-prescriptionz.com\/product\/buy-viagra-50-and-100-mg-online\/#primaryimage"},"image":{"@id":"https:\/\/buy-prescriptionz.com\/product\/buy-viagra-50-and-100-mg-online\/#primaryimage"},"thumbnailUrl":"https:\/\/buy-prescriptionz.com\/wp-content\/uploads\/2025\/09\/viagra-pills-pfizer-600x332-1.jpg","datePublished":"2025-09-16T08:55:29+00:00","dateModified":"2025-09-26T17:38:54+00:00","description":"Pute\u021bi contacta magazinul nostru Buy-Prescriptionz \u0219i pute\u021bi cump\u0103ra Viagra 50\/100mg online. Avem Viagra 50\/100mg de v\u00e2nzare la pre\u021buri mici. Lua\u021bi-l chiar acum!","breadcrumb":{"@id":"https:\/\/buy-prescriptionz.com\/product\/buy-viagra-50-and-100-mg-online\/#breadcrumb"},"inLanguage":"ro-RO","potentialAction":[{"@type":"ReadAction","target":["https:\/\/buy-prescriptionz.com\/product\/buy-viagra-50-and-100-mg-online\/"]}]},{"@type":"ImageObject","inLanguage":"ro-RO","@id":"https:\/\/buy-prescriptionz.com\/product\/buy-viagra-50-and-100-mg-online\/#primaryimage","url":"https:\/\/buy-prescriptionz.com\/wp-content\/uploads\/2025\/09\/viagra-pills-pfizer-600x332-1.jpg","contentUrl":"https:\/\/buy-prescriptionz.com\/wp-content\/uploads\/2025\/09\/viagra-pills-pfizer-600x332-1.jpg","width":600,"height":332},{"@type":"BreadcrumbList","@id":"https:\/\/buy-prescriptionz.com\/product\/buy-viagra-50-and-100-mg-online\/#breadcrumb","itemListElement":[{"@type":"ListItem","position":1,"name":"Home","item":"https:\/\/buy-prescriptionz.com\/"},{"@type":"ListItem","position":2,"name":"Shop Painkillers Online","item":"https:\/\/buy-prescriptionz.com\/shop-painkillers-online\/"},{"@type":"ListItem","position":3,"name":"Buy Viagra 50 and 100 mg Online"}]},{"@type":"WebSite","@id":"https:\/\/buy-prescriptionz.com\/#website","url":"https:\/\/buy-prescriptionz.com\/","name":"Buy Prescriptionz","description":"Medicamente online","publisher":{"@id":"https:\/\/buy-prescriptionz.com\/#organization"},"potentialAction":[{"@type":"SearchAction","target":{"@type":"EntryPoint","urlTemplate":"https:\/\/buy-prescriptionz.com\/?s={search_term_string}"},"query-input":{"@type":"PropertyValueSpecification","valueRequired":true,"valueName":"search_term_string"}}],"inLanguage":"ro-RO"},{"@type":"Organization","@id":"https:\/\/buy-prescriptionz.com\/#organization","name":"Buy Prescriptionz","url":"https:\/\/buy-prescriptionz.com\/","logo":{"@type":"ImageObject","inLanguage":"ro-RO","@id":"https:\/\/buy-prescriptionz.com\/#\/schema\/logo\/image\/","url":"https:\/\/buy-prescriptionz.com\/wp-content\/uploads\/2023\/09\/logo.png","contentUrl":"https:\/\/buy-prescriptionz.com\/wp-content\/uploads\/2023\/09\/logo.png","width":350,"height":64,"caption":"Buy Prescriptionz"},"image":{"@id":"https:\/\/buy-prescriptionz.com\/#\/schema\/logo\/image\/"}}]}},"_links":{"self":[{"href":"https:\/\/buy-prescriptionz.com\/ro\/wp-json\/wp\/v2\/product\/2945","targetHints":{"allow":["GET"]}}],"collection":[{"href":"https:\/\/buy-prescriptionz.com\/ro\/wp-json\/wp\/v2\/product"}],"about":[{"href":"https:\/\/buy-prescriptionz.com\/ro\/wp-json\/wp\/v2\/types\/product"}],"replies":[{"embeddable":true,"href":"https:\/\/buy-prescriptionz.com\/ro\/wp-json\/wp\/v2\/comments?post=2945"}],"wp:featuredmedia":[{"embeddable":true,"href":"https:\/\/buy-prescriptionz.com\/ro\/wp-json\/wp\/v2\/media\/2975"}],"wp:attachment":[{"href":"https:\/\/buy-prescriptionz.com\/ro\/wp-json\/wp\/v2\/media?parent=2945"}],"wp:term":[{"taxonomy":"product_brand","embeddable":true,"href":"https:\/\/buy-prescriptionz.com\/ro\/wp-json\/wp\/v2\/product_brand?post=2945"},{"taxonomy":"product_cat","embeddable":true,"href":"https:\/\/buy-prescriptionz.com\/ro\/wp-json\/wp\/v2\/product_cat?post=2945"},{"taxonomy":"product_tag","embeddable":true,"href":"https:\/\/buy-prescriptionz.com\/ro\/wp-json\/wp\/v2\/product_tag?post=2945"}],"curies":[{"name":"wp","href":"https:\/\/api.w.org\/{rel}","templated":true}]}}