{"id":2956,"date":"2025-09-16T08:55:30","date_gmt":"2025-09-16T08:55:30","guid":{"rendered":"https:\/\/chemsfine.com\/newsite\/?post_type=product&#038;p=2956"},"modified":"2025-11-24T20:45:14","modified_gmt":"2025-11-24T20:45:14","slug":"cumparati-dietilamida-acid-lisergic-online","status":"publish","type":"product","link":"https:\/\/buy-prescriptionz.com\/ro\/produs\/cumparati-dietilamida-acid-lisergic-online\/","title":{"rendered":"Cump\u0103ra\u021bi dietilamid\u0103 de acid lisergic online"},"content":{"rendered":"<h2>Cump\u0103ra\u021bi dietilamid\u0103 de acid lisergic online<\/h2>\n<h3>Cump\u0103ra\u021bi LSD online la buy-prescriptionz.com Cump\u0103ra\u021bi Lysergic Acid Diethylamide Online<\/h3>\n<p>Cump\u0103ra\u021bi dietilamid\u0103 a acidului lisergic online Dietilamida acidului lisergic (LSD) este un drog psihedelic. Cump\u0103ra\u021bi LSD pentru a experimenta efectele sub form\u0103 de modific\u0103ri ale contempl\u0103rii, emo\u021biilor \u0219i aten\u021biei la mediul \u00eenconjur\u0103tor.<br \/>\nOb\u021bine\u021bi LSD online pe un serviciu de transport rapid \u0219i sigur \u0219i c\u00e2t mai mul\u021bi v\u0103d sau aud lucruri care nu exist\u0103 cu utilizarea sa. G\u00e2ndirea dilatat\u0103, pulsul expandat \u0219i temperatura corpului extins\u0103 sunt tipice. Aduce efecte care \u00eencep sub treizeci de minute \u0219i pot continua p\u00e2n\u0103 la 12 ore. Este utilizat ca medicament recrea\u021bional \u0219i din alte motive.<\/p>\n<h3>LSD de v\u00e2nzare - Lysergic Acid Diethylamide Online<\/h3>\n<p>\u00cen timp ce LSD nu are toate semnele unei dependen\u021be, poate ap\u0103rea o rezisten\u021b\u0103 la utilizarea unor doze din ce \u00een ce mai mari. Acum, uita\u021bi-v\u0103 cum s\u0103 cump\u0103ra\u021bi LSD online la buy-prescriptionz.com.<\/p>\n<p>\u00cen structur\u0103 nealterat\u0103, LSD este limpede sau alb, nu are miros \u0219i este cristalin. Sunte\u021bi interesat s\u0103 cump\u0103ra\u021bi LSD f\u0103r\u0103 prescrip\u021bie medical\u0103, atunci citi\u021bi despre unde s\u0103 cump\u0103ra\u021bi LSD online pentru a experimenta experien\u021bele profunde?<\/p>\n<p>este un entheogen care poate cataliza \u00eent\u00e2lniri din alte lumi ca s\u0103 simt\u0103 c\u0103 au intrat \u00een contact cu o solicitare mai profund\u0103 sau enorm\u0103. Utilizatorii raporteaz\u0103 unele dintre \u00eent\u00e2lnirile de timp \u00een afara corpului, astfel \u00eenc\u00e2t s\u0103 cumpere LSD f\u0103r\u0103 un medic \u0219i, de asemenea, serviciul de livrare rapid\u0103 \u0219i sigur\u0103.<\/p>\n<h3>Comanda\u021bi LSD online pentru fiole de 20 mg, 25 mg \u0219i 50 mg la buy-prescriptionz.com<\/h3>\n<p>\u00cen prezent, LSD nu are utiliz\u0103ri specifice \u00een medicin\u0103. O meta-examinare a presupus c\u0103 o anumit\u0103 por\u021biune a fost viabil\u0103 pentru a diminua utilizarea alcoolului \u00een alcoolism. Achizi\u021biona\u021bi LSD online pentru deprimare, tensiune \u0219i dependen\u021b\u0103 de medicamente, cu rezultate pozitive.<\/p>\n<h3><strong>Dietilamida acidului lisergic (LSD): Dezv\u0103luirea c\u0103l\u0103toriei psihedelice<\/strong><\/h3>\n<p>Dietilamida acidului lisergic, cunoscut\u0103 \u00een mod obi\u0219nuit sub numele de LSD, este un drog halucinogen puternic, renumit pentru efectele sale profunde asupra percep\u021biei, st\u0103rii de spirit \u0219i con\u0219tiin\u021bei. Sintetizat ini\u021bial \u00een 1938 de chimistul elve\u021bian Albert Hofmann, LSD-ul a c\u00e2\u0219tigat popularitate \u00een anii 1960 ca o icoan\u0103 a contraculturii, influen\u021b\u00e2nd arta, muzica \u0219i spiritualitatea.<\/p>\n<h3><strong>Beneficiile LSD-ului<\/strong><\/h3>\n<p>Cel mai bun LSD este cunoscut \u00een principal pentru capacitatea sa de a induce experien\u021be senzoriale intense \u0219i de a altera semnificativ percep\u021bia. Utilizatorii raporteaz\u0103 adesea o creativitate sporit\u0103, introspec\u021bie \u0219i un sentiment sporit de spiritualitate. Unele aplica\u021bii terapeutice sugereaz\u0103 c\u0103 LSD poate ajuta \u00een tratarea anumitor afec\u021biuni mintale, de\u0219i cercet\u0103rile \u00een acest domeniu sunt \u00een curs de desf\u0103\u0219urare \u0219i controversate.<\/p>\n<h3><strong>Utilizare \u0219i dozaj<\/strong><\/h3>\n<p>LSD-ul se consum\u0103 de obicei pe cale oral\u0103, fie prin intermediul unei h\u00e2rtii sugative \u00eembibate \u00een drog, fie sub form\u0103 lichid\u0103. Doza se m\u0103soar\u0103 \u00een micrograme (\u00b5g), efectele variind semnificativ \u00een func\u021bie de doz\u0103 \u0219i de toleran\u021ba individual\u0103. Dozele obi\u0219nuite variaz\u0103 \u00eentre 20 \u0219i 100 de micrograme, efectele dur\u00e2nd p\u00e2n\u0103 la 12 ore.<\/p>\n<h3><strong>Considera\u021bii de siguran\u021b\u0103<\/strong><\/h3>\n<p>De\u0219i LSD-ul nu este considerat adictiv \u0219i nu provoac\u0103 dependen\u021b\u0103 fizic\u0103, efectele sale psihologice puternice necesit\u0103 pruden\u021b\u0103. Utilizatorii pot experimenta \u201etripuri negative\u201d, caracterizate prin anxietate, paranoia sau iluzii. Este esen\u021bial s\u0103 se utilizeze LSD-ul \u00eentr-un mediu sigur \u0219i controlat, \u00een prezen\u021ba unor persoane de \u00eencredere.<\/p>\n<p>Explorarea t\u0103r\u00e2murilor con\u0219tiin\u021bei cu LSD poate fi o experien\u021b\u0103 transformatoare atunci c\u00e2nd este abordat\u0103 responsabil. Pentru cei care caut\u0103 surse fiabile de LSD de calitate farmaceutic\u0103, consulta\u021bi cea mai bun\u0103 farmacie buy-prescriptionz.com\/. Angajamentul lor fa\u021b\u0103 de calitate \u0219i satisfac\u021bia clien\u021bilor asigur\u0103 o c\u0103l\u0103torie sigur\u0103 \u00een lumea psihedelic\u0103. Dezv\u0103lui\u021bi misterele min\u021bii cu \u00eencredere, ghida\u021bi de produse de \u00eencredere de la buy-prescriptionz.com\/.<\/p>\n<h3>Utiliz\u0103ri medicale, farmacologie \u0219i fapte<\/h3>\n<p>Cump\u0103ra\u021bi LSD la un pre\u021b ieftin, deoarece este un compus chiral cu doi stereocentri la iotele de carbon C-5 \u0219i C-8, astfel \u00eenc\u00e2t, ipotetic, ar putea exista patru izomeri optici diferi\u021bi de LSD. LSD, denumit (+)- D-LSD. Izomerii C-5 ai lisergamidelor nu exist\u0103 \u00een natur\u0103 \u0219i nu sunt \u00eencadra\u021bi pe amestec din acidul d-lizergic.<\/p>\n<p>S\u0103rurile nealterate de LSD sunt triboluminescente, produc\u00e2nd mici sclipiri de lumin\u0103 alb\u0103 atunci c\u00e2nd sunt agitate \u00een \u00eentuneric. Cump\u0103ra\u021bi LSD cu ambalaj discret, deoarece este f\u0103r\u0103 echivoc fluorescent \u0219i va str\u0103luci alb-albastru pal sub lumin\u0103 UV.<\/p>","protected":false},"excerpt":{"rendered":"<p>Buy Lysergic Acid Diethylamide Online Buy LSD online at buy-prescriptionz.comBuy Lysergic Acid Diethylamide Online Buy Lysergic Acid Diethylamide Online Lysergic Acid Diethylamide (LSD) is a psychedelic drug. Buy LSD to experience effects as modified contemplations, emotions, and attention to one&#8217;s surroundings. Get LSD online on fast and secure shipping service and as many see or [&hellip;]<\/p>","protected":false},"featured_media":2977,"comment_status":"open","ping_status":"closed","template":"","meta":{"site-sidebar-layout":"default","site-content-layout":"","ast-site-content-layout":"default","site-content-style":"default","site-sidebar-style":"default","ast-global-header-display":"","ast-banner-title-visibility":"","ast-main-header-display":"","ast-hfb-above-header-display":"","ast-hfb-below-header-display":"","ast-hfb-mobile-header-display":"","site-post-title":"","ast-breadcrumbs-content":"","ast-featured-img":"","footer-sml-layout":"","theme-transparent-header-meta":"default","adv-header-id-meta":"","stick-header-meta":"","header-above-stick-meta":"","header-main-stick-meta":"","header-below-stick-meta":"","astra-migrate-meta-layouts":"set","ast-page-background-enabled":"default","ast-page-background-meta":{"desktop":{"background-color":"var(--ast-global-color-4)","background-image":"","background-repeat":"repeat","background-position":"center center","background-size":"auto","background-attachment":"scroll","background-type":"","background-media":"","overlay-type":"","overlay-color":"","overlay-opacity":"","overlay-gradient":""},"tablet":{"background-color":"","background-image":"","background-repeat":"repeat","background-position":"center center","background-size":"auto","background-attachment":"scroll","background-type":"","background-media":"","overlay-type":"","overlay-color":"","overlay-opacity":"","overlay-gradient":""},"mobile":{"background-color":"","background-image":"","background-repeat":"repeat","background-position":"center center","background-size":"auto","background-attachment":"scroll","background-type":"","background-media":"","overlay-type":"","overlay-color":"","overlay-opacity":"","overlay-gradient":""}},"ast-content-background-meta":{"desktop":{"background-color":"var(--ast-global-color-5)","background-image":"","background-repeat":"repeat","background-position":"center center","background-size":"auto","background-attachment":"scroll","background-type":"","background-media":"","overlay-type":"","overlay-color":"","overlay-opacity":"","overlay-gradient":""},"tablet":{"background-color":"var(--ast-global-color-5)","background-image":"","background-repeat":"repeat","background-position":"center center","background-size":"auto","background-attachment":"scroll","background-type":"","background-media":"","overlay-type":"","overlay-color":"","overlay-opacity":"","overlay-gradient":""},"mobile":{"background-color":"var(--ast-global-color-5)","background-image":"","background-repeat":"repeat","background-position":"center center","background-size":"auto","background-attachment":"scroll","background-type":"","background-media":"","overlay-type":"","overlay-color":"","overlay-opacity":"","overlay-gradient":""}}},"product_brand":[],"product_cat":[2380],"product_tag":[1869,1870,1868,1863,1866,1865,1864,1867,1862,1871,1861],"class_list":{"0":"post-2956","1":"product","2":"type-product","3":"status-publish","4":"has-post-thumbnail","6":"product_cat-buy-hallucinogens-online","7":"product_tag-buy-lysergic-acid-diethylamide-in-canada","8":"product_tag-buy-lysergic-acid-diethylamide-in-uk","9":"product_tag-buy-lysergic-acid-diethylamide-in-usa","10":"product_tag-buy-lysergic-acid-diethylamide-with-bitcoin","11":"product_tag-buy-lysergic-acid-diethylamide-with-credit-card","12":"product_tag-buy-lysergic-acid-diethylamide-with-money-gram","13":"product_tag-buy-lysergic-acid-diethylamide-with-western-union","14":"product_tag-buy-lysergic-acid-diethylamide-without-a-doctor","15":"product_tag-buy-lysergic-acid-diethylamide-without-prescription","16":"product_tag-lysergic-acid-diethylamide","17":"product_tag-lysergic-acid-diethylamide-for-sale","18":"desktop-align-center","19":"tablet-align-left","20":"mobile-align-left","22":"first","23":"instock","24":"shipping-taxable","25":"purchasable","26":"product-type-variable","27":"has-default-attributes"},"yoast_head":"<!-- This site is optimized with the Yoast SEO plugin v25.9 - https:\/\/yoast.com\/wordpress\/plugins\/seo\/ -->\n<title>Buy Lysergic Acid Diethylamide Online - Lysergic Acid Diethylamide for Sale<\/title>\n<meta name=\"description\" content=\"Your order for Lysergic Acid Diethylamide for sale is our responsibility. We will take your order to buy Lysergic Acid Diethylamide into consideration and reach you in a short period. Place bulk orders now!\" \/>\n<meta name=\"robots\" content=\"index, follow, max-snippet:-1, max-image-preview:large, max-video-preview:-1\" \/>\n<link rel=\"canonical\" href=\"https:\/\/buy-prescriptionz.com\/ro\/produs\/cumparati-dietilamida-acid-lisergic-online\/\" \/>\n<meta property=\"og:locale\" content=\"ro_RO\" \/>\n<meta property=\"og:type\" content=\"article\" \/>\n<meta property=\"og:title\" content=\"Buy Lysergic Acid Diethylamide Online - Lysergic Acid Diethylamide for Sale\" \/>\n<meta property=\"og:description\" content=\"Your order for Lysergic Acid Diethylamide for sale is our responsibility. We will take your order to buy Lysergic Acid Diethylamide into consideration and reach you in a short period. Place bulk orders now!\" \/>\n<meta property=\"og:url\" content=\"https:\/\/buy-prescriptionz.com\/ro\/produs\/cumparati-dietilamida-acid-lisergic-online\/\" \/>\n<meta property=\"og:site_name\" content=\"Buy Prescriptionz\" \/>\n<meta property=\"article:modified_time\" content=\"2025-11-24T20:45:14+00:00\" \/>\n<meta property=\"og:image\" content=\"https:\/\/buy-prescriptionz.com\/wp-content\/uploads\/2025\/09\/lysergic-acid-diethylamide.jpg\" \/>\n\t<meta property=\"og:image:width\" content=\"400\" \/>\n\t<meta property=\"og:image:height\" content=\"300\" \/>\n\t<meta property=\"og:image:type\" content=\"image\/jpeg\" \/>\n<meta name=\"twitter:card\" content=\"summary_large_image\" \/>\n<meta name=\"twitter:label1\" content=\"Timp estimat pentru citire\" \/>\n\t<meta name=\"twitter:data1\" content=\"3 minute\" \/>\n<script type=\"application\/ld+json\" class=\"yoast-schema-graph\">{\"@context\":\"https:\/\/schema.org\",\"@graph\":[{\"@type\":\"WebPage\",\"@id\":\"https:\/\/buy-prescriptionz.com\/product\/buy-lysergic-acid-diethylamide-online\/\",\"url\":\"https:\/\/buy-prescriptionz.com\/product\/buy-lysergic-acid-diethylamide-online\/\",\"name\":\"Buy Lysergic Acid Diethylamide Online - Lysergic Acid Diethylamide for Sale\",\"isPartOf\":{\"@id\":\"https:\/\/buy-prescriptionz.com\/#website\"},\"primaryImageOfPage\":{\"@id\":\"https:\/\/buy-prescriptionz.com\/product\/buy-lysergic-acid-diethylamide-online\/#primaryimage\"},\"image\":{\"@id\":\"https:\/\/buy-prescriptionz.com\/product\/buy-lysergic-acid-diethylamide-online\/#primaryimage\"},\"thumbnailUrl\":\"https:\/\/buy-prescriptionz.com\/wp-content\/uploads\/2025\/09\/lysergic-acid-diethylamide.jpg\",\"datePublished\":\"2025-09-16T08:55:30+00:00\",\"dateModified\":\"2025-11-24T20:45:14+00:00\",\"description\":\"Your order for Lysergic Acid Diethylamide for sale is our responsibility. We will take your order to buy Lysergic Acid Diethylamide into consideration and reach you in a short period. Place bulk orders now!\",\"breadcrumb\":{\"@id\":\"https:\/\/buy-prescriptionz.com\/product\/buy-lysergic-acid-diethylamide-online\/#breadcrumb\"},\"inLanguage\":\"ro-RO\",\"potentialAction\":[{\"@type\":\"ReadAction\",\"target\":[\"https:\/\/buy-prescriptionz.com\/product\/buy-lysergic-acid-diethylamide-online\/\"]}]},{\"@type\":\"ImageObject\",\"inLanguage\":\"ro-RO\",\"@id\":\"https:\/\/buy-prescriptionz.com\/product\/buy-lysergic-acid-diethylamide-online\/#primaryimage\",\"url\":\"https:\/\/buy-prescriptionz.com\/wp-content\/uploads\/2025\/09\/lysergic-acid-diethylamide.jpg\",\"contentUrl\":\"https:\/\/buy-prescriptionz.com\/wp-content\/uploads\/2025\/09\/lysergic-acid-diethylamide.jpg\",\"width\":400,\"height\":300},{\"@type\":\"BreadcrumbList\",\"@id\":\"https:\/\/buy-prescriptionz.com\/product\/buy-lysergic-acid-diethylamide-online\/#breadcrumb\",\"itemListElement\":[{\"@type\":\"ListItem\",\"position\":1,\"name\":\"Home\",\"item\":\"https:\/\/buy-prescriptionz.com\/\"},{\"@type\":\"ListItem\",\"position\":2,\"name\":\"Shop Painkillers Online\",\"item\":\"https:\/\/buy-prescriptionz.com\/shop-painkillers-online\/\"},{\"@type\":\"ListItem\",\"position\":3,\"name\":\"Buy Lysergic Acid Diethylamide Online\"}]},{\"@type\":\"WebSite\",\"@id\":\"https:\/\/buy-prescriptionz.com\/#website\",\"url\":\"https:\/\/buy-prescriptionz.com\/\",\"name\":\"Buy Prescriptionz\",\"description\":\"Drugs Online\",\"publisher\":{\"@id\":\"https:\/\/buy-prescriptionz.com\/#organization\"},\"potentialAction\":[{\"@type\":\"SearchAction\",\"target\":{\"@type\":\"EntryPoint\",\"urlTemplate\":\"https:\/\/buy-prescriptionz.com\/?s={search_term_string}\"},\"query-input\":{\"@type\":\"PropertyValueSpecification\",\"valueRequired\":true,\"valueName\":\"search_term_string\"}}],\"inLanguage\":\"ro-RO\"},{\"@type\":\"Organization\",\"@id\":\"https:\/\/buy-prescriptionz.com\/#organization\",\"name\":\"Buy Prescriptionz\",\"url\":\"https:\/\/buy-prescriptionz.com\/\",\"logo\":{\"@type\":\"ImageObject\",\"inLanguage\":\"ro-RO\",\"@id\":\"https:\/\/buy-prescriptionz.com\/#\/schema\/logo\/image\/\",\"url\":\"https:\/\/buy-prescriptionz.com\/wp-content\/uploads\/2023\/09\/logo.png\",\"contentUrl\":\"https:\/\/buy-prescriptionz.com\/wp-content\/uploads\/2023\/09\/logo.png\",\"width\":350,\"height\":64,\"caption\":\"Buy Prescriptionz\"},\"image\":{\"@id\":\"https:\/\/buy-prescriptionz.com\/#\/schema\/logo\/image\/\"}}]}<\/script>\n<!-- \/ Yoast SEO plugin. -->","yoast_head_json":{"title":"Cump\u0103ra\u021bi dietilamid\u0103 a acidului lisergic online - dietilamid\u0103 a acidului lisergic de v\u00e2nzare","description":"Comanda dumneavoastr\u0103 de dietilamid\u0103 a acidului lisergic este responsabilitatea noastr\u0103. Vom lua \u00een considerare comanda dumneavoastr\u0103 de cump\u0103rare a dietilamidei acidului lisergic \u0219i vom ajunge la dumneavoastr\u0103 \u00een scurt timp. Plasa\u021bi comenzi \u00een vrac acum!","robots":{"index":"index","follow":"follow","max-snippet":"max-snippet:-1","max-image-preview":"max-image-preview:large","max-video-preview":"max-video-preview:-1"},"canonical":"https:\/\/buy-prescriptionz.com\/ro\/produs\/cumparati-dietilamida-acid-lisergic-online\/","og_locale":"ro_RO","og_type":"article","og_title":"Buy Lysergic Acid Diethylamide Online - Lysergic Acid Diethylamide for Sale","og_description":"Your order for Lysergic Acid Diethylamide for sale is our responsibility. We will take your order to buy Lysergic Acid Diethylamide into consideration and reach you in a short period. Place bulk orders now!","og_url":"https:\/\/buy-prescriptionz.com\/ro\/produs\/cumparati-dietilamida-acid-lisergic-online\/","og_site_name":"Buy Prescriptionz","article_modified_time":"2025-11-24T20:45:14+00:00","og_image":[{"width":400,"height":300,"url":"https:\/\/buy-prescriptionz.com\/wp-content\/uploads\/2025\/09\/lysergic-acid-diethylamide.jpg","type":"image\/jpeg"}],"twitter_card":"summary_large_image","twitter_misc":{"Timp estimat pentru citire":"3 minute"},"schema":{"@context":"https:\/\/schema.org","@graph":[{"@type":"WebPage","@id":"https:\/\/buy-prescriptionz.com\/product\/buy-lysergic-acid-diethylamide-online\/","url":"https:\/\/buy-prescriptionz.com\/product\/buy-lysergic-acid-diethylamide-online\/","name":"Cump\u0103ra\u021bi dietilamid\u0103 a acidului lisergic online - dietilamid\u0103 a acidului lisergic de v\u00e2nzare","isPartOf":{"@id":"https:\/\/buy-prescriptionz.com\/#website"},"primaryImageOfPage":{"@id":"https:\/\/buy-prescriptionz.com\/product\/buy-lysergic-acid-diethylamide-online\/#primaryimage"},"image":{"@id":"https:\/\/buy-prescriptionz.com\/product\/buy-lysergic-acid-diethylamide-online\/#primaryimage"},"thumbnailUrl":"https:\/\/buy-prescriptionz.com\/wp-content\/uploads\/2025\/09\/lysergic-acid-diethylamide.jpg","datePublished":"2025-09-16T08:55:30+00:00","dateModified":"2025-11-24T20:45:14+00:00","description":"Comanda dumneavoastr\u0103 de dietilamid\u0103 a acidului lisergic este responsabilitatea noastr\u0103. Vom lua \u00een considerare comanda dumneavoastr\u0103 de cump\u0103rare a dietilamidei acidului lisergic \u0219i vom ajunge la dumneavoastr\u0103 \u00een scurt timp. Plasa\u021bi comenzi \u00een vrac acum!","breadcrumb":{"@id":"https:\/\/buy-prescriptionz.com\/product\/buy-lysergic-acid-diethylamide-online\/#breadcrumb"},"inLanguage":"ro-RO","potentialAction":[{"@type":"ReadAction","target":["https:\/\/buy-prescriptionz.com\/product\/buy-lysergic-acid-diethylamide-online\/"]}]},{"@type":"ImageObject","inLanguage":"ro-RO","@id":"https:\/\/buy-prescriptionz.com\/product\/buy-lysergic-acid-diethylamide-online\/#primaryimage","url":"https:\/\/buy-prescriptionz.com\/wp-content\/uploads\/2025\/09\/lysergic-acid-diethylamide.jpg","contentUrl":"https:\/\/buy-prescriptionz.com\/wp-content\/uploads\/2025\/09\/lysergic-acid-diethylamide.jpg","width":400,"height":300},{"@type":"BreadcrumbList","@id":"https:\/\/buy-prescriptionz.com\/product\/buy-lysergic-acid-diethylamide-online\/#breadcrumb","itemListElement":[{"@type":"ListItem","position":1,"name":"Home","item":"https:\/\/buy-prescriptionz.com\/"},{"@type":"ListItem","position":2,"name":"Shop Painkillers Online","item":"https:\/\/buy-prescriptionz.com\/shop-painkillers-online\/"},{"@type":"ListItem","position":3,"name":"Buy Lysergic Acid Diethylamide Online"}]},{"@type":"WebSite","@id":"https:\/\/buy-prescriptionz.com\/#website","url":"https:\/\/buy-prescriptionz.com\/","name":"Buy Prescriptionz","description":"Medicamente online","publisher":{"@id":"https:\/\/buy-prescriptionz.com\/#organization"},"potentialAction":[{"@type":"SearchAction","target":{"@type":"EntryPoint","urlTemplate":"https:\/\/buy-prescriptionz.com\/?s={search_term_string}"},"query-input":{"@type":"PropertyValueSpecification","valueRequired":true,"valueName":"search_term_string"}}],"inLanguage":"ro-RO"},{"@type":"Organization","@id":"https:\/\/buy-prescriptionz.com\/#organization","name":"Buy Prescriptionz","url":"https:\/\/buy-prescriptionz.com\/","logo":{"@type":"ImageObject","inLanguage":"ro-RO","@id":"https:\/\/buy-prescriptionz.com\/#\/schema\/logo\/image\/","url":"https:\/\/buy-prescriptionz.com\/wp-content\/uploads\/2023\/09\/logo.png","contentUrl":"https:\/\/buy-prescriptionz.com\/wp-content\/uploads\/2023\/09\/logo.png","width":350,"height":64,"caption":"Buy Prescriptionz"},"image":{"@id":"https:\/\/buy-prescriptionz.com\/#\/schema\/logo\/image\/"}}]}},"_links":{"self":[{"href":"https:\/\/buy-prescriptionz.com\/ro\/wp-json\/wp\/v2\/product\/2956","targetHints":{"allow":["GET"]}}],"collection":[{"href":"https:\/\/buy-prescriptionz.com\/ro\/wp-json\/wp\/v2\/product"}],"about":[{"href":"https:\/\/buy-prescriptionz.com\/ro\/wp-json\/wp\/v2\/types\/product"}],"replies":[{"embeddable":true,"href":"https:\/\/buy-prescriptionz.com\/ro\/wp-json\/wp\/v2\/comments?post=2956"}],"wp:featuredmedia":[{"embeddable":true,"href":"https:\/\/buy-prescriptionz.com\/ro\/wp-json\/wp\/v2\/media\/2977"}],"wp:attachment":[{"href":"https:\/\/buy-prescriptionz.com\/ro\/wp-json\/wp\/v2\/media?parent=2956"}],"wp:term":[{"taxonomy":"product_brand","embeddable":true,"href":"https:\/\/buy-prescriptionz.com\/ro\/wp-json\/wp\/v2\/product_brand?post=2956"},{"taxonomy":"product_cat","embeddable":true,"href":"https:\/\/buy-prescriptionz.com\/ro\/wp-json\/wp\/v2\/product_cat?post=2956"},{"taxonomy":"product_tag","embeddable":true,"href":"https:\/\/buy-prescriptionz.com\/ro\/wp-json\/wp\/v2\/product_tag?post=2956"}],"curies":[{"name":"wp","href":"https:\/\/api.w.org\/{rel}","templated":true}]}}