{"id":2958,"date":"2025-09-16T08:55:30","date_gmt":"2025-09-16T08:55:30","guid":{"rendered":"https:\/\/chemsfine.com\/newsite\/?post_type=product&#038;p=2958"},"modified":"2025-09-23T14:08:33","modified_gmt":"2025-09-23T14:08:33","slug":"cumparati-medicamente-pe-pudra-de-nembutal-online","status":"publish","type":"product","link":"https:\/\/buy-prescriptionz.com\/ro\/produs\/cumparati-medicamente-pe-pudra-de-nembutal-online\/","title":{"rendered":"Cump\u0103ra\u021bi Nembutal Powder Drugs Online"},"content":{"rendered":"<h2>Cump\u0103ra\u021bi Nembutal Powder Drugs Online<\/h2>\n<p>Pulbere de medicamente online . Nembutal apar\u021bine clasei de medicamente care se nume\u0219te barbiturice. Tratamentul principal al Nembutalului este considerat a fi un tratament pe termen scurt pentru insomnie, ca preanestezic \u00eenainte de o interven\u021bie chirurgical\u0103 \u0219i, de asemenea, \u00een tratamentul anxiet\u0103\u021bii \u0219i, de asemenea, anticonvulsivant \u00een caz de situa\u021bie de urgen\u021b\u0103. De asemenea, acesta a fost folosit pentru a reduce presiunea din craniu, care este \u00een cazul leziunilor cerebrale traumatice \u0219i a fost folosit \u0219i ca medicament de eutanasie pentru oameni \u0219i animale. Acesta este, de asemenea, utilizat \u00een execu\u021bia de stat a criminalilor. Acest medicament poate fi folosit \u0219i pentru eutanasierea animalelor sau chiar a oamenilor \u0219i este, evident, un medicament poten\u021bial periculos \u00een doze mari.<\/p>\n<p>Cump\u0103ra\u021bi Nembutal Pulbere Nembutal Pulbere Nembutal, de asemenea, numit \"ie\u0219ire pa\u0219nic\u0103\" sau Pentobarbital Sodium a crescut din ce \u00een ce mai mult \u00een cerere \u00een \u00eentreaga lume, deoarece acesta este singurul produs cunoscut pentru a provoca moartea rapid\u0103 f\u0103r\u0103 durere (se poate \u00eent\u00e2mpla \u00een termen de 5-10 minute dup\u0103 ce l-a\u021bi b\u0103ut).<\/p>\n<p>Nembutal, cunoscut \u0219i sub numele de Pentobarbital, este un medicament din clasa barbituricelor. Este disponibil \u00een 3 forme, iar cea mai convenabil\u0103 form\u0103 de administrare este cea sub form\u0103 de pulbere .<\/p>\n<p>Forma de pulbere de Nembutal disponibil\u0103 pe cei mai buni furnizori de Nembutal este de \u00eenalt\u0103 calitate \u0219i va duce la o moarte u\u0219oar\u0103 \u0219i pa\u0219nic\u0103 \u00een cur\u00e2nd (f\u0103r\u0103 nici o durere) Cump\u0103ra\u021bi Nembutal Powder Drugs Online<\/p>\n<h3>Concentra\u021bia de pulbere de Nembutal:<\/h3>\n<p>1,12 grame<br \/>\n2, 15 grame<br \/>\n3. 20 de grame<br \/>\n4,25 grame<\/p>\n<p>Nembutal (pentobarbital sodic) este utilizat pe termen scurt pentru tratarea insomniei. Este, de asemenea, utilizat ca tratament de urgen\u021b\u0103 \u00een cazul crizelor \u0219i pentru a determina pacien\u021bii s\u0103 adoarm\u0103 \u00een vederea unei interven\u021bii chirurgicale.<br \/>\nAcest medicament sub form\u0103 de pulbere este disponibil sub form\u0103 generic\u0103 ITA. \u00cen cazul pacien\u021bilor care doresc s\u0103 \u00eel ia pentru tratarea insomniei sau a altor probleme conexe, utilizarea trebuie restric\u021bionat\u0103 conform cerin\u021belor. Cump\u0103ra\u021bi medicamente cu pulbere de Nembutal<\/p>\n<h2>Care sunt efectele abuzului de Nembutal?<\/h2>\n<p>Din cauza abuzului de Nembutal, pot ap\u0103rea:<\/p>\n<p>1. Memorie sau concentrare<br \/>\n2. Entuziasm<br \/>\n3. Iritabilitate<br \/>\n4 Agresivitate<br \/>\n5 Confuzie<br \/>\n6. Pierderea echilibrului sau a coordon\u0103rii<br \/>\n7. Co\u0219maruri<br \/>\n8  Grea\u021b\u0103<br \/>\n9  V\u0103rs\u0103turi<br \/>\n10 constipa\u021bie<br \/>\n11. Durere de cap sau somnolen\u021b\u0103<\/p>\n<h3>DOZARE:<\/h3>\n<p>Dozajul de Nembutal(barbiturice) trebuie individualizat prin cunoa\u0219terea st\u0103rii medicale a pacientului \u0219i a ratei recomandate de administrare.<\/p>\n<h3>\u00cen\u021belegerea medicamentelor cu pulbere de nembutal<\/h3>\n<p>Nembutalul, sau pentobarbitalul, este un barbituric puternic cu diverse aplica\u021bii \u00een practicile medicale \u0219i veterinare, cunoscut \u00een principal pentru propriet\u0103\u021bile sale sedative, hipnotice \u0219i anticonvulsivante. Disponibil sub form\u0103 de pulbere, a fost un medicament de baz\u0103 \u00een situa\u021biile de urgen\u021b\u0103 \u0219i \u00een situa\u021biile chirurgicale timp de decenii.<\/p>\n<h3>Aplica\u021bii medicale ale pulberii de nembutal<\/h3>\n<ol>\n<li>Sedare: cel mai bun Nembutal este nepre\u021buit pentru inducerea sed\u0103rii profunde \u00eenainte de interven\u021bii chirurgicale sau proceduri \u00een care efectele calmante sunt cruciale. Capacitatea sa de a induce rapid somnul \u00eel face preferat \u00een scenariile de terapie intensiv\u0103.<\/li>\n<li>Gestionarea convulsiilor: Ca anticonvulsivant, Nembutalul este eficient \u00een oprirea convulsiilor severe care nu r\u0103spund la alte tratamente. Ac\u021biunea sa rapid\u0103 ajut\u0103 la stabilizarea pacien\u021bilor \u00een timpul urgen\u021belor medicale.<\/li>\n<li>Eutanasia: \u00cen medicina veterinar\u0103, Nembutalul este utilizat pentru eutanasia uman\u0103 datorit\u0103 capacit\u0103\u021bii sale de a induce o moarte nedureroas\u0103 \u0219i pa\u0219nic\u0103 la animale, asigur\u00e2nd o suferin\u021b\u0103 minim\u0103.<\/li>\n<\/ol>\n<h3>Beneficiile pudrei de Nembutal<\/h3>\n<ol>\n<li>Debutul rapid: Debutul rapid al ac\u021biunii Nembutalului reprezint\u0103 un avantaj semnificativ \u00een situa\u021biile de urgen\u021b\u0103, unde sedarea rapid\u0103 sau controlul convulsiilor sunt primordiale. Aceast\u0103 proprietate \u00eei spore\u0219te utilitatea \u00een terapie intensiv\u0103 \u0219i medicina de urgen\u021b\u0103.<\/li>\n<li>Fiabilitate: Cu o lung\u0103 istorie de utilizare medical\u0103, Nembutalul este recunoscut pentru efectele sale constante \u0219i previzibile. Profesioni\u0219tii din domeniul medical se bazeaz\u0103 pe fiabilitatea sa \u00een ob\u021binerea rezultatelor dorite, fie pentru sedare, fie pentru gestionarea convulsiilor.<\/li>\n<li>Versatilitate: Dincolo de utiliz\u0103rile sale principale, Nembutal demonstreaz\u0103 versatilitate \u00een aplica\u021bii medicale, cum ar fi terapia adjuvant\u0103 \u00een regimuri de tratament specifice unde este necesar\u0103 sedarea sau controlul convulsiilor.<\/li>\n<\/ol>\n<p>Pudra de Nembutal r\u0103m\u00e2ne un medicament esen\u021bial at\u00e2t \u00een \u200b\u200bdomeniul medical, c\u00e2t \u0219i \u00een cel veterinar, apreciat pentru eficacitatea sa \u00een sedare, gestionarea convulsiilor \u0219i eutanasie. Pentru acces fiabil la pudra de Nembutal \u0219i alte medicamente esen\u021biale, lua\u021bi \u00een considerare cea mai bun\u0103 farmacie. <a href=\"https:\/\/buy-prescriptionz.com\/ro\/\">buy-prescriptionz.com<\/a>, ensuring dependable supply for critical healthcare needs.<\/p>\n<h3>Avertiz\u0103ri privind Nembutal Powder<\/h3>\n<p>1. Nu trebuie s\u0103 se utilizeze \u00een timpul sarcinii. Barbituricele(Nembutal) pot provoca leziuni fetale atunci c\u00e2nd sunt administrate unei femei \u00eens\u0103rcinate. Prin urmare, nu este nerecomandat de medici.<br \/>\n2. Administrarea prea rapid\u0103 poate provoca chiar depresie respiratorie, apnee \u0219i vasodilata\u021bie cu sc\u0103derea <a href=\"https:\/\/en.wikipedia.org\/w\/index.php?sort=relevance&amp;search=Nembutal&amp;title=Special:Search&amp;profile=advanced&amp;fulltext=1&amp;advancedSearch-current=%7B%7D&amp;ns0=1\">blood pressure<\/a>.<\/p>\n<p>Avem cea mai bun\u0103 calitate Nembutal pur (Pentobarbital Powder) de v\u00e2nzare la cele mai bune pre\u021buri competitive. Oferim Nembutal (Pentobarbital sodiu) de \u00eenalt\u0103 calitate, pur 98% p\u00e2n\u0103 la 99,8% \u0219i garant\u0103m o livrare eficient\u0103 \u0219i discret\u0103. Ne-am construit reputa\u021bia noastr\u0103 superb\u0103 oferind clien\u021bilor no\u0219tri Nembutal de calitate excelent\u0103 \/ puritate ridicat\u0103, cu livrare discret\u0103 \u0219i asisten\u021b\u0103 prietenoas\u0103 pentru clien\u021bi. Oferim o puritate excelent\u0103, o plat\u0103 sigur\u0103, o livrare interna\u021bional\u0103 foarte discret\u0103, rapid\u0103 \u0219i 100% eficient\u0103. Cump\u0103ra\u021bi medicamente Nembutal Powder<\/p>","protected":false},"excerpt":{"rendered":"<p>Buy Nembutal Powder Drugs Online Buy Nembutal Powder Drugs Online . Nembutal belongs to the class of drugs which is called as barbiturates. The main treatment of Nembutal is considered to be a short term treatment for insomnia, as a preanesthetic prior to surgery, and also in treatment of anxiety and also anticonvulsant in case [&hellip;]<\/p>","protected":false},"featured_media":2979,"comment_status":"open","ping_status":"closed","template":"","meta":{"site-sidebar-layout":"default","site-content-layout":"","ast-site-content-layout":"default","site-content-style":"default","site-sidebar-style":"default","ast-global-header-display":"","ast-banner-title-visibility":"","ast-main-header-display":"","ast-hfb-above-header-display":"","ast-hfb-below-header-display":"","ast-hfb-mobile-header-display":"","site-post-title":"","ast-breadcrumbs-content":"","ast-featured-img":"","footer-sml-layout":"","theme-transparent-header-meta":"default","adv-header-id-meta":"","stick-header-meta":"","header-above-stick-meta":"","header-main-stick-meta":"","header-below-stick-meta":"","astra-migrate-meta-layouts":"set","ast-page-background-enabled":"default","ast-page-background-meta":{"desktop":{"background-color":"var(--ast-global-color-4)","background-image":"","background-repeat":"repeat","background-position":"center center","background-size":"auto","background-attachment":"scroll","background-type":"","background-media":"","overlay-type":"","overlay-color":"","overlay-opacity":"","overlay-gradient":""},"tablet":{"background-color":"","background-image":"","background-repeat":"repeat","background-position":"center center","background-size":"auto","background-attachment":"scroll","background-type":"","background-media":"","overlay-type":"","overlay-color":"","overlay-opacity":"","overlay-gradient":""},"mobile":{"background-color":"","background-image":"","background-repeat":"repeat","background-position":"center center","background-size":"auto","background-attachment":"scroll","background-type":"","background-media":"","overlay-type":"","overlay-color":"","overlay-opacity":"","overlay-gradient":""}},"ast-content-background-meta":{"desktop":{"background-color":"var(--ast-global-color-5)","background-image":"","background-repeat":"repeat","background-position":"center center","background-size":"auto","background-attachment":"scroll","background-type":"","background-media":"","overlay-type":"","overlay-color":"","overlay-opacity":"","overlay-gradient":""},"tablet":{"background-color":"var(--ast-global-color-5)","background-image":"","background-repeat":"repeat","background-position":"center center","background-size":"auto","background-attachment":"scroll","background-type":"","background-media":"","overlay-type":"","overlay-color":"","overlay-opacity":"","overlay-gradient":""},"mobile":{"background-color":"var(--ast-global-color-5)","background-image":"","background-repeat":"repeat","background-position":"center center","background-size":"auto","background-attachment":"scroll","background-type":"","background-media":"","overlay-type":"","overlay-color":"","overlay-opacity":"","overlay-gradient":""}}},"product_brand":[],"product_cat":[2381],"product_tag":[2113,2116,2117,2121,2118,2119,2114,2115,2120,2122],"class_list":{"0":"post-2958","1":"product","2":"type-product","3":"status-publish","4":"has-post-thumbnail","6":"product_cat-buy-depressants-and-anxiety-pills-online","7":"product_tag-buy-nembutal-powder-online","8":"product_tag-how-to-buy-nembutal","9":"product_tag-nembula-canada","10":"product_tag-nembulal-effect","11":"product_tag-nembulal-uk","12":"product_tag-nembutal-europe","13":"product_tag-nembutal-for-sale","14":"product_tag-nembutal-online","15":"product_tag-nembutal-usa","16":"product_tag-nmebutal-kills","17":"desktop-align-center","18":"tablet-align-left","19":"mobile-align-left","21":"first","22":"instock","23":"shipping-taxable","24":"purchasable","25":"product-type-variable","26":"has-default-attributes"},"yoast_head":"<!-- This site is optimized with the Yoast SEO plugin v25.9 - https:\/\/yoast.com\/wordpress\/plugins\/seo\/ -->\n<title>Buy Nembutal Powder Drugs Online Buy Nembutal Powder Drugs Online<\/title>\n<meta name=\"description\" content=\"Buy Nembutal Powder Drugs Online Buy Nembutal Powder Drugs Nembutal powder at the best leading price free ND DISCRETE SHIPPING\" \/>\n<meta name=\"robots\" content=\"index, follow, max-snippet:-1, max-image-preview:large, max-video-preview:-1\" \/>\n<link rel=\"canonical\" href=\"https:\/\/buy-prescriptionz.com\/ro\/produs\/cumparati-medicamente-pe-pudra-de-nembutal-online\/\" \/>\n<meta property=\"og:locale\" content=\"ro_RO\" \/>\n<meta property=\"og:type\" content=\"article\" \/>\n<meta property=\"og:title\" content=\"Buy Nembutal Powder Drugs Online Buy Nembutal Powder Drugs Online\" \/>\n<meta property=\"og:description\" content=\"Buy Nembutal Powder Drugs Online Buy Nembutal Powder Drugs Nembutal powder at the best leading price free ND DISCRETE SHIPPING\" \/>\n<meta property=\"og:url\" content=\"https:\/\/buy-prescriptionz.com\/ro\/produs\/cumparati-medicamente-pe-pudra-de-nembutal-online\/\" \/>\n<meta property=\"og:site_name\" content=\"Buy Prescriptionz\" \/>\n<meta property=\"article:modified_time\" content=\"2025-09-23T14:08:33+00:00\" \/>\n<meta property=\"og:image\" content=\"https:\/\/buy-prescriptionz.com\/wp-content\/uploads\/2025\/09\/nembutal.jpg\" \/>\n\t<meta property=\"og:image:width\" content=\"400\" \/>\n\t<meta property=\"og:image:height\" content=\"300\" \/>\n\t<meta property=\"og:image:type\" content=\"image\/jpeg\" \/>\n<meta name=\"twitter:card\" content=\"summary_large_image\" \/>\n<meta name=\"twitter:label1\" content=\"Timp estimat pentru citire\" \/>\n\t<meta name=\"twitter:data1\" content=\"4 minute\" \/>\n<script type=\"application\/ld+json\" class=\"yoast-schema-graph\">{\"@context\":\"https:\/\/schema.org\",\"@graph\":[{\"@type\":\"WebPage\",\"@id\":\"https:\/\/buy-prescriptionz.com\/product\/buy-nembutal-powder-drugs-online\/\",\"url\":\"https:\/\/buy-prescriptionz.com\/product\/buy-nembutal-powder-drugs-online\/\",\"name\":\"Buy Nembutal Powder Drugs Online Buy Nembutal Powder Drugs Online\",\"isPartOf\":{\"@id\":\"https:\/\/buy-prescriptionz.com\/#website\"},\"primaryImageOfPage\":{\"@id\":\"https:\/\/buy-prescriptionz.com\/product\/buy-nembutal-powder-drugs-online\/#primaryimage\"},\"image\":{\"@id\":\"https:\/\/buy-prescriptionz.com\/product\/buy-nembutal-powder-drugs-online\/#primaryimage\"},\"thumbnailUrl\":\"https:\/\/buy-prescriptionz.com\/wp-content\/uploads\/2025\/09\/nembutal.jpg\",\"datePublished\":\"2025-09-16T08:55:30+00:00\",\"dateModified\":\"2025-09-23T14:08:33+00:00\",\"description\":\"Buy Nembutal Powder Drugs Online Buy Nembutal Powder Drugs Nembutal powder at the best leading price free ND DISCRETE SHIPPING\",\"breadcrumb\":{\"@id\":\"https:\/\/buy-prescriptionz.com\/product\/buy-nembutal-powder-drugs-online\/#breadcrumb\"},\"inLanguage\":\"ro-RO\",\"potentialAction\":[{\"@type\":\"ReadAction\",\"target\":[\"https:\/\/buy-prescriptionz.com\/product\/buy-nembutal-powder-drugs-online\/\"]}]},{\"@type\":\"ImageObject\",\"inLanguage\":\"ro-RO\",\"@id\":\"https:\/\/buy-prescriptionz.com\/product\/buy-nembutal-powder-drugs-online\/#primaryimage\",\"url\":\"https:\/\/buy-prescriptionz.com\/wp-content\/uploads\/2025\/09\/nembutal.jpg\",\"contentUrl\":\"https:\/\/buy-prescriptionz.com\/wp-content\/uploads\/2025\/09\/nembutal.jpg\",\"width\":400,\"height\":300},{\"@type\":\"BreadcrumbList\",\"@id\":\"https:\/\/buy-prescriptionz.com\/product\/buy-nembutal-powder-drugs-online\/#breadcrumb\",\"itemListElement\":[{\"@type\":\"ListItem\",\"position\":1,\"name\":\"Home\",\"item\":\"https:\/\/buy-prescriptionz.com\/\"},{\"@type\":\"ListItem\",\"position\":2,\"name\":\"Shop Painkillers Online\",\"item\":\"https:\/\/buy-prescriptionz.com\/shop-painkillers-online\/\"},{\"@type\":\"ListItem\",\"position\":3,\"name\":\"Buy Nembutal Powder Drugs Online\"}]},{\"@type\":\"WebSite\",\"@id\":\"https:\/\/buy-prescriptionz.com\/#website\",\"url\":\"https:\/\/buy-prescriptionz.com\/\",\"name\":\"Buy Prescriptionz\",\"description\":\"Drugs Online\",\"publisher\":{\"@id\":\"https:\/\/buy-prescriptionz.com\/#organization\"},\"potentialAction\":[{\"@type\":\"SearchAction\",\"target\":{\"@type\":\"EntryPoint\",\"urlTemplate\":\"https:\/\/buy-prescriptionz.com\/?s={search_term_string}\"},\"query-input\":{\"@type\":\"PropertyValueSpecification\",\"valueRequired\":true,\"valueName\":\"search_term_string\"}}],\"inLanguage\":\"ro-RO\"},{\"@type\":\"Organization\",\"@id\":\"https:\/\/buy-prescriptionz.com\/#organization\",\"name\":\"Buy Prescriptionz\",\"url\":\"https:\/\/buy-prescriptionz.com\/\",\"logo\":{\"@type\":\"ImageObject\",\"inLanguage\":\"ro-RO\",\"@id\":\"https:\/\/buy-prescriptionz.com\/#\/schema\/logo\/image\/\",\"url\":\"https:\/\/buy-prescriptionz.com\/wp-content\/uploads\/2023\/09\/logo.png\",\"contentUrl\":\"https:\/\/buy-prescriptionz.com\/wp-content\/uploads\/2023\/09\/logo.png\",\"width\":350,\"height\":64,\"caption\":\"Buy Prescriptionz\"},\"image\":{\"@id\":\"https:\/\/buy-prescriptionz.com\/#\/schema\/logo\/image\/\"}}]}<\/script>\n<!-- \/ Yoast SEO plugin. -->","yoast_head_json":{"title":"Cump\u0103ra\u021bi medicamente cu pudr\u0103 de Nembutal online Cump\u0103ra\u021bi medicamente cu pudr\u0103 de Nembutal online","description":"Cump\u0103ra\u021bi medicamente cu pudr\u0103 Nembutal online Cump\u0103ra\u021bi medicamente cu pudr\u0103 Nembutal Pudr\u0103 Nembutal la cel mai bun pre\u021b de top, LIVRARE gratuit\u0103 \u0219i DISCRETA","robots":{"index":"index","follow":"follow","max-snippet":"max-snippet:-1","max-image-preview":"max-image-preview:large","max-video-preview":"max-video-preview:-1"},"canonical":"https:\/\/buy-prescriptionz.com\/ro\/produs\/cumparati-medicamente-pe-pudra-de-nembutal-online\/","og_locale":"ro_RO","og_type":"article","og_title":"Buy Nembutal Powder Drugs Online Buy Nembutal Powder Drugs Online","og_description":"Buy Nembutal Powder Drugs Online Buy Nembutal Powder Drugs Nembutal powder at the best leading price free ND DISCRETE SHIPPING","og_url":"https:\/\/buy-prescriptionz.com\/ro\/produs\/cumparati-medicamente-pe-pudra-de-nembutal-online\/","og_site_name":"Buy Prescriptionz","article_modified_time":"2025-09-23T14:08:33+00:00","og_image":[{"width":400,"height":300,"url":"https:\/\/buy-prescriptionz.com\/wp-content\/uploads\/2025\/09\/nembutal.jpg","type":"image\/jpeg"}],"twitter_card":"summary_large_image","twitter_misc":{"Timp estimat pentru citire":"4 minute"},"schema":{"@context":"https:\/\/schema.org","@graph":[{"@type":"WebPage","@id":"https:\/\/buy-prescriptionz.com\/product\/buy-nembutal-powder-drugs-online\/","url":"https:\/\/buy-prescriptionz.com\/product\/buy-nembutal-powder-drugs-online\/","name":"Cump\u0103ra\u021bi medicamente cu pudr\u0103 de Nembutal online Cump\u0103ra\u021bi medicamente cu pudr\u0103 de Nembutal online","isPartOf":{"@id":"https:\/\/buy-prescriptionz.com\/#website"},"primaryImageOfPage":{"@id":"https:\/\/buy-prescriptionz.com\/product\/buy-nembutal-powder-drugs-online\/#primaryimage"},"image":{"@id":"https:\/\/buy-prescriptionz.com\/product\/buy-nembutal-powder-drugs-online\/#primaryimage"},"thumbnailUrl":"https:\/\/buy-prescriptionz.com\/wp-content\/uploads\/2025\/09\/nembutal.jpg","datePublished":"2025-09-16T08:55:30+00:00","dateModified":"2025-09-23T14:08:33+00:00","description":"Cump\u0103ra\u021bi medicamente cu pudr\u0103 Nembutal online Cump\u0103ra\u021bi medicamente cu pudr\u0103 Nembutal Pudr\u0103 Nembutal la cel mai bun pre\u021b de top, LIVRARE gratuit\u0103 \u0219i DISCRETA","breadcrumb":{"@id":"https:\/\/buy-prescriptionz.com\/product\/buy-nembutal-powder-drugs-online\/#breadcrumb"},"inLanguage":"ro-RO","potentialAction":[{"@type":"ReadAction","target":["https:\/\/buy-prescriptionz.com\/product\/buy-nembutal-powder-drugs-online\/"]}]},{"@type":"ImageObject","inLanguage":"ro-RO","@id":"https:\/\/buy-prescriptionz.com\/product\/buy-nembutal-powder-drugs-online\/#primaryimage","url":"https:\/\/buy-prescriptionz.com\/wp-content\/uploads\/2025\/09\/nembutal.jpg","contentUrl":"https:\/\/buy-prescriptionz.com\/wp-content\/uploads\/2025\/09\/nembutal.jpg","width":400,"height":300},{"@type":"BreadcrumbList","@id":"https:\/\/buy-prescriptionz.com\/product\/buy-nembutal-powder-drugs-online\/#breadcrumb","itemListElement":[{"@type":"ListItem","position":1,"name":"Home","item":"https:\/\/buy-prescriptionz.com\/"},{"@type":"ListItem","position":2,"name":"Shop Painkillers Online","item":"https:\/\/buy-prescriptionz.com\/shop-painkillers-online\/"},{"@type":"ListItem","position":3,"name":"Buy Nembutal Powder Drugs Online"}]},{"@type":"WebSite","@id":"https:\/\/buy-prescriptionz.com\/#website","url":"https:\/\/buy-prescriptionz.com\/","name":"Buy Prescriptionz","description":"Medicamente online","publisher":{"@id":"https:\/\/buy-prescriptionz.com\/#organization"},"potentialAction":[{"@type":"SearchAction","target":{"@type":"EntryPoint","urlTemplate":"https:\/\/buy-prescriptionz.com\/?s={search_term_string}"},"query-input":{"@type":"PropertyValueSpecification","valueRequired":true,"valueName":"search_term_string"}}],"inLanguage":"ro-RO"},{"@type":"Organization","@id":"https:\/\/buy-prescriptionz.com\/#organization","name":"Buy Prescriptionz","url":"https:\/\/buy-prescriptionz.com\/","logo":{"@type":"ImageObject","inLanguage":"ro-RO","@id":"https:\/\/buy-prescriptionz.com\/#\/schema\/logo\/image\/","url":"https:\/\/buy-prescriptionz.com\/wp-content\/uploads\/2023\/09\/logo.png","contentUrl":"https:\/\/buy-prescriptionz.com\/wp-content\/uploads\/2023\/09\/logo.png","width":350,"height":64,"caption":"Buy Prescriptionz"},"image":{"@id":"https:\/\/buy-prescriptionz.com\/#\/schema\/logo\/image\/"}}]}},"_links":{"self":[{"href":"https:\/\/buy-prescriptionz.com\/ro\/wp-json\/wp\/v2\/product\/2958","targetHints":{"allow":["GET"]}}],"collection":[{"href":"https:\/\/buy-prescriptionz.com\/ro\/wp-json\/wp\/v2\/product"}],"about":[{"href":"https:\/\/buy-prescriptionz.com\/ro\/wp-json\/wp\/v2\/types\/product"}],"replies":[{"embeddable":true,"href":"https:\/\/buy-prescriptionz.com\/ro\/wp-json\/wp\/v2\/comments?post=2958"}],"wp:featuredmedia":[{"embeddable":true,"href":"https:\/\/buy-prescriptionz.com\/ro\/wp-json\/wp\/v2\/media\/2979"}],"wp:attachment":[{"href":"https:\/\/buy-prescriptionz.com\/ro\/wp-json\/wp\/v2\/media?parent=2958"}],"wp:term":[{"taxonomy":"product_brand","embeddable":true,"href":"https:\/\/buy-prescriptionz.com\/ro\/wp-json\/wp\/v2\/product_brand?post=2958"},{"taxonomy":"product_cat","embeddable":true,"href":"https:\/\/buy-prescriptionz.com\/ro\/wp-json\/wp\/v2\/product_cat?post=2958"},{"taxonomy":"product_tag","embeddable":true,"href":"https:\/\/buy-prescriptionz.com\/ro\/wp-json\/wp\/v2\/product_tag?post=2958"}],"curies":[{"name":"wp","href":"https:\/\/api.w.org\/{rel}","templated":true}]}}