{"id":2959,"date":"2025-09-16T08:55:30","date_gmt":"2025-09-16T08:55:30","guid":{"rendered":"https:\/\/chemsfine.com\/newsite\/?post_type=product&#038;p=2959"},"modified":"2025-09-26T11:58:39","modified_gmt":"2025-09-26T11:58:39","slug":"midazolam","status":"publish","type":"product","link":"https:\/\/buy-prescriptionz.com\/ro\/produs\/midazolam\/","title":{"rendered":"Midazolam"},"content":{"rendered":"<h2>CUMP\u0102R\u0102 MIDAZOLAM ONLINE<\/h2>\n<p>Cum s\u0103 cump\u0103ra\u021bi MIDAZOLAM ONLINE Cum s\u0103 cump\u0103ra\u021bi Midazolam, Midazolam se spune c\u0103 este un medicament cu ac\u021biune scurt\u0103, care are propriet\u0103\u021bi hipnotice-sedative \u0219i are propriet\u0103\u021bi amnezice \u0219i anxiolitice. Acesta poate fi utilizat \u00een chirurgia cardiac\u0103, stomatologie \u0219i, de asemenea, \u00een procedurile endoscopice, care este ca medicament pre-anestezic. Acesta este, de asemenea, un adjuvant al anesteziei locale. Stabilitatea cardiorespiratorie \u0219i scurta ...<\/p>\n<h3>CE PRECAU\u021aII PRIVIND MIDAZOLAMUL?<\/h3>\n<p>Dac\u0103 cineva consum\u0103 b\u0103uturi alcoolice sau alcool \u00een timp ce ia acest medicament, va provoca ame\u021beli \u0219i somnolen\u021b\u0103. Acest lucru nu este benefic pentru s\u0103n\u0103tate. Medicamentele care pot interac\u021biona cu Midazolam includ sedative, deprimante ale SNC, somnifere, tranchilizante, relaxante musculare \u0219i narcotice. Orice afec\u021biuni preexistente, cum ar fi probleme cardiace \u0219i tulbur\u0103ri de s\u00e2ngerare, trebuie informate medicului. Cum se cump\u0103r\u0103 Midazolam<\/p>\n<p><strong>Efectele secundare ale midazolamului<\/strong><\/p>\n<p>1. Scuturare<br \/>\n2. Schimb\u0103ri de dispozi\u021bie<br \/>\n3. Tensiune arterial\u0103 sc\u0103zut\u0103<br \/>\n4. Mi\u0219c\u0103ri necontrolate<br \/>\n5. Convulsii<br \/>\n6. Respira\u021bie superficial\u0103<br \/>\n7. Ame\u021beli severe<br \/>\n8. Umfl\u0103turi<br \/>\n9. Bronhospasm<br \/>\n10. Dificult\u0103\u021bi de respira\u021bie<\/p>\n<h3>CE SE \u00ceNT\u00c2MPL\u0102 DAC\u0102 SE R\u0102TE\u0218TE O SUPRADOZ\u0102 DE MIDAZOLAM?<\/h3>\n<p>Dac\u0103 cineva omite s\u0103 ia o supradoz\u0103 de Midazolam o singur\u0103 dat\u0103, nu este mare lucru dac\u0103 \u00eel poate lua imediat, dar dac\u0103 este momentul s\u0103 ia urm\u0103toarea doz\u0103, atunci trebuie s\u0103 ia o singur\u0103 doz\u0103. Dac\u0103 lua\u021bi o supradoz\u0103 de Midazolam, aceasta poate fi fatal\u0103. Trebuie s\u0103 contacta\u021bi imediat un serviciu de urgen\u021b\u0103 pentru ajutor sau s\u0103 apela\u021bi la un medic. Cel mai bun midazolam este o benzodiazepin\u0103, ceea ce \u00eenseamn\u0103 c\u0103 este un medicament utilizat \u00een principal pentru a relaxa \u0219i calma oamenii. De multe ori, este administrat \u00eenainte de tratamentele medicale pentru a ajuta oamenii s\u0103 se relaxeze, s\u0103 se calmeze \u0219i s\u0103 adoarm\u0103. Exist\u0103 diferite tipuri de midazolam, cum ar fi pastile, siropuri \u0219i tratamente lichide, astfel \u00eenc\u00e2t poate fi utilizat \u00een multe scopuri medicale diferite.<\/p>\n<p><strong>Cum func\u021bioneaz\u0103 Midazolam<\/strong><br \/>\nAcidul gama-aminobutiric (GABA), o substan\u021b\u0103 chimic\u0103 ce \u00eencetine\u0219te activitatea cerebral\u0103, func\u021bioneaz\u0103 mai bine atunci c\u00e2nd este combinat cu midazolam. Aceast\u0103 ac\u021biune ajut\u0103 la calmarea sistemului nervos, la reducerea stresului \u0219i la sedarea sau somnolen\u021ba persoanelor. Timpul s\u0103u de \u00eenjum\u0103t\u0103\u021bire scurt \u0219i efectul rapid de declan\u0219are \u00eel fac perfect pentru mediile medicale care necesit\u0103 sedarea rapid\u0103 \u0219i sigur\u0103 a pacien\u021bilor. Beneficiile midazolamului \u00eenainte de procedur\u0103<\/p>\n<p>Sedare: Pacien\u021bii sunt adesea adormi\u021bi cu midazolam \u00eenainte de tratamente sau teste medicale pentru a se asigura c\u0103 r\u0103m\u00e2n calmi \u0219i relaxa\u021bi.<\/p>\n<p>Ameliorarea anxiet\u0103\u021bii: Medicamentul func\u021bioneaz\u0103 bine pentru a controla episoadele severe de anxietate \u0219i amelioreaz\u0103 rapid semnele de anxietate sever\u0103.<\/p>\n<p>Controlul convulsiilor: Midazolam poate fi utilizat pentru a opri convulsiile \u00een caz de urgen\u021b\u0103, ceea ce \u00eel face un instrument util pentru persoanele cu epilepsie at\u00e2t \u00een \u200b\u200bspital, c\u00e2t \u0219i acas\u0103.<\/p>\n<p>Chiar dac\u0103 Midazolam func\u021bioneaz\u0103 foarte bine, acesta trebuie utilizat doar sub supravegherea unui medic, deoarece poate provoca reac\u021bii adverse precum somnolen\u021b\u0103, ame\u021beli \u0219i respira\u021bie lent\u0103. Utilizarea pe termen lung v\u0103 poate face dependen\u021bi de acesta, a\u0219a c\u0103 este foarte important s\u0103 respecta\u021bi doza \u0219i durata de timp indicate de medic. Midazolam este un medicament puternic \u0219i flexibil, foarte important pentru reducerea convulsiilor, men\u021binerea somnului \u0219i gestionarea nervozit\u0103\u021bii. Vizita\u021bi una dintre cele mai bune farmacii buy-prescriptionz.com pentru a afla mai multe despre Midazolam \u0219i alte medicamente eliberate pe baz\u0103 de re\u021bet\u0103. Acestea au multe produse care v\u0103 pot ajuta s\u0103n\u0103tatea \u0219i bun\u0103starea.<\/p>\n<h3>UNDE PO\u021aI CUMP\u0102RA MIDAZOLAM ONLINE?<\/h3>\n<p>Midazolam poate fi cump\u0103rat online de pe buy-prescriptionz.com, unde ofer\u0103 medicamentul la cel mai bun pre\u021b. Cump\u0103ra\u021bi online tablete de midazolam, cump\u0103ra\u021bi midazolam \u00een Marea Britanie.<\/p>","protected":false},"excerpt":{"rendered":"<p>BUY MIDAZOLAM ONLINE How to buy Midazolam, Midazolam is said to be a short-acting drug, which has hypnotic-sedative and has amnestic and anxiolytic properties. This can be used in cardiac surgery, dentistry, and also in endoscopic procedures, which is as pre-anesthetic medication. This is also an adjunct to local anesthesia. The cardiorespiratory stability and short [&hellip;]<\/p>","protected":false},"featured_media":2980,"comment_status":"open","ping_status":"closed","template":"","meta":{"site-sidebar-layout":"default","site-content-layout":"","ast-site-content-layout":"default","site-content-style":"default","site-sidebar-style":"default","ast-global-header-display":"","ast-banner-title-visibility":"","ast-main-header-display":"","ast-hfb-above-header-display":"","ast-hfb-below-header-display":"","ast-hfb-mobile-header-display":"","site-post-title":"","ast-breadcrumbs-content":"","ast-featured-img":"","footer-sml-layout":"","theme-transparent-header-meta":"default","adv-header-id-meta":"","stick-header-meta":"","header-above-stick-meta":"","header-main-stick-meta":"","header-below-stick-meta":"","astra-migrate-meta-layouts":"set","ast-page-background-enabled":"default","ast-page-background-meta":{"desktop":{"background-color":"var(--ast-global-color-4)","background-image":"","background-repeat":"repeat","background-position":"center center","background-size":"auto","background-attachment":"scroll","background-type":"","background-media":"","overlay-type":"","overlay-color":"","overlay-opacity":"","overlay-gradient":""},"tablet":{"background-color":"","background-image":"","background-repeat":"repeat","background-position":"center center","background-size":"auto","background-attachment":"scroll","background-type":"","background-media":"","overlay-type":"","overlay-color":"","overlay-opacity":"","overlay-gradient":""},"mobile":{"background-color":"","background-image":"","background-repeat":"repeat","background-position":"center center","background-size":"auto","background-attachment":"scroll","background-type":"","background-media":"","overlay-type":"","overlay-color":"","overlay-opacity":"","overlay-gradient":""}},"ast-content-background-meta":{"desktop":{"background-color":"var(--ast-global-color-5)","background-image":"","background-repeat":"repeat","background-position":"center center","background-size":"auto","background-attachment":"scroll","background-type":"","background-media":"","overlay-type":"","overlay-color":"","overlay-opacity":"","overlay-gradient":""},"tablet":{"background-color":"var(--ast-global-color-5)","background-image":"","background-repeat":"repeat","background-position":"center center","background-size":"auto","background-attachment":"scroll","background-type":"","background-media":"","overlay-type":"","overlay-color":"","overlay-opacity":"","overlay-gradient":""},"mobile":{"background-color":"var(--ast-global-color-5)","background-image":"","background-repeat":"repeat","background-position":"center center","background-size":"auto","background-attachment":"scroll","background-type":"","background-media":"","overlay-type":"","overlay-color":"","overlay-opacity":"","overlay-gradient":""}}},"product_brand":[],"product_cat":[2381],"product_tag":[2317,2322,2321,2316,2254,2318,2319,2323,2315,2320],"class_list":{"0":"post-2959","1":"product","2":"type-product","3":"status-publish","4":"has-post-thumbnail","6":"product_cat-buy-depressants-and-anxiety-pills-online","7":"product_tag-buy-evekeo-online","8":"product_tag-buy-midazolam-ampoules-online","9":"product_tag-buy-midazolam-online","10":"product_tag-buy-midazolam-uk","11":"product_tag-buy-phenobarbital-online","12":"product_tag-buy-sodium-oxybate-online","13":"product_tag-midazolam-manufacturer","14":"product_tag-midazolam-price","15":"product_tag-midazolam-tablet-buy-online","16":"product_tag-midazolam-vial","17":"desktop-align-center","18":"tablet-align-left","19":"mobile-align-left","21":"first","22":"instock","23":"shipping-taxable","24":"purchasable","25":"product-type-variable","26":"has-default-attributes"},"yoast_head":"<!-- This site is optimized with the Yoast SEO plugin v25.9 - https:\/\/yoast.com\/wordpress\/plugins\/seo\/ -->\n<title>Buy Midazolam Online - Midazolam for Sale - Order Midazolam<\/title>\n<meta name=\"description\" content=\"Our online Buy-Prescriptionz store has the best quality midazolan for sale. If you want to buy midazolam online, then we can help you from all ends. Order today!\" \/>\n<meta name=\"robots\" content=\"index, follow, max-snippet:-1, max-image-preview:large, max-video-preview:-1\" \/>\n<link rel=\"canonical\" href=\"https:\/\/buy-prescriptionz.com\/ro\/produs\/midazolam\/\" \/>\n<meta property=\"og:locale\" content=\"ro_RO\" \/>\n<meta property=\"og:type\" content=\"article\" \/>\n<meta property=\"og:title\" content=\"Buy Midazolam Online - Midazolam for Sale - Order Midazolam\" \/>\n<meta property=\"og:description\" content=\"Our online Buy-Prescriptionz store has the best quality midazolan for sale. If you want to buy midazolam online, then we can help you from all ends. Order today!\" \/>\n<meta property=\"og:url\" content=\"https:\/\/buy-prescriptionz.com\/ro\/produs\/midazolam\/\" \/>\n<meta property=\"og:site_name\" content=\"Buy Prescriptionz\" \/>\n<meta property=\"article:modified_time\" content=\"2025-09-26T11:58:39+00:00\" \/>\n<meta property=\"og:image\" content=\"https:\/\/buy-prescriptionz.com\/wp-content\/uploads\/2025\/09\/midazolam.jpg\" \/>\n\t<meta property=\"og:image:width\" content=\"400\" \/>\n\t<meta property=\"og:image:height\" content=\"300\" \/>\n\t<meta property=\"og:image:type\" content=\"image\/jpeg\" \/>\n<meta name=\"twitter:card\" content=\"summary_large_image\" \/>\n<meta name=\"twitter:label1\" content=\"Timp estimat pentru citire\" \/>\n\t<meta name=\"twitter:data1\" content=\"3 minute\" \/>\n<script type=\"application\/ld+json\" class=\"yoast-schema-graph\">{\"@context\":\"https:\/\/schema.org\",\"@graph\":[{\"@type\":\"WebPage\",\"@id\":\"https:\/\/buy-prescriptionz.com\/product\/midazolam\/\",\"url\":\"https:\/\/buy-prescriptionz.com\/product\/midazolam\/\",\"name\":\"Buy Midazolam Online - Midazolam for Sale - Order Midazolam\",\"isPartOf\":{\"@id\":\"https:\/\/buy-prescriptionz.com\/#website\"},\"primaryImageOfPage\":{\"@id\":\"https:\/\/buy-prescriptionz.com\/product\/midazolam\/#primaryimage\"},\"image\":{\"@id\":\"https:\/\/buy-prescriptionz.com\/product\/midazolam\/#primaryimage\"},\"thumbnailUrl\":\"https:\/\/buy-prescriptionz.com\/wp-content\/uploads\/2025\/09\/midazolam.jpg\",\"datePublished\":\"2025-09-16T08:55:30+00:00\",\"dateModified\":\"2025-09-26T11:58:39+00:00\",\"description\":\"Our online Buy-Prescriptionz store has the best quality midazolan for sale. If you want to buy midazolam online, then we can help you from all ends. Order today!\",\"breadcrumb\":{\"@id\":\"https:\/\/buy-prescriptionz.com\/product\/midazolam\/#breadcrumb\"},\"inLanguage\":\"ro-RO\",\"potentialAction\":[{\"@type\":\"ReadAction\",\"target\":[\"https:\/\/buy-prescriptionz.com\/product\/midazolam\/\"]}]},{\"@type\":\"ImageObject\",\"inLanguage\":\"ro-RO\",\"@id\":\"https:\/\/buy-prescriptionz.com\/product\/midazolam\/#primaryimage\",\"url\":\"https:\/\/buy-prescriptionz.com\/wp-content\/uploads\/2025\/09\/midazolam.jpg\",\"contentUrl\":\"https:\/\/buy-prescriptionz.com\/wp-content\/uploads\/2025\/09\/midazolam.jpg\",\"width\":400,\"height\":300},{\"@type\":\"BreadcrumbList\",\"@id\":\"https:\/\/buy-prescriptionz.com\/product\/midazolam\/#breadcrumb\",\"itemListElement\":[{\"@type\":\"ListItem\",\"position\":1,\"name\":\"Home\",\"item\":\"https:\/\/buy-prescriptionz.com\/\"},{\"@type\":\"ListItem\",\"position\":2,\"name\":\"Shop Painkillers Online\",\"item\":\"https:\/\/buy-prescriptionz.com\/shop-painkillers-online\/\"},{\"@type\":\"ListItem\",\"position\":3,\"name\":\"Midazolam\"}]},{\"@type\":\"WebSite\",\"@id\":\"https:\/\/buy-prescriptionz.com\/#website\",\"url\":\"https:\/\/buy-prescriptionz.com\/\",\"name\":\"Buy Prescriptionz\",\"description\":\"Drugs Online\",\"publisher\":{\"@id\":\"https:\/\/buy-prescriptionz.com\/#organization\"},\"potentialAction\":[{\"@type\":\"SearchAction\",\"target\":{\"@type\":\"EntryPoint\",\"urlTemplate\":\"https:\/\/buy-prescriptionz.com\/?s={search_term_string}\"},\"query-input\":{\"@type\":\"PropertyValueSpecification\",\"valueRequired\":true,\"valueName\":\"search_term_string\"}}],\"inLanguage\":\"ro-RO\"},{\"@type\":\"Organization\",\"@id\":\"https:\/\/buy-prescriptionz.com\/#organization\",\"name\":\"Buy Prescriptionz\",\"url\":\"https:\/\/buy-prescriptionz.com\/\",\"logo\":{\"@type\":\"ImageObject\",\"inLanguage\":\"ro-RO\",\"@id\":\"https:\/\/buy-prescriptionz.com\/#\/schema\/logo\/image\/\",\"url\":\"https:\/\/buy-prescriptionz.com\/wp-content\/uploads\/2023\/09\/logo.png\",\"contentUrl\":\"https:\/\/buy-prescriptionz.com\/wp-content\/uploads\/2023\/09\/logo.png\",\"width\":350,\"height\":64,\"caption\":\"Buy Prescriptionz\"},\"image\":{\"@id\":\"https:\/\/buy-prescriptionz.com\/#\/schema\/logo\/image\/\"}}]}<\/script>\n<!-- \/ Yoast SEO plugin. -->","yoast_head_json":{"title":"Cump\u0103ra\u021bi Midazolam Online - Midazolam de V\u00e2nzare - Comanda\u021bi Midazolam","description":"Magazinul nostru online Buy-Prescriptionz are Flexeril de cea mai bun\u0103 calitate de v\u00e2nzare. Dac\u0103 dori\u021bi s\u0103 cump\u0103ra\u021bi Flexeril online, v\u0103 putem ajuta din toate punctele de vedere. Comanda\u021bi ast\u0103zi!","robots":{"index":"index","follow":"follow","max-snippet":"max-snippet:-1","max-image-preview":"max-image-preview:large","max-video-preview":"max-video-preview:-1"},"canonical":"https:\/\/buy-prescriptionz.com\/ro\/produs\/midazolam\/","og_locale":"ro_RO","og_type":"article","og_title":"Buy Midazolam Online - Midazolam for Sale - Order Midazolam","og_description":"Our online Buy-Prescriptionz store has the best quality midazolan for sale. If you want to buy midazolam online, then we can help you from all ends. Order today!","og_url":"https:\/\/buy-prescriptionz.com\/ro\/produs\/midazolam\/","og_site_name":"Buy Prescriptionz","article_modified_time":"2025-09-26T11:58:39+00:00","og_image":[{"width":400,"height":300,"url":"https:\/\/buy-prescriptionz.com\/wp-content\/uploads\/2025\/09\/midazolam.jpg","type":"image\/jpeg"}],"twitter_card":"summary_large_image","twitter_misc":{"Timp estimat pentru citire":"3 minute"},"schema":{"@context":"https:\/\/schema.org","@graph":[{"@type":"WebPage","@id":"https:\/\/buy-prescriptionz.com\/product\/midazolam\/","url":"https:\/\/buy-prescriptionz.com\/product\/midazolam\/","name":"Cump\u0103ra\u021bi Midazolam Online - Midazolam de V\u00e2nzare - Comanda\u021bi Midazolam","isPartOf":{"@id":"https:\/\/buy-prescriptionz.com\/#website"},"primaryImageOfPage":{"@id":"https:\/\/buy-prescriptionz.com\/product\/midazolam\/#primaryimage"},"image":{"@id":"https:\/\/buy-prescriptionz.com\/product\/midazolam\/#primaryimage"},"thumbnailUrl":"https:\/\/buy-prescriptionz.com\/wp-content\/uploads\/2025\/09\/midazolam.jpg","datePublished":"2025-09-16T08:55:30+00:00","dateModified":"2025-09-26T11:58:39+00:00","description":"Magazinul nostru online Buy-Prescriptionz are Flexeril de cea mai bun\u0103 calitate de v\u00e2nzare. Dac\u0103 dori\u021bi s\u0103 cump\u0103ra\u021bi Flexeril online, v\u0103 putem ajuta din toate punctele de vedere. Comanda\u021bi ast\u0103zi!","breadcrumb":{"@id":"https:\/\/buy-prescriptionz.com\/product\/midazolam\/#breadcrumb"},"inLanguage":"ro-RO","potentialAction":[{"@type":"ReadAction","target":["https:\/\/buy-prescriptionz.com\/product\/midazolam\/"]}]},{"@type":"ImageObject","inLanguage":"ro-RO","@id":"https:\/\/buy-prescriptionz.com\/product\/midazolam\/#primaryimage","url":"https:\/\/buy-prescriptionz.com\/wp-content\/uploads\/2025\/09\/midazolam.jpg","contentUrl":"https:\/\/buy-prescriptionz.com\/wp-content\/uploads\/2025\/09\/midazolam.jpg","width":400,"height":300},{"@type":"BreadcrumbList","@id":"https:\/\/buy-prescriptionz.com\/product\/midazolam\/#breadcrumb","itemListElement":[{"@type":"ListItem","position":1,"name":"Home","item":"https:\/\/buy-prescriptionz.com\/"},{"@type":"ListItem","position":2,"name":"Shop Painkillers Online","item":"https:\/\/buy-prescriptionz.com\/shop-painkillers-online\/"},{"@type":"ListItem","position":3,"name":"Midazolam"}]},{"@type":"WebSite","@id":"https:\/\/buy-prescriptionz.com\/#website","url":"https:\/\/buy-prescriptionz.com\/","name":"Buy Prescriptionz","description":"Medicamente online","publisher":{"@id":"https:\/\/buy-prescriptionz.com\/#organization"},"potentialAction":[{"@type":"SearchAction","target":{"@type":"EntryPoint","urlTemplate":"https:\/\/buy-prescriptionz.com\/?s={search_term_string}"},"query-input":{"@type":"PropertyValueSpecification","valueRequired":true,"valueName":"search_term_string"}}],"inLanguage":"ro-RO"},{"@type":"Organization","@id":"https:\/\/buy-prescriptionz.com\/#organization","name":"Buy Prescriptionz","url":"https:\/\/buy-prescriptionz.com\/","logo":{"@type":"ImageObject","inLanguage":"ro-RO","@id":"https:\/\/buy-prescriptionz.com\/#\/schema\/logo\/image\/","url":"https:\/\/buy-prescriptionz.com\/wp-content\/uploads\/2023\/09\/logo.png","contentUrl":"https:\/\/buy-prescriptionz.com\/wp-content\/uploads\/2023\/09\/logo.png","width":350,"height":64,"caption":"Buy Prescriptionz"},"image":{"@id":"https:\/\/buy-prescriptionz.com\/#\/schema\/logo\/image\/"}}]}},"_links":{"self":[{"href":"https:\/\/buy-prescriptionz.com\/ro\/wp-json\/wp\/v2\/product\/2959","targetHints":{"allow":["GET"]}}],"collection":[{"href":"https:\/\/buy-prescriptionz.com\/ro\/wp-json\/wp\/v2\/product"}],"about":[{"href":"https:\/\/buy-prescriptionz.com\/ro\/wp-json\/wp\/v2\/types\/product"}],"replies":[{"embeddable":true,"href":"https:\/\/buy-prescriptionz.com\/ro\/wp-json\/wp\/v2\/comments?post=2959"}],"wp:featuredmedia":[{"embeddable":true,"href":"https:\/\/buy-prescriptionz.com\/ro\/wp-json\/wp\/v2\/media\/2980"}],"wp:attachment":[{"href":"https:\/\/buy-prescriptionz.com\/ro\/wp-json\/wp\/v2\/media?parent=2959"}],"wp:term":[{"taxonomy":"product_brand","embeddable":true,"href":"https:\/\/buy-prescriptionz.com\/ro\/wp-json\/wp\/v2\/product_brand?post=2959"},{"taxonomy":"product_cat","embeddable":true,"href":"https:\/\/buy-prescriptionz.com\/ro\/wp-json\/wp\/v2\/product_cat?post=2959"},{"taxonomy":"product_tag","embeddable":true,"href":"https:\/\/buy-prescriptionz.com\/ro\/wp-json\/wp\/v2\/product_tag?post=2959"}],"curies":[{"name":"wp","href":"https:\/\/api.w.org\/{rel}","templated":true}]}}