{"id":2982,"date":"2025-09-16T08:55:51","date_gmt":"2025-09-16T08:55:51","guid":{"rendered":"https:\/\/chemsfine.com\/newsite\/?post_type=product&#038;p=2982"},"modified":"2025-09-20T12:20:33","modified_gmt":"2025-09-20T12:20:33","slug":"cumparati-clonazepam-online","status":"publish","type":"product","link":"https:\/\/buy-prescriptionz.com\/ro\/produs\/cumparati-clonazepam-online\/","title":{"rendered":"Cumpara Clonazepam online"},"content":{"rendered":"<h2>Cump\u0103ra\u021bi Clonazepam online: Ce este Clonazepamul<\/h2>\n<p>Ce este Clonazepam Cumpara Clonazepam Online Clonazepam este utilizat pentru a controla anumite tipuri de convulsii \u0219i poate fi utilizat singur sau \u00eempreun\u0103 cu alte medicamente. De asemenea, poate fi utilizat pentru a ameliora atacurile de panic\u0103. Clonazepamul face parte dintr-o clas\u0103 de medicamente care se nume\u0219te ca benzodiazepine. Acesta reduce activitatea electric\u0103 anormal\u0103 din creier. Ce ...<\/p>\n<h3>Ce caracteristici con\u021bine Clonazepam?<\/h3>\n<p>Clonazepamul are numeroase utiliz\u0103ri terapeutice, fiind inclus \u00een categoria benzodiazepinelor. Poate fi utilizat pentru:<\/p>\n<p>1. Controleaz\u0103 tulburarea convulsiv\u0103<br \/>\n2. Controleaz\u0103 tulburarea de anxietate<br \/>\n3. Ac\u021bioneaz\u0103 ca un somnifer<\/p>\n<h3>Ce precau\u021bii trebuie respectate \u00een timpul utiliz\u0103rii Clonazepamului?<\/h3>\n<p>1. \u00cenainte de a lua Clonazepam, trebuie s\u0103 informa\u021bi medicul despre afec\u021biunile premedicale, cum ar fi probleme respiratorii, tulbur\u0103ri mintale, boli de rinichi sau pl\u0103m\u00e2ni etc.<br \/>\n2. Este periculos dac\u0103 cineva ia marijuana sau alcool \u00eempreun\u0103 cu clonazepamul. Este periculos, deoarece poate provoca ame\u021beli severe.<\/p>\n<h3>Ce se poate \u00eent\u00e2mpla dac\u0103 cineva omite sau ia o supradoz\u0103 de Clonazepam?<\/h3>\n<p>1. Dac\u0103 cineva omite s\u0103 ia o doz\u0103 de Clonazepam, trebuie s\u0103 o ia la momentul la care \u00ee\u0219i aminte\u0219te, dar nu trebuie s\u0103 o ia odat\u0103 cu urm\u0103toarea schem\u0103 de tratament.<br \/>\n2. O supradoz\u0103 de Clonazepam ar putea fi iminent\u0103. Prin urmare, trebuie apelat linia telefonic\u0103 de urgen\u021b\u0103 sau un profesionist din domeniul s\u0103n\u0103t\u0103\u021bii pentru a evita complica\u021biile.<\/p>\n<h3>Ce caracteristici con\u021bine Clonazepam?<\/h3>\n<p>Mai jos sunt prezentate reac\u021biile adverse care pot ap\u0103rea din cauza administr\u0103rii de Clonazepam, cum ar fi:<\/p>\n<p>1. Co\u0219maruri<br \/>\n2. Halucina\u021bii<br \/>\n3. Lapsuri de memorie pe termen scurt<br \/>\n4. Confuzie mental\u0103<br \/>\n5. Schimb\u0103ri drastice de dispozi\u021bie<br \/>\n6. Iritabilitate<\/p>\n<h3>Prezentare general\u0103 \u0219i beneficii ale clonazepamului<\/h3>\n<p>Clonazepamul este un medicament care apar\u021bine clasei de benzodiazepine. Este frecvent prescris pentru tratamentul convulsiilor, tulbur\u0103rilor de panic\u0103 \u0219i anxiet\u0103\u021bii. Medicamentul ac\u021bioneaz\u0103 prin calmarea creierului \u0219i a nervilor, ceea ce ajut\u0103 la reducerea frecven\u021bei \u0219i severit\u0103\u021bii convulsiilor \u0219i a atacurilor de panic\u0103.<\/p>\n<p>Una dintre principalele utiliz\u0103ri ale celui mai bun Clonazepam este \u00een gestionarea tulbur\u0103rilor convulsive, cum ar fi epilepsia. Acesta ajut\u0103 la prevenirea \u0219i controlul convulsiilor prin stabilizarea activit\u0103\u021bii electrice din creier. Acest lucru \u00eel face un medicament esen\u021bial pentru persoanele cu epilepsie, oferindu-le un control mai bun asupra afec\u021biunii lor \u0219i \u00eembun\u0103t\u0103\u021bindu-le calitatea vie\u021bii.<\/p>\n<p>Clonazepamul este, de asemenea, utilizat pe scar\u0103 larg\u0103 pentru tratarea tulbur\u0103rii de panic\u0103, care se caracterizeaz\u0103 prin episoade bru\u0219te \u0219i nea\u0219teptate de fric\u0103 intens\u0103. Aceste episoade pot fi debilitante \u0219i pot interfera cu activit\u0103\u021bile zilnice. Prin reducerea activit\u0103\u021bii cerebrale anormale care duce la aceste atacuri de panic\u0103, Clonazepamul ajut\u0103 persoanele s\u0103 \u00ee\u0219i gestioneze simptomele mai eficient, permi\u021b\u00e2ndu-le s\u0103 duc\u0103 o via\u021b\u0103 mai normal\u0103 \u0219i mai productiv\u0103.<\/p>\n<p>Un alt beneficiu semnificativ al Clonazepamului este eficacitatea sa \u00een tratarea tulbur\u0103rilor de anxietate. Acesta ofer\u0103 o ameliorare rapid\u0103 a simptomelor precum \u00eengrijorarea excesiv\u0103, nelini\u0219tea \u0219i tensiunea. Efectul calmant al Clonazepamului poate ajuta persoanele s\u0103 se simt\u0103 mai relaxate \u0219i mai pu\u021bin anxioase, ceea ce este benefic \u00een special pentru cei care se lupt\u0103 cu anxietatea cronic\u0103.<\/p>\n<p>Pe l\u00e2ng\u0103 utiliz\u0103rile sale principale, Clonazepamul poate fi prescris \u0219i pentru alte afec\u021biuni, a\u0219a cum este stabilit de un medic. Cu toate acestea, este important s\u0103 utiliza\u021bi acest medicament sub supraveghere medical\u0103 din cauza poten\u021bialului de dependen\u021b\u0103 \u0219i a altor efecte secundare.<\/p>\n<p>Clonazepamul ofer\u0103 beneficii valoroase pentru cei care sufer\u0103 de convulsii, tulbur\u0103ri de panic\u0103 \u0219i anxietate. Capacitatea sa de a stabiliza activitatea cerebral\u0103 \u0219i de a oferi o ameliorare rapid\u0103 a simptomelor \u00eel face un medicament esen\u021bial pentru multe persoane. Dac\u0103 lua\u021bi \u00een considerare utilizarea Clonazepamului pentru tratamentul dumneavoastr\u0103, asigura\u021bi-v\u0103 c\u0103 consulta\u021bi un profesionist din domeniul s\u0103n\u0103t\u0103\u021bii pentru \u00eendrum\u0103ri adecvate.<\/p>\n<h3><strong>De unde pot cump\u0103ra Clonazepam?<\/strong><\/h3>\n<p>Pentru o surs\u0103 convenabil\u0103 \u0219i fiabil\u0103 de a cump\u0103ra Clonazepam, vizita\u021bi cea mai bun\u0103 farmacie. <a href=\"https:\/\/buy-prescriptionz.com\/ro\/\">buy-prescriptionz.com<\/a>Ace\u0219tia ofer\u0103 o gam\u0103 larg\u0103 de medicamente eliberate pe baz\u0103 de re\u021bet\u0103 pentru a v\u0103 satisface nevoile de s\u0103n\u0103tate.<\/p>\n<h3>De unde se poate cump\u0103ra Clonazepam online?<\/h3>\n<p>Se poate cump\u0103ra Clonazepam de la Buy Prescriptions la cel mai bun pre\u021b. Pute\u021bi comanda cele mai bune medicamente aici acum!<\/p>","protected":false},"excerpt":{"rendered":"<p>Buy Clonazepam Online: What is Clonazepam Buy Clonazepam Online Clonazepam is used to control certain types of seizures and can be used alone or with other medications. It can also be used to relieve panic attacks. Clonazepam comes in a class of medication which is called as benzodiazepines. It reduces the abnormal electric activity in [&hellip;]<\/p>","protected":false},"featured_media":3012,"comment_status":"open","ping_status":"closed","template":"","meta":{"site-sidebar-layout":"default","site-content-layout":"","ast-site-content-layout":"default","site-content-style":"default","site-sidebar-style":"default","ast-global-header-display":"","ast-banner-title-visibility":"","ast-main-header-display":"","ast-hfb-above-header-display":"","ast-hfb-below-header-display":"","ast-hfb-mobile-header-display":"","site-post-title":"","ast-breadcrumbs-content":"","ast-featured-img":"","footer-sml-layout":"","theme-transparent-header-meta":"default","adv-header-id-meta":"","stick-header-meta":"","header-above-stick-meta":"","header-main-stick-meta":"","header-below-stick-meta":"","astra-migrate-meta-layouts":"set","ast-page-background-enabled":"default","ast-page-background-meta":{"desktop":{"background-color":"var(--ast-global-color-4)","background-image":"","background-repeat":"repeat","background-position":"center center","background-size":"auto","background-attachment":"scroll","background-type":"","background-media":"","overlay-type":"","overlay-color":"","overlay-opacity":"","overlay-gradient":""},"tablet":{"background-color":"","background-image":"","background-repeat":"repeat","background-position":"center center","background-size":"auto","background-attachment":"scroll","background-type":"","background-media":"","overlay-type":"","overlay-color":"","overlay-opacity":"","overlay-gradient":""},"mobile":{"background-color":"","background-image":"","background-repeat":"repeat","background-position":"center center","background-size":"auto","background-attachment":"scroll","background-type":"","background-media":"","overlay-type":"","overlay-color":"","overlay-opacity":"","overlay-gradient":""}},"ast-content-background-meta":{"desktop":{"background-color":"var(--ast-global-color-5)","background-image":"","background-repeat":"repeat","background-position":"center center","background-size":"auto","background-attachment":"scroll","background-type":"","background-media":"","overlay-type":"","overlay-color":"","overlay-opacity":"","overlay-gradient":""},"tablet":{"background-color":"var(--ast-global-color-5)","background-image":"","background-repeat":"repeat","background-position":"center center","background-size":"auto","background-attachment":"scroll","background-type":"","background-media":"","overlay-type":"","overlay-color":"","overlay-opacity":"","overlay-gradient":""},"mobile":{"background-color":"var(--ast-global-color-5)","background-image":"","background-repeat":"repeat","background-position":"center center","background-size":"auto","background-attachment":"scroll","background-type":"","background-media":"","overlay-type":"","overlay-color":"","overlay-opacity":"","overlay-gradient":""}}},"product_brand":[],"product_cat":[2381],"product_tag":[1858,1859,1857,1852,1855,1854,1853,1856,1851,1850,1860],"class_list":{"0":"post-2982","1":"product","2":"type-product","3":"status-publish","4":"has-post-thumbnail","6":"product_cat-buy-depressants-and-anxiety-pills-online","7":"product_tag-buy-clonazepam-in-canada","8":"product_tag-buy-clonazepam-in-uk","9":"product_tag-buy-clonazepam-in-usa","10":"product_tag-buy-clonazepam-with-bitcoin","11":"product_tag-buy-clonazepam-with-credit-card","12":"product_tag-buy-clonazepam-with-money-gram","13":"product_tag-buy-clonazepam-with-western-union","14":"product_tag-buy-clonazepam-without-a-doctor","15":"product_tag-buy-clonazepam-without-prescription","16":"product_tag-clonazepam-for-sale","17":"product_tag-clonazepam-pills","18":"desktop-align-center","19":"tablet-align-left","20":"mobile-align-left","22":"first","23":"instock","24":"shipping-taxable","25":"purchasable","26":"product-type-variable","27":"has-default-attributes"},"yoast_head":"<!-- This site is optimized with the Yoast SEO plugin v25.9 - https:\/\/yoast.com\/wordpress\/plugins\/seo\/ -->\n<title>Buy Clonazepam Online, Buy Rivotril Online, Purchase Rivotril<\/title>\n<meta name=\"description\" content=\"Buy clonazepam online.Buy klonopin online, buy clonazepam online, buy clonazepam, Buy klonopin online legally, buy klonopin, buy klonopin online reviews\" \/>\n<meta name=\"robots\" content=\"index, follow, max-snippet:-1, max-image-preview:large, max-video-preview:-1\" \/>\n<link rel=\"canonical\" href=\"https:\/\/buy-prescriptionz.com\/ro\/produs\/cumparati-clonazepam-online\/\" \/>\n<meta property=\"og:locale\" content=\"ro_RO\" \/>\n<meta property=\"og:type\" content=\"article\" \/>\n<meta property=\"og:title\" content=\"Buy Clonazepam Online, Buy Rivotril Online, Purchase Rivotril\" \/>\n<meta property=\"og:description\" content=\"Buy clonazepam online.Buy klonopin online, buy clonazepam online, buy clonazepam, Buy klonopin online legally, buy klonopin, buy klonopin online reviews\" \/>\n<meta property=\"og:url\" content=\"https:\/\/buy-prescriptionz.com\/ro\/produs\/cumparati-clonazepam-online\/\" \/>\n<meta property=\"og:site_name\" content=\"Buy Prescriptionz\" \/>\n<meta property=\"article:modified_time\" content=\"2025-09-20T12:20:33+00:00\" \/>\n<meta property=\"og:image\" content=\"https:\/\/buy-prescriptionz.com\/wp-content\/uploads\/2025\/09\/clonazepam.jpg\" \/>\n\t<meta property=\"og:image:width\" content=\"400\" \/>\n\t<meta property=\"og:image:height\" content=\"300\" \/>\n\t<meta property=\"og:image:type\" content=\"image\/jpeg\" \/>\n<meta name=\"twitter:card\" content=\"summary_large_image\" \/>\n<meta name=\"twitter:label1\" content=\"Timp estimat pentru citire\" \/>\n\t<meta name=\"twitter:data1\" content=\"3 minute\" \/>\n<script type=\"application\/ld+json\" class=\"yoast-schema-graph\">{\"@context\":\"https:\/\/schema.org\",\"@graph\":[{\"@type\":\"WebPage\",\"@id\":\"https:\/\/buy-prescriptionz.com\/product\/buy-clonazepam-online\/\",\"url\":\"https:\/\/buy-prescriptionz.com\/product\/buy-clonazepam-online\/\",\"name\":\"Buy Clonazepam Online, Buy Rivotril Online, Purchase Rivotril\",\"isPartOf\":{\"@id\":\"https:\/\/buy-prescriptionz.com\/#website\"},\"primaryImageOfPage\":{\"@id\":\"https:\/\/buy-prescriptionz.com\/product\/buy-clonazepam-online\/#primaryimage\"},\"image\":{\"@id\":\"https:\/\/buy-prescriptionz.com\/product\/buy-clonazepam-online\/#primaryimage\"},\"thumbnailUrl\":\"https:\/\/buy-prescriptionz.com\/wp-content\/uploads\/2025\/09\/clonazepam.jpg\",\"datePublished\":\"2025-09-16T08:55:51+00:00\",\"dateModified\":\"2025-09-20T12:20:33+00:00\",\"description\":\"Buy clonazepam online.Buy klonopin online, buy clonazepam online, buy clonazepam, Buy klonopin online legally, buy klonopin, buy klonopin online reviews\",\"breadcrumb\":{\"@id\":\"https:\/\/buy-prescriptionz.com\/product\/buy-clonazepam-online\/#breadcrumb\"},\"inLanguage\":\"ro-RO\",\"potentialAction\":[{\"@type\":\"ReadAction\",\"target\":[\"https:\/\/buy-prescriptionz.com\/product\/buy-clonazepam-online\/\"]}]},{\"@type\":\"ImageObject\",\"inLanguage\":\"ro-RO\",\"@id\":\"https:\/\/buy-prescriptionz.com\/product\/buy-clonazepam-online\/#primaryimage\",\"url\":\"https:\/\/buy-prescriptionz.com\/wp-content\/uploads\/2025\/09\/clonazepam.jpg\",\"contentUrl\":\"https:\/\/buy-prescriptionz.com\/wp-content\/uploads\/2025\/09\/clonazepam.jpg\",\"width\":400,\"height\":300},{\"@type\":\"BreadcrumbList\",\"@id\":\"https:\/\/buy-prescriptionz.com\/product\/buy-clonazepam-online\/#breadcrumb\",\"itemListElement\":[{\"@type\":\"ListItem\",\"position\":1,\"name\":\"Home\",\"item\":\"https:\/\/buy-prescriptionz.com\/\"},{\"@type\":\"ListItem\",\"position\":2,\"name\":\"Shop Painkillers Online\",\"item\":\"https:\/\/buy-prescriptionz.com\/shop-painkillers-online\/\"},{\"@type\":\"ListItem\",\"position\":3,\"name\":\"Buy Clonazepam Online\"}]},{\"@type\":\"WebSite\",\"@id\":\"https:\/\/buy-prescriptionz.com\/#website\",\"url\":\"https:\/\/buy-prescriptionz.com\/\",\"name\":\"Buy Prescriptionz\",\"description\":\"Drugs Online\",\"publisher\":{\"@id\":\"https:\/\/buy-prescriptionz.com\/#organization\"},\"potentialAction\":[{\"@type\":\"SearchAction\",\"target\":{\"@type\":\"EntryPoint\",\"urlTemplate\":\"https:\/\/buy-prescriptionz.com\/?s={search_term_string}\"},\"query-input\":{\"@type\":\"PropertyValueSpecification\",\"valueRequired\":true,\"valueName\":\"search_term_string\"}}],\"inLanguage\":\"ro-RO\"},{\"@type\":\"Organization\",\"@id\":\"https:\/\/buy-prescriptionz.com\/#organization\",\"name\":\"Buy Prescriptionz\",\"url\":\"https:\/\/buy-prescriptionz.com\/\",\"logo\":{\"@type\":\"ImageObject\",\"inLanguage\":\"ro-RO\",\"@id\":\"https:\/\/buy-prescriptionz.com\/#\/schema\/logo\/image\/\",\"url\":\"https:\/\/buy-prescriptionz.com\/wp-content\/uploads\/2023\/09\/logo.png\",\"contentUrl\":\"https:\/\/buy-prescriptionz.com\/wp-content\/uploads\/2023\/09\/logo.png\",\"width\":350,\"height\":64,\"caption\":\"Buy Prescriptionz\"},\"image\":{\"@id\":\"https:\/\/buy-prescriptionz.com\/#\/schema\/logo\/image\/\"}}]}<\/script>\n<!-- \/ Yoast SEO plugin. -->","yoast_head_json":{"title":"Cump\u0103ra\u021bi Clonazepam Online, Cump\u0103ra\u021bi Rivotril Online, Cump\u0103ra\u021bi Rivotril","description":"Cump\u0103ra\u021bi clonazepam online. Cump\u0103ra\u021bi klonopin online, cump\u0103ra\u021bi clonazepam online, cump\u0103ra\u021bi clonazepam, cump\u0103ra\u021bi klonopin online legal, cump\u0103ra\u021bi klonopin, recenzii despre cump\u0103rarea klonopin online","robots":{"index":"index","follow":"follow","max-snippet":"max-snippet:-1","max-image-preview":"max-image-preview:large","max-video-preview":"max-video-preview:-1"},"canonical":"https:\/\/buy-prescriptionz.com\/ro\/produs\/cumparati-clonazepam-online\/","og_locale":"ro_RO","og_type":"article","og_title":"Buy Clonazepam Online, Buy Rivotril Online, Purchase Rivotril","og_description":"Buy clonazepam online.Buy klonopin online, buy clonazepam online, buy clonazepam, Buy klonopin online legally, buy klonopin, buy klonopin online reviews","og_url":"https:\/\/buy-prescriptionz.com\/ro\/produs\/cumparati-clonazepam-online\/","og_site_name":"Buy Prescriptionz","article_modified_time":"2025-09-20T12:20:33+00:00","og_image":[{"width":400,"height":300,"url":"https:\/\/buy-prescriptionz.com\/wp-content\/uploads\/2025\/09\/clonazepam.jpg","type":"image\/jpeg"}],"twitter_card":"summary_large_image","twitter_misc":{"Timp estimat pentru citire":"3 minute"},"schema":{"@context":"https:\/\/schema.org","@graph":[{"@type":"WebPage","@id":"https:\/\/buy-prescriptionz.com\/product\/buy-clonazepam-online\/","url":"https:\/\/buy-prescriptionz.com\/product\/buy-clonazepam-online\/","name":"Cump\u0103ra\u021bi Clonazepam Online, Cump\u0103ra\u021bi Rivotril Online, Cump\u0103ra\u021bi Rivotril","isPartOf":{"@id":"https:\/\/buy-prescriptionz.com\/#website"},"primaryImageOfPage":{"@id":"https:\/\/buy-prescriptionz.com\/product\/buy-clonazepam-online\/#primaryimage"},"image":{"@id":"https:\/\/buy-prescriptionz.com\/product\/buy-clonazepam-online\/#primaryimage"},"thumbnailUrl":"https:\/\/buy-prescriptionz.com\/wp-content\/uploads\/2025\/09\/clonazepam.jpg","datePublished":"2025-09-16T08:55:51+00:00","dateModified":"2025-09-20T12:20:33+00:00","description":"Cump\u0103ra\u021bi clonazepam online. Cump\u0103ra\u021bi klonopin online, cump\u0103ra\u021bi clonazepam online, cump\u0103ra\u021bi clonazepam, cump\u0103ra\u021bi klonopin online legal, cump\u0103ra\u021bi klonopin, recenzii despre cump\u0103rarea klonopin online","breadcrumb":{"@id":"https:\/\/buy-prescriptionz.com\/product\/buy-clonazepam-online\/#breadcrumb"},"inLanguage":"ro-RO","potentialAction":[{"@type":"ReadAction","target":["https:\/\/buy-prescriptionz.com\/product\/buy-clonazepam-online\/"]}]},{"@type":"ImageObject","inLanguage":"ro-RO","@id":"https:\/\/buy-prescriptionz.com\/product\/buy-clonazepam-online\/#primaryimage","url":"https:\/\/buy-prescriptionz.com\/wp-content\/uploads\/2025\/09\/clonazepam.jpg","contentUrl":"https:\/\/buy-prescriptionz.com\/wp-content\/uploads\/2025\/09\/clonazepam.jpg","width":400,"height":300},{"@type":"BreadcrumbList","@id":"https:\/\/buy-prescriptionz.com\/product\/buy-clonazepam-online\/#breadcrumb","itemListElement":[{"@type":"ListItem","position":1,"name":"Home","item":"https:\/\/buy-prescriptionz.com\/"},{"@type":"ListItem","position":2,"name":"Shop Painkillers Online","item":"https:\/\/buy-prescriptionz.com\/shop-painkillers-online\/"},{"@type":"ListItem","position":3,"name":"Buy Clonazepam Online"}]},{"@type":"WebSite","@id":"https:\/\/buy-prescriptionz.com\/#website","url":"https:\/\/buy-prescriptionz.com\/","name":"Buy Prescriptionz","description":"Medicamente online","publisher":{"@id":"https:\/\/buy-prescriptionz.com\/#organization"},"potentialAction":[{"@type":"SearchAction","target":{"@type":"EntryPoint","urlTemplate":"https:\/\/buy-prescriptionz.com\/?s={search_term_string}"},"query-input":{"@type":"PropertyValueSpecification","valueRequired":true,"valueName":"search_term_string"}}],"inLanguage":"ro-RO"},{"@type":"Organization","@id":"https:\/\/buy-prescriptionz.com\/#organization","name":"Buy Prescriptionz","url":"https:\/\/buy-prescriptionz.com\/","logo":{"@type":"ImageObject","inLanguage":"ro-RO","@id":"https:\/\/buy-prescriptionz.com\/#\/schema\/logo\/image\/","url":"https:\/\/buy-prescriptionz.com\/wp-content\/uploads\/2023\/09\/logo.png","contentUrl":"https:\/\/buy-prescriptionz.com\/wp-content\/uploads\/2023\/09\/logo.png","width":350,"height":64,"caption":"Buy Prescriptionz"},"image":{"@id":"https:\/\/buy-prescriptionz.com\/#\/schema\/logo\/image\/"}}]}},"_links":{"self":[{"href":"https:\/\/buy-prescriptionz.com\/ro\/wp-json\/wp\/v2\/product\/2982","targetHints":{"allow":["GET"]}}],"collection":[{"href":"https:\/\/buy-prescriptionz.com\/ro\/wp-json\/wp\/v2\/product"}],"about":[{"href":"https:\/\/buy-prescriptionz.com\/ro\/wp-json\/wp\/v2\/types\/product"}],"replies":[{"embeddable":true,"href":"https:\/\/buy-prescriptionz.com\/ro\/wp-json\/wp\/v2\/comments?post=2982"}],"wp:featuredmedia":[{"embeddable":true,"href":"https:\/\/buy-prescriptionz.com\/ro\/wp-json\/wp\/v2\/media\/3012"}],"wp:attachment":[{"href":"https:\/\/buy-prescriptionz.com\/ro\/wp-json\/wp\/v2\/media?parent=2982"}],"wp:term":[{"taxonomy":"product_brand","embeddable":true,"href":"https:\/\/buy-prescriptionz.com\/ro\/wp-json\/wp\/v2\/product_brand?post=2982"},{"taxonomy":"product_cat","embeddable":true,"href":"https:\/\/buy-prescriptionz.com\/ro\/wp-json\/wp\/v2\/product_cat?post=2982"},{"taxonomy":"product_tag","embeddable":true,"href":"https:\/\/buy-prescriptionz.com\/ro\/wp-json\/wp\/v2\/product_tag?post=2982"}],"curies":[{"name":"wp","href":"https:\/\/api.w.org\/{rel}","templated":true}]}}