{"id":2985,"date":"2025-09-16T08:55:51","date_gmt":"2025-09-16T08:55:51","guid":{"rendered":"https:\/\/chemsfine.com\/newsite\/?post_type=product&#038;p=2985"},"modified":"2026-01-30T13:59:44","modified_gmt":"2026-01-30T13:59:44","slug":"alprazolam","status":"publish","type":"product","link":"https:\/\/buy-prescriptionz.com\/ro\/produs\/alprazolam\/","title":{"rendered":"Alprazolam"},"content":{"rendered":"<h2 style=\"text-align: justify;\">CUMP\u0102RA ALPRAZOLAM ONLINE<\/h2>\n<p style=\"text-align: justify;\">Cumpara ALPRAZOLAM ONLINE Cumpara alprazolam online, medicamentul Alprazolam este o benzodiazepin\u0103 comun\u0103 \u00een set\u0103rile medicale care este, de asemenea, luat\u0103 \u00een scopuri recrea\u021bionale. \u00cen mod normal, este utilizat pentru anxietate \u0219i tulburare de panic\u0103, de\u0219i are propriet\u0103\u021bi antidepresive. Efectele sale recrea\u021bionale constau \u00een anxioliz\u0103, dezinhibi\u021bie \u0219i euforie. CARACTERISTICI Alprazolam este utilizat pentru tratamentul anxiet\u0103\u021bii \u0219i ...<\/p>\n<p style=\"text-align: justify;\">Efectele sale recreative constau \u00een anxioliz\u0103, dezinhibi\u021bie \u0219i euforie.<\/p>\n<h3>Prezentare general\u0103 a alprazolamului<\/h3>\n<p>Alprazolamul este utilizat pentru tratamentul tulbur\u0103rilor de anxietate \u0219i de panic\u0103. Acesta apar\u021bine unei clase de medicamente numite ca benzodiazepine care ac\u021bioneaz\u0103 asupra creierului \u0219i a nervilor pentru a produce un efect calmant. Acesta ac\u021bioneaz\u0103 prin intensificarea efectelor unei anumite substan\u021be chimice naturale din corpul uman.<\/p>\n<h3>Utiliz\u0103ri ale alprazolamului<\/h3>\n<ol>\n<li><strong>Tulbur\u0103ri de anxietate<\/strong>: Cele <strong>cel mai bun Alprazolam <\/strong>este frecvent prescris pentru gestionarea tulbur\u0103rilor de anxietate, oferind ameliorarea simptomelor precum \u00eengrijorarea excesiv\u0103, nelini\u0219tea \u0219i iritabilitatea.<\/li>\n<li><strong>Tulbur\u0103ri de panic\u0103<\/strong>Este eficient \u00een tratarea tulbur\u0103rilor de panic\u0103, care sunt caracterizate prin atacuri bru\u0219te de fric\u0103 \u0219i \u00eengrijorare intens\u0103.<\/li>\n<li><strong>Ameliorare pe termen scurt<\/strong>Adesea utilizat pentru gestionarea pe termen scurt a simptomelor de anxietate, \u00een timp ce sunt puse \u00een aplicare planuri de tratament pe termen lung.<\/li>\n<\/ol>\n<h3>Beneficiile Alprazolamului<\/h3>\n<ol>\n<li><strong>Ameliorare rapid\u0103<\/strong>Alprazolam este cunoscut pentru ac\u021biunea sa rapid\u0103, oferind o ameliorare rapid\u0103 a anxiet\u0103\u021bii \u0219i a simptomelor de panic\u0103.<\/li>\n<li><strong>\u00cembun\u0103t\u0103\u021be\u0219te calitatea vie\u021bii<\/strong>Prin gestionarea eficient\u0103 a simptomelor, se poate \u00eembun\u0103t\u0103\u021bi semnificativ calitatea vie\u021bii persoanelor cu tulbur\u0103ri de anxietate.<\/li>\n<li><strong>Bine studiat<\/strong>Alprazolam a fost studiat \u0219i utilizat pe scar\u0103 larg\u0103 timp de decenii, ceea ce \u00eel face un medicament bine \u00een\u021beles \u0219i de \u00eencredere \u00een comunitatea medical\u0103.<\/li>\n<\/ol>\n<h3>Considera\u021bii importante<\/h3>\n<ol>\n<li><strong>Dependen\u0163\u0103<\/strong>Exist\u0103 riscul de dependen\u021b\u0103 \u00een cazul utiliz\u0103rii prelungite, a\u0219a c\u0103 este de obicei prescris pentru utilizare pe termen scurt.<\/li>\n<li><strong>Efecte secundare<\/strong>Reac\u021biile adverse frecvente includ somnolen\u021b\u0103, ame\u021beli \u0219i cre\u0219terea produc\u021biei de saliv\u0103. Este important s\u0103 respecta\u021bi doza prescris\u0103 \u0219i instruc\u021biunile pentru a minimiza aceste efecte.<\/li>\n<li><strong>Interac\u021biuni<\/strong>Alprazolam poate interac\u021biona cu alte medicamente \u0219i substan\u021be, a\u0219a c\u0103 este esen\u021bial s\u0103 v\u0103 informa\u021bi medicul despre toate medicamentele pe care le lua\u021bi.<\/li>\n<\/ol>\n<p>Alprazolam este un medicament valoros pentru cei care se confrunt\u0103 cu anxietate \u0219i tulbur\u0103ri de panic\u0103, oferind o ameliorare rapid\u0103 \u0219i eficient\u0103. Cu toate acestea, este esen\u021bial s\u0103 fie utilizat sub supraveghere medical\u0103 din cauza poten\u021bialului de dependen\u021b\u0103 \u0219i a efectelor secundare. Pentru cei care doresc s\u0103 achizi\u021bioneze Alprazolam \u00een siguran\u021b\u0103 \u0219i convenabil, una dintre cele mai bune farmacii... <a href=\"https:\/\/buy-prescriptionz.com\/ro\/\">buy-prescriptionz.com<\/a>.<\/p>\n<h3 style=\"text-align: justify;\">CARACTERISTICI<\/h3>\n<p style=\"text-align: justify;\">Alprazolamul este utilizat pentru tratamentul tulbur\u0103rilor de anxietate \u0219i de panic\u0103. Acesta apar\u021bine unei clase de medicamente numite ca benzodiazepine care ac\u021bioneaz\u0103 asupra creierului \u0219i a nervilor pentru a produce un efect calmant. Acesta ac\u021bioneaz\u0103 prin intensificarea efectelor unei anumite substan\u021be chimice naturale din corpul uman.<\/p>\n<h3 style=\"text-align: justify;\">PRECAU\u021aII<\/h3>\n<p style=\"text-align: justify;\">\u00cenainte de a lua acest medicament, spune\u021bi medicului dumneavoastr\u0103 sau farmacistului dac\u0103 sunte\u021bi alergic la acesta; sau la alte benzodiazepine (cum ar fi diazepam, lorazepam); sau dac\u0103 ave\u021bi orice alte alergii. Acest produs poate con\u021bine ingrediente inactive, care provoac\u0103 reac\u021bii alergice sau orice alte probleme.cump\u0103ra\u021bi alprazolam online<\/p>\n<p style=\"text-align: justify;\">Trece \u00een laptele matern \u0219i poate avea efecte nedorite asupra unui copil care al\u0103pteaz\u0103. Nu se recomand\u0103 al\u0103ptarea \u00een timpul utiliz\u0103rii acestui medicament. Consulta\u021bi medicul dumneavoastr\u0103 \u00eenainte de a al\u0103pta.<\/p>\n<h3 style=\"text-align: justify;\">EFECTELE SECUNDARE<\/h3>\n<p style=\"text-align: justify;\">\u2022 Somnolen\u021b\u0103<br \/>\nOboseal\u0103<br \/>\nAlte efecte secundare includ<br \/>\nProbleme de memorie<br \/>\n\u2022 Speech problems<br \/>\n- Constipa\u021bie<br \/>\n\u2022 Changes in weight<br \/>\n\u2022 Dependen\u021b\u0103 (dependen\u021b\u0103)<br \/>\n- Dureri de cap<br \/>\n- Constipa\u021bie<br \/>\n- Gura uscat\u0103<\/p>\n<h3 style=\"text-align: justify;\">SUPRADOZAJ<\/h3>\n<p style=\"text-align: justify;\">Simptomele supradozajului pot include: somnolen\u021b\u0103 sever\u0103, reflexe \u00eencetinite\/reducute, respira\u021bie \u00eencetinit\u0103, pierderea cuno\u0219tin\u021bei.<\/p>\n<p style=\"text-align: justify;\">\u00cen cazul \u00een care se suspecteaz\u0103 supradozaj, contacta\u021bi imediat medicul.<\/p>\n<h3 style=\"text-align: justify;\">DOZ\u0102 RATAT\u0102<\/h3>\n<p style=\"text-align: justify;\">Dac\u0103 omite\u021bi o doz\u0103, lua\u021bi-o c\u00e2t mai cur\u00e2nd posibil. Dac\u0103 este ora urm\u0103toarei doze, s\u0103ri\u021bi peste doza uitat\u0103 \u0219i relua\u021bi programul obi\u0219nuit de administrare a dozelor. Nu dubla\u021bi doza pentru a recupera.<\/p>\n<h3 style=\"text-align: justify;\">DEPOZITARE<\/h3>\n<p style=\"text-align: justify;\">P\u0103stra\u021bi Alprazolam la temperatura camerei, departe de lumin\u0103 \u0219i umiditate. Nu depozita\u021bi \u00een baie. P\u0103stra\u021bi toate medicamentele departe de copii \u0219i animale de companie. Nu arunca\u021bi aceste medicamente \u00een toalet\u0103 \u0219i nu le turna\u021bi \u00een canal dec\u00e2t dac\u0103 vi se indic\u0103 acest lucru.<\/p>\n<h3 style=\"text-align: justify;\">\u00ceN CAZUL \u00ceN CARE PENTRU A CUMP\u0102RA ALPRAZOLAM ONLINE?<\/h3>\n<p style=\"text-align: justify;\">buy-prescriptionz.com este cea mai bun\u0103 farmacie pentru Alprazolam de v\u00e2nzare. Cump\u0103ra\u021bi Alprazolam online f\u0103r\u0103 prescrip\u021bie medical\u0103 de la Buyprescriptionz la cel mai bun pre\u021b.<\/p>","protected":false},"excerpt":{"rendered":"<p>BUY ALPRAZOLAM ONLINE Buy alprazolam online, Alprazolam drug is a common benzodiazepine in medical settings that is also taken for the recreational purposes. It\u2019s normally used for anxiety and panic disorder, though it has antidepressant properties. Its recreational effects consist of anxiolysis, disinhibition, and euphoria. Overview of Alprazolam Alprazolam is a prescription medication primarily used [&hellip;]<\/p>","protected":false},"featured_media":3015,"comment_status":"open","ping_status":"closed","template":"","meta":{"site-sidebar-layout":"default","site-content-layout":"","ast-site-content-layout":"default","site-content-style":"default","site-sidebar-style":"default","ast-global-header-display":"","ast-banner-title-visibility":"","ast-main-header-display":"","ast-hfb-above-header-display":"","ast-hfb-below-header-display":"","ast-hfb-mobile-header-display":"","site-post-title":"","ast-breadcrumbs-content":"","ast-featured-img":"","footer-sml-layout":"","theme-transparent-header-meta":"","adv-header-id-meta":"","stick-header-meta":"","header-above-stick-meta":"","header-main-stick-meta":"","header-below-stick-meta":"","astra-migrate-meta-layouts":"default","ast-page-background-enabled":"default","ast-page-background-meta":{"desktop":{"background-color":"var(--ast-global-color-4)","background-image":"","background-repeat":"repeat","background-position":"center center","background-size":"auto","background-attachment":"scroll","background-type":"","background-media":"","overlay-type":"","overlay-color":"","overlay-opacity":"","overlay-gradient":""},"tablet":{"background-color":"","background-image":"","background-repeat":"repeat","background-position":"center center","background-size":"auto","background-attachment":"scroll","background-type":"","background-media":"","overlay-type":"","overlay-color":"","overlay-opacity":"","overlay-gradient":""},"mobile":{"background-color":"","background-image":"","background-repeat":"repeat","background-position":"center center","background-size":"auto","background-attachment":"scroll","background-type":"","background-media":"","overlay-type":"","overlay-color":"","overlay-opacity":"","overlay-gradient":""}},"ast-content-background-meta":{"desktop":{"background-color":"var(--ast-global-color-5)","background-image":"","background-repeat":"repeat","background-position":"center center","background-size":"auto","background-attachment":"scroll","background-type":"","background-media":"","overlay-type":"","overlay-color":"","overlay-opacity":"","overlay-gradient":""},"tablet":{"background-color":"var(--ast-global-color-5)","background-image":"","background-repeat":"repeat","background-position":"center center","background-size":"auto","background-attachment":"scroll","background-type":"","background-media":"","overlay-type":"","overlay-color":"","overlay-opacity":"","overlay-gradient":""},"mobile":{"background-color":"var(--ast-global-color-5)","background-image":"","background-repeat":"repeat","background-position":"center center","background-size":"auto","background-attachment":"scroll","background-type":"","background-media":"","overlay-type":"","overlay-color":"","overlay-opacity":"","overlay-gradient":""}}},"product_brand":[],"product_cat":[2381],"product_tag":[1807,1815,1816,1814,1809,1812,1811,1810,1813,1808],"class_list":{"0":"post-2985","1":"product","2":"type-product","3":"status-publish","4":"has-post-thumbnail","6":"product_cat-buy-depressants-and-anxiety-pills-online","7":"product_tag-alprazolam-for-sale","8":"product_tag-buy-alprazolam-in-canada","9":"product_tag-buy-alprazolam-in-uk","10":"product_tag-buy-alprazolam-in-usa","11":"product_tag-buy-alprazolam-with-bitcoin","12":"product_tag-buy-alprazolam-with-credit-card","13":"product_tag-buy-alprazolam-with-money-gram","14":"product_tag-buy-alprazolam-with-western-union","15":"product_tag-buy-alprazolam-without-a-doctor","16":"product_tag-buy-alprazolam-without-prescription","17":"desktop-align-center","18":"tablet-align-left","19":"mobile-align-left","21":"first","22":"instock","23":"shipping-taxable","24":"purchasable","25":"product-type-variable","26":"has-default-attributes"},"yoast_head":"<!-- This site is optimized with the Yoast SEO plugin v25.9 - https:\/\/yoast.com\/wordpress\/plugins\/seo\/ -->\n<title>Buy alprazolam online - Order alprazolam online , alprazolam<\/title>\n<meta name=\"description\" content=\"Buy alprazolam online, BUY ALPRAZOLAM ONLINE, NO PRESCRIPTION REQUIRED, WHERE TO BUY alprazolam ONLINE OVERNIGHT SHIPPING BUY CHEAP\" \/>\n<meta name=\"robots\" content=\"index, follow, max-snippet:-1, max-image-preview:large, max-video-preview:-1\" \/>\n<link rel=\"canonical\" href=\"https:\/\/buy-prescriptionz.com\/ro\/produs\/alprazolam\/\" \/>\n<meta property=\"og:locale\" content=\"ro_RO\" \/>\n<meta property=\"og:type\" content=\"article\" \/>\n<meta property=\"og:title\" content=\"Buy alprazolam online - Order alprazolam online , alprazolam\" \/>\n<meta property=\"og:description\" content=\"Buy alprazolam online, BUY ALPRAZOLAM ONLINE, NO PRESCRIPTION REQUIRED, WHERE TO BUY alprazolam ONLINE OVERNIGHT SHIPPING BUY CHEAP\" \/>\n<meta property=\"og:url\" content=\"https:\/\/buy-prescriptionz.com\/ro\/produs\/alprazolam\/\" \/>\n<meta property=\"og:site_name\" content=\"Buy Prescriptionz\" \/>\n<meta property=\"article:modified_time\" content=\"2026-01-30T13:59:44+00:00\" \/>\n<meta property=\"og:image\" content=\"https:\/\/buy-prescriptionz.com\/wp-content\/uploads\/2025\/09\/alprazolam.jpg\" \/>\n\t<meta property=\"og:image:width\" content=\"400\" \/>\n\t<meta property=\"og:image:height\" content=\"300\" \/>\n\t<meta property=\"og:image:type\" content=\"image\/jpeg\" \/>\n<meta name=\"twitter:card\" content=\"summary_large_image\" \/>\n<meta name=\"twitter:label1\" content=\"Timp estimat pentru citire\" \/>\n\t<meta name=\"twitter:data1\" content=\"3 minute\" \/>\n<script type=\"application\/ld+json\" class=\"yoast-schema-graph\">{\"@context\":\"https:\/\/schema.org\",\"@graph\":[{\"@type\":\"WebPage\",\"@id\":\"https:\/\/buy-prescriptionz.com\/cs\/produkt\/alprazolam\/\",\"url\":\"https:\/\/buy-prescriptionz.com\/cs\/produkt\/alprazolam\/\",\"name\":\"Buy alprazolam online - Order alprazolam online , alprazolam\",\"isPartOf\":{\"@id\":\"https:\/\/buy-prescriptionz.com\/#website\"},\"primaryImageOfPage\":{\"@id\":\"https:\/\/buy-prescriptionz.com\/cs\/produkt\/alprazolam\/#primaryimage\"},\"image\":{\"@id\":\"https:\/\/buy-prescriptionz.com\/cs\/produkt\/alprazolam\/#primaryimage\"},\"thumbnailUrl\":\"https:\/\/buy-prescriptionz.com\/wp-content\/uploads\/2025\/09\/alprazolam.jpg\",\"datePublished\":\"2025-09-16T08:55:51+00:00\",\"dateModified\":\"2026-01-30T13:59:44+00:00\",\"description\":\"Buy alprazolam online, BUY ALPRAZOLAM ONLINE, NO PRESCRIPTION REQUIRED, WHERE TO BUY alprazolam ONLINE OVERNIGHT SHIPPING BUY CHEAP\",\"breadcrumb\":{\"@id\":\"https:\/\/buy-prescriptionz.com\/cs\/produkt\/alprazolam\/#breadcrumb\"},\"inLanguage\":\"ro-RO\",\"potentialAction\":[{\"@type\":\"ReadAction\",\"target\":[\"https:\/\/buy-prescriptionz.com\/cs\/produkt\/alprazolam\/\"]}]},{\"@type\":\"ImageObject\",\"inLanguage\":\"ro-RO\",\"@id\":\"https:\/\/buy-prescriptionz.com\/cs\/produkt\/alprazolam\/#primaryimage\",\"url\":\"https:\/\/buy-prescriptionz.com\/wp-content\/uploads\/2025\/09\/alprazolam.jpg\",\"contentUrl\":\"https:\/\/buy-prescriptionz.com\/wp-content\/uploads\/2025\/09\/alprazolam.jpg\",\"width\":400,\"height\":300},{\"@type\":\"BreadcrumbList\",\"@id\":\"https:\/\/buy-prescriptionz.com\/cs\/produkt\/alprazolam\/#breadcrumb\",\"itemListElement\":[{\"@type\":\"ListItem\",\"position\":1,\"name\":\"Home\",\"item\":\"https:\/\/buy-prescriptionz.com\/\"},{\"@type\":\"ListItem\",\"position\":2,\"name\":\"Shop Painkillers Online\",\"item\":\"https:\/\/buy-prescriptionz.com\/shop-painkillers-online\/\"},{\"@type\":\"ListItem\",\"position\":3,\"name\":\"Alprazolam\"}]},{\"@type\":\"WebSite\",\"@id\":\"https:\/\/buy-prescriptionz.com\/#website\",\"url\":\"https:\/\/buy-prescriptionz.com\/\",\"name\":\"Buy Prescriptionz\",\"description\":\"Drugs Online\",\"publisher\":{\"@id\":\"https:\/\/buy-prescriptionz.com\/#organization\"},\"potentialAction\":[{\"@type\":\"SearchAction\",\"target\":{\"@type\":\"EntryPoint\",\"urlTemplate\":\"https:\/\/buy-prescriptionz.com\/?s={search_term_string}\"},\"query-input\":{\"@type\":\"PropertyValueSpecification\",\"valueRequired\":true,\"valueName\":\"search_term_string\"}}],\"inLanguage\":\"ro-RO\"},{\"@type\":\"Organization\",\"@id\":\"https:\/\/buy-prescriptionz.com\/#organization\",\"name\":\"Buy Prescriptionz\",\"url\":\"https:\/\/buy-prescriptionz.com\/\",\"logo\":{\"@type\":\"ImageObject\",\"inLanguage\":\"ro-RO\",\"@id\":\"https:\/\/buy-prescriptionz.com\/#\/schema\/logo\/image\/\",\"url\":\"https:\/\/buy-prescriptionz.com\/wp-content\/uploads\/2023\/09\/logo.png\",\"contentUrl\":\"https:\/\/buy-prescriptionz.com\/wp-content\/uploads\/2023\/09\/logo.png\",\"width\":350,\"height\":64,\"caption\":\"Buy Prescriptionz\"},\"image\":{\"@id\":\"https:\/\/buy-prescriptionz.com\/#\/schema\/logo\/image\/\"}}]}<\/script>\n<!-- \/ Yoast SEO plugin. -->","yoast_head_json":{"title":"Cump\u0103r\u0103 alprazolam online - Comand\u0103 alprazolam online, alprazolam","description":"Cump\u0103ra\u021bi alprazolam online, CUMP\u0102RA\u021aI ALPRAZOLAM ONLINE, F\u0102R\u0102 RE\u021aET\u0102 MEDICAL\u0102, UNDE SE POATE CUMP\u0102RA alprazolam ONLINE LIVRARE PESTE NOAPTE CUMP\u0102RA\u021aI IEFTIN","robots":{"index":"index","follow":"follow","max-snippet":"max-snippet:-1","max-image-preview":"max-image-preview:large","max-video-preview":"max-video-preview:-1"},"canonical":"https:\/\/buy-prescriptionz.com\/ro\/produs\/alprazolam\/","og_locale":"ro_RO","og_type":"article","og_title":"Buy alprazolam online - Order alprazolam online , alprazolam","og_description":"Buy alprazolam online, BUY ALPRAZOLAM ONLINE, NO PRESCRIPTION REQUIRED, WHERE TO BUY alprazolam ONLINE OVERNIGHT SHIPPING BUY CHEAP","og_url":"https:\/\/buy-prescriptionz.com\/ro\/produs\/alprazolam\/","og_site_name":"Buy Prescriptionz","article_modified_time":"2026-01-30T13:59:44+00:00","og_image":[{"width":400,"height":300,"url":"https:\/\/buy-prescriptionz.com\/wp-content\/uploads\/2025\/09\/alprazolam.jpg","type":"image\/jpeg"}],"twitter_card":"summary_large_image","twitter_misc":{"Timp estimat pentru citire":"3 minute"},"schema":{"@context":"https:\/\/schema.org","@graph":[{"@type":"WebPage","@id":"https:\/\/buy-prescriptionz.com\/cs\/produkt\/alprazolam\/","url":"https:\/\/buy-prescriptionz.com\/cs\/produkt\/alprazolam\/","name":"Cump\u0103r\u0103 alprazolam online - Comand\u0103 alprazolam online, alprazolam","isPartOf":{"@id":"https:\/\/buy-prescriptionz.com\/#website"},"primaryImageOfPage":{"@id":"https:\/\/buy-prescriptionz.com\/cs\/produkt\/alprazolam\/#primaryimage"},"image":{"@id":"https:\/\/buy-prescriptionz.com\/cs\/produkt\/alprazolam\/#primaryimage"},"thumbnailUrl":"https:\/\/buy-prescriptionz.com\/wp-content\/uploads\/2025\/09\/alprazolam.jpg","datePublished":"2025-09-16T08:55:51+00:00","dateModified":"2026-01-30T13:59:44+00:00","description":"Cump\u0103ra\u021bi alprazolam online, CUMP\u0102RA\u021aI ALPRAZOLAM ONLINE, F\u0102R\u0102 RE\u021aET\u0102 MEDICAL\u0102, UNDE SE POATE CUMP\u0102RA alprazolam ONLINE LIVRARE PESTE NOAPTE CUMP\u0102RA\u021aI IEFTIN","breadcrumb":{"@id":"https:\/\/buy-prescriptionz.com\/cs\/produkt\/alprazolam\/#breadcrumb"},"inLanguage":"ro-RO","potentialAction":[{"@type":"ReadAction","target":["https:\/\/buy-prescriptionz.com\/cs\/produkt\/alprazolam\/"]}]},{"@type":"ImageObject","inLanguage":"ro-RO","@id":"https:\/\/buy-prescriptionz.com\/cs\/produkt\/alprazolam\/#primaryimage","url":"https:\/\/buy-prescriptionz.com\/wp-content\/uploads\/2025\/09\/alprazolam.jpg","contentUrl":"https:\/\/buy-prescriptionz.com\/wp-content\/uploads\/2025\/09\/alprazolam.jpg","width":400,"height":300},{"@type":"BreadcrumbList","@id":"https:\/\/buy-prescriptionz.com\/cs\/produkt\/alprazolam\/#breadcrumb","itemListElement":[{"@type":"ListItem","position":1,"name":"Home","item":"https:\/\/buy-prescriptionz.com\/"},{"@type":"ListItem","position":2,"name":"Shop Painkillers Online","item":"https:\/\/buy-prescriptionz.com\/shop-painkillers-online\/"},{"@type":"ListItem","position":3,"name":"Alprazolam"}]},{"@type":"WebSite","@id":"https:\/\/buy-prescriptionz.com\/#website","url":"https:\/\/buy-prescriptionz.com\/","name":"Buy Prescriptionz","description":"Medicamente online","publisher":{"@id":"https:\/\/buy-prescriptionz.com\/#organization"},"potentialAction":[{"@type":"SearchAction","target":{"@type":"EntryPoint","urlTemplate":"https:\/\/buy-prescriptionz.com\/?s={search_term_string}"},"query-input":{"@type":"PropertyValueSpecification","valueRequired":true,"valueName":"search_term_string"}}],"inLanguage":"ro-RO"},{"@type":"Organization","@id":"https:\/\/buy-prescriptionz.com\/#organization","name":"Buy Prescriptionz","url":"https:\/\/buy-prescriptionz.com\/","logo":{"@type":"ImageObject","inLanguage":"ro-RO","@id":"https:\/\/buy-prescriptionz.com\/#\/schema\/logo\/image\/","url":"https:\/\/buy-prescriptionz.com\/wp-content\/uploads\/2023\/09\/logo.png","contentUrl":"https:\/\/buy-prescriptionz.com\/wp-content\/uploads\/2023\/09\/logo.png","width":350,"height":64,"caption":"Buy Prescriptionz"},"image":{"@id":"https:\/\/buy-prescriptionz.com\/#\/schema\/logo\/image\/"}}]}},"_links":{"self":[{"href":"https:\/\/buy-prescriptionz.com\/ro\/wp-json\/wp\/v2\/product\/2985","targetHints":{"allow":["GET"]}}],"collection":[{"href":"https:\/\/buy-prescriptionz.com\/ro\/wp-json\/wp\/v2\/product"}],"about":[{"href":"https:\/\/buy-prescriptionz.com\/ro\/wp-json\/wp\/v2\/types\/product"}],"replies":[{"embeddable":true,"href":"https:\/\/buy-prescriptionz.com\/ro\/wp-json\/wp\/v2\/comments?post=2985"}],"wp:featuredmedia":[{"embeddable":true,"href":"https:\/\/buy-prescriptionz.com\/ro\/wp-json\/wp\/v2\/media\/3015"}],"wp:attachment":[{"href":"https:\/\/buy-prescriptionz.com\/ro\/wp-json\/wp\/v2\/media?parent=2985"}],"wp:term":[{"taxonomy":"product_brand","embeddable":true,"href":"https:\/\/buy-prescriptionz.com\/ro\/wp-json\/wp\/v2\/product_brand?post=2985"},{"taxonomy":"product_cat","embeddable":true,"href":"https:\/\/buy-prescriptionz.com\/ro\/wp-json\/wp\/v2\/product_cat?post=2985"},{"taxonomy":"product_tag","embeddable":true,"href":"https:\/\/buy-prescriptionz.com\/ro\/wp-json\/wp\/v2\/product_tag?post=2985"}],"curies":[{"name":"wp","href":"https:\/\/api.w.org\/{rel}","templated":true}]}}