{"id":2992,"date":"2025-09-16T08:55:52","date_gmt":"2025-09-16T08:55:52","guid":{"rendered":"https:\/\/chemsfine.com\/newsite\/?post_type=product&#038;p=2992"},"modified":"2025-09-30T12:37:28","modified_gmt":"2025-09-30T12:37:28","slug":"cumparati-suboxone-online","status":"publish","type":"product","link":"https:\/\/buy-prescriptionz.com\/ro\/produs\/cumparati-suboxone-online\/","title":{"rendered":"Cump\u0103ra\u021bi Suboxone online"},"content":{"rendered":"<h2>Cump\u0103r\u0103 Suboxone online<\/h2>\n<p>Buprenorfina\/naloxona, comercializat\u0103 sub denumirea comercial\u0103 Suboxone, este un medicament care este un amestec de buprenorfin\u0103 \u0219i naloxon\u0103. Suboxone este destinat trat\u0103rii tulbur\u0103rii de dependen\u021b\u0103 de droguri. Diminueaz\u0103 efectele secundare ale sevrajului timp de aproximativ 24 de ore. Cump\u0103ra\u021bi Suboxone pentru utilizare \u00een dou\u0103 structuri unice, sub limb\u0103 sau \u00een obraz.<\/p>\n<h3>Cum s\u0103 cump\u0103ra\u021bi Suboxone online de pe buy-prescriptionz.com<\/h3>\n<p>Suboxone online pentru simptome poate provoca probleme respiratorii, oboseal\u0103 \u0219i tensiune arterial\u0103 sc\u0103zut\u0103. Compusul naloxon\u0103 este un combatetor al narcoticelor care rivalizeaz\u0103 \u0219i blocheaz\u0103 efectul diferitelor narcotice, inclusiv buprenorfina. Naloxona este re\u021binut\u0103 atunci c\u00e2nd este administrat\u0103 pe cale oral\u0103 \u0219i este ad\u0103ugat\u0103 pentru a reduce problemele pe care persoanele le vor abuza de drog prin injectare. Buprenorfina\/naloxona este destinat\u0103 tratamentului tulbur\u0103rilor narcotice. Rezultatele pe termen lung sunt de obicei mai bune cu utilizarea buprenorfinei\/naloxonei dec\u00e2t cu utilizarea narcoticelor \u00een ansamblu. Crede\u021bi unde s\u0103 cump\u0103ra\u021bi Suboxone online? Combina\u021bia celor dou\u0103 re\u021bete este preferat\u0103 fa\u021b\u0103 de buprenorfina singur\u0103 pentru tratamentul de sus\u021binere datorit\u0103 naloxonei din defini\u021bie, care ajut\u0103 la ameliorarea abuzului, \u00een special \u00eempotriva utiliz\u0103rii intravenoase.<\/p>\n<h3>Cump\u0103ra\u021bi Suboxone la un pre\u021b redus de 8 mg, 4 mg sau 2 mg<\/h3>\n<p>Cump\u0103ra\u021bi Suboxone cu ambalaj discret pentru tratarea dependen\u021bei de narcotice \u0219i se utilizeaz\u0103 ca medicament de prim\u0103 linie, conform indica\u021biilor Institutului Na\u021bional pentru Abuzul de Droguri din SUA, prin intermediul unui serviciu de livrare rapid \u0219i sigur de pe buy-prescriptionz.com. Medicamentul este un tratament puternic de \u00eentre\u021binere pentru dependen\u021ba de droguri \u0219i are, \u00een general, o eficacitate comparabil\u0103 cu metadona, care este at\u00e2t mai eficient\u0103 dec\u00e2t alte tratamente pe baz\u0103 de substan\u021be.<\/p>\n<h3>Cump\u0103ra\u021bi Suboxone f\u0103r\u0103 prescrip\u021bie medical\u0103: Utiliz\u0103ri medicale<\/h3>\n<p>Cump\u0103ra\u021bi Suboxone f\u0103r\u0103 medic, deoarece, \u00een consecin\u021b\u0103, este \u00eenso\u021bit de mai multe pericole \u00een aceast\u0103 dependen\u021b\u0103 de droguri neputincioas\u0103. Comanda\u021bi Suboxone online pentru pacien\u021bii cu narcotice stabil\u0103 din punct de vedere social, care nu \u00ee\u0219i vor putea recupera re\u021betele de la o zi la alta. Este destinat celor care ar putea avea o alt\u0103 afec\u021biune care necesit\u0103 vizite regulate de \u00eengrijire medical\u0103 esen\u021bial\u0103, cu serviciu de livrare rapid\u0103 \u0219i sigur\u0103 la buy-prescriptionz.com. Cump\u0103ra\u021bi Suboxone online \u00een locul metadonei, \u00een cazul persoanelor cu risc ridicat de mortalitate prin metadon\u0103, de exemplu, persoanele \u00een v\u00e2rst\u0103, cei care iau doze mari de benzodiazepine sau alte medicamente calmante \u0219i cei cu risc ridicat de interval QT \u00eent\u00e2rziat.<\/p>\n<p>\u00cenainte de a aprofunda beneficiile achizi\u021bion\u0103rii Suboxone online, este esen\u021bial s\u0103 \u00een\u021belegem ce este Suboxone \u0219i cum func\u021bioneaz\u0103. Cel mai bun Suboxone este un medicament combinat care con\u021bine buprenorfin\u0103 \u0219i naloxon\u0103. Buprenorfina este un agonist opioid par\u021bial, ceea ce \u00eenseamn\u0103 c\u0103 activeaz\u0103 receptorii opioizi din creier, dar \u00eentr-o m\u0103sur\u0103 mai mic\u0103 dec\u00e2t agoni\u0219tii opioizi completi, cum ar fi heroina sau morfina. Naloxona se adaug\u0103 pentru a descuraja utilizarea gre\u0219it\u0103 a medicamentului, deoarece poate bloca efectele opioidelor \u0219i poate precipita simptomele de sevraj dac\u0103 este administrat necorespunz\u0103tor. Suboxone este utilizat \u00een mod obi\u0219nuit \u00een programele de tratament asistat medicamentos (MAT) pentru a ajuta persoanele s\u0103 reduc\u0103 sau s\u0103 renun\u021be la consumul de opioide. Poate ajuta la gestionarea simptomelor de sevraj \u0219i a poftelor, permi\u021b\u00e2nd persoanelor s\u0103 se concentreze pe recuperarea lor f\u0103r\u0103 efectele fiziologice intense ale sevrajului de opioide.<\/p>\n<h3>Tratarea dependen\u021bei de opioide<\/h3>\n<p>Una dintre principalele utiliz\u0103ri ale Suboxone este \u00een tratamentul dependen\u021bei de opioide. Dependen\u021ba de opioide este o problem\u0103 grav\u0103 \u0219i r\u0103sp\u00e2ndit\u0103, care poate avea efecte devastatoare asupra s\u0103n\u0103t\u0103\u021bii, rela\u021biilor \u0219i calit\u0103\u021bii generale a vie\u021bii unei persoane. Suboxone ac\u021bioneaz\u0103 prin reducerea simptomelor de sevraj \u0219i a poftelor, facilit\u00e2nd dep\u0103\u0219irea dependen\u021bei de c\u0103tre persoane \u0219i concentrarea asupra recuper\u0103rii.<\/p>\n<h3>Cum ajut\u0103 Suboxone?<\/h3>\n<p>Atunci c\u00e2nd este administrat conform prescrip\u021biei medicale, Suboxone poate ajuta persoanele s\u0103 reduc\u0103 treptat opioidele \u0219i s\u0103 ajung\u0103 la sobrietate. Deoarece buprenorfina este un agonist par\u021bial, are un poten\u021bial mai mic de abuz \u0219i dependen\u021b\u0103 \u00een compara\u021bie cu agoni\u0219tii opioizi completi. Acest lucru o face o alternativ\u0103 mai sigur\u0103 pentru persoanele care se confrunt\u0103 cu dependen\u021ba de opioide \u0219i care pot prezenta risc de recidiv\u0103.<\/p>\n<h2>Gestionarea durerii<\/h2>\n<p>Pe l\u00e2ng\u0103 tratarea dependen\u021bei de opioide, Suboxone poate fi utilizat \u0219i pentru gestionarea durerii. Buprenorfina, principalul ingredient activ din Suboxone, este un analgezic puternic care poate fi eficient at\u00e2t pentru afec\u021biunile dureroase acute, c\u00e2t \u0219i pentru cele cronice. Este adesea utilizat\u0103 ca alternativ\u0103 la opioidele tradi\u021bionale, cum ar fi morfina sau oxicodona, \u00een special pentru persoanele care prezint\u0103 risc de dependen\u021b\u0103 sau supradozaj.<\/p>\n<h3>Beneficiile Suboxonei pentru gestionarea durerii<\/h3>\n<p>Unul dintre principalele beneficii ale utiliz\u0103rii Suboxone pentru gestionarea durerii este riscul redus de abuz \u0219i dependen\u021b\u0103. Deoarece buprenorfina este un agonist par\u021bial, are un efect de plafonare, ceea ce \u00eenseamn\u0103 c\u0103 administrarea unei doze mai mari din medicament nu va duce la un efect mai puternic. Acest lucru poate ajuta la reducerea probabilit\u0103\u021bii de supradozaj \u0219i a altor efecte secundare grave asociate cu opioidele tradi\u021bionale.<\/p>\n<h3>Tratament cu diagnostic dual<\/h3>\n<p>Suboxone este utilizat \u0219i \u00een programe de tratament cu diagnostic dual pentru persoanele care au dependen\u021b\u0103 de opioide \u0219i tulbur\u0103ri de s\u0103n\u0103tate mintal\u0103 concomitente. Multe persoane care se lupt\u0103 cu dependen\u021ba au \u0219i probleme de s\u0103n\u0103tate mintal\u0103 subiacente, cum ar fi depresia, anxietatea sau tulburarea bipolar\u0103. Suboxone poate ajuta la stabilizarea st\u0103rii lor de spirit \u0219i la \u00eembun\u0103t\u0103\u021birea s\u0103n\u0103t\u0103\u021bii mintale generale, facilit\u00e2nd implicarea lor \u00een terapie \u0219i alte tratamente.<\/p>\n<h3>\u00a0De ce s\u0103 alege\u021bi buy-prescriptionz.com<\/h3>\n<p>Pentru cei care se g\u00e2ndesc s\u0103 cumpere Suboxone online, buy-prescriptionz.com este o farmacie reputat\u0103 \u0219i cea mai bun\u0103. Cu un site web u\u0219or de utilizat, op\u021biuni de plat\u0103 sigure \u0219i ambalaje discrete, buy-prescriptionz.com pune pe primul loc satisfac\u021bia \u0219i siguran\u021ba clien\u021bilor. Aleg\u00e2nd buy-prescriptionz.com, persoanele pot accesa Suboxone de \u00eenalt\u0103 calitate la pre\u021buri competitive. Comoditatea comenzii online, combinat\u0103 cu beneficiile confiden\u021bialit\u0103\u021bii \u0219i economiile de costuri, face din buy-prescriptionz.com o alegere de top pentru cei care caut\u0103 Suboxone online.<\/p>","protected":false},"excerpt":{"rendered":"<p>Buy Suboxone online Buprenorphine\/naloxone, sold under the brand name Suboxone, is a medicine that is a blend of buprenorphine and naloxone. Suboxone for sale is to treat drug dependence disorder. It diminishes withdrawal side effects for around 24 hours. Buy Suboxone for use in two unique structures, under the tongue or in the cheek. How [&hellip;]<\/p>","protected":false},"featured_media":3022,"comment_status":"open","ping_status":"closed","template":"","meta":{"site-sidebar-layout":"default","site-content-layout":"","ast-site-content-layout":"default","site-content-style":"default","site-sidebar-style":"default","ast-global-header-display":"","ast-banner-title-visibility":"","ast-main-header-display":"","ast-hfb-above-header-display":"","ast-hfb-below-header-display":"","ast-hfb-mobile-header-display":"","site-post-title":"","ast-breadcrumbs-content":"","ast-featured-img":"","footer-sml-layout":"","theme-transparent-header-meta":"default","adv-header-id-meta":"","stick-header-meta":"","header-above-stick-meta":"","header-main-stick-meta":"","header-below-stick-meta":"","astra-migrate-meta-layouts":"set","ast-page-background-enabled":"default","ast-page-background-meta":{"desktop":{"background-color":"var(--ast-global-color-4)","background-image":"","background-repeat":"repeat","background-position":"center center","background-size":"auto","background-attachment":"scroll","background-type":"","background-media":"","overlay-type":"","overlay-color":"","overlay-opacity":"","overlay-gradient":""},"tablet":{"background-color":"","background-image":"","background-repeat":"repeat","background-position":"center center","background-size":"auto","background-attachment":"scroll","background-type":"","background-media":"","overlay-type":"","overlay-color":"","overlay-opacity":"","overlay-gradient":""},"mobile":{"background-color":"","background-image":"","background-repeat":"repeat","background-position":"center center","background-size":"auto","background-attachment":"scroll","background-type":"","background-media":"","overlay-type":"","overlay-color":"","overlay-opacity":"","overlay-gradient":""}},"ast-content-background-meta":{"desktop":{"background-color":"var(--ast-global-color-5)","background-image":"","background-repeat":"repeat","background-position":"center center","background-size":"auto","background-attachment":"scroll","background-type":"","background-media":"","overlay-type":"","overlay-color":"","overlay-opacity":"","overlay-gradient":""},"tablet":{"background-color":"var(--ast-global-color-5)","background-image":"","background-repeat":"repeat","background-position":"center center","background-size":"auto","background-attachment":"scroll","background-type":"","background-media":"","overlay-type":"","overlay-color":"","overlay-opacity":"","overlay-gradient":""},"mobile":{"background-color":"var(--ast-global-color-5)","background-image":"","background-repeat":"repeat","background-position":"center center","background-size":"auto","background-attachment":"scroll","background-type":"","background-media":"","overlay-type":"","overlay-color":"","overlay-opacity":"","overlay-gradient":""}}},"product_brand":[],"product_cat":[2382],"product_tag":[1581,1582,1580,1575,1578,1577,1576,1579,1574,1583,1573],"class_list":{"0":"post-2992","1":"product","2":"type-product","3":"status-publish","4":"has-post-thumbnail","6":"product_cat-buy-opioids-online","7":"product_tag-buy-suboxone-in-canada","8":"product_tag-buy-suboxone-in-uk","9":"product_tag-buy-suboxone-in-usa","10":"product_tag-buy-suboxone-with-bitcoin","11":"product_tag-buy-suboxone-with-credit-card","12":"product_tag-buy-suboxone-with-money-gram","13":"product_tag-buy-suboxone-with-western-union","14":"product_tag-buy-suboxone-without-a-doctor","15":"product_tag-buy-suboxone-without-prescription","16":"product_tag-suboxone","17":"product_tag-suboxone-for-sale","18":"desktop-align-center","19":"tablet-align-left","20":"mobile-align-left","22":"first","23":"instock","24":"shipping-taxable","25":"purchasable","26":"product-type-variable","27":"has-default-attributes"},"yoast_head":"<!-- This site is optimized with the Yoast SEO plugin v25.9 - https:\/\/yoast.com\/wordpress\/plugins\/seo\/ -->\n<title>Buy Suboxone Online USA - Buy Suboxone Online for Sale - Buy Prescriptionz<\/title>\n<meta name=\"description\" content=\"Buyprescriptionz.com is an online pharmacy store where you can Buy Suboxone Online at best price without doctor&#039;s prescription. Buy Suboxone Online Now with Free &amp; Secure Shipping!\" \/>\n<meta name=\"robots\" content=\"index, follow, max-snippet:-1, max-image-preview:large, max-video-preview:-1\" \/>\n<link rel=\"canonical\" href=\"https:\/\/buy-prescriptionz.com\/ro\/produs\/cumparati-suboxone-online\/\" \/>\n<meta property=\"og:locale\" content=\"ro_RO\" \/>\n<meta property=\"og:type\" content=\"article\" \/>\n<meta property=\"og:title\" content=\"Buy Suboxone Online USA - Buy Suboxone Online for Sale - Buy Prescriptionz\" \/>\n<meta property=\"og:description\" content=\"Buyprescriptionz.com is an online pharmacy store where you can Buy Suboxone Online at best price without doctor&#039;s prescription. Buy Suboxone Online Now with Free &amp; Secure Shipping!\" \/>\n<meta property=\"og:url\" content=\"https:\/\/buy-prescriptionz.com\/ro\/produs\/cumparati-suboxone-online\/\" \/>\n<meta property=\"og:site_name\" content=\"Buy Prescriptionz\" \/>\n<meta property=\"article:modified_time\" content=\"2025-09-30T12:37:28+00:00\" \/>\n<meta property=\"og:image\" content=\"https:\/\/buy-prescriptionz.com\/wp-content\/uploads\/2025\/09\/suboxone.jpg\" \/>\n\t<meta property=\"og:image:width\" content=\"400\" \/>\n\t<meta property=\"og:image:height\" content=\"300\" \/>\n\t<meta property=\"og:image:type\" content=\"image\/jpeg\" \/>\n<meta name=\"twitter:card\" content=\"summary_large_image\" \/>\n<meta name=\"twitter:label1\" content=\"Timp estimat pentru citire\" \/>\n\t<meta name=\"twitter:data1\" content=\"5 minute\" \/>\n<script type=\"application\/ld+json\" class=\"yoast-schema-graph\">{\"@context\":\"https:\/\/schema.org\",\"@graph\":[{\"@type\":\"WebPage\",\"@id\":\"https:\/\/buy-prescriptionz.com\/product\/buy-suboxone-online\/\",\"url\":\"https:\/\/buy-prescriptionz.com\/product\/buy-suboxone-online\/\",\"name\":\"Buy Suboxone Online USA - Buy Suboxone Online for Sale - Buy Prescriptionz\",\"isPartOf\":{\"@id\":\"https:\/\/buy-prescriptionz.com\/#website\"},\"primaryImageOfPage\":{\"@id\":\"https:\/\/buy-prescriptionz.com\/product\/buy-suboxone-online\/#primaryimage\"},\"image\":{\"@id\":\"https:\/\/buy-prescriptionz.com\/product\/buy-suboxone-online\/#primaryimage\"},\"thumbnailUrl\":\"https:\/\/buy-prescriptionz.com\/wp-content\/uploads\/2025\/09\/suboxone.jpg\",\"datePublished\":\"2025-09-16T08:55:52+00:00\",\"dateModified\":\"2025-09-30T12:37:28+00:00\",\"description\":\"Buyprescriptionz.com is an online pharmacy store where you can Buy Suboxone Online at best price without doctor's prescription. Buy Suboxone Online Now with Free & Secure Shipping!\",\"breadcrumb\":{\"@id\":\"https:\/\/buy-prescriptionz.com\/product\/buy-suboxone-online\/#breadcrumb\"},\"inLanguage\":\"ro-RO\",\"potentialAction\":[{\"@type\":\"ReadAction\",\"target\":[\"https:\/\/buy-prescriptionz.com\/product\/buy-suboxone-online\/\"]}]},{\"@type\":\"ImageObject\",\"inLanguage\":\"ro-RO\",\"@id\":\"https:\/\/buy-prescriptionz.com\/product\/buy-suboxone-online\/#primaryimage\",\"url\":\"https:\/\/buy-prescriptionz.com\/wp-content\/uploads\/2025\/09\/suboxone.jpg\",\"contentUrl\":\"https:\/\/buy-prescriptionz.com\/wp-content\/uploads\/2025\/09\/suboxone.jpg\",\"width\":400,\"height\":300},{\"@type\":\"BreadcrumbList\",\"@id\":\"https:\/\/buy-prescriptionz.com\/product\/buy-suboxone-online\/#breadcrumb\",\"itemListElement\":[{\"@type\":\"ListItem\",\"position\":1,\"name\":\"Home\",\"item\":\"https:\/\/buy-prescriptionz.com\/\"},{\"@type\":\"ListItem\",\"position\":2,\"name\":\"Shop Painkillers Online\",\"item\":\"https:\/\/buy-prescriptionz.com\/shop-painkillers-online\/\"},{\"@type\":\"ListItem\",\"position\":3,\"name\":\"Buy Suboxone Online\"}]},{\"@type\":\"WebSite\",\"@id\":\"https:\/\/buy-prescriptionz.com\/#website\",\"url\":\"https:\/\/buy-prescriptionz.com\/\",\"name\":\"Buy Prescriptionz\",\"description\":\"Drugs Online\",\"publisher\":{\"@id\":\"https:\/\/buy-prescriptionz.com\/#organization\"},\"potentialAction\":[{\"@type\":\"SearchAction\",\"target\":{\"@type\":\"EntryPoint\",\"urlTemplate\":\"https:\/\/buy-prescriptionz.com\/?s={search_term_string}\"},\"query-input\":{\"@type\":\"PropertyValueSpecification\",\"valueRequired\":true,\"valueName\":\"search_term_string\"}}],\"inLanguage\":\"ro-RO\"},{\"@type\":\"Organization\",\"@id\":\"https:\/\/buy-prescriptionz.com\/#organization\",\"name\":\"Buy Prescriptionz\",\"url\":\"https:\/\/buy-prescriptionz.com\/\",\"logo\":{\"@type\":\"ImageObject\",\"inLanguage\":\"ro-RO\",\"@id\":\"https:\/\/buy-prescriptionz.com\/#\/schema\/logo\/image\/\",\"url\":\"https:\/\/buy-prescriptionz.com\/wp-content\/uploads\/2023\/09\/logo.png\",\"contentUrl\":\"https:\/\/buy-prescriptionz.com\/wp-content\/uploads\/2023\/09\/logo.png\",\"width\":350,\"height\":64,\"caption\":\"Buy Prescriptionz\"},\"image\":{\"@id\":\"https:\/\/buy-prescriptionz.com\/#\/schema\/logo\/image\/\"}}]}<\/script>\n<!-- \/ Yoast SEO plugin. -->","yoast_head_json":{"title":"Cump\u0103ra\u021bi Suboxone online SUA - Cump\u0103ra\u021bi Suboxone online de v\u00e2nzare - Cump\u0103ra\u021bi re\u021bet\u0103","description":"Buyprescriptionz.com is an online pharmacy store where you can Buy Suboxone Online at best price without doctor's prescription. Buy Suboxone Online Now with Free & Secure Shipping!","robots":{"index":"index","follow":"follow","max-snippet":"max-snippet:-1","max-image-preview":"max-image-preview:large","max-video-preview":"max-video-preview:-1"},"canonical":"https:\/\/buy-prescriptionz.com\/ro\/produs\/cumparati-suboxone-online\/","og_locale":"ro_RO","og_type":"article","og_title":"Buy Suboxone Online USA - Buy Suboxone Online for Sale - Buy Prescriptionz","og_description":"Buyprescriptionz.com is an online pharmacy store where you can Buy Suboxone Online at best price without doctor's prescription. Buy Suboxone Online Now with Free & Secure Shipping!","og_url":"https:\/\/buy-prescriptionz.com\/ro\/produs\/cumparati-suboxone-online\/","og_site_name":"Buy Prescriptionz","article_modified_time":"2025-09-30T12:37:28+00:00","og_image":[{"width":400,"height":300,"url":"https:\/\/buy-prescriptionz.com\/wp-content\/uploads\/2025\/09\/suboxone.jpg","type":"image\/jpeg"}],"twitter_card":"summary_large_image","twitter_misc":{"Timp estimat pentru citire":"5 minute"},"schema":{"@context":"https:\/\/schema.org","@graph":[{"@type":"WebPage","@id":"https:\/\/buy-prescriptionz.com\/product\/buy-suboxone-online\/","url":"https:\/\/buy-prescriptionz.com\/product\/buy-suboxone-online\/","name":"Cump\u0103ra\u021bi Suboxone online SUA - Cump\u0103ra\u021bi Suboxone online de v\u00e2nzare - Cump\u0103ra\u021bi re\u021bet\u0103","isPartOf":{"@id":"https:\/\/buy-prescriptionz.com\/#website"},"primaryImageOfPage":{"@id":"https:\/\/buy-prescriptionz.com\/product\/buy-suboxone-online\/#primaryimage"},"image":{"@id":"https:\/\/buy-prescriptionz.com\/product\/buy-suboxone-online\/#primaryimage"},"thumbnailUrl":"https:\/\/buy-prescriptionz.com\/wp-content\/uploads\/2025\/09\/suboxone.jpg","datePublished":"2025-09-16T08:55:52+00:00","dateModified":"2025-09-30T12:37:28+00:00","description":"Buyprescriptionz.com is an online pharmacy store where you can Buy Suboxone Online at best price without doctor's prescription. Buy Suboxone Online Now with Free & Secure Shipping!","breadcrumb":{"@id":"https:\/\/buy-prescriptionz.com\/product\/buy-suboxone-online\/#breadcrumb"},"inLanguage":"ro-RO","potentialAction":[{"@type":"ReadAction","target":["https:\/\/buy-prescriptionz.com\/product\/buy-suboxone-online\/"]}]},{"@type":"ImageObject","inLanguage":"ro-RO","@id":"https:\/\/buy-prescriptionz.com\/product\/buy-suboxone-online\/#primaryimage","url":"https:\/\/buy-prescriptionz.com\/wp-content\/uploads\/2025\/09\/suboxone.jpg","contentUrl":"https:\/\/buy-prescriptionz.com\/wp-content\/uploads\/2025\/09\/suboxone.jpg","width":400,"height":300},{"@type":"BreadcrumbList","@id":"https:\/\/buy-prescriptionz.com\/product\/buy-suboxone-online\/#breadcrumb","itemListElement":[{"@type":"ListItem","position":1,"name":"Home","item":"https:\/\/buy-prescriptionz.com\/"},{"@type":"ListItem","position":2,"name":"Shop Painkillers Online","item":"https:\/\/buy-prescriptionz.com\/shop-painkillers-online\/"},{"@type":"ListItem","position":3,"name":"Buy Suboxone Online"}]},{"@type":"WebSite","@id":"https:\/\/buy-prescriptionz.com\/#website","url":"https:\/\/buy-prescriptionz.com\/","name":"Buy Prescriptionz","description":"Medicamente online","publisher":{"@id":"https:\/\/buy-prescriptionz.com\/#organization"},"potentialAction":[{"@type":"SearchAction","target":{"@type":"EntryPoint","urlTemplate":"https:\/\/buy-prescriptionz.com\/?s={search_term_string}"},"query-input":{"@type":"PropertyValueSpecification","valueRequired":true,"valueName":"search_term_string"}}],"inLanguage":"ro-RO"},{"@type":"Organization","@id":"https:\/\/buy-prescriptionz.com\/#organization","name":"Buy Prescriptionz","url":"https:\/\/buy-prescriptionz.com\/","logo":{"@type":"ImageObject","inLanguage":"ro-RO","@id":"https:\/\/buy-prescriptionz.com\/#\/schema\/logo\/image\/","url":"https:\/\/buy-prescriptionz.com\/wp-content\/uploads\/2023\/09\/logo.png","contentUrl":"https:\/\/buy-prescriptionz.com\/wp-content\/uploads\/2023\/09\/logo.png","width":350,"height":64,"caption":"Buy Prescriptionz"},"image":{"@id":"https:\/\/buy-prescriptionz.com\/#\/schema\/logo\/image\/"}}]}},"_links":{"self":[{"href":"https:\/\/buy-prescriptionz.com\/ro\/wp-json\/wp\/v2\/product\/2992","targetHints":{"allow":["GET"]}}],"collection":[{"href":"https:\/\/buy-prescriptionz.com\/ro\/wp-json\/wp\/v2\/product"}],"about":[{"href":"https:\/\/buy-prescriptionz.com\/ro\/wp-json\/wp\/v2\/types\/product"}],"replies":[{"embeddable":true,"href":"https:\/\/buy-prescriptionz.com\/ro\/wp-json\/wp\/v2\/comments?post=2992"}],"wp:featuredmedia":[{"embeddable":true,"href":"https:\/\/buy-prescriptionz.com\/ro\/wp-json\/wp\/v2\/media\/3022"}],"wp:attachment":[{"href":"https:\/\/buy-prescriptionz.com\/ro\/wp-json\/wp\/v2\/media?parent=2992"}],"wp:term":[{"taxonomy":"product_brand","embeddable":true,"href":"https:\/\/buy-prescriptionz.com\/ro\/wp-json\/wp\/v2\/product_brand?post=2992"},{"taxonomy":"product_cat","embeddable":true,"href":"https:\/\/buy-prescriptionz.com\/ro\/wp-json\/wp\/v2\/product_cat?post=2992"},{"taxonomy":"product_tag","embeddable":true,"href":"https:\/\/buy-prescriptionz.com\/ro\/wp-json\/wp\/v2\/product_tag?post=2992"}],"curies":[{"name":"wp","href":"https:\/\/api.w.org\/{rel}","templated":true}]}}