{"id":2993,"date":"2025-09-16T08:55:52","date_gmt":"2025-09-16T08:55:52","guid":{"rendered":"https:\/\/chemsfine.com\/newsite\/?post_type=product&#038;p=2993"},"modified":"2025-09-27T12:06:59","modified_gmt":"2025-09-27T12:06:59","slug":"cumparati-subutex-online","status":"publish","type":"product","link":"https:\/\/buy-prescriptionz.com\/ro\/produs\/cumparati-subutex-online\/","title":{"rendered":"Cump\u0103ra\u021bi Subutex online"},"content":{"rendered":"<h2>Cump\u0103ra\u021bi Subutex online<\/h2>\n<p>Buprenorfina, v\u00e2ndut\u0103 sub denumirea comercial\u0103 Subutex, este un narcotic utilizat pentru a trata dependen\u021ba de droguri \u0219i durerea intens\u0103. Cump\u0103ra\u021bi Subutex pentru utilizare sub limb\u0103, prin perfuzie, ca fixator cutanat sau ca implant. Pentru compulsiile legate de droguri, Subutex de v\u00e2nzare la buy-prescriptionz.com este de obicei \u00eenceput atunci c\u00e2nd au ap\u0103rut semnele de sevraj \u0219i \u00een primele dou\u0103 zile de tratament sub supravegherea direct\u0103 a unui furnizor de servicii terapeutice.<\/p>\n<h3>Subutex online la buy-prescriptionz.com<\/h3>\n<p style=\"margin: 0in; margin-bottom: .0001pt; line-height: 15.0pt;\">Simptomele pot include probleme respiratorii, languros, insuficien\u021b\u0103 suprarenal\u0103, prelungirea intervalului QT, tensiune circulatorie sc\u0103zut\u0103, r\u0103spunsuri emo\u021bionale \u0219i dependen\u021b\u0103 de narcotice. Alte simptome sunt convulsii, exist\u00e2nd pericolul apari\u021biei altor tipuri de convulsii. Pute\u021bi cump\u0103ra Subutex f\u0103r\u0103 medic \u0219i pute\u021bi ameliora durerea. Comanda\u021bi Subutex online pentru sevrajul opioidelor dup\u0103 \u00eentreruperea administr\u0103rii buprenorfinei, care este de obicei mai pu\u021bin sever\u0103 dec\u00e2t \u00een \u200b\u200bcazul altor opioide. Utilizarea \u00een timpul sarcinii este sigur\u0103, iar utilizarea \u00een timpul al\u0103pt\u0103rii nu este recomandat\u0103 prin intermediul unui serviciu de livrare rapid\u0103 \u0219i sigur\u0103. Buprenorfina influen\u021beaz\u0103 diferite tipuri de receptori narcotici \u00een diferite moduri. \u00cen func\u021bie de tipul de receptor, poate fi un agonist. Subutex este un medicament eliberat pe baz\u0103 de re\u021bet\u0103, utilizat pentru a trata dependen\u021ba de opioide. Con\u021bine ingredientul activ buprenorfin\u0103, care func\u021bioneaz\u0103 prin legarea de aceia\u0219i receptori din creier ca \u0219i opioidele, dar f\u0103r\u0103 a produce aceea\u0219i senza\u021bie de euforie. Acest lucru ajut\u0103 la reducerea poftelor \u0219i a simptomelor de sevraj, facilit\u00e2nd dep\u0103\u0219irea dependen\u021bei de c\u0103tre oameni. Subutex este de obicei prescris ca parte a unui program de tratament complex, care include consiliere \u0219i terapie. Nu este un leac pentru dependen\u021b\u0103, ci mai degrab\u0103 un instrument care ajut\u0103 oamenii s\u0103 \u00ee\u0219i gestioneze dependen\u021ba \u0219i s\u0103 lucreze spre recuperare.<\/p>\n<h3 style=\"line-height: 20.5pt; background: white; margin: 0in 0in 7.5pt 0in;\"><span lang=\"EN-IN\" style=\"font-family: 'Segoe UI','sans-serif'; color: #080808;\">Utiliz\u0103ri ale Subutexului<\/span><\/h3>\n<p>1. Sevrajul de la opioide: Una dintre principalele utiliz\u0103ri ale Subutex este de a ajuta persoanele s\u0103 se detoxifieze \u00een siguran\u021b\u0103 de la opioide. Atunci c\u00e2nd cineva \u00eenceteaz\u0103 brusc s\u0103 utilizeze opioide, poate prezenta simptome dureroase de sevraj, cum ar fi grea\u021b\u0103, v\u0103rs\u0103turi, dureri musculare \u0219i insomnie. Subutex poate ajuta la ameliorarea acestor simptome prin furnizarea unei forme mai bl\u00e2nde de stimulare cu opioide, permi\u021b\u00e2nd persoanei s\u0103 reduc\u0103 treptat doza.<\/p>\n<p>2. Terapie de \u00eentre\u021binere cu opioide: Subutex este utilizat \u0219i ca terapie de \u00eentre\u021binere pentru persoanele cu dependen\u021b\u0103 de opioide. Prin administrarea Subutex conform prescrip\u021biei, pacien\u021bii \u00ee\u0219i pot reduce pofta de opioide \u0219i pot preveni rec\u0103derile. Acest lucru \u00eei poate ajuta s\u0103 r\u0103m\u00e2n\u0103 abstinenti \u0219i s\u0103 duc\u0103 o via\u021b\u0103 mai s\u0103n\u0103toas\u0103 \u0219i mai stabil\u0103.<\/p>\n<p>3. Gestionarea durerii: Pe l\u00e2ng\u0103 tratarea dependen\u021bei de opioide, Subutex poate fi utilizat \u0219i pentru gestionarea durerii cronice. Datorit\u0103 mecanismului s\u0103u unic de ac\u021biune, Subutex poate oferi ameliorarea durerii f\u0103r\u0103 riscul de dependen\u021b\u0103 sau depresie respiratorie asociat\u0103 cu opioidele tradi\u021bionale. Acest lucru \u00eel face o op\u021biune mai sigur\u0103 pentru persoanele care necesit\u0103 gestionarea durerii pe termen lung.<\/p>\n<p>4. Utiliz\u0103ri neetichetate: \u00cen timp ce Subutex este utilizat \u00een principal pentru dependen\u021ba de opioide \u0219i gestionarea durerii, poate avea, de asemenea, utiliz\u0103ri neetichetate \u00een anumite situa\u021bii. Unii furnizori de servicii medicale pot prescrie Subutex pentru afec\u021biuni precum depresia, anxietatea sau tulburarea de stres post-traumatic. Cu toate acestea, aceste utiliz\u0103ri nu sunt aprobate de FDA \u0219i ar trebui luate \u00een considerare cu aten\u021bie de la caz la caz.<\/p>\n<h2 style=\"line-height: 20.5pt; background: white; margin: 0in 0in 7.5pt 0in;\"><span lang=\"EN-IN\" style=\"font-family: 'Segoe UI','sans-serif'; color: #080808;\">Cum func\u021bioneaz\u0103 Subutex?<\/span><\/h2>\n<p style=\"background: white; margin: 0in 0in 12.0pt 0in;\"><span lang=\"EN-IN\" style=\"font-size: 10.5pt; font-family: 'Segoe UI','sans-serif'; color: #080808;\">A\u0219a cum am men\u021bionat anterior, Subutex func\u021bioneaz\u0103 prin legarea de receptorii opioizi din creier, dar cu o intensitate mai mic\u0103 dec\u00e2t opioidele tradi\u021bionale. Acest lucru ajut\u0103 la stabilizarea chimiei creierului \u0219i la reducerea poftei de opioide. Prin blocarea efectelor euforice ale opioidelor, Subutex poate ajuta, de asemenea, la prevenirea rec\u0103derilor \u0219i la promovarea recuper\u0103rii.<\/span><\/p>\n<h2 style=\"line-height: 20.5pt; background: white; margin: 0in 0in 7.5pt 0in;\"><span lang=\"EN-IN\" style=\"font-family: 'Segoe UI','sans-serif'; color: #080808;\">Efecte secundare \u0219i riscuri<\/span><\/h2>\n<p style=\"margin: 0in; margin-bottom: .0001pt; background: white;\"><span lang=\"EN-IN\" style=\"font-size: 10.5pt; font-family: 'Segoe UI','sans-serif'; color: #080808;\">De\u0219i Subutex poate fi un tratament eficient pentru dependen\u021ba de opioide, nu este lipsit de riscuri. Ca orice medicament, Subutex poate provoca reac\u021bii adverse precum grea\u021b\u0103, constipa\u021bie, ame\u021beli \u0219i dureri de cap. \u00cen cazuri rare, poate duce \u0219i la depresie respiratorie sau supradozaj dac\u0103 este administrat \u00een doze mari sau combinat cu alte substan\u021be. Este important s\u0103 utiliza\u021bi Subutex sub supravegherea unui medic \u0219i s\u0103 urma\u021bi cu aten\u021bie instruc\u021biunile de dozare ale acestuia. De asemenea, pacien\u021bii trebuie monitoriza\u021bi periodic pentru orice semne de utilizare abuziv\u0103 sau dependen\u021b\u0103.<\/span><\/p>\n<p style=\"margin: 0in; margin-bottom: .0001pt; line-height: 15.0pt;\"><span lang=\"EN-IN\" style=\"font-size: 10.5pt; font-family: 'Segoe UI','sans-serif';\">\u00a0<\/span><\/p>\n<h2 style=\"line-height: 20.5pt; margin: 0in 0in 7.5pt 0in;\"><span lang=\"EN-IN\" style=\"font-family: 'Segoe UI','sans-serif';\">E\u0219ti gata s\u0103 cumperi Subutex online?<\/span><\/h2>\n<p style=\"margin: 0in; margin-bottom: .0001pt; line-height: 15.0pt;\"><span lang=\"EN-IN\" style=\"font-size: 10.5pt; font-family: 'Segoe UI','sans-serif';\">Dac\u0103 v\u0103 g\u00e2ndi\u021bi s\u0103 cump\u0103ra\u021bi Subutex online, este important s\u0103 v\u0103 asigura\u021bi c\u0103 face\u021bi achizi\u021bia de la o farmacie reputat\u0103 \u0219i autorizat\u0103. O astfel de farmacie online care ofer\u0103 o gam\u0103 larg\u0103 de medicamente, inclusiv Subutex, este buy-prescriptionz.com. Cu pre\u021buri competitive, livrare rapid\u0103 \u0219i un proces de comand\u0103 sigur, pute\u021bi avea \u00eencredere \u00een buy-prescriptionz.com pentru a v\u0103 oferi medicamentul de care ave\u021bi nevoie. \u00cen concluzie, cump\u0103rarea de Subutex online poate oferi o serie de beneficii, de la confort \u0219i confiden\u021bialitate p\u00e2n\u0103 la eficien\u021b\u0103 din punct de vedere al costurilor \u0219i accesibilitate. Dac\u0103 sunte\u021bi \u00een c\u0103utarea unei modalit\u0103\u021bi convenabile \u0219i fiabile de a ob\u021bine medicamentele eliberate pe baz\u0103 de re\u021bet\u0103, lua\u021bi \u00een considerare achizi\u021bionarea de Subutex online de la buy-prescriptionz.com. \u00cencepe\u021bi-v\u0103 c\u0103l\u0103toria spre recuperare ast\u0103zi cu un singur clic!<\/span><\/p>\n<h3>Utiliz\u0103ri medicinale: Cump\u0103ra\u021bi Subutex cu ambalaj discret<\/h3>\n<p>Cump\u0103ra\u021bi Subutex la un pre\u021b mic pentru tratamentul persoanelor cu dependen\u021b\u0103 de narcotice. Ar trebui \u00eenceput doar dup\u0103 ce au \u00eenceput manifest\u0103rile de sevraj. At\u00e2t buprenorfina, c\u00e2t \u0219i metadona sunt medicamente utilizate pentru detoxifiere, tratament de substitu\u021bie narcotic\u0103 pe termen scurt \u0219i lung. Un plasture transdermic este disponibil pentru tratamentul durerii cronice. Cum s\u0103 cump\u0103ra\u021bi Subutex online sub form\u0103 de plasturi care nu sunt demonstra\u021bi pentru utilizare \u00een durere intens\u0103, durere care dureaz\u0103 doar o perioad\u0103 scurt\u0103 de timp sau durere dup\u0103 o procedur\u0103 medical\u0103 \u0219i nici nu sunt prescri\u0219i pentru dependen\u021ba de narcotice.<\/p>\n<h3>Farmacocinetic\u0103<\/h3>\n<p>Cump\u0103ra\u021bi Subutex f\u0103r\u0103 prescrip\u021bie medical\u0103 \u0219i este utilizat de ficat, ca izoenzime CYP3A4 ale sistemului chimic al citocromului P450, \u00een norbuprenorfin\u0103. Glucuronidarea buprenorfinei este finalizat\u0103 de UGT1A1 \u0219i UGT2B7, iar cea a norbuprenorfinei de UGT1A1 \u0219i UGT1A3. Pe buy-prescriptionz.com pute\u021bi cump\u0103ra Subutex online pentru 20 p\u00e2n\u0103 la 73 de ore de stabilitate \u0219i cu un serviciu de livrare rapid \u0219i sigur. Nu exist\u0103 pericol de acumulare la persoanele cu insuficien\u021b\u0103 renal\u0103.<\/p>","protected":false},"excerpt":{"rendered":"<p>Buy Subutex Online Buy Subutex Online,Buprenorphine, sold under the brand name Subutex, is a narcotic used to treat drug dependency and intense pain. Buy Subutex for use under the tongue, by infusion, as a skin fix, or as an implant. For drug compulsions Subutex for sale at buy-prescriptionz.com is regularly possibly begun when withdrawal indications [&hellip;]<\/p>","protected":false},"featured_media":3023,"comment_status":"open","ping_status":"closed","template":"","meta":{"site-sidebar-layout":"default","site-content-layout":"","ast-site-content-layout":"default","site-content-style":"default","site-sidebar-style":"default","ast-global-header-display":"","ast-banner-title-visibility":"","ast-main-header-display":"","ast-hfb-above-header-display":"","ast-hfb-below-header-display":"","ast-hfb-mobile-header-display":"","site-post-title":"","ast-breadcrumbs-content":"","ast-featured-img":"","footer-sml-layout":"","theme-transparent-header-meta":"default","adv-header-id-meta":"","stick-header-meta":"","header-above-stick-meta":"","header-main-stick-meta":"","header-below-stick-meta":"","astra-migrate-meta-layouts":"set","ast-page-background-enabled":"default","ast-page-background-meta":{"desktop":{"background-color":"var(--ast-global-color-4)","background-image":"","background-repeat":"repeat","background-position":"center center","background-size":"auto","background-attachment":"scroll","background-type":"","background-media":"","overlay-type":"","overlay-color":"","overlay-opacity":"","overlay-gradient":""},"tablet":{"background-color":"","background-image":"","background-repeat":"repeat","background-position":"center center","background-size":"auto","background-attachment":"scroll","background-type":"","background-media":"","overlay-type":"","overlay-color":"","overlay-opacity":"","overlay-gradient":""},"mobile":{"background-color":"","background-image":"","background-repeat":"repeat","background-position":"center center","background-size":"auto","background-attachment":"scroll","background-type":"","background-media":"","overlay-type":"","overlay-color":"","overlay-opacity":"","overlay-gradient":""}},"ast-content-background-meta":{"desktop":{"background-color":"var(--ast-global-color-5)","background-image":"","background-repeat":"repeat","background-position":"center center","background-size":"auto","background-attachment":"scroll","background-type":"","background-media":"","overlay-type":"","overlay-color":"","overlay-opacity":"","overlay-gradient":""},"tablet":{"background-color":"var(--ast-global-color-5)","background-image":"","background-repeat":"repeat","background-position":"center center","background-size":"auto","background-attachment":"scroll","background-type":"","background-media":"","overlay-type":"","overlay-color":"","overlay-opacity":"","overlay-gradient":""},"mobile":{"background-color":"var(--ast-global-color-5)","background-image":"","background-repeat":"repeat","background-position":"center center","background-size":"auto","background-attachment":"scroll","background-type":"","background-media":"","overlay-type":"","overlay-color":"","overlay-opacity":"","overlay-gradient":""}}},"product_brand":[],"product_cat":[2382],"product_tag":[1592,1593,1591,1586,1589,1588,1587,1590,1585,1584,1595,1594],"class_list":{"0":"post-2993","1":"product","2":"type-product","3":"status-publish","4":"has-post-thumbnail","6":"product_cat-buy-opioids-online","7":"product_tag-buy-subutex-in-canada","8":"product_tag-buy-subutex-in-uk","9":"product_tag-buy-subutex-in-usa","10":"product_tag-buy-subutex-with-bitcoin","11":"product_tag-buy-subutex-with-credit-card","12":"product_tag-buy-subutex-with-money-gram","13":"product_tag-buy-subutex-with-western-union","14":"product_tag-buy-subutex-without-a-doctor","15":"product_tag-buy-subutex-without-prescription","16":"product_tag-subutex-for-sale","17":"product_tag-subutex-pills","18":"product_tag-subutex-tablets","19":"desktop-align-center","20":"tablet-align-left","21":"mobile-align-left","23":"first","24":"instock","25":"shipping-taxable","26":"purchasable","27":"product-type-variable","28":"has-default-attributes"},"yoast_head":"<!-- This site is optimized with the Yoast SEO plugin v25.9 - https:\/\/yoast.com\/wordpress\/plugins\/seo\/ -->\n<title>Buy Subtex Online - Subtex for Sale - Order Subtex<\/title>\n<meta name=\"description\" content=\"If you are willing to get Subtex for sale, then we are the right choice for you. Our staff members will help you buy Subtex online at cheap rates. Place your order with us!\" \/>\n<meta name=\"robots\" content=\"index, follow, max-snippet:-1, max-image-preview:large, max-video-preview:-1\" \/>\n<link rel=\"canonical\" href=\"https:\/\/buy-prescriptionz.com\/ro\/produs\/cumparati-subutex-online\/\" \/>\n<meta property=\"og:locale\" content=\"ro_RO\" \/>\n<meta property=\"og:type\" content=\"article\" \/>\n<meta property=\"og:title\" content=\"Buy Subtex Online - Subtex for Sale - Order Subtex\" \/>\n<meta property=\"og:description\" content=\"If you are willing to get Subtex for sale, then we are the right choice for you. Our staff members will help you buy Subtex online at cheap rates. Place your order with us!\" \/>\n<meta property=\"og:url\" content=\"https:\/\/buy-prescriptionz.com\/ro\/produs\/cumparati-subutex-online\/\" \/>\n<meta property=\"og:site_name\" content=\"Buy Prescriptionz\" \/>\n<meta property=\"article:modified_time\" content=\"2025-09-27T12:06:59+00:00\" \/>\n<meta property=\"og:image\" content=\"https:\/\/buy-prescriptionz.com\/wp-content\/uploads\/2025\/09\/subutex.jpeg\" \/>\n\t<meta property=\"og:image:width\" content=\"400\" \/>\n\t<meta property=\"og:image:height\" content=\"300\" \/>\n\t<meta property=\"og:image:type\" content=\"image\/jpeg\" \/>\n<meta name=\"twitter:card\" content=\"summary_large_image\" \/>\n<meta name=\"twitter:label1\" content=\"Timp estimat pentru citire\" \/>\n\t<meta name=\"twitter:data1\" content=\"5 minute\" \/>\n<script type=\"application\/ld+json\" class=\"yoast-schema-graph\">{\"@context\":\"https:\/\/schema.org\",\"@graph\":[{\"@type\":\"WebPage\",\"@id\":\"https:\/\/buy-prescriptionz.com\/product\/buy-subutex-online\/\",\"url\":\"https:\/\/buy-prescriptionz.com\/product\/buy-subutex-online\/\",\"name\":\"Buy Subtex Online - Subtex for Sale - Order Subtex\",\"isPartOf\":{\"@id\":\"https:\/\/buy-prescriptionz.com\/#website\"},\"primaryImageOfPage\":{\"@id\":\"https:\/\/buy-prescriptionz.com\/product\/buy-subutex-online\/#primaryimage\"},\"image\":{\"@id\":\"https:\/\/buy-prescriptionz.com\/product\/buy-subutex-online\/#primaryimage\"},\"thumbnailUrl\":\"https:\/\/buy-prescriptionz.com\/wp-content\/uploads\/2025\/09\/subutex.jpeg\",\"datePublished\":\"2025-09-16T08:55:52+00:00\",\"dateModified\":\"2025-09-27T12:06:59+00:00\",\"description\":\"If you are willing to get Subtex for sale, then we are the right choice for you. Our staff members will help you buy Subtex online at cheap rates. Place your order with us!\",\"breadcrumb\":{\"@id\":\"https:\/\/buy-prescriptionz.com\/product\/buy-subutex-online\/#breadcrumb\"},\"inLanguage\":\"ro-RO\",\"potentialAction\":[{\"@type\":\"ReadAction\",\"target\":[\"https:\/\/buy-prescriptionz.com\/product\/buy-subutex-online\/\"]}]},{\"@type\":\"ImageObject\",\"inLanguage\":\"ro-RO\",\"@id\":\"https:\/\/buy-prescriptionz.com\/product\/buy-subutex-online\/#primaryimage\",\"url\":\"https:\/\/buy-prescriptionz.com\/wp-content\/uploads\/2025\/09\/subutex.jpeg\",\"contentUrl\":\"https:\/\/buy-prescriptionz.com\/wp-content\/uploads\/2025\/09\/subutex.jpeg\",\"width\":400,\"height\":300},{\"@type\":\"BreadcrumbList\",\"@id\":\"https:\/\/buy-prescriptionz.com\/product\/buy-subutex-online\/#breadcrumb\",\"itemListElement\":[{\"@type\":\"ListItem\",\"position\":1,\"name\":\"Home\",\"item\":\"https:\/\/buy-prescriptionz.com\/\"},{\"@type\":\"ListItem\",\"position\":2,\"name\":\"Shop Painkillers Online\",\"item\":\"https:\/\/buy-prescriptionz.com\/shop-painkillers-online\/\"},{\"@type\":\"ListItem\",\"position\":3,\"name\":\"Buy Subutex Online\"}]},{\"@type\":\"WebSite\",\"@id\":\"https:\/\/buy-prescriptionz.com\/#website\",\"url\":\"https:\/\/buy-prescriptionz.com\/\",\"name\":\"Buy Prescriptionz\",\"description\":\"Drugs Online\",\"publisher\":{\"@id\":\"https:\/\/buy-prescriptionz.com\/#organization\"},\"potentialAction\":[{\"@type\":\"SearchAction\",\"target\":{\"@type\":\"EntryPoint\",\"urlTemplate\":\"https:\/\/buy-prescriptionz.com\/?s={search_term_string}\"},\"query-input\":{\"@type\":\"PropertyValueSpecification\",\"valueRequired\":true,\"valueName\":\"search_term_string\"}}],\"inLanguage\":\"ro-RO\"},{\"@type\":\"Organization\",\"@id\":\"https:\/\/buy-prescriptionz.com\/#organization\",\"name\":\"Buy Prescriptionz\",\"url\":\"https:\/\/buy-prescriptionz.com\/\",\"logo\":{\"@type\":\"ImageObject\",\"inLanguage\":\"ro-RO\",\"@id\":\"https:\/\/buy-prescriptionz.com\/#\/schema\/logo\/image\/\",\"url\":\"https:\/\/buy-prescriptionz.com\/wp-content\/uploads\/2023\/09\/logo.png\",\"contentUrl\":\"https:\/\/buy-prescriptionz.com\/wp-content\/uploads\/2023\/09\/logo.png\",\"width\":350,\"height\":64,\"caption\":\"Buy Prescriptionz\"},\"image\":{\"@id\":\"https:\/\/buy-prescriptionz.com\/#\/schema\/logo\/image\/\"}}]}<\/script>\n<!-- \/ Yoast SEO plugin. -->","yoast_head_json":{"title":"Cump\u0103r\u0103 Subutex Online - Subutex pentru V\u00e2nz\u0103ri - Comand\u0103 Subutex","description":"Dac\u0103 dori\u021bi s\u0103 cump\u0103ra\u021bi Subtext de v\u00e2nzare, atunci suntem alegerea potrivit\u0103 pentru dvs. Membrii personalului nostru v\u0103 vor ajuta s\u0103 cump\u0103ra\u021bi Subutex online la pre\u021buri mici. Plasa\u021bi comanda la noi!","robots":{"index":"index","follow":"follow","max-snippet":"max-snippet:-1","max-image-preview":"max-image-preview:large","max-video-preview":"max-video-preview:-1"},"canonical":"https:\/\/buy-prescriptionz.com\/ro\/produs\/cumparati-subutex-online\/","og_locale":"ro_RO","og_type":"article","og_title":"Buy Subtex Online - Subtex for Sale - Order Subtex","og_description":"If you are willing to get Subtex for sale, then we are the right choice for you. Our staff members will help you buy Subtex online at cheap rates. Place your order with us!","og_url":"https:\/\/buy-prescriptionz.com\/ro\/produs\/cumparati-subutex-online\/","og_site_name":"Buy Prescriptionz","article_modified_time":"2025-09-27T12:06:59+00:00","og_image":[{"width":400,"height":300,"url":"https:\/\/buy-prescriptionz.com\/wp-content\/uploads\/2025\/09\/subutex.jpeg","type":"image\/jpeg"}],"twitter_card":"summary_large_image","twitter_misc":{"Timp estimat pentru citire":"5 minute"},"schema":{"@context":"https:\/\/schema.org","@graph":[{"@type":"WebPage","@id":"https:\/\/buy-prescriptionz.com\/product\/buy-subutex-online\/","url":"https:\/\/buy-prescriptionz.com\/product\/buy-subutex-online\/","name":"Cump\u0103r\u0103 Subutex Online - Subutex pentru V\u00e2nz\u0103ri - Comand\u0103 Subutex","isPartOf":{"@id":"https:\/\/buy-prescriptionz.com\/#website"},"primaryImageOfPage":{"@id":"https:\/\/buy-prescriptionz.com\/product\/buy-subutex-online\/#primaryimage"},"image":{"@id":"https:\/\/buy-prescriptionz.com\/product\/buy-subutex-online\/#primaryimage"},"thumbnailUrl":"https:\/\/buy-prescriptionz.com\/wp-content\/uploads\/2025\/09\/subutex.jpeg","datePublished":"2025-09-16T08:55:52+00:00","dateModified":"2025-09-27T12:06:59+00:00","description":"Dac\u0103 dori\u021bi s\u0103 cump\u0103ra\u021bi Subtext de v\u00e2nzare, atunci suntem alegerea potrivit\u0103 pentru dvs. Membrii personalului nostru v\u0103 vor ajuta s\u0103 cump\u0103ra\u021bi Subutex online la pre\u021buri mici. Plasa\u021bi comanda la noi!","breadcrumb":{"@id":"https:\/\/buy-prescriptionz.com\/product\/buy-subutex-online\/#breadcrumb"},"inLanguage":"ro-RO","potentialAction":[{"@type":"ReadAction","target":["https:\/\/buy-prescriptionz.com\/product\/buy-subutex-online\/"]}]},{"@type":"ImageObject","inLanguage":"ro-RO","@id":"https:\/\/buy-prescriptionz.com\/product\/buy-subutex-online\/#primaryimage","url":"https:\/\/buy-prescriptionz.com\/wp-content\/uploads\/2025\/09\/subutex.jpeg","contentUrl":"https:\/\/buy-prescriptionz.com\/wp-content\/uploads\/2025\/09\/subutex.jpeg","width":400,"height":300},{"@type":"BreadcrumbList","@id":"https:\/\/buy-prescriptionz.com\/product\/buy-subutex-online\/#breadcrumb","itemListElement":[{"@type":"ListItem","position":1,"name":"Home","item":"https:\/\/buy-prescriptionz.com\/"},{"@type":"ListItem","position":2,"name":"Shop Painkillers Online","item":"https:\/\/buy-prescriptionz.com\/shop-painkillers-online\/"},{"@type":"ListItem","position":3,"name":"Buy Subutex Online"}]},{"@type":"WebSite","@id":"https:\/\/buy-prescriptionz.com\/#website","url":"https:\/\/buy-prescriptionz.com\/","name":"Buy Prescriptionz","description":"Medicamente online","publisher":{"@id":"https:\/\/buy-prescriptionz.com\/#organization"},"potentialAction":[{"@type":"SearchAction","target":{"@type":"EntryPoint","urlTemplate":"https:\/\/buy-prescriptionz.com\/?s={search_term_string}"},"query-input":{"@type":"PropertyValueSpecification","valueRequired":true,"valueName":"search_term_string"}}],"inLanguage":"ro-RO"},{"@type":"Organization","@id":"https:\/\/buy-prescriptionz.com\/#organization","name":"Buy Prescriptionz","url":"https:\/\/buy-prescriptionz.com\/","logo":{"@type":"ImageObject","inLanguage":"ro-RO","@id":"https:\/\/buy-prescriptionz.com\/#\/schema\/logo\/image\/","url":"https:\/\/buy-prescriptionz.com\/wp-content\/uploads\/2023\/09\/logo.png","contentUrl":"https:\/\/buy-prescriptionz.com\/wp-content\/uploads\/2023\/09\/logo.png","width":350,"height":64,"caption":"Buy Prescriptionz"},"image":{"@id":"https:\/\/buy-prescriptionz.com\/#\/schema\/logo\/image\/"}}]}},"_links":{"self":[{"href":"https:\/\/buy-prescriptionz.com\/ro\/wp-json\/wp\/v2\/product\/2993","targetHints":{"allow":["GET"]}}],"collection":[{"href":"https:\/\/buy-prescriptionz.com\/ro\/wp-json\/wp\/v2\/product"}],"about":[{"href":"https:\/\/buy-prescriptionz.com\/ro\/wp-json\/wp\/v2\/types\/product"}],"replies":[{"embeddable":true,"href":"https:\/\/buy-prescriptionz.com\/ro\/wp-json\/wp\/v2\/comments?post=2993"}],"wp:featuredmedia":[{"embeddable":true,"href":"https:\/\/buy-prescriptionz.com\/ro\/wp-json\/wp\/v2\/media\/3023"}],"wp:attachment":[{"href":"https:\/\/buy-prescriptionz.com\/ro\/wp-json\/wp\/v2\/media?parent=2993"}],"wp:term":[{"taxonomy":"product_brand","embeddable":true,"href":"https:\/\/buy-prescriptionz.com\/ro\/wp-json\/wp\/v2\/product_brand?post=2993"},{"taxonomy":"product_cat","embeddable":true,"href":"https:\/\/buy-prescriptionz.com\/ro\/wp-json\/wp\/v2\/product_cat?post=2993"},{"taxonomy":"product_tag","embeddable":true,"href":"https:\/\/buy-prescriptionz.com\/ro\/wp-json\/wp\/v2\/product_tag?post=2993"}],"curies":[{"name":"wp","href":"https:\/\/api.w.org\/{rel}","templated":true}]}}