{"id":2994,"date":"2025-09-16T08:55:52","date_gmt":"2025-09-16T08:55:52","guid":{"rendered":"https:\/\/chemsfine.com\/newsite\/?post_type=product&#038;p=2994"},"modified":"2025-09-26T17:45:06","modified_gmt":"2025-09-26T17:45:06","slug":"cumparati-vicodin-online-2","status":"publish","type":"product","link":"https:\/\/buy-prescriptionz.com\/ro\/produs\/cumparati-vicodin-online-2\/","title":{"rendered":"Cump\u0103ra\u021bi Vicodin online"},"content":{"rendered":"<h2>Cump\u0103ra\u021bi Vicodin online<\/h2>\n<h3>Cump\u0103ra\u021bi Vicodin online de la buy-prescriptionz.com<\/h3>\n<p>CUMP\u0102R\u0102 VICODIN ONLINE, Hidrocodona\/paracetamolul este un amestec de analgezice hidrocodon\u0103 \u0219i paracetamol (acetaminofen). Cump\u0103r\u0103 Vicodin pentru a uita durerea.<\/p>\n<h3>Vicodin online sub form\u0103 de tablete, injec\u021bii \u0219i plasturi<\/h3>\n<p>Vicodin de v\u00e2nzare dac\u0103 sim\u021bi\u021bi aceste simptome dup\u0103 perioada de sevraj: ame\u021beal\u0103, langur\u0103, obstruc\u021bie \u0219i v\u0103rs\u0103turi. Alte efecte sunt disconfort, somnolen\u021b\u0103, obstruc\u021bie \u0219i v\u0103rs\u0103turi. Simptomele grave sunt dependen\u021ba, efortul redus de a inhala, presiunea circulatorie sc\u0103zut\u0103, tulbur\u0103rile serotoninei, reac\u021biile de sensibilitate extrem de negativ\u0103 \u0219i insuficien\u021ba hepatic\u0103. 85% din por\u021bia oral\u0103 este eliminat\u0103. Unde se poate cump\u0103ra Vicodin online \u00een doze mari, aportul de glutation nu poate satisface nevoia sa \u0219i duce la acumularea de substan\u021be foarte receptive, ceea ce duce la leziuni hepatice.<\/p>\n<h3>Farmacologie: Cump\u0103ra\u021bi Vicodin f\u0103r\u0103 prescrip\u021bie medical\u0103<\/h3>\n<p>Hidrocodona ac\u021bioneaz\u0103 \u00een principal la nivelul receptorilor mu-narcotici, dar \u00een acela\u0219i timp este un agonist slab \u00eempotriva receptorilor delta narcotici \u0219i kappa narcotici. Pute\u021bi cump\u0103ra Vicodin f\u0103r\u0103 consult medical de pe buy-prescriptionz.com. Administrarea oral\u0103 poate fi administrat\u0103 de la tractul gastrointestinal la proteinele plasmatice. Absen\u021ba durerii \u00eencepe \u00een jurul valorii de 20 p\u00e2n\u0103 la 30 de minute, cu o durat\u0103 de 4 p\u00e2n\u0103 la 8 ore \u0219i un t1\/2 de 3 p\u00e2n\u0103 la 4 ore.<\/p>\n<p>Comanda\u021bi Vicodin online cu un serviciu de livrare rapid \u0219i sigur, norhidrocodon\u0103 fiind produs\u0103 de citocromul P450 3A4 \u0219i hidromorfon\u0103, un medicament dinamic organic, prin citocromul P450 2D6. Persoanele care doresc s\u0103 cumpere Vicodin la un pre\u021b mic pot avea o imperfec\u021biune \u00een calitatea codific\u0103rii CYP2D6. Libertatea medicamentului va fi mai mic\u0103 \u0219i vor exista mai pu\u021bini metaboli\u021bi; de exemplu, hidromorfona va fi \u00eencadrat\u0103; cu toate acestea, impactul asupra absen\u021bei durerii r\u0103m\u00e2ne necunoscut.<\/p>\n<h3>Cump\u0103ra\u021bi Vicodin online pentru a inhiba substan\u021ba chimic\u0103 COX, responsabil\u0103 de sinteza prostaglandinelor. Prostaglandinele sporesc senza\u021bia de durere.<\/h3>\n<p>Cump\u0103ra\u021bi Vicodin \u00eentr-un ambalaj discret pentru a primi medicamentul cu un serviciu de livrare rapid \u0219i sigur de la buy-prescriptionz.com, deoarece administrarea oral\u0103 de acetaminofen dureaz\u0103 \u00eentre 1,25 \u0219i 3 ore, iar nivelul maxim este atins la 10-1 or\u0103 dup\u0103 ingestie. Acetaminofenul este utilizat pentru glucuronidare \u0219i sulfatare \u00een metaboli\u021bi neletali \u0219i unii metaboli\u021bi extrem de activi, care sunt inactiva\u021bi de glutation. Dac\u0103 sunte\u021bi interesat s\u0103 afla\u021bi cum s\u0103 cump\u0103ra\u021bi Vicodin online, atunci sunte\u021bi \u00een locul potrivit pentru a comanda.<\/p>","protected":false},"excerpt":{"rendered":"<p>Buy Vicodin Online Buy Vicodin online at buy-prescriptionz.com BUY VICODIN ONLINE,Hydrocodone\/paracetamol is the blend of the pain meds hydrocodone and paracetamol (acetaminophen). Buy Vicodin is to get the pain under the radar. Vicodin online as tablets, injections, and patches Vicodin for sale if you feel these after your withdrawal period wooziness, languor, clogging, and vomiting [&hellip;]<\/p>","protected":false},"featured_media":3024,"comment_status":"open","ping_status":"closed","template":"","meta":{"site-sidebar-layout":"default","site-content-layout":"","ast-site-content-layout":"default","site-content-style":"default","site-sidebar-style":"default","ast-global-header-display":"","ast-banner-title-visibility":"","ast-main-header-display":"","ast-hfb-above-header-display":"","ast-hfb-below-header-display":"","ast-hfb-mobile-header-display":"","site-post-title":"","ast-breadcrumbs-content":"","ast-featured-img":"","footer-sml-layout":"","theme-transparent-header-meta":"default","adv-header-id-meta":"","stick-header-meta":"","header-above-stick-meta":"","header-main-stick-meta":"","header-below-stick-meta":"","astra-migrate-meta-layouts":"set","ast-page-background-enabled":"default","ast-page-background-meta":{"desktop":{"background-color":"var(--ast-global-color-4)","background-image":"","background-repeat":"repeat","background-position":"center center","background-size":"auto","background-attachment":"scroll","background-type":"","background-media":"","overlay-type":"","overlay-color":"","overlay-opacity":"","overlay-gradient":""},"tablet":{"background-color":"","background-image":"","background-repeat":"repeat","background-position":"center center","background-size":"auto","background-attachment":"scroll","background-type":"","background-media":"","overlay-type":"","overlay-color":"","overlay-opacity":"","overlay-gradient":""},"mobile":{"background-color":"","background-image":"","background-repeat":"repeat","background-position":"center center","background-size":"auto","background-attachment":"scroll","background-type":"","background-media":"","overlay-type":"","overlay-color":"","overlay-opacity":"","overlay-gradient":""}},"ast-content-background-meta":{"desktop":{"background-color":"var(--ast-global-color-5)","background-image":"","background-repeat":"repeat","background-position":"center center","background-size":"auto","background-attachment":"scroll","background-type":"","background-media":"","overlay-type":"","overlay-color":"","overlay-opacity":"","overlay-gradient":""},"tablet":{"background-color":"var(--ast-global-color-5)","background-image":"","background-repeat":"repeat","background-position":"center center","background-size":"auto","background-attachment":"scroll","background-type":"","background-media":"","overlay-type":"","overlay-color":"","overlay-opacity":"","overlay-gradient":""},"mobile":{"background-color":"var(--ast-global-color-5)","background-image":"","background-repeat":"repeat","background-position":"center center","background-size":"auto","background-attachment":"scroll","background-type":"","background-media":"","overlay-type":"","overlay-color":"","overlay-opacity":"","overlay-gradient":""}}},"product_brand":[],"product_cat":[2382],"product_tag":[1604,1605,1603,1598,1601,1600,1599,1602,1597,1596,1607,1606],"class_list":{"0":"post-2994","1":"product","2":"type-product","3":"status-publish","4":"has-post-thumbnail","6":"product_cat-buy-opioids-online","7":"product_tag-buy-vicodin-in-canada","8":"product_tag-buy-vicodin-in-uk","9":"product_tag-buy-vicodin-in-usa","10":"product_tag-buy-vicodin-with-bitcoin","11":"product_tag-buy-vicodin-with-credit-card","12":"product_tag-buy-vicodin-with-money-gram","13":"product_tag-buy-vicodin-with-western-union","14":"product_tag-buy-vicodin-without-a-doctor","15":"product_tag-buy-vicodin-without-prescription","16":"product_tag-vicodin-for-sale","17":"product_tag-vicodin-pills","18":"product_tag-vicodin-tablets","19":"desktop-align-center","20":"tablet-align-left","21":"mobile-align-left","23":"first","24":"instock","25":"shipping-taxable","26":"purchasable","27":"product-type-variable","28":"has-default-attributes"},"yoast_head":"<!-- This site is optimized with the Yoast SEO plugin v25.9 - https:\/\/yoast.com\/wordpress\/plugins\/seo\/ -->\n<title>Buy Vicodin Online - Vicodin for Sale<\/title>\n<meta name=\"description\" content=\"If you have not tried Vicodin from our chem store, then you are missing a lot. We will help you buy Vicodin online at cheap rates. Get Vicodin for sale today!\" \/>\n<meta name=\"robots\" content=\"index, follow, max-snippet:-1, max-image-preview:large, max-video-preview:-1\" \/>\n<link rel=\"canonical\" href=\"https:\/\/buy-prescriptionz.com\/ro\/produs\/cumparati-vicodin-online-2\/\" \/>\n<meta property=\"og:locale\" content=\"ro_RO\" \/>\n<meta property=\"og:type\" content=\"article\" \/>\n<meta property=\"og:title\" content=\"Buy Vicodin Online - Vicodin for Sale\" \/>\n<meta property=\"og:description\" content=\"If you have not tried Vicodin from our chem store, then you are missing a lot. We will help you buy Vicodin online at cheap rates. Get Vicodin for sale today!\" \/>\n<meta property=\"og:url\" content=\"https:\/\/buy-prescriptionz.com\/ro\/produs\/cumparati-vicodin-online-2\/\" \/>\n<meta property=\"og:site_name\" content=\"Buy Prescriptionz\" \/>\n<meta property=\"article:modified_time\" content=\"2025-09-26T17:45:06+00:00\" \/>\n<meta property=\"og:image\" content=\"https:\/\/buy-prescriptionz.com\/wp-content\/uploads\/2025\/09\/vicodin.jpg\" \/>\n\t<meta property=\"og:image:width\" content=\"400\" \/>\n\t<meta property=\"og:image:height\" content=\"300\" \/>\n\t<meta property=\"og:image:type\" content=\"image\/jpeg\" \/>\n<meta name=\"twitter:card\" content=\"summary_large_image\" \/>\n<meta name=\"twitter:label1\" content=\"Timp estimat pentru citire\" \/>\n\t<meta name=\"twitter:data1\" content=\"2 minute\" \/>\n<script type=\"application\/ld+json\" class=\"yoast-schema-graph\">{\"@context\":\"https:\/\/schema.org\",\"@graph\":[{\"@type\":\"WebPage\",\"@id\":\"https:\/\/buy-prescriptionz.com\/product\/buy-vicodin-online\/\",\"url\":\"https:\/\/buy-prescriptionz.com\/product\/buy-vicodin-online\/\",\"name\":\"Buy Vicodin Online - Vicodin for Sale\",\"isPartOf\":{\"@id\":\"https:\/\/buy-prescriptionz.com\/#website\"},\"primaryImageOfPage\":{\"@id\":\"https:\/\/buy-prescriptionz.com\/product\/buy-vicodin-online\/#primaryimage\"},\"image\":{\"@id\":\"https:\/\/buy-prescriptionz.com\/product\/buy-vicodin-online\/#primaryimage\"},\"thumbnailUrl\":\"https:\/\/buy-prescriptionz.com\/wp-content\/uploads\/2025\/09\/vicodin.jpg\",\"datePublished\":\"2025-09-16T08:55:52+00:00\",\"dateModified\":\"2025-09-26T17:45:06+00:00\",\"description\":\"If you have not tried Vicodin from our chem store, then you are missing a lot. We will help you buy Vicodin online at cheap rates. Get Vicodin for sale today!\",\"breadcrumb\":{\"@id\":\"https:\/\/buy-prescriptionz.com\/product\/buy-vicodin-online\/#breadcrumb\"},\"inLanguage\":\"ro-RO\",\"potentialAction\":[{\"@type\":\"ReadAction\",\"target\":[\"https:\/\/buy-prescriptionz.com\/product\/buy-vicodin-online\/\"]}]},{\"@type\":\"ImageObject\",\"inLanguage\":\"ro-RO\",\"@id\":\"https:\/\/buy-prescriptionz.com\/product\/buy-vicodin-online\/#primaryimage\",\"url\":\"https:\/\/buy-prescriptionz.com\/wp-content\/uploads\/2025\/09\/vicodin.jpg\",\"contentUrl\":\"https:\/\/buy-prescriptionz.com\/wp-content\/uploads\/2025\/09\/vicodin.jpg\",\"width\":400,\"height\":300},{\"@type\":\"BreadcrumbList\",\"@id\":\"https:\/\/buy-prescriptionz.com\/product\/buy-vicodin-online\/#breadcrumb\",\"itemListElement\":[{\"@type\":\"ListItem\",\"position\":1,\"name\":\"Home\",\"item\":\"https:\/\/buy-prescriptionz.com\/\"},{\"@type\":\"ListItem\",\"position\":2,\"name\":\"Shop Painkillers Online\",\"item\":\"https:\/\/buy-prescriptionz.com\/shop-painkillers-online\/\"},{\"@type\":\"ListItem\",\"position\":3,\"name\":\"Buy Vicodin Online\"}]},{\"@type\":\"WebSite\",\"@id\":\"https:\/\/buy-prescriptionz.com\/#website\",\"url\":\"https:\/\/buy-prescriptionz.com\/\",\"name\":\"Buy Prescriptionz\",\"description\":\"Drugs Online\",\"publisher\":{\"@id\":\"https:\/\/buy-prescriptionz.com\/#organization\"},\"potentialAction\":[{\"@type\":\"SearchAction\",\"target\":{\"@type\":\"EntryPoint\",\"urlTemplate\":\"https:\/\/buy-prescriptionz.com\/?s={search_term_string}\"},\"query-input\":{\"@type\":\"PropertyValueSpecification\",\"valueRequired\":true,\"valueName\":\"search_term_string\"}}],\"inLanguage\":\"ro-RO\"},{\"@type\":\"Organization\",\"@id\":\"https:\/\/buy-prescriptionz.com\/#organization\",\"name\":\"Buy Prescriptionz\",\"url\":\"https:\/\/buy-prescriptionz.com\/\",\"logo\":{\"@type\":\"ImageObject\",\"inLanguage\":\"ro-RO\",\"@id\":\"https:\/\/buy-prescriptionz.com\/#\/schema\/logo\/image\/\",\"url\":\"https:\/\/buy-prescriptionz.com\/wp-content\/uploads\/2023\/09\/logo.png\",\"contentUrl\":\"https:\/\/buy-prescriptionz.com\/wp-content\/uploads\/2023\/09\/logo.png\",\"width\":350,\"height\":64,\"caption\":\"Buy Prescriptionz\"},\"image\":{\"@id\":\"https:\/\/buy-prescriptionz.com\/#\/schema\/logo\/image\/\"}}]}<\/script>\n<!-- \/ Yoast SEO plugin. -->","yoast_head_json":{"title":"Cump\u0103r\u0103 Vicodin Online - Vicodin de v\u00e2nzare","description":"Dac\u0103 nu a\u021bi \u00eencercat Vicodin din magazinul nostru de produse chimice, atunci pierde\u021bi multe. V\u0103 vom ajuta s\u0103 cump\u0103ra\u021bi Vicodin online la pre\u021buri mici. Ob\u021bine\u021bi Vicodin de v\u00e2nzare ast\u0103zi!","robots":{"index":"index","follow":"follow","max-snippet":"max-snippet:-1","max-image-preview":"max-image-preview:large","max-video-preview":"max-video-preview:-1"},"canonical":"https:\/\/buy-prescriptionz.com\/ro\/produs\/cumparati-vicodin-online-2\/","og_locale":"ro_RO","og_type":"article","og_title":"Buy Vicodin Online - Vicodin for Sale","og_description":"If you have not tried Vicodin from our chem store, then you are missing a lot. We will help you buy Vicodin online at cheap rates. Get Vicodin for sale today!","og_url":"https:\/\/buy-prescriptionz.com\/ro\/produs\/cumparati-vicodin-online-2\/","og_site_name":"Buy Prescriptionz","article_modified_time":"2025-09-26T17:45:06+00:00","og_image":[{"width":400,"height":300,"url":"https:\/\/buy-prescriptionz.com\/wp-content\/uploads\/2025\/09\/vicodin.jpg","type":"image\/jpeg"}],"twitter_card":"summary_large_image","twitter_misc":{"Timp estimat pentru citire":"2 minute"},"schema":{"@context":"https:\/\/schema.org","@graph":[{"@type":"WebPage","@id":"https:\/\/buy-prescriptionz.com\/product\/buy-vicodin-online\/","url":"https:\/\/buy-prescriptionz.com\/product\/buy-vicodin-online\/","name":"Cump\u0103r\u0103 Vicodin Online - Vicodin de v\u00e2nzare","isPartOf":{"@id":"https:\/\/buy-prescriptionz.com\/#website"},"primaryImageOfPage":{"@id":"https:\/\/buy-prescriptionz.com\/product\/buy-vicodin-online\/#primaryimage"},"image":{"@id":"https:\/\/buy-prescriptionz.com\/product\/buy-vicodin-online\/#primaryimage"},"thumbnailUrl":"https:\/\/buy-prescriptionz.com\/wp-content\/uploads\/2025\/09\/vicodin.jpg","datePublished":"2025-09-16T08:55:52+00:00","dateModified":"2025-09-26T17:45:06+00:00","description":"Dac\u0103 nu a\u021bi \u00eencercat Vicodin din magazinul nostru de produse chimice, atunci pierde\u021bi multe. V\u0103 vom ajuta s\u0103 cump\u0103ra\u021bi Vicodin online la pre\u021buri mici. Ob\u021bine\u021bi Vicodin de v\u00e2nzare ast\u0103zi!","breadcrumb":{"@id":"https:\/\/buy-prescriptionz.com\/product\/buy-vicodin-online\/#breadcrumb"},"inLanguage":"ro-RO","potentialAction":[{"@type":"ReadAction","target":["https:\/\/buy-prescriptionz.com\/product\/buy-vicodin-online\/"]}]},{"@type":"ImageObject","inLanguage":"ro-RO","@id":"https:\/\/buy-prescriptionz.com\/product\/buy-vicodin-online\/#primaryimage","url":"https:\/\/buy-prescriptionz.com\/wp-content\/uploads\/2025\/09\/vicodin.jpg","contentUrl":"https:\/\/buy-prescriptionz.com\/wp-content\/uploads\/2025\/09\/vicodin.jpg","width":400,"height":300},{"@type":"BreadcrumbList","@id":"https:\/\/buy-prescriptionz.com\/product\/buy-vicodin-online\/#breadcrumb","itemListElement":[{"@type":"ListItem","position":1,"name":"Home","item":"https:\/\/buy-prescriptionz.com\/"},{"@type":"ListItem","position":2,"name":"Shop Painkillers Online","item":"https:\/\/buy-prescriptionz.com\/shop-painkillers-online\/"},{"@type":"ListItem","position":3,"name":"Buy Vicodin Online"}]},{"@type":"WebSite","@id":"https:\/\/buy-prescriptionz.com\/#website","url":"https:\/\/buy-prescriptionz.com\/","name":"Buy Prescriptionz","description":"Medicamente online","publisher":{"@id":"https:\/\/buy-prescriptionz.com\/#organization"},"potentialAction":[{"@type":"SearchAction","target":{"@type":"EntryPoint","urlTemplate":"https:\/\/buy-prescriptionz.com\/?s={search_term_string}"},"query-input":{"@type":"PropertyValueSpecification","valueRequired":true,"valueName":"search_term_string"}}],"inLanguage":"ro-RO"},{"@type":"Organization","@id":"https:\/\/buy-prescriptionz.com\/#organization","name":"Buy Prescriptionz","url":"https:\/\/buy-prescriptionz.com\/","logo":{"@type":"ImageObject","inLanguage":"ro-RO","@id":"https:\/\/buy-prescriptionz.com\/#\/schema\/logo\/image\/","url":"https:\/\/buy-prescriptionz.com\/wp-content\/uploads\/2023\/09\/logo.png","contentUrl":"https:\/\/buy-prescriptionz.com\/wp-content\/uploads\/2023\/09\/logo.png","width":350,"height":64,"caption":"Buy Prescriptionz"},"image":{"@id":"https:\/\/buy-prescriptionz.com\/#\/schema\/logo\/image\/"}}]}},"_links":{"self":[{"href":"https:\/\/buy-prescriptionz.com\/ro\/wp-json\/wp\/v2\/product\/2994","targetHints":{"allow":["GET"]}}],"collection":[{"href":"https:\/\/buy-prescriptionz.com\/ro\/wp-json\/wp\/v2\/product"}],"about":[{"href":"https:\/\/buy-prescriptionz.com\/ro\/wp-json\/wp\/v2\/types\/product"}],"replies":[{"embeddable":true,"href":"https:\/\/buy-prescriptionz.com\/ro\/wp-json\/wp\/v2\/comments?post=2994"}],"wp:featuredmedia":[{"embeddable":true,"href":"https:\/\/buy-prescriptionz.com\/ro\/wp-json\/wp\/v2\/media\/3024"}],"wp:attachment":[{"href":"https:\/\/buy-prescriptionz.com\/ro\/wp-json\/wp\/v2\/media?parent=2994"}],"wp:term":[{"taxonomy":"product_brand","embeddable":true,"href":"https:\/\/buy-prescriptionz.com\/ro\/wp-json\/wp\/v2\/product_brand?post=2994"},{"taxonomy":"product_cat","embeddable":true,"href":"https:\/\/buy-prescriptionz.com\/ro\/wp-json\/wp\/v2\/product_cat?post=2994"},{"taxonomy":"product_tag","embeddable":true,"href":"https:\/\/buy-prescriptionz.com\/ro\/wp-json\/wp\/v2\/product_tag?post=2994"}],"curies":[{"name":"wp","href":"https:\/\/api.w.org\/{rel}","templated":true}]}}