{"id":2995,"date":"2025-09-16T08:55:52","date_gmt":"2025-09-16T08:55:52","guid":{"rendered":"https:\/\/chemsfine.com\/newsite\/?post_type=product&#038;p=2995"},"modified":"2026-03-26T18:00:50","modified_gmt":"2026-03-26T18:00:50","slug":"cumparati-tramadol-online","status":"publish","type":"product","link":"https:\/\/buy-prescriptionz.com\/ro\/produs\/cumparati-tramadol-online\/","title":{"rendered":"Cumpara Tramadol Online"},"content":{"rendered":"<h2>Cumpara Tramadol Online<\/h2>\n<p>Cump\u0103ra\u021bi Tramadol f\u0103r\u0103 un medic la buy-prescriptionz.com Cumpara Tramadol Online, Tramadol este o prescrip\u021bie de durere narcotic\u0103 utilizat\u0103 pentru durere cronic\u0103. Cump\u0103ra\u021bi Tramadol online pentru a lua pe cale oral\u0103 \u00eentr-o formul\u0103 de desc\u0103rcare rapid\u0103, ameliorarea disconfortului, \u00een cea mai mare parte, \u00eencepe \u00een jurul unei ore. Este accesibil prin injectare. Cump\u0103ra\u021bi Tramadol \u00een amestec cu paracetamol sau ...<\/p>\n<h3>Tramadol de v\u00e2nzare la 100 mg \u0219i 50 mg<\/h3>\n<p>Tramadolul online ac\u021bioneaz\u0103 oficial asupra receptorilor \u03bc-narcotici de pe neuroni. Este un inhibitor al recapt\u0103rii serotoninei-norepinefrinei. Este transformat \u00een ficat \u00een O-desmetiltramadol, un narcotic cu o autoritate mai mare fa\u021b\u0103 de receptorul \u03bc-narcotic. Trebuie s\u0103 c\u0103uta\u021bi peste tot aceast\u0103 substan\u021b\u0103 pentru durerea cronic\u0103 \u0219i trebuie s\u0103 \u0219ti\u021bi cum s\u0103 cump\u0103ra\u021bi Tramadol online. R\u0103spunsul este simplu ca al\u021bii, cump\u0103ra\u021bi-l de pe buy-prescriptionz.com. Cump\u0103ra\u021bi Tramadol f\u0103r\u0103 prescrip\u021bie medical\u0103 pentru efectele sale analgezice, dureaz\u0103 aproximativ o or\u0103 pentru a deveni activ \u0219i 2 p\u00e2n\u0103 la 4 ore pentru a se aprinde dup\u0103 administrare oral\u0103, cu o formul\u0103 cu eliberare rapid\u0103. Tramadolul are aproximativ o zecime din intensitatea morfinei \u0219i este la fel de puternic \u00een compara\u021bie cu petidina \u0219i codeina. Desmetramadolul este singurul responsabil pentru efectele narcotice ale tramadolului. At\u00e2t tramadolul, c\u00e2t \u0219i desmetramadolul au selectivitate articulat\u0103 pentru MOR fa\u021b\u0103 de DOR \u0219i KOR \u00een ceea ce prive\u0219te afinitatea de restric\u021bie.<\/p>\n<p>Tramadolul este un medicament prescris pe scar\u0103 larg\u0103, utilizat pentru gestionarea durerii moderate p\u00e2n\u0103 la moderat severe. Este un analgezic opioid care ac\u021bioneaz\u0103 prin modificarea modului \u00een care creierul \u0219i sistemul nervos r\u0103spund la durere, oferind o ameliorare eficient\u0103 pentru o varietate de afec\u021biuni. Principalul beneficiu al tramadolului este versatilitatea sa \u00een tratarea diferitelor tipuri de durere, fie ea acut\u0103 sau cronic\u0103. Este adesea utilizat pentru afec\u021biuni precum durerea postoperatorie, artrita \u0219i alte tulbur\u0103ri musculo-scheletice dureroase. Capacitatea tramadolului de a gestiona eficient durerea poate \u00eembun\u0103t\u0103\u021bi semnificativ calitatea vie\u021bii unui pacient, permi\u021b\u00e2ndu-i s\u0103 desf\u0103\u0219oare activit\u0103\u021bile zilnice cu mai pu\u021bin disconfort. Tramadolul este disponibil \u00een diverse forme, inclusiv formul\u0103ri cu eliberare imediat\u0103 \u0219i cu eliberare prelungit\u0103, oferind flexibilitate \u00een dozare pentru a satisface nevoile individuale ale pacientului. Versiunea cu eliberare prelungit\u0103 ofer\u0103 o ameliorare prelungit\u0103 a durerii, reduc\u00e2nd necesitatea unor doze multiple pe parcursul zilei. Pe l\u00e2ng\u0103 propriet\u0103\u021bile sale de ameliorare a durerii, tramadolul este \u00een general bine tolerat atunci c\u00e2nd este utilizat conform indica\u021biilor. Are un poten\u021bial mai mic de dependen\u021b\u0103 \u0219i abuz \u00een compara\u021bie cu alte opioide mai puternice, ceea ce \u00eel face o op\u021biune mai sigur\u0103 pentru mul\u021bi pacien\u021bi. Cu toate acestea, este important s\u0103 utiliza\u021bi Tramadol sub supravegherea unui furnizor de servicii medicale pentru a evita poten\u021bialele efecte secundare \u0219i interac\u021biunile cu alte medicamente. Pentru cei care doresc s\u0103 achizi\u021bioneze cel mai bun Tramadol \u00een mod convenabil \u0219i sigur, surse online precum buy-prescriptionz.com ofer\u0103 o op\u021biune fiabil\u0103. Aceast\u0103 platform\u0103 garanteaz\u0103 c\u0103 pacien\u021bii primesc medicamente autentice, men\u021bin\u00e2nd at\u00e2t eficacitatea, c\u00e2t \u0219i siguran\u021ba tratamentului. Tramadol este o op\u021biune eficient\u0103 \u0219i versatil\u0103 de gestionare a durerii, care poate \u00eembun\u0103t\u0103\u021bi semnificativ calitatea vie\u021bii pacien\u021bilor cu diverse afec\u021biuni dureroase. Atunci c\u00e2nd este achizi\u021bionat de la cea mai bun\u0103 farmacie, precum buy-prescriptionz.com, pacien\u021bii se pot asigura c\u0103 primesc medicamente autentice \u0219i de \u00eenalt\u0103 calitate.<\/p>\n<h3>Cantitatea de tramadol disponibil\u0103<\/h3>\n<p>Comanda\u021bi Tramadol online \u00een cantit\u0103\u021bi accesibile sub form\u0103 de fluide, siropuri, pic\u0103turi, elixiruri, tablete cu bule \u0219i pulberi pentru amestecare cu ap\u0103, recipiente, tablete, inclusiv scheme de desc\u0103rcare extinse, supozitoare, pulbere pentru exacerbare \u0219i injec\u021bii. De asemenea, pute\u021bi achizi\u021biona Tramadol online cu un serviciu de livrare rapid \u0219i sigur de pe buy-prescriptionz.com.<\/p>\n<h3>Cump\u0103r\u0103 Tramadol cu \u200b\u200bambalaj discret oriunde dore\u0219ti<\/h3>\n<p>Cump\u0103ra\u021bi Tramadol la un pre\u021b mic, care ac\u021bioneaz\u0103 asupra receptorilor narcotici prin intermediul metabolitului s\u0103u dinamic semnificativ, desmetramadol, care are o sensibilitate cu p\u00e2n\u0103 la 700 de ori mai mare pentru MOR. Tramadolul este disponibil cu servicii de livrare rapide \u0219i sigure, dar s-a constatat c\u0103 nu are viabilitate \u00een activarea MOR \u00een studiile clinice. Nu exist\u0103 prea multe de spus despre locul \u00een care se poate cump\u0103ra Tramadol online, deoarece eficacitatea sa este egal\u0103 cu cea a morfinei; pentru durerea extrem\u0103, este mai pu\u021bin eficient dec\u00e2t morfina. Aceste efecte analgezice dureaz\u0103 aproximativ 6 ore.<\/p>","protected":false},"excerpt":{"rendered":"<p>Buy Tramadol Online Buy Tramadol Online,Tramadol is a narcotic pain prescription used for chronic pain. Buy Tramadol online to take by mouth in a fast discharge formula, the relief from discomfort, for the most part, starts around an hour. It is accessible by injection. Buy Tramadol in blend with paracetamol or as longer-acting formulations. Tramadol [&hellip;]<\/p>","protected":false},"featured_media":3025,"comment_status":"open","ping_status":"closed","template":"","meta":{"site-sidebar-layout":"default","site-content-layout":"","ast-site-content-layout":"default","site-content-style":"default","site-sidebar-style":"default","ast-global-header-display":"","ast-banner-title-visibility":"","ast-main-header-display":"","ast-hfb-above-header-display":"","ast-hfb-below-header-display":"","ast-hfb-mobile-header-display":"","site-post-title":"","ast-breadcrumbs-content":"","ast-featured-img":"","footer-sml-layout":"","theme-transparent-header-meta":"default","adv-header-id-meta":"","stick-header-meta":"","header-above-stick-meta":"","header-main-stick-meta":"","header-below-stick-meta":"","astra-migrate-meta-layouts":"set","ast-page-background-enabled":"default","ast-page-background-meta":{"desktop":{"background-color":"var(--ast-global-color-4)","background-image":"","background-repeat":"repeat","background-position":"center center","background-size":"auto","background-attachment":"scroll","background-type":"","background-media":"","overlay-type":"","overlay-color":"","overlay-opacity":"","overlay-gradient":""},"tablet":{"background-color":"","background-image":"","background-repeat":"repeat","background-position":"center center","background-size":"auto","background-attachment":"scroll","background-type":"","background-media":"","overlay-type":"","overlay-color":"","overlay-opacity":"","overlay-gradient":""},"mobile":{"background-color":"","background-image":"","background-repeat":"repeat","background-position":"center center","background-size":"auto","background-attachment":"scroll","background-type":"","background-media":"","overlay-type":"","overlay-color":"","overlay-opacity":"","overlay-gradient":""}},"ast-content-background-meta":{"desktop":{"background-color":"var(--ast-global-color-5)","background-image":"","background-repeat":"repeat","background-position":"center center","background-size":"auto","background-attachment":"scroll","background-type":"","background-media":"","overlay-type":"","overlay-color":"","overlay-opacity":"","overlay-gradient":""},"tablet":{"background-color":"var(--ast-global-color-5)","background-image":"","background-repeat":"repeat","background-position":"center center","background-size":"auto","background-attachment":"scroll","background-type":"","background-media":"","overlay-type":"","overlay-color":"","overlay-opacity":"","overlay-gradient":""},"mobile":{"background-color":"var(--ast-global-color-5)","background-image":"","background-repeat":"repeat","background-position":"center center","background-size":"auto","background-attachment":"scroll","background-type":"","background-media":"","overlay-type":"","overlay-color":"","overlay-opacity":"","overlay-gradient":""}}},"product_brand":[],"product_cat":[2382],"product_tag":[1545,1546,1544,1539,1542,1541,1540,1543,1538,1537,1548,1547],"class_list":{"0":"post-2995","1":"product","2":"type-product","3":"status-publish","4":"has-post-thumbnail","6":"product_cat-buy-opioids-online","7":"product_tag-buy-tramadol-in-canada","8":"product_tag-buy-tramadol-in-uk","9":"product_tag-buy-tramadol-in-usa","10":"product_tag-buy-tramadol-with-bitcoin","11":"product_tag-buy-tramadol-with-credit-card","12":"product_tag-buy-tramadol-with-money-gram","13":"product_tag-buy-tramadol-with-western-union","14":"product_tag-buy-tramadol-without-a-doctor","15":"product_tag-buy-tramadol-without-prescription","16":"product_tag-tramadol-for-sale","17":"product_tag-tramadol-pills","18":"product_tag-tramadol-tablets","19":"desktop-align-center","20":"tablet-align-left","21":"mobile-align-left","23":"first","24":"instock","25":"shipping-taxable","26":"purchasable","27":"product-type-variable","28":"has-default-attributes"},"yoast_head":"<!-- This site is optimized with the Yoast SEO plugin v25.9 - https:\/\/yoast.com\/wordpress\/plugins\/seo\/ -->\n<title>Buy Tramadol Online - Tramadol for Sale Online<\/title>\n<meta name=\"description\" content=\"At our chem store, you can get Tramadol for sale at cheap rates. We deal with a-grade quality products only. Buy Tramadol online from our store now. Place your order right away!\" \/>\n<meta name=\"robots\" content=\"index, follow, max-snippet:-1, max-image-preview:large, max-video-preview:-1\" \/>\n<link rel=\"canonical\" href=\"https:\/\/buy-prescriptionz.com\/ro\/produs\/cumparati-tramadol-online\/\" \/>\n<meta property=\"og:locale\" content=\"ro_RO\" \/>\n<meta property=\"og:type\" content=\"article\" \/>\n<meta property=\"og:title\" content=\"Buy Tramadol Online - Tramadol for Sale Online\" \/>\n<meta property=\"og:description\" content=\"At our chem store, you can get Tramadol for sale at cheap rates. We deal with a-grade quality products only. Buy Tramadol online from our store now. Place your order right away!\" \/>\n<meta property=\"og:url\" content=\"https:\/\/buy-prescriptionz.com\/ro\/produs\/cumparati-tramadol-online\/\" \/>\n<meta property=\"og:site_name\" content=\"Buy Prescriptionz\" \/>\n<meta property=\"article:modified_time\" content=\"2026-03-26T18:00:50+00:00\" \/>\n<meta property=\"og:image\" content=\"https:\/\/buy-prescriptionz.com\/wp-content\/uploads\/2025\/09\/tramadol.jpg\" \/>\n\t<meta property=\"og:image:width\" content=\"400\" \/>\n\t<meta property=\"og:image:height\" content=\"300\" \/>\n\t<meta property=\"og:image:type\" content=\"image\/jpeg\" \/>\n<meta name=\"twitter:card\" content=\"summary_large_image\" \/>\n<meta name=\"twitter:label1\" content=\"Timp estimat pentru citire\" \/>\n\t<meta name=\"twitter:data1\" content=\"2 minute\" \/>\n<script type=\"application\/ld+json\" class=\"yoast-schema-graph\">{\"@context\":\"https:\/\/schema.org\",\"@graph\":[{\"@type\":\"WebPage\",\"@id\":\"https:\/\/buy-prescriptionz.com\/product\/buy-tramadol-online\/\",\"url\":\"https:\/\/buy-prescriptionz.com\/product\/buy-tramadol-online\/\",\"name\":\"Buy Tramadol Online - Tramadol for Sale Online\",\"isPartOf\":{\"@id\":\"https:\/\/buy-prescriptionz.com\/#website\"},\"primaryImageOfPage\":{\"@id\":\"https:\/\/buy-prescriptionz.com\/product\/buy-tramadol-online\/#primaryimage\"},\"image\":{\"@id\":\"https:\/\/buy-prescriptionz.com\/product\/buy-tramadol-online\/#primaryimage\"},\"thumbnailUrl\":\"https:\/\/buy-prescriptionz.com\/wp-content\/uploads\/2025\/09\/tramadol.jpg\",\"datePublished\":\"2025-09-16T08:55:52+00:00\",\"dateModified\":\"2026-03-26T18:00:50+00:00\",\"description\":\"At our chem store, you can get Tramadol for sale at cheap rates. We deal with a-grade quality products only. Buy Tramadol online from our store now. Place your order right away!\",\"breadcrumb\":{\"@id\":\"https:\/\/buy-prescriptionz.com\/product\/buy-tramadol-online\/#breadcrumb\"},\"inLanguage\":\"ro-RO\",\"potentialAction\":[{\"@type\":\"ReadAction\",\"target\":[\"https:\/\/buy-prescriptionz.com\/product\/buy-tramadol-online\/\"]}]},{\"@type\":\"ImageObject\",\"inLanguage\":\"ro-RO\",\"@id\":\"https:\/\/buy-prescriptionz.com\/product\/buy-tramadol-online\/#primaryimage\",\"url\":\"https:\/\/buy-prescriptionz.com\/wp-content\/uploads\/2025\/09\/tramadol.jpg\",\"contentUrl\":\"https:\/\/buy-prescriptionz.com\/wp-content\/uploads\/2025\/09\/tramadol.jpg\",\"width\":400,\"height\":300},{\"@type\":\"BreadcrumbList\",\"@id\":\"https:\/\/buy-prescriptionz.com\/product\/buy-tramadol-online\/#breadcrumb\",\"itemListElement\":[{\"@type\":\"ListItem\",\"position\":1,\"name\":\"Home\",\"item\":\"https:\/\/buy-prescriptionz.com\/\"},{\"@type\":\"ListItem\",\"position\":2,\"name\":\"Shop Painkillers Online\",\"item\":\"https:\/\/buy-prescriptionz.com\/shop-painkillers-online\/\"},{\"@type\":\"ListItem\",\"position\":3,\"name\":\"Buy Tramadol Online\"}]},{\"@type\":\"WebSite\",\"@id\":\"https:\/\/buy-prescriptionz.com\/#website\",\"url\":\"https:\/\/buy-prescriptionz.com\/\",\"name\":\"Buy Prescriptionz\",\"description\":\"Drugs Online\",\"publisher\":{\"@id\":\"https:\/\/buy-prescriptionz.com\/#organization\"},\"potentialAction\":[{\"@type\":\"SearchAction\",\"target\":{\"@type\":\"EntryPoint\",\"urlTemplate\":\"https:\/\/buy-prescriptionz.com\/?s={search_term_string}\"},\"query-input\":{\"@type\":\"PropertyValueSpecification\",\"valueRequired\":true,\"valueName\":\"search_term_string\"}}],\"inLanguage\":\"ro-RO\"},{\"@type\":\"Organization\",\"@id\":\"https:\/\/buy-prescriptionz.com\/#organization\",\"name\":\"Buy Prescriptionz\",\"url\":\"https:\/\/buy-prescriptionz.com\/\",\"logo\":{\"@type\":\"ImageObject\",\"inLanguage\":\"ro-RO\",\"@id\":\"https:\/\/buy-prescriptionz.com\/#\/schema\/logo\/image\/\",\"url\":\"https:\/\/buy-prescriptionz.com\/wp-content\/uploads\/2023\/09\/logo.png\",\"contentUrl\":\"https:\/\/buy-prescriptionz.com\/wp-content\/uploads\/2023\/09\/logo.png\",\"width\":350,\"height\":64,\"caption\":\"Buy Prescriptionz\"},\"image\":{\"@id\":\"https:\/\/buy-prescriptionz.com\/#\/schema\/logo\/image\/\"}}]}<\/script>\n<!-- \/ Yoast SEO plugin. -->","yoast_head_json":{"title":"Cump\u0103ra\u021bi Tramadol Online - Tramadol de v\u00e2nzare online","description":"\u00cen magazinul nostru chimic, pute\u021bi cump\u0103ra Tramadol la pre\u021buri mici. Lucr\u0103m doar cu produse de calitate superioar\u0103. Cump\u0103ra\u021bi Tramadol online din magazinul nostru acum. Plasa\u021bi comanda imediat!","robots":{"index":"index","follow":"follow","max-snippet":"max-snippet:-1","max-image-preview":"max-image-preview:large","max-video-preview":"max-video-preview:-1"},"canonical":"https:\/\/buy-prescriptionz.com\/ro\/produs\/cumparati-tramadol-online\/","og_locale":"ro_RO","og_type":"article","og_title":"Buy Tramadol Online - Tramadol for Sale Online","og_description":"At our chem store, you can get Tramadol for sale at cheap rates. We deal with a-grade quality products only. Buy Tramadol online from our store now. Place your order right away!","og_url":"https:\/\/buy-prescriptionz.com\/ro\/produs\/cumparati-tramadol-online\/","og_site_name":"Buy Prescriptionz","article_modified_time":"2026-03-26T18:00:50+00:00","og_image":[{"width":400,"height":300,"url":"https:\/\/buy-prescriptionz.com\/wp-content\/uploads\/2025\/09\/tramadol.jpg","type":"image\/jpeg"}],"twitter_card":"summary_large_image","twitter_misc":{"Timp estimat pentru citire":"2 minute"},"schema":{"@context":"https:\/\/schema.org","@graph":[{"@type":"WebPage","@id":"https:\/\/buy-prescriptionz.com\/product\/buy-tramadol-online\/","url":"https:\/\/buy-prescriptionz.com\/product\/buy-tramadol-online\/","name":"Cump\u0103ra\u021bi Tramadol Online - Tramadol de v\u00e2nzare online","isPartOf":{"@id":"https:\/\/buy-prescriptionz.com\/#website"},"primaryImageOfPage":{"@id":"https:\/\/buy-prescriptionz.com\/product\/buy-tramadol-online\/#primaryimage"},"image":{"@id":"https:\/\/buy-prescriptionz.com\/product\/buy-tramadol-online\/#primaryimage"},"thumbnailUrl":"https:\/\/buy-prescriptionz.com\/wp-content\/uploads\/2025\/09\/tramadol.jpg","datePublished":"2025-09-16T08:55:52+00:00","dateModified":"2026-03-26T18:00:50+00:00","description":"\u00cen magazinul nostru chimic, pute\u021bi cump\u0103ra Tramadol la pre\u021buri mici. Lucr\u0103m doar cu produse de calitate superioar\u0103. Cump\u0103ra\u021bi Tramadol online din magazinul nostru acum. Plasa\u021bi comanda imediat!","breadcrumb":{"@id":"https:\/\/buy-prescriptionz.com\/product\/buy-tramadol-online\/#breadcrumb"},"inLanguage":"ro-RO","potentialAction":[{"@type":"ReadAction","target":["https:\/\/buy-prescriptionz.com\/product\/buy-tramadol-online\/"]}]},{"@type":"ImageObject","inLanguage":"ro-RO","@id":"https:\/\/buy-prescriptionz.com\/product\/buy-tramadol-online\/#primaryimage","url":"https:\/\/buy-prescriptionz.com\/wp-content\/uploads\/2025\/09\/tramadol.jpg","contentUrl":"https:\/\/buy-prescriptionz.com\/wp-content\/uploads\/2025\/09\/tramadol.jpg","width":400,"height":300},{"@type":"BreadcrumbList","@id":"https:\/\/buy-prescriptionz.com\/product\/buy-tramadol-online\/#breadcrumb","itemListElement":[{"@type":"ListItem","position":1,"name":"Home","item":"https:\/\/buy-prescriptionz.com\/"},{"@type":"ListItem","position":2,"name":"Shop Painkillers Online","item":"https:\/\/buy-prescriptionz.com\/shop-painkillers-online\/"},{"@type":"ListItem","position":3,"name":"Buy Tramadol Online"}]},{"@type":"WebSite","@id":"https:\/\/buy-prescriptionz.com\/#website","url":"https:\/\/buy-prescriptionz.com\/","name":"Buy Prescriptionz","description":"Medicamente online","publisher":{"@id":"https:\/\/buy-prescriptionz.com\/#organization"},"potentialAction":[{"@type":"SearchAction","target":{"@type":"EntryPoint","urlTemplate":"https:\/\/buy-prescriptionz.com\/?s={search_term_string}"},"query-input":{"@type":"PropertyValueSpecification","valueRequired":true,"valueName":"search_term_string"}}],"inLanguage":"ro-RO"},{"@type":"Organization","@id":"https:\/\/buy-prescriptionz.com\/#organization","name":"Buy Prescriptionz","url":"https:\/\/buy-prescriptionz.com\/","logo":{"@type":"ImageObject","inLanguage":"ro-RO","@id":"https:\/\/buy-prescriptionz.com\/#\/schema\/logo\/image\/","url":"https:\/\/buy-prescriptionz.com\/wp-content\/uploads\/2023\/09\/logo.png","contentUrl":"https:\/\/buy-prescriptionz.com\/wp-content\/uploads\/2023\/09\/logo.png","width":350,"height":64,"caption":"Buy Prescriptionz"},"image":{"@id":"https:\/\/buy-prescriptionz.com\/#\/schema\/logo\/image\/"}}]}},"_links":{"self":[{"href":"https:\/\/buy-prescriptionz.com\/ro\/wp-json\/wp\/v2\/product\/2995","targetHints":{"allow":["GET"]}}],"collection":[{"href":"https:\/\/buy-prescriptionz.com\/ro\/wp-json\/wp\/v2\/product"}],"about":[{"href":"https:\/\/buy-prescriptionz.com\/ro\/wp-json\/wp\/v2\/types\/product"}],"replies":[{"embeddable":true,"href":"https:\/\/buy-prescriptionz.com\/ro\/wp-json\/wp\/v2\/comments?post=2995"}],"wp:featuredmedia":[{"embeddable":true,"href":"https:\/\/buy-prescriptionz.com\/ro\/wp-json\/wp\/v2\/media\/3025"}],"wp:attachment":[{"href":"https:\/\/buy-prescriptionz.com\/ro\/wp-json\/wp\/v2\/media?parent=2995"}],"wp:term":[{"taxonomy":"product_brand","embeddable":true,"href":"https:\/\/buy-prescriptionz.com\/ro\/wp-json\/wp\/v2\/product_brand?post=2995"},{"taxonomy":"product_cat","embeddable":true,"href":"https:\/\/buy-prescriptionz.com\/ro\/wp-json\/wp\/v2\/product_cat?post=2995"},{"taxonomy":"product_tag","embeddable":true,"href":"https:\/\/buy-prescriptionz.com\/ro\/wp-json\/wp\/v2\/product_tag?post=2995"}],"curies":[{"name":"wp","href":"https:\/\/api.w.org\/{rel}","templated":true}]}}