{"id":2998,"date":"2025-09-16T08:55:53","date_gmt":"2025-09-16T08:55:53","guid":{"rendered":"https:\/\/chemsfine.com\/newsite\/?post_type=product&#038;p=2998"},"modified":"2025-09-23T06:49:43","modified_gmt":"2025-09-23T06:49:43","slug":"cumparati-levacetilmetadol-online","status":"publish","type":"product","link":"https:\/\/buy-prescriptionz.com\/ro\/produs\/cumparati-levacetilmetadol-online\/","title":{"rendered":"Cumpara Levacetylmethadol Online"},"content":{"rendered":"<h2>CUMP\u0102R\u0102 LEVACETILMETADOL ONLINE<\/h2>\n<p>Buy Levacetylmethadol Online\u00a0,Levacetymethadol is a synthetic opioid anesthetic with numerous movements quantitatively similar to those as morphine, the most prominent of which involve the central nervous system and organs composed of smooth muscle. However, it is more active and more toxic than others.<\/p>\n<h3>CARACTERISTICI ALE LEVACETILMETADOLULUI<\/h3>\n<p>It is a narcotic pain-relieving with a long onset and duration of action. It is used mainly for the treatment of narcotic dependence.<\/p>\n<h3>Prezentare general\u0103 \u0219i beneficii ale lev acetilmetadolului<\/h3>\n<p>Levacetilmetadolul este un opioid sintetic utilizat \u00een principal pentru gestionarea durerii \u0219i tratamentul dependen\u021bei de opioide. Cunoscut pentru durata sa de ac\u021biune mai lung\u0103 \u00een compara\u021bie cu alte opioide, Levacetilmetadolul ajut\u0103 la reducerea frecven\u021bei de administrare a dozelor, ceea ce este benefic pentru pacien\u021bii care au dificult\u0103\u021bi \u00een a respecta un program strict de medica\u021bie. Ac\u021bioneaz\u0103 asupra sistemului nervos central pentru a ameliora durerea \u0219i a atenua simptomele de sevraj la cei care urmeaz\u0103 tratament pentru dependen\u021ba de opioide.<\/p>\n<h3>Beneficios<\/h3>\n<ol>\n<li>Durat\u0103 extins\u0103 de ac\u021biune: Efectele de lung\u0103 durat\u0103 ale levacetilmetadolului \u00eenseamn\u0103 c\u0103 sunt necesare mai pu\u021bine doze, simplific\u00e2nd rutina medica\u021biei \u0219i \u00eembun\u0103t\u0103\u021bind respectarea tratamentului.<\/li>\n<li>Gestionarea eficient\u0103 a durerii: Ofer\u0103 o ameliorare substan\u021bial\u0103 a durerii cronice, fiind o op\u021biune valoroas\u0103 pentru pacien\u021bii cu dureri persistente.<\/li>\n<li>Tratamentul dependen\u021bei de opioide: Este eficient \u00een reducerea simptomelor de sevraj \u0219i a poftelor, ajut\u00e2nd \u00een procesul de recuperare pentru persoanele cu dependen\u021b\u0103 de opioide.<\/li>\n<li>Risc redus de efecte secundare: Comparativ cu alte opioide, levacetilmetadolul are un risc mai mic de a provoca depresie respiratorie \u0219i euforie, ceea ce \u00eel face mai sigur pentru utilizarea pe termen lung.<\/li>\n<li>\u00cembun\u0103t\u0103\u021birea calit\u0103\u021bii vie\u021bii: Prin gestionarea durerii \u0219i sprijinirea recuper\u0103rii dup\u0103 dependen\u021b\u0103, levacetilmetadolul ajut\u0103 la \u00eembun\u0103t\u0103\u021birea st\u0103rii generale de bine \u0219i a func\u021bionalit\u0103\u021bii \u00een via\u021ba de zi cu zi.<\/li>\n<\/ol>\n<p>Cump\u0103rarea Levacetilmetadol de la cea mai bun\u0103 farmacie buy-prescriptionz.com ofer\u0103 mai multe beneficii. Acesta ofer\u0103 o gestionare eficient\u0103 a durerii \u0219i este un instrument valoros \u00een tratamentul dependen\u021bei de opioide datorit\u0103 duratei sale extinse de ac\u021biune. Riscul mai mic de efecte secundare severe al acestui medicament \u00eel face o alegere mai sigur\u0103 pentru cei care au nevoie de terapie pe termen lung cu opioide. Opt\u00e2nd pentru Levacetilmetadol de la o surs\u0103 de \u00eencredere precum buy-prescriptionz.com, pacien\u021bii pot accesa un medicament de \u00eenalt\u0103 calitate care le poate \u00eembun\u0103t\u0103\u021bi semnificativ calitatea vie\u021bii.<\/p>\n<h3>EFECTELE SECUNDARE<\/h3>\n<p>Senza\u021bie general\u0103 de r\u0103u (indispozi\u021bie)<\/p>\n<p>Insomnia.<br \/>\nWeakness.<br \/>\nAbdominal pain.<br \/>\nConstipation.<br \/>\nJoint pain.<br \/>\nNervousness.<br \/>\nSweating.<\/p>\n<h3>PRECAU\u021aII PRIVIND LEVACETILMETADOLUL<\/h3>\n<p>Acetatul de levometadil se administreaz\u0103 de obicei de trei ori pe s\u0103pt\u0103m\u00e2n\u0103, fie luni, miercuri \u0219i vineri, fie mar\u021bi, joi \u0219i s\u00e2mb\u0103t\u0103. Dac\u0103 sevrajul reprezint\u0103 o problem\u0103 \u00een intervalul de 72 de ore dintre doze, doza precedent\u0103 poate fi crescut\u0103.<br \/>\nThe usual doses of levomethadyl acetate must not be given on consecutive days because of the risk of fatal overdose. No dose mentioned in this label is ever meant to be given as a daily dose<\/p>\n<p>\u00bb Evitarea consumului de b\u0103uturi alcoolice \u0219i opioide ilicite, chiar dac\u0103 se manifest\u0103 simptome de sevraj \u0219i pofte, din cauza riscului de toxicitate aditiv\u0103 poten\u021bial letal\u0103 sau de supradozaj.<br \/>\n\u00bb Need to inform physicians and dentists of levomethadyl use, particularly if any kind of surgery (including dental surgery) or emergency treatment is requireds<\/p>\n<h3>DOZ\u0102 RATAT\u0102<\/h3>\n<p>Hvis du glemmer en dose og den kommer til klinikken p\u00e5 dagen for neste planlagte dose (glipper mandag, kommer onsdag), vil den vanlige dosen tolereres godt i de fleste tilfeller, selv om en redusert dose kan v\u00e6re riktig i utvalgte tilfeller.<\/p>\n<h3>SUPRADOZAJ<\/h3>\n<p>Analyse av overdose observert i utviklingen av ORLAAM (levomethadylacetat) har vist at n\u00e5r ORLAAM (levomethadylacetat) omdirigeres til misbrukskanaler, kan den uinformerte avhengige bli ut\u00e5lmodig med den langsomme innsettende effekten av levometadylacetat (2 til 4 timer) og ta illegale rusmidler, noe som resulterer i en potensielt d\u00f8delig kombinert overdose n\u00e5r maksimal effekt av ORLAAM (levomethadylacetat) utvikles. P\u00e5 grunn av disse risikoene for avledning og utilsiktet d\u00f8d, er det kun godkjent for bruk n\u00e5r det utleveres av et lisensiert anlegg.<\/p>\n<h3>DEPOZITAREA LEVACETILMETADOLULUI<\/h3>\n<p>Store this is in between 15 and 30 \u00b0C (59 and 86 \u00b0F), protected from freezing, unless otherwise specified by manufacturer.<\/p>\n<h3>WHERE TO BUY BEST LEVACETYLMETHADOL ONLINE?<\/h3>\n<p>Buy Levacetylmethadol Online from buyprescriptionz you are anywhere in world but you can buy your pharmacy online with 100% Safe. We give best prices in all our products. You can browse our products.<\/p>","protected":false},"excerpt":{"rendered":"<p>BUY LEVACETYLMETHADOL ONLINE Buy Levacetylmethadol Online\u00a0,Levacetymethadol is a synthetic opioid anesthetic with numerous movements quantitatively similar to those as morphine, the most prominent of which involve the central nervous system and organs composed of smooth muscle. However, it is more active and more toxic than others. FEATURES OF LEVACETYLMETHADOL It is a narcotic pain-relieving with [&hellip;]<\/p>","protected":false},"featured_media":3028,"comment_status":"open","ping_status":"closed","template":"","meta":{"site-sidebar-layout":"default","site-content-layout":"","ast-site-content-layout":"default","site-content-style":"default","site-sidebar-style":"default","ast-global-header-display":"","ast-banner-title-visibility":"","ast-main-header-display":"","ast-hfb-above-header-display":"","ast-hfb-below-header-display":"","ast-hfb-mobile-header-display":"","site-post-title":"","ast-breadcrumbs-content":"","ast-featured-img":"","footer-sml-layout":"","theme-transparent-header-meta":"default","adv-header-id-meta":"","stick-header-meta":"","header-above-stick-meta":"","header-main-stick-meta":"","header-below-stick-meta":"","astra-migrate-meta-layouts":"set","ast-page-background-enabled":"default","ast-page-background-meta":{"desktop":{"background-color":"var(--ast-global-color-4)","background-image":"","background-repeat":"repeat","background-position":"center center","background-size":"auto","background-attachment":"scroll","background-type":"","background-media":"","overlay-type":"","overlay-color":"","overlay-opacity":"","overlay-gradient":""},"tablet":{"background-color":"","background-image":"","background-repeat":"repeat","background-position":"center center","background-size":"auto","background-attachment":"scroll","background-type":"","background-media":"","overlay-type":"","overlay-color":"","overlay-opacity":"","overlay-gradient":""},"mobile":{"background-color":"","background-image":"","background-repeat":"repeat","background-position":"center center","background-size":"auto","background-attachment":"scroll","background-type":"","background-media":"","overlay-type":"","overlay-color":"","overlay-opacity":"","overlay-gradient":""}},"ast-content-background-meta":{"desktop":{"background-color":"var(--ast-global-color-5)","background-image":"","background-repeat":"repeat","background-position":"center center","background-size":"auto","background-attachment":"scroll","background-type":"","background-media":"","overlay-type":"","overlay-color":"","overlay-opacity":"","overlay-gradient":""},"tablet":{"background-color":"var(--ast-global-color-5)","background-image":"","background-repeat":"repeat","background-position":"center center","background-size":"auto","background-attachment":"scroll","background-type":"","background-media":"","overlay-type":"","overlay-color":"","overlay-opacity":"","overlay-gradient":""},"mobile":{"background-color":"var(--ast-global-color-5)","background-image":"","background-repeat":"repeat","background-position":"center center","background-size":"auto","background-attachment":"scroll","background-type":"","background-media":"","overlay-type":"","overlay-color":"","overlay-opacity":"","overlay-gradient":""}}},"product_brand":[],"product_cat":[2382],"product_tag":[1509,1510,1508,1503,1506,1505,1504,1507,1502,1501,1512,1511],"class_list":{"0":"post-2998","1":"product","2":"type-product","3":"status-publish","4":"has-post-thumbnail","6":"product_cat-buy-opioids-online","7":"product_tag-buy-levacetylmethadol-in-canada","8":"product_tag-buy-levacetylmethadol-in-uk","9":"product_tag-buy-levacetylmethadol-in-usa","10":"product_tag-buy-levacetylmethadol-with-bitcoin","11":"product_tag-buy-levacetylmethadol-with-credit-card","12":"product_tag-buy-levacetylmethadol-with-money-gram","13":"product_tag-buy-levacetylmethadol-with-western-union","14":"product_tag-buy-levacetylmethadol-without-a-doctor","15":"product_tag-buy-levacetylmethadol-without-prescription","16":"product_tag-levacetylmethadol-for-sale","17":"product_tag-levacetylmethadol-pills","18":"product_tag-levacetylmethadol-tablets","19":"desktop-align-center","20":"tablet-align-left","21":"mobile-align-left","23":"first","24":"instock","25":"shipping-taxable","26":"purchasable","27":"product-type-variable","28":"has-default-attributes"},"yoast_head":"<!-- This site is optimized with the Yoast SEO plugin v25.9 - https:\/\/yoast.com\/wordpress\/plugins\/seo\/ -->\n<title>Buy LevacetylMethadol Online - LevacetylMethadol for Sale<\/title>\n<meta name=\"description\" content=\"If you want to buy Levacetylmethadol online, then visit our online Buy-Prescriptionz store is the best option. We have Levacetylmethadol for sale. Place your order now!\" \/>\n<meta name=\"robots\" content=\"index, follow, max-snippet:-1, max-image-preview:large, max-video-preview:-1\" \/>\n<link rel=\"canonical\" href=\"https:\/\/buy-prescriptionz.com\/ro\/produs\/cumparati-levacetilmetadol-online\/\" \/>\n<meta property=\"og:locale\" content=\"ro_RO\" \/>\n<meta property=\"og:type\" content=\"article\" \/>\n<meta property=\"og:title\" content=\"Buy LevacetylMethadol Online - LevacetylMethadol for Sale\" \/>\n<meta property=\"og:description\" content=\"If you want to buy Levacetylmethadol online, then visit our online Buy-Prescriptionz store is the best option. We have Levacetylmethadol for sale. Place your order now!\" \/>\n<meta property=\"og:url\" content=\"https:\/\/buy-prescriptionz.com\/ro\/produs\/cumparati-levacetilmetadol-online\/\" \/>\n<meta property=\"og:site_name\" content=\"Buy Prescriptionz\" \/>\n<meta property=\"article:modified_time\" content=\"2025-09-23T06:49:43+00:00\" \/>\n<meta property=\"og:image\" content=\"https:\/\/buy-prescriptionz.com\/wp-content\/uploads\/2025\/09\/levacetylmethadol.jpg\" \/>\n\t<meta property=\"og:image:width\" content=\"400\" \/>\n\t<meta property=\"og:image:height\" content=\"300\" \/>\n\t<meta property=\"og:image:type\" content=\"image\/jpeg\" \/>\n<meta name=\"twitter:card\" content=\"summary_large_image\" \/>\n<meta name=\"twitter:label1\" content=\"Timp estimat pentru citire\" \/>\n\t<meta name=\"twitter:data1\" content=\"4 minute\" \/>\n<script type=\"application\/ld+json\" class=\"yoast-schema-graph\">{\"@context\":\"https:\/\/schema.org\",\"@graph\":[{\"@type\":\"WebPage\",\"@id\":\"https:\/\/buy-prescriptionz.com\/product\/buy-levacetylmethadol-online\/\",\"url\":\"https:\/\/buy-prescriptionz.com\/product\/buy-levacetylmethadol-online\/\",\"name\":\"Buy LevacetylMethadol Online - LevacetylMethadol for Sale\",\"isPartOf\":{\"@id\":\"https:\/\/buy-prescriptionz.com\/#website\"},\"primaryImageOfPage\":{\"@id\":\"https:\/\/buy-prescriptionz.com\/product\/buy-levacetylmethadol-online\/#primaryimage\"},\"image\":{\"@id\":\"https:\/\/buy-prescriptionz.com\/product\/buy-levacetylmethadol-online\/#primaryimage\"},\"thumbnailUrl\":\"https:\/\/buy-prescriptionz.com\/wp-content\/uploads\/2025\/09\/levacetylmethadol.jpg\",\"datePublished\":\"2025-09-16T08:55:53+00:00\",\"dateModified\":\"2025-09-23T06:49:43+00:00\",\"description\":\"If you want to buy Levacetylmethadol online, then visit our online Buy-Prescriptionz store is the best option. We have Levacetylmethadol for sale. Place your order now!\",\"breadcrumb\":{\"@id\":\"https:\/\/buy-prescriptionz.com\/product\/buy-levacetylmethadol-online\/#breadcrumb\"},\"inLanguage\":\"ro-RO\",\"potentialAction\":[{\"@type\":\"ReadAction\",\"target\":[\"https:\/\/buy-prescriptionz.com\/product\/buy-levacetylmethadol-online\/\"]}]},{\"@type\":\"ImageObject\",\"inLanguage\":\"ro-RO\",\"@id\":\"https:\/\/buy-prescriptionz.com\/product\/buy-levacetylmethadol-online\/#primaryimage\",\"url\":\"https:\/\/buy-prescriptionz.com\/wp-content\/uploads\/2025\/09\/levacetylmethadol.jpg\",\"contentUrl\":\"https:\/\/buy-prescriptionz.com\/wp-content\/uploads\/2025\/09\/levacetylmethadol.jpg\",\"width\":400,\"height\":300},{\"@type\":\"BreadcrumbList\",\"@id\":\"https:\/\/buy-prescriptionz.com\/product\/buy-levacetylmethadol-online\/#breadcrumb\",\"itemListElement\":[{\"@type\":\"ListItem\",\"position\":1,\"name\":\"Home\",\"item\":\"https:\/\/buy-prescriptionz.com\/\"},{\"@type\":\"ListItem\",\"position\":2,\"name\":\"Shop Painkillers Online\",\"item\":\"https:\/\/buy-prescriptionz.com\/shop-painkillers-online\/\"},{\"@type\":\"ListItem\",\"position\":3,\"name\":\"Buy Levacetylmethadol Online\"}]},{\"@type\":\"WebSite\",\"@id\":\"https:\/\/buy-prescriptionz.com\/#website\",\"url\":\"https:\/\/buy-prescriptionz.com\/\",\"name\":\"Buy Prescriptionz\",\"description\":\"Drugs Online\",\"publisher\":{\"@id\":\"https:\/\/buy-prescriptionz.com\/#organization\"},\"potentialAction\":[{\"@type\":\"SearchAction\",\"target\":{\"@type\":\"EntryPoint\",\"urlTemplate\":\"https:\/\/buy-prescriptionz.com\/?s={search_term_string}\"},\"query-input\":{\"@type\":\"PropertyValueSpecification\",\"valueRequired\":true,\"valueName\":\"search_term_string\"}}],\"inLanguage\":\"ro-RO\"},{\"@type\":\"Organization\",\"@id\":\"https:\/\/buy-prescriptionz.com\/#organization\",\"name\":\"Buy Prescriptionz\",\"url\":\"https:\/\/buy-prescriptionz.com\/\",\"logo\":{\"@type\":\"ImageObject\",\"inLanguage\":\"ro-RO\",\"@id\":\"https:\/\/buy-prescriptionz.com\/#\/schema\/logo\/image\/\",\"url\":\"https:\/\/buy-prescriptionz.com\/wp-content\/uploads\/2023\/09\/logo.png\",\"contentUrl\":\"https:\/\/buy-prescriptionz.com\/wp-content\/uploads\/2023\/09\/logo.png\",\"width\":350,\"height\":64,\"caption\":\"Buy Prescriptionz\"},\"image\":{\"@id\":\"https:\/\/buy-prescriptionz.com\/#\/schema\/logo\/image\/\"}}]}<\/script>\n<!-- \/ Yoast SEO plugin. -->","yoast_head_json":{"title":"Cump\u0103ra\u021bi acetilMethadol online - AcetilMethadol de v\u00e2nzare","description":"Dac\u0103 dori\u021bi s\u0103 cump\u0103ra\u021bi Levacetilmetadol online, atunci vizita\u021bi magazinul nostru online Buy-Prescriptionz, care este cea mai bun\u0103 op\u021biune. Avem Levacetilmetadol de v\u00e2nzare. Plasa\u021bi comanda acum!","robots":{"index":"index","follow":"follow","max-snippet":"max-snippet:-1","max-image-preview":"max-image-preview:large","max-video-preview":"max-video-preview:-1"},"canonical":"https:\/\/buy-prescriptionz.com\/ro\/produs\/cumparati-levacetilmetadol-online\/","og_locale":"ro_RO","og_type":"article","og_title":"Buy LevacetylMethadol Online - LevacetylMethadol for Sale","og_description":"If you want to buy Levacetylmethadol online, then visit our online Buy-Prescriptionz store is the best option. We have Levacetylmethadol for sale. Place your order now!","og_url":"https:\/\/buy-prescriptionz.com\/ro\/produs\/cumparati-levacetilmetadol-online\/","og_site_name":"Buy Prescriptionz","article_modified_time":"2025-09-23T06:49:43+00:00","og_image":[{"width":400,"height":300,"url":"https:\/\/buy-prescriptionz.com\/wp-content\/uploads\/2025\/09\/levacetylmethadol.jpg","type":"image\/jpeg"}],"twitter_card":"summary_large_image","twitter_misc":{"Timp estimat pentru citire":"4 minute"},"schema":{"@context":"https:\/\/schema.org","@graph":[{"@type":"WebPage","@id":"https:\/\/buy-prescriptionz.com\/product\/buy-levacetylmethadol-online\/","url":"https:\/\/buy-prescriptionz.com\/product\/buy-levacetylmethadol-online\/","name":"Cump\u0103ra\u021bi acetilMethadol online - AcetilMethadol de v\u00e2nzare","isPartOf":{"@id":"https:\/\/buy-prescriptionz.com\/#website"},"primaryImageOfPage":{"@id":"https:\/\/buy-prescriptionz.com\/product\/buy-levacetylmethadol-online\/#primaryimage"},"image":{"@id":"https:\/\/buy-prescriptionz.com\/product\/buy-levacetylmethadol-online\/#primaryimage"},"thumbnailUrl":"https:\/\/buy-prescriptionz.com\/wp-content\/uploads\/2025\/09\/levacetylmethadol.jpg","datePublished":"2025-09-16T08:55:53+00:00","dateModified":"2025-09-23T06:49:43+00:00","description":"Dac\u0103 dori\u021bi s\u0103 cump\u0103ra\u021bi Levacetilmetadol online, atunci vizita\u021bi magazinul nostru online Buy-Prescriptionz, care este cea mai bun\u0103 op\u021biune. Avem Levacetilmetadol de v\u00e2nzare. Plasa\u021bi comanda acum!","breadcrumb":{"@id":"https:\/\/buy-prescriptionz.com\/product\/buy-levacetylmethadol-online\/#breadcrumb"},"inLanguage":"ro-RO","potentialAction":[{"@type":"ReadAction","target":["https:\/\/buy-prescriptionz.com\/product\/buy-levacetylmethadol-online\/"]}]},{"@type":"ImageObject","inLanguage":"ro-RO","@id":"https:\/\/buy-prescriptionz.com\/product\/buy-levacetylmethadol-online\/#primaryimage","url":"https:\/\/buy-prescriptionz.com\/wp-content\/uploads\/2025\/09\/levacetylmethadol.jpg","contentUrl":"https:\/\/buy-prescriptionz.com\/wp-content\/uploads\/2025\/09\/levacetylmethadol.jpg","width":400,"height":300},{"@type":"BreadcrumbList","@id":"https:\/\/buy-prescriptionz.com\/product\/buy-levacetylmethadol-online\/#breadcrumb","itemListElement":[{"@type":"ListItem","position":1,"name":"Home","item":"https:\/\/buy-prescriptionz.com\/"},{"@type":"ListItem","position":2,"name":"Shop Painkillers Online","item":"https:\/\/buy-prescriptionz.com\/shop-painkillers-online\/"},{"@type":"ListItem","position":3,"name":"Buy Levacetylmethadol Online"}]},{"@type":"WebSite","@id":"https:\/\/buy-prescriptionz.com\/#website","url":"https:\/\/buy-prescriptionz.com\/","name":"Buy Prescriptionz","description":"Medicamente online","publisher":{"@id":"https:\/\/buy-prescriptionz.com\/#organization"},"potentialAction":[{"@type":"SearchAction","target":{"@type":"EntryPoint","urlTemplate":"https:\/\/buy-prescriptionz.com\/?s={search_term_string}"},"query-input":{"@type":"PropertyValueSpecification","valueRequired":true,"valueName":"search_term_string"}}],"inLanguage":"ro-RO"},{"@type":"Organization","@id":"https:\/\/buy-prescriptionz.com\/#organization","name":"Buy Prescriptionz","url":"https:\/\/buy-prescriptionz.com\/","logo":{"@type":"ImageObject","inLanguage":"ro-RO","@id":"https:\/\/buy-prescriptionz.com\/#\/schema\/logo\/image\/","url":"https:\/\/buy-prescriptionz.com\/wp-content\/uploads\/2023\/09\/logo.png","contentUrl":"https:\/\/buy-prescriptionz.com\/wp-content\/uploads\/2023\/09\/logo.png","width":350,"height":64,"caption":"Buy Prescriptionz"},"image":{"@id":"https:\/\/buy-prescriptionz.com\/#\/schema\/logo\/image\/"}}]}},"_links":{"self":[{"href":"https:\/\/buy-prescriptionz.com\/ro\/wp-json\/wp\/v2\/product\/2998","targetHints":{"allow":["GET"]}}],"collection":[{"href":"https:\/\/buy-prescriptionz.com\/ro\/wp-json\/wp\/v2\/product"}],"about":[{"href":"https:\/\/buy-prescriptionz.com\/ro\/wp-json\/wp\/v2\/types\/product"}],"replies":[{"embeddable":true,"href":"https:\/\/buy-prescriptionz.com\/ro\/wp-json\/wp\/v2\/comments?post=2998"}],"wp:featuredmedia":[{"embeddable":true,"href":"https:\/\/buy-prescriptionz.com\/ro\/wp-json\/wp\/v2\/media\/3028"}],"wp:attachment":[{"href":"https:\/\/buy-prescriptionz.com\/ro\/wp-json\/wp\/v2\/media?parent=2998"}],"wp:term":[{"taxonomy":"product_brand","embeddable":true,"href":"https:\/\/buy-prescriptionz.com\/ro\/wp-json\/wp\/v2\/product_brand?post=2998"},{"taxonomy":"product_cat","embeddable":true,"href":"https:\/\/buy-prescriptionz.com\/ro\/wp-json\/wp\/v2\/product_cat?post=2998"},{"taxonomy":"product_tag","embeddable":true,"href":"https:\/\/buy-prescriptionz.com\/ro\/wp-json\/wp\/v2\/product_tag?post=2998"}],"curies":[{"name":"wp","href":"https:\/\/api.w.org\/{rel}","templated":true}]}}