{"id":3001,"date":"2025-09-16T08:55:53","date_gmt":"2025-09-16T08:55:53","guid":{"rendered":"https:\/\/chemsfine.com\/newsite\/?post_type=product&#038;p=3001"},"modified":"2025-09-19T13:33:38","modified_gmt":"2025-09-19T13:33:38","slug":"cumparati-actavis-sirop-de-prometazina-online","status":"publish","type":"product","link":"https:\/\/buy-prescriptionz.com\/ro\/produs\/cumparati-actavis-sirop-de-prometazina-online\/","title":{"rendered":"Cump\u0103ra\u021bi Actavis Promethazine Syrup Online"},"content":{"rendered":"<h2 style=\"text-align: justify;\">CUMP\u0102RA ACTAVIS PROMETHAZINE SIROP ONLINE<\/h2>\n<p style=\"text-align: justify;\">Cump\u0103ra\u021bi Actavis <a href=\"https:\/\/buy-prescriptionz.com\/ro\/produs\/biphetamine\/\">Promethazine<\/a> Sirop Online, Actavis promethazine sirop este utilizat pentru a trata simptomele cauzate de r\u0103ceal\u0103, grip\u0103, alergii \u0219i alte boli respiratorii. Con\u021bine clorhidrat de prometazin\u0103 6,25 mg \u0219i fosfat de codein\u0103 10 mg \u00eentr-o baz\u0103 de sirop aromatizat cu un pH \u00eentre 4,8 \u0219i 5,4, alcool 7%.<\/p>\n<h3 style=\"text-align: justify;\">CARACTERISTICI<\/h3>\n<p style=\"text-align: justify;\">Acesta ac\u021bioneaz\u0103 prin diminuarea efectelor histaminei, un compus pe care organismul \u00eel elibereaz\u0103 ca r\u0103spuns la anumi\u021bi iritan\u021bi. \u0218i, de asemenea, Phenergan este utilizat ca sedativ \u0219i somnifer pentru toate tipurile de pacien\u021bi \u0219i previne sau controleaz\u0103 grea\u021ba \u0219i v\u0103rs\u0103turile, trateaz\u0103 r\u0103ul de mi\u0219care. \u00cel pute\u021bi folosi \u00eempreun\u0103 cu celelalte medicamente, pentru durerea dup\u0103 o interven\u021bie chirurgical\u0103, de asemenea.<\/p>\n<h3 style=\"text-align: justify;\">PRECAU\u021aII<\/h3>\n<p style=\"text-align: justify;\">Contacta\u021bi imediat medicul dac\u0103 ave\u021bi senza\u021bie de somnolen\u021b\u0103 extrem\u0103, confuzie sau respira\u021bie superficial\u0103. Uneori pot fi necesare analize de s\u00e2nge pentru a verifica dac\u0103 exist\u0103 efecte nedorite.<\/p>\n<p style=\"text-align: justify;\"><strong>Nu administra\u021bi acest medicament la:<\/strong><\/p>\n<p style=\"text-align: justify;\">- Copii cu v\u00e2rsta mai mic\u0103 de 12 ani.<br \/>\n- Copiii cu v\u00e2rsta mai mic\u0103 de 18 ani au suferit o interven\u021bie chirurgical\u0103 de \u00eendep\u0103rtare a amigdalelor sau adenoidelor.<br \/>\n- Copii cu v\u00e2rsta cuprins\u0103 \u00eentre 12 \u0219i 18 ani care au un risc ridicat de probleme respiratorii (ex, <a href=\"https:\/\/de.wikipedia.org\/w\/index.php?sort=relevance&amp;search=Promethazine&amp;title=Spezial%3ASuche&amp;profile=advanced&amp;fulltext=1&amp;advancedSearch-current=%7B%7D&amp;ns0=1\">obstructiv\u0103<\/a> apnee \u00een somn, obezitate, boli pulmonare).<\/p>\n<h3 style=\"text-align: justify;\">EFECTELE SECUNDARE<\/h3>\n<p style=\"text-align: justify;\">Acest medicament poate crea dependen\u021b\u0103. Dac\u0103 sim\u021bi\u021bi c\u0103 nu func\u021bioneaz\u0103 la fel de bine, nu utiliza\u021bi mai mult dec\u00e2t doza prescris\u0103. Adresa\u021bi-v\u0103 medicului dumneavoastr\u0103 pentru instruc\u021biuni.<\/p>\n<p style=\"text-align: justify;\">Prometazina v\u0103 poate cre\u0219te riscul de convulsii (crize). De asemenea, poate provoca distonie (tulbur\u0103ri de mi\u0219care). Acest lucru este mai probabil la copiii bolnavi cu diaree.<\/p>\n<p>V\u0103 face pielea mai sensibil\u0103 la lumina soarelui. Folosi\u021bi crem\u0103 de protec\u021bie solar\u0103 atunci c\u00e2nd v\u0103 afla\u021bi \u00een aer liber. Evita\u021bi l\u0103mpile solare \u0219i paturile de bronzat.<\/p>\n<p style=\"text-align: justify;\">Nu lua\u021bi alte medicamente dec\u00e2t dac\u0103 acestea au fost discutate cu medicul. Acestea includ medicamente eliberate pe baz\u0103 de prescrip\u021bie medical\u0103 sau f\u0103r\u0103 prescrip\u021bie medical\u0103 OTC (over-the-counter) \u0219i suplimente pe baz\u0103 de plante sau vitamine.<\/p>\n<p style=\"text-align: justify;\">Contacta\u021bi imediat medicul dumneavoastr\u0103 dac\u0103 ave\u021bi orice \u00eengrijorare.<\/p>\n<h3>\u00cen\u021belegerea siropului de prometazin\u0103 Actavis: o prezentare general\u0103<\/h3>\n<p>Siropul de prometazin\u0103 Actavis este un medicament eliberat pe baz\u0103 de re\u021bet\u0103, utilizat pentru a trata simptomele alergiilor, r\u0103celilor \u0219i tusei. Con\u021bine o combina\u021bie de prometazin\u0103 (un antihistaminic) \u0219i codein\u0103 (un antitusiv narcotic), care ac\u021bioneaz\u0103 \u00eempreun\u0103 pentru a oferi ameliorarea tusei, str\u0103nutului, rinoree \u0219i a altor simptome asociate cu afec\u021biuni respiratorii.<\/p>\n<h3>Cum func\u021bioneaz\u0103 siropul de prometazin\u0103 Actavis<\/h3>\n<p>Prometazina ac\u021bioneaz\u0103 prin blocarea efectelor histaminei, o substan\u021b\u0103 natural\u0103 din organism care este eliberat\u0103 \u00een timpul reac\u021biilor alergice. Prin blocarea histaminei, prometazina ajut\u0103 la reducerea simptomelor precum m\u00e2nc\u0103rimea, str\u0103nutul \u0219i l\u0103crimarea ochilor. Codeina ac\u021bioneaz\u0103 asupra creierului pentru a suprima reflexul tusei, facilit\u00e2nd respira\u021bia \u0219i reduc\u00e2nd nevoia de a tuse.<\/p>\n<h3>Beneficiile siropului de prometazin\u0103 Actavis<\/h3>\n<ol>\n<li><strong>Ameliorarea eficient\u0103 a simptomelor<\/strong>Cel mai bun sirop de prometazin\u0103 Actavis ofer\u0103 o ameliorare rapid\u0103 \u0219i eficient\u0103 a simptomelor precum tusea, str\u0103nutul \u0219i congestia, permi\u021b\u00e2nd utilizatorilor s\u0103 se simt\u0103 mai confortabil \u0219i s\u0103 respire mai u\u0219or.<\/li>\n<li><strong>Combina\u021bie de medicamente<\/strong>Combina\u021bia de prometazin\u0103 \u0219i codein\u0103 din siropul de prometazin\u0103 Actavis ofer\u0103 o abordare cuprinz\u0103toare pentru tratarea simptomelor respiratorii, viz\u00e2nd at\u00e2t cauza principal\u0103 a alergiilor \u0219i r\u0103celilor, c\u00e2t \u0219i tusea asociat\u0103.<\/li>\n<li><strong>Concentra\u021bia prescrip\u021biei medicale<\/strong>Siropul de prometazin\u0103 Actavis este un medicament eliberat pe baz\u0103 de re\u021bet\u0103, ceea ce \u00eenseamn\u0103 c\u0103 este formulat cu concentra\u021bii mai mari de ingrediente active, oferind o ameliorare mai puternic\u0103 a simptomelor \u00een compara\u021bie cu remediile f\u0103r\u0103 prescrip\u021bie medical\u0103.<\/li>\n<li><strong>Tratament versatil<\/strong>Pe l\u00e2ng\u0103 alergii \u0219i r\u0103celi, Actavis Promethazine Syrup poate fi utilizat \u0219i pentru a trata alte afec\u021biuni, cum ar fi bron\u0219ita, sinuzita \u0219i alte infec\u021bii respiratorii.<\/li>\n<li><strong>Dozaj personalizabil<\/strong>Siropul de prometazin\u0103 Actavis este disponibil \u00een diferite concentra\u021bii, permi\u021b\u00e2nd furnizorilor de servicii medicale s\u0103 adapteze doza la nevoile specifice ale fiec\u0103rui individ pentru ameliorarea optim\u0103 a simptomelor.<\/li>\n<\/ol>\n<h3>Este siropul de prometazin\u0103 Actavis potrivit pentru dumneavoastr\u0103?<\/h3>\n<p>\u00cenainte de a \u00eencepe s\u0103 utiliza\u021bi Actavis Promethazine Syrup, este important s\u0103 consulta\u021bi un furnizor de servicii medicale pentru a determina dac\u0103 aceasta este op\u021biunea de tratament potrivit\u0103 pentru afec\u021biunea dumneavoastr\u0103. Furnizorul dumneavoastr\u0103 de servicii medicale va lua \u00een considerare factori precum istoricul medical, medicamentele pe care le lua\u021bi \u00een prezent \u0219i severitatea simptomelor pentru a determina dac\u0103 Actavis Promethazine Syrup este potrivit pentru dumneavoastr\u0103.<\/p>\n<h3>Unde se poate cump\u0103ra sirop de prometazin\u0103 Actavis<\/h3>\n<p>Dac\u0103 vi s-a prescris sirop de prometazin\u0103 Actavis \u0219i v\u0103 \u00eentreba\u021bi de unde s\u0103 \u00eel cump\u0103ra\u021bi, pute\u021bi cump\u0103ra medicamente eliberate pe baz\u0103 de re\u021bet\u0103 online de la cea mai bun\u0103 farmacie, cum ar fi buy-prescriptionz.com. Cump\u0103rarea de medicamente eliberate pe baz\u0103 de re\u021bet\u0103 online este convenabil\u0103 \u0219i confiden\u021bial\u0103, permi\u021b\u00e2ndu-v\u0103 s\u0103 ob\u021bine\u021bi tratamentul de care ave\u021bi nevoie f\u0103r\u0103 a fi nevoie s\u0103 vizita\u021bi o farmacie fizic\u0103.<\/p>\n<h3 style=\"text-align: justify;\">DOZ\u0102 RATAT\u0102<\/h3>\n<p style=\"text-align: justify;\">Dac\u0103 omite\u021bi o doz\u0103 de medicament, lua\u021bi-o c\u00e2t mai cur\u00e2nd posibil. Cu toate acestea, dac\u0103 este aproape timpul pentru urm\u0103toarea doz\u0103, s\u0103ri\u021bi peste doza uitat\u0103 \u0219i reveni\u021bi la programul obi\u0219nuit de dozare. Nu dubla\u021bi dozele.<\/p>\n<h3 style=\"text-align: justify;\">SUPRADOZAJ<\/h3>\n<p style=\"text-align: justify;\">Simptomele supradozajului de Phenergan pot include:<\/p>\n<p style=\"text-align: justify;\">Acest medicament poate provoca la unele persoane ame\u021beli, somnolen\u021b\u0103, pupile mari, \u00eenro\u0219ire, grea\u021b\u0103, v\u0103rs\u0103turi, respira\u021bie superficial\u0103 \u0219i le\u0219in. Dac\u0103 v\u0103 confrunta\u021bi cu una dintre acestea contacta\u021bi imediat medicul dumneavoastr\u0103.<\/p>\n<h3 style=\"text-align: justify;\">DEPOZITARE<\/h3>\n<p style=\"text-align: justify;\">P\u0103stra\u021bi-l la temperatura camerei \u00eentr-un recipient \u00eenchis, ferit de c\u0103ldur\u0103, umiditate \u0219i lumin\u0103 direct\u0103. P\u0103stra\u021bi-l departe de \u00eenghe\u021b. De asemenea, p\u0103stra\u021bi-l \u00een afara razei de ac\u021biune a copiilor.<\/p>\n<h3 style=\"text-align: justify;\">UNDE S\u0102 CUMPERE ACTAVIS PROMETHAZINE SIROP ONLINE?<\/h3>\n<p style=\"text-align: justify;\">Cump\u0103ra\u021bi Actavis Promethazine Syrup online de la noi (Buyprescriptionz.com) la u\u0219a dvs. cu cel mai bun pre\u021b. Fi\u021bi s\u0103n\u0103to\u0219i \u00eentotdeauna. Comanda\u021bi acum!<\/p>","protected":false},"excerpt":{"rendered":"<p>BUY ACTAVIS PROMETHAZINE SYRUP ONLINE Buy Actavis Promethazine Syrup Online, Actavis promethazine syrup is used to treat symptoms caused by the common cold, flu, allergies, and other breathing illnesses. It contains Promethazine hydrochloride 6.25 mg and codeine phosphate 10 mg in a flavored syrup base with a pH between 4.8 and 5.4, Alcohol 7%. FEATURES [&hellip;]<\/p>","protected":false},"featured_media":3031,"comment_status":"open","ping_status":"closed","template":"","meta":{"site-sidebar-layout":"default","site-content-layout":"","ast-site-content-layout":"default","site-content-style":"default","site-sidebar-style":"default","ast-global-header-display":"","ast-banner-title-visibility":"","ast-main-header-display":"","ast-hfb-above-header-display":"","ast-hfb-below-header-display":"","ast-hfb-mobile-header-display":"","site-post-title":"","ast-breadcrumbs-content":"","ast-featured-img":"","footer-sml-layout":"","theme-transparent-header-meta":"default","adv-header-id-meta":"","stick-header-meta":"","header-above-stick-meta":"","header-main-stick-meta":"","header-below-stick-meta":"","astra-migrate-meta-layouts":"set","ast-page-background-enabled":"default","ast-page-background-meta":{"desktop":{"background-color":"var(--ast-global-color-4)","background-image":"","background-repeat":"repeat","background-position":"center center","background-size":"auto","background-attachment":"scroll","background-type":"","background-media":"","overlay-type":"","overlay-color":"","overlay-opacity":"","overlay-gradient":""},"tablet":{"background-color":"","background-image":"","background-repeat":"repeat","background-position":"center center","background-size":"auto","background-attachment":"scroll","background-type":"","background-media":"","overlay-type":"","overlay-color":"","overlay-opacity":"","overlay-gradient":""},"mobile":{"background-color":"","background-image":"","background-repeat":"repeat","background-position":"center center","background-size":"auto","background-attachment":"scroll","background-type":"","background-media":"","overlay-type":"","overlay-color":"","overlay-opacity":"","overlay-gradient":""}},"ast-content-background-meta":{"desktop":{"background-color":"var(--ast-global-color-5)","background-image":"","background-repeat":"repeat","background-position":"center center","background-size":"auto","background-attachment":"scroll","background-type":"","background-media":"","overlay-type":"","overlay-color":"","overlay-opacity":"","overlay-gradient":""},"tablet":{"background-color":"var(--ast-global-color-5)","background-image":"","background-repeat":"repeat","background-position":"center center","background-size":"auto","background-attachment":"scroll","background-type":"","background-media":"","overlay-type":"","overlay-color":"","overlay-opacity":"","overlay-gradient":""},"mobile":{"background-color":"var(--ast-global-color-5)","background-image":"","background-repeat":"repeat","background-position":"center center","background-size":"auto","background-attachment":"scroll","background-type":"","background-media":"","overlay-type":"","overlay-color":"","overlay-opacity":"","overlay-gradient":""}}},"product_brand":[],"product_cat":[2382],"product_tag":[],"class_list":{"0":"post-3001","1":"product","2":"type-product","3":"status-publish","4":"has-post-thumbnail","6":"product_cat-buy-opioids-online","7":"desktop-align-center","8":"tablet-align-left","9":"mobile-align-left","11":"first","12":"instock","13":"shipping-taxable","14":"purchasable","15":"product-type-variable","16":"has-default-attributes"},"yoast_head":"<!-- This site is optimized with the Yoast SEO plugin v25.9 - https:\/\/yoast.com\/wordpress\/plugins\/seo\/ -->\n<title>Actavis Promethazine Syrup for Sale - Buy Actavis Promethazine Syrup Online<\/title>\n<meta name=\"description\" content=\"You can now get Actavis Promethazine Syrup for sale from our top Chems store. Our staff will assist you to buy Actavis Promethazine Syrup online at the best prices. Order Actavis Promethazine Syrup online today with worldwide shipping!\" \/>\n<meta name=\"robots\" content=\"index, follow, max-snippet:-1, max-image-preview:large, max-video-preview:-1\" \/>\n<link rel=\"canonical\" href=\"https:\/\/buy-prescriptionz.com\/ro\/produs\/cumparati-actavis-sirop-de-prometazina-online\/\" \/>\n<meta property=\"og:locale\" content=\"ro_RO\" \/>\n<meta property=\"og:type\" content=\"article\" \/>\n<meta property=\"og:title\" content=\"Actavis Promethazine Syrup for Sale - Buy Actavis Promethazine Syrup Online\" \/>\n<meta property=\"og:description\" content=\"You can now get Actavis Promethazine Syrup for sale from our top Chems store. Our staff will assist you to buy Actavis Promethazine Syrup online at the best prices. Order Actavis Promethazine Syrup online today with worldwide shipping!\" \/>\n<meta property=\"og:url\" content=\"https:\/\/buy-prescriptionz.com\/ro\/produs\/cumparati-actavis-sirop-de-prometazina-online\/\" \/>\n<meta property=\"og:site_name\" content=\"Buy Prescriptionz\" \/>\n<meta property=\"article:modified_time\" content=\"2025-09-19T13:33:38+00:00\" \/>\n<meta property=\"og:image\" content=\"https:\/\/buy-prescriptionz.com\/wp-content\/uploads\/2025\/09\/actavis-promathazine-syrup.jpg\" \/>\n\t<meta property=\"og:image:width\" content=\"400\" \/>\n\t<meta property=\"og:image:height\" content=\"300\" \/>\n\t<meta property=\"og:image:type\" content=\"image\/jpeg\" \/>\n<meta name=\"twitter:card\" content=\"summary_large_image\" \/>\n<meta name=\"twitter:label1\" content=\"Timp estimat pentru citire\" \/>\n\t<meta name=\"twitter:data1\" content=\"4 minute\" \/>\n<script type=\"application\/ld+json\" class=\"yoast-schema-graph\">{\"@context\":\"https:\/\/schema.org\",\"@graph\":[{\"@type\":\"WebPage\",\"@id\":\"https:\/\/buy-prescriptionz.com\/cs\/produkt\/koupit-actavis-promethazin-sirup-online\/\",\"url\":\"https:\/\/buy-prescriptionz.com\/cs\/produkt\/koupit-actavis-promethazin-sirup-online\/\",\"name\":\"Actavis Promethazine Syrup for Sale - Buy Actavis Promethazine Syrup Online\",\"isPartOf\":{\"@id\":\"https:\/\/buy-prescriptionz.com\/#website\"},\"primaryImageOfPage\":{\"@id\":\"https:\/\/buy-prescriptionz.com\/cs\/produkt\/koupit-actavis-promethazin-sirup-online\/#primaryimage\"},\"image\":{\"@id\":\"https:\/\/buy-prescriptionz.com\/cs\/produkt\/koupit-actavis-promethazin-sirup-online\/#primaryimage\"},\"thumbnailUrl\":\"https:\/\/buy-prescriptionz.com\/wp-content\/uploads\/2025\/09\/actavis-promathazine-syrup.jpg\",\"datePublished\":\"2025-09-16T08:55:53+00:00\",\"dateModified\":\"2025-09-19T13:33:38+00:00\",\"description\":\"You can now get Actavis Promethazine Syrup for sale from our top Chems store. Our staff will assist you to buy Actavis Promethazine Syrup online at the best prices. Order Actavis Promethazine Syrup online today with worldwide shipping!\",\"breadcrumb\":{\"@id\":\"https:\/\/buy-prescriptionz.com\/cs\/produkt\/koupit-actavis-promethazin-sirup-online\/#breadcrumb\"},\"inLanguage\":\"ro-RO\",\"potentialAction\":[{\"@type\":\"ReadAction\",\"target\":[\"https:\/\/buy-prescriptionz.com\/cs\/produkt\/koupit-actavis-promethazin-sirup-online\/\"]}]},{\"@type\":\"ImageObject\",\"inLanguage\":\"ro-RO\",\"@id\":\"https:\/\/buy-prescriptionz.com\/cs\/produkt\/koupit-actavis-promethazin-sirup-online\/#primaryimage\",\"url\":\"https:\/\/buy-prescriptionz.com\/wp-content\/uploads\/2025\/09\/actavis-promathazine-syrup.jpg\",\"contentUrl\":\"https:\/\/buy-prescriptionz.com\/wp-content\/uploads\/2025\/09\/actavis-promathazine-syrup.jpg\",\"width\":400,\"height\":300},{\"@type\":\"BreadcrumbList\",\"@id\":\"https:\/\/buy-prescriptionz.com\/cs\/produkt\/koupit-actavis-promethazin-sirup-online\/#breadcrumb\",\"itemListElement\":[{\"@type\":\"ListItem\",\"position\":1,\"name\":\"Home\",\"item\":\"https:\/\/buy-prescriptionz.com\/\"},{\"@type\":\"ListItem\",\"position\":2,\"name\":\"Shop Painkillers Online\",\"item\":\"https:\/\/buy-prescriptionz.com\/shop-painkillers-online\/\"},{\"@type\":\"ListItem\",\"position\":3,\"name\":\"Buy Actavis Promethazine Syrup Online\"}]},{\"@type\":\"WebSite\",\"@id\":\"https:\/\/buy-prescriptionz.com\/#website\",\"url\":\"https:\/\/buy-prescriptionz.com\/\",\"name\":\"Buy Prescriptionz\",\"description\":\"Drugs Online\",\"publisher\":{\"@id\":\"https:\/\/buy-prescriptionz.com\/#organization\"},\"potentialAction\":[{\"@type\":\"SearchAction\",\"target\":{\"@type\":\"EntryPoint\",\"urlTemplate\":\"https:\/\/buy-prescriptionz.com\/?s={search_term_string}\"},\"query-input\":{\"@type\":\"PropertyValueSpecification\",\"valueRequired\":true,\"valueName\":\"search_term_string\"}}],\"inLanguage\":\"ro-RO\"},{\"@type\":\"Organization\",\"@id\":\"https:\/\/buy-prescriptionz.com\/#organization\",\"name\":\"Buy Prescriptionz\",\"url\":\"https:\/\/buy-prescriptionz.com\/\",\"logo\":{\"@type\":\"ImageObject\",\"inLanguage\":\"ro-RO\",\"@id\":\"https:\/\/buy-prescriptionz.com\/#\/schema\/logo\/image\/\",\"url\":\"https:\/\/buy-prescriptionz.com\/wp-content\/uploads\/2023\/09\/logo.png\",\"contentUrl\":\"https:\/\/buy-prescriptionz.com\/wp-content\/uploads\/2023\/09\/logo.png\",\"width\":350,\"height\":64,\"caption\":\"Buy Prescriptionz\"},\"image\":{\"@id\":\"https:\/\/buy-prescriptionz.com\/#\/schema\/logo\/image\/\"}}]}<\/script>\n<!-- \/ Yoast SEO plugin. -->","yoast_head_json":{"title":"Sirop de prometazin\u0103 Actavis de v\u00e2nzare - Cump\u0103ra\u021bi sirop de prometazin\u0103 Actavis online","description":"Acum pute\u021bi cump\u0103ra sirop de prometazin\u0103 Actavis de la magazinul nostru de top din domeniul chimic. Personalul nostru v\u0103 va ajuta s\u0103 cump\u0103ra\u021bi sirop de prometazin\u0103 Actavis online la cele mai bune pre\u021buri. Comanda\u021bi online sirop de prometazin\u0103 Actavis ast\u0103zi, cu livrare \u00een \u00eentreaga lume!","robots":{"index":"index","follow":"follow","max-snippet":"max-snippet:-1","max-image-preview":"max-image-preview:large","max-video-preview":"max-video-preview:-1"},"canonical":"https:\/\/buy-prescriptionz.com\/ro\/produs\/cumparati-actavis-sirop-de-prometazina-online\/","og_locale":"ro_RO","og_type":"article","og_title":"Actavis Promethazine Syrup for Sale - Buy Actavis Promethazine Syrup Online","og_description":"You can now get Actavis Promethazine Syrup for sale from our top Chems store. Our staff will assist you to buy Actavis Promethazine Syrup online at the best prices. Order Actavis Promethazine Syrup online today with worldwide shipping!","og_url":"https:\/\/buy-prescriptionz.com\/ro\/produs\/cumparati-actavis-sirop-de-prometazina-online\/","og_site_name":"Buy Prescriptionz","article_modified_time":"2025-09-19T13:33:38+00:00","og_image":[{"width":400,"height":300,"url":"https:\/\/buy-prescriptionz.com\/wp-content\/uploads\/2025\/09\/actavis-promathazine-syrup.jpg","type":"image\/jpeg"}],"twitter_card":"summary_large_image","twitter_misc":{"Timp estimat pentru citire":"4 minute"},"schema":{"@context":"https:\/\/schema.org","@graph":[{"@type":"WebPage","@id":"https:\/\/buy-prescriptionz.com\/cs\/produkt\/koupit-actavis-promethazin-sirup-online\/","url":"https:\/\/buy-prescriptionz.com\/cs\/produkt\/koupit-actavis-promethazin-sirup-online\/","name":"Sirop de prometazin\u0103 Actavis de v\u00e2nzare - Cump\u0103ra\u021bi sirop de prometazin\u0103 Actavis online","isPartOf":{"@id":"https:\/\/buy-prescriptionz.com\/#website"},"primaryImageOfPage":{"@id":"https:\/\/buy-prescriptionz.com\/cs\/produkt\/koupit-actavis-promethazin-sirup-online\/#primaryimage"},"image":{"@id":"https:\/\/buy-prescriptionz.com\/cs\/produkt\/koupit-actavis-promethazin-sirup-online\/#primaryimage"},"thumbnailUrl":"https:\/\/buy-prescriptionz.com\/wp-content\/uploads\/2025\/09\/actavis-promathazine-syrup.jpg","datePublished":"2025-09-16T08:55:53+00:00","dateModified":"2025-09-19T13:33:38+00:00","description":"Acum pute\u021bi cump\u0103ra sirop de prometazin\u0103 Actavis de la magazinul nostru de top din domeniul chimic. Personalul nostru v\u0103 va ajuta s\u0103 cump\u0103ra\u021bi sirop de prometazin\u0103 Actavis online la cele mai bune pre\u021buri. Comanda\u021bi online sirop de prometazin\u0103 Actavis ast\u0103zi, cu livrare \u00een \u00eentreaga lume!","breadcrumb":{"@id":"https:\/\/buy-prescriptionz.com\/cs\/produkt\/koupit-actavis-promethazin-sirup-online\/#breadcrumb"},"inLanguage":"ro-RO","potentialAction":[{"@type":"ReadAction","target":["https:\/\/buy-prescriptionz.com\/cs\/produkt\/koupit-actavis-promethazin-sirup-online\/"]}]},{"@type":"ImageObject","inLanguage":"ro-RO","@id":"https:\/\/buy-prescriptionz.com\/cs\/produkt\/koupit-actavis-promethazin-sirup-online\/#primaryimage","url":"https:\/\/buy-prescriptionz.com\/wp-content\/uploads\/2025\/09\/actavis-promathazine-syrup.jpg","contentUrl":"https:\/\/buy-prescriptionz.com\/wp-content\/uploads\/2025\/09\/actavis-promathazine-syrup.jpg","width":400,"height":300},{"@type":"BreadcrumbList","@id":"https:\/\/buy-prescriptionz.com\/cs\/produkt\/koupit-actavis-promethazin-sirup-online\/#breadcrumb","itemListElement":[{"@type":"ListItem","position":1,"name":"Home","item":"https:\/\/buy-prescriptionz.com\/"},{"@type":"ListItem","position":2,"name":"Shop Painkillers Online","item":"https:\/\/buy-prescriptionz.com\/shop-painkillers-online\/"},{"@type":"ListItem","position":3,"name":"Buy Actavis Promethazine Syrup Online"}]},{"@type":"WebSite","@id":"https:\/\/buy-prescriptionz.com\/#website","url":"https:\/\/buy-prescriptionz.com\/","name":"Buy Prescriptionz","description":"Medicamente online","publisher":{"@id":"https:\/\/buy-prescriptionz.com\/#organization"},"potentialAction":[{"@type":"SearchAction","target":{"@type":"EntryPoint","urlTemplate":"https:\/\/buy-prescriptionz.com\/?s={search_term_string}"},"query-input":{"@type":"PropertyValueSpecification","valueRequired":true,"valueName":"search_term_string"}}],"inLanguage":"ro-RO"},{"@type":"Organization","@id":"https:\/\/buy-prescriptionz.com\/#organization","name":"Buy Prescriptionz","url":"https:\/\/buy-prescriptionz.com\/","logo":{"@type":"ImageObject","inLanguage":"ro-RO","@id":"https:\/\/buy-prescriptionz.com\/#\/schema\/logo\/image\/","url":"https:\/\/buy-prescriptionz.com\/wp-content\/uploads\/2023\/09\/logo.png","contentUrl":"https:\/\/buy-prescriptionz.com\/wp-content\/uploads\/2023\/09\/logo.png","width":350,"height":64,"caption":"Buy Prescriptionz"},"image":{"@id":"https:\/\/buy-prescriptionz.com\/#\/schema\/logo\/image\/"}}]}},"_links":{"self":[{"href":"https:\/\/buy-prescriptionz.com\/ro\/wp-json\/wp\/v2\/product\/3001","targetHints":{"allow":["GET"]}}],"collection":[{"href":"https:\/\/buy-prescriptionz.com\/ro\/wp-json\/wp\/v2\/product"}],"about":[{"href":"https:\/\/buy-prescriptionz.com\/ro\/wp-json\/wp\/v2\/types\/product"}],"replies":[{"embeddable":true,"href":"https:\/\/buy-prescriptionz.com\/ro\/wp-json\/wp\/v2\/comments?post=3001"}],"wp:featuredmedia":[{"embeddable":true,"href":"https:\/\/buy-prescriptionz.com\/ro\/wp-json\/wp\/v2\/media\/3031"}],"wp:attachment":[{"href":"https:\/\/buy-prescriptionz.com\/ro\/wp-json\/wp\/v2\/media?parent=3001"}],"wp:term":[{"taxonomy":"product_brand","embeddable":true,"href":"https:\/\/buy-prescriptionz.com\/ro\/wp-json\/wp\/v2\/product_brand?post=3001"},{"taxonomy":"product_cat","embeddable":true,"href":"https:\/\/buy-prescriptionz.com\/ro\/wp-json\/wp\/v2\/product_cat?post=3001"},{"taxonomy":"product_tag","embeddable":true,"href":"https:\/\/buy-prescriptionz.com\/ro\/wp-json\/wp\/v2\/product_tag?post=3001"}],"curies":[{"name":"wp","href":"https:\/\/api.w.org\/{rel}","templated":true}]}}