{"id":3002,"date":"2025-09-16T08:55:53","date_gmt":"2025-09-16T08:55:53","guid":{"rendered":"https:\/\/chemsfine.com\/newsite\/?post_type=product&#038;p=3002"},"modified":"2025-09-26T14:33:40","modified_gmt":"2025-09-26T14:33:40","slug":"morphine","status":"publish","type":"product","link":"https:\/\/buy-prescriptionz.com\/ro\/produs\/morphine\/","title":{"rendered":"Morfin\u0103"},"content":{"rendered":"<h2>CUMP\u0102RA MORFIN\u0102 ONLINE<\/h2>\n<p>Cump\u0103ra\u021bi morfin\u0103 online Cump\u0103ra\u021bi morfin\u0103 online, morfina este utilizat\u0103 pentru ameliorarea durerii moderate p\u00e2n\u0103 la durere sever\u0103. Capsulele de morfin\u0103 sunt utilizate numai pentru ameliorarea durerii severe (non-stop) care nu poate fi controlat\u0103 prin utilizarea altor medicamente pentru durere. Morfina nu trebuie utilizat\u0103 pentru a trata durerea care poate fi controlat\u0103 prin medicamente care se iau la nevoie. Morfina ...<\/p>\n<h3>CARACTERISTICI ALE MORFINEI<\/h3>\n<p>Comprimatele de morfin\u0103 sunt indicate pentru tratamentul durerii suficient de severe pentru a necesita o administrare zilnic\u0103, non-stop, pe termen lung. <a href=\"https:\/\/de.wikipedia.org\/w\/index.php?sort=relevance&amp;search=drungs&amp;title=Spezial%3ASuche&amp;profile=advanced&amp;fulltext=1&amp;advancedSearch-current=%7B%7D&amp;ns0=1\">opioide<\/a> tratament \u0219i pentru care op\u021biunile alternative de tratament sunt inadecvate.<\/p>\n<h3>EFECTELE SECUNDARE<\/h3>\n<p><strong>Morfina poate provoca efecte secundare. Spune\u021bi medicului dumneavoastr\u0103 dac\u0103 oricare dintre aceste simptome sunt severe sau nu dispar:<\/strong><br \/>\nDureri de stomac \u0219i crampe<br \/>\nSomnolen\u021b\u0103<br \/>\nGura uscat\u0103<br \/>\nNervozitate<br \/>\nDurere de cap<br \/>\nModific\u0103ri ale dispozi\u021biei<\/p>\n<h3><strong>Morfin\u0103: Prezentare general\u0103 \u0219i beneficii pentru gestionarea eficient\u0103 a durerii de la buy-prescriptionz.com<\/strong><\/h3>\n<p>Morfina, disponibil\u0103 prin intermediul unor surse online precum buy-prescriptionz.com, este unul dintre cele mai eficiente medicamente pentru gestionarea durerii severe. Este frecvent utilizat\u0103 de pacien\u021bii care sufer\u0103 de dureri cronice, dureri postoperatorii sau dureri asociate cu cancerul. Cea mai bun\u0103 morfin\u0103 este o op\u021biune extrem de eficient\u0103 pentru gestionarea durerii severe.<\/p>\n<p>Morfina ofer\u0103 mai multe beneficii cheie:<\/p>\n<ol>\n<li>Ameliorarea eficient\u0103 a durerii: Hidrocodona este foarte eficient\u0103 \u00een ameliorarea durerii moderate p\u00e2n\u0103 la severe, fiind potrivit\u0103 pentru pacien\u021bii care au nevoie de o gestionare puternic\u0103 a durerii.<\/li>\n<li>Debut rapid de ac\u021biune: Medicamentul \u00eencepe s\u0103 ac\u021bioneze rapid, oferind o ameliorare prompt\u0103 a episoadelor acute de durere.<\/li>\n<li>Formul\u0103ri versatile: Morfina este disponibil\u0103 sub diverse forme, inclusiv orale, injectabile \u0219i comprimate cu eliberare prelungit\u0103, permi\u021b\u00e2nd o administrare flexibil\u0103, adaptat\u0103 nevoilor pacientului.<\/li>\n<li>\u00cembun\u0103t\u0103\u021birea calit\u0103\u021bii vie\u021bii: Pentru cei care sufer\u0103 de dureri cronice, morfina poate \u00eembun\u0103t\u0103\u021bi semnificativ func\u021bionarea zilnic\u0103 \u0219i calitatea general\u0103 a vie\u021bii prin reducerea nivelului de durere.<\/li>\n<\/ol>\n<p>Totu\u0219i, datorit\u0103 poten\u021bei sale, morfina trebuie utilizat\u0103 sub strict\u0103 supraveghere medical\u0103. Pacien\u021bii trebuie s\u0103 respecte cu stricte\u021be instruc\u021biunile medicului lor pentru a minimiza riscul de dependen\u021b\u0103 \u0219i alte efecte secundare, cum ar fi depresia respiratorie, constipa\u021bia \u0219i somnolen\u021ba. Atunci c\u00e2nd este procurat\u0103 de la cea mai bun\u0103 farmacie, cum ar fi buy-prescriptionz.com, \u0219i utilizat\u0103 responsabil sub supraveghere medical\u0103, poate fi foarte benefic\u0103 pentru persoanele care sufer\u0103 de dureri cronice, \u00eembun\u0103t\u0103\u021bindu-le calitatea vie\u021bii \u0219i bun\u0103starea general\u0103. Consulta\u021bi \u00eentotdeauna un profesionist din domeniul s\u0103n\u0103t\u0103\u021bii pentru a asigura utilizarea sigur\u0103 \u0219i adecvat\u0103 a morfinei.<\/p>\n<h3>PRECAU\u021aII DE MORFIN\u0102<\/h3>\n<p>Morfina se prezint\u0103 sub form\u0103 de solu\u021bie, tablet\u0103 cu eliberare prelungit\u0103 \u0219i capsul\u0103 cu eliberare prelungit\u0103 (cu ac\u021biune prelungit\u0103) care se administreaz\u0103 pe cale oral\u0103. Solu\u021bia oral\u0103 se administreaz\u0103, \u00een general, la fiecare 4 ore necesare pentru durere. Unele m\u0103rci sunt comprimate cu eliberare prelungit\u0103 care se iau de obicei la fiecare 8 sau la fiecare 12 ore. Urma\u021bi cu aten\u021bie instruc\u021biunile de pe eticheta re\u021betei medicului \u0219i cere\u021bi medicului dumneavoastr\u0103 dac\u0103 dori\u021bi s\u0103 v\u0103 explice orice parte pe care nu o \u00een\u021belege\u021bi.<br \/>\nAsigura\u021bi-v\u0103 c\u0103 \u0219ti\u021bi c\u00e2\u021bi mililitri de lichid trebuie s\u0103 lua\u021bi. Adresa\u021bi-v\u0103 medicului dumneavoastr\u0103 dac\u0103 ave\u021bi \u00eentreb\u0103ri cu privire la doza de medicament pe care trebuie s\u0103 o lua\u021bi sau la modul de utilizare a paharului de dozare sau a seringii.<br \/>\nDac\u0103 lua\u021bi capsule cu eliberare prelungit\u0103 de marc\u0103 \u0219i ave\u021bi o sond\u0103 de gastrostomie (sonda de alimentare introdus\u0103 chirurgical), \u00eentreba\u021bi medicul sau farmacistul cum s\u0103 administra\u021bi medicamentul prin tub.<\/p>\n<h3>DOZ\u0102 RATAT\u0102<\/h3>\n<p>Dac\u0103 lua\u021bi morfin\u0103, medicul dumneavoastr\u0103 v\u0103 va spune probabil s\u0103 lua\u021bi medicamentul la nevoie.<br \/>\nDac\u0103 vi s-a spus s\u0103 lua\u021bi doze programate de produs cu eliberare prelungit\u0103, lua\u021bi doza uitat\u0103 imediat ce v\u0103 aminti\u021bi de ea \u0219i nu lua\u021bi urm\u0103toarea doz\u0103 la ora obi\u0219nuit\u0103. \u00cen schimb, l\u0103sa\u021bi aceea\u0219i perioad\u0103 de timp pe care o acorda\u021bi de obicei \u00eentre doze \u00eenainte de urm\u0103toarea doz\u0103. Dac\u0103 v\u0103 aminti\u021bi c\u00e2nd este aproape timpul pentru urm\u0103toarea doz\u0103, s\u0103ri\u021bi peste doza uitat\u0103 \u0219i continua\u021bi programul obi\u0219nuit de administrare a dozelor. Nu lua\u021bi dou\u0103 doze pentru o doz\u0103 uitat\u0103.<\/p>\n<h3>SUPRADOZAJ<\/h3>\n<p><strong>Simptomele supradozajului pot include urm\u0103toarele:<\/strong><\/p>\n<p>respira\u021bie lent\u0103, superficial\u0103 sau neregulat\u0103<br \/>\nsomnolen\u021b\u0103<br \/>\npierderea cuno\u0219tin\u021bei<br \/>\nmu\u0219chi moi<br \/>\npiele rece \u0219i umed\u0103<br \/>\nelevi mici<br \/>\nb\u0103t\u0103i lente ale inimii<br \/>\nvedere \u00eence\u021bo\u0219at\u0103<br \/>\ngrea\u021b\u0103<br \/>\nle\u0219in<\/p>\n<h3>DEPOZITAREA MORFINEI<\/h3>\n<p>Este important s\u0103 p\u0103stra\u021bi acest medicament departe de ochii \u0219i de raza de ac\u021biune a copiilor \u0219i s\u0103 \u00eel p\u0103stra\u021bi la temperatura camerei.Pentru a proteja copiii de otr\u0103vire, \u00eenchide\u021bi capacele de siguran\u021b\u0103 \u0219i plasa\u021bi medicamentul \u00eentr-un loc sigur.<\/p>\n<h3>\u00ceN CAZUL \u00ceN CARE PENTRU A CUMP\u0102RA CEL MAI BUN MORFIN\u0102 ONLINE?<\/h3>\n<p>Cump\u0103ra\u021bi Morphine la u\u0219a dvs. cu pa\u0219i simpli \u0219i u\u0219ori de la buprescriptionz online cu cel mai bun pre\u021b \u0219i ob\u021bine\u021bi ameliorarea durerii.<\/p>","protected":false},"excerpt":{"rendered":"<p>BUY MORPHINE ONLINE Buy Morphine Online, Morphine is used for relief moderate to severe pain. Morphine capsules are only used to relieve severe (around-the-clock) pain that cannot be controlled by the use of other pain medications. Morphine should not be used to treat pain that can be controlled by medication that is taken as needed. [&hellip;]<\/p>","protected":false},"featured_media":3032,"comment_status":"open","ping_status":"closed","template":"","meta":{"site-sidebar-layout":"default","site-content-layout":"","ast-site-content-layout":"default","site-content-style":"default","site-sidebar-style":"default","ast-global-header-display":"","ast-banner-title-visibility":"","ast-main-header-display":"","ast-hfb-above-header-display":"","ast-hfb-below-header-display":"","ast-hfb-mobile-header-display":"","site-post-title":"","ast-breadcrumbs-content":"","ast-featured-img":"","footer-sml-layout":"","theme-transparent-header-meta":"default","adv-header-id-meta":"","stick-header-meta":"","header-above-stick-meta":"","header-main-stick-meta":"","header-below-stick-meta":"","astra-migrate-meta-layouts":"set","ast-page-background-enabled":"default","ast-page-background-meta":{"desktop":{"background-color":"var(--ast-global-color-4)","background-image":"","background-repeat":"repeat","background-position":"center center","background-size":"auto","background-attachment":"scroll","background-type":"","background-media":"","overlay-type":"","overlay-color":"","overlay-opacity":"","overlay-gradient":""},"tablet":{"background-color":"","background-image":"","background-repeat":"repeat","background-position":"center center","background-size":"auto","background-attachment":"scroll","background-type":"","background-media":"","overlay-type":"","overlay-color":"","overlay-opacity":"","overlay-gradient":""},"mobile":{"background-color":"","background-image":"","background-repeat":"repeat","background-position":"center center","background-size":"auto","background-attachment":"scroll","background-type":"","background-media":"","overlay-type":"","overlay-color":"","overlay-opacity":"","overlay-gradient":""}},"ast-content-background-meta":{"desktop":{"background-color":"var(--ast-global-color-5)","background-image":"","background-repeat":"repeat","background-position":"center center","background-size":"auto","background-attachment":"scroll","background-type":"","background-media":"","overlay-type":"","overlay-color":"","overlay-opacity":"","overlay-gradient":""},"tablet":{"background-color":"var(--ast-global-color-5)","background-image":"","background-repeat":"repeat","background-position":"center center","background-size":"auto","background-attachment":"scroll","background-type":"","background-media":"","overlay-type":"","overlay-color":"","overlay-opacity":"","overlay-gradient":""},"mobile":{"background-color":"var(--ast-global-color-5)","background-image":"","background-repeat":"repeat","background-position":"center center","background-size":"auto","background-attachment":"scroll","background-type":"","background-media":"","overlay-type":"","overlay-color":"","overlay-opacity":"","overlay-gradient":""}}},"product_brand":[],"product_cat":[2382],"product_tag":[2175,2177,2176,2178,2180,2179,2181],"class_list":{"0":"post-3002","1":"product","2":"type-product","3":"status-publish","4":"has-post-thumbnail","6":"product_cat-buy-opioids-online","7":"product_tag-best-of-morphine","8":"product_tag-buy-morphine-30mg-online","9":"product_tag-buy-morphine-online","10":"product_tag-buy-morphine-online-without-prescription","11":"product_tag-buy-pain-relief-tablets","12":"product_tag-morphine","13":"product_tag-morphine-sulfate","14":"desktop-align-center","15":"tablet-align-left","16":"mobile-align-left","18":"first","19":"instock","20":"shipping-taxable","21":"purchasable","22":"product-type-variable","23":"has-default-attributes"},"yoast_head":"<!-- This site is optimized with the Yoast SEO plugin v25.9 - https:\/\/yoast.com\/wordpress\/plugins\/seo\/ -->\n<title>Buy Morphine Online - Buy Pain Relief Tablets &amp; Treatments Online AU<\/title>\n<meta name=\"description\" content=\"Buy Morphine Online is an online pharmacy store where you can Morphine at best price without doctor&#039;s prescription. Morphine\" \/>\n<meta name=\"robots\" content=\"index, follow, max-snippet:-1, max-image-preview:large, max-video-preview:-1\" \/>\n<link rel=\"canonical\" href=\"https:\/\/buy-prescriptionz.com\/ro\/produs\/morphine\/\" \/>\n<meta property=\"og:locale\" content=\"ro_RO\" \/>\n<meta property=\"og:type\" content=\"article\" \/>\n<meta property=\"og:title\" content=\"Buy Morphine Online - Buy Pain Relief Tablets &amp; Treatments Online AU\" \/>\n<meta property=\"og:description\" content=\"Buy Morphine Online is an online pharmacy store where you can Morphine at best price without doctor&#039;s prescription. Morphine\" \/>\n<meta property=\"og:url\" content=\"https:\/\/buy-prescriptionz.com\/ro\/produs\/morphine\/\" \/>\n<meta property=\"og:site_name\" content=\"Buy Prescriptionz\" \/>\n<meta property=\"article:modified_time\" content=\"2025-09-26T14:33:40+00:00\" \/>\n<meta property=\"og:image\" content=\"https:\/\/buy-prescriptionz.com\/wp-content\/uploads\/2025\/09\/morphine.jpg\" \/>\n\t<meta property=\"og:image:width\" content=\"400\" \/>\n\t<meta property=\"og:image:height\" content=\"300\" \/>\n\t<meta property=\"og:image:type\" content=\"image\/jpeg\" \/>\n<meta name=\"twitter:card\" content=\"summary_large_image\" \/>\n<meta name=\"twitter:label1\" content=\"Timp estimat pentru citire\" \/>\n\t<meta name=\"twitter:data1\" content=\"4 minute\" \/>\n<script type=\"application\/ld+json\" class=\"yoast-schema-graph\">{\"@context\":\"https:\/\/schema.org\",\"@graph\":[{\"@type\":\"WebPage\",\"@id\":\"https:\/\/buy-prescriptionz.com\/product\/morphine\/\",\"url\":\"https:\/\/buy-prescriptionz.com\/product\/morphine\/\",\"name\":\"Buy Morphine Online - Buy Pain Relief Tablets & Treatments Online AU\",\"isPartOf\":{\"@id\":\"https:\/\/buy-prescriptionz.com\/#website\"},\"primaryImageOfPage\":{\"@id\":\"https:\/\/buy-prescriptionz.com\/product\/morphine\/#primaryimage\"},\"image\":{\"@id\":\"https:\/\/buy-prescriptionz.com\/product\/morphine\/#primaryimage\"},\"thumbnailUrl\":\"https:\/\/buy-prescriptionz.com\/wp-content\/uploads\/2025\/09\/morphine.jpg\",\"datePublished\":\"2025-09-16T08:55:53+00:00\",\"dateModified\":\"2025-09-26T14:33:40+00:00\",\"description\":\"Buy Morphine Online is an online pharmacy store where you can Morphine at best price without doctor's prescription. Morphine\",\"breadcrumb\":{\"@id\":\"https:\/\/buy-prescriptionz.com\/product\/morphine\/#breadcrumb\"},\"inLanguage\":\"ro-RO\",\"potentialAction\":[{\"@type\":\"ReadAction\",\"target\":[\"https:\/\/buy-prescriptionz.com\/product\/morphine\/\"]}]},{\"@type\":\"ImageObject\",\"inLanguage\":\"ro-RO\",\"@id\":\"https:\/\/buy-prescriptionz.com\/product\/morphine\/#primaryimage\",\"url\":\"https:\/\/buy-prescriptionz.com\/wp-content\/uploads\/2025\/09\/morphine.jpg\",\"contentUrl\":\"https:\/\/buy-prescriptionz.com\/wp-content\/uploads\/2025\/09\/morphine.jpg\",\"width\":400,\"height\":300},{\"@type\":\"BreadcrumbList\",\"@id\":\"https:\/\/buy-prescriptionz.com\/product\/morphine\/#breadcrumb\",\"itemListElement\":[{\"@type\":\"ListItem\",\"position\":1,\"name\":\"Home\",\"item\":\"https:\/\/buy-prescriptionz.com\/\"},{\"@type\":\"ListItem\",\"position\":2,\"name\":\"Shop Painkillers Online\",\"item\":\"https:\/\/buy-prescriptionz.com\/shop-painkillers-online\/\"},{\"@type\":\"ListItem\",\"position\":3,\"name\":\"Morphine\"}]},{\"@type\":\"WebSite\",\"@id\":\"https:\/\/buy-prescriptionz.com\/#website\",\"url\":\"https:\/\/buy-prescriptionz.com\/\",\"name\":\"Buy Prescriptionz\",\"description\":\"Drugs Online\",\"publisher\":{\"@id\":\"https:\/\/buy-prescriptionz.com\/#organization\"},\"potentialAction\":[{\"@type\":\"SearchAction\",\"target\":{\"@type\":\"EntryPoint\",\"urlTemplate\":\"https:\/\/buy-prescriptionz.com\/?s={search_term_string}\"},\"query-input\":{\"@type\":\"PropertyValueSpecification\",\"valueRequired\":true,\"valueName\":\"search_term_string\"}}],\"inLanguage\":\"ro-RO\"},{\"@type\":\"Organization\",\"@id\":\"https:\/\/buy-prescriptionz.com\/#organization\",\"name\":\"Buy Prescriptionz\",\"url\":\"https:\/\/buy-prescriptionz.com\/\",\"logo\":{\"@type\":\"ImageObject\",\"inLanguage\":\"ro-RO\",\"@id\":\"https:\/\/buy-prescriptionz.com\/#\/schema\/logo\/image\/\",\"url\":\"https:\/\/buy-prescriptionz.com\/wp-content\/uploads\/2023\/09\/logo.png\",\"contentUrl\":\"https:\/\/buy-prescriptionz.com\/wp-content\/uploads\/2023\/09\/logo.png\",\"width\":350,\"height\":64,\"caption\":\"Buy Prescriptionz\"},\"image\":{\"@id\":\"https:\/\/buy-prescriptionz.com\/#\/schema\/logo\/image\/\"}}]}<\/script>\n<!-- \/ Yoast SEO plugin. -->","yoast_head_json":{"title":"Cump\u0103ra\u021bi Morphine Online - Cump\u0103ra\u021bi tablete de ameliorare a durerii \u0219i tratamente online AU","description":"Cumpara Morphine Online este un magazin de farmacie online, unde pute\u021bi Morphine la cel mai bun pre\u021b f\u0103r\u0103 prescrip\u021bie medical\u0103. Morphine","robots":{"index":"index","follow":"follow","max-snippet":"max-snippet:-1","max-image-preview":"max-image-preview:large","max-video-preview":"max-video-preview:-1"},"canonical":"https:\/\/buy-prescriptionz.com\/ro\/produs\/morphine\/","og_locale":"ro_RO","og_type":"article","og_title":"Buy Morphine Online - Buy Pain Relief Tablets & Treatments Online AU","og_description":"Buy Morphine Online is an online pharmacy store where you can Morphine at best price without doctor's prescription. Morphine","og_url":"https:\/\/buy-prescriptionz.com\/ro\/produs\/morphine\/","og_site_name":"Buy Prescriptionz","article_modified_time":"2025-09-26T14:33:40+00:00","og_image":[{"width":400,"height":300,"url":"https:\/\/buy-prescriptionz.com\/wp-content\/uploads\/2025\/09\/morphine.jpg","type":"image\/jpeg"}],"twitter_card":"summary_large_image","twitter_misc":{"Timp estimat pentru citire":"4 minute"},"schema":{"@context":"https:\/\/schema.org","@graph":[{"@type":"WebPage","@id":"https:\/\/buy-prescriptionz.com\/product\/morphine\/","url":"https:\/\/buy-prescriptionz.com\/product\/morphine\/","name":"Cump\u0103ra\u021bi Morphine Online - Cump\u0103ra\u021bi tablete de ameliorare a durerii \u0219i tratamente online AU","isPartOf":{"@id":"https:\/\/buy-prescriptionz.com\/#website"},"primaryImageOfPage":{"@id":"https:\/\/buy-prescriptionz.com\/product\/morphine\/#primaryimage"},"image":{"@id":"https:\/\/buy-prescriptionz.com\/product\/morphine\/#primaryimage"},"thumbnailUrl":"https:\/\/buy-prescriptionz.com\/wp-content\/uploads\/2025\/09\/morphine.jpg","datePublished":"2025-09-16T08:55:53+00:00","dateModified":"2025-09-26T14:33:40+00:00","description":"Cumpara Morphine Online este un magazin de farmacie online, unde pute\u021bi Morphine la cel mai bun pre\u021b f\u0103r\u0103 prescrip\u021bie medical\u0103. Morphine","breadcrumb":{"@id":"https:\/\/buy-prescriptionz.com\/product\/morphine\/#breadcrumb"},"inLanguage":"ro-RO","potentialAction":[{"@type":"ReadAction","target":["https:\/\/buy-prescriptionz.com\/product\/morphine\/"]}]},{"@type":"ImageObject","inLanguage":"ro-RO","@id":"https:\/\/buy-prescriptionz.com\/product\/morphine\/#primaryimage","url":"https:\/\/buy-prescriptionz.com\/wp-content\/uploads\/2025\/09\/morphine.jpg","contentUrl":"https:\/\/buy-prescriptionz.com\/wp-content\/uploads\/2025\/09\/morphine.jpg","width":400,"height":300},{"@type":"BreadcrumbList","@id":"https:\/\/buy-prescriptionz.com\/product\/morphine\/#breadcrumb","itemListElement":[{"@type":"ListItem","position":1,"name":"Home","item":"https:\/\/buy-prescriptionz.com\/"},{"@type":"ListItem","position":2,"name":"Shop Painkillers Online","item":"https:\/\/buy-prescriptionz.com\/shop-painkillers-online\/"},{"@type":"ListItem","position":3,"name":"Morphine"}]},{"@type":"WebSite","@id":"https:\/\/buy-prescriptionz.com\/#website","url":"https:\/\/buy-prescriptionz.com\/","name":"Buy Prescriptionz","description":"Medicamente online","publisher":{"@id":"https:\/\/buy-prescriptionz.com\/#organization"},"potentialAction":[{"@type":"SearchAction","target":{"@type":"EntryPoint","urlTemplate":"https:\/\/buy-prescriptionz.com\/?s={search_term_string}"},"query-input":{"@type":"PropertyValueSpecification","valueRequired":true,"valueName":"search_term_string"}}],"inLanguage":"ro-RO"},{"@type":"Organization","@id":"https:\/\/buy-prescriptionz.com\/#organization","name":"Buy Prescriptionz","url":"https:\/\/buy-prescriptionz.com\/","logo":{"@type":"ImageObject","inLanguage":"ro-RO","@id":"https:\/\/buy-prescriptionz.com\/#\/schema\/logo\/image\/","url":"https:\/\/buy-prescriptionz.com\/wp-content\/uploads\/2023\/09\/logo.png","contentUrl":"https:\/\/buy-prescriptionz.com\/wp-content\/uploads\/2023\/09\/logo.png","width":350,"height":64,"caption":"Buy Prescriptionz"},"image":{"@id":"https:\/\/buy-prescriptionz.com\/#\/schema\/logo\/image\/"}}]}},"_links":{"self":[{"href":"https:\/\/buy-prescriptionz.com\/ro\/wp-json\/wp\/v2\/product\/3002","targetHints":{"allow":["GET"]}}],"collection":[{"href":"https:\/\/buy-prescriptionz.com\/ro\/wp-json\/wp\/v2\/product"}],"about":[{"href":"https:\/\/buy-prescriptionz.com\/ro\/wp-json\/wp\/v2\/types\/product"}],"replies":[{"embeddable":true,"href":"https:\/\/buy-prescriptionz.com\/ro\/wp-json\/wp\/v2\/comments?post=3002"}],"wp:featuredmedia":[{"embeddable":true,"href":"https:\/\/buy-prescriptionz.com\/ro\/wp-json\/wp\/v2\/media\/3032"}],"wp:attachment":[{"href":"https:\/\/buy-prescriptionz.com\/ro\/wp-json\/wp\/v2\/media?parent=3002"}],"wp:term":[{"taxonomy":"product_brand","embeddable":true,"href":"https:\/\/buy-prescriptionz.com\/ro\/wp-json\/wp\/v2\/product_brand?post=3002"},{"taxonomy":"product_cat","embeddable":true,"href":"https:\/\/buy-prescriptionz.com\/ro\/wp-json\/wp\/v2\/product_cat?post=3002"},{"taxonomy":"product_tag","embeddable":true,"href":"https:\/\/buy-prescriptionz.com\/ro\/wp-json\/wp\/v2\/product_tag?post=3002"}],"curies":[{"name":"wp","href":"https:\/\/api.w.org\/{rel}","templated":true}]}}