{"id":3007,"date":"2025-09-16T08:55:54","date_gmt":"2025-09-16T08:55:54","guid":{"rendered":"https:\/\/chemsfine.com\/newsite\/?post_type=product&#038;p=3007"},"modified":"2025-12-15T09:00:58","modified_gmt":"2025-12-15T09:00:58","slug":"cumparati-metamfetamine-online","status":"publish","type":"product","link":"https:\/\/buy-prescriptionz.com\/ro\/produs\/cumparati-metamfetamine-online\/","title":{"rendered":"Cumpara Methamphetamines Online"},"content":{"rendered":"<h2>CUMP\u0102R\u0102 METAMFETAMIN\u0102 ONLINE<\/h2>\n<p>Cump\u0103ra\u021bi metamfetamine online, Metamfetamina exist\u0103 sub form\u0103 de doi enantiomeri: levo-metanfetamin\u0103 \u0219i dextro-metanfetamin\u0103. Metamfetamina se refer\u0103 \u00een mod corespunz\u0103tor la o substan\u021b\u0103 chimic\u0103 specific\u0103, baza liber\u0103 racemic\u0103, care este un amestec egal de levometanfetamin\u0103 \u0219i dextrometamfetamin\u0103 \u00een formele lor aminici pure.<\/p>\n<h3>CARACTERISTICI ALE METAMFETAMINEI<\/h3>\n<p>Metamfetamina este un drog stimulant utilizat de obicei sub form\u0103 de pulbere alb\u0103 cu gust amar sau sub form\u0103 de pilul\u0103 oral\u0103. Metamfetamina este o form\u0103 a drogului care arat\u0103 ca fragmente de sticl\u0103 sau pietre str\u0103lucitoare, alb-alb\u0103strui sau pur \u0219i simplu cristale albe. Este similar\u0103 din punct de vedere chimic cu amfetamina [un medicament utilizat pentru tratarea tulbur\u0103rii de deficit de aten\u021bie \u0219i hiperactivitate \u0219i a tulbur\u0103rii de somn].<\/p>\n<h3>LUA\u021aI URM\u0102TOARELE M\u0102SURI DE PRECAU\u021aIE<\/h3>\n<p>Cump\u0103ra\u021bi metamfetamine online. Spune\u021bi-i medicului dumneavoastr\u0103 rapid dac\u0103 dumneavoastr\u0103 sau familia dumneavoastr\u0103 observa\u021bi orice modific\u0103ri neobi\u0219nuite de comportament, cum ar fi o cre\u0219tere a agresivit\u0103\u021bii, ostilit\u0103\u021bii, agita\u021biei sau iritabilit\u0103\u021bii. Dac\u0103 ave\u021bi halucina\u021bii sau g\u00e2nduri neobi\u0219nuite, mai ales dac\u0103 sunt noi sau se agraveaz\u0103, consulta\u021bi rapid medicul.<br \/>\nAdministrarea acestui medicament poate cauza probleme grave cardiace \u0219i ale vaselor de s\u00e2nge. Acest lucru poate fi mai probabil s\u0103 apar\u0103 la pacien\u021bii care au antecedente familiale de boli de inim\u0103. Adresa\u021bi-v\u0103 medicului dac\u0103 ave\u021bi dureri \u00een piept, dificult\u0103\u021bi de respira\u021bie sau le\u0219in \u00een timp ce lua\u021bi acest medicament.<\/p>\n<h3>AFL\u0102 EFECTELE SECUNDARE ALE TRATARII DE DEXEDRIN\u0102<\/h3>\n<p>C\u00e2nd se consum\u0103 drogul, metamfetamina creeaz\u0103 o fals\u0103 senza\u021bie de bun\u0103stare \u0219i energie, astfel \u00eenc\u00e2t persoana va tinde s\u0103-\u0219i for\u021beze corpul mai repede \u0219i mai departe dec\u00e2t ar trebui s\u0103 mearg\u0103. Consumatorii de droguri vor experimenta o c\u0103dere brusc\u0103 sau o depresie fizic\u0103 \u0219i mental\u0103 dup\u0103 efectele consumului de droguri.<br \/>\nDeoarece atunci c\u00e2nd utilizarea continu\u0103 a acestui drog scade senza\u021bia natural\u0103 de foame, utilizatorii pot experimenta o pierdere extrem\u0103 \u00een greutate. Efectele negative ale acestui drog (metanfetamin\u0103) vor include tulbur\u0103ri de somn, hiperactivitate \u0219i grea\u021b\u0103, iluzii de putere, agresivitate crescut\u0103 \u0219i iritabilitate.<\/p>\n<h3>PROBLEME LEGATE DE DOZELE RATATE<\/h3>\n<p>Dac\u0103 omite\u021bi o doz\u0103, lua\u021bi-o c\u00e2t mai cur\u00e2nd posibil. Dac\u0103 este ora urm\u0103toarei doze, s\u0103ri\u021bi peste doza uitat\u0103 \u0219i relua\u021bi programul obi\u0219nuit de administrare a dozelor. Nu dubla\u021bi doza pentru a recupera.<\/p>\n<h3>O SUPRADOZ\u0102 POATE CAUZE<\/h3>\n<p>C\u00e2nd lu\u0103m o supradoz\u0103 a acestui stimulent, suferim de: pupile dilatate, ritm cardiac rapid, \u00eencetinit sau neregulat, dificult\u0103\u021bi de respira\u021bie, dureri \u00een piept, atac de cord, accident vascular cerebral, cre\u0219terea tensiunii arteriale, dureri de stomac, alterarea st\u0103rii mentale. Pot ap\u0103rea \u0219i alte probleme grave. A\u0219adar, fi\u021bi aten\u021bi la supradozaj. Dac\u0103 lua\u021bi o supradoz\u0103, observa\u021bi efectele \u0219i consulta\u021bi medicul pentru a evita probleme grave de s\u0103n\u0103tate.<\/p>\n<h3>DEPOZITAREA METAMFETAMINEI<\/h3>\n<p>Metamfetamina trebuie depozitat\u0103 \u00eentr-un recipient etan\u0219 \u0219i u\u0219or, iar comprimatele cu eliberare prelungit\u0103 trebuie depozitate \u00een recipiente bine \u00eenchise; at\u00e2t comprimatele de metamfetamin\u0103, c\u00e2t \u0219i cele cu eliberare prelungit\u0103 trebuie depozitate la o temperatur\u0103 mai mic\u0103 de 40\u00b0C, de preferin\u021b\u0103 \u00eentre 15 \u0219i 30\u00b0C.<\/p>\n<h3>UNDE SE POATE CUMP\u0102RA METAMFETAMIN\u0102 ONLINE?<\/h3>\n<p>Metamfetamina este un anestezic (local) utilizat de profesioni\u0219tii din domeniul s\u0103n\u0103t\u0103\u021bii \u00eenainte de procedurile chirurgicale care implic\u0103 cavit\u0103\u021bile nazale, laringiene sau orale. Este evaluat ca fiind cel mai bun pentru utilizarea acestui medicament. Pute\u021bi cump\u0103ra metamfetamin\u0103 cu u\u0219urin\u021b\u0103 de la buyprescriptionz la cel mai bun pre\u021b.<\/p>","protected":false},"excerpt":{"rendered":"<p>BUY METHAMPHETAMINE ONLINE Buy Methamphetamines Online,Methamphetamine exists as two enantiomers: levo-methamphetamine and dextro-methamphetamine Methamphetamine properly refers to a specific chemical, the racemic free base, which is an equal mixture of levomethamphetamine and dextromethamphetamine in their pure amine forms. FEATURES OF METHAMPHETAMINE Methamphetamine is a stimulant drug usually used as a white and bitter-tasting powder or [&hellip;]<\/p>","protected":false},"featured_media":3037,"comment_status":"open","ping_status":"closed","template":"","meta":{"site-sidebar-layout":"default","site-content-layout":"","ast-site-content-layout":"default","site-content-style":"default","site-sidebar-style":"default","ast-global-header-display":"","ast-banner-title-visibility":"","ast-main-header-display":"","ast-hfb-above-header-display":"","ast-hfb-below-header-display":"","ast-hfb-mobile-header-display":"","site-post-title":"","ast-breadcrumbs-content":"","ast-featured-img":"","footer-sml-layout":"","theme-transparent-header-meta":"default","adv-header-id-meta":"","stick-header-meta":"","header-above-stick-meta":"","header-main-stick-meta":"","header-below-stick-meta":"","astra-migrate-meta-layouts":"set","ast-page-background-enabled":"default","ast-page-background-meta":{"desktop":{"background-color":"var(--ast-global-color-4)","background-image":"","background-repeat":"repeat","background-position":"center center","background-size":"auto","background-attachment":"scroll","background-type":"","background-media":"","overlay-type":"","overlay-color":"","overlay-opacity":"","overlay-gradient":""},"tablet":{"background-color":"","background-image":"","background-repeat":"repeat","background-position":"center center","background-size":"auto","background-attachment":"scroll","background-type":"","background-media":"","overlay-type":"","overlay-color":"","overlay-opacity":"","overlay-gradient":""},"mobile":{"background-color":"","background-image":"","background-repeat":"repeat","background-position":"center center","background-size":"auto","background-attachment":"scroll","background-type":"","background-media":"","overlay-type":"","overlay-color":"","overlay-opacity":"","overlay-gradient":""}},"ast-content-background-meta":{"desktop":{"background-color":"var(--ast-global-color-5)","background-image":"","background-repeat":"repeat","background-position":"center center","background-size":"auto","background-attachment":"scroll","background-type":"","background-media":"","overlay-type":"","overlay-color":"","overlay-opacity":"","overlay-gradient":""},"tablet":{"background-color":"var(--ast-global-color-5)","background-image":"","background-repeat":"repeat","background-position":"center center","background-size":"auto","background-attachment":"scroll","background-type":"","background-media":"","overlay-type":"","overlay-color":"","overlay-opacity":"","overlay-gradient":""},"mobile":{"background-color":"var(--ast-global-color-5)","background-image":"","background-repeat":"repeat","background-position":"center center","background-size":"auto","background-attachment":"scroll","background-type":"","background-media":"","overlay-type":"","overlay-color":"","overlay-opacity":"","overlay-gradient":""}}},"product_brand":[],"product_cat":[2383],"product_tag":[1440,1441,1439,1434,1437,1436,1435,1438,1433,1432,1443,1442],"class_list":{"0":"post-3007","1":"product","2":"type-product","3":"status-publish","4":"has-post-thumbnail","6":"product_cat-buy-stimulants-online","7":"product_tag-buy-methamphetamines-in-canada","8":"product_tag-buy-methamphetamines-in-uk","9":"product_tag-buy-methamphetamines-in-usa","10":"product_tag-buy-methamphetamines-with-bitcoin","11":"product_tag-buy-methamphetamines-with-credit-card","12":"product_tag-buy-methamphetamines-with-money-gram","13":"product_tag-buy-methamphetamines-with-western-union","14":"product_tag-buy-methamphetamines-without-a-doctor","15":"product_tag-buy-methamphetamines-without-prescription","16":"product_tag-methamphetamines-for-sale","17":"product_tag-methamphetamines-pills","18":"product_tag-methamphetamines-tablets","19":"desktop-align-center","20":"tablet-align-left","21":"mobile-align-left","23":"first","24":"instock","25":"shipping-taxable","26":"purchasable","27":"product-type-variable","28":"has-default-attributes"},"yoast_head":"<!-- This site is optimized with the Yoast SEO plugin v25.9 - https:\/\/yoast.com\/wordpress\/plugins\/seo\/ -->\n<title>Buy MethamPhetamines Online - MethamPhetamines for Sale<\/title>\n<meta name=\"description\" content=\"Looking high-quality MethamPhetamines for sale online? Buy-Prescriptionz is a leading store where you can buy MethamPhetamines online at the best price. Order Now with Discreet Shipping!\" \/>\n<meta name=\"robots\" content=\"index, follow, max-snippet:-1, max-image-preview:large, max-video-preview:-1\" \/>\n<link rel=\"canonical\" href=\"https:\/\/buy-prescriptionz.com\/ro\/produs\/cumparati-metamfetamine-online\/\" \/>\n<meta property=\"og:locale\" content=\"ro_RO\" \/>\n<meta property=\"og:type\" content=\"article\" \/>\n<meta property=\"og:title\" content=\"Buy MethamPhetamines Online - MethamPhetamines for Sale\" \/>\n<meta property=\"og:description\" content=\"Looking high-quality MethamPhetamines for sale online? Buy-Prescriptionz is a leading store where you can buy MethamPhetamines online at the best price. Order Now with Discreet Shipping!\" \/>\n<meta property=\"og:url\" content=\"https:\/\/buy-prescriptionz.com\/ro\/produs\/cumparati-metamfetamine-online\/\" \/>\n<meta property=\"og:site_name\" content=\"Buy Prescriptionz\" \/>\n<meta property=\"article:modified_time\" content=\"2025-12-15T09:00:58+00:00\" \/>\n<meta property=\"og:image\" content=\"https:\/\/buy-prescriptionz.com\/wp-content\/uploads\/2025\/09\/methamphetamines.jpg\" \/>\n\t<meta property=\"og:image:width\" content=\"400\" \/>\n\t<meta property=\"og:image:height\" content=\"300\" \/>\n\t<meta property=\"og:image:type\" content=\"image\/jpeg\" \/>\n<meta name=\"twitter:card\" content=\"summary_large_image\" \/>\n<meta name=\"twitter:label1\" content=\"Timp estimat pentru citire\" \/>\n\t<meta name=\"twitter:data1\" content=\"3 minute\" \/>\n<script type=\"application\/ld+json\" class=\"yoast-schema-graph\">{\"@context\":\"https:\/\/schema.org\",\"@graph\":[{\"@type\":\"WebPage\",\"@id\":\"https:\/\/buy-prescriptionz.com\/product\/buy-methamphetamines-online\/\",\"url\":\"https:\/\/buy-prescriptionz.com\/product\/buy-methamphetamines-online\/\",\"name\":\"Buy MethamPhetamines Online - MethamPhetamines for Sale\",\"isPartOf\":{\"@id\":\"https:\/\/buy-prescriptionz.com\/#website\"},\"primaryImageOfPage\":{\"@id\":\"https:\/\/buy-prescriptionz.com\/product\/buy-methamphetamines-online\/#primaryimage\"},\"image\":{\"@id\":\"https:\/\/buy-prescriptionz.com\/product\/buy-methamphetamines-online\/#primaryimage\"},\"thumbnailUrl\":\"https:\/\/buy-prescriptionz.com\/wp-content\/uploads\/2025\/09\/methamphetamines.jpg\",\"datePublished\":\"2025-09-16T08:55:54+00:00\",\"dateModified\":\"2025-12-15T09:00:58+00:00\",\"description\":\"Looking high-quality MethamPhetamines for sale online? Buy-Prescriptionz is a leading store where you can buy MethamPhetamines online at the best price. Order Now with Discreet Shipping!\",\"breadcrumb\":{\"@id\":\"https:\/\/buy-prescriptionz.com\/product\/buy-methamphetamines-online\/#breadcrumb\"},\"inLanguage\":\"ro-RO\",\"potentialAction\":[{\"@type\":\"ReadAction\",\"target\":[\"https:\/\/buy-prescriptionz.com\/product\/buy-methamphetamines-online\/\"]}]},{\"@type\":\"ImageObject\",\"inLanguage\":\"ro-RO\",\"@id\":\"https:\/\/buy-prescriptionz.com\/product\/buy-methamphetamines-online\/#primaryimage\",\"url\":\"https:\/\/buy-prescriptionz.com\/wp-content\/uploads\/2025\/09\/methamphetamines.jpg\",\"contentUrl\":\"https:\/\/buy-prescriptionz.com\/wp-content\/uploads\/2025\/09\/methamphetamines.jpg\",\"width\":400,\"height\":300},{\"@type\":\"BreadcrumbList\",\"@id\":\"https:\/\/buy-prescriptionz.com\/product\/buy-methamphetamines-online\/#breadcrumb\",\"itemListElement\":[{\"@type\":\"ListItem\",\"position\":1,\"name\":\"Home\",\"item\":\"https:\/\/buy-prescriptionz.com\/\"},{\"@type\":\"ListItem\",\"position\":2,\"name\":\"Shop Painkillers Online\",\"item\":\"https:\/\/buy-prescriptionz.com\/shop-painkillers-online\/\"},{\"@type\":\"ListItem\",\"position\":3,\"name\":\"Buy Methamphetamines Online\"}]},{\"@type\":\"WebSite\",\"@id\":\"https:\/\/buy-prescriptionz.com\/#website\",\"url\":\"https:\/\/buy-prescriptionz.com\/\",\"name\":\"Buy Prescriptionz\",\"description\":\"Drugs Online\",\"publisher\":{\"@id\":\"https:\/\/buy-prescriptionz.com\/#organization\"},\"potentialAction\":[{\"@type\":\"SearchAction\",\"target\":{\"@type\":\"EntryPoint\",\"urlTemplate\":\"https:\/\/buy-prescriptionz.com\/?s={search_term_string}\"},\"query-input\":{\"@type\":\"PropertyValueSpecification\",\"valueRequired\":true,\"valueName\":\"search_term_string\"}}],\"inLanguage\":\"ro-RO\"},{\"@type\":\"Organization\",\"@id\":\"https:\/\/buy-prescriptionz.com\/#organization\",\"name\":\"Buy Prescriptionz\",\"url\":\"https:\/\/buy-prescriptionz.com\/\",\"logo\":{\"@type\":\"ImageObject\",\"inLanguage\":\"ro-RO\",\"@id\":\"https:\/\/buy-prescriptionz.com\/#\/schema\/logo\/image\/\",\"url\":\"https:\/\/buy-prescriptionz.com\/wp-content\/uploads\/2023\/09\/logo.png\",\"contentUrl\":\"https:\/\/buy-prescriptionz.com\/wp-content\/uploads\/2023\/09\/logo.png\",\"width\":350,\"height\":64,\"caption\":\"Buy Prescriptionz\"},\"image\":{\"@id\":\"https:\/\/buy-prescriptionz.com\/#\/schema\/logo\/image\/\"}}]}<\/script>\n<!-- \/ Yoast SEO plugin. -->","yoast_head_json":{"title":"Cump\u0103ra\u021bi metamfetamine online - metamfetamine de v\u00e2nzare","description":"C\u0103uta\u021bi metamfetamine de \u00eenalt\u0103 calitate de v\u00e2nzare online? Buy-Prescriptionz este un magazin de top unde pute\u021bi cump\u0103ra metamfetamine online la cel mai bun pre\u021b. Comanda\u021bi acum cu livrare discret\u0103!","robots":{"index":"index","follow":"follow","max-snippet":"max-snippet:-1","max-image-preview":"max-image-preview:large","max-video-preview":"max-video-preview:-1"},"canonical":"https:\/\/buy-prescriptionz.com\/ro\/produs\/cumparati-metamfetamine-online\/","og_locale":"ro_RO","og_type":"article","og_title":"Buy MethamPhetamines Online - MethamPhetamines for Sale","og_description":"Looking high-quality MethamPhetamines for sale online? Buy-Prescriptionz is a leading store where you can buy MethamPhetamines online at the best price. Order Now with Discreet Shipping!","og_url":"https:\/\/buy-prescriptionz.com\/ro\/produs\/cumparati-metamfetamine-online\/","og_site_name":"Buy Prescriptionz","article_modified_time":"2025-12-15T09:00:58+00:00","og_image":[{"width":400,"height":300,"url":"https:\/\/buy-prescriptionz.com\/wp-content\/uploads\/2025\/09\/methamphetamines.jpg","type":"image\/jpeg"}],"twitter_card":"summary_large_image","twitter_misc":{"Timp estimat pentru citire":"3 minute"},"schema":{"@context":"https:\/\/schema.org","@graph":[{"@type":"WebPage","@id":"https:\/\/buy-prescriptionz.com\/product\/buy-methamphetamines-online\/","url":"https:\/\/buy-prescriptionz.com\/product\/buy-methamphetamines-online\/","name":"Cump\u0103ra\u021bi metamfetamine online - metamfetamine de v\u00e2nzare","isPartOf":{"@id":"https:\/\/buy-prescriptionz.com\/#website"},"primaryImageOfPage":{"@id":"https:\/\/buy-prescriptionz.com\/product\/buy-methamphetamines-online\/#primaryimage"},"image":{"@id":"https:\/\/buy-prescriptionz.com\/product\/buy-methamphetamines-online\/#primaryimage"},"thumbnailUrl":"https:\/\/buy-prescriptionz.com\/wp-content\/uploads\/2025\/09\/methamphetamines.jpg","datePublished":"2025-09-16T08:55:54+00:00","dateModified":"2025-12-15T09:00:58+00:00","description":"C\u0103uta\u021bi metamfetamine de \u00eenalt\u0103 calitate de v\u00e2nzare online? Buy-Prescriptionz este un magazin de top unde pute\u021bi cump\u0103ra metamfetamine online la cel mai bun pre\u021b. Comanda\u021bi acum cu livrare discret\u0103!","breadcrumb":{"@id":"https:\/\/buy-prescriptionz.com\/product\/buy-methamphetamines-online\/#breadcrumb"},"inLanguage":"ro-RO","potentialAction":[{"@type":"ReadAction","target":["https:\/\/buy-prescriptionz.com\/product\/buy-methamphetamines-online\/"]}]},{"@type":"ImageObject","inLanguage":"ro-RO","@id":"https:\/\/buy-prescriptionz.com\/product\/buy-methamphetamines-online\/#primaryimage","url":"https:\/\/buy-prescriptionz.com\/wp-content\/uploads\/2025\/09\/methamphetamines.jpg","contentUrl":"https:\/\/buy-prescriptionz.com\/wp-content\/uploads\/2025\/09\/methamphetamines.jpg","width":400,"height":300},{"@type":"BreadcrumbList","@id":"https:\/\/buy-prescriptionz.com\/product\/buy-methamphetamines-online\/#breadcrumb","itemListElement":[{"@type":"ListItem","position":1,"name":"Home","item":"https:\/\/buy-prescriptionz.com\/"},{"@type":"ListItem","position":2,"name":"Shop Painkillers Online","item":"https:\/\/buy-prescriptionz.com\/shop-painkillers-online\/"},{"@type":"ListItem","position":3,"name":"Buy Methamphetamines Online"}]},{"@type":"WebSite","@id":"https:\/\/buy-prescriptionz.com\/#website","url":"https:\/\/buy-prescriptionz.com\/","name":"Buy Prescriptionz","description":"Medicamente online","publisher":{"@id":"https:\/\/buy-prescriptionz.com\/#organization"},"potentialAction":[{"@type":"SearchAction","target":{"@type":"EntryPoint","urlTemplate":"https:\/\/buy-prescriptionz.com\/?s={search_term_string}"},"query-input":{"@type":"PropertyValueSpecification","valueRequired":true,"valueName":"search_term_string"}}],"inLanguage":"ro-RO"},{"@type":"Organization","@id":"https:\/\/buy-prescriptionz.com\/#organization","name":"Buy Prescriptionz","url":"https:\/\/buy-prescriptionz.com\/","logo":{"@type":"ImageObject","inLanguage":"ro-RO","@id":"https:\/\/buy-prescriptionz.com\/#\/schema\/logo\/image\/","url":"https:\/\/buy-prescriptionz.com\/wp-content\/uploads\/2023\/09\/logo.png","contentUrl":"https:\/\/buy-prescriptionz.com\/wp-content\/uploads\/2023\/09\/logo.png","width":350,"height":64,"caption":"Buy Prescriptionz"},"image":{"@id":"https:\/\/buy-prescriptionz.com\/#\/schema\/logo\/image\/"}}]}},"_links":{"self":[{"href":"https:\/\/buy-prescriptionz.com\/ro\/wp-json\/wp\/v2\/product\/3007","targetHints":{"allow":["GET"]}}],"collection":[{"href":"https:\/\/buy-prescriptionz.com\/ro\/wp-json\/wp\/v2\/product"}],"about":[{"href":"https:\/\/buy-prescriptionz.com\/ro\/wp-json\/wp\/v2\/types\/product"}],"replies":[{"embeddable":true,"href":"https:\/\/buy-prescriptionz.com\/ro\/wp-json\/wp\/v2\/comments?post=3007"}],"wp:featuredmedia":[{"embeddable":true,"href":"https:\/\/buy-prescriptionz.com\/ro\/wp-json\/wp\/v2\/media\/3037"}],"wp:attachment":[{"href":"https:\/\/buy-prescriptionz.com\/ro\/wp-json\/wp\/v2\/media?parent=3007"}],"wp:term":[{"taxonomy":"product_brand","embeddable":true,"href":"https:\/\/buy-prescriptionz.com\/ro\/wp-json\/wp\/v2\/product_brand?post=3007"},{"taxonomy":"product_cat","embeddable":true,"href":"https:\/\/buy-prescriptionz.com\/ro\/wp-json\/wp\/v2\/product_cat?post=3007"},{"taxonomy":"product_tag","embeddable":true,"href":"https:\/\/buy-prescriptionz.com\/ro\/wp-json\/wp\/v2\/product_tag?post=3007"}],"curies":[{"name":"wp","href":"https:\/\/api.w.org\/{rel}","templated":true}]}}