{"id":3042,"date":"2025-09-16T08:56:08","date_gmt":"2025-09-16T08:56:08","guid":{"rendered":"https:\/\/chemsfine.com\/newsite\/?post_type=product&#038;p=3042"},"modified":"2025-09-26T15:37:45","modified_gmt":"2025-09-26T15:37:45","slug":"cumparati-trenbolon-online","status":"publish","type":"product","link":"https:\/\/buy-prescriptionz.com\/ro\/produs\/cumparati-trenbolon-online\/","title":{"rendered":"Cumpara Trenbolon Online"},"content":{"rendered":"<h2>Cumpara Trenbolon Online<\/h2>\n<p>Cumpara Trenbolone Online Trenbolone este un androgen \u0219i steroizi anabolizan\u021bi din clasa nandrolone. Cump\u0103ra\u021bi Trenbolone 10 ml online pentru uz veterinar \u0219i clinic.<\/p>\n<h3>Trenbolon: Prezentare general\u0103 \u0219i beneficii<\/h3>\n<p>Trenbolonul este un steroid anabolic puternic, renumit pentru propriet\u0103\u021bile sale de dezvoltare muscular\u0103 \u0219i este utilizat pe scar\u0103 larg\u0103 \u00een comunitatea culturismului \u0219i a fitnessului. Acesta apar\u021bine categoriei de steroizi sintetici deriva\u021bi din testosteron, cunoscu\u021bi pentru efectele sale anabolice \u0219i androgenice ridicate. Trenbolonul nu este aprobat pentru uz uman \u00een medicin\u0103, dar este popular printre sportivi \u0219i culturi\u0219ti pentru capacitatea sa de a spori cre\u0219terea muscular\u0103, de a cre\u0219te for\u021ba \u0219i de a \u00eembun\u0103t\u0103\u021bi performan\u021ba atletic\u0103. Func\u021bioneaz\u0103 prin legarea la receptorii androgeni din organism, promov\u00e2nd sinteza proteinelor \u0219i reten\u021bia de azot, cruciale pentru cre\u0219terea \u0219i recuperarea muscular\u0103.<\/p>\n<h4>Beneficiile trenbolonului<\/h4>\n<ol>\n<li>Cre\u0219terea masei musculare: Cel mai bun trenbolon promoveaz\u0103 c\u00e2\u0219tiguri semnificative de mas\u0103 muscular\u0103 prin \u00eembun\u0103t\u0103\u021birea sintezei proteinelor, ceea ce duce la o cre\u0219tere rapid\u0103 a masei musculare \u0219i la cre\u0219terea for\u021bei.<\/li>\n<li>For\u021b\u0103 sporit\u0103: Utilizatorii experimenteaz\u0103 adesea cre\u0219teri dramatice ale for\u021bei, ceea ce permite antrenamente mai intense \u0219i performan\u021be \u00eembun\u0103t\u0103\u021bite.<\/li>\n<li>Pierderea de gr\u0103sime: Ajut\u0103 la arderea gr\u0103similor prin cre\u0219terea metabolismului \u0219i promovarea unui fizic mai suplu.<\/li>\n<li>Recuperare \u00eembun\u0103t\u0103\u021bit\u0103: Trenbolonul accelereaz\u0103 timpii de recuperare \u00eentre antrenamente, permi\u021b\u00e2nd sesiuni de antrenament mai frecvente \u0219i mai intense.<\/li>\n<\/ol>\n<p>Datorit\u0103 poten\u021bei sale, Trenbolonul poate provoca efecte secundare semnificative \u0219i nu este recomandat utilizatorilor ocazionali sau f\u0103r\u0103 experien\u021b\u0103. Ar trebui utilizat doar sub supraveghere medical\u0103 sau de c\u0103tre persoane cu experien\u021b\u0103 care \u00een\u021beleg riscurile \u0219i beneficiile sale. Cei care iau \u00een considerare utilizarea Trenbolonului trebuie s\u0103 cumpere de la o farmacie de renume \u0219i de la cea mai bun\u0103 farmacie, cum ar fi buy-prescriptionz.com, pentru a asigura autenticitatea \u0219i calitatea produsului.<\/p>\n<h3>Cumpara Trenbolone 10 ml pentru injec\u021bie sau uz oral<\/h3>\n<p>Cump\u0103ra\u021bi Trenbolon Online Trenbolon 10 ml online are at\u00e2t efecte anabolice, c\u00e2t \u0219i androgenice. Trenbolonul are impactul de a cre\u0219te absorb\u021bia particulelor de amoniu de c\u0103tre mu\u0219chi, determin\u00e2nd o cre\u0219tere a ratei amestecului de proteine.<br \/>\nPute\u021bi cump\u0103ra Trenbolone 10 ml f\u0103r\u0103 un medic, \u0219i ar putea avea efectele auxiliare de revigorarea pofta \u0219i diminuarea ratei de catabolism, ca fiecare steroid anabolizant sunt acceptate.<br \/>\nAcum disponibil, Trenbolone 10 ml de v\u00e2nzare la buy-prescriptionz.com. Trenbolon poate provoca o expansiune a calit\u0103\u021bilor sexuale op\u021bionale masculine op\u021bionale f\u0103r\u0103 a fi nevoie s\u0103 se treac\u0103 la un androgen progresiv puternic \u00een organism.<\/p>\n<h4>Cu Trenbolon 10 ml la pre\u021b ieftin<\/h4>\n<p>Cump\u0103ra\u021bi Trenbolon Online Trenbolonul are o intensitate de c\u00e2teva ori mai mare dec\u00e2t cea a testosteronului. Trenbolonul se leag\u0103 cu o mare sensibilitate de receptorul de progesteron, iar trenbolonul se leag\u0103 \u0219i de receptorul glucocorticoid.<br \/>\n\u00cencerca\u021bi s\u0103 cump\u0103ra\u021bi Trenbolone 10 ml cu ambalaj discret la buy-prescriptionz.com cu servicii de transport rapid \u0219i sigur.<\/p>\n<p>Trenbolonul \u0219i 17-epitrenbolonul sunt ambele eliberate \u00een urin\u0103 sub form\u0103 de conjugate care pot fi hidrolizate cu beta-glucuronidaz\u0103. Acest lucru sugereaz\u0103 c\u0103 trenbolonul p\u0103r\u0103se\u0219te organismul sub form\u0103 de beta-glucuronide sau sulfa\u021bi. Acest medicament p\u0103r\u0103se\u0219te organismul \u00een 24 de ore de la administrare.<br \/>\nCum s\u0103 cump\u0103ra\u021bi Trenbolone 10 ml, acest lucru nu mai este greu. La buy-prescriptionz.com, pute\u021bi cump\u0103ra orice cantitate sau calitate de care ave\u021bi nevoie de acest medicament oriunde \u00een lume, cu un mediu sigur \u0219i testat. \u00cenc\u0103 v\u0103 \u00eentreba\u021bi unde s\u0103 cump\u0103ra\u021bi Trenbolone 10 ml?<br \/>\nTrenbolonul este direc\u021bionat ca un promedicament sub form\u0103 de ester conjugat, de exemplu, derivat de acid acetic de trenbolon, enantat sau hexahydrobenzylcarbonat de trenbolon.<\/p>\n<p>&nbsp;<\/p>\n<h5>Cumpara steroizi anabolici Trenbolone Acetate (Tern A) Statele Unite ale Americii, UE, \u00een \u00eentreaga lume<\/h5>\n<p>Dac\u0103 motivul pentru care v\u0103 afla\u021bi pe aceast\u0103 pagin\u0103 este dorin\u021ba de a cump\u0103ra Trenbolone Acetate, v\u0103 recomand\u0103m s\u0103 o face\u021bi cu noi. Avantajul nostru este calitatea produc\u0103torului ZPHC. Prin urmare, nu trebuie s\u0103 petrece\u021bi timp suplimentar pentru a v\u0103 realiza visul unui corp perfect. De asemenea, oferim un serviciu de transport excelent, at\u00e2t \u00een interiorul SUA, c\u00e2t \u0219i \u00een Europa \u0219i \u00een \u00eentreaga lume. Echipa noastr\u0103 v\u0103 dore\u0219te, de asemenea, succes \u0219i noi realiz\u0103ri \u00een sport.<\/p>","protected":false},"excerpt":{"rendered":"<p>Buy Trenbolone Online Buy Trenbolone Online Trenbolone is an androgen and anabolic steroid of the nandrolone class. Buy Trenbolone 10 ml online for veterinary and clinical use. Trenbolone: Overview and Benefits Trenbolone is a potent anabolic steroid renowned for its muscle-building properties and is widely used in the bodybuilding and fitness community. It belongs to [&hellip;]<\/p>","protected":false},"featured_media":3072,"comment_status":"open","ping_status":"closed","template":"","meta":{"site-sidebar-layout":"default","site-content-layout":"","ast-site-content-layout":"default","site-content-style":"default","site-sidebar-style":"default","ast-global-header-display":"","ast-banner-title-visibility":"","ast-main-header-display":"","ast-hfb-above-header-display":"","ast-hfb-below-header-display":"","ast-hfb-mobile-header-display":"","site-post-title":"","ast-breadcrumbs-content":"","ast-featured-img":"","footer-sml-layout":"","theme-transparent-header-meta":"default","adv-header-id-meta":"","stick-header-meta":"","header-above-stick-meta":"","header-main-stick-meta":"","header-below-stick-meta":"","astra-migrate-meta-layouts":"set","ast-page-background-enabled":"default","ast-page-background-meta":{"desktop":{"background-color":"var(--ast-global-color-4)","background-image":"","background-repeat":"repeat","background-position":"center center","background-size":"auto","background-attachment":"scroll","background-type":"","background-media":"","overlay-type":"","overlay-color":"","overlay-opacity":"","overlay-gradient":""},"tablet":{"background-color":"","background-image":"","background-repeat":"repeat","background-position":"center center","background-size":"auto","background-attachment":"scroll","background-type":"","background-media":"","overlay-type":"","overlay-color":"","overlay-opacity":"","overlay-gradient":""},"mobile":{"background-color":"","background-image":"","background-repeat":"repeat","background-position":"center center","background-size":"auto","background-attachment":"scroll","background-type":"","background-media":"","overlay-type":"","overlay-color":"","overlay-opacity":"","overlay-gradient":""}},"ast-content-background-meta":{"desktop":{"background-color":"var(--ast-global-color-5)","background-image":"","background-repeat":"repeat","background-position":"center center","background-size":"auto","background-attachment":"scroll","background-type":"","background-media":"","overlay-type":"","overlay-color":"","overlay-opacity":"","overlay-gradient":""},"tablet":{"background-color":"var(--ast-global-color-5)","background-image":"","background-repeat":"repeat","background-position":"center center","background-size":"auto","background-attachment":"scroll","background-type":"","background-media":"","overlay-type":"","overlay-color":"","overlay-opacity":"","overlay-gradient":""},"mobile":{"background-color":"var(--ast-global-color-5)","background-image":"","background-repeat":"repeat","background-position":"center center","background-size":"auto","background-attachment":"scroll","background-type":"","background-media":"","overlay-type":"","overlay-color":"","overlay-opacity":"","overlay-gradient":""}}},"product_brand":[],"product_cat":[2384],"product_tag":[1324,1325,1323,1318,1321,1320,1319,1322,1317,1316,1326],"class_list":{"0":"post-3042","1":"product","2":"type-product","3":"status-publish","4":"has-post-thumbnail","6":"product_cat-buy-anabolic-steroids-online","7":"product_tag-buy-trenbolone-in-canada","8":"product_tag-buy-trenbolone-in-uk","9":"product_tag-buy-trenbolone-in-usa","10":"product_tag-buy-trenbolone-with-bitcoin","11":"product_tag-buy-trenbolone-with-credit-card","12":"product_tag-buy-trenbolone-with-money-gram","13":"product_tag-buy-trenbolone-with-western-union","14":"product_tag-buy-trenbolone-without-a-doctor","15":"product_tag-buy-trenbolone-without-prescription","16":"product_tag-trenbolone-for-sale","17":"product_tag-trenbolone-injection","18":"desktop-align-center","19":"tablet-align-left","20":"mobile-align-left","22":"first","23":"instock","24":"shipping-taxable","25":"purchasable","26":"product-type-variable","27":"has-default-attributes"},"yoast_head":"<!-- This site is optimized with the Yoast SEO plugin v25.9 - https:\/\/yoast.com\/wordpress\/plugins\/seo\/ -->\n<title>Buy Trenbolone Online-buy trenbolone acetate injectable online<\/title>\n<meta name=\"description\" content=\"Buy Trenbolone Online,buy trenbolone acetate injectable onlinewhere can i buy trenbolonetrenbolone acetate for salebuy trenbolone acetate online\" \/>\n<meta name=\"robots\" content=\"index, follow, max-snippet:-1, max-image-preview:large, max-video-preview:-1\" \/>\n<link rel=\"canonical\" href=\"https:\/\/buy-prescriptionz.com\/ro\/produs\/cumparati-trenbolon-online\/\" \/>\n<meta property=\"og:locale\" content=\"ro_RO\" \/>\n<meta property=\"og:type\" content=\"article\" \/>\n<meta property=\"og:title\" content=\"Buy Trenbolone Online-buy trenbolone acetate injectable online\" \/>\n<meta property=\"og:description\" content=\"Buy Trenbolone Online,buy trenbolone acetate injectable onlinewhere can i buy trenbolonetrenbolone acetate for salebuy trenbolone acetate online\" \/>\n<meta property=\"og:url\" content=\"https:\/\/buy-prescriptionz.com\/ro\/produs\/cumparati-trenbolon-online\/\" \/>\n<meta property=\"og:site_name\" content=\"Buy Prescriptionz\" \/>\n<meta property=\"article:modified_time\" content=\"2025-09-26T15:37:45+00:00\" \/>\n<meta property=\"og:image\" content=\"https:\/\/buy-prescriptionz.com\/wp-content\/uploads\/2025\/09\/trenbolone.jpg\" \/>\n\t<meta property=\"og:image:width\" content=\"400\" \/>\n\t<meta property=\"og:image:height\" content=\"300\" \/>\n\t<meta property=\"og:image:type\" content=\"image\/jpeg\" \/>\n<meta name=\"twitter:card\" content=\"summary_large_image\" \/>\n<meta name=\"twitter:label1\" content=\"Timp estimat pentru citire\" \/>\n\t<meta name=\"twitter:data1\" content=\"3 minute\" \/>\n<script type=\"application\/ld+json\" class=\"yoast-schema-graph\">{\"@context\":\"https:\/\/schema.org\",\"@graph\":[{\"@type\":\"WebPage\",\"@id\":\"https:\/\/buy-prescriptionz.com\/product\/buy-trenbolone-online\/\",\"url\":\"https:\/\/buy-prescriptionz.com\/product\/buy-trenbolone-online\/\",\"name\":\"Buy Trenbolone Online-buy trenbolone acetate injectable online\",\"isPartOf\":{\"@id\":\"https:\/\/buy-prescriptionz.com\/#website\"},\"primaryImageOfPage\":{\"@id\":\"https:\/\/buy-prescriptionz.com\/product\/buy-trenbolone-online\/#primaryimage\"},\"image\":{\"@id\":\"https:\/\/buy-prescriptionz.com\/product\/buy-trenbolone-online\/#primaryimage\"},\"thumbnailUrl\":\"https:\/\/buy-prescriptionz.com\/wp-content\/uploads\/2025\/09\/trenbolone.jpg\",\"datePublished\":\"2025-09-16T08:56:08+00:00\",\"dateModified\":\"2025-09-26T15:37:45+00:00\",\"description\":\"Buy Trenbolone Online,buy trenbolone acetate injectable onlinewhere can i buy trenbolonetrenbolone acetate for salebuy trenbolone acetate online\",\"breadcrumb\":{\"@id\":\"https:\/\/buy-prescriptionz.com\/product\/buy-trenbolone-online\/#breadcrumb\"},\"inLanguage\":\"ro-RO\",\"potentialAction\":[{\"@type\":\"ReadAction\",\"target\":[\"https:\/\/buy-prescriptionz.com\/product\/buy-trenbolone-online\/\"]}]},{\"@type\":\"ImageObject\",\"inLanguage\":\"ro-RO\",\"@id\":\"https:\/\/buy-prescriptionz.com\/product\/buy-trenbolone-online\/#primaryimage\",\"url\":\"https:\/\/buy-prescriptionz.com\/wp-content\/uploads\/2025\/09\/trenbolone.jpg\",\"contentUrl\":\"https:\/\/buy-prescriptionz.com\/wp-content\/uploads\/2025\/09\/trenbolone.jpg\",\"width\":400,\"height\":300},{\"@type\":\"BreadcrumbList\",\"@id\":\"https:\/\/buy-prescriptionz.com\/product\/buy-trenbolone-online\/#breadcrumb\",\"itemListElement\":[{\"@type\":\"ListItem\",\"position\":1,\"name\":\"Home\",\"item\":\"https:\/\/buy-prescriptionz.com\/\"},{\"@type\":\"ListItem\",\"position\":2,\"name\":\"Shop Painkillers Online\",\"item\":\"https:\/\/buy-prescriptionz.com\/shop-painkillers-online\/\"},{\"@type\":\"ListItem\",\"position\":3,\"name\":\"Buy Trenbolone Online\"}]},{\"@type\":\"WebSite\",\"@id\":\"https:\/\/buy-prescriptionz.com\/#website\",\"url\":\"https:\/\/buy-prescriptionz.com\/\",\"name\":\"Buy Prescriptionz\",\"description\":\"Drugs Online\",\"publisher\":{\"@id\":\"https:\/\/buy-prescriptionz.com\/#organization\"},\"potentialAction\":[{\"@type\":\"SearchAction\",\"target\":{\"@type\":\"EntryPoint\",\"urlTemplate\":\"https:\/\/buy-prescriptionz.com\/?s={search_term_string}\"},\"query-input\":{\"@type\":\"PropertyValueSpecification\",\"valueRequired\":true,\"valueName\":\"search_term_string\"}}],\"inLanguage\":\"ro-RO\"},{\"@type\":\"Organization\",\"@id\":\"https:\/\/buy-prescriptionz.com\/#organization\",\"name\":\"Buy Prescriptionz\",\"url\":\"https:\/\/buy-prescriptionz.com\/\",\"logo\":{\"@type\":\"ImageObject\",\"inLanguage\":\"ro-RO\",\"@id\":\"https:\/\/buy-prescriptionz.com\/#\/schema\/logo\/image\/\",\"url\":\"https:\/\/buy-prescriptionz.com\/wp-content\/uploads\/2023\/09\/logo.png\",\"contentUrl\":\"https:\/\/buy-prescriptionz.com\/wp-content\/uploads\/2023\/09\/logo.png\",\"width\":350,\"height\":64,\"caption\":\"Buy Prescriptionz\"},\"image\":{\"@id\":\"https:\/\/buy-prescriptionz.com\/#\/schema\/logo\/image\/\"}}]}<\/script>\n<!-- \/ Yoast SEO plugin. -->","yoast_head_json":{"title":"Cumpara trenbolon Online-buy trenbolon acetat de trenbolon injectabil on-line","description":"Cumpara trenbolon online, cumpara trenbolon acetat de trenbolon injectabil onlineunde pot cump\u0103ra trenbolonetrenbolon acetat de v\u00e2nzarecump\u0103ra trenbolon acetat de trenbolon online","robots":{"index":"index","follow":"follow","max-snippet":"max-snippet:-1","max-image-preview":"max-image-preview:large","max-video-preview":"max-video-preview:-1"},"canonical":"https:\/\/buy-prescriptionz.com\/ro\/produs\/cumparati-trenbolon-online\/","og_locale":"ro_RO","og_type":"article","og_title":"Buy Trenbolone Online-buy trenbolone acetate injectable online","og_description":"Buy Trenbolone Online,buy trenbolone acetate injectable onlinewhere can i buy trenbolonetrenbolone acetate for salebuy trenbolone acetate online","og_url":"https:\/\/buy-prescriptionz.com\/ro\/produs\/cumparati-trenbolon-online\/","og_site_name":"Buy Prescriptionz","article_modified_time":"2025-09-26T15:37:45+00:00","og_image":[{"width":400,"height":300,"url":"https:\/\/buy-prescriptionz.com\/wp-content\/uploads\/2025\/09\/trenbolone.jpg","type":"image\/jpeg"}],"twitter_card":"summary_large_image","twitter_misc":{"Timp estimat pentru citire":"3 minute"},"schema":{"@context":"https:\/\/schema.org","@graph":[{"@type":"WebPage","@id":"https:\/\/buy-prescriptionz.com\/product\/buy-trenbolone-online\/","url":"https:\/\/buy-prescriptionz.com\/product\/buy-trenbolone-online\/","name":"Cumpara trenbolon Online-buy trenbolon acetat de trenbolon injectabil on-line","isPartOf":{"@id":"https:\/\/buy-prescriptionz.com\/#website"},"primaryImageOfPage":{"@id":"https:\/\/buy-prescriptionz.com\/product\/buy-trenbolone-online\/#primaryimage"},"image":{"@id":"https:\/\/buy-prescriptionz.com\/product\/buy-trenbolone-online\/#primaryimage"},"thumbnailUrl":"https:\/\/buy-prescriptionz.com\/wp-content\/uploads\/2025\/09\/trenbolone.jpg","datePublished":"2025-09-16T08:56:08+00:00","dateModified":"2025-09-26T15:37:45+00:00","description":"Cumpara trenbolon online, cumpara trenbolon acetat de trenbolon injectabil onlineunde pot cump\u0103ra trenbolonetrenbolon acetat de v\u00e2nzarecump\u0103ra trenbolon acetat de trenbolon online","breadcrumb":{"@id":"https:\/\/buy-prescriptionz.com\/product\/buy-trenbolone-online\/#breadcrumb"},"inLanguage":"ro-RO","potentialAction":[{"@type":"ReadAction","target":["https:\/\/buy-prescriptionz.com\/product\/buy-trenbolone-online\/"]}]},{"@type":"ImageObject","inLanguage":"ro-RO","@id":"https:\/\/buy-prescriptionz.com\/product\/buy-trenbolone-online\/#primaryimage","url":"https:\/\/buy-prescriptionz.com\/wp-content\/uploads\/2025\/09\/trenbolone.jpg","contentUrl":"https:\/\/buy-prescriptionz.com\/wp-content\/uploads\/2025\/09\/trenbolone.jpg","width":400,"height":300},{"@type":"BreadcrumbList","@id":"https:\/\/buy-prescriptionz.com\/product\/buy-trenbolone-online\/#breadcrumb","itemListElement":[{"@type":"ListItem","position":1,"name":"Home","item":"https:\/\/buy-prescriptionz.com\/"},{"@type":"ListItem","position":2,"name":"Shop Painkillers Online","item":"https:\/\/buy-prescriptionz.com\/shop-painkillers-online\/"},{"@type":"ListItem","position":3,"name":"Buy Trenbolone Online"}]},{"@type":"WebSite","@id":"https:\/\/buy-prescriptionz.com\/#website","url":"https:\/\/buy-prescriptionz.com\/","name":"Buy Prescriptionz","description":"Medicamente online","publisher":{"@id":"https:\/\/buy-prescriptionz.com\/#organization"},"potentialAction":[{"@type":"SearchAction","target":{"@type":"EntryPoint","urlTemplate":"https:\/\/buy-prescriptionz.com\/?s={search_term_string}"},"query-input":{"@type":"PropertyValueSpecification","valueRequired":true,"valueName":"search_term_string"}}],"inLanguage":"ro-RO"},{"@type":"Organization","@id":"https:\/\/buy-prescriptionz.com\/#organization","name":"Buy Prescriptionz","url":"https:\/\/buy-prescriptionz.com\/","logo":{"@type":"ImageObject","inLanguage":"ro-RO","@id":"https:\/\/buy-prescriptionz.com\/#\/schema\/logo\/image\/","url":"https:\/\/buy-prescriptionz.com\/wp-content\/uploads\/2023\/09\/logo.png","contentUrl":"https:\/\/buy-prescriptionz.com\/wp-content\/uploads\/2023\/09\/logo.png","width":350,"height":64,"caption":"Buy Prescriptionz"},"image":{"@id":"https:\/\/buy-prescriptionz.com\/#\/schema\/logo\/image\/"}}]}},"_links":{"self":[{"href":"https:\/\/buy-prescriptionz.com\/ro\/wp-json\/wp\/v2\/product\/3042","targetHints":{"allow":["GET"]}}],"collection":[{"href":"https:\/\/buy-prescriptionz.com\/ro\/wp-json\/wp\/v2\/product"}],"about":[{"href":"https:\/\/buy-prescriptionz.com\/ro\/wp-json\/wp\/v2\/types\/product"}],"replies":[{"embeddable":true,"href":"https:\/\/buy-prescriptionz.com\/ro\/wp-json\/wp\/v2\/comments?post=3042"}],"wp:featuredmedia":[{"embeddable":true,"href":"https:\/\/buy-prescriptionz.com\/ro\/wp-json\/wp\/v2\/media\/3072"}],"wp:attachment":[{"href":"https:\/\/buy-prescriptionz.com\/ro\/wp-json\/wp\/v2\/media?parent=3042"}],"wp:term":[{"taxonomy":"product_brand","embeddable":true,"href":"https:\/\/buy-prescriptionz.com\/ro\/wp-json\/wp\/v2\/product_brand?post=3042"},{"taxonomy":"product_cat","embeddable":true,"href":"https:\/\/buy-prescriptionz.com\/ro\/wp-json\/wp\/v2\/product_cat?post=3042"},{"taxonomy":"product_tag","embeddable":true,"href":"https:\/\/buy-prescriptionz.com\/ro\/wp-json\/wp\/v2\/product_tag?post=3042"}],"curies":[{"name":"wp","href":"https:\/\/api.w.org\/{rel}","templated":true}]}}